{"id":11156,"date":"2022-05-23T19:31:26","date_gmt":"2022-05-23T17:31:26","guid":{"rendered":"https:\/\/foufou-champagne.com\/?page_id=11156"},"modified":"2024-04-17T15:38:21","modified_gmt":"2024-04-17T13:38:21","slug":"champagner-express-services","status":"publish","type":"page","link":"https:\/\/foufou-champagne.com\/de\/champagner-express-services\/","title":{"rendered":"Champagner Express Services"},"content":{"rendered":"\n<div class=\"wp-block-cover is-light editorskit-no-mobile\" style=\"min-height:525px;aspect-ratio:unset;\"><span aria-hidden=\"true\" class=\"wp-block-cover__background has-background-dim-0 has-background-dim\"><\/span><img loading=\"lazy\" decoding=\"async\" width=\"1200\" height=\"800\" class=\"wp-block-cover__image-background wp-image-5072\" alt=\"FOUFOU Champagner Express-Lieferung\" src=\"https:\/\/foufou-champagne.com\/wp-content\/uploads\/2020\/12\/FOUFOU-Party-WEB-NEW-3.jpg\" style=\"object-position:63% 38%\" data-object-fit=\"cover\" data-object-position=\"63% 38%\" srcset=\"https:\/\/foufou-champagne.com\/wp-content\/uploads\/2020\/12\/FOUFOU-Party-WEB-NEW-3.jpg 1200w, https:\/\/foufou-champagne.com\/wp-content\/uploads\/2020\/12\/FOUFOU-Party-WEB-NEW-3-600x400.jpg 600w, https:\/\/foufou-champagne.com\/wp-content\/uploads\/2020\/12\/FOUFOU-Party-WEB-NEW-3-300x200.jpg 300w, https:\/\/foufou-champagne.com\/wp-content\/uploads\/2020\/12\/FOUFOU-Party-WEB-NEW-3-1024x683.jpg 1024w, https:\/\/foufou-champagne.com\/wp-content\/uploads\/2020\/12\/FOUFOU-Party-WEB-NEW-3-768x512.jpg 768w\" sizes=\"auto, (max-width: 1200px) 100vw, 1200px\" \/><div class=\"wp-block-cover__inner-container is-layout-flow wp-block-cover-is-layout-flow\">\n<p class=\"has-text-align-center has-large-font-size\"><\/p>\n<\/div><\/div>\n\n\n\n<div class=\"wp-block-media-text alignwide has-media-on-the-right is-stacked-on-mobile\" style=\"grid-template-columns:auto 33%\"><div class=\"wp-block-media-text__content\">\n<h2 class=\"wp-block-heading\">SAME-DAY CHAMPAGNE DELIVERY IN FRANKFURT<\/h2>\n\n\n\n<p>Du wohnst in Frankfurt oder m\u00f6chtest jemanden in Frankfurt \u00fcberraschen? Super, du kannst den Champagner einfach online bestellen und beim Check-Out Abholung ausw\u00e4hlen!<\/p>\n\n\n\n<h4 class=\"wp-block-heading\">Abholung im Ostend nach Terminvereinbarung<\/h4>\n\n\n\n<ul class=\"wp-block-list\">\n<li>Mo \u2013 Fr 11:00 \u2013 18:00 Uhr<\/li>\n<\/ul>\n\n\n\n<p>Abholung beim \u201cDanzig am Platz\u201d in der Ostparkstra\u00dfe 11 nach Terminvereinbarung!<\/p>\n\n\n\n<h4 class=\"wp-block-heading\">Lieferung im Stadtgebiet Frankfurt<\/h4>\n\n\n\n<p>Du ben\u00f6tigst unbedingt eine gr\u00f6\u00dfere Lieferung am selben Tag? Kontaktiere uns direkt telefonisch oder per Mail \u2013 wir finden sicher eine L\u00f6sung f\u00fcr dich!<\/p>\n<\/div><figure class=\"wp-block-media-text__media\"><img loading=\"lazy\" decoding=\"async\" width=\"683\" height=\"1024\" src=\"https:\/\/foufou-champagne.com\/wp-content\/uploads\/2020\/12\/FOUFOU-MustangBoot-26-1-683x1024.jpg\" alt=\"FOUFOU Champagner Express-Lieferung\" class=\"wp-image-4623 size-full\" srcset=\"https:\/\/foufou-champagne.com\/wp-content\/uploads\/2020\/12\/FOUFOU-MustangBoot-26-1-683x1024.jpg 683w, https:\/\/foufou-champagne.com\/wp-content\/uploads\/2020\/12\/FOUFOU-MustangBoot-26-1-600x899.jpg 600w, https:\/\/foufou-champagne.com\/wp-content\/uploads\/2020\/12\/FOUFOU-MustangBoot-26-1-200x300.jpg 200w, https:\/\/foufou-champagne.com\/wp-content\/uploads\/2020\/12\/FOUFOU-MustangBoot-26-1-768x1151.jpg 768w, https:\/\/foufou-champagne.com\/wp-content\/uploads\/2020\/12\/FOUFOU-MustangBoot-26-1.jpg 1001w\" sizes=\"auto, (max-width: 683px) 100vw, 683px\" \/><\/figure><\/div>\n\n\n\n<div class=\"wp-block-media-text alignwide is-stacked-on-mobile\" style=\"grid-template-columns:33% auto\"><figure class=\"wp-block-media-text__media\"><img loading=\"lazy\" decoding=\"async\" width=\"683\" height=\"1024\" src=\"https:\/\/foufou-champagne.com\/wp-content\/uploads\/2022\/05\/FOUFOU-MustangBoot-44-683x1024.jpeg\" alt=\"\" class=\"wp-image-10712 size-full\" srcset=\"https:\/\/foufou-champagne.com\/wp-content\/uploads\/2022\/05\/FOUFOU-MustangBoot-44-683x1024.jpeg 683w, https:\/\/foufou-champagne.com\/wp-content\/uploads\/2022\/05\/FOUFOU-MustangBoot-44-200x300.jpeg 200w, https:\/\/foufou-champagne.com\/wp-content\/uploads\/2022\/05\/FOUFOU-MustangBoot-44-768x1151.jpeg 768w, https:\/\/foufou-champagne.com\/wp-content\/uploads\/2022\/05\/FOUFOU-MustangBoot-44-180x270.jpeg 180w, https:\/\/foufou-champagne.com\/wp-content\/uploads\/2022\/05\/FOUFOU-MustangBoot-44-600x899.jpeg 600w, https:\/\/foufou-champagne.com\/wp-content\/uploads\/2022\/05\/FOUFOU-MustangBoot-44.jpeg 1001w\" sizes=\"auto, (max-width: 683px) 100vw, 683px\" \/><\/figure><div class=\"wp-block-media-text__content\">\n<h2 class=\"wp-block-heading\">Champagner EXPRESS-LIEFERUNG DEUTSCHLANDWEIT MIT DPD<\/h2>\n\n\n\n<p>Nat\u00fcrlich k\u00fcmmern wir uns auch deutschlandweit um Champagnernotf\u00e4lle! Einfach im Check-Out Express-Lieferung DPD ausw\u00e4hlen. Bei Bestelleingang von Montag bis Freitag bis 11:30 Uhr erfolgt die Zustellung am Folgetag.<\/p>\n\n\n\n<div class=\"wp-block-buttons is-layout-flex wp-block-buttons-is-layout-flex\">\n<div class=\"wp-block-button\"><a class=\"wp-block-button__link wp-element-button\" href=\"https:\/\/foufou-champagne.com\/de\/shop\/\" style=\"border-radius:0px\">Jetzt Champagner entdecken<\/a><\/div>\n<\/div>\n<\/div><\/div>\n\n\n\n<div style=\"height:100px\" aria-hidden=\"true\" class=\"wp-block-spacer\"><\/div>\n\n\n\n<h2 class=\"wp-block-heading\">DU HAST FRAGEN ZU UNSEREN SAME-DAY und Express SERVICES?<\/h2>\n\n\n\n<p>Kontaktiere uns gerne unter:&nbsp;<br><br>E-Mail: <a href=\"mailto:hello@foufou-champagne.com\">hello@foufou-champagne.com<\/a><\/p>\n\n\n\n<p>Telefonnummer: 069 \/ 348711900<\/p>\n\n\n\n<div style=\"height:180px\" aria-hidden=\"true\" class=\"wp-block-spacer\"><\/div>\n\n\n\n<div style=\"height:25px\" aria-hidden=\"true\" class=\"wp-block-spacer\"><\/div>\n","protected":false},"excerpt":{"rendered":"<p>DU HAST FRAGEN ZU UNSEREN SAME-DAY und Express SERVICES? Kontaktiere uns gerne unter:&nbsp; E-Mail: hello@foufou-champagne.com Telefonnummer: 069 \/ 348711900<\/p>\n","protected":false},"author":1,"featured_media":0,"parent":0,"menu_order":0,"comment_status":"closed","ping_status":"closed","template":"","meta":{"_acf_changed":false,"_editorskit_title_hidden":false,"_editorskit_reading_time":1,"_editorskit_is_block_options_detached":false,"_editorskit_block_options_position":"{}","_coblocks_attr":"","_coblocks_dimensions":"","_coblocks_responsive_height":"","_coblocks_accordion_ie_support":"","footnotes":""},"class_list":["post-11156","page","type-page","status-publish","hentry"],"acf":[],"yoast_head":"<!-- This site is optimized with the Yoast SEO plugin v26.8 - https:\/\/yoast.com\/product\/yoast-seo-wordpress\/ -->\n<title>Champagner Express Lieferung foufou-champagne.com<\/title>\n<meta name=\"description\" content=\"Bei uns gibt es die beste Auswahl an Champagner \u2013\u00a0Same-Day Delivery in Frankfurt und Express Lieferung deutschlandweit.\" \/>\n<meta name=\"robots\" content=\"index, follow, max-snippet:-1, max-image-preview:large, max-video-preview:-1\" \/>\n<link rel=\"canonical\" href=\"https:\/\/foufou-champagne.com\/de\/champagner-express-services\/\" \/>\n<meta property=\"og:locale\" content=\"de_DE\" \/>\n<meta property=\"og:type\" content=\"article\" \/>\n<meta property=\"og:title\" content=\"Champagner Express Lieferung foufou-champagne.com\" \/>\n<meta property=\"og:description\" content=\"Bei uns gibt es die beste Auswahl an Champagner \u2013\u00a0Same-Day Delivery in Frankfurt und Express Lieferung deutschlandweit.\" \/>\n<meta property=\"og:url\" content=\"https:\/\/foufou-champagne.com\/de\/champagner-express-services\/\" \/>\n<meta property=\"og:site_name\" content=\"foufou-champagne.com\" \/>\n<meta property=\"article:modified_time\" content=\"2024-04-17T13:38:21+00:00\" \/>\n<meta property=\"og:image\" content=\"https:\/\/foufou-champagne.com\/wp-content\/uploads\/2020\/12\/FOUFOU-Party-WEB-NEW-3.jpg\" \/>\n<meta name=\"twitter:card\" content=\"summary_large_image\" \/>\n<meta name=\"twitter:label1\" content=\"Gesch\u00e4tzte Lesezeit\" \/>\n\t<meta name=\"twitter:data1\" content=\"2\u00a0Minuten\" \/>\n<script type=\"application\/ld+json\" class=\"yoast-schema-graph\">{\"@context\":\"https:\/\/schema.org\",\"@graph\":[{\"@type\":\"WebPage\",\"@id\":\"https:\/\/foufou-champagne.com\/de\/champagner-express-services\/\",\"url\":\"https:\/\/foufou-champagne.com\/de\/champagner-express-services\/\",\"name\":\"Champagner Express Lieferung foufou-champagne.com\",\"isPartOf\":{\"@id\":\"https:\/\/foufou-champagne.com\/de\/#website\"},\"primaryImageOfPage\":{\"@id\":\"https:\/\/foufou-champagne.com\/de\/champagner-express-services\/#primaryimage\"},\"image\":{\"@id\":\"https:\/\/foufou-champagne.com\/de\/champagner-express-services\/#primaryimage\"},\"thumbnailUrl\":\"https:\/\/foufou-champagne.com\/wp-content\/uploads\/2020\/12\/FOUFOU-Party-WEB-NEW-3.jpg\",\"datePublished\":\"2022-05-23T17:31:26+00:00\",\"dateModified\":\"2024-04-17T13:38:21+00:00\",\"description\":\"Bei uns gibt es die beste Auswahl an Champagner \u2013\u00a0Same-Day Delivery in Frankfurt und Express Lieferung deutschlandweit.\",\"breadcrumb\":{\"@id\":\"https:\/\/foufou-champagne.com\/de\/champagner-express-services\/#breadcrumb\"},\"inLanguage\":\"de\",\"potentialAction\":[{\"@type\":\"ReadAction\",\"target\":[\"https:\/\/foufou-champagne.com\/de\/champagner-express-services\/\"]}]},{\"@type\":\"ImageObject\",\"inLanguage\":\"de\",\"@id\":\"https:\/\/foufou-champagne.com\/de\/champagner-express-services\/#primaryimage\",\"url\":\"https:\/\/foufou-champagne.com\/wp-content\/uploads\/2020\/12\/FOUFOU-Party-WEB-NEW-3.jpg\",\"contentUrl\":\"https:\/\/foufou-champagne.com\/wp-content\/uploads\/2020\/12\/FOUFOU-Party-WEB-NEW-3.jpg\"},{\"@type\":\"BreadcrumbList\",\"@id\":\"https:\/\/foufou-champagne.com\/de\/champagner-express-services\/#breadcrumb\",\"itemListElement\":[{\"@type\":\"ListItem\",\"position\":1,\"name\":\"Startseite\",\"item\":\"https:\/\/foufou-champagne.com\/de\/\"},{\"@type\":\"ListItem\",\"position\":2,\"name\":\"Champagner Express Services\"}]},{\"@type\":\"WebSite\",\"@id\":\"https:\/\/foufou-champagne.com\/de\/#website\",\"url\":\"https:\/\/foufou-champagne.com\/de\/\",\"name\":\"foufou-champagne.com\",\"description\":\"CHAMPAGNE BOUTIQUE\",\"potentialAction\":[{\"@type\":\"SearchAction\",\"target\":{\"@type\":\"EntryPoint\",\"urlTemplate\":\"https:\/\/foufou-champagne.com\/de\/?s={search_term_string}\"},\"query-input\":{\"@type\":\"PropertyValueSpecification\",\"valueRequired\":true,\"valueName\":\"search_term_string\"}}],\"inLanguage\":\"de\"}]}<\/script>\n<!-- \/ Yoast SEO plugin. -->","yoast_head_json":{"title":"Champagner Express Lieferung foufou-champagne.com","description":"Bei uns gibt es die beste Auswahl an Champagner \u2013\u00a0Same-Day Delivery in Frankfurt und Express Lieferung deutschlandweit.","robots":{"index":"index","follow":"follow","max-snippet":"max-snippet:-1","max-image-preview":"max-image-preview:large","max-video-preview":"max-video-preview:-1"},"canonical":"https:\/\/foufou-champagne.com\/de\/champagner-express-services\/","og_locale":"de_DE","og_type":"article","og_title":"Champagner Express Lieferung foufou-champagne.com","og_description":"Bei uns gibt es die beste Auswahl an Champagner \u2013\u00a0Same-Day Delivery in Frankfurt und Express Lieferung deutschlandweit.","og_url":"https:\/\/foufou-champagne.com\/de\/champagner-express-services\/","og_site_name":"foufou-champagne.com","article_modified_time":"2024-04-17T13:38:21+00:00","og_image":[{"url":"https:\/\/foufou-champagne.com\/wp-content\/uploads\/2020\/12\/FOUFOU-Party-WEB-NEW-3.jpg","type":"","width":"","height":""}],"twitter_card":"summary_large_image","twitter_misc":{"Gesch\u00e4tzte Lesezeit":"2\u00a0Minuten"},"schema":{"@context":"https:\/\/schema.org","@graph":[{"@type":"WebPage","@id":"https:\/\/foufou-champagne.com\/de\/champagner-express-services\/","url":"https:\/\/foufou-champagne.com\/de\/champagner-express-services\/","name":"Champagner Express Lieferung foufou-champagne.com","isPartOf":{"@id":"https:\/\/foufou-champagne.com\/de\/#website"},"primaryImageOfPage":{"@id":"https:\/\/foufou-champagne.com\/de\/champagner-express-services\/#primaryimage"},"image":{"@id":"https:\/\/foufou-champagne.com\/de\/champagner-express-services\/#primaryimage"},"thumbnailUrl":"https:\/\/foufou-champagne.com\/wp-content\/uploads\/2020\/12\/FOUFOU-Party-WEB-NEW-3.jpg","datePublished":"2022-05-23T17:31:26+00:00","dateModified":"2024-04-17T13:38:21+00:00","description":"Bei uns gibt es die beste Auswahl an Champagner \u2013\u00a0Same-Day Delivery in Frankfurt und Express Lieferung deutschlandweit.","breadcrumb":{"@id":"https:\/\/foufou-champagne.com\/de\/champagner-express-services\/#breadcrumb"},"inLanguage":"de","potentialAction":[{"@type":"ReadAction","target":["https:\/\/foufou-champagne.com\/de\/champagner-express-services\/"]}]},{"@type":"ImageObject","inLanguage":"de","@id":"https:\/\/foufou-champagne.com\/de\/champagner-express-services\/#primaryimage","url":"https:\/\/foufou-champagne.com\/wp-content\/uploads\/2020\/12\/FOUFOU-Party-WEB-NEW-3.jpg","contentUrl":"https:\/\/foufou-champagne.com\/wp-content\/uploads\/2020\/12\/FOUFOU-Party-WEB-NEW-3.jpg"},{"@type":"BreadcrumbList","@id":"https:\/\/foufou-champagne.com\/de\/champagner-express-services\/#breadcrumb","itemListElement":[{"@type":"ListItem","position":1,"name":"Startseite","item":"https:\/\/foufou-champagne.com\/de\/"},{"@type":"ListItem","position":2,"name":"Champagner Express Services"}]},{"@type":"WebSite","@id":"https:\/\/foufou-champagne.com\/de\/#website","url":"https:\/\/foufou-champagne.com\/de\/","name":"foufou-champagne.com","description":"CHAMPAGNE BOUTIQUE","potentialAction":[{"@type":"SearchAction","target":{"@type":"EntryPoint","urlTemplate":"https:\/\/foufou-champagne.com\/de\/?s={search_term_string}"},"query-input":{"@type":"PropertyValueSpecification","valueRequired":true,"valueName":"search_term_string"}}],"inLanguage":"de"}]}},"_links":{"self":[{"href":"https:\/\/foufou-champagne.com\/de\/wp-json\/wp\/v2\/pages\/11156","targetHints":{"allow":["GET"]}}],"collection":[{"href":"https:\/\/foufou-champagne.com\/de\/wp-json\/wp\/v2\/pages"}],"about":[{"href":"https:\/\/foufou-champagne.com\/de\/wp-json\/wp\/v2\/types\/page"}],"author":[{"embeddable":true,"href":"https:\/\/foufou-champagne.com\/de\/wp-json\/wp\/v2\/users\/1"}],"replies":[{"embeddable":true,"href":"https:\/\/foufou-champagne.com\/de\/wp-json\/wp\/v2\/comments?post=11156"}],"version-history":[{"count":9,"href":"https:\/\/foufou-champagne.com\/de\/wp-json\/wp\/v2\/pages\/11156\/revisions"}],"predecessor-version":[{"id":14715,"href":"https:\/\/foufou-champagne.com\/de\/wp-json\/wp\/v2\/pages\/11156\/revisions\/14715"}],"wp:attachment":[{"href":"https:\/\/foufou-champagne.com\/de\/wp-json\/wp\/v2\/media?parent=11156"}],"curies":[{"name":"wp","href":"https:\/\/api.w.org\/{rel}","templated":true}]}}