{"id":12844,"date":"2023-04-27T17:42:45","date_gmt":"2023-04-27T15:42:45","guid":{"rendered":"https:\/\/foufou-champagne.com\/?page_id=12844"},"modified":"2025-08-21T10:37:45","modified_gmt":"2025-08-21T08:37:45","slug":"chamapgner-winzer-winzerinnen","status":"publish","type":"page","link":"https:\/\/foufou-champagne.com\/de\/chamapgner-winzer-winzerinnen\/","title":{"rendered":"UNSERE CHAMPAGNER WINZER*INNEN"},"content":{"rendered":"\n<p>Seid ihr bereit f\u00fcr eine Reise durch die Champagne? Wir haben unsere Lieblingswinzer und -winzerinnen auf ihren Weing\u00fctern in der Champagne besucht. Gemeinsam haben wir die Weinberge und Keller erkundet und uns von der Sch\u00f6nheit der Champagne verzaubern lassen. Nat\u00fcrlich durfte auch das ein oder andere Glas Champagner nicht fehlen! Wir sind begeistert von den Pers\u00f6nlichkeiten hinter unseren Lieblings-Champagnern  und von der Leidenschaft, mit der sie Jahr f\u00fcr Jahr fantastische Champagner kreieren.  F\u00fcr euch haben wir das alles in Bild, Text und Video festgehalten. Hier sind unsere Top-Favoriten \u2013 eine Auswahl der besten Winzerinnen und Winzer der Champagne. Sant\u00e9!<\/p>\n\n\n\n<div style=\"height:100px\" aria-hidden=\"true\" class=\"wp-block-spacer\"><\/div>\n\n\n\n<p><\/p>\n\n\n\n<div style=\"height:100px\" aria-hidden=\"true\" class=\"wp-block-spacer\"><\/div>\n\n\n\n<div class=\"wp-block-columns coblocks-animate is-layout-flex wp-container-core-columns-is-layout-9d6595d7 wp-block-columns-is-layout-flex\" data-coblocks-animation=\"fadeIn\">\n<div class=\"wp-block-column is-layout-flow wp-block-column-is-layout-flow\">\n<figure class=\"wp-block-image size-large has-lightbox\"><a href=\"https:\/\/foufou-champagne.com\/de\/tarlant\/\"><img loading=\"lazy\" decoding=\"async\" width=\"819\" height=\"1024\" src=\"https:\/\/foufou-champagne.com\/wp-content\/uploads\/2023\/09\/Benoit-Tarlant-FOUFOU-Champagne-Boutique-819x1024.jpg\" alt=\"\" class=\"wp-image-13608\" srcset=\"https:\/\/foufou-champagne.com\/wp-content\/uploads\/2023\/09\/Benoit-Tarlant-FOUFOU-Champagne-Boutique-819x1024.jpg 819w, https:\/\/foufou-champagne.com\/wp-content\/uploads\/2023\/09\/Benoit-Tarlant-FOUFOU-Champagne-Boutique-240x300.jpg 240w, https:\/\/foufou-champagne.com\/wp-content\/uploads\/2023\/09\/Benoit-Tarlant-FOUFOU-Champagne-Boutique-768x960.jpg 768w, https:\/\/foufou-champagne.com\/wp-content\/uploads\/2023\/09\/Benoit-Tarlant-FOUFOU-Champagne-Boutique-216x270.jpg 216w, https:\/\/foufou-champagne.com\/wp-content\/uploads\/2023\/09\/Benoit-Tarlant-FOUFOU-Champagne-Boutique-600x750.jpg 600w, https:\/\/foufou-champagne.com\/wp-content\/uploads\/2023\/09\/Benoit-Tarlant-FOUFOU-Champagne-Boutique.jpg 1067w\" sizes=\"auto, (max-width: 819px) 100vw, 819px\" \/><\/a><\/figure>\n\n\n\n<h4 class=\"wp-block-heading has-text-align-center is-style-not-underlined\">Benoit Tarlant<\/h4>\n\n\n\n<p class=\"has-text-align-center\"><a href=\"https:\/\/foufou-champagne.com\/de\/tarlant\/\" class=\"ek-link\">Champagne<br>Tarlant<\/a><\/p>\n<\/div>\n\n\n\n<div class=\"wp-block-column is-layout-flow wp-block-column-is-layout-flow\">\n<figure class=\"wp-block-image size-large has-lightbox\"><a href=\"https:\/\/foufou-champagne.com\/de\/bruno-paillard\/\"><img loading=\"lazy\" decoding=\"async\" width=\"819\" height=\"1024\" src=\"https:\/\/foufou-champagne.com\/wp-content\/uploads\/2023\/09\/Alice-Paillard-Bruno-Paillard-FOUFOU-Champagne-1-819x1024.jpg\" alt=\"\" class=\"wp-image-13610\" srcset=\"https:\/\/foufou-champagne.com\/wp-content\/uploads\/2023\/09\/Alice-Paillard-Bruno-Paillard-FOUFOU-Champagne-1-819x1024.jpg 819w, https:\/\/foufou-champagne.com\/wp-content\/uploads\/2023\/09\/Alice-Paillard-Bruno-Paillard-FOUFOU-Champagne-1-240x300.jpg 240w, https:\/\/foufou-champagne.com\/wp-content\/uploads\/2023\/09\/Alice-Paillard-Bruno-Paillard-FOUFOU-Champagne-1-768x960.jpg 768w, https:\/\/foufou-champagne.com\/wp-content\/uploads\/2023\/09\/Alice-Paillard-Bruno-Paillard-FOUFOU-Champagne-1-216x270.jpg 216w, https:\/\/foufou-champagne.com\/wp-content\/uploads\/2023\/09\/Alice-Paillard-Bruno-Paillard-FOUFOU-Champagne-1-600x750.jpg 600w, https:\/\/foufou-champagne.com\/wp-content\/uploads\/2023\/09\/Alice-Paillard-Bruno-Paillard-FOUFOU-Champagne-1.jpg 844w\" sizes=\"auto, (max-width: 819px) 100vw, 819px\" \/><\/a><\/figure>\n\n\n\n<h4 class=\"wp-block-heading has-text-align-center is-style-not-underlined\">Alice Paillard<\/h4>\n\n\n\n<p class=\"has-text-align-center\"><a href=\"https:\/\/foufou-champagne.com\/de\/bruno-paillard\/\" class=\"ek-link\">Maison<br>Bruno Paillard<\/a><\/p>\n<\/div>\n\n\n\n<div class=\"wp-block-column is-layout-flow wp-block-column-is-layout-flow\">\n<figure class=\"wp-block-image size-large has-lightbox\"><a href=\"https:\/\/foufou-champagne.com\/de\/lacourte-godbillon\/\"><img loading=\"lazy\" decoding=\"async\" width=\"819\" height=\"1024\" src=\"https:\/\/foufou-champagne.com\/wp-content\/uploads\/2023\/09\/Lacourte-Godbillon-FOUFOU-Champagne-1-819x1024.jpg\" alt=\"\" class=\"wp-image-13612\" srcset=\"https:\/\/foufou-champagne.com\/wp-content\/uploads\/2023\/09\/Lacourte-Godbillon-FOUFOU-Champagne-1-819x1024.jpg 819w, https:\/\/foufou-champagne.com\/wp-content\/uploads\/2023\/09\/Lacourte-Godbillon-FOUFOU-Champagne-1-240x300.jpg 240w, https:\/\/foufou-champagne.com\/wp-content\/uploads\/2023\/09\/Lacourte-Godbillon-FOUFOU-Champagne-1-768x960.jpg 768w, https:\/\/foufou-champagne.com\/wp-content\/uploads\/2023\/09\/Lacourte-Godbillon-FOUFOU-Champagne-1-216x270.jpg 216w, https:\/\/foufou-champagne.com\/wp-content\/uploads\/2023\/09\/Lacourte-Godbillon-FOUFOU-Champagne-1-600x750.jpg 600w, https:\/\/foufou-champagne.com\/wp-content\/uploads\/2023\/09\/Lacourte-Godbillon-FOUFOU-Champagne-1.jpg 1067w\" sizes=\"auto, (max-width: 819px) 100vw, 819px\" \/><\/a><\/figure>\n\n\n\n<h4 class=\"wp-block-heading has-text-align-center is-style-not-underlined\">Geraldine Lacourte<\/h4>\n\n\n\n<p class=\"has-text-align-center\"><a href=\"https:\/\/foufou-champagne.com\/de\/lacourte-godbillon\/\" class=\"ek-link\">Champagne<br>Lacourte-Godbillion<\/a><\/p>\n<\/div>\n<\/div>\n\n\n\n<div style=\"height:100px\" aria-hidden=\"true\" class=\"wp-block-spacer\"><\/div>\n\n\n\n<div class=\"wp-block-columns coblocks-animate is-layout-flex wp-container-core-columns-is-layout-9d6595d7 wp-block-columns-is-layout-flex\" data-coblocks-animation=\"fadeIn\">\n<div class=\"wp-block-column is-layout-flow wp-block-column-is-layout-flow\">\n<figure class=\"wp-block-image size-large has-lightbox\"><a href=\"https:\/\/foufou-champagne.com\/de\/champagne-a-r-lenoble\/\"><img loading=\"lazy\" decoding=\"async\" width=\"819\" height=\"1024\" src=\"https:\/\/foufou-champagne.com\/wp-content\/uploads\/2023\/09\/FOUFOU-Champagne-Trip-WEB-19-819x1024.jpg\" alt=\"\" class=\"wp-image-13618\" srcset=\"https:\/\/foufou-champagne.com\/wp-content\/uploads\/2023\/09\/FOUFOU-Champagne-Trip-WEB-19-819x1024.jpg 819w, https:\/\/foufou-champagne.com\/wp-content\/uploads\/2023\/09\/FOUFOU-Champagne-Trip-WEB-19-240x300.jpg 240w, https:\/\/foufou-champagne.com\/wp-content\/uploads\/2023\/09\/FOUFOU-Champagne-Trip-WEB-19-768x960.jpg 768w, https:\/\/foufou-champagne.com\/wp-content\/uploads\/2023\/09\/FOUFOU-Champagne-Trip-WEB-19-216x270.jpg 216w, https:\/\/foufou-champagne.com\/wp-content\/uploads\/2023\/09\/FOUFOU-Champagne-Trip-WEB-19-600x750.jpg 600w, https:\/\/foufou-champagne.com\/wp-content\/uploads\/2023\/09\/FOUFOU-Champagne-Trip-WEB-19.jpg 1055w\" sizes=\"auto, (max-width: 819px) 100vw, 819px\" \/><\/a><\/figure>\n\n\n\n<h4 class=\"wp-block-heading has-text-align-center is-style-not-underlined\">Anne Malassagne<\/h4>\n\n\n\n<p class=\"has-text-align-center\"><a href=\"https:\/\/foufou-champagne.com\/de\/champagne-a-r-lenoble\/\" class=\"ek-link\">Champagne<br>A.R.Lenoble<\/a><\/p>\n<\/div>\n\n\n\n<div class=\"wp-block-column is-layout-flow wp-block-column-is-layout-flow\">\n<figure class=\"wp-block-image size-large has-lightbox\"><a href=\"https:\/\/foufou-champagne.com\/de\/larmandier-bernier\/\"><img loading=\"lazy\" decoding=\"async\" width=\"819\" height=\"1024\" src=\"https:\/\/foufou-champagne.com\/wp-content\/uploads\/2023\/09\/IMG_0001-819x1024.jpg\" alt=\"\" class=\"wp-image-13620\" srcset=\"https:\/\/foufou-champagne.com\/wp-content\/uploads\/2023\/09\/IMG_0001-819x1024.jpg 819w, https:\/\/foufou-champagne.com\/wp-content\/uploads\/2023\/09\/IMG_0001-240x300.jpg 240w, https:\/\/foufou-champagne.com\/wp-content\/uploads\/2023\/09\/IMG_0001-768x960.jpg 768w, https:\/\/foufou-champagne.com\/wp-content\/uploads\/2023\/09\/IMG_0001-216x270.jpg 216w, https:\/\/foufou-champagne.com\/wp-content\/uploads\/2023\/09\/IMG_0001-600x750.jpg 600w, https:\/\/foufou-champagne.com\/wp-content\/uploads\/2023\/09\/IMG_0001.jpg 1067w\" sizes=\"auto, (max-width: 819px) 100vw, 819px\" \/><\/a><\/figure>\n\n\n\n<h4 class=\"wp-block-heading has-text-align-center is-style-not-underlined\">Sophie Larmandier<\/h4>\n\n\n\n<p class=\"has-text-align-center\"><a href=\"https:\/\/foufou-champagne.com\/de\/larmandier-bernier\/\" class=\"ek-link\">Larmandier<br>Bernier<\/a><\/p>\n<\/div>\n\n\n\n<div class=\"wp-block-column is-layout-flow wp-block-column-is-layout-flow\">\n<figure class=\"wp-block-image size-large\"><img loading=\"lazy\" decoding=\"async\" width=\"820\" height=\"1024\" src=\"https:\/\/foufou-champagne.com\/wp-content\/uploads\/2023\/09\/FOUFOU-Champagne-Trip-WEB-48-820x1024.jpg\" alt=\"\" class=\"wp-image-13606\" srcset=\"https:\/\/foufou-champagne.com\/wp-content\/uploads\/2023\/09\/FOUFOU-Champagne-Trip-WEB-48-820x1024.jpg 820w, https:\/\/foufou-champagne.com\/wp-content\/uploads\/2023\/09\/FOUFOU-Champagne-Trip-WEB-48-240x300.jpg 240w, https:\/\/foufou-champagne.com\/wp-content\/uploads\/2023\/09\/FOUFOU-Champagne-Trip-WEB-48-768x960.jpg 768w, https:\/\/foufou-champagne.com\/wp-content\/uploads\/2023\/09\/FOUFOU-Champagne-Trip-WEB-48-216x270.jpg 216w, https:\/\/foufou-champagne.com\/wp-content\/uploads\/2023\/09\/FOUFOU-Champagne-Trip-WEB-48-600x750.jpg 600w, https:\/\/foufou-champagne.com\/wp-content\/uploads\/2023\/09\/FOUFOU-Champagne-Trip-WEB-48.jpg 1002w\" sizes=\"auto, (max-width: 820px) 100vw, 820px\" \/><\/figure>\n\n\n\n<h4 class=\"wp-block-heading has-text-align-center is-style-not-underlined\">Cyril Bonnet<\/h4>\n\n\n\n<p class=\"has-text-align-center\"><a href=\"https:\/\/foufou-champagne.com\/de\/bonnet-ponson\/\">Champagne Bonnet-Ponson<\/a><\/p>\n<\/div>\n<\/div>\n","protected":false},"excerpt":{"rendered":"<p>Seid ihr bereit f\u00fcr eine Reise durch die Champagne? Wir haben unsere Lieblingswinzer und -winzerinnen auf ihren Weing\u00fctern in der Champagne besucht. Gemeinsam haben wir die Weinberge und Keller erkundet und uns von der Sch\u00f6nheit der Champagne verzaubern lassen. Nat\u00fcrlich durfte auch das ein oder andere Glas Champagner nicht fehlen! Wir sind begeistert von den [&#8230;]<\/p>\n","protected":false},"author":2,"featured_media":0,"parent":0,"menu_order":0,"comment_status":"closed","ping_status":"closed","template":"","meta":{"_acf_changed":false,"_editorskit_title_hidden":false,"_editorskit_reading_time":0,"_editorskit_is_block_options_detached":false,"_editorskit_block_options_position":"{}","_coblocks_attr":"","_coblocks_dimensions":"","_coblocks_responsive_height":"","_coblocks_accordion_ie_support":"","footnotes":""},"class_list":["post-12844","page","type-page","status-publish","hentry"],"acf":[],"yoast_head":"<!-- This site is optimized with the Yoast SEO plugin v26.8 - https:\/\/yoast.com\/product\/yoast-seo-wordpress\/ -->\n<title>Unsere Champagner Winzer*innen und ihre Geschichten<\/title>\n<meta name=\"description\" content=\"Entdecke einige der besten Champagner H\u00e4user und lass dich von den Geschichten der Champagner % Winzer*innen mitrei\u00dfen. Hier mehr.\" \/>\n<meta name=\"robots\" content=\"noindex, follow\" \/>\n<meta property=\"og:locale\" content=\"de_DE\" \/>\n<meta property=\"og:type\" content=\"article\" \/>\n<meta property=\"og:title\" content=\"Unsere Champagner Winzer*innen und ihre Geschichten\" \/>\n<meta property=\"og:description\" content=\"Entdecke einige der besten Champagner H\u00e4user und lass dich von den Geschichten der Champagner % Winzer*innen mitrei\u00dfen. Hier mehr.\" \/>\n<meta property=\"og:url\" content=\"https:\/\/foufou-champagne.com\/de\/chamapgner-winzer-winzerinnen\/\" \/>\n<meta property=\"og:site_name\" content=\"foufou-champagne.com\" \/>\n<meta property=\"article:modified_time\" content=\"2025-08-21T08:37:45+00:00\" \/>\n<meta property=\"og:image\" content=\"https:\/\/foufou-champagne.com\/wp-content\/uploads\/2023\/09\/Benoit-Tarlant-FOUFOU-Champagne-Boutique.jpg\" \/>\n\t<meta property=\"og:image:width\" content=\"1067\" \/>\n\t<meta property=\"og:image:height\" content=\"1334\" \/>\n\t<meta property=\"og:image:type\" content=\"image\/jpeg\" \/>\n<meta name=\"twitter:card\" content=\"summary_large_image\" \/>\n<meta name=\"twitter:label1\" content=\"Gesch\u00e4tzte Lesezeit\" \/>\n\t<meta name=\"twitter:data1\" content=\"2\u00a0Minuten\" \/>\n<script type=\"application\/ld+json\" class=\"yoast-schema-graph\">{\"@context\":\"https:\/\/schema.org\",\"@graph\":[{\"@type\":\"WebPage\",\"@id\":\"https:\/\/foufou-champagne.com\/de\/chamapgner-winzer-winzerinnen\/\",\"url\":\"https:\/\/foufou-champagne.com\/de\/chamapgner-winzer-winzerinnen\/\",\"name\":\"Unsere Champagner Winzer*innen und ihre Geschichten\",\"isPartOf\":{\"@id\":\"https:\/\/foufou-champagne.com\/de\/#website\"},\"primaryImageOfPage\":{\"@id\":\"https:\/\/foufou-champagne.com\/de\/chamapgner-winzer-winzerinnen\/#primaryimage\"},\"image\":{\"@id\":\"https:\/\/foufou-champagne.com\/de\/chamapgner-winzer-winzerinnen\/#primaryimage\"},\"thumbnailUrl\":\"https:\/\/foufou-champagne.com\/wp-content\/uploads\/2023\/09\/Benoit-Tarlant-FOUFOU-Champagne-Boutique-819x1024.jpg\",\"datePublished\":\"2023-04-27T15:42:45+00:00\",\"dateModified\":\"2025-08-21T08:37:45+00:00\",\"description\":\"Entdecke einige der besten Champagner H\u00e4user und lass dich von den Geschichten der Champagner % Winzer*innen mitrei\u00dfen. Hier mehr.\",\"breadcrumb\":{\"@id\":\"https:\/\/foufou-champagne.com\/de\/chamapgner-winzer-winzerinnen\/#breadcrumb\"},\"inLanguage\":\"de\",\"potentialAction\":[{\"@type\":\"ReadAction\",\"target\":[\"https:\/\/foufou-champagne.com\/de\/chamapgner-winzer-winzerinnen\/\"]}]},{\"@type\":\"ImageObject\",\"inLanguage\":\"de\",\"@id\":\"https:\/\/foufou-champagne.com\/de\/chamapgner-winzer-winzerinnen\/#primaryimage\",\"url\":\"https:\/\/foufou-champagne.com\/wp-content\/uploads\/2023\/09\/Benoit-Tarlant-FOUFOU-Champagne-Boutique-819x1024.jpg\",\"contentUrl\":\"https:\/\/foufou-champagne.com\/wp-content\/uploads\/2023\/09\/Benoit-Tarlant-FOUFOU-Champagne-Boutique-819x1024.jpg\"},{\"@type\":\"BreadcrumbList\",\"@id\":\"https:\/\/foufou-champagne.com\/de\/chamapgner-winzer-winzerinnen\/#breadcrumb\",\"itemListElement\":[{\"@type\":\"ListItem\",\"position\":1,\"name\":\"Startseite\",\"item\":\"https:\/\/foufou-champagne.com\/de\/\"},{\"@type\":\"ListItem\",\"position\":2,\"name\":\"UNSERE CHAMPAGNER WINZER*INNEN\"}]},{\"@type\":\"WebSite\",\"@id\":\"https:\/\/foufou-champagne.com\/de\/#website\",\"url\":\"https:\/\/foufou-champagne.com\/de\/\",\"name\":\"foufou-champagne.com\",\"description\":\"CHAMPAGNE BOUTIQUE\",\"potentialAction\":[{\"@type\":\"SearchAction\",\"target\":{\"@type\":\"EntryPoint\",\"urlTemplate\":\"https:\/\/foufou-champagne.com\/de\/?s={search_term_string}\"},\"query-input\":{\"@type\":\"PropertyValueSpecification\",\"valueRequired\":true,\"valueName\":\"search_term_string\"}}],\"inLanguage\":\"de\"}]}<\/script>\n<!-- \/ Yoast SEO plugin. -->","yoast_head_json":{"title":"Unsere Champagner Winzer*innen und ihre Geschichten","description":"Entdecke einige der besten Champagner H\u00e4user und lass dich von den Geschichten der Champagner % Winzer*innen mitrei\u00dfen. Hier mehr.","robots":{"index":"noindex","follow":"follow"},"og_locale":"de_DE","og_type":"article","og_title":"Unsere Champagner Winzer*innen und ihre Geschichten","og_description":"Entdecke einige der besten Champagner H\u00e4user und lass dich von den Geschichten der Champagner % Winzer*innen mitrei\u00dfen. Hier mehr.","og_url":"https:\/\/foufou-champagne.com\/de\/chamapgner-winzer-winzerinnen\/","og_site_name":"foufou-champagne.com","article_modified_time":"2025-08-21T08:37:45+00:00","og_image":[{"width":1067,"height":1334,"url":"https:\/\/foufou-champagne.com\/wp-content\/uploads\/2023\/09\/Benoit-Tarlant-FOUFOU-Champagne-Boutique.jpg","type":"image\/jpeg"}],"twitter_card":"summary_large_image","twitter_misc":{"Gesch\u00e4tzte Lesezeit":"2\u00a0Minuten"},"schema":{"@context":"https:\/\/schema.org","@graph":[{"@type":"WebPage","@id":"https:\/\/foufou-champagne.com\/de\/chamapgner-winzer-winzerinnen\/","url":"https:\/\/foufou-champagne.com\/de\/chamapgner-winzer-winzerinnen\/","name":"Unsere Champagner Winzer*innen und ihre Geschichten","isPartOf":{"@id":"https:\/\/foufou-champagne.com\/de\/#website"},"primaryImageOfPage":{"@id":"https:\/\/foufou-champagne.com\/de\/chamapgner-winzer-winzerinnen\/#primaryimage"},"image":{"@id":"https:\/\/foufou-champagne.com\/de\/chamapgner-winzer-winzerinnen\/#primaryimage"},"thumbnailUrl":"https:\/\/foufou-champagne.com\/wp-content\/uploads\/2023\/09\/Benoit-Tarlant-FOUFOU-Champagne-Boutique-819x1024.jpg","datePublished":"2023-04-27T15:42:45+00:00","dateModified":"2025-08-21T08:37:45+00:00","description":"Entdecke einige der besten Champagner H\u00e4user und lass dich von den Geschichten der Champagner % Winzer*innen mitrei\u00dfen. Hier mehr.","breadcrumb":{"@id":"https:\/\/foufou-champagne.com\/de\/chamapgner-winzer-winzerinnen\/#breadcrumb"},"inLanguage":"de","potentialAction":[{"@type":"ReadAction","target":["https:\/\/foufou-champagne.com\/de\/chamapgner-winzer-winzerinnen\/"]}]},{"@type":"ImageObject","inLanguage":"de","@id":"https:\/\/foufou-champagne.com\/de\/chamapgner-winzer-winzerinnen\/#primaryimage","url":"https:\/\/foufou-champagne.com\/wp-content\/uploads\/2023\/09\/Benoit-Tarlant-FOUFOU-Champagne-Boutique-819x1024.jpg","contentUrl":"https:\/\/foufou-champagne.com\/wp-content\/uploads\/2023\/09\/Benoit-Tarlant-FOUFOU-Champagne-Boutique-819x1024.jpg"},{"@type":"BreadcrumbList","@id":"https:\/\/foufou-champagne.com\/de\/chamapgner-winzer-winzerinnen\/#breadcrumb","itemListElement":[{"@type":"ListItem","position":1,"name":"Startseite","item":"https:\/\/foufou-champagne.com\/de\/"},{"@type":"ListItem","position":2,"name":"UNSERE CHAMPAGNER WINZER*INNEN"}]},{"@type":"WebSite","@id":"https:\/\/foufou-champagne.com\/de\/#website","url":"https:\/\/foufou-champagne.com\/de\/","name":"foufou-champagne.com","description":"CHAMPAGNE BOUTIQUE","potentialAction":[{"@type":"SearchAction","target":{"@type":"EntryPoint","urlTemplate":"https:\/\/foufou-champagne.com\/de\/?s={search_term_string}"},"query-input":{"@type":"PropertyValueSpecification","valueRequired":true,"valueName":"search_term_string"}}],"inLanguage":"de"}]}},"_links":{"self":[{"href":"https:\/\/foufou-champagne.com\/de\/wp-json\/wp\/v2\/pages\/12844","targetHints":{"allow":["GET"]}}],"collection":[{"href":"https:\/\/foufou-champagne.com\/de\/wp-json\/wp\/v2\/pages"}],"about":[{"href":"https:\/\/foufou-champagne.com\/de\/wp-json\/wp\/v2\/types\/page"}],"author":[{"embeddable":true,"href":"https:\/\/foufou-champagne.com\/de\/wp-json\/wp\/v2\/users\/2"}],"replies":[{"embeddable":true,"href":"https:\/\/foufou-champagne.com\/de\/wp-json\/wp\/v2\/comments?post=12844"}],"version-history":[{"count":9,"href":"https:\/\/foufou-champagne.com\/de\/wp-json\/wp\/v2\/pages\/12844\/revisions"}],"predecessor-version":[{"id":15921,"href":"https:\/\/foufou-champagne.com\/de\/wp-json\/wp\/v2\/pages\/12844\/revisions\/15921"}],"wp:attachment":[{"href":"https:\/\/foufou-champagne.com\/de\/wp-json\/wp\/v2\/media?parent=12844"}],"curies":[{"name":"wp","href":"https:\/\/api.w.org\/{rel}","templated":true}]}}