{"id":2563,"date":"2020-11-25T13:38:49","date_gmt":"2020-11-25T12:38:49","guid":{"rendered":"http:\/\/foufou-champagne.com\/versand__lieferung\/"},"modified":"2024-09-04T14:19:30","modified_gmt":"2024-09-04T12:19:30","slug":"versand__lieferung","status":"publish","type":"page","link":"https:\/\/foufou-champagne.com\/de\/versand__lieferung\/","title":{"rendered":"Versand &#038; Lieferung"},"content":{"rendered":"<p><strong>Preise<\/strong>,<strong> Versandkosten und Lieferinformationen<\/strong><\/p>\n<p>Die auf den Produktseiten genannten Preise enthalten die gesetzliche Mehrwertsteuer und sonstige Preisbestandteile.<\/p>\n<p><b>Lieferungen innerhalb Deutschlands:<\/b><\/p>\n<p>Zus\u00e4tzlich zu den angegebenen Preisen berechnen wir f\u00fcr die Lieferung innerhalb Deutschlands\u00a0 <strong>8,90 Euro<\/strong> pro Bestellung. Ab einem Bestellwert von <strong>140,00 \u20ac entfallen die Versandkosten<\/strong>. Die Versandkosten werden dir im Warenkorbsystem und auf der Bestellseite nochmals deutlich mitgeteilt.<\/p>\n<p>Die Versandkostenpauschale betr\u00e4gt <strong>8,90 Euro<\/strong>. Die Versandkostenpauschale enth\u00e4lt die gesetzliche Mehrwertsteuer.<\/p>\n<p><strong>DPD Expresslieferung bis 12 Fl. innerhalb Deutschlands:<\/strong><\/p>\n<p>Die Versandkostenpauschale f\u00fcr den DPD Expressversand betr\u00e4gt <strong>28 Euro<\/strong>. Die Versandkostenpauschale enth\u00e4lt die gesetzliche Mehrwertsteuer.<\/p>\n<p><strong>DHL Lieferungen EU (ausgew\u00e4hlte L\u00e4nder):<\/strong><\/p>\n<p>Wir liefern nach Tschechien, Polen, \u00d6sterreich, Niederlande, Monaco, Luxemburg, Frankreich, D\u00e4nemark, Belgien, Andorra, Italien, San Marino, Slowenien, Slowakei, Spanien, Ungarn, Bulgarien, Estland, Griechenland, Irland, Kroatien, Lettland, Litauen, Malta, Portugal, Rum\u00e4nien.<\/p>\n<p>Der Versand in L\u00e4nder au\u00dferhalb von Deutschland ist auf 12 Flaschen pro Bestellung begrenzt. F\u00fcr die Lieferungen ins Ausland haben wir folgende Preisstaffelung nach kg (inkl. gesetzlicher Mehrwertsteuer):<\/p>\n<ul>\n<li>bis 2 kg \u2013 18,62 Euro<\/li>\n<li>2 &#8211; 3 kg \u2013 19,93 Euro<\/li>\n<li>3 &#8211; 4 kg \u2013 21,24 Euro<\/li>\n<li>4 &#8211; 5 kg \u2013 22,55 Euro<\/li>\n<li>5 &#8211; 6 kg \u2013 23,86 Euro<\/li>\n<li>6 &#8211; 7 kg \u2013 25,17 Euro<\/li>\n<li>7 &#8211; 8 kg \u2013 26,48 Euro<\/li>\n<li>8 &#8211; 9 kg \u2013 27,79 Euro<\/li>\n<li>9 &#8211; 10 kg \u2013 29,10 Euro<\/li>\n<li>10 &#8211; 11 kg \u2013 30,41 Euro<\/li>\n<li>11 &#8211; 12 kg \u2013 31,72 Euro<\/li>\n<li>12 &#8211; 13 kg \u2013 33,03 Euro<\/li>\n<li>13 &#8211; 14 kg \u2013 34,34 Euro<\/li>\n<li>14 &#8211; 15 kg \u2013 35,65 Euro<\/li>\n<li>15 &#8211; 16 kg \u2013 36,96 Euro<\/li>\n<li>16 &#8211; 17 kg \u2013 38,27 Euro<\/li>\n<li>17 &#8211; 18 kg \u2013 39,58 Euro<\/li>\n<\/ul>\n<p>Die Versandkosten verstehen sich selbstverst\u00e4ndlich immer inkl. Verpackung, Versicherung und Transport mit DHL in zugelassenen Weinversandkartons.<\/p>\n<p><strong>DHL Lieferungen EU+ (ausgew\u00e4hlte L\u00e4nder):<\/strong><\/p>\n<p>Wir liefern nach Schweden und Finnland.<\/p>\n<p>Der Versand in L\u00e4nder au\u00dferhalb von Deutschland ist auf 12 Flaschen pro Bestellung begrenzt. F\u00fcr die Lieferungen ins Ausland haben wir folgende Preisstaffelung nach kg (inkl. gesetzlicher Mehrwertsteuer):<\/p>\n<ul>\n<li>bis 2 kg \u2013 23,98 Euro<\/li>\n<li>2 &#8211; 3 kg \u2013 25,29 Euro<\/li>\n<li>3 &#8211; 4 kg \u2013 26,60 Euro<\/li>\n<li>4 &#8211; 5 kg \u2013 27,91 Euro<\/li>\n<li>5 &#8211; 6 kg \u2013 29,21 Euro<\/li>\n<li>6 &#8211; 7 kg \u2013 30,52 Euro<\/li>\n<li>7 &#8211; 8 kg \u2013 31,83 Euro<\/li>\n<li>8 &#8211; 9 kg \u2013 33,14 Euro<\/li>\n<li>9 &#8211; 10 kg \u2013 34,45 Euro<\/li>\n<li>10 &#8211; 11 kg \u2013 35,76 Euro<\/li>\n<li>11 &#8211; 12 kg \u2013 37,07 Euro<\/li>\n<li>12 &#8211; 13 kg \u2013 38,38 Euro<\/li>\n<li>13 &#8211; 14 kg \u2013 39,69 Euro<\/li>\n<li>14 &#8211; 15 kg \u2013 41,00 Euro<\/li>\n<li>15 &#8211; 16 kg \u2013 42,30 Euro<\/li>\n<li>16 &#8211; 17 kg \u2013 43,61 Euro<\/li>\n<li>17 &#8211; 18 kg \u2013 44,92 Euro<\/li>\n<\/ul>\n<p>Die Versandkosten verstehen sich selbstverst\u00e4ndlich immer inkl. Verpackung, Versicherung und Transport mit DHL in zugelassenen Weinversandkartons.<\/p>\n<p><strong>DHL Lieferungen non EU (ausgew\u00e4hlte L\u00e4nder):<\/strong><\/p>\n<p>Wir liefern nach Wei\u00dfrussland, Ukraine, Albanien, Bosnien und Herzegowina, Island, Nordmazedonien, Montenegro, Norwegen, Serbien, Schweiz.<\/p>\n<p>Der Versand in L\u00e4nder au\u00dferhalb von Deutschland ist auf 12 Flaschen pro Bestellung begrenzt. F\u00fcr die Lieferungen ins Ausland haben wir folgende Preisstaffelung nach kg (inkl. gesetzlicher Mehrwertsteuer):<\/p>\n<ul>\n<li>bis 2 kg \u2013 29,63 Euro<\/li>\n<li>2 &#8211; 3 kg \u2013 31,77 Euro<\/li>\n<li>3 &#8211; 4 kg \u2013 33,92 Euro<\/li>\n<li>4 &#8211; 5 kg \u2013 36,06 Euro<\/li>\n<li>5 &#8211; 6 kg \u2013 38,20 Euro<\/li>\n<li>6 &#8211; 7 kg \u2013 40,34 Euro<\/li>\n<li>7 &#8211; 8 kg \u2013 42,48 Euro<\/li>\n<li>8 &#8211; 9 kg \u2013 44,62 Euro<\/li>\n<li>9 &#8211; 10 kg \u2013 46,77 Euro<\/li>\n<li>10 &#8211; 11 kg \u2013 48,91 Euro<\/li>\n<li>11 &#8211; 12 kg \u2013 51,05 Euro<\/li>\n<li>12 &#8211; 13 kg \u2013 53,19 Euro<\/li>\n<li>13 &#8211; 14 kg \u2013 55,34 Euro<\/li>\n<li>14 &#8211; 15 kg \u2013 57,48 Euro<\/li>\n<li>15 &#8211; 16 kg \u2013 59,62 Euro<\/li>\n<li>16 &#8211; 17 kg \u2013 61,76 Euro<\/li>\n<li>17 &#8211; 18 kg \u2013 63,90 Euro<\/li>\n<\/ul>\n<p>Die Versandkosten verstehen sich selbstverst\u00e4ndlich immer inkl. Verpackung, Versicherung und Transport mit DHL in zugelassenen Weinversandkartons.<\/p>\n<p><strong>FRANKFURT<\/strong><\/p>\n<p>Du wohnst in Frankfurt oder m\u00f6chtest jemanden in Frankfurt \u00fcberraschen? Super, du kannst den Champagner einfach online bestellen und beim Check-Out Abholung ausw\u00e4hlen!<\/p>\n<h2 style=\"font-family: var( --e-global-typography-39e277d-font-family ), Sans-serif; letter-spacing: var( --e-global-typography-39e277d-letter-spacing ); text-transform: var( --e-global-typography-39e277d-text-transform ); font-size: var( --e-global-typography-39e277d-font-size ); line-height: var( --e-global-typography-39e277d-line-height ); font-weight: var( --e-global-typography-39e277d-font-weight );\">ABHOLUNG IM OSTEND<\/h2>\n<ul>\n<li>Mo \u2013 Fr 11:00 \u2013 18:00 Uhr<\/li>\n<\/ul>\n<p>Kontaktlose Abholung beim \u201eDanzig am Platz\u201c in der Ostparkstra\u00dfe 11 nach Terminvereinbarung!<\/p>\n<h2 style=\"font-family: var( --e-global-typography-39e277d-font-family ), Sans-serif; letter-spacing: var( --e-global-typography-39e277d-letter-spacing ); text-transform: var( --e-global-typography-39e277d-text-transform ); font-size: var( --e-global-typography-39e277d-font-size ); line-height: var( --e-global-typography-39e277d-line-height ); font-weight: var( --e-global-typography-39e277d-font-weight );\">LIEFERUNG IM STADTGEBIET FRANKFURT<\/h2>\n<p style=\"font-weight: 400;\">Du ben\u00f6tigst unbedingt eine gr\u00f6\u00dfere Lieferung am selben Tag? Kontaktiere uns direkt<\/p>\n<p style=\"font-weight: 400;\">telefonisch oder per <a href=\"mailto:hello@foufou-champagne.com\" target=\"_blank\" rel=\"noopener\">Mail<\/a> \u2013 wir finden sicher eine L\u00f6sung f\u00fcr dich!<\/p>\n<p><b>R\u00dcCKGABE<\/b><\/p>\n<p style=\"font-weight: 400;\">M\u00f6chtest du einen Artikel zur\u00fccksenden, wende dich bitte binnen 14 Tagen an unseren Kundenservice unter\u00a0<a href=\"%22mailto:\">hello@foufou-champagne.com<\/a> und informiere uns dar\u00fcber, dass du den Vertrag widerrufen und die Ware zur\u00fccksenden m\u00f6chtest.<\/p>\n<p style=\"font-weight: 400;\">Du tr\u00e4gst die unmittelbaren Kosten f\u00fcr die R\u00fccksendung der Waren.<\/p>\n<p style=\"font-weight: 400;\">Bitte klebe den R\u00fccksendeaufkleber auf den original Versandkarton und achte darauf, dass die Ware ausreichend gepolstert ist. Achte au\u00dferdem darauf, dass das Etikett, mit dem wir dir deine Bestellung gesendet haben, nicht mehr zu sehen ist.<\/p>\n<p style=\"font-weight: 400;\"><b>R\u00dcCKERSTATTUNG<\/b><\/p>\n<p style=\"font-weight: 400;\">Die R\u00fcckerstattung des bereits gezahlten Betrages erfolgt, nachdem wir von dem Versandpartner vom Eingang der R\u00fccksendung in Kenntnis gesetzt wurden. In dem Fall veranlassen wir die R\u00fcck\u00fcberweisung schnellstm\u00f6glich, sp\u00e4testens aber bis 14 Tage nach Best\u00e4tigung des Retoureneingangs.<\/p>\n<p style=\"font-weight: 400;\">F\u00fcr die R\u00fcckzahlung verwenden wir in der Regel dasselbe Zahlungsmittel, das Du bei der urspr\u00fcnglichen Transaktion eingesetzt hast. Wenn du also beispielsweise deine Bestellung via Paypal bezahlt hast, dann erh\u00e4ltst du die Erstattung zur\u00fcck auf dein Paypal-Konto. Bitte beachte, dass ab dem Tag der Gutschrift durch uns noch einmal bis zu 5 Werktage vergehen k\u00f6nnen, ehe du die R\u00fcckerstattung auf deinem Konto sehen kannst.<\/p>\n\n","protected":false},"excerpt":{"rendered":"<p>Preise, Versandkosten und Lieferinformationen Die auf den Produktseiten genannten Preise enthalten die gesetzliche Mehrwertsteuer und sonstige Preisbestandteile. Lieferungen innerhalb Deutschlands: Zus\u00e4tzlich zu den angegebenen Preisen berechnen wir f\u00fcr die Lieferung innerhalb Deutschlands\u00a0 8,90 Euro pro Bestellung. Ab einem Bestellwert von 140,00 \u20ac entfallen die Versandkosten. Die Versandkosten werden dir im Warenkorbsystem und auf der Bestellseite [&#8230;]<\/p>\n","protected":false},"author":2,"featured_media":0,"parent":0,"menu_order":0,"comment_status":"closed","ping_status":"closed","template":"","meta":{"_acf_changed":false,"_editorskit_title_hidden":false,"_editorskit_reading_time":0,"_editorskit_is_block_options_detached":false,"_editorskit_block_options_position":"{}","_coblocks_attr":"","_coblocks_dimensions":"","_coblocks_responsive_height":"","_coblocks_accordion_ie_support":"","footnotes":""},"class_list":["post-2563","page","type-page","status-publish","hentry"],"acf":[],"yoast_head":"<!-- This site is optimized with the Yoast SEO plugin v26.8 - https:\/\/yoast.com\/product\/yoast-seo-wordpress\/ -->\n<title>Versand &amp; Lieferung - foufou-champagne.com<\/title>\n<meta name=\"description\" content=\"Schnell und einfach an die perfekte Flasche Champagner gelangen. Alle Infos zu unserem Versand und der Lieferung findest du hier.\" \/>\n<meta name=\"robots\" content=\"index, follow, max-snippet:-1, max-image-preview:large, max-video-preview:-1\" \/>\n<link rel=\"canonical\" href=\"https:\/\/foufou-champagne.com\/de\/versand__lieferung\/\" \/>\n<meta property=\"og:locale\" content=\"de_DE\" \/>\n<meta property=\"og:type\" content=\"article\" \/>\n<meta property=\"og:title\" content=\"Versand &amp; Lieferung - foufou-champagne.com\" \/>\n<meta property=\"og:description\" content=\"Schnell und einfach an die perfekte Flasche Champagner gelangen. Alle Infos zu unserem Versand und der Lieferung findest du hier.\" \/>\n<meta property=\"og:url\" content=\"https:\/\/foufou-champagne.com\/de\/versand__lieferung\/\" \/>\n<meta property=\"og:site_name\" content=\"foufou-champagne.com\" \/>\n<meta property=\"article:modified_time\" content=\"2024-09-04T12:19:30+00:00\" \/>\n<meta name=\"twitter:card\" content=\"summary_large_image\" \/>\n<meta name=\"twitter:label1\" content=\"Gesch\u00e4tzte Lesezeit\" \/>\n\t<meta name=\"twitter:data1\" content=\"5\u00a0Minuten\" \/>\n<script type=\"application\/ld+json\" class=\"yoast-schema-graph\">{\"@context\":\"https:\/\/schema.org\",\"@graph\":[{\"@type\":\"WebPage\",\"@id\":\"https:\/\/foufou-champagne.com\/de\/versand__lieferung\/\",\"url\":\"https:\/\/foufou-champagne.com\/de\/versand__lieferung\/\",\"name\":\"Versand & Lieferung - foufou-champagne.com\",\"isPartOf\":{\"@id\":\"https:\/\/foufou-champagne.com\/de\/#website\"},\"datePublished\":\"2020-11-25T12:38:49+00:00\",\"dateModified\":\"2024-09-04T12:19:30+00:00\",\"description\":\"Schnell und einfach an die perfekte Flasche Champagner gelangen. Alle Infos zu unserem Versand und der Lieferung findest du hier.\",\"breadcrumb\":{\"@id\":\"https:\/\/foufou-champagne.com\/de\/versand__lieferung\/#breadcrumb\"},\"inLanguage\":\"de\",\"potentialAction\":[{\"@type\":\"ReadAction\",\"target\":[\"https:\/\/foufou-champagne.com\/de\/versand__lieferung\/\"]}]},{\"@type\":\"BreadcrumbList\",\"@id\":\"https:\/\/foufou-champagne.com\/de\/versand__lieferung\/#breadcrumb\",\"itemListElement\":[{\"@type\":\"ListItem\",\"position\":1,\"name\":\"Startseite\",\"item\":\"https:\/\/foufou-champagne.com\/de\/\"},{\"@type\":\"ListItem\",\"position\":2,\"name\":\"Versand &#038; Lieferung\"}]},{\"@type\":\"WebSite\",\"@id\":\"https:\/\/foufou-champagne.com\/de\/#website\",\"url\":\"https:\/\/foufou-champagne.com\/de\/\",\"name\":\"foufou-champagne.com\",\"description\":\"CHAMPAGNE BOUTIQUE\",\"potentialAction\":[{\"@type\":\"SearchAction\",\"target\":{\"@type\":\"EntryPoint\",\"urlTemplate\":\"https:\/\/foufou-champagne.com\/de\/?s={search_term_string}\"},\"query-input\":{\"@type\":\"PropertyValueSpecification\",\"valueRequired\":true,\"valueName\":\"search_term_string\"}}],\"inLanguage\":\"de\"}]}<\/script>\n<!-- \/ Yoast SEO plugin. -->","yoast_head_json":{"title":"Versand & Lieferung - foufou-champagne.com","description":"Schnell und einfach an die perfekte Flasche Champagner gelangen. Alle Infos zu unserem Versand und der Lieferung findest du hier.","robots":{"index":"index","follow":"follow","max-snippet":"max-snippet:-1","max-image-preview":"max-image-preview:large","max-video-preview":"max-video-preview:-1"},"canonical":"https:\/\/foufou-champagne.com\/de\/versand__lieferung\/","og_locale":"de_DE","og_type":"article","og_title":"Versand & Lieferung - foufou-champagne.com","og_description":"Schnell und einfach an die perfekte Flasche Champagner gelangen. Alle Infos zu unserem Versand und der Lieferung findest du hier.","og_url":"https:\/\/foufou-champagne.com\/de\/versand__lieferung\/","og_site_name":"foufou-champagne.com","article_modified_time":"2024-09-04T12:19:30+00:00","twitter_card":"summary_large_image","twitter_misc":{"Gesch\u00e4tzte Lesezeit":"5\u00a0Minuten"},"schema":{"@context":"https:\/\/schema.org","@graph":[{"@type":"WebPage","@id":"https:\/\/foufou-champagne.com\/de\/versand__lieferung\/","url":"https:\/\/foufou-champagne.com\/de\/versand__lieferung\/","name":"Versand & Lieferung - foufou-champagne.com","isPartOf":{"@id":"https:\/\/foufou-champagne.com\/de\/#website"},"datePublished":"2020-11-25T12:38:49+00:00","dateModified":"2024-09-04T12:19:30+00:00","description":"Schnell und einfach an die perfekte Flasche Champagner gelangen. Alle Infos zu unserem Versand und der Lieferung findest du hier.","breadcrumb":{"@id":"https:\/\/foufou-champagne.com\/de\/versand__lieferung\/#breadcrumb"},"inLanguage":"de","potentialAction":[{"@type":"ReadAction","target":["https:\/\/foufou-champagne.com\/de\/versand__lieferung\/"]}]},{"@type":"BreadcrumbList","@id":"https:\/\/foufou-champagne.com\/de\/versand__lieferung\/#breadcrumb","itemListElement":[{"@type":"ListItem","position":1,"name":"Startseite","item":"https:\/\/foufou-champagne.com\/de\/"},{"@type":"ListItem","position":2,"name":"Versand &#038; Lieferung"}]},{"@type":"WebSite","@id":"https:\/\/foufou-champagne.com\/de\/#website","url":"https:\/\/foufou-champagne.com\/de\/","name":"foufou-champagne.com","description":"CHAMPAGNE BOUTIQUE","potentialAction":[{"@type":"SearchAction","target":{"@type":"EntryPoint","urlTemplate":"https:\/\/foufou-champagne.com\/de\/?s={search_term_string}"},"query-input":{"@type":"PropertyValueSpecification","valueRequired":true,"valueName":"search_term_string"}}],"inLanguage":"de"}]}},"_links":{"self":[{"href":"https:\/\/foufou-champagne.com\/de\/wp-json\/wp\/v2\/pages\/2563","targetHints":{"allow":["GET"]}}],"collection":[{"href":"https:\/\/foufou-champagne.com\/de\/wp-json\/wp\/v2\/pages"}],"about":[{"href":"https:\/\/foufou-champagne.com\/de\/wp-json\/wp\/v2\/types\/page"}],"author":[{"embeddable":true,"href":"https:\/\/foufou-champagne.com\/de\/wp-json\/wp\/v2\/users\/2"}],"replies":[{"embeddable":true,"href":"https:\/\/foufou-champagne.com\/de\/wp-json\/wp\/v2\/comments?post=2563"}],"version-history":[{"count":10,"href":"https:\/\/foufou-champagne.com\/de\/wp-json\/wp\/v2\/pages\/2563\/revisions"}],"predecessor-version":[{"id":15054,"href":"https:\/\/foufou-champagne.com\/de\/wp-json\/wp\/v2\/pages\/2563\/revisions\/15054"}],"wp:attachment":[{"href":"https:\/\/foufou-champagne.com\/de\/wp-json\/wp\/v2\/media?parent=2563"}],"curies":[{"name":"wp","href":"https:\/\/api.w.org\/{rel}","templated":true}]}}