{"id":4030,"date":"2020-12-16T23:42:17","date_gmt":"2020-12-16T22:42:17","guid":{"rendered":"https:\/\/foufou-champagne.com\/?page_id=4030"},"modified":"2020-12-16T23:42:39","modified_gmt":"2020-12-16T22:42:39","slug":"impressum","status":"publish","type":"page","link":"https:\/\/foufou-champagne.com\/de\/impressum\/","title":{"rendered":"Impressum"},"content":{"rendered":"<p>ENA OFFICE GmbH<br \/>\n<span style=\"font-size: inherit;\">Ostparkstra\u00dfe 11<br \/>\n<\/span>60314 Frankfurt<\/p>\n<p>Gesch\u00e4ftsf\u00fchrung: Eray Aydin, Lisa Eiserloh<\/p>\n<p>Telefonnummer: 069\/348711900<br \/>\nE-Mailadresse: <a href=\"mailto:hello@foufou-champagne.com\">hello@foufou-champagne.com<\/a><\/p>\n<p>Registergericht &amp; Registernummer: Amtsgericht Frankfurt am Main | Handelsregister Frankfurt am Main HRB 117047<\/p>\n<p>Umsatzsteuer-Identifikationsnummer: DE 326793366<\/p>\n<p>Inhaltlich verantwortlich: Eray Aydin, Lisa Eiserloh Adresse wie oben.<\/p>\n<p>Wir sind nicht bereit und nicht verpflichtet an einem Streitbeilegungsverfahren vor einer Verbraucherschlichtungsstelle teilzunehmen.<\/p>\n","protected":false},"excerpt":{"rendered":"<p>ENA OFFICE GmbH Ostparkstra\u00dfe 11 60314 Frankfurt Gesch\u00e4ftsf\u00fchrung: Eray Aydin, Lisa Eiserloh Telefonnummer: 069\/348711900 E-Mailadresse: hello@foufou-champagne.com Registergericht &amp; Registernummer: Amtsgericht Frankfurt am Main | Handelsregister Frankfurt am Main HRB 117047 Umsatzsteuer-Identifikationsnummer: DE 326793366 Inhaltlich verantwortlich: Eray Aydin, Lisa Eiserloh Adresse wie oben. Wir sind nicht bereit und nicht verpflichtet an einem Streitbeilegungsverfahren vor einer Verbraucherschlichtungsstelle [&#8230;]<\/p>\n","protected":false},"author":2,"featured_media":0,"parent":0,"menu_order":0,"comment_status":"closed","ping_status":"closed","template":"","meta":{"_acf_changed":false,"_editorskit_title_hidden":false,"_editorskit_reading_time":0,"_editorskit_is_block_options_detached":false,"_editorskit_block_options_position":"{}","_coblocks_attr":"","_coblocks_dimensions":"","_coblocks_responsive_height":"","_coblocks_accordion_ie_support":"","footnotes":""},"class_list":["post-4030","page","type-page","status-publish","hentry"],"acf":[],"yoast_head":"<!-- This site is optimized with the Yoast SEO plugin v26.8 - https:\/\/yoast.com\/product\/yoast-seo-wordpress\/ -->\n<title>Impressum - foufou-champagne.com<\/title>\n<meta name=\"robots\" content=\"index, follow, max-snippet:-1, max-image-preview:large, max-video-preview:-1\" \/>\n<link rel=\"canonical\" href=\"https:\/\/foufou-champagne.com\/de\/impressum\/\" \/>\n<meta property=\"og:locale\" content=\"de_DE\" \/>\n<meta property=\"og:type\" content=\"article\" \/>\n<meta property=\"og:title\" content=\"Impressum - foufou-champagne.com\" \/>\n<meta property=\"og:description\" content=\"ENA OFFICE GmbH Ostparkstra\u00dfe 11 60314 Frankfurt Gesch\u00e4ftsf\u00fchrung: Eray Aydin, Lisa Eiserloh Telefonnummer: 069\/348711900 E-Mailadresse: hello@foufou-champagne.com Registergericht &amp; Registernummer: Amtsgericht Frankfurt am Main | Handelsregister Frankfurt am Main HRB 117047 Umsatzsteuer-Identifikationsnummer: DE 326793366 Inhaltlich verantwortlich: Eray Aydin, Lisa Eiserloh Adresse wie oben. Wir sind nicht bereit und nicht verpflichtet an einem Streitbeilegungsverfahren vor einer Verbraucherschlichtungsstelle [...]\" \/>\n<meta property=\"og:url\" content=\"https:\/\/foufou-champagne.com\/de\/impressum\/\" \/>\n<meta property=\"og:site_name\" content=\"foufou-champagne.com\" \/>\n<meta property=\"article:modified_time\" content=\"2020-12-16T22:42:39+00:00\" \/>\n<meta name=\"twitter:card\" content=\"summary_large_image\" \/>\n<script type=\"application\/ld+json\" class=\"yoast-schema-graph\">{\"@context\":\"https:\/\/schema.org\",\"@graph\":[{\"@type\":\"WebPage\",\"@id\":\"https:\/\/foufou-champagne.com\/de\/impressum\/\",\"url\":\"https:\/\/foufou-champagne.com\/de\/impressum\/\",\"name\":\"Impressum - foufou-champagne.com\",\"isPartOf\":{\"@id\":\"https:\/\/foufou-champagne.com\/de\/#website\"},\"datePublished\":\"2020-12-16T22:42:17+00:00\",\"dateModified\":\"2020-12-16T22:42:39+00:00\",\"breadcrumb\":{\"@id\":\"https:\/\/foufou-champagne.com\/de\/impressum\/#breadcrumb\"},\"inLanguage\":\"de\",\"potentialAction\":[{\"@type\":\"ReadAction\",\"target\":[\"https:\/\/foufou-champagne.com\/de\/impressum\/\"]}]},{\"@type\":\"BreadcrumbList\",\"@id\":\"https:\/\/foufou-champagne.com\/de\/impressum\/#breadcrumb\",\"itemListElement\":[{\"@type\":\"ListItem\",\"position\":1,\"name\":\"Startseite\",\"item\":\"https:\/\/foufou-champagne.com\/de\/\"},{\"@type\":\"ListItem\",\"position\":2,\"name\":\"Impressum\"}]},{\"@type\":\"WebSite\",\"@id\":\"https:\/\/foufou-champagne.com\/de\/#website\",\"url\":\"https:\/\/foufou-champagne.com\/de\/\",\"name\":\"foufou-champagne.com\",\"description\":\"CHAMPAGNE BOUTIQUE\",\"potentialAction\":[{\"@type\":\"SearchAction\",\"target\":{\"@type\":\"EntryPoint\",\"urlTemplate\":\"https:\/\/foufou-champagne.com\/de\/?s={search_term_string}\"},\"query-input\":{\"@type\":\"PropertyValueSpecification\",\"valueRequired\":true,\"valueName\":\"search_term_string\"}}],\"inLanguage\":\"de\"}]}<\/script>\n<!-- \/ Yoast SEO plugin. -->","yoast_head_json":{"title":"Impressum - foufou-champagne.com","robots":{"index":"index","follow":"follow","max-snippet":"max-snippet:-1","max-image-preview":"max-image-preview:large","max-video-preview":"max-video-preview:-1"},"canonical":"https:\/\/foufou-champagne.com\/de\/impressum\/","og_locale":"de_DE","og_type":"article","og_title":"Impressum - foufou-champagne.com","og_description":"ENA OFFICE GmbH Ostparkstra\u00dfe 11 60314 Frankfurt Gesch\u00e4ftsf\u00fchrung: Eray Aydin, Lisa Eiserloh Telefonnummer: 069\/348711900 E-Mailadresse: hello@foufou-champagne.com Registergericht &amp; Registernummer: Amtsgericht Frankfurt am Main | Handelsregister Frankfurt am Main HRB 117047 Umsatzsteuer-Identifikationsnummer: DE 326793366 Inhaltlich verantwortlich: Eray Aydin, Lisa Eiserloh Adresse wie oben. Wir sind nicht bereit und nicht verpflichtet an einem Streitbeilegungsverfahren vor einer Verbraucherschlichtungsstelle [...]","og_url":"https:\/\/foufou-champagne.com\/de\/impressum\/","og_site_name":"foufou-champagne.com","article_modified_time":"2020-12-16T22:42:39+00:00","twitter_card":"summary_large_image","schema":{"@context":"https:\/\/schema.org","@graph":[{"@type":"WebPage","@id":"https:\/\/foufou-champagne.com\/de\/impressum\/","url":"https:\/\/foufou-champagne.com\/de\/impressum\/","name":"Impressum - foufou-champagne.com","isPartOf":{"@id":"https:\/\/foufou-champagne.com\/de\/#website"},"datePublished":"2020-12-16T22:42:17+00:00","dateModified":"2020-12-16T22:42:39+00:00","breadcrumb":{"@id":"https:\/\/foufou-champagne.com\/de\/impressum\/#breadcrumb"},"inLanguage":"de","potentialAction":[{"@type":"ReadAction","target":["https:\/\/foufou-champagne.com\/de\/impressum\/"]}]},{"@type":"BreadcrumbList","@id":"https:\/\/foufou-champagne.com\/de\/impressum\/#breadcrumb","itemListElement":[{"@type":"ListItem","position":1,"name":"Startseite","item":"https:\/\/foufou-champagne.com\/de\/"},{"@type":"ListItem","position":2,"name":"Impressum"}]},{"@type":"WebSite","@id":"https:\/\/foufou-champagne.com\/de\/#website","url":"https:\/\/foufou-champagne.com\/de\/","name":"foufou-champagne.com","description":"CHAMPAGNE BOUTIQUE","potentialAction":[{"@type":"SearchAction","target":{"@type":"EntryPoint","urlTemplate":"https:\/\/foufou-champagne.com\/de\/?s={search_term_string}"},"query-input":{"@type":"PropertyValueSpecification","valueRequired":true,"valueName":"search_term_string"}}],"inLanguage":"de"}]}},"_links":{"self":[{"href":"https:\/\/foufou-champagne.com\/de\/wp-json\/wp\/v2\/pages\/4030","targetHints":{"allow":["GET"]}}],"collection":[{"href":"https:\/\/foufou-champagne.com\/de\/wp-json\/wp\/v2\/pages"}],"about":[{"href":"https:\/\/foufou-champagne.com\/de\/wp-json\/wp\/v2\/types\/page"}],"author":[{"embeddable":true,"href":"https:\/\/foufou-champagne.com\/de\/wp-json\/wp\/v2\/users\/2"}],"replies":[{"embeddable":true,"href":"https:\/\/foufou-champagne.com\/de\/wp-json\/wp\/v2\/comments?post=4030"}],"version-history":[{"count":3,"href":"https:\/\/foufou-champagne.com\/de\/wp-json\/wp\/v2\/pages\/4030\/revisions"}],"predecessor-version":[{"id":4033,"href":"https:\/\/foufou-champagne.com\/de\/wp-json\/wp\/v2\/pages\/4030\/revisions\/4033"}],"wp:attachment":[{"href":"https:\/\/foufou-champagne.com\/de\/wp-json\/wp\/v2\/media?parent=4030"}],"curies":[{"name":"wp","href":"https:\/\/api.w.org\/{rel}","templated":true}]}}