{"id":4064,"date":"2020-12-17T00:17:10","date_gmt":"2020-12-16T23:17:10","guid":{"rendered":"https:\/\/foufou-champagne.com\/?page_id=4064"},"modified":"2021-03-13T01:10:44","modified_gmt":"2021-03-13T00:10:44","slug":"zahlungsarten","status":"publish","type":"page","link":"https:\/\/foufou-champagne.com\/de\/zahlungsarten\/","title":{"rendered":"Zahlungsarten"},"content":{"rendered":"<p>Wir bieten Ihnen folgende Zahlungsarten an. Suchen Sie sich einfach die f\u00fcr Sie optimale Zahlart aus. Die Versandkosten sind teilweise abh\u00e4ngig von der gew\u00e4hlten Zahlungsart. Die in den jeweiligen Angeboten angef\u00fchrten Preise stellen Endpreise dar. Sie beinhalten alle Preisbestandteile einschlie\u00dflich etwaig anfallender Steuern wie Mehrwertsteuer. Nur bei grenz\u00fcberschreitender Lieferung k\u00f6nnen im Einzelfall weitere Steuern (z.B. im Falle eines innergemeinschaftlichen Erwerbs) und\/oder Abgaben (z.B. Z\u00f6lle) von Ihnen zu zahlen sein, jedoch nicht an den Verk\u00e4ufer, sondern an die dort zust\u00e4ndigen Zoll- bzw. Steuerbeh\u00f6rden. Die anfallenden Liefer- und Versandkosten sind nicht im Kaufpreis enthalten, sie sind \u00fcber die Seite \u201eVersandkosten\u201c aufrufbar, werden im Laufe des Bestellvorganges gesondert ausgewiesen und sind von Ihnen zus\u00e4tzlich zu tragen.<\/p>\n<p><strong><em>Kreditkarte<\/em><\/strong><\/p>\n<p>Zahlen Sie ganz einfach per Kreditkarte.<\/p>\n<p><strong><em>PayPal<\/em><\/strong><\/p>\n<p>Noch schneller und sicherer bezahlen mit ihrem PayPal-Konto.<\/p>\n<p><strong><em>SEPA-Lastschrift<\/em><\/strong><\/p>\n<p>Wir ziehen den Rechnungsbetrag Ihrer Bestellung von Ihrem hinterlegten Bankkonto nach der get\u00e4tigten Bestellung ein.<\/p>\n","protected":false},"excerpt":{"rendered":"<p>Wir bieten Ihnen folgende Zahlungsarten an. Suchen Sie sich einfach die f\u00fcr Sie optimale Zahlart aus. Die Versandkosten sind teilweise abh\u00e4ngig von der gew\u00e4hlten Zahlungsart. Die in den jeweiligen Angeboten angef\u00fchrten Preise stellen Endpreise dar. Sie beinhalten alle Preisbestandteile einschlie\u00dflich etwaig anfallender Steuern wie Mehrwertsteuer. Nur bei grenz\u00fcberschreitender Lieferung k\u00f6nnen im Einzelfall weitere Steuern (z.B. [&#8230;]<\/p>\n","protected":false},"author":2,"featured_media":0,"parent":0,"menu_order":0,"comment_status":"closed","ping_status":"closed","template":"","meta":{"_acf_changed":false,"_editorskit_title_hidden":false,"_editorskit_reading_time":0,"_editorskit_is_block_options_detached":false,"_editorskit_block_options_position":"{}","_coblocks_attr":"","_coblocks_dimensions":"","_coblocks_responsive_height":"","_coblocks_accordion_ie_support":"","footnotes":""},"class_list":["post-4064","page","type-page","status-publish","hentry"],"acf":[],"yoast_head":"<!-- This site is optimized with the Yoast SEO plugin v26.8 - https:\/\/yoast.com\/product\/yoast-seo-wordpress\/ -->\n<title>Zahlungsarten - foufou-champagne.com<\/title>\n<meta name=\"description\" content=\"Kreditkarte, PayPal oder SEPA-Lastschrift - schnell und sicher bezahlen, damit dein Lieblingschampagner in Windeseile bei dir ist!\" \/>\n<meta name=\"robots\" content=\"index, follow, max-snippet:-1, max-image-preview:large, max-video-preview:-1\" \/>\n<link rel=\"canonical\" href=\"https:\/\/foufou-champagne.com\/de\/zahlungsarten\/\" \/>\n<meta property=\"og:locale\" content=\"de_DE\" \/>\n<meta property=\"og:type\" content=\"article\" \/>\n<meta property=\"og:title\" content=\"Zahlungsarten - foufou-champagne.com\" \/>\n<meta property=\"og:description\" content=\"Kreditkarte, PayPal oder SEPA-Lastschrift - schnell und sicher bezahlen, damit dein Lieblingschampagner in Windeseile bei dir ist!\" \/>\n<meta property=\"og:url\" content=\"https:\/\/foufou-champagne.com\/de\/zahlungsarten\/\" \/>\n<meta property=\"og:site_name\" content=\"foufou-champagne.com\" \/>\n<meta property=\"article:modified_time\" content=\"2021-03-13T00:10:44+00:00\" \/>\n<meta name=\"twitter:card\" content=\"summary_large_image\" \/>\n<meta name=\"twitter:label1\" content=\"Gesch\u00e4tzte Lesezeit\" \/>\n\t<meta name=\"twitter:data1\" content=\"1\u00a0Minute\" \/>\n<script type=\"application\/ld+json\" class=\"yoast-schema-graph\">{\"@context\":\"https:\/\/schema.org\",\"@graph\":[{\"@type\":\"WebPage\",\"@id\":\"https:\/\/foufou-champagne.com\/de\/zahlungsarten\/\",\"url\":\"https:\/\/foufou-champagne.com\/de\/zahlungsarten\/\",\"name\":\"Zahlungsarten - foufou-champagne.com\",\"isPartOf\":{\"@id\":\"https:\/\/foufou-champagne.com\/de\/#website\"},\"datePublished\":\"2020-12-16T23:17:10+00:00\",\"dateModified\":\"2021-03-13T00:10:44+00:00\",\"description\":\"Kreditkarte, PayPal oder SEPA-Lastschrift - schnell und sicher bezahlen, damit dein Lieblingschampagner in Windeseile bei dir ist!\",\"breadcrumb\":{\"@id\":\"https:\/\/foufou-champagne.com\/de\/zahlungsarten\/#breadcrumb\"},\"inLanguage\":\"de\",\"potentialAction\":[{\"@type\":\"ReadAction\",\"target\":[\"https:\/\/foufou-champagne.com\/de\/zahlungsarten\/\"]}]},{\"@type\":\"BreadcrumbList\",\"@id\":\"https:\/\/foufou-champagne.com\/de\/zahlungsarten\/#breadcrumb\",\"itemListElement\":[{\"@type\":\"ListItem\",\"position\":1,\"name\":\"Startseite\",\"item\":\"https:\/\/foufou-champagne.com\/de\/\"},{\"@type\":\"ListItem\",\"position\":2,\"name\":\"Zahlungsarten\"}]},{\"@type\":\"WebSite\",\"@id\":\"https:\/\/foufou-champagne.com\/de\/#website\",\"url\":\"https:\/\/foufou-champagne.com\/de\/\",\"name\":\"foufou-champagne.com\",\"description\":\"CHAMPAGNE BOUTIQUE\",\"potentialAction\":[{\"@type\":\"SearchAction\",\"target\":{\"@type\":\"EntryPoint\",\"urlTemplate\":\"https:\/\/foufou-champagne.com\/de\/?s={search_term_string}\"},\"query-input\":{\"@type\":\"PropertyValueSpecification\",\"valueRequired\":true,\"valueName\":\"search_term_string\"}}],\"inLanguage\":\"de\"}]}<\/script>\n<!-- \/ Yoast SEO plugin. -->","yoast_head_json":{"title":"Zahlungsarten - foufou-champagne.com","description":"Kreditkarte, PayPal oder SEPA-Lastschrift - schnell und sicher bezahlen, damit dein Lieblingschampagner in Windeseile bei dir ist!","robots":{"index":"index","follow":"follow","max-snippet":"max-snippet:-1","max-image-preview":"max-image-preview:large","max-video-preview":"max-video-preview:-1"},"canonical":"https:\/\/foufou-champagne.com\/de\/zahlungsarten\/","og_locale":"de_DE","og_type":"article","og_title":"Zahlungsarten - foufou-champagne.com","og_description":"Kreditkarte, PayPal oder SEPA-Lastschrift - schnell und sicher bezahlen, damit dein Lieblingschampagner in Windeseile bei dir ist!","og_url":"https:\/\/foufou-champagne.com\/de\/zahlungsarten\/","og_site_name":"foufou-champagne.com","article_modified_time":"2021-03-13T00:10:44+00:00","twitter_card":"summary_large_image","twitter_misc":{"Gesch\u00e4tzte Lesezeit":"1\u00a0Minute"},"schema":{"@context":"https:\/\/schema.org","@graph":[{"@type":"WebPage","@id":"https:\/\/foufou-champagne.com\/de\/zahlungsarten\/","url":"https:\/\/foufou-champagne.com\/de\/zahlungsarten\/","name":"Zahlungsarten - foufou-champagne.com","isPartOf":{"@id":"https:\/\/foufou-champagne.com\/de\/#website"},"datePublished":"2020-12-16T23:17:10+00:00","dateModified":"2021-03-13T00:10:44+00:00","description":"Kreditkarte, PayPal oder SEPA-Lastschrift - schnell und sicher bezahlen, damit dein Lieblingschampagner in Windeseile bei dir ist!","breadcrumb":{"@id":"https:\/\/foufou-champagne.com\/de\/zahlungsarten\/#breadcrumb"},"inLanguage":"de","potentialAction":[{"@type":"ReadAction","target":["https:\/\/foufou-champagne.com\/de\/zahlungsarten\/"]}]},{"@type":"BreadcrumbList","@id":"https:\/\/foufou-champagne.com\/de\/zahlungsarten\/#breadcrumb","itemListElement":[{"@type":"ListItem","position":1,"name":"Startseite","item":"https:\/\/foufou-champagne.com\/de\/"},{"@type":"ListItem","position":2,"name":"Zahlungsarten"}]},{"@type":"WebSite","@id":"https:\/\/foufou-champagne.com\/de\/#website","url":"https:\/\/foufou-champagne.com\/de\/","name":"foufou-champagne.com","description":"CHAMPAGNE BOUTIQUE","potentialAction":[{"@type":"SearchAction","target":{"@type":"EntryPoint","urlTemplate":"https:\/\/foufou-champagne.com\/de\/?s={search_term_string}"},"query-input":{"@type":"PropertyValueSpecification","valueRequired":true,"valueName":"search_term_string"}}],"inLanguage":"de"}]}},"_links":{"self":[{"href":"https:\/\/foufou-champagne.com\/de\/wp-json\/wp\/v2\/pages\/4064","targetHints":{"allow":["GET"]}}],"collection":[{"href":"https:\/\/foufou-champagne.com\/de\/wp-json\/wp\/v2\/pages"}],"about":[{"href":"https:\/\/foufou-champagne.com\/de\/wp-json\/wp\/v2\/types\/page"}],"author":[{"embeddable":true,"href":"https:\/\/foufou-champagne.com\/de\/wp-json\/wp\/v2\/users\/2"}],"replies":[{"embeddable":true,"href":"https:\/\/foufou-champagne.com\/de\/wp-json\/wp\/v2\/comments?post=4064"}],"version-history":[{"count":2,"href":"https:\/\/foufou-champagne.com\/de\/wp-json\/wp\/v2\/pages\/4064\/revisions"}],"predecessor-version":[{"id":4769,"href":"https:\/\/foufou-champagne.com\/de\/wp-json\/wp\/v2\/pages\/4064\/revisions\/4769"}],"wp:attachment":[{"href":"https:\/\/foufou-champagne.com\/de\/wp-json\/wp\/v2\/media?parent=4064"}],"curies":[{"name":"wp","href":"https:\/\/api.w.org\/{rel}","templated":true}]}}