{"id":4147,"date":"2020-12-18T00:31:27","date_gmt":"2020-12-17T23:31:27","guid":{"rendered":"https:\/\/foufou-champagne.com\/?page_id=4147"},"modified":"2020-12-22T12:44:20","modified_gmt":"2020-12-22T11:44:20","slug":"joyeux-noel","status":"publish","type":"page","link":"https:\/\/foufou-champagne.com\/de\/joyeux-noel\/","title":{"rendered":"Joyeux No\u00ebl"},"content":{"rendered":"<h1>Joyeux No\u00ebl \u2013 Champagner zu Weihnachten<\/h1>\n<p>Weihnachten ohne Champagner \u2013 das geht nicht. Wenn man einmal im Jahr mit seinen Liebsten zusammenkommt, muss nicht nur das beste Essen auf den Tisch, sondern auch das feinste aller Getr\u00e4nke. Hier findest du unsere Champagner-Empfehlungen zum Weihnachtsschmaus.<\/p>\n<p>Daneben eignet sich Champagner nat\u00fcrlich auch super als Geschenk. Daf\u00fcr findest du hier leckere Champagner in h\u00fcbscher Geschenkverpackung. Ein handgeschriebenes individuelles Gru\u00dfk\u00e4rtchen mit Mini-Bouquet kannst du einfach dazubuchen!<\/p>\n<p>Schau dir unsere <a href=\"https:\/\/foufou-champagne.com\/express-services\/\">Express-Services<\/a> zu Weihnachten und Silvester an, damit alles p\u00fcnktlich ankommt!<\/p>\n<h2>Champagner Empfehlungen zu Gans &amp; Co<\/h2>\n<h2>Champagner-Empfehlungen zum Dessert<\/h2>\n<h2>Champagner Verschenken<\/h2>\n<p><a href=\"#\" role=\"button\"><br \/>\nALLE CHAMPAGNER ENTDECKEN<br \/>\n<\/a><\/p>\n<h2>EXPRESS SERVICES F\u00dcR DEN CHAMPAGNER NOTFALL!<\/h2>\n<p><a href=\"https:\/\/foufou-champagne.com\/express-services\/\" role=\"button\"><br \/>\nMEHR INFOS<br \/>\n<\/a><\/p>\n","protected":false},"excerpt":{"rendered":"<p>Joyeux No\u00ebl \u2013 Champagner zu Weihnachten Weihnachten ohne Champagner \u2013 das geht nicht. Wenn man einmal im Jahr mit seinen Liebsten zusammenkommt, muss nicht nur das beste Essen auf den Tisch, sondern auch das feinste aller Getr\u00e4nke. Hier findest du unsere Champagner-Empfehlungen zum Weihnachtsschmaus. Daneben eignet sich Champagner nat\u00fcrlich auch super als Geschenk. Daf\u00fcr findest [&#8230;]<\/p>\n","protected":false},"author":1,"featured_media":3064,"parent":0,"menu_order":0,"comment_status":"closed","ping_status":"closed","template":"page-blank-full-width-content.php","meta":{"_acf_changed":false,"_editorskit_title_hidden":false,"_editorskit_reading_time":0,"_editorskit_is_block_options_detached":false,"_editorskit_block_options_position":"{}","_coblocks_attr":"","_coblocks_dimensions":"","_coblocks_responsive_height":"","_coblocks_accordion_ie_support":"","footnotes":""},"class_list":["post-4147","page","type-page","status-publish","has-post-thumbnail","hentry"],"acf":[],"yoast_head":"<!-- This site is optimized with the Yoast SEO plugin v26.8 - https:\/\/yoast.com\/product\/yoast-seo-wordpress\/ -->\n<title>Joyeux No\u00ebl - foufou-champagne.com<\/title>\n<meta name=\"description\" content=\"Champagner-Empfehlungen zum Weihnachtsschmaus, Geschenkideen und ein handgeschriebenes Gru\u00dfk\u00e4rtchen mit Mini-Bouquet f\u00fcr deine Liebsten!\" \/>\n<meta name=\"robots\" content=\"index, follow, max-snippet:-1, max-image-preview:large, max-video-preview:-1\" \/>\n<link rel=\"canonical\" href=\"https:\/\/foufou-champagne.com\/de\/joyeux-noel\/\" \/>\n<meta property=\"og:locale\" content=\"de_DE\" \/>\n<meta property=\"og:type\" content=\"article\" \/>\n<meta property=\"og:title\" content=\"Joyeux No\u00ebl - foufou-champagne.com\" \/>\n<meta property=\"og:description\" content=\"Champagner-Empfehlungen zum Weihnachtsschmaus, Geschenkideen und ein handgeschriebenes Gru\u00dfk\u00e4rtchen mit Mini-Bouquet f\u00fcr deine Liebsten!\" \/>\n<meta property=\"og:url\" content=\"https:\/\/foufou-champagne.com\/de\/joyeux-noel\/\" \/>\n<meta property=\"og:site_name\" content=\"foufou-champagne.com\" \/>\n<meta property=\"article:modified_time\" content=\"2020-12-22T11:44:20+00:00\" \/>\n<meta property=\"og:image\" content=\"https:\/\/foufou-champagne.com\/wp-content\/uploads\/2020\/12\/FOUFOU-XMAS-27.jpg\" \/>\n\t<meta property=\"og:image:width\" content=\"1500\" \/>\n\t<meta property=\"og:image:height\" content=\"1001\" \/>\n\t<meta property=\"og:image:type\" content=\"image\/jpeg\" \/>\n<meta name=\"twitter:card\" content=\"summary_large_image\" \/>\n<meta name=\"twitter:label1\" content=\"Gesch\u00e4tzte Lesezeit\" \/>\n\t<meta name=\"twitter:data1\" content=\"1\u00a0Minute\" \/>\n<script type=\"application\/ld+json\" class=\"yoast-schema-graph\">{\"@context\":\"https:\/\/schema.org\",\"@graph\":[{\"@type\":\"WebPage\",\"@id\":\"https:\/\/foufou-champagne.com\/de\/joyeux-noel\/\",\"url\":\"https:\/\/foufou-champagne.com\/de\/joyeux-noel\/\",\"name\":\"Joyeux No\u00ebl - foufou-champagne.com\",\"isPartOf\":{\"@id\":\"https:\/\/foufou-champagne.com\/de\/#website\"},\"primaryImageOfPage\":{\"@id\":\"https:\/\/foufou-champagne.com\/de\/joyeux-noel\/#primaryimage\"},\"image\":{\"@id\":\"https:\/\/foufou-champagne.com\/de\/joyeux-noel\/#primaryimage\"},\"thumbnailUrl\":\"https:\/\/foufou-champagne.com\/wp-content\/uploads\/2020\/12\/FOUFOU-XMAS-27.jpg\",\"datePublished\":\"2020-12-17T23:31:27+00:00\",\"dateModified\":\"2020-12-22T11:44:20+00:00\",\"description\":\"Champagner-Empfehlungen zum Weihnachtsschmaus, Geschenkideen und ein handgeschriebenes Gru\u00dfk\u00e4rtchen mit Mini-Bouquet f\u00fcr deine Liebsten!\",\"breadcrumb\":{\"@id\":\"https:\/\/foufou-champagne.com\/de\/joyeux-noel\/#breadcrumb\"},\"inLanguage\":\"de\",\"potentialAction\":[{\"@type\":\"ReadAction\",\"target\":[\"https:\/\/foufou-champagne.com\/de\/joyeux-noel\/\"]}]},{\"@type\":\"ImageObject\",\"inLanguage\":\"de\",\"@id\":\"https:\/\/foufou-champagne.com\/de\/joyeux-noel\/#primaryimage\",\"url\":\"https:\/\/foufou-champagne.com\/wp-content\/uploads\/2020\/12\/FOUFOU-XMAS-27.jpg\",\"contentUrl\":\"https:\/\/foufou-champagne.com\/wp-content\/uploads\/2020\/12\/FOUFOU-XMAS-27.jpg\",\"width\":1500,\"height\":1001,\"caption\":\"Bruno Paillard Ros\u00e9 Champagner Weihnachten Kuss\"},{\"@type\":\"BreadcrumbList\",\"@id\":\"https:\/\/foufou-champagne.com\/de\/joyeux-noel\/#breadcrumb\",\"itemListElement\":[{\"@type\":\"ListItem\",\"position\":1,\"name\":\"Startseite\",\"item\":\"https:\/\/foufou-champagne.com\/de\/\"},{\"@type\":\"ListItem\",\"position\":2,\"name\":\"Joyeux No\u00ebl\"}]},{\"@type\":\"WebSite\",\"@id\":\"https:\/\/foufou-champagne.com\/de\/#website\",\"url\":\"https:\/\/foufou-champagne.com\/de\/\",\"name\":\"foufou-champagne.com\",\"description\":\"CHAMPAGNE BOUTIQUE\",\"potentialAction\":[{\"@type\":\"SearchAction\",\"target\":{\"@type\":\"EntryPoint\",\"urlTemplate\":\"https:\/\/foufou-champagne.com\/de\/?s={search_term_string}\"},\"query-input\":{\"@type\":\"PropertyValueSpecification\",\"valueRequired\":true,\"valueName\":\"search_term_string\"}}],\"inLanguage\":\"de\"}]}<\/script>\n<!-- \/ Yoast SEO plugin. -->","yoast_head_json":{"title":"Joyeux No\u00ebl - foufou-champagne.com","description":"Champagner-Empfehlungen zum Weihnachtsschmaus, Geschenkideen und ein handgeschriebenes Gru\u00dfk\u00e4rtchen mit Mini-Bouquet f\u00fcr deine Liebsten!","robots":{"index":"index","follow":"follow","max-snippet":"max-snippet:-1","max-image-preview":"max-image-preview:large","max-video-preview":"max-video-preview:-1"},"canonical":"https:\/\/foufou-champagne.com\/de\/joyeux-noel\/","og_locale":"de_DE","og_type":"article","og_title":"Joyeux No\u00ebl - foufou-champagne.com","og_description":"Champagner-Empfehlungen zum Weihnachtsschmaus, Geschenkideen und ein handgeschriebenes Gru\u00dfk\u00e4rtchen mit Mini-Bouquet f\u00fcr deine Liebsten!","og_url":"https:\/\/foufou-champagne.com\/de\/joyeux-noel\/","og_site_name":"foufou-champagne.com","article_modified_time":"2020-12-22T11:44:20+00:00","og_image":[{"width":1500,"height":1001,"url":"https:\/\/foufou-champagne.com\/wp-content\/uploads\/2020\/12\/FOUFOU-XMAS-27.jpg","type":"image\/jpeg"}],"twitter_card":"summary_large_image","twitter_misc":{"Gesch\u00e4tzte Lesezeit":"1\u00a0Minute"},"schema":{"@context":"https:\/\/schema.org","@graph":[{"@type":"WebPage","@id":"https:\/\/foufou-champagne.com\/de\/joyeux-noel\/","url":"https:\/\/foufou-champagne.com\/de\/joyeux-noel\/","name":"Joyeux No\u00ebl - foufou-champagne.com","isPartOf":{"@id":"https:\/\/foufou-champagne.com\/de\/#website"},"primaryImageOfPage":{"@id":"https:\/\/foufou-champagne.com\/de\/joyeux-noel\/#primaryimage"},"image":{"@id":"https:\/\/foufou-champagne.com\/de\/joyeux-noel\/#primaryimage"},"thumbnailUrl":"https:\/\/foufou-champagne.com\/wp-content\/uploads\/2020\/12\/FOUFOU-XMAS-27.jpg","datePublished":"2020-12-17T23:31:27+00:00","dateModified":"2020-12-22T11:44:20+00:00","description":"Champagner-Empfehlungen zum Weihnachtsschmaus, Geschenkideen und ein handgeschriebenes Gru\u00dfk\u00e4rtchen mit Mini-Bouquet f\u00fcr deine Liebsten!","breadcrumb":{"@id":"https:\/\/foufou-champagne.com\/de\/joyeux-noel\/#breadcrumb"},"inLanguage":"de","potentialAction":[{"@type":"ReadAction","target":["https:\/\/foufou-champagne.com\/de\/joyeux-noel\/"]}]},{"@type":"ImageObject","inLanguage":"de","@id":"https:\/\/foufou-champagne.com\/de\/joyeux-noel\/#primaryimage","url":"https:\/\/foufou-champagne.com\/wp-content\/uploads\/2020\/12\/FOUFOU-XMAS-27.jpg","contentUrl":"https:\/\/foufou-champagne.com\/wp-content\/uploads\/2020\/12\/FOUFOU-XMAS-27.jpg","width":1500,"height":1001,"caption":"Bruno Paillard Ros\u00e9 Champagner Weihnachten Kuss"},{"@type":"BreadcrumbList","@id":"https:\/\/foufou-champagne.com\/de\/joyeux-noel\/#breadcrumb","itemListElement":[{"@type":"ListItem","position":1,"name":"Startseite","item":"https:\/\/foufou-champagne.com\/de\/"},{"@type":"ListItem","position":2,"name":"Joyeux No\u00ebl"}]},{"@type":"WebSite","@id":"https:\/\/foufou-champagne.com\/de\/#website","url":"https:\/\/foufou-champagne.com\/de\/","name":"foufou-champagne.com","description":"CHAMPAGNE BOUTIQUE","potentialAction":[{"@type":"SearchAction","target":{"@type":"EntryPoint","urlTemplate":"https:\/\/foufou-champagne.com\/de\/?s={search_term_string}"},"query-input":{"@type":"PropertyValueSpecification","valueRequired":true,"valueName":"search_term_string"}}],"inLanguage":"de"}]}},"_links":{"self":[{"href":"https:\/\/foufou-champagne.com\/de\/wp-json\/wp\/v2\/pages\/4147","targetHints":{"allow":["GET"]}}],"collection":[{"href":"https:\/\/foufou-champagne.com\/de\/wp-json\/wp\/v2\/pages"}],"about":[{"href":"https:\/\/foufou-champagne.com\/de\/wp-json\/wp\/v2\/types\/page"}],"author":[{"embeddable":true,"href":"https:\/\/foufou-champagne.com\/de\/wp-json\/wp\/v2\/users\/1"}],"replies":[{"embeddable":true,"href":"https:\/\/foufou-champagne.com\/de\/wp-json\/wp\/v2\/comments?post=4147"}],"version-history":[{"count":10,"href":"https:\/\/foufou-champagne.com\/de\/wp-json\/wp\/v2\/pages\/4147\/revisions"}],"predecessor-version":[{"id":5255,"href":"https:\/\/foufou-champagne.com\/de\/wp-json\/wp\/v2\/pages\/4147\/revisions\/5255"}],"wp:featuredmedia":[{"embeddable":true,"href":"https:\/\/foufou-champagne.com\/de\/wp-json\/wp\/v2\/media\/3064"}],"wp:attachment":[{"href":"https:\/\/foufou-champagne.com\/de\/wp-json\/wp\/v2\/media?parent=4147"}],"curies":[{"name":"wp","href":"https:\/\/api.w.org\/{rel}","templated":true}]}}