{"id":4592,"date":"2020-12-18T23:23:03","date_gmt":"2020-12-18T22:23:03","guid":{"rendered":"https:\/\/foufou-champagne.com\/?page_id=4592"},"modified":"2020-12-19T16:29:57","modified_gmt":"2020-12-19T15:29:57","slug":"celebrate-yourself","status":"publish","type":"page","link":"https:\/\/foufou-champagne.com\/de\/celebrate-yourself\/","title":{"rendered":"Celebrate Yourself"},"content":{"rendered":"<h1>Celebrate Yourself \u2013 Champagner f\u00fcr ENTSPANNTE momente <\/h1>\n<p>Einfach mal die Wanne einlassen, die F\u00fc\u00dfe hochlegen und ein Buch lesen. Was fehlt noch f\u00fcr den maximal entspannten Tag? Richtig, der Champagner. Hier findet ihr unsere Auswahl an Champagnern f\u00fcr die kleine Auszeit.<\/p>\n<p>Ach, du machst das jeden Tag. Naja, wie F. Scott Fitzgerald schon wusste: &#8220;Too much of anything is bad, but too much champagne is just right.&#8221; <\/p>\n<p>In diesem Sinne \u2013 cheers to you!<\/p>\n<p>\t\t\t\t\t\t\t\t\t\t<img decoding=\"async\" width=\"768\" height=\"1151\" src=\"https:\/\/foufou-champagne.com\/wp-content\/uploads\/2020\/12\/FOUFOU-Bathtub-19-768x1151.jpg\" alt=\"\" loading=\"lazy\" srcset=\"https:\/\/foufou-champagne.com\/wp-content\/uploads\/2020\/12\/FOUFOU-Bathtub-19-768x1151.jpg 768w, https:\/\/foufou-champagne.com\/wp-content\/uploads\/2020\/12\/FOUFOU-Bathtub-19-200x300.jpg 200w, https:\/\/foufou-champagne.com\/wp-content\/uploads\/2020\/12\/FOUFOU-Bathtub-19-683x1024.jpg 683w, https:\/\/foufou-champagne.com\/wp-content\/uploads\/2020\/12\/FOUFOU-Bathtub-19-400x599.jpg 400w, https:\/\/foufou-champagne.com\/wp-content\/uploads\/2020\/12\/FOUFOU-Bathtub-19.jpg 1001w\" sizes=\"auto, (max-width: 768px) 100vw, 768px\" \/>\t\t\t\t\t\t\t\t\t\t\t<\/p>\n<h2>Champagner zum Entspannen<\/h2>\n<p>\t\t\t<a href=\"#\" role=\"button\"><br \/>\n\t\t\t\t\t\tALLE CHAMPAGNER ENTDECKEN<br \/>\n\t\t\t\t\t<\/a><\/p>\n<h2>EXPRESS SERVICES F\u00dcR DEN CHAMPAGNER NOTFALL!<\/h2>\n<p>\t\t\t<a href=\"https:\/\/foufou-champagne.com\/express-services\/\" role=\"button\"><br \/>\n\t\t\t\t\t\tMEHR INFOS<br \/>\n\t\t\t\t\t<\/a><\/p>\n","protected":false},"excerpt":{"rendered":"<p>Celebrate Yourself \u2013 Champagner f\u00fcr ENTSPANNTE momente Einfach mal die Wanne einlassen, die F\u00fc\u00dfe hochlegen und ein Buch lesen. Was fehlt noch f\u00fcr den maximal entspannten Tag? Richtig, der Champagner. Hier findet ihr unsere Auswahl an Champagnern f\u00fcr die kleine Auszeit. Ach, du machst das jeden Tag. Naja, wie F. Scott Fitzgerald schon wusste: &#8220;Too [&#8230;]<\/p>\n","protected":false},"author":1,"featured_media":2833,"parent":0,"menu_order":0,"comment_status":"closed","ping_status":"closed","template":"page-blank-full-width-content.php","meta":{"_acf_changed":false,"_editorskit_title_hidden":false,"_editorskit_reading_time":0,"_editorskit_is_block_options_detached":false,"_editorskit_block_options_position":"{}","_coblocks_attr":"","_coblocks_dimensions":"","_coblocks_responsive_height":"","_coblocks_accordion_ie_support":"","footnotes":""},"class_list":["post-4592","page","type-page","status-publish","has-post-thumbnail","hentry"],"acf":[],"yoast_head":"<!-- This site is optimized with the Yoast SEO plugin v26.8 - https:\/\/yoast.com\/product\/yoast-seo-wordpress\/ -->\n<title>Celebrate Yourself - foufou-champagne.com<\/title>\n<meta name=\"description\" content=\"Champagner online bestellen, Wanne einlassen und Seele baumeln lassen. Unsere Champagner-Empfehlungen f\u00fcr einen maximal entspannten Tag.\" \/>\n<meta name=\"robots\" content=\"index, follow, max-snippet:-1, max-image-preview:large, max-video-preview:-1\" \/>\n<link rel=\"canonical\" href=\"https:\/\/foufou-champagne.com\/de\/celebrate-yourself\/\" \/>\n<meta property=\"og:locale\" content=\"de_DE\" \/>\n<meta property=\"og:type\" content=\"article\" \/>\n<meta property=\"og:title\" content=\"Celebrate Yourself - foufou-champagne.com\" \/>\n<meta property=\"og:description\" content=\"Champagner online bestellen, Wanne einlassen und Seele baumeln lassen. Unsere Champagner-Empfehlungen f\u00fcr einen maximal entspannten Tag.\" \/>\n<meta property=\"og:url\" content=\"https:\/\/foufou-champagne.com\/de\/celebrate-yourself\/\" \/>\n<meta property=\"og:site_name\" content=\"foufou-champagne.com\" \/>\n<meta property=\"article:modified_time\" content=\"2020-12-19T15:29:57+00:00\" \/>\n<meta property=\"og:image\" content=\"https:\/\/foufou-champagne.com\/wp-content\/uploads\/2020\/12\/FOUFOU-XMAS-27.jpg\" \/>\n\t<meta property=\"og:image:width\" content=\"1500\" \/>\n\t<meta property=\"og:image:height\" content=\"1001\" \/>\n\t<meta property=\"og:image:type\" content=\"image\/jpeg\" \/>\n<meta name=\"twitter:card\" content=\"summary_large_image\" \/>\n<script type=\"application\/ld+json\" class=\"yoast-schema-graph\">{\"@context\":\"https:\/\/schema.org\",\"@graph\":[{\"@type\":\"WebPage\",\"@id\":\"https:\/\/foufou-champagne.com\/de\/celebrate-yourself\/\",\"url\":\"https:\/\/foufou-champagne.com\/de\/celebrate-yourself\/\",\"name\":\"Celebrate Yourself - foufou-champagne.com\",\"isPartOf\":{\"@id\":\"https:\/\/foufou-champagne.com\/de\/#website\"},\"primaryImageOfPage\":{\"@id\":\"https:\/\/foufou-champagne.com\/de\/celebrate-yourself\/#primaryimage\"},\"image\":{\"@id\":\"https:\/\/foufou-champagne.com\/de\/celebrate-yourself\/#primaryimage\"},\"thumbnailUrl\":\"https:\/\/foufou-champagne.com\/wp-content\/uploads\/2020\/11\/FOUFOU-Bathtub-15.jpg\",\"datePublished\":\"2020-12-18T22:23:03+00:00\",\"dateModified\":\"2020-12-19T15:29:57+00:00\",\"description\":\"Champagner online bestellen, Wanne einlassen und Seele baumeln lassen. Unsere Champagner-Empfehlungen f\u00fcr einen maximal entspannten Tag.\",\"breadcrumb\":{\"@id\":\"https:\/\/foufou-champagne.com\/de\/celebrate-yourself\/#breadcrumb\"},\"inLanguage\":\"de\",\"potentialAction\":[{\"@type\":\"ReadAction\",\"target\":[\"https:\/\/foufou-champagne.com\/de\/celebrate-yourself\/\"]}]},{\"@type\":\"ImageObject\",\"inLanguage\":\"de\",\"@id\":\"https:\/\/foufou-champagne.com\/de\/celebrate-yourself\/#primaryimage\",\"url\":\"https:\/\/foufou-champagne.com\/wp-content\/uploads\/2020\/11\/FOUFOU-Bathtub-15.jpg\",\"contentUrl\":\"https:\/\/foufou-champagne.com\/wp-content\/uploads\/2020\/11\/FOUFOU-Bathtub-15.jpg\",\"width\":1500,\"height\":1001,\"caption\":\"Champagner in Badewanne\"},{\"@type\":\"BreadcrumbList\",\"@id\":\"https:\/\/foufou-champagne.com\/de\/celebrate-yourself\/#breadcrumb\",\"itemListElement\":[{\"@type\":\"ListItem\",\"position\":1,\"name\":\"Startseite\",\"item\":\"https:\/\/foufou-champagne.com\/de\/\"},{\"@type\":\"ListItem\",\"position\":2,\"name\":\"Celebrate Yourself\"}]},{\"@type\":\"WebSite\",\"@id\":\"https:\/\/foufou-champagne.com\/de\/#website\",\"url\":\"https:\/\/foufou-champagne.com\/de\/\",\"name\":\"foufou-champagne.com\",\"description\":\"CHAMPAGNE BOUTIQUE\",\"potentialAction\":[{\"@type\":\"SearchAction\",\"target\":{\"@type\":\"EntryPoint\",\"urlTemplate\":\"https:\/\/foufou-champagne.com\/de\/?s={search_term_string}\"},\"query-input\":{\"@type\":\"PropertyValueSpecification\",\"valueRequired\":true,\"valueName\":\"search_term_string\"}}],\"inLanguage\":\"de\"}]}<\/script>\n<!-- \/ Yoast SEO plugin. -->","yoast_head_json":{"title":"Celebrate Yourself - foufou-champagne.com","description":"Champagner online bestellen, Wanne einlassen und Seele baumeln lassen. Unsere Champagner-Empfehlungen f\u00fcr einen maximal entspannten Tag.","robots":{"index":"index","follow":"follow","max-snippet":"max-snippet:-1","max-image-preview":"max-image-preview:large","max-video-preview":"max-video-preview:-1"},"canonical":"https:\/\/foufou-champagne.com\/de\/celebrate-yourself\/","og_locale":"de_DE","og_type":"article","og_title":"Celebrate Yourself - foufou-champagne.com","og_description":"Champagner online bestellen, Wanne einlassen und Seele baumeln lassen. Unsere Champagner-Empfehlungen f\u00fcr einen maximal entspannten Tag.","og_url":"https:\/\/foufou-champagne.com\/de\/celebrate-yourself\/","og_site_name":"foufou-champagne.com","article_modified_time":"2020-12-19T15:29:57+00:00","og_image":[{"width":1500,"height":1001,"url":"https:\/\/foufou-champagne.com\/wp-content\/uploads\/2020\/12\/FOUFOU-XMAS-27.jpg","type":"image\/jpeg"}],"twitter_card":"summary_large_image","schema":{"@context":"https:\/\/schema.org","@graph":[{"@type":"WebPage","@id":"https:\/\/foufou-champagne.com\/de\/celebrate-yourself\/","url":"https:\/\/foufou-champagne.com\/de\/celebrate-yourself\/","name":"Celebrate Yourself - foufou-champagne.com","isPartOf":{"@id":"https:\/\/foufou-champagne.com\/de\/#website"},"primaryImageOfPage":{"@id":"https:\/\/foufou-champagne.com\/de\/celebrate-yourself\/#primaryimage"},"image":{"@id":"https:\/\/foufou-champagne.com\/de\/celebrate-yourself\/#primaryimage"},"thumbnailUrl":"https:\/\/foufou-champagne.com\/wp-content\/uploads\/2020\/11\/FOUFOU-Bathtub-15.jpg","datePublished":"2020-12-18T22:23:03+00:00","dateModified":"2020-12-19T15:29:57+00:00","description":"Champagner online bestellen, Wanne einlassen und Seele baumeln lassen. Unsere Champagner-Empfehlungen f\u00fcr einen maximal entspannten Tag.","breadcrumb":{"@id":"https:\/\/foufou-champagne.com\/de\/celebrate-yourself\/#breadcrumb"},"inLanguage":"de","potentialAction":[{"@type":"ReadAction","target":["https:\/\/foufou-champagne.com\/de\/celebrate-yourself\/"]}]},{"@type":"ImageObject","inLanguage":"de","@id":"https:\/\/foufou-champagne.com\/de\/celebrate-yourself\/#primaryimage","url":"https:\/\/foufou-champagne.com\/wp-content\/uploads\/2020\/11\/FOUFOU-Bathtub-15.jpg","contentUrl":"https:\/\/foufou-champagne.com\/wp-content\/uploads\/2020\/11\/FOUFOU-Bathtub-15.jpg","width":1500,"height":1001,"caption":"Champagner in Badewanne"},{"@type":"BreadcrumbList","@id":"https:\/\/foufou-champagne.com\/de\/celebrate-yourself\/#breadcrumb","itemListElement":[{"@type":"ListItem","position":1,"name":"Startseite","item":"https:\/\/foufou-champagne.com\/de\/"},{"@type":"ListItem","position":2,"name":"Celebrate Yourself"}]},{"@type":"WebSite","@id":"https:\/\/foufou-champagne.com\/de\/#website","url":"https:\/\/foufou-champagne.com\/de\/","name":"foufou-champagne.com","description":"CHAMPAGNE BOUTIQUE","potentialAction":[{"@type":"SearchAction","target":{"@type":"EntryPoint","urlTemplate":"https:\/\/foufou-champagne.com\/de\/?s={search_term_string}"},"query-input":{"@type":"PropertyValueSpecification","valueRequired":true,"valueName":"search_term_string"}}],"inLanguage":"de"}]}},"_links":{"self":[{"href":"https:\/\/foufou-champagne.com\/de\/wp-json\/wp\/v2\/pages\/4592","targetHints":{"allow":["GET"]}}],"collection":[{"href":"https:\/\/foufou-champagne.com\/de\/wp-json\/wp\/v2\/pages"}],"about":[{"href":"https:\/\/foufou-champagne.com\/de\/wp-json\/wp\/v2\/types\/page"}],"author":[{"embeddable":true,"href":"https:\/\/foufou-champagne.com\/de\/wp-json\/wp\/v2\/users\/1"}],"replies":[{"embeddable":true,"href":"https:\/\/foufou-champagne.com\/de\/wp-json\/wp\/v2\/comments?post=4592"}],"version-history":[{"count":11,"href":"https:\/\/foufou-champagne.com\/de\/wp-json\/wp\/v2\/pages\/4592\/revisions"}],"predecessor-version":[{"id":7645,"href":"https:\/\/foufou-champagne.com\/de\/wp-json\/wp\/v2\/pages\/4592\/revisions\/7645"}],"wp:featuredmedia":[{"embeddable":true,"href":"https:\/\/foufou-champagne.com\/de\/wp-json\/wp\/v2\/media\/2833"}],"wp:attachment":[{"href":"https:\/\/foufou-champagne.com\/de\/wp-json\/wp\/v2\/media?parent=4592"}],"curies":[{"name":"wp","href":"https:\/\/api.w.org\/{rel}","templated":true}]}}