{"id":10315,"date":"2022-04-26T09:36:23","date_gmt":"2022-04-26T07:36:23","guid":{"rendered":"https:\/\/foufou-champagne.com\/?post_type=product&#038;p=10315"},"modified":"2026-02-11T16:04:37","modified_gmt":"2026-02-11T15:04:37","slug":"bruno-paillard-blanc-de-blancs","status":"publish","type":"product","link":"https:\/\/foufou-champagne.com\/de\/champagner\/bruno-paillard-blanc-de-blancs\/","title":{"rendered":"Bruno Paillard Blanc de Blancs Grand Cru"},"content":{"rendered":"<h4>Der Champagner<\/h4>\n<p>Dieser Champagner ist, wie die meisten Champagner von Bruno Paillard, extra brut. Die Trauben f\u00fcr diesen exzellenten Blanc de Blancs stammen ausschlie\u00dflich aus Grand Cru-D\u00f6rfern, haupts\u00e4chlich aus Le Mesnil sur Oger und Oger, wo Bruno Pailliard die eigenen Weinberge bewirtschaftet. Der Wein ruht mindestens 4 Jahre auf der Hefe, so wird die S\u00e4ure des Chardonnays weicher und der Champagner im gesamten cremiger. Bruno Paillard setzt dabei auf eine sehr langsame G\u00e4rung in der Flasche, dies sorgt f\u00fcr diese unfassbare zarte Perlage.<\/p>\n<p>Um den Champagner vor Licht zu sch\u00fctzen, wird er in einer biologisch abbaubaren UV-Schutzfolie aus Zellulose geliefert.<\/p>\n<h4>Tasting Note<\/h4>\n<ul>\n<li>Im Glas: Sehr zartes goldgelb mit gr\u00fcnen und silbernen Reflexen. Extrem feine, lebendige Perlage.<\/li>\n<li>In der Nase: Haupts\u00e4chlich Zitrus-Aromen wie Zitrone und Grapefruit. Auch die kalkige, mineralische Note ist sofort pr\u00e4sent. Mit ein bisschen Luft kann man auch Mandel und feine Briochenoten wahrnehmen.<\/li>\n<li>Am Gaumen: Der Auftakt ist lebendig und zeigt eine komplexe Kombination aus Zitrusfr\u00fcchten, wei\u00dfen Bl\u00fcten und mineralischen Noten. Die Perlage ist super fein, seidig und cremig. Der Abgang lang und frisch.<\/li>\n<\/ul>\n<h4>passt zu<\/h4>\n<ul>\n<li>Solo oder als Essensbegleitung.<\/li>\n<li>Dieser Champagner passt hervorragend zu Meeresfr\u00fcchten, speziell Austern.<\/li>\n<li>Er kann auch zu Fisch oder als Begleiter zu einem gesamten Men\u00fc gereicht werden, solange es keine besonders scharfen oder s\u00fc\u00dfen Gerichte sind.<\/li>\n<\/ul>\n<p>&nbsp;<\/p>\n<h4>Das Champagnerhaus Bruno Paillard<\/h4>\n<p><strong>Reinheit, Mineralit\u00e4t, Eleganz und Komplexit\u00e4t<\/strong><\/p>\n<p><a href=\"https:\/\/foufou-champagne.com\/de\/bruno-paillard\/\">Das Champagnerhaus<\/a> wurde 1981 von seinem Namensgeber Bruno Paillard gegr\u00fcndet und ist eines der j\u00fcngsten Champagnerh\u00e4user. Der Gr\u00fcnder stammt aus einer Traubenmakler- und Winzerfamilie, die seit mehr als drei Jahrhunderten im\u00a0 Herzen der Champagne lebt und arbeitet. Seine Idee und Philosophie ist es, die Quintessenz aus den besten Crus zu extrahieren, um daraus eine Komposition, einen gro\u00dfartigen Champagner zu kreieren. Seine Champagner findet man haupts\u00e4chlich in der gehobenen Gastronomie und im Weinfachhandel.<\/p>\n","protected":false},"excerpt":{"rendered":"<p>Ein wundersch\u00f6n zarter und cremiger Blanc de Blancs mit einer unverkennbaren Mineralit\u00e4t. Eine echte Kostbarkeit und ein Champagner der Spitzenklasse!<\/p>\n","protected":false},"featured_media":16231,"comment_status":"open","ping_status":"closed","template":"","meta":{"_acf_changed":false,"_editorskit_title_hidden":false,"_editorskit_reading_time":0,"_editorskit_is_block_options_detached":false,"_editorskit_block_options_position":"{}","_coblocks_attr":"","_coblocks_dimensions":"","_coblocks_responsive_height":"","_coblocks_accordion_ie_support":""},"product_brand":[],"product_cat":[15,163,436,154],"product_tag":[502,560,210],"class_list":{"0":"post-10315","1":"product","2":"type-product","3":"status-publish","4":"has-post-thumbnail","6":"product_cat-champagner","7":"product_cat-blanc-de-blancs","8":"product_cat-bruno-paillard-champagner","9":"product_cat-winzerchampagner","10":"product_tag-blanc-de-blancs","11":"product_tag-grand-cru","12":"product_tag-winzerchampagner","13":"product_shipping_class-standard","14":"pa_kategorie-blanc-de-blancs","15":"pa_kategorie-winzer-champagner","17":"first","18":"instock","19":"taxable","20":"shipping-taxable","21":"purchasable","22":"product-type-composite"},"composite_virtual":false,"composite_layout":"single","composite_add_to_cart_form_location":"default","composite_editable_in_cart":false,"composite_sold_individually_context":"product","composite_shop_price_calc":"defaults","composite_components":[{"id":"1686182836","title":"Geschenkverpackung (optional)","description":"","query_type":"product_ids","query_ids":[13154,16248],"default_option_id":"","thumbnail_id":"","thumbnail_src":"","quantity_min":1,"quantity_max":1,"priced_individually":true,"shipped_individually":false,"optional":true,"discount":"","options_style":"dropdowns","pagination_style":"classic","display_prices":"absolute","show_sorting_options":false,"show_filtering_options":false,"attribute_filter_ids":[],"select_action":"view","product_title_visible":false,"product_descr_visible":true,"product_price_visible":true,"product_thumb_visible":true,"subtotal_visible_product":false,"subtotal_visible_cart":false,"subtotal_visible_orders":false,"product_addons_visible":true},{"id":"1686182837","title":"Gru\u00dfkarte mit Mini-Bouquet (optional)","description":"","query_type":"category_ids","query_ids":[635],"default_option_id":"","thumbnail_id":"","thumbnail_src":"","quantity_min":1,"quantity_max":1,"priced_individually":true,"shipped_individually":false,"optional":true,"discount":"","options_style":"dropdowns","pagination_style":"classic","display_prices":"absolute","show_sorting_options":false,"show_filtering_options":false,"attribute_filter_ids":[],"select_action":"view","product_title_visible":false,"product_descr_visible":true,"product_price_visible":true,"product_thumb_visible":true,"subtotal_visible_product":false,"subtotal_visible_cart":false,"subtotal_visible_orders":false,"product_addons_visible":true}],"composite_scenarios":[],"exclude_global_add_ons":[],"addons":[],"acf":[],"yoast_head":"<!-- This site is optimized with the Yoast SEO plugin v26.8 - https:\/\/yoast.com\/product\/yoast-seo-wordpress\/ -->\n<title>Bruno Paillard Blanc de Blancs Grand Cru | FOUFOU CHAMPAGNE BOUTIQUE<\/title>\n<meta name=\"description\" content=\"Ein wundersch\u00f6n zarter und cremiger Blanc de Blancs mit einer unverkennbaren Mineralit\u00e4t. Eine echte Kostbarkeit und ein Champagner der Spitzenklasse!\" \/>\n<meta name=\"robots\" content=\"index, follow, max-snippet:-1, max-image-preview:large, max-video-preview:-1\" \/>\n<link rel=\"canonical\" href=\"https:\/\/foufou-champagne.com\/de\/champagner\/bruno-paillard-blanc-de-blancs\/\" \/>\n<meta property=\"og:locale\" content=\"de_DE\" \/>\n<meta property=\"og:type\" content=\"article\" \/>\n<meta property=\"og:title\" content=\"Bruno Paillard Blanc de Blancs Grand Cru | FOUFOU CHAMPAGNE BOUTIQUE\" \/>\n<meta property=\"og:description\" content=\"Ein wundersch\u00f6n zarter und cremiger Blanc de Blancs mit einer unverkennbaren Mineralit\u00e4t. Eine echte Kostbarkeit und ein Champagner der Spitzenklasse!\" \/>\n<meta property=\"og:url\" content=\"https:\/\/foufou-champagne.com\/de\/champagner\/bruno-paillard-blanc-de-blancs\/\" \/>\n<meta property=\"og:site_name\" content=\"foufou-champagne.com\" \/>\n<meta property=\"article:modified_time\" content=\"2026-02-11T15:04:37+00:00\" \/>\n<meta property=\"og:image\" content=\"https:\/\/foufou-champagne.com\/wp-content\/uploads\/2021\/05\/FOUFOU-Champagne-6-scaled.jpg\" \/>\n\t<meta property=\"og:image:width\" content=\"1707\" \/>\n\t<meta property=\"og:image:height\" content=\"2560\" \/>\n\t<meta property=\"og:image:type\" content=\"image\/jpeg\" \/>\n<meta name=\"twitter:card\" content=\"summary_large_image\" \/>\n<meta name=\"twitter:label1\" content=\"Gesch\u00e4tzte Lesezeit\" \/>\n\t<meta name=\"twitter:data1\" content=\"2\u00a0Minuten\" \/>\n<script type=\"application\/ld+json\" class=\"yoast-schema-graph\">{\"@context\":\"https:\/\/schema.org\",\"@graph\":[{\"@type\":\"WebPage\",\"@id\":\"https:\/\/foufou-champagne.com\/de\/champagner\/bruno-paillard-blanc-de-blancs\/\",\"url\":\"https:\/\/foufou-champagne.com\/de\/champagner\/bruno-paillard-blanc-de-blancs\/\",\"name\":\"Bruno Paillard Blanc de Blancs Grand Cru | FOUFOU CHAMPAGNE BOUTIQUE\",\"isPartOf\":{\"@id\":\"https:\/\/foufou-champagne.com\/de\/#website\"},\"primaryImageOfPage\":{\"@id\":\"https:\/\/foufou-champagne.com\/de\/champagner\/bruno-paillard-blanc-de-blancs\/#primaryimage\"},\"image\":{\"@id\":\"https:\/\/foufou-champagne.com\/de\/champagner\/bruno-paillard-blanc-de-blancs\/#primaryimage\"},\"thumbnailUrl\":\"https:\/\/foufou-champagne.com\/wp-content\/uploads\/2021\/05\/FOUFOU-Champagne-6-scaled.jpg\",\"datePublished\":\"2022-04-26T07:36:23+00:00\",\"dateModified\":\"2026-02-11T15:04:37+00:00\",\"description\":\"Ein wundersch\u00f6n zarter und cremiger Blanc de Blancs mit einer unverkennbaren Mineralit\u00e4t. Eine echte Kostbarkeit und ein Champagner der Spitzenklasse!\",\"breadcrumb\":{\"@id\":\"https:\/\/foufou-champagne.com\/de\/champagner\/bruno-paillard-blanc-de-blancs\/#breadcrumb\"},\"inLanguage\":\"de\",\"potentialAction\":[{\"@type\":\"ReadAction\",\"target\":[\"https:\/\/foufou-champagne.com\/de\/champagner\/bruno-paillard-blanc-de-blancs\/\"]}]},{\"@type\":\"ImageObject\",\"inLanguage\":\"de\",\"@id\":\"https:\/\/foufou-champagne.com\/de\/champagner\/bruno-paillard-blanc-de-blancs\/#primaryimage\",\"url\":\"https:\/\/foufou-champagne.com\/wp-content\/uploads\/2021\/05\/FOUFOU-Champagne-6-scaled.jpg\",\"contentUrl\":\"https:\/\/foufou-champagne.com\/wp-content\/uploads\/2021\/05\/FOUFOU-Champagne-6-scaled.jpg\",\"width\":1707,\"height\":2560},{\"@type\":\"BreadcrumbList\",\"@id\":\"https:\/\/foufou-champagne.com\/de\/champagner\/bruno-paillard-blanc-de-blancs\/#breadcrumb\",\"itemListElement\":[{\"@type\":\"ListItem\",\"position\":1,\"name\":\"Startseite\",\"item\":\"https:\/\/foufou-champagne.com\/de\/\"},{\"@type\":\"ListItem\",\"position\":2,\"name\":\"Shop\",\"item\":\"https:\/\/foufou-champagne.com\/de\/shop\/\"},{\"@type\":\"ListItem\",\"position\":3,\"name\":\"Bruno Paillard Blanc de Blancs Grand Cru\"}]},{\"@type\":\"WebSite\",\"@id\":\"https:\/\/foufou-champagne.com\/de\/#website\",\"url\":\"https:\/\/foufou-champagne.com\/de\/\",\"name\":\"foufou-champagne.com\",\"description\":\"CHAMPAGNE BOUTIQUE\",\"potentialAction\":[{\"@type\":\"SearchAction\",\"target\":{\"@type\":\"EntryPoint\",\"urlTemplate\":\"https:\/\/foufou-champagne.com\/de\/?s={search_term_string}\"},\"query-input\":{\"@type\":\"PropertyValueSpecification\",\"valueRequired\":true,\"valueName\":\"search_term_string\"}}],\"inLanguage\":\"de\"}]}<\/script>\n<!-- \/ Yoast SEO plugin. -->","yoast_head_json":{"title":"Bruno Paillard Blanc de Blancs Grand Cru | FOUFOU CHAMPAGNE BOUTIQUE","description":"Ein wundersch\u00f6n zarter und cremiger Blanc de Blancs mit einer unverkennbaren Mineralit\u00e4t. Eine echte Kostbarkeit und ein Champagner der Spitzenklasse!","robots":{"index":"index","follow":"follow","max-snippet":"max-snippet:-1","max-image-preview":"max-image-preview:large","max-video-preview":"max-video-preview:-1"},"canonical":"https:\/\/foufou-champagne.com\/de\/champagner\/bruno-paillard-blanc-de-blancs\/","og_locale":"de_DE","og_type":"article","og_title":"Bruno Paillard Blanc de Blancs Grand Cru | FOUFOU CHAMPAGNE BOUTIQUE","og_description":"Ein wundersch\u00f6n zarter und cremiger Blanc de Blancs mit einer unverkennbaren Mineralit\u00e4t. Eine echte Kostbarkeit und ein Champagner der Spitzenklasse!","og_url":"https:\/\/foufou-champagne.com\/de\/champagner\/bruno-paillard-blanc-de-blancs\/","og_site_name":"foufou-champagne.com","article_modified_time":"2026-02-11T15:04:37+00:00","og_image":[{"width":1707,"height":2560,"url":"https:\/\/foufou-champagne.com\/wp-content\/uploads\/2021\/05\/FOUFOU-Champagne-6-scaled.jpg","type":"image\/jpeg"}],"twitter_card":"summary_large_image","twitter_misc":{"Gesch\u00e4tzte Lesezeit":"2\u00a0Minuten"},"schema":{"@context":"https:\/\/schema.org","@graph":[{"@type":"WebPage","@id":"https:\/\/foufou-champagne.com\/de\/champagner\/bruno-paillard-blanc-de-blancs\/","url":"https:\/\/foufou-champagne.com\/de\/champagner\/bruno-paillard-blanc-de-blancs\/","name":"Bruno Paillard Blanc de Blancs Grand Cru | FOUFOU CHAMPAGNE BOUTIQUE","isPartOf":{"@id":"https:\/\/foufou-champagne.com\/de\/#website"},"primaryImageOfPage":{"@id":"https:\/\/foufou-champagne.com\/de\/champagner\/bruno-paillard-blanc-de-blancs\/#primaryimage"},"image":{"@id":"https:\/\/foufou-champagne.com\/de\/champagner\/bruno-paillard-blanc-de-blancs\/#primaryimage"},"thumbnailUrl":"https:\/\/foufou-champagne.com\/wp-content\/uploads\/2021\/05\/FOUFOU-Champagne-6-scaled.jpg","datePublished":"2022-04-26T07:36:23+00:00","dateModified":"2026-02-11T15:04:37+00:00","description":"Ein wundersch\u00f6n zarter und cremiger Blanc de Blancs mit einer unverkennbaren Mineralit\u00e4t. Eine echte Kostbarkeit und ein Champagner der Spitzenklasse!","breadcrumb":{"@id":"https:\/\/foufou-champagne.com\/de\/champagner\/bruno-paillard-blanc-de-blancs\/#breadcrumb"},"inLanguage":"de","potentialAction":[{"@type":"ReadAction","target":["https:\/\/foufou-champagne.com\/de\/champagner\/bruno-paillard-blanc-de-blancs\/"]}]},{"@type":"ImageObject","inLanguage":"de","@id":"https:\/\/foufou-champagne.com\/de\/champagner\/bruno-paillard-blanc-de-blancs\/#primaryimage","url":"https:\/\/foufou-champagne.com\/wp-content\/uploads\/2021\/05\/FOUFOU-Champagne-6-scaled.jpg","contentUrl":"https:\/\/foufou-champagne.com\/wp-content\/uploads\/2021\/05\/FOUFOU-Champagne-6-scaled.jpg","width":1707,"height":2560},{"@type":"BreadcrumbList","@id":"https:\/\/foufou-champagne.com\/de\/champagner\/bruno-paillard-blanc-de-blancs\/#breadcrumb","itemListElement":[{"@type":"ListItem","position":1,"name":"Startseite","item":"https:\/\/foufou-champagne.com\/de\/"},{"@type":"ListItem","position":2,"name":"Shop","item":"https:\/\/foufou-champagne.com\/de\/shop\/"},{"@type":"ListItem","position":3,"name":"Bruno Paillard Blanc de Blancs Grand Cru"}]},{"@type":"WebSite","@id":"https:\/\/foufou-champagne.com\/de\/#website","url":"https:\/\/foufou-champagne.com\/de\/","name":"foufou-champagne.com","description":"CHAMPAGNE BOUTIQUE","potentialAction":[{"@type":"SearchAction","target":{"@type":"EntryPoint","urlTemplate":"https:\/\/foufou-champagne.com\/de\/?s={search_term_string}"},"query-input":{"@type":"PropertyValueSpecification","valueRequired":true,"valueName":"search_term_string"}}],"inLanguage":"de"}]}},"_links":{"self":[{"href":"https:\/\/foufou-champagne.com\/de\/wp-json\/wp\/v2\/product\/10315","targetHints":{"allow":["GET"]}}],"collection":[{"href":"https:\/\/foufou-champagne.com\/de\/wp-json\/wp\/v2\/product"}],"about":[{"href":"https:\/\/foufou-champagne.com\/de\/wp-json\/wp\/v2\/types\/product"}],"replies":[{"embeddable":true,"href":"https:\/\/foufou-champagne.com\/de\/wp-json\/wp\/v2\/comments?post=10315"}],"wp:featuredmedia":[{"embeddable":true,"href":"https:\/\/foufou-champagne.com\/de\/wp-json\/wp\/v2\/media\/16231"}],"wp:attachment":[{"href":"https:\/\/foufou-champagne.com\/de\/wp-json\/wp\/v2\/media?parent=10315"}],"wp:term":[{"taxonomy":"product_brand","embeddable":true,"href":"https:\/\/foufou-champagne.com\/de\/wp-json\/wp\/v2\/product_brand?post=10315"},{"taxonomy":"product_cat","embeddable":true,"href":"https:\/\/foufou-champagne.com\/de\/wp-json\/wp\/v2\/product_cat?post=10315"},{"taxonomy":"product_tag","embeddable":true,"href":"https:\/\/foufou-champagne.com\/de\/wp-json\/wp\/v2\/product_tag?post=10315"}],"curies":[{"name":"wp","href":"https:\/\/api.w.org\/{rel}","templated":true}]}}