{"id":10398,"date":"2022-05-02T17:44:18","date_gmt":"2022-05-02T15:44:18","guid":{"rendered":"https:\/\/foufou-champagne.com\/?post_type=product&#038;p=10398"},"modified":"2025-12-18T13:42:42","modified_gmt":"2025-12-18T12:42:42","slug":"larmandier-bernier-vieille-vigne-du-levant-2013","status":"publish","type":"product","link":"https:\/\/foufou-champagne.com\/de\/champagner\/larmandier-bernier-vieille-vigne-du-levant-2013\/","title":{"rendered":"Larmandier-Bernier Vieille Vigne du Levant Grand Cru 2013 Extra Brut"},"content":{"rendered":"<h4>Der Champagner<\/h4>\n<p>Larmandier Bernier ist einer der Winzerfamilien, die ihr Augenmerk ausschlie\u00dflich auf den Herkunftscharakter und den Ausbau der Weine legen. Ihr Erfolgsrezept? Gesunde, lebendige B\u00f6den, alte, widerstandsf\u00e4hige Rebsorten, starke einheimische Hefen, handgelesene reife Trauben, Eichenf\u00e4sser und Barriques. Ihre Champagner sind alle Ausdruck einer spezifischen Lage, meist auch einer Rebsorte, oft auch aus einer Ernte, wie in diesem Fall. Dieser Jahrgangs-Champagner aus 100% Chardonnay ist ein erstklassiger Vertreter der C\u00f4te des Blancs. Der Chardonnay stammt von sehr alten Rebst\u00f6cken in Cramant auf einem gro\u00dfen, nach S\u00fcdosten ausgerichteten Grand Cru Terroir. Die 50-80 Jahre alten Rebst\u00f6cke wurzeln sehr tief \u2013 das und ihre genetische Vielfalt tr\u00e4gt zur Komplexit\u00e4t dieses Blanc de Blancs Champagners bei. Der Champagner reifte \u00fcber 7 Jahre auf der Hefe, was ihm seine wunderbare Cremigkeit verleiht und zur Komplexit\u00e4t beitr\u00e4gt. Ein cremiger, vollmundiger und pr\u00e4gnanter Blanc de Blancs Champagner mit feinen zitrisch-mineralischen und salzigen Noten, strahlenden S\u00e4uren und mit beeindruckender L\u00e4nge. Ein echtes Highlight von der C\u00f4te de Blancs und ein echtes Highlight dieses Jahrgangs! Unbedingt probieren!<\/p>\n<h4>Tasting Note<\/h4>\n<ul>\n<li>Im Glas: strahlendes Zitronengelb und stetige, feine Perlage<\/li>\n<li>In der Nase:\u00a0 Dieser Blanc de Blancs ist schon in der Nase sehr pr\u00e4sent und intensiv: Zitrusschalen, Apfel und warmes Brot, gefolgt von der f\u00fcr Larmandier typischen Mineralik. Mit etwas Bel\u00fcftung kann man immer mehr mineralische und salzige Noten und D\u00fcfte von gelben Fr\u00fcchten wahrnehmen.<\/li>\n<li>Am Gaumen: Zun\u00e4chst \u00fcberrascht die super cremig-feine Struktur des Champagners. Zarte Noten von Brioche, Zitronenzeste und Kalkstein verw\u00f6hnen den Gaumen, gefolgt von einer leicht salzigen Note im langen Finale. Dieser Champagner ist grazil und kraftvoll zu gleich.<\/li>\n<\/ul>\n<h4>Passt zu<\/h4>\n<ul>\n<li>Als Aperitif und zu Canap\u00e9s aller Art<\/li>\n<li>Zu Krustentieren wie Hummer, Kaisergranat oder Garnelen<\/li>\n<li>Zu gegrilltem Seefisch \u00e0 la plancha (bspw. Wolfsbarsch oder Meerbarbe)<\/li>\n<\/ul>\n<div class=\"row row--collapse align-left\">\n<div class=\"col col-sm-12 col-xlg-12\">\n<div class=\"cmsPlainText\">\n<div class=\"row\">\n<div class=\"col col-sm-12\">\n<div class=\"cmsPlainText__content\">\n<div class=\"cmsPlainText__split cmsPlainText__split--1\">\n<h4>Das Champagnerhaus Larmandier-Bernier<\/h4>\n<p><span class=\"TextRun SCXW266697620 BCX4\" lang=\"DE-DE\" xml:lang=\"DE-DE\" data-contrast=\"auto\"><span class=\"NormalTextRun SCXW266697620 BCX4\">Die Familie <\/span><\/span><a href=\"https:\/\/foufou-champagne.com\/de\/larmandier-bernier\/\"><span class=\"TextRun SCXW266697620 BCX4\" lang=\"DE-DE\" xml:lang=\"DE-DE\" data-contrast=\"auto\"><span class=\"NormalTextRun SpellingErrorV2 SCXW266697620 BCX4\">Larmandier-Bernier<\/span><\/span><\/a><span class=\"TextRun SCXW266697620 BCX4\" lang=\"DE-DE\" xml:lang=\"DE-DE\" data-contrast=\"auto\"><span class=\"NormalTextRun SCXW266697620 BCX4\"> baut ihren Wein f\u00fcr den Champagner in der N\u00e4he der Orte <\/span><\/span><span class=\"TextRun SCXW266697620 BCX4\" lang=\"DE-DE\" xml:lang=\"DE-DE\" data-contrast=\"auto\"><span class=\"NormalTextRun SpellingErrorV2 SCXW266697620 BCX4\">Vertus<\/span><\/span><span class=\"TextRun SCXW266697620 BCX4\" lang=\"DE-DE\" xml:lang=\"DE-DE\" data-contrast=\"auto\"><span class=\"NormalTextRun SCXW266697620 BCX4\">, <\/span><\/span><span class=\"TextRun SCXW266697620 BCX4\" lang=\"DE-DE\" xml:lang=\"DE-DE\" data-contrast=\"auto\"><span class=\"NormalTextRun SpellingErrorV2 SCXW266697620 BCX4\">Cramant<\/span><\/span><span class=\"TextRun SCXW266697620 BCX4\" lang=\"DE-DE\" xml:lang=\"DE-DE\" data-contrast=\"auto\"><span class=\"NormalTextRun SCXW266697620 BCX4\">, <\/span><\/span><span class=\"TextRun SCXW266697620 BCX4\" lang=\"DE-DE\" xml:lang=\"DE-DE\" data-contrast=\"auto\"><span class=\"NormalTextRun SpellingErrorV2 SCXW266697620 BCX4\">Chouilly<\/span><\/span><span class=\"TextRun SCXW266697620 BCX4\" lang=\"DE-DE\" xml:lang=\"DE-DE\" data-contrast=\"auto\"><span class=\"NormalTextRun SCXW266697620 BCX4\">, Oger und <\/span><\/span><span class=\"TextRun SCXW266697620 BCX4\" lang=\"DE-DE\" xml:lang=\"DE-DE\" data-contrast=\"auto\"><span class=\"NormalTextRun SpellingErrorV2 SCXW266697620 BCX4\">Avize<\/span><\/span><span class=\"TextRun SCXW266697620 BCX4\" lang=\"DE-DE\" xml:lang=\"DE-DE\" data-contrast=\"auto\"><span class=\"NormalTextRun SCXW266697620 BCX4\"> an. Ihr<\/span><\/span><span class=\"TextRun SCXW266697620 BCX4\" lang=\"DE-DE\" xml:lang=\"DE-DE\" data-contrast=\"auto\"><span class=\"NormalTextRun SCXW266697620 BCX4\">e<\/span><\/span> <span class=\"TextRun SCXW266697620 BCX4\" lang=\"DE-DE\" xml:lang=\"DE-DE\" data-contrast=\"auto\"><span class=\"NormalTextRun SCXW266697620 BCX4\">Besonderheit<\/span><\/span><span class=\"TextRun SCXW266697620 BCX4\" lang=\"DE-DE\" xml:lang=\"DE-DE\" data-contrast=\"auto\"><span class=\"NormalTextRun SCXW266697620 BCX4\"> ist die spontane G\u00e4rung des Weins mit nat\u00fcrlichen Hefen. Dadurch <\/span><\/span><span class=\"TextRun SCXW266697620 BCX4\" lang=\"DE-DE\" xml:lang=\"DE-DE\" data-contrast=\"auto\"><span class=\"NormalTextRun ContextualSpellingAndGrammarErrorV2 SCXW266697620 BCX4\">hat<\/span><\/span><span class=\"TextRun SCXW266697620 BCX4\" lang=\"DE-DE\" xml:lang=\"DE-DE\" data-contrast=\"auto\"><span class=\"NormalTextRun SCXW266697620 BCX4\"> jeder Jahrgang<\/span><\/span><span class=\"TextRun SCXW266697620 BCX4\" lang=\"DE-DE\" xml:lang=\"DE-DE\" data-contrast=\"auto\"><span class=\"NormalTextRun SCXW266697620 BCX4\">, jede Lage<\/span><\/span><span class=\"TextRun SCXW266697620 BCX4\" lang=\"DE-DE\" xml:lang=\"DE-DE\" data-contrast=\"auto\"><span class=\"NormalTextRun SCXW266697620 BCX4\"> und jedes Fass seine eigene Hefe<\/span><\/span><span class=\"TextRun SCXW266697620 BCX4\" lang=\"DE-DE\" xml:lang=\"DE-DE\" data-contrast=\"auto\"><span class=\"NormalTextRun SCXW266697620 BCX4\">, was einen sehr authentischen und faszinierenden <\/span><\/span><span class=\"TextRun SCXW266697620 BCX4\" lang=\"DE-DE\" xml:lang=\"DE-DE\" data-contrast=\"auto\"><span class=\"NormalTextRun SCXW266697620 BCX4\">Champagner<\/span><\/span><span class=\"TextRun SCXW266697620 BCX4\" lang=\"DE-DE\" xml:lang=\"DE-DE\" data-contrast=\"auto\"><span class=\"NormalTextRun SCXW266697620 BCX4\"> erzeugt. Die Champagner sind zudem sehr vielf\u00e4ltig, da jede Lage einzeln ein Jahr im <\/span><\/span><span class=\"TextRun SCXW266697620 BCX4\" lang=\"DE-DE\" xml:lang=\"DE-DE\" data-contrast=\"auto\"><span class=\"NormalTextRun SCXW266697620 BCX4\">Barrique<\/span><\/span><span class=\"TextRun SCXW266697620 BCX4\" lang=\"DE-DE\" xml:lang=\"DE-DE\" data-contrast=\"auto\"><span class=\"NormalTextRun SCXW266697620 BCX4\"> oder Fuder ausgebaut werden, bevor sie mehrere Jahre reifen. Die Champagner erhalten eine geringe <\/span><\/span><span class=\"TextRun SCXW266697620 BCX4\" lang=\"DE-DE\" xml:lang=\"DE-DE\" data-contrast=\"auto\"><span class=\"NormalTextRun SCXW266697620 BCX4\">Dosage<\/span><\/span><span class=\"TextRun SCXW266697620 BCX4\" lang=\"DE-DE\" xml:lang=\"DE-DE\" data-contrast=\"auto\"><span class=\"NormalTextRun SCXW266697620 BCX4\">, zwischen 0 und 0,4 g\/l. Demnach sind Frische, Authentizit\u00e4t und pr\u00e4zise <\/span><\/span><span class=\"TextRun SCXW266697620 BCX4\" lang=\"DE-DE\" xml:lang=\"DE-DE\" data-contrast=\"auto\"><span class=\"NormalTextRun SCXW266697620 BCX4\">Mineralit\u00e4t<\/span><\/span><span class=\"TextRun SCXW266697620 BCX4\" lang=\"DE-DE\" xml:lang=\"DE-DE\" data-contrast=\"auto\"><span class=\"NormalTextRun SCXW266697620 BCX4\"> die Markenzeichen des Champagnerhauses <\/span><\/span><span class=\"TextRun SCXW266697620 BCX4\" lang=\"DE-DE\" xml:lang=\"DE-DE\" data-contrast=\"auto\"><span class=\"NormalTextRun SpellingErrorV2 SCXW266697620 BCX4\">Larmandier-Bernier<\/span><\/span><span class=\"TextRun SCXW266697620 BCX4\" lang=\"DE-DE\" xml:lang=\"DE-DE\" data-contrast=\"auto\"><span class=\"NormalTextRun SCXW266697620 BCX4\">.\u00a0<\/span><\/span><span class=\"EOP SCXW266697620 BCX4\" data-ccp-props=\"{}\">\u00a0<\/span><\/p>\n<\/div>\n<\/div>\n<\/div>\n<\/div>\n<\/div>\n<\/div>\n<\/div>\n","protected":false},"excerpt":{"rendered":"<p>Ein echtes Highlight von der C\u00f4te des Blancs, ein echtes Highlight dieses Jahrgangs UND biodynamisch angebaut! Unbedingt probieren!<\/p>\n<p>&nbsp;<\/p>\n","protected":false},"featured_media":10400,"comment_status":"open","ping_status":"closed","template":"","meta":{"_acf_changed":false,"_editorskit_title_hidden":false,"_editorskit_reading_time":0,"_editorskit_is_block_options_detached":false,"_editorskit_block_options_position":"{}","_coblocks_attr":"","_coblocks_dimensions":"","_coblocks_responsive_height":"","_coblocks_accordion_ie_support":""},"product_brand":[],"product_cat":[15,66,163,141,450],"product_tag":[643,167,143,142,210],"class_list":{"0":"post-10398","1":"product","2":"type-product","3":"status-publish","4":"has-post-thumbnail","6":"product_cat-champagner","7":"product_cat-bio-champagner","8":"product_cat-blanc-de-blancs","9":"product_cat-jahrgangschampagner","10":"product_cat-larmandier-bernier-champagner","11":"product_tag-643","12":"product_tag-bio-champagner","13":"product_tag-jahrgangs-champagner","14":"product_tag-vintage-champagner","15":"product_tag-winzerchampagner","16":"product_shipping_class-standard","17":"pa_kategorie-bio-champagner","18":"pa_kategorie-blanc-de-blancs","19":"pa_kategorie-vintage-champagner","20":"pa_kategorie-winzer-champagner","22":"first","23":"instock","24":"taxable","25":"shipping-taxable","26":"purchasable","27":"product-type-composite"},"composite_virtual":false,"composite_layout":"single","composite_add_to_cart_form_location":"default","composite_editable_in_cart":false,"composite_sold_individually_context":"product","composite_shop_price_calc":"defaults","composite_components":[{"id":"1686161914","title":"Geschenkverpackung (optional)","description":"","query_type":"product_ids","query_ids":[4402,13154],"default_option_id":"","thumbnail_id":"","thumbnail_src":"","quantity_min":1,"quantity_max":1,"priced_individually":true,"shipped_individually":false,"optional":true,"discount":"","options_style":"dropdowns","pagination_style":"classic","display_prices":"absolute","show_sorting_options":false,"show_filtering_options":false,"attribute_filter_ids":[],"select_action":"view","product_title_visible":false,"product_descr_visible":true,"product_price_visible":true,"product_thumb_visible":true,"subtotal_visible_product":false,"subtotal_visible_cart":false,"subtotal_visible_orders":false,"product_addons_visible":true},{"id":"1686161915","title":"Gru\u00dfkarte mit Mini-Bouquet (optional)","description":"","query_type":"category_ids","query_ids":[635],"default_option_id":"","thumbnail_id":"","thumbnail_src":"","quantity_min":1,"quantity_max":1,"priced_individually":true,"shipped_individually":false,"optional":true,"discount":"","options_style":"dropdowns","pagination_style":"classic","display_prices":"absolute","show_sorting_options":false,"show_filtering_options":false,"attribute_filter_ids":[],"select_action":"view","product_title_visible":false,"product_descr_visible":true,"product_price_visible":true,"product_thumb_visible":true,"subtotal_visible_product":false,"subtotal_visible_cart":false,"subtotal_visible_orders":false,"product_addons_visible":true}],"composite_scenarios":[],"exclude_global_add_ons":[],"addons":[],"acf":[],"yoast_head":"<!-- This site is optimized with the Yoast SEO plugin v26.8 - https:\/\/yoast.com\/product\/yoast-seo-wordpress\/ -->\n<title>Larmandier-Bernier Vieille Vigne du Levant Grand Cru 2013 Extra Brut<\/title>\n<meta name=\"description\" content=\"Ein echtes Highlight von der C\u00f4te des Blancs und ein echtes Highlight dieses Jahrgangs! Unbedingt probieren! Hier mehr.\" \/>\n<meta name=\"robots\" content=\"index, follow, max-snippet:-1, max-image-preview:large, max-video-preview:-1\" \/>\n<link rel=\"canonical\" href=\"https:\/\/foufou-champagne.com\/de\/champagner\/larmandier-bernier-vieille-vigne-du-levant-2013\/\" \/>\n<meta property=\"og:locale\" content=\"de_DE\" \/>\n<meta property=\"og:type\" content=\"article\" \/>\n<meta property=\"og:title\" content=\"Larmandier-Bernier Vieille Vigne du Levant Grand Cru 2013 Extra Brut\" \/>\n<meta property=\"og:description\" content=\"Ein echtes Highlight von der C\u00f4te des Blancs und ein echtes Highlight dieses Jahrgangs! Unbedingt probieren! Hier mehr.\" \/>\n<meta property=\"og:url\" content=\"https:\/\/foufou-champagne.com\/de\/champagner\/larmandier-bernier-vieille-vigne-du-levant-2013\/\" \/>\n<meta property=\"og:site_name\" content=\"foufou-champagne.com\" \/>\n<meta property=\"article:modified_time\" content=\"2025-12-18T12:42:42+00:00\" \/>\n<meta property=\"og:image\" content=\"https:\/\/foufou-champagne.com\/wp-content\/uploads\/2022\/05\/Champagne-FouFou-Champagne-Boutique-1.png\" \/>\n\t<meta property=\"og:image:width\" content=\"800\" \/>\n\t<meta property=\"og:image:height\" content=\"1000\" \/>\n\t<meta property=\"og:image:type\" content=\"image\/png\" \/>\n<meta name=\"twitter:card\" content=\"summary_large_image\" \/>\n<meta name=\"twitter:label1\" content=\"Gesch\u00e4tzte Lesezeit\" \/>\n\t<meta name=\"twitter:data1\" content=\"3\u00a0Minuten\" \/>\n<script type=\"application\/ld+json\" class=\"yoast-schema-graph\">{\"@context\":\"https:\/\/schema.org\",\"@graph\":[{\"@type\":\"WebPage\",\"@id\":\"https:\/\/foufou-champagne.com\/de\/champagner\/larmandier-bernier-vieille-vigne-du-levant-2013\/\",\"url\":\"https:\/\/foufou-champagne.com\/de\/champagner\/larmandier-bernier-vieille-vigne-du-levant-2013\/\",\"name\":\"Larmandier-Bernier Vieille Vigne du Levant Grand Cru 2013 Extra Brut\",\"isPartOf\":{\"@id\":\"https:\/\/foufou-champagne.com\/de\/#website\"},\"primaryImageOfPage\":{\"@id\":\"https:\/\/foufou-champagne.com\/de\/champagner\/larmandier-bernier-vieille-vigne-du-levant-2013\/#primaryimage\"},\"image\":{\"@id\":\"https:\/\/foufou-champagne.com\/de\/champagner\/larmandier-bernier-vieille-vigne-du-levant-2013\/#primaryimage\"},\"thumbnailUrl\":\"https:\/\/foufou-champagne.com\/wp-content\/uploads\/2022\/05\/Champagne-FouFou-Champagne-Boutique-1.png\",\"datePublished\":\"2022-05-02T15:44:18+00:00\",\"dateModified\":\"2025-12-18T12:42:42+00:00\",\"description\":\"Ein echtes Highlight von der C\u00f4te des Blancs und ein echtes Highlight dieses Jahrgangs! Unbedingt probieren! Hier mehr.\",\"breadcrumb\":{\"@id\":\"https:\/\/foufou-champagne.com\/de\/champagner\/larmandier-bernier-vieille-vigne-du-levant-2013\/#breadcrumb\"},\"inLanguage\":\"de\",\"potentialAction\":[{\"@type\":\"ReadAction\",\"target\":[\"https:\/\/foufou-champagne.com\/de\/champagner\/larmandier-bernier-vieille-vigne-du-levant-2013\/\"]}]},{\"@type\":\"ImageObject\",\"inLanguage\":\"de\",\"@id\":\"https:\/\/foufou-champagne.com\/de\/champagner\/larmandier-bernier-vieille-vigne-du-levant-2013\/#primaryimage\",\"url\":\"https:\/\/foufou-champagne.com\/wp-content\/uploads\/2022\/05\/Champagne-FouFou-Champagne-Boutique-1.png\",\"contentUrl\":\"https:\/\/foufou-champagne.com\/wp-content\/uploads\/2022\/05\/Champagne-FouFou-Champagne-Boutique-1.png\",\"width\":800,\"height\":1000,\"caption\":\"larmandier-bernier-vieille-vigne-du-levant-2011\"},{\"@type\":\"BreadcrumbList\",\"@id\":\"https:\/\/foufou-champagne.com\/de\/champagner\/larmandier-bernier-vieille-vigne-du-levant-2013\/#breadcrumb\",\"itemListElement\":[{\"@type\":\"ListItem\",\"position\":1,\"name\":\"Startseite\",\"item\":\"https:\/\/foufou-champagne.com\/de\/\"},{\"@type\":\"ListItem\",\"position\":2,\"name\":\"Shop\",\"item\":\"https:\/\/foufou-champagne.com\/de\/shop\/\"},{\"@type\":\"ListItem\",\"position\":3,\"name\":\"Larmandier-Bernier Vieille Vigne du Levant Grand Cru 2013 Extra Brut\"}]},{\"@type\":\"WebSite\",\"@id\":\"https:\/\/foufou-champagne.com\/de\/#website\",\"url\":\"https:\/\/foufou-champagne.com\/de\/\",\"name\":\"foufou-champagne.com\",\"description\":\"CHAMPAGNE BOUTIQUE\",\"potentialAction\":[{\"@type\":\"SearchAction\",\"target\":{\"@type\":\"EntryPoint\",\"urlTemplate\":\"https:\/\/foufou-champagne.com\/de\/?s={search_term_string}\"},\"query-input\":{\"@type\":\"PropertyValueSpecification\",\"valueRequired\":true,\"valueName\":\"search_term_string\"}}],\"inLanguage\":\"de\"}]}<\/script>\n<!-- \/ Yoast SEO plugin. -->","yoast_head_json":{"title":"Larmandier-Bernier Vieille Vigne du Levant Grand Cru 2013 Extra Brut","description":"Ein echtes Highlight von der C\u00f4te des Blancs und ein echtes Highlight dieses Jahrgangs! Unbedingt probieren! Hier mehr.","robots":{"index":"index","follow":"follow","max-snippet":"max-snippet:-1","max-image-preview":"max-image-preview:large","max-video-preview":"max-video-preview:-1"},"canonical":"https:\/\/foufou-champagne.com\/de\/champagner\/larmandier-bernier-vieille-vigne-du-levant-2013\/","og_locale":"de_DE","og_type":"article","og_title":"Larmandier-Bernier Vieille Vigne du Levant Grand Cru 2013 Extra Brut","og_description":"Ein echtes Highlight von der C\u00f4te des Blancs und ein echtes Highlight dieses Jahrgangs! Unbedingt probieren! Hier mehr.","og_url":"https:\/\/foufou-champagne.com\/de\/champagner\/larmandier-bernier-vieille-vigne-du-levant-2013\/","og_site_name":"foufou-champagne.com","article_modified_time":"2025-12-18T12:42:42+00:00","og_image":[{"width":800,"height":1000,"url":"https:\/\/foufou-champagne.com\/wp-content\/uploads\/2022\/05\/Champagne-FouFou-Champagne-Boutique-1.png","type":"image\/png"}],"twitter_card":"summary_large_image","twitter_misc":{"Gesch\u00e4tzte Lesezeit":"3\u00a0Minuten"},"schema":{"@context":"https:\/\/schema.org","@graph":[{"@type":"WebPage","@id":"https:\/\/foufou-champagne.com\/de\/champagner\/larmandier-bernier-vieille-vigne-du-levant-2013\/","url":"https:\/\/foufou-champagne.com\/de\/champagner\/larmandier-bernier-vieille-vigne-du-levant-2013\/","name":"Larmandier-Bernier Vieille Vigne du Levant Grand Cru 2013 Extra Brut","isPartOf":{"@id":"https:\/\/foufou-champagne.com\/de\/#website"},"primaryImageOfPage":{"@id":"https:\/\/foufou-champagne.com\/de\/champagner\/larmandier-bernier-vieille-vigne-du-levant-2013\/#primaryimage"},"image":{"@id":"https:\/\/foufou-champagne.com\/de\/champagner\/larmandier-bernier-vieille-vigne-du-levant-2013\/#primaryimage"},"thumbnailUrl":"https:\/\/foufou-champagne.com\/wp-content\/uploads\/2022\/05\/Champagne-FouFou-Champagne-Boutique-1.png","datePublished":"2022-05-02T15:44:18+00:00","dateModified":"2025-12-18T12:42:42+00:00","description":"Ein echtes Highlight von der C\u00f4te des Blancs und ein echtes Highlight dieses Jahrgangs! Unbedingt probieren! Hier mehr.","breadcrumb":{"@id":"https:\/\/foufou-champagne.com\/de\/champagner\/larmandier-bernier-vieille-vigne-du-levant-2013\/#breadcrumb"},"inLanguage":"de","potentialAction":[{"@type":"ReadAction","target":["https:\/\/foufou-champagne.com\/de\/champagner\/larmandier-bernier-vieille-vigne-du-levant-2013\/"]}]},{"@type":"ImageObject","inLanguage":"de","@id":"https:\/\/foufou-champagne.com\/de\/champagner\/larmandier-bernier-vieille-vigne-du-levant-2013\/#primaryimage","url":"https:\/\/foufou-champagne.com\/wp-content\/uploads\/2022\/05\/Champagne-FouFou-Champagne-Boutique-1.png","contentUrl":"https:\/\/foufou-champagne.com\/wp-content\/uploads\/2022\/05\/Champagne-FouFou-Champagne-Boutique-1.png","width":800,"height":1000,"caption":"larmandier-bernier-vieille-vigne-du-levant-2011"},{"@type":"BreadcrumbList","@id":"https:\/\/foufou-champagne.com\/de\/champagner\/larmandier-bernier-vieille-vigne-du-levant-2013\/#breadcrumb","itemListElement":[{"@type":"ListItem","position":1,"name":"Startseite","item":"https:\/\/foufou-champagne.com\/de\/"},{"@type":"ListItem","position":2,"name":"Shop","item":"https:\/\/foufou-champagne.com\/de\/shop\/"},{"@type":"ListItem","position":3,"name":"Larmandier-Bernier Vieille Vigne du Levant Grand Cru 2013 Extra Brut"}]},{"@type":"WebSite","@id":"https:\/\/foufou-champagne.com\/de\/#website","url":"https:\/\/foufou-champagne.com\/de\/","name":"foufou-champagne.com","description":"CHAMPAGNE BOUTIQUE","potentialAction":[{"@type":"SearchAction","target":{"@type":"EntryPoint","urlTemplate":"https:\/\/foufou-champagne.com\/de\/?s={search_term_string}"},"query-input":{"@type":"PropertyValueSpecification","valueRequired":true,"valueName":"search_term_string"}}],"inLanguage":"de"}]}},"_links":{"self":[{"href":"https:\/\/foufou-champagne.com\/de\/wp-json\/wp\/v2\/product\/10398","targetHints":{"allow":["GET"]}}],"collection":[{"href":"https:\/\/foufou-champagne.com\/de\/wp-json\/wp\/v2\/product"}],"about":[{"href":"https:\/\/foufou-champagne.com\/de\/wp-json\/wp\/v2\/types\/product"}],"replies":[{"embeddable":true,"href":"https:\/\/foufou-champagne.com\/de\/wp-json\/wp\/v2\/comments?post=10398"}],"wp:featuredmedia":[{"embeddable":true,"href":"https:\/\/foufou-champagne.com\/de\/wp-json\/wp\/v2\/media\/10400"}],"wp:attachment":[{"href":"https:\/\/foufou-champagne.com\/de\/wp-json\/wp\/v2\/media?parent=10398"}],"wp:term":[{"taxonomy":"product_brand","embeddable":true,"href":"https:\/\/foufou-champagne.com\/de\/wp-json\/wp\/v2\/product_brand?post=10398"},{"taxonomy":"product_cat","embeddable":true,"href":"https:\/\/foufou-champagne.com\/de\/wp-json\/wp\/v2\/product_cat?post=10398"},{"taxonomy":"product_tag","embeddable":true,"href":"https:\/\/foufou-champagne.com\/de\/wp-json\/wp\/v2\/product_tag?post=10398"}],"curies":[{"name":"wp","href":"https:\/\/api.w.org\/{rel}","templated":true}]}}