{"id":10578,"date":"2022-11-19T15:28:34","date_gmt":"2022-11-19T14:28:34","guid":{"rendered":"https:\/\/foufou-champagne.com\/?post_type=product&#038;p=10578"},"modified":"2026-02-10T14:00:06","modified_gmt":"2026-02-10T13:00:06","slug":"bonnet-ponson-cuvee-perpetuelle-non-dose","status":"publish","type":"product","link":"https:\/\/foufou-champagne.com\/de\/champagner\/bonnet-ponson-cuvee-perpetuelle-non-dose\/","title":{"rendered":"Bonnet-Ponson Cuv\u00e9e Perp\u00e9tuelle Non Dos\u00e9"},"content":{"rendered":"<h4>Der Champagner<\/h4>\n<p>Vollmundig und aromatisch intensiv &#8211; der Signature-Cuv\u00e9e von <a href=\"https:\/\/foufou-champagne.com\/de\/produkt-kategorie\/BONNET-PONSON-champagner\/\">Bonnet-Ponson<\/a>!<\/p>\n<p>40% Pinot Noir, 30% Chardonnay und 30% Pinot Meunier: Und das aus ganzen 35 Parzellen in Premier Cru Lagen rund um Chamery in der Montagne de Reims. Hier stellt die Familie Bonnet auf kalkhaltigen Lehm- und Sandb\u00f6den\u00a0 seit 1862 ihre Champagner her. Die Weinreben haben ein Durschnittsalter von mehr als 35 Jahren und befinden sich in der Umstellung auf einen biologischen Weinbau. Finden wir super! 40% des Cuv\u00e9e Perp\u00e9tuelle Non Dos\u00e9 bestehen aus Reserve-Weinen der vorherigen Jahrg\u00e4nge, um den eigenen Stil des Hauses Bonnet-Ponson zu erhalten. Der Cuv\u00e9e liegt f\u00fcr f\u00fcr mindestens 48 Monate auf der Hefe. Der Cuv\u00e9e Perp\u00e9tuelle wurde keine Dosage hinzugef\u00fcgt \u2013 daher Non Dos\u00e9. Einfach mal probieren!<\/p>\n<h4>Tasting Note<\/h4>\n<ul>\n<li>Im Glas ein dichtes, ins Auge springendes Goldgelb mit einer feinen Mousseux.<\/li>\n<li>In der Nase reife Apfeld\u00fcfte mit gelbem Steinobst und leichten Noten von Lindenbl\u00fcte.<\/li>\n<li>Am Gaumen zeigt der Cuv\u00e9e Perp\u00e9tuelle Non Dos\u00e9 eine lebendige Perlage und wirkt angenehm energetisch. Die Aromen des reifen Apfels und der Hefe werden mit einer leicht zitrischen Note begleitet, was dem Champagner seine Pr\u00e4gnanz verleiht.<\/li>\n<\/ul>\n<h4>passt zu<\/h4>\n<ul>\n<li>Dieser Champagner ist ein ausgezeichneter Aperitif.<\/li>\n<li>Er passt wunderbar zu leichten Kalbs- und Gefl\u00fcgelgerichten.<\/li>\n<li>Der Champagner ist au\u00dferdem ein super Begleiter f\u00fcr vegetarische Speisen mit Wurzelgem\u00fcse.<\/li>\n<\/ul>\n<p>&nbsp;<\/p>\n<h4>Das Champagnerhaus Bonnet-Ponson<\/h4>\n<p><strong>Aromatisch, energisch mit einer besonderen Reife.<\/strong><\/p>\n<p>Seit 1862 stellt die Familie Bonnet ihren Champagner in Chamery her. Gr\u00e9goire Bonnet war der erste Winzer in dieser Gegend. Der Gro\u00dfteil der Reben des Hauses befindet sich auf den H\u00fcgeln der drei D\u00f6rfer Chamery, Vrigny und Coulommes la Montagne im westlichen Teils von der Montagne de Reims, auch bekannt als &#8220;petite montagne&#8221;. Die im Terti\u00e4r entstandenen B\u00f6den bestehen aus Sand, Ton\/Lehm und kalkhaltigem Lehm. 1956 lernte Andr\u00e9 Bonnet seine Frau Monique Ponson kennen, die selbst aus einer Winzerfamilie in Vrigny stammt, ebenfalls aus der Montage de Reims. Gemeinsam begannen sie mit der Domain Bonnet-Ponson wenige Parzellen Meunier und Pinot Noir in Chamery, Vrigny und Coulommes la Montagne anzubauen. Heute ist die Fl\u00e4che auf 9 Hektar angewachsen, jeweils mit den drei Rebsorten zu gleichen Teilen bestockt. 1979 trat der Sohn Thierry Bonnet in das Champagnerhaus ein und trieb im Laufe von 30 Jahren die Entwicklung der Dom\u00e4ne weiter voran. Zus\u00e4tzliche Weinkeller in den sandigen B\u00f6den der &#8220;Petit Montagne&#8221; erm\u00f6glichen seither eine l\u00e4ngere Reifung der kostbaren Champagner. Nach dem Studium der \u00d6nologie und der Arbeit als Rotweinmacher im S\u00fcdwesten Frankreichs trat Cyril Bonnet 2013 in die Familiendom\u00e4ne ein und begann zeitgleich mit der Umstellung des gesamten Weinbergs auf die biologische Anbaumethode. Wir sind gespannt, was folgt!<\/p>\n<p>&nbsp;<\/p>\n","protected":false},"excerpt":{"rendered":"<p>Der Perp\u00e9tuelle Non Dos\u00e9 besticht durch Purismus, Pr\u00e4zision, K\u00fchle und mineralische Tiefe.<\/p>\n","protected":false},"featured_media":12332,"comment_status":"open","ping_status":"closed","template":"","meta":{"_acf_changed":false,"_editorskit_title_hidden":false,"_editorskit_reading_time":0,"_editorskit_is_block_options_detached":false,"_editorskit_block_options_position":"{}","_coblocks_attr":"","_coblocks_dimensions":"","_coblocks_responsive_height":"","_coblocks_accordion_ie_support":""},"product_brand":[],"product_cat":[15,66,464,154],"product_tag":[167,210,169],"class_list":{"0":"post-10578","1":"product","2":"type-product","3":"status-publish","4":"has-post-thumbnail","6":"product_cat-champagner","7":"product_cat-bio-champagner","8":"product_cat-bonnet-ponson-champagner","9":"product_cat-winzerchampagner","10":"product_tag-bio-champagner","11":"product_tag-winzerchampagner","12":"product_tag-zero-dosage","13":"product_shipping_class-standard","14":"pa_kategorie-bio-champagner","15":"pa_kategorie-winzer-champagner","17":"first","18":"instock","19":"taxable","20":"shipping-taxable","21":"purchasable","22":"product-type-composite"},"composite_virtual":false,"composite_layout":"single","composite_add_to_cart_form_location":"default","composite_editable_in_cart":false,"composite_sold_individually_context":"product","composite_shop_price_calc":"defaults","composite_components":[{"id":"1686182178","title":"Geschenkverpackung (optional)","description":"","query_type":"product_ids","query_ids":[13154],"default_option_id":"","thumbnail_id":"","thumbnail_src":"","quantity_min":1,"quantity_max":1,"priced_individually":true,"shipped_individually":false,"optional":true,"discount":"","options_style":"dropdowns","pagination_style":"classic","display_prices":"absolute","show_sorting_options":false,"show_filtering_options":false,"attribute_filter_ids":[],"select_action":"view","product_title_visible":false,"product_descr_visible":true,"product_price_visible":true,"product_thumb_visible":true,"subtotal_visible_product":false,"subtotal_visible_cart":false,"subtotal_visible_orders":false,"product_addons_visible":true},{"id":"1686182179","title":"Gru\u00dfkarte mit Mini-Bouquet (optional)","description":"","query_type":"category_ids","query_ids":[635],"default_option_id":"","thumbnail_id":"","thumbnail_src":"","quantity_min":1,"quantity_max":1,"priced_individually":true,"shipped_individually":false,"optional":true,"discount":"","options_style":"dropdowns","pagination_style":"classic","display_prices":"absolute","show_sorting_options":false,"show_filtering_options":false,"attribute_filter_ids":[],"select_action":"view","product_title_visible":false,"product_descr_visible":true,"product_price_visible":true,"product_thumb_visible":true,"subtotal_visible_product":false,"subtotal_visible_cart":false,"subtotal_visible_orders":false,"product_addons_visible":true}],"composite_scenarios":[],"exclude_global_add_ons":[],"addons":[],"acf":[],"yoast_head":"<!-- This site is optimized with the Yoast SEO plugin v26.8 - https:\/\/yoast.com\/product\/yoast-seo-wordpress\/ -->\n<title>Bonnet-Ponson Cuv\u00e9e Perp\u00e9tuelle Non Dos\u00e9 | FOUFOU CHAMPAGNE BOUTIQUE<\/title>\n<meta name=\"description\" content=\"Der Cuv\u00e9e Perp\u00e9tuelle Non Dos\u00e9 von Bonnet-Ponson. Vollmundig und aromatisch intensiv. Jetzt online kaufen!\" \/>\n<meta name=\"robots\" content=\"index, follow, max-snippet:-1, max-image-preview:large, max-video-preview:-1\" \/>\n<link rel=\"canonical\" href=\"https:\/\/foufou-champagne.com\/de\/champagner\/bonnet-ponson-cuvee-perpetuelle-non-dose\/\" \/>\n<meta property=\"og:locale\" content=\"de_DE\" \/>\n<meta property=\"og:type\" content=\"article\" \/>\n<meta property=\"og:title\" content=\"Bonnet-Ponson Cuv\u00e9e Perp\u00e9tuelle Non Dos\u00e9 | FOUFOU CHAMPAGNE BOUTIQUE\" \/>\n<meta property=\"og:description\" content=\"Der Cuv\u00e9e Perp\u00e9tuelle Non Dos\u00e9 von Bonnet-Ponson. Vollmundig und aromatisch intensiv. Jetzt online kaufen!\" \/>\n<meta property=\"og:url\" content=\"https:\/\/foufou-champagne.com\/de\/champagner\/bonnet-ponson-cuvee-perpetuelle-non-dose\/\" \/>\n<meta property=\"og:site_name\" content=\"foufou-champagne.com\" \/>\n<meta property=\"article:modified_time\" content=\"2026-02-10T13:00:06+00:00\" \/>\n<meta property=\"og:image\" content=\"https:\/\/foufou-champagne.com\/wp-content\/uploads\/2022\/11\/Champagne-Bonnet-Ponson-Non-Dose-FouFou-Champagne-Boutique.png\" \/>\n\t<meta property=\"og:image:width\" content=\"800\" \/>\n\t<meta property=\"og:image:height\" content=\"1000\" \/>\n\t<meta property=\"og:image:type\" content=\"image\/png\" \/>\n<meta name=\"twitter:card\" content=\"summary_large_image\" \/>\n<meta name=\"twitter:label1\" content=\"Gesch\u00e4tzte Lesezeit\" \/>\n\t<meta name=\"twitter:data1\" content=\"3\u00a0Minuten\" \/>\n<script type=\"application\/ld+json\" class=\"yoast-schema-graph\">{\"@context\":\"https:\/\/schema.org\",\"@graph\":[{\"@type\":\"WebPage\",\"@id\":\"https:\/\/foufou-champagne.com\/de\/champagner\/bonnet-ponson-cuvee-perpetuelle-non-dose\/\",\"url\":\"https:\/\/foufou-champagne.com\/de\/champagner\/bonnet-ponson-cuvee-perpetuelle-non-dose\/\",\"name\":\"Bonnet-Ponson Cuv\u00e9e Perp\u00e9tuelle Non Dos\u00e9 | FOUFOU CHAMPAGNE BOUTIQUE\",\"isPartOf\":{\"@id\":\"https:\/\/foufou-champagne.com\/de\/#website\"},\"primaryImageOfPage\":{\"@id\":\"https:\/\/foufou-champagne.com\/de\/champagner\/bonnet-ponson-cuvee-perpetuelle-non-dose\/#primaryimage\"},\"image\":{\"@id\":\"https:\/\/foufou-champagne.com\/de\/champagner\/bonnet-ponson-cuvee-perpetuelle-non-dose\/#primaryimage\"},\"thumbnailUrl\":\"https:\/\/foufou-champagne.com\/wp-content\/uploads\/2022\/11\/Champagne-Bonnet-Ponson-Non-Dose-FouFou-Champagne-Boutique.png\",\"datePublished\":\"2022-11-19T14:28:34+00:00\",\"dateModified\":\"2026-02-10T13:00:06+00:00\",\"description\":\"Der Cuv\u00e9e Perp\u00e9tuelle Non Dos\u00e9 von Bonnet-Ponson. Vollmundig und aromatisch intensiv. Jetzt online kaufen!\",\"breadcrumb\":{\"@id\":\"https:\/\/foufou-champagne.com\/de\/champagner\/bonnet-ponson-cuvee-perpetuelle-non-dose\/#breadcrumb\"},\"inLanguage\":\"de\",\"potentialAction\":[{\"@type\":\"ReadAction\",\"target\":[\"https:\/\/foufou-champagne.com\/de\/champagner\/bonnet-ponson-cuvee-perpetuelle-non-dose\/\"]}]},{\"@type\":\"ImageObject\",\"inLanguage\":\"de\",\"@id\":\"https:\/\/foufou-champagne.com\/de\/champagner\/bonnet-ponson-cuvee-perpetuelle-non-dose\/#primaryimage\",\"url\":\"https:\/\/foufou-champagne.com\/wp-content\/uploads\/2022\/11\/Champagne-Bonnet-Ponson-Non-Dose-FouFou-Champagne-Boutique.png\",\"contentUrl\":\"https:\/\/foufou-champagne.com\/wp-content\/uploads\/2022\/11\/Champagne-Bonnet-Ponson-Non-Dose-FouFou-Champagne-Boutique.png\",\"width\":800,\"height\":1000,\"caption\":\"Champagner Bonnet Ponson Champagnerflasche\"},{\"@type\":\"BreadcrumbList\",\"@id\":\"https:\/\/foufou-champagne.com\/de\/champagner\/bonnet-ponson-cuvee-perpetuelle-non-dose\/#breadcrumb\",\"itemListElement\":[{\"@type\":\"ListItem\",\"position\":1,\"name\":\"Startseite\",\"item\":\"https:\/\/foufou-champagne.com\/de\/\"},{\"@type\":\"ListItem\",\"position\":2,\"name\":\"Shop\",\"item\":\"https:\/\/foufou-champagne.com\/de\/shop\/\"},{\"@type\":\"ListItem\",\"position\":3,\"name\":\"Bonnet-Ponson Cuv\u00e9e Perp\u00e9tuelle Non Dos\u00e9\"}]},{\"@type\":\"WebSite\",\"@id\":\"https:\/\/foufou-champagne.com\/de\/#website\",\"url\":\"https:\/\/foufou-champagne.com\/de\/\",\"name\":\"foufou-champagne.com\",\"description\":\"CHAMPAGNE BOUTIQUE\",\"potentialAction\":[{\"@type\":\"SearchAction\",\"target\":{\"@type\":\"EntryPoint\",\"urlTemplate\":\"https:\/\/foufou-champagne.com\/de\/?s={search_term_string}\"},\"query-input\":{\"@type\":\"PropertyValueSpecification\",\"valueRequired\":true,\"valueName\":\"search_term_string\"}}],\"inLanguage\":\"de\"}]}<\/script>\n<!-- \/ Yoast SEO plugin. -->","yoast_head_json":{"title":"Bonnet-Ponson Cuv\u00e9e Perp\u00e9tuelle Non Dos\u00e9 | FOUFOU CHAMPAGNE BOUTIQUE","description":"Der Cuv\u00e9e Perp\u00e9tuelle Non Dos\u00e9 von Bonnet-Ponson. Vollmundig und aromatisch intensiv. Jetzt online kaufen!","robots":{"index":"index","follow":"follow","max-snippet":"max-snippet:-1","max-image-preview":"max-image-preview:large","max-video-preview":"max-video-preview:-1"},"canonical":"https:\/\/foufou-champagne.com\/de\/champagner\/bonnet-ponson-cuvee-perpetuelle-non-dose\/","og_locale":"de_DE","og_type":"article","og_title":"Bonnet-Ponson Cuv\u00e9e Perp\u00e9tuelle Non Dos\u00e9 | FOUFOU CHAMPAGNE BOUTIQUE","og_description":"Der Cuv\u00e9e Perp\u00e9tuelle Non Dos\u00e9 von Bonnet-Ponson. Vollmundig und aromatisch intensiv. Jetzt online kaufen!","og_url":"https:\/\/foufou-champagne.com\/de\/champagner\/bonnet-ponson-cuvee-perpetuelle-non-dose\/","og_site_name":"foufou-champagne.com","article_modified_time":"2026-02-10T13:00:06+00:00","og_image":[{"width":800,"height":1000,"url":"https:\/\/foufou-champagne.com\/wp-content\/uploads\/2022\/11\/Champagne-Bonnet-Ponson-Non-Dose-FouFou-Champagne-Boutique.png","type":"image\/png"}],"twitter_card":"summary_large_image","twitter_misc":{"Gesch\u00e4tzte Lesezeit":"3\u00a0Minuten"},"schema":{"@context":"https:\/\/schema.org","@graph":[{"@type":"WebPage","@id":"https:\/\/foufou-champagne.com\/de\/champagner\/bonnet-ponson-cuvee-perpetuelle-non-dose\/","url":"https:\/\/foufou-champagne.com\/de\/champagner\/bonnet-ponson-cuvee-perpetuelle-non-dose\/","name":"Bonnet-Ponson Cuv\u00e9e Perp\u00e9tuelle Non Dos\u00e9 | FOUFOU CHAMPAGNE BOUTIQUE","isPartOf":{"@id":"https:\/\/foufou-champagne.com\/de\/#website"},"primaryImageOfPage":{"@id":"https:\/\/foufou-champagne.com\/de\/champagner\/bonnet-ponson-cuvee-perpetuelle-non-dose\/#primaryimage"},"image":{"@id":"https:\/\/foufou-champagne.com\/de\/champagner\/bonnet-ponson-cuvee-perpetuelle-non-dose\/#primaryimage"},"thumbnailUrl":"https:\/\/foufou-champagne.com\/wp-content\/uploads\/2022\/11\/Champagne-Bonnet-Ponson-Non-Dose-FouFou-Champagne-Boutique.png","datePublished":"2022-11-19T14:28:34+00:00","dateModified":"2026-02-10T13:00:06+00:00","description":"Der Cuv\u00e9e Perp\u00e9tuelle Non Dos\u00e9 von Bonnet-Ponson. Vollmundig und aromatisch intensiv. Jetzt online kaufen!","breadcrumb":{"@id":"https:\/\/foufou-champagne.com\/de\/champagner\/bonnet-ponson-cuvee-perpetuelle-non-dose\/#breadcrumb"},"inLanguage":"de","potentialAction":[{"@type":"ReadAction","target":["https:\/\/foufou-champagne.com\/de\/champagner\/bonnet-ponson-cuvee-perpetuelle-non-dose\/"]}]},{"@type":"ImageObject","inLanguage":"de","@id":"https:\/\/foufou-champagne.com\/de\/champagner\/bonnet-ponson-cuvee-perpetuelle-non-dose\/#primaryimage","url":"https:\/\/foufou-champagne.com\/wp-content\/uploads\/2022\/11\/Champagne-Bonnet-Ponson-Non-Dose-FouFou-Champagne-Boutique.png","contentUrl":"https:\/\/foufou-champagne.com\/wp-content\/uploads\/2022\/11\/Champagne-Bonnet-Ponson-Non-Dose-FouFou-Champagne-Boutique.png","width":800,"height":1000,"caption":"Champagner Bonnet Ponson Champagnerflasche"},{"@type":"BreadcrumbList","@id":"https:\/\/foufou-champagne.com\/de\/champagner\/bonnet-ponson-cuvee-perpetuelle-non-dose\/#breadcrumb","itemListElement":[{"@type":"ListItem","position":1,"name":"Startseite","item":"https:\/\/foufou-champagne.com\/de\/"},{"@type":"ListItem","position":2,"name":"Shop","item":"https:\/\/foufou-champagne.com\/de\/shop\/"},{"@type":"ListItem","position":3,"name":"Bonnet-Ponson Cuv\u00e9e Perp\u00e9tuelle Non Dos\u00e9"}]},{"@type":"WebSite","@id":"https:\/\/foufou-champagne.com\/de\/#website","url":"https:\/\/foufou-champagne.com\/de\/","name":"foufou-champagne.com","description":"CHAMPAGNE BOUTIQUE","potentialAction":[{"@type":"SearchAction","target":{"@type":"EntryPoint","urlTemplate":"https:\/\/foufou-champagne.com\/de\/?s={search_term_string}"},"query-input":{"@type":"PropertyValueSpecification","valueRequired":true,"valueName":"search_term_string"}}],"inLanguage":"de"}]}},"_links":{"self":[{"href":"https:\/\/foufou-champagne.com\/de\/wp-json\/wp\/v2\/product\/10578","targetHints":{"allow":["GET"]}}],"collection":[{"href":"https:\/\/foufou-champagne.com\/de\/wp-json\/wp\/v2\/product"}],"about":[{"href":"https:\/\/foufou-champagne.com\/de\/wp-json\/wp\/v2\/types\/product"}],"replies":[{"embeddable":true,"href":"https:\/\/foufou-champagne.com\/de\/wp-json\/wp\/v2\/comments?post=10578"}],"wp:featuredmedia":[{"embeddable":true,"href":"https:\/\/foufou-champagne.com\/de\/wp-json\/wp\/v2\/media\/12332"}],"wp:attachment":[{"href":"https:\/\/foufou-champagne.com\/de\/wp-json\/wp\/v2\/media?parent=10578"}],"wp:term":[{"taxonomy":"product_brand","embeddable":true,"href":"https:\/\/foufou-champagne.com\/de\/wp-json\/wp\/v2\/product_brand?post=10578"},{"taxonomy":"product_cat","embeddable":true,"href":"https:\/\/foufou-champagne.com\/de\/wp-json\/wp\/v2\/product_cat?post=10578"},{"taxonomy":"product_tag","embeddable":true,"href":"https:\/\/foufou-champagne.com\/de\/wp-json\/wp\/v2\/product_tag?post=10578"}],"curies":[{"name":"wp","href":"https:\/\/api.w.org\/{rel}","templated":true}]}}