{"id":11866,"date":"2022-09-03T12:15:14","date_gmt":"2022-09-03T10:15:14","guid":{"rendered":"https:\/\/foufou-champagne.com\/?post_type=product&#038;p=11866"},"modified":"2025-07-12T13:21:05","modified_gmt":"2025-07-12T11:21:05","slug":"ar-lenoble-intense-mag-18","status":"publish","type":"product","link":"https:\/\/foufou-champagne.com\/de\/champagner\/ar-lenoble-intense-mag-18\/","title":{"rendered":"A.R. Lenoble Intense mag 18 brut"},"content":{"rendered":"<h4>Der Champagner<\/h4>\n<p>Der Intense mag 18 ist eine klassische Cuv\u00e9e, ausgewogen und aromareich mit einer sehr feinen, eleganten Struktur und sehr cremiger Textur. Er passt gut zu Tapas, Pasteten und K\u00e4seplatten. Die \u201e18\u201c auf dem Etikett steht f\u00fcr den aus der Lese 2018 stammenden Hauptanteil der Cuv\u00e9e. 40% der Reserveweine dieses Cuv\u00e9e sind als sogenannte \u201eR\u00e9serve perp\u00e9tuelle\u201c in Magnum-Flaschen mit Naturkorkverschluss gereift, das wird auf dem Etikett mit \u201emag\u201c gekennzeichnet. Diese aufw\u00e4ndige Lagerung der Reserveweine in Magnum-Flaschen sorgt f\u00fcr die sch\u00f6ne Frische, Komplexit\u00e4t und Eleganz des Champagners. Zum Abrunden des Champagners wurden gerade einmal 2g Dosage hinzugef\u00fcgt.<\/p>\n<h4>Tasting Note<\/h4>\n<ul>\n<li>Im Glas ein intensives goldgelb mit leicht silbernen Reflexen und einer zarten, anhaltenden Perlage<\/li>\n<li>In der Nase D\u00fcfte von Orangenzeste und Honig<\/li>\n<li>Am Gaumen \u00fcberzeugt der Champagner durch eine feine, elegante Struktur und eine tolle Cremigkeit. Fruchtig, komplex mit perfekt eingebundener S\u00e4ure und langem Finale<\/li>\n<\/ul>\n<h4>passt zu<\/h4>\n<ul>\n<li>Solo oder als Essensbegleitung<\/li>\n<li>Passt super zu Tapas oder Pasteten<\/li>\n<li>K\u00e4seplatten, gutes Brot<\/li>\n<\/ul>\n<p>&nbsp;<\/p>\n<h3>Das Champagnerhaus A.R. Lenoble<\/h3>\n<p><a href=\"https:\/\/foufou-champagne.com\/de\/champagne-a-r-lenoble\/\">Champagne A.R. Lenoble<\/a> wurde 1920 von Armand-Rapha\u00ebl Graser gegru\u0308ndet. Es ist eines der wenigen Champagnerh\u00e4user, das seit \u00fcber 100 Jahren in Familienbesitz ist. Die jetzigen Eigent\u00fcmer Anne und Antoine Malassagne sind die Urenkel des Gr\u00fcnders und damit die vierte Generation der Familie, die das Weingut fu\u0308hrt. Die 18 Hektar Rebfl\u00e4che des Weingutes verteilen sich wie folgt: 10 Hektar in Chouilly wo Anne und Antoine Chardonnay in Grand Cru Lagen anbauen \u2013 definitiv das Juwel des Champagnerhauses, 6 Hektar in in Bisseuil (Pinot Noir, Premier Cru) und 2 Hektar in Damery.<\/p>\n","protected":false},"excerpt":{"rendered":"<p>Ein klassischer, sehr eleganter Champagner mit sch\u00f6ner Frische und feiner, cremiger Textur.<\/p>\n","protected":false},"featured_media":11870,"comment_status":"open","ping_status":"closed","template":"","meta":{"_acf_changed":false,"_editorskit_title_hidden":false,"_editorskit_reading_time":0,"_editorskit_is_block_options_detached":false,"_editorskit_block_options_position":"{}","_coblocks_attr":"","_coblocks_dimensions":"","_coblocks_responsive_height":"","_coblocks_accordion_ie_support":""},"product_brand":[],"product_cat":[15,583],"product_tag":[],"class_list":{"0":"post-11866","1":"product","2":"type-product","3":"status-publish","4":"has-post-thumbnail","6":"product_cat-champagner","7":"product_cat-a-r-lenoble","8":"product_shipping_class-standard","10":"first","11":"outofstock","12":"taxable","13":"shipping-taxable","14":"purchasable","15":"product-type-composite"},"composite_virtual":false,"composite_layout":"single","composite_add_to_cart_form_location":"default","composite_editable_in_cart":false,"composite_sold_individually_context":"product","composite_shop_price_calc":"defaults","composite_components":[{"id":"1686178993","title":"Geschenkverpackung (optional)","description":"","query_type":"product_ids","query_ids":[13154],"default_option_id":"","thumbnail_id":"","thumbnail_src":"","quantity_min":1,"quantity_max":1,"priced_individually":true,"shipped_individually":false,"optional":true,"discount":"","options_style":"dropdowns","pagination_style":"classic","display_prices":"absolute","show_sorting_options":false,"show_filtering_options":false,"attribute_filter_ids":[],"select_action":"view","product_title_visible":false,"product_descr_visible":true,"product_price_visible":true,"product_thumb_visible":true,"subtotal_visible_product":false,"subtotal_visible_cart":false,"subtotal_visible_orders":false,"product_addons_visible":true},{"id":"1686178994","title":"Gru\u00dfkarte mit Mini-Bouquet (optional)","description":"","query_type":"category_ids","query_ids":[635],"default_option_id":"","thumbnail_id":"","thumbnail_src":"","quantity_min":1,"quantity_max":1,"priced_individually":true,"shipped_individually":false,"optional":true,"discount":"","options_style":"dropdowns","pagination_style":"classic","display_prices":"absolute","show_sorting_options":false,"show_filtering_options":false,"attribute_filter_ids":[],"select_action":"view","product_title_visible":false,"product_descr_visible":true,"product_price_visible":true,"product_thumb_visible":true,"subtotal_visible_product":false,"subtotal_visible_cart":false,"subtotal_visible_orders":false,"product_addons_visible":true}],"composite_scenarios":[],"exclude_global_add_ons":[],"addons":[],"acf":[],"yoast_head":"<!-- This site is optimized with the Yoast SEO plugin v26.8 - https:\/\/yoast.com\/product\/yoast-seo-wordpress\/ -->\n<title>A.R. Lenoble Intense mag 18 brut | FOUFOU CHAMPAGNE BOUTIQUE<\/title>\n<meta name=\"description\" content=\"Ein klassischer, sehr eleganter Champagner mit sch\u00f6ner Frische und feiner, cremiger Textur.\" \/>\n<meta name=\"robots\" content=\"index, follow, max-snippet:-1, max-image-preview:large, max-video-preview:-1\" \/>\n<link rel=\"canonical\" href=\"https:\/\/foufou-champagne.com\/de\/champagner\/ar-lenoble-intense-mag-18\/\" \/>\n<meta property=\"og:locale\" content=\"de_DE\" \/>\n<meta property=\"og:type\" content=\"article\" \/>\n<meta property=\"og:title\" content=\"A.R. Lenoble Intense mag 18 brut | FOUFOU CHAMPAGNE BOUTIQUE\" \/>\n<meta property=\"og:description\" content=\"Ein klassischer, sehr eleganter Champagner mit sch\u00f6ner Frische und feiner, cremiger Textur.\" \/>\n<meta property=\"og:url\" content=\"https:\/\/foufou-champagne.com\/de\/champagner\/ar-lenoble-intense-mag-18\/\" \/>\n<meta property=\"og:site_name\" content=\"foufou-champagne.com\" \/>\n<meta property=\"article:modified_time\" content=\"2025-07-12T11:21:05+00:00\" \/>\n<meta property=\"og:image\" content=\"https:\/\/foufou-champagne.com\/wp-content\/uploads\/2022\/09\/0007_Champagne-FouFou-Champagne-Boutique.png\" \/>\n\t<meta property=\"og:image:width\" content=\"800\" \/>\n\t<meta property=\"og:image:height\" content=\"1000\" \/>\n\t<meta property=\"og:image:type\" content=\"image\/png\" \/>\n<meta name=\"twitter:card\" content=\"summary_large_image\" \/>\n<meta name=\"twitter:label1\" content=\"Gesch\u00e4tzte Lesezeit\" \/>\n\t<meta name=\"twitter:data1\" content=\"2\u00a0Minuten\" \/>\n<script type=\"application\/ld+json\" class=\"yoast-schema-graph\">{\"@context\":\"https:\/\/schema.org\",\"@graph\":[{\"@type\":\"WebPage\",\"@id\":\"https:\/\/foufou-champagne.com\/de\/champagner\/ar-lenoble-intense-mag-18\/\",\"url\":\"https:\/\/foufou-champagne.com\/de\/champagner\/ar-lenoble-intense-mag-18\/\",\"name\":\"A.R. Lenoble Intense mag 18 brut | FOUFOU CHAMPAGNE BOUTIQUE\",\"isPartOf\":{\"@id\":\"https:\/\/foufou-champagne.com\/de\/#website\"},\"primaryImageOfPage\":{\"@id\":\"https:\/\/foufou-champagne.com\/de\/champagner\/ar-lenoble-intense-mag-18\/#primaryimage\"},\"image\":{\"@id\":\"https:\/\/foufou-champagne.com\/de\/champagner\/ar-lenoble-intense-mag-18\/#primaryimage\"},\"thumbnailUrl\":\"https:\/\/foufou-champagne.com\/wp-content\/uploads\/2022\/09\/0007_Champagne-FouFou-Champagne-Boutique.png\",\"datePublished\":\"2022-09-03T10:15:14+00:00\",\"dateModified\":\"2025-07-12T11:21:05+00:00\",\"description\":\"Ein klassischer, sehr eleganter Champagner mit sch\u00f6ner Frische und feiner, cremiger Textur.\",\"breadcrumb\":{\"@id\":\"https:\/\/foufou-champagne.com\/de\/champagner\/ar-lenoble-intense-mag-18\/#breadcrumb\"},\"inLanguage\":\"de\",\"potentialAction\":[{\"@type\":\"ReadAction\",\"target\":[\"https:\/\/foufou-champagne.com\/de\/champagner\/ar-lenoble-intense-mag-18\/\"]}]},{\"@type\":\"ImageObject\",\"inLanguage\":\"de\",\"@id\":\"https:\/\/foufou-champagne.com\/de\/champagner\/ar-lenoble-intense-mag-18\/#primaryimage\",\"url\":\"https:\/\/foufou-champagne.com\/wp-content\/uploads\/2022\/09\/0007_Champagne-FouFou-Champagne-Boutique.png\",\"contentUrl\":\"https:\/\/foufou-champagne.com\/wp-content\/uploads\/2022\/09\/0007_Champagne-FouFou-Champagne-Boutique.png\",\"width\":800,\"height\":1000,\"caption\":\"Champagner A.R. Lenoble Intense mag16 brut\"},{\"@type\":\"BreadcrumbList\",\"@id\":\"https:\/\/foufou-champagne.com\/de\/champagner\/ar-lenoble-intense-mag-18\/#breadcrumb\",\"itemListElement\":[{\"@type\":\"ListItem\",\"position\":1,\"name\":\"Startseite\",\"item\":\"https:\/\/foufou-champagne.com\/de\/\"},{\"@type\":\"ListItem\",\"position\":2,\"name\":\"Shop\",\"item\":\"https:\/\/foufou-champagne.com\/de\/shop\/\"},{\"@type\":\"ListItem\",\"position\":3,\"name\":\"A.R. Lenoble Intense mag 18 brut\"}]},{\"@type\":\"WebSite\",\"@id\":\"https:\/\/foufou-champagne.com\/de\/#website\",\"url\":\"https:\/\/foufou-champagne.com\/de\/\",\"name\":\"foufou-champagne.com\",\"description\":\"CHAMPAGNE BOUTIQUE\",\"potentialAction\":[{\"@type\":\"SearchAction\",\"target\":{\"@type\":\"EntryPoint\",\"urlTemplate\":\"https:\/\/foufou-champagne.com\/de\/?s={search_term_string}\"},\"query-input\":{\"@type\":\"PropertyValueSpecification\",\"valueRequired\":true,\"valueName\":\"search_term_string\"}}],\"inLanguage\":\"de\"}]}<\/script>\n<!-- \/ Yoast SEO plugin. -->","yoast_head_json":{"title":"A.R. Lenoble Intense mag 18 brut | FOUFOU CHAMPAGNE BOUTIQUE","description":"Ein klassischer, sehr eleganter Champagner mit sch\u00f6ner Frische und feiner, cremiger Textur.","robots":{"index":"index","follow":"follow","max-snippet":"max-snippet:-1","max-image-preview":"max-image-preview:large","max-video-preview":"max-video-preview:-1"},"canonical":"https:\/\/foufou-champagne.com\/de\/champagner\/ar-lenoble-intense-mag-18\/","og_locale":"de_DE","og_type":"article","og_title":"A.R. Lenoble Intense mag 18 brut | FOUFOU CHAMPAGNE BOUTIQUE","og_description":"Ein klassischer, sehr eleganter Champagner mit sch\u00f6ner Frische und feiner, cremiger Textur.","og_url":"https:\/\/foufou-champagne.com\/de\/champagner\/ar-lenoble-intense-mag-18\/","og_site_name":"foufou-champagne.com","article_modified_time":"2025-07-12T11:21:05+00:00","og_image":[{"width":800,"height":1000,"url":"https:\/\/foufou-champagne.com\/wp-content\/uploads\/2022\/09\/0007_Champagne-FouFou-Champagne-Boutique.png","type":"image\/png"}],"twitter_card":"summary_large_image","twitter_misc":{"Gesch\u00e4tzte Lesezeit":"2\u00a0Minuten"},"schema":{"@context":"https:\/\/schema.org","@graph":[{"@type":"WebPage","@id":"https:\/\/foufou-champagne.com\/de\/champagner\/ar-lenoble-intense-mag-18\/","url":"https:\/\/foufou-champagne.com\/de\/champagner\/ar-lenoble-intense-mag-18\/","name":"A.R. Lenoble Intense mag 18 brut | FOUFOU CHAMPAGNE BOUTIQUE","isPartOf":{"@id":"https:\/\/foufou-champagne.com\/de\/#website"},"primaryImageOfPage":{"@id":"https:\/\/foufou-champagne.com\/de\/champagner\/ar-lenoble-intense-mag-18\/#primaryimage"},"image":{"@id":"https:\/\/foufou-champagne.com\/de\/champagner\/ar-lenoble-intense-mag-18\/#primaryimage"},"thumbnailUrl":"https:\/\/foufou-champagne.com\/wp-content\/uploads\/2022\/09\/0007_Champagne-FouFou-Champagne-Boutique.png","datePublished":"2022-09-03T10:15:14+00:00","dateModified":"2025-07-12T11:21:05+00:00","description":"Ein klassischer, sehr eleganter Champagner mit sch\u00f6ner Frische und feiner, cremiger Textur.","breadcrumb":{"@id":"https:\/\/foufou-champagne.com\/de\/champagner\/ar-lenoble-intense-mag-18\/#breadcrumb"},"inLanguage":"de","potentialAction":[{"@type":"ReadAction","target":["https:\/\/foufou-champagne.com\/de\/champagner\/ar-lenoble-intense-mag-18\/"]}]},{"@type":"ImageObject","inLanguage":"de","@id":"https:\/\/foufou-champagne.com\/de\/champagner\/ar-lenoble-intense-mag-18\/#primaryimage","url":"https:\/\/foufou-champagne.com\/wp-content\/uploads\/2022\/09\/0007_Champagne-FouFou-Champagne-Boutique.png","contentUrl":"https:\/\/foufou-champagne.com\/wp-content\/uploads\/2022\/09\/0007_Champagne-FouFou-Champagne-Boutique.png","width":800,"height":1000,"caption":"Champagner A.R. Lenoble Intense mag16 brut"},{"@type":"BreadcrumbList","@id":"https:\/\/foufou-champagne.com\/de\/champagner\/ar-lenoble-intense-mag-18\/#breadcrumb","itemListElement":[{"@type":"ListItem","position":1,"name":"Startseite","item":"https:\/\/foufou-champagne.com\/de\/"},{"@type":"ListItem","position":2,"name":"Shop","item":"https:\/\/foufou-champagne.com\/de\/shop\/"},{"@type":"ListItem","position":3,"name":"A.R. Lenoble Intense mag 18 brut"}]},{"@type":"WebSite","@id":"https:\/\/foufou-champagne.com\/de\/#website","url":"https:\/\/foufou-champagne.com\/de\/","name":"foufou-champagne.com","description":"CHAMPAGNE BOUTIQUE","potentialAction":[{"@type":"SearchAction","target":{"@type":"EntryPoint","urlTemplate":"https:\/\/foufou-champagne.com\/de\/?s={search_term_string}"},"query-input":{"@type":"PropertyValueSpecification","valueRequired":true,"valueName":"search_term_string"}}],"inLanguage":"de"}]}},"_links":{"self":[{"href":"https:\/\/foufou-champagne.com\/de\/wp-json\/wp\/v2\/product\/11866","targetHints":{"allow":["GET"]}}],"collection":[{"href":"https:\/\/foufou-champagne.com\/de\/wp-json\/wp\/v2\/product"}],"about":[{"href":"https:\/\/foufou-champagne.com\/de\/wp-json\/wp\/v2\/types\/product"}],"replies":[{"embeddable":true,"href":"https:\/\/foufou-champagne.com\/de\/wp-json\/wp\/v2\/comments?post=11866"}],"wp:featuredmedia":[{"embeddable":true,"href":"https:\/\/foufou-champagne.com\/de\/wp-json\/wp\/v2\/media\/11870"}],"wp:attachment":[{"href":"https:\/\/foufou-champagne.com\/de\/wp-json\/wp\/v2\/media?parent=11866"}],"wp:term":[{"taxonomy":"product_brand","embeddable":true,"href":"https:\/\/foufou-champagne.com\/de\/wp-json\/wp\/v2\/product_brand?post=11866"},{"taxonomy":"product_cat","embeddable":true,"href":"https:\/\/foufou-champagne.com\/de\/wp-json\/wp\/v2\/product_cat?post=11866"},{"taxonomy":"product_tag","embeddable":true,"href":"https:\/\/foufou-champagne.com\/de\/wp-json\/wp\/v2\/product_tag?post=11866"}],"curies":[{"name":"wp","href":"https:\/\/api.w.org\/{rel}","templated":true}]}}