{"id":11880,"date":"2022-09-03T16:04:14","date_gmt":"2022-09-03T14:04:14","guid":{"rendered":"https:\/\/foufou-champagne.com\/?post_type=product&#038;p=11880"},"modified":"2025-09-01T10:53:07","modified_gmt":"2025-09-01T08:53:07","slug":"a-r-lenoble-grand-cru-blanc-de-blancs-2008","status":"publish","type":"product","link":"https:\/\/foufou-champagne.com\/de\/champagner\/a-r-lenoble-grand-cru-blanc-de-blancs-2008\/","title":{"rendered":"A.R. Lenoble Grand Cru Blanc de Blancs 2008"},"content":{"rendered":"<h4>Der Champagner<\/h4>\n<p>100% Chardonnay aus der Grand Cru Lage Chouilly in der C\u00f4te de Blancs in Kombination mit dem Jahrgang 2008 machen diesen Champagner zu etwas ganz Besonderem. 10% der Grundweine wurden zun\u00e4chst in Holz ausgebaut, was diesem Blanc de Blancs noch ein bisschen mehr Komplexit\u00e4t gibt. Am Gaumen zun\u00e4chst wunderbar frisch, dann folgen reife und saftige Fruchtaromen wie Ananas, Zitronen mischen sich mit einer runden cremigen, aber keineswegs schweren Textur. Der Abgang ist kreidig, frisch aber langanhaltend.<\/p>\n<p>2008 war ein ph\u00e4nomenaler Jahrgang in der Champagne. Tyson Stelzer, der renommierte Champagner-Kenner und -Kritiker, findet folgende Worte f\u00fcr diesen herausragenden Jahrgang: \u00bbEs ist ein Jahrgang von klassischer Finesse, kristallklarer Reinheit, eng verzurrter S\u00e4urestruktur und monumentaler Langlebigkeit.\u00ab<\/p>\n<p>Ein besonderer Grand Cru Jahrgangschampagner aus einem unglaublichen Jahr.<\/p>\n<h4>Tasting Note<\/h4>\n<ul>\n<li>Im Glas: intensiv leuchtende Zitrusfarbe<\/li>\n<li>In der Nase: reifes Bouquet, Aromen von \u00c4pfeln, Biskuit und Zitrone<\/li>\n<li>Am Gaumen reife und saftige Fruchtaromen wie Ananas, Zitronen, cremig aber dennoch frisch<\/li>\n<\/ul>\n<h4>Passt zu<\/h4>\n<ul>\n<li>Solo oder als Essensbegleitung.<\/li>\n<li>Dieser Champagner passt hervorragend zu Meeresfr\u00fcchten, speziell Austern.<\/li>\n<li>Er kann auch zu Fisch oder als Begleiter zu einem gesamten Men\u00fc gereicht werden, solange es keine besonders scharfen oder s\u00fc\u00dfen Gerichte sind.<\/li>\n<\/ul>\n<h3>Das Champagnerhaus A.R. Lenoble<\/h3>\n<p><a href=\"https:\/\/foufou-champagne.com\/de\/champagne-a-r-lenoble\/\">Champagne A.R. Lenoble<\/a> wurde 1920 von Armand-Rapha\u00ebl Graser gegru\u0308ndet. Es ist eines der wenigen Champagnerh\u00e4user, das seit \u00fcber 100 Jahren in Familienbesitz ist. Die jetzigen Eigent\u00fcmer Anne und Antoine Malassagne sind die Urenkel des Gr\u00fcnders und damit die vierte Generation der Familie, die das Weingut fu\u0308hrt. Die 18 Hektar Rebfl\u00e4che des Weingutes verteilen sich wie folgt: 10 Hektar in Chouilly wo Anne und Antoine Chardonnay in Grand Cru Lagen anbauen \u2013 definitiv das Juwel des Champagnerhauses, 6 Hektar in in Bisseuil (Pinot Noir, Premier Cru) und 2 Hektar in Damery.<\/p>\n","protected":false},"excerpt":{"rendered":"<p>Blanc de Blancs, Grand Cru, Jahrgangschampagner 2008: Eine Ikone aus Chouilly!<\/p>\n","protected":false},"featured_media":11883,"comment_status":"open","ping_status":"closed","template":"","meta":{"_acf_changed":false,"_editorskit_title_hidden":false,"_editorskit_reading_time":0,"_editorskit_is_block_options_detached":false,"_editorskit_block_options_position":"{}","_coblocks_attr":"","_coblocks_dimensions":"","_coblocks_responsive_height":"","_coblocks_accordion_ie_support":""},"product_brand":[],"product_cat":[15,583,163,141],"product_tag":[502,560,585,143],"class_list":{"0":"post-11880","1":"product","2":"type-product","3":"status-publish","4":"has-post-thumbnail","6":"product_cat-champagner","7":"product_cat-a-r-lenoble","8":"product_cat-blanc-de-blancs","9":"product_cat-jahrgangschampagner","10":"product_tag-blanc-de-blancs","11":"product_tag-grand-cru","12":"product_tag-jahrgang-2008","13":"product_tag-jahrgangs-champagner","14":"product_shipping_class-standard","15":"pa_kategorie-blanc-de-blancs","16":"pa_kategorie-vintage-champagner","18":"first","19":"outofstock","20":"taxable","21":"shipping-taxable","22":"purchasable","23":"product-type-composite"},"composite_virtual":false,"composite_layout":"single","composite_add_to_cart_form_location":"default","composite_editable_in_cart":false,"composite_sold_individually_context":"product","composite_shop_price_calc":"defaults","composite_components":[{"id":"1686178706","title":"Geschenkverpackung (optional)","description":"","query_type":"product_ids","query_ids":[13154],"default_option_id":"","thumbnail_id":"","thumbnail_src":"","quantity_min":1,"quantity_max":1,"priced_individually":true,"shipped_individually":false,"optional":true,"discount":"","options_style":"dropdowns","pagination_style":"classic","display_prices":"absolute","show_sorting_options":false,"show_filtering_options":false,"attribute_filter_ids":[],"select_action":"view","product_title_visible":false,"product_descr_visible":true,"product_price_visible":true,"product_thumb_visible":true,"subtotal_visible_product":false,"subtotal_visible_cart":false,"subtotal_visible_orders":false,"product_addons_visible":true},{"id":"1686178707","title":"Gru\u00dfkarte mit Mini-Bouquet (optional)","description":"","query_type":"category_ids","query_ids":[635],"default_option_id":"","thumbnail_id":"","thumbnail_src":"","quantity_min":1,"quantity_max":1,"priced_individually":true,"shipped_individually":false,"optional":true,"discount":"","options_style":"dropdowns","pagination_style":"classic","display_prices":"absolute","show_sorting_options":false,"show_filtering_options":false,"attribute_filter_ids":[],"select_action":"view","product_title_visible":false,"product_descr_visible":true,"product_price_visible":true,"product_thumb_visible":true,"subtotal_visible_product":false,"subtotal_visible_cart":false,"subtotal_visible_orders":false,"product_addons_visible":true}],"composite_scenarios":[],"exclude_global_add_ons":[],"addons":[],"acf":[],"yoast_head":"<!-- This site is optimized with the Yoast SEO plugin v26.8 - https:\/\/yoast.com\/product\/yoast-seo-wordpress\/ -->\n<title>A.R. Lenoble Grand Cru Blanc de Blancs 2008 | FOUFOU CHAMPAGNE BOUTIQUE<\/title>\n<meta name=\"description\" content=\"Blanc de Blancs, Grand Cru, Jahrgangschampagner 2008: Eine Ikone aus Chouilly!\" \/>\n<meta name=\"robots\" content=\"index, follow, max-snippet:-1, max-image-preview:large, max-video-preview:-1\" \/>\n<link rel=\"canonical\" href=\"https:\/\/foufou-champagne.com\/de\/champagner\/a-r-lenoble-grand-cru-blanc-de-blancs-2008\/\" \/>\n<meta property=\"og:locale\" content=\"de_DE\" \/>\n<meta property=\"og:type\" content=\"article\" \/>\n<meta property=\"og:title\" content=\"A.R. Lenoble Grand Cru Blanc de Blancs 2008 | FOUFOU CHAMPAGNE BOUTIQUE\" \/>\n<meta property=\"og:description\" content=\"Blanc de Blancs, Grand Cru, Jahrgangschampagner 2008: Eine Ikone aus Chouilly!\" \/>\n<meta property=\"og:url\" content=\"https:\/\/foufou-champagne.com\/de\/champagner\/a-r-lenoble-grand-cru-blanc-de-blancs-2008\/\" \/>\n<meta property=\"og:site_name\" content=\"foufou-champagne.com\" \/>\n<meta property=\"article:modified_time\" content=\"2025-09-01T08:53:07+00:00\" \/>\n<meta property=\"og:image\" content=\"https:\/\/foufou-champagne.com\/wp-content\/uploads\/2022\/09\/0006_Champagne-FouFou-Champagne-Boutique.png\" \/>\n\t<meta property=\"og:image:width\" content=\"800\" \/>\n\t<meta property=\"og:image:height\" content=\"1000\" \/>\n\t<meta property=\"og:image:type\" content=\"image\/png\" \/>\n<meta name=\"twitter:card\" content=\"summary_large_image\" \/>\n<meta name=\"twitter:label1\" content=\"Gesch\u00e4tzte Lesezeit\" \/>\n\t<meta name=\"twitter:data1\" content=\"2\u00a0Minuten\" \/>\n<script type=\"application\/ld+json\" class=\"yoast-schema-graph\">{\"@context\":\"https:\/\/schema.org\",\"@graph\":[{\"@type\":\"WebPage\",\"@id\":\"https:\/\/foufou-champagne.com\/de\/champagner\/a-r-lenoble-grand-cru-blanc-de-blancs-2008\/\",\"url\":\"https:\/\/foufou-champagne.com\/de\/champagner\/a-r-lenoble-grand-cru-blanc-de-blancs-2008\/\",\"name\":\"A.R. Lenoble Grand Cru Blanc de Blancs 2008 | FOUFOU CHAMPAGNE BOUTIQUE\",\"isPartOf\":{\"@id\":\"https:\/\/foufou-champagne.com\/de\/#website\"},\"primaryImageOfPage\":{\"@id\":\"https:\/\/foufou-champagne.com\/de\/champagner\/a-r-lenoble-grand-cru-blanc-de-blancs-2008\/#primaryimage\"},\"image\":{\"@id\":\"https:\/\/foufou-champagne.com\/de\/champagner\/a-r-lenoble-grand-cru-blanc-de-blancs-2008\/#primaryimage\"},\"thumbnailUrl\":\"https:\/\/foufou-champagne.com\/wp-content\/uploads\/2022\/09\/0006_Champagne-FouFou-Champagne-Boutique.png\",\"datePublished\":\"2022-09-03T14:04:14+00:00\",\"dateModified\":\"2025-09-01T08:53:07+00:00\",\"description\":\"Blanc de Blancs, Grand Cru, Jahrgangschampagner 2008: Eine Ikone aus Chouilly!\",\"breadcrumb\":{\"@id\":\"https:\/\/foufou-champagne.com\/de\/champagner\/a-r-lenoble-grand-cru-blanc-de-blancs-2008\/#breadcrumb\"},\"inLanguage\":\"de\",\"potentialAction\":[{\"@type\":\"ReadAction\",\"target\":[\"https:\/\/foufou-champagne.com\/de\/champagner\/a-r-lenoble-grand-cru-blanc-de-blancs-2008\/\"]}]},{\"@type\":\"ImageObject\",\"inLanguage\":\"de\",\"@id\":\"https:\/\/foufou-champagne.com\/de\/champagner\/a-r-lenoble-grand-cru-blanc-de-blancs-2008\/#primaryimage\",\"url\":\"https:\/\/foufou-champagne.com\/wp-content\/uploads\/2022\/09\/0006_Champagne-FouFou-Champagne-Boutique.png\",\"contentUrl\":\"https:\/\/foufou-champagne.com\/wp-content\/uploads\/2022\/09\/0006_Champagne-FouFou-Champagne-Boutique.png\",\"width\":800,\"height\":1000,\"caption\":\"AR Lenoble Grand Cru Blanc de Blancs Chouilly Brut 2008\"},{\"@type\":\"BreadcrumbList\",\"@id\":\"https:\/\/foufou-champagne.com\/de\/champagner\/a-r-lenoble-grand-cru-blanc-de-blancs-2008\/#breadcrumb\",\"itemListElement\":[{\"@type\":\"ListItem\",\"position\":1,\"name\":\"Startseite\",\"item\":\"https:\/\/foufou-champagne.com\/de\/\"},{\"@type\":\"ListItem\",\"position\":2,\"name\":\"Shop\",\"item\":\"https:\/\/foufou-champagne.com\/de\/shop\/\"},{\"@type\":\"ListItem\",\"position\":3,\"name\":\"A.R. Lenoble Grand Cru Blanc de Blancs 2008\"}]},{\"@type\":\"WebSite\",\"@id\":\"https:\/\/foufou-champagne.com\/de\/#website\",\"url\":\"https:\/\/foufou-champagne.com\/de\/\",\"name\":\"foufou-champagne.com\",\"description\":\"CHAMPAGNE BOUTIQUE\",\"potentialAction\":[{\"@type\":\"SearchAction\",\"target\":{\"@type\":\"EntryPoint\",\"urlTemplate\":\"https:\/\/foufou-champagne.com\/de\/?s={search_term_string}\"},\"query-input\":{\"@type\":\"PropertyValueSpecification\",\"valueRequired\":true,\"valueName\":\"search_term_string\"}}],\"inLanguage\":\"de\"}]}<\/script>\n<!-- \/ Yoast SEO plugin. -->","yoast_head_json":{"title":"A.R. Lenoble Grand Cru Blanc de Blancs 2008 | FOUFOU CHAMPAGNE BOUTIQUE","description":"Blanc de Blancs, Grand Cru, Jahrgangschampagner 2008: Eine Ikone aus Chouilly!","robots":{"index":"index","follow":"follow","max-snippet":"max-snippet:-1","max-image-preview":"max-image-preview:large","max-video-preview":"max-video-preview:-1"},"canonical":"https:\/\/foufou-champagne.com\/de\/champagner\/a-r-lenoble-grand-cru-blanc-de-blancs-2008\/","og_locale":"de_DE","og_type":"article","og_title":"A.R. Lenoble Grand Cru Blanc de Blancs 2008 | FOUFOU CHAMPAGNE BOUTIQUE","og_description":"Blanc de Blancs, Grand Cru, Jahrgangschampagner 2008: Eine Ikone aus Chouilly!","og_url":"https:\/\/foufou-champagne.com\/de\/champagner\/a-r-lenoble-grand-cru-blanc-de-blancs-2008\/","og_site_name":"foufou-champagne.com","article_modified_time":"2025-09-01T08:53:07+00:00","og_image":[{"width":800,"height":1000,"url":"https:\/\/foufou-champagne.com\/wp-content\/uploads\/2022\/09\/0006_Champagne-FouFou-Champagne-Boutique.png","type":"image\/png"}],"twitter_card":"summary_large_image","twitter_misc":{"Gesch\u00e4tzte Lesezeit":"2\u00a0Minuten"},"schema":{"@context":"https:\/\/schema.org","@graph":[{"@type":"WebPage","@id":"https:\/\/foufou-champagne.com\/de\/champagner\/a-r-lenoble-grand-cru-blanc-de-blancs-2008\/","url":"https:\/\/foufou-champagne.com\/de\/champagner\/a-r-lenoble-grand-cru-blanc-de-blancs-2008\/","name":"A.R. Lenoble Grand Cru Blanc de Blancs 2008 | FOUFOU CHAMPAGNE BOUTIQUE","isPartOf":{"@id":"https:\/\/foufou-champagne.com\/de\/#website"},"primaryImageOfPage":{"@id":"https:\/\/foufou-champagne.com\/de\/champagner\/a-r-lenoble-grand-cru-blanc-de-blancs-2008\/#primaryimage"},"image":{"@id":"https:\/\/foufou-champagne.com\/de\/champagner\/a-r-lenoble-grand-cru-blanc-de-blancs-2008\/#primaryimage"},"thumbnailUrl":"https:\/\/foufou-champagne.com\/wp-content\/uploads\/2022\/09\/0006_Champagne-FouFou-Champagne-Boutique.png","datePublished":"2022-09-03T14:04:14+00:00","dateModified":"2025-09-01T08:53:07+00:00","description":"Blanc de Blancs, Grand Cru, Jahrgangschampagner 2008: Eine Ikone aus Chouilly!","breadcrumb":{"@id":"https:\/\/foufou-champagne.com\/de\/champagner\/a-r-lenoble-grand-cru-blanc-de-blancs-2008\/#breadcrumb"},"inLanguage":"de","potentialAction":[{"@type":"ReadAction","target":["https:\/\/foufou-champagne.com\/de\/champagner\/a-r-lenoble-grand-cru-blanc-de-blancs-2008\/"]}]},{"@type":"ImageObject","inLanguage":"de","@id":"https:\/\/foufou-champagne.com\/de\/champagner\/a-r-lenoble-grand-cru-blanc-de-blancs-2008\/#primaryimage","url":"https:\/\/foufou-champagne.com\/wp-content\/uploads\/2022\/09\/0006_Champagne-FouFou-Champagne-Boutique.png","contentUrl":"https:\/\/foufou-champagne.com\/wp-content\/uploads\/2022\/09\/0006_Champagne-FouFou-Champagne-Boutique.png","width":800,"height":1000,"caption":"AR Lenoble Grand Cru Blanc de Blancs Chouilly Brut 2008"},{"@type":"BreadcrumbList","@id":"https:\/\/foufou-champagne.com\/de\/champagner\/a-r-lenoble-grand-cru-blanc-de-blancs-2008\/#breadcrumb","itemListElement":[{"@type":"ListItem","position":1,"name":"Startseite","item":"https:\/\/foufou-champagne.com\/de\/"},{"@type":"ListItem","position":2,"name":"Shop","item":"https:\/\/foufou-champagne.com\/de\/shop\/"},{"@type":"ListItem","position":3,"name":"A.R. Lenoble Grand Cru Blanc de Blancs 2008"}]},{"@type":"WebSite","@id":"https:\/\/foufou-champagne.com\/de\/#website","url":"https:\/\/foufou-champagne.com\/de\/","name":"foufou-champagne.com","description":"CHAMPAGNE BOUTIQUE","potentialAction":[{"@type":"SearchAction","target":{"@type":"EntryPoint","urlTemplate":"https:\/\/foufou-champagne.com\/de\/?s={search_term_string}"},"query-input":{"@type":"PropertyValueSpecification","valueRequired":true,"valueName":"search_term_string"}}],"inLanguage":"de"}]}},"_links":{"self":[{"href":"https:\/\/foufou-champagne.com\/de\/wp-json\/wp\/v2\/product\/11880","targetHints":{"allow":["GET"]}}],"collection":[{"href":"https:\/\/foufou-champagne.com\/de\/wp-json\/wp\/v2\/product"}],"about":[{"href":"https:\/\/foufou-champagne.com\/de\/wp-json\/wp\/v2\/types\/product"}],"replies":[{"embeddable":true,"href":"https:\/\/foufou-champagne.com\/de\/wp-json\/wp\/v2\/comments?post=11880"}],"wp:featuredmedia":[{"embeddable":true,"href":"https:\/\/foufou-champagne.com\/de\/wp-json\/wp\/v2\/media\/11883"}],"wp:attachment":[{"href":"https:\/\/foufou-champagne.com\/de\/wp-json\/wp\/v2\/media?parent=11880"}],"wp:term":[{"taxonomy":"product_brand","embeddable":true,"href":"https:\/\/foufou-champagne.com\/de\/wp-json\/wp\/v2\/product_brand?post=11880"},{"taxonomy":"product_cat","embeddable":true,"href":"https:\/\/foufou-champagne.com\/de\/wp-json\/wp\/v2\/product_cat?post=11880"},{"taxonomy":"product_tag","embeddable":true,"href":"https:\/\/foufou-champagne.com\/de\/wp-json\/wp\/v2\/product_tag?post=11880"}],"curies":[{"name":"wp","href":"https:\/\/api.w.org\/{rel}","templated":true}]}}