{"id":12014,"date":"2022-10-24T14:23:05","date_gmt":"2022-10-24T12:23:05","guid":{"rendered":"https:\/\/foufou-champagne.com\/?post_type=product&#038;p=12014"},"modified":"2025-04-15T03:01:24","modified_gmt":"2025-04-15T01:01:24","slug":"laurent-perrier-la-cuvee-brut-als-geschenk","status":"publish","type":"product","link":"https:\/\/foufou-champagne.com\/de\/champagner\/laurent-perrier-la-cuvee-brut-als-geschenk\/","title":{"rendered":"Laurent-Perrier La Cuv\u00e9e Brut Geschenkverpackung"},"content":{"rendered":"","protected":false},"excerpt":{"rendered":"<p>Original Geschenkverpackung von Laurent-Perrier.<\/p>\n","protected":false},"featured_media":12016,"comment_status":"open","ping_status":"closed","template":"","meta":{"_acf_changed":false,"_editorskit_title_hidden":false,"_editorskit_reading_time":0,"_editorskit_is_block_options_detached":false,"_editorskit_block_options_position":"{}","_coblocks_attr":"","_coblocks_dimensions":"","_coblocks_responsive_height":"","_coblocks_accordion_ie_support":""},"product_brand":[],"product_cat":[15,452],"product_tag":[175],"class_list":{"0":"post-12014","1":"product","2":"type-product","3":"status-publish","4":"has-post-thumbnail","6":"product_cat-champagner","7":"product_cat-laurent-perrier-champagner","8":"product_tag-guter-essensbegleiter","9":"product_shipping_class-standard","11":"first","12":"outofstock","13":"sold-individually","14":"taxable","15":"shipping-taxable","16":"purchasable","17":"product-type-simple"},"composite_virtual":false,"composite_layout":"","composite_add_to_cart_form_location":"","composite_editable_in_cart":false,"composite_sold_individually_context":"","composite_shop_price_calc":"","composite_components":[],"composite_scenarios":[],"exclude_global_add_ons":[],"addons":[],"acf":[],"yoast_head":"<!-- This site is optimized with the Yoast SEO plugin v26.8 - https:\/\/yoast.com\/product\/yoast-seo-wordpress\/ -->\n<title>Laurent-Perrier La Cuv\u00e9e Brut Geschenkverpackung | FOUFOU CHAMPAGNE BOUTIQUE<\/title>\n<meta name=\"description\" content=\"Der Laurent-Perrier La Cuv\u00e9e ist ein Champagner f\u00fcr festliche Anl\u00e4sse oder auch einfach als Aperitif. Lebhaft und fruchtig. Jetzt online kaufen!\" \/>\n<meta name=\"robots\" content=\"index, follow, max-snippet:-1, max-image-preview:large, max-video-preview:-1\" \/>\n<link rel=\"canonical\" href=\"https:\/\/foufou-champagne.com\/de\/champagner\/laurent-perrier-la-cuvee-brut-als-geschenk\/\" \/>\n<meta property=\"og:locale\" content=\"de_DE\" \/>\n<meta property=\"og:type\" content=\"article\" \/>\n<meta property=\"og:title\" content=\"Laurent-Perrier La Cuv\u00e9e Brut Geschenkverpackung | FOUFOU CHAMPAGNE BOUTIQUE\" \/>\n<meta property=\"og:description\" content=\"Der Laurent-Perrier La Cuv\u00e9e ist ein Champagner f\u00fcr festliche Anl\u00e4sse oder auch einfach als Aperitif. Lebhaft und fruchtig. Jetzt online kaufen!\" \/>\n<meta property=\"og:url\" content=\"https:\/\/foufou-champagne.com\/de\/champagner\/laurent-perrier-la-cuvee-brut-als-geschenk\/\" \/>\n<meta property=\"og:site_name\" content=\"foufou-champagne.com\" \/>\n<meta property=\"article:modified_time\" content=\"2025-04-15T01:01:24+00:00\" \/>\n<meta property=\"og:image\" content=\"https:\/\/foufou-champagne.com\/wp-content\/uploads\/2022\/10\/Champagne-laurent-perrier-la-cuvee-brut-geschenk-FouFou-Champagne-Boutique.jpg\" \/>\n\t<meta property=\"og:image:width\" content=\"917\" \/>\n\t<meta property=\"og:image:height\" content=\"1374\" \/>\n\t<meta property=\"og:image:type\" content=\"image\/jpeg\" \/>\n<meta name=\"twitter:card\" content=\"summary_large_image\" \/>\n<script type=\"application\/ld+json\" class=\"yoast-schema-graph\">{\"@context\":\"https:\/\/schema.org\",\"@graph\":[{\"@type\":\"WebPage\",\"@id\":\"https:\/\/foufou-champagne.com\/de\/champagner\/laurent-perrier-la-cuvee-brut-als-geschenk\/\",\"url\":\"https:\/\/foufou-champagne.com\/de\/champagner\/laurent-perrier-la-cuvee-brut-als-geschenk\/\",\"name\":\"Laurent-Perrier La Cuv\u00e9e Brut Geschenkverpackung | FOUFOU CHAMPAGNE BOUTIQUE\",\"isPartOf\":{\"@id\":\"https:\/\/foufou-champagne.com\/de\/#website\"},\"primaryImageOfPage\":{\"@id\":\"https:\/\/foufou-champagne.com\/de\/champagner\/laurent-perrier-la-cuvee-brut-als-geschenk\/#primaryimage\"},\"image\":{\"@id\":\"https:\/\/foufou-champagne.com\/de\/champagner\/laurent-perrier-la-cuvee-brut-als-geschenk\/#primaryimage\"},\"thumbnailUrl\":\"https:\/\/foufou-champagne.com\/wp-content\/uploads\/2022\/10\/Champagne-laurent-perrier-la-cuvee-brut-geschenk-FouFou-Champagne-Boutique.jpg\",\"datePublished\":\"2022-10-24T12:23:05+00:00\",\"dateModified\":\"2025-04-15T01:01:24+00:00\",\"description\":\"Der Laurent-Perrier La Cuv\u00e9e ist ein Champagner f\u00fcr festliche Anl\u00e4sse oder auch einfach als Aperitif. Lebhaft und fruchtig. Jetzt online kaufen!\",\"breadcrumb\":{\"@id\":\"https:\/\/foufou-champagne.com\/de\/champagner\/laurent-perrier-la-cuvee-brut-als-geschenk\/#breadcrumb\"},\"inLanguage\":\"de\",\"potentialAction\":[{\"@type\":\"ReadAction\",\"target\":[\"https:\/\/foufou-champagne.com\/de\/champagner\/laurent-perrier-la-cuvee-brut-als-geschenk\/\"]}]},{\"@type\":\"ImageObject\",\"inLanguage\":\"de\",\"@id\":\"https:\/\/foufou-champagne.com\/de\/champagner\/laurent-perrier-la-cuvee-brut-als-geschenk\/#primaryimage\",\"url\":\"https:\/\/foufou-champagne.com\/wp-content\/uploads\/2022\/10\/Champagne-laurent-perrier-la-cuvee-brut-geschenk-FouFou-Champagne-Boutique.jpg\",\"contentUrl\":\"https:\/\/foufou-champagne.com\/wp-content\/uploads\/2022\/10\/Champagne-laurent-perrier-la-cuvee-brut-geschenk-FouFou-Champagne-Boutique.jpg\",\"width\":917,\"height\":1374,\"caption\":\"Laurent Perrier la Cuvee Brut als Geschenk\"},{\"@type\":\"BreadcrumbList\",\"@id\":\"https:\/\/foufou-champagne.com\/de\/champagner\/laurent-perrier-la-cuvee-brut-als-geschenk\/#breadcrumb\",\"itemListElement\":[{\"@type\":\"ListItem\",\"position\":1,\"name\":\"Startseite\",\"item\":\"https:\/\/foufou-champagne.com\/de\/\"},{\"@type\":\"ListItem\",\"position\":2,\"name\":\"Shop\",\"item\":\"https:\/\/foufou-champagne.com\/de\/shop\/\"},{\"@type\":\"ListItem\",\"position\":3,\"name\":\"Laurent-Perrier La Cuv\u00e9e Brut Geschenkverpackung\"}]},{\"@type\":\"WebSite\",\"@id\":\"https:\/\/foufou-champagne.com\/de\/#website\",\"url\":\"https:\/\/foufou-champagne.com\/de\/\",\"name\":\"foufou-champagne.com\",\"description\":\"CHAMPAGNE BOUTIQUE\",\"potentialAction\":[{\"@type\":\"SearchAction\",\"target\":{\"@type\":\"EntryPoint\",\"urlTemplate\":\"https:\/\/foufou-champagne.com\/de\/?s={search_term_string}\"},\"query-input\":{\"@type\":\"PropertyValueSpecification\",\"valueRequired\":true,\"valueName\":\"search_term_string\"}}],\"inLanguage\":\"de\"}]}<\/script>\n<!-- \/ Yoast SEO plugin. -->","yoast_head_json":{"title":"Laurent-Perrier La Cuv\u00e9e Brut Geschenkverpackung | FOUFOU CHAMPAGNE BOUTIQUE","description":"Der Laurent-Perrier La Cuv\u00e9e ist ein Champagner f\u00fcr festliche Anl\u00e4sse oder auch einfach als Aperitif. Lebhaft und fruchtig. Jetzt online kaufen!","robots":{"index":"index","follow":"follow","max-snippet":"max-snippet:-1","max-image-preview":"max-image-preview:large","max-video-preview":"max-video-preview:-1"},"canonical":"https:\/\/foufou-champagne.com\/de\/champagner\/laurent-perrier-la-cuvee-brut-als-geschenk\/","og_locale":"de_DE","og_type":"article","og_title":"Laurent-Perrier La Cuv\u00e9e Brut Geschenkverpackung | FOUFOU CHAMPAGNE BOUTIQUE","og_description":"Der Laurent-Perrier La Cuv\u00e9e ist ein Champagner f\u00fcr festliche Anl\u00e4sse oder auch einfach als Aperitif. Lebhaft und fruchtig. Jetzt online kaufen!","og_url":"https:\/\/foufou-champagne.com\/de\/champagner\/laurent-perrier-la-cuvee-brut-als-geschenk\/","og_site_name":"foufou-champagne.com","article_modified_time":"2025-04-15T01:01:24+00:00","og_image":[{"width":917,"height":1374,"url":"https:\/\/foufou-champagne.com\/wp-content\/uploads\/2022\/10\/Champagne-laurent-perrier-la-cuvee-brut-geschenk-FouFou-Champagne-Boutique.jpg","type":"image\/jpeg"}],"twitter_card":"summary_large_image","schema":{"@context":"https:\/\/schema.org","@graph":[{"@type":"WebPage","@id":"https:\/\/foufou-champagne.com\/de\/champagner\/laurent-perrier-la-cuvee-brut-als-geschenk\/","url":"https:\/\/foufou-champagne.com\/de\/champagner\/laurent-perrier-la-cuvee-brut-als-geschenk\/","name":"Laurent-Perrier La Cuv\u00e9e Brut Geschenkverpackung | FOUFOU CHAMPAGNE BOUTIQUE","isPartOf":{"@id":"https:\/\/foufou-champagne.com\/de\/#website"},"primaryImageOfPage":{"@id":"https:\/\/foufou-champagne.com\/de\/champagner\/laurent-perrier-la-cuvee-brut-als-geschenk\/#primaryimage"},"image":{"@id":"https:\/\/foufou-champagne.com\/de\/champagner\/laurent-perrier-la-cuvee-brut-als-geschenk\/#primaryimage"},"thumbnailUrl":"https:\/\/foufou-champagne.com\/wp-content\/uploads\/2022\/10\/Champagne-laurent-perrier-la-cuvee-brut-geschenk-FouFou-Champagne-Boutique.jpg","datePublished":"2022-10-24T12:23:05+00:00","dateModified":"2025-04-15T01:01:24+00:00","description":"Der Laurent-Perrier La Cuv\u00e9e ist ein Champagner f\u00fcr festliche Anl\u00e4sse oder auch einfach als Aperitif. Lebhaft und fruchtig. Jetzt online kaufen!","breadcrumb":{"@id":"https:\/\/foufou-champagne.com\/de\/champagner\/laurent-perrier-la-cuvee-brut-als-geschenk\/#breadcrumb"},"inLanguage":"de","potentialAction":[{"@type":"ReadAction","target":["https:\/\/foufou-champagne.com\/de\/champagner\/laurent-perrier-la-cuvee-brut-als-geschenk\/"]}]},{"@type":"ImageObject","inLanguage":"de","@id":"https:\/\/foufou-champagne.com\/de\/champagner\/laurent-perrier-la-cuvee-brut-als-geschenk\/#primaryimage","url":"https:\/\/foufou-champagne.com\/wp-content\/uploads\/2022\/10\/Champagne-laurent-perrier-la-cuvee-brut-geschenk-FouFou-Champagne-Boutique.jpg","contentUrl":"https:\/\/foufou-champagne.com\/wp-content\/uploads\/2022\/10\/Champagne-laurent-perrier-la-cuvee-brut-geschenk-FouFou-Champagne-Boutique.jpg","width":917,"height":1374,"caption":"Laurent Perrier la Cuvee Brut als Geschenk"},{"@type":"BreadcrumbList","@id":"https:\/\/foufou-champagne.com\/de\/champagner\/laurent-perrier-la-cuvee-brut-als-geschenk\/#breadcrumb","itemListElement":[{"@type":"ListItem","position":1,"name":"Startseite","item":"https:\/\/foufou-champagne.com\/de\/"},{"@type":"ListItem","position":2,"name":"Shop","item":"https:\/\/foufou-champagne.com\/de\/shop\/"},{"@type":"ListItem","position":3,"name":"Laurent-Perrier La Cuv\u00e9e Brut Geschenkverpackung"}]},{"@type":"WebSite","@id":"https:\/\/foufou-champagne.com\/de\/#website","url":"https:\/\/foufou-champagne.com\/de\/","name":"foufou-champagne.com","description":"CHAMPAGNE BOUTIQUE","potentialAction":[{"@type":"SearchAction","target":{"@type":"EntryPoint","urlTemplate":"https:\/\/foufou-champagne.com\/de\/?s={search_term_string}"},"query-input":{"@type":"PropertyValueSpecification","valueRequired":true,"valueName":"search_term_string"}}],"inLanguage":"de"}]}},"_links":{"self":[{"href":"https:\/\/foufou-champagne.com\/de\/wp-json\/wp\/v2\/product\/12014","targetHints":{"allow":["GET"]}}],"collection":[{"href":"https:\/\/foufou-champagne.com\/de\/wp-json\/wp\/v2\/product"}],"about":[{"href":"https:\/\/foufou-champagne.com\/de\/wp-json\/wp\/v2\/types\/product"}],"replies":[{"embeddable":true,"href":"https:\/\/foufou-champagne.com\/de\/wp-json\/wp\/v2\/comments?post=12014"}],"wp:featuredmedia":[{"embeddable":true,"href":"https:\/\/foufou-champagne.com\/de\/wp-json\/wp\/v2\/media\/12016"}],"wp:attachment":[{"href":"https:\/\/foufou-champagne.com\/de\/wp-json\/wp\/v2\/media?parent=12014"}],"wp:term":[{"taxonomy":"product_brand","embeddable":true,"href":"https:\/\/foufou-champagne.com\/de\/wp-json\/wp\/v2\/product_brand?post=12014"},{"taxonomy":"product_cat","embeddable":true,"href":"https:\/\/foufou-champagne.com\/de\/wp-json\/wp\/v2\/product_cat?post=12014"},{"taxonomy":"product_tag","embeddable":true,"href":"https:\/\/foufou-champagne.com\/de\/wp-json\/wp\/v2\/product_tag?post=12014"}],"curies":[{"name":"wp","href":"https:\/\/api.w.org\/{rel}","templated":true}]}}