{"id":12421,"date":"2022-12-27T16:22:26","date_gmt":"2022-12-27T15:22:26","guid":{"rendered":"https:\/\/foufou-champagne.com\/?post_type=product&#038;p=12421"},"modified":"2026-04-30T00:03:31","modified_gmt":"2026-04-29T22:03:31","slug":"ruinart-blanc-de-blancs","status":"publish","type":"product","link":"https:\/\/foufou-champagne.com\/de\/champagner\/ruinart-blanc-de-blancs\/","title":{"rendered":"Ruinart Blanc de Blancs"},"content":{"rendered":"<h4>Der Champagner<\/h4>\n<p>Der Blanc de Blancs (100% Chardonnay) von <a href=\"https:\/\/foufou-champagne.com\/de\/produkt-kategorie\/Ruinart-champagner\/\">Ruinart<\/a> wird aus ca. 30 verschiedenen Crus assembliert.\u00a0 Seidig, elegant und frisch. Die Trauben werden fast ausschlie\u00dflich aus Premier Cru Lagen gewonnen. 20 bis 30 % der Assemblage sind Reserveweine.<\/p>\n<h4>Tasting Note<\/h4>\n<ul>\n<li>Im Glas ein blasses Gelb mit gr\u00fcnen Reflexen<\/li>\n<li>In der Nase intensive Fruchtaromen: reife Zitrone, Birne, Pfirsich<\/li>\n<li>Am Gaumen frisch und exotisch und dennoch Vollmundig mit der f\u00fcr Ruinart bekannten Geschmeidigkeit.<\/li>\n<\/ul>\n<h4>passt zu<\/h4>\n<ul>\n<li>Super Aperitif<\/li>\n<li>Passt hervorragend zu frischen und fruchtigen Speisen<\/li>\n<li>Rohkost mit fruchtigen, frischen und salzigen Elementen im Kontrast<\/li>\n<li>Marinaden aus Zitruss\u00e4ften und frischen Kr\u00e4utern<\/li>\n<\/ul>\n<p>&nbsp;<\/p>\n<h3><strong>Das Champagnerhaus Ruinart<\/strong><\/h3>\n<div class=\"row row--collapse align-left\">\n<div class=\"col col-sm-12 col-xlg-12\">\n<div class=\"cmsPlainText\">\n<div class=\"row\">\n<div class=\"col col-sm-12\">\n<div class=\"cmsPlainText__content\">\n<div class=\"cmsPlainText__split cmsPlainText__split--1\">\n<p>Ruinart ist nicht nur das \u00e4lteste, noch aktive Champagnerhaus, sondern geh\u00f6rt auch zu den edelsten und luxuri\u00f6sesten seiner Art. Ruinart kann auf drei Jahrhunderte Geschichte zur\u00fcckblicken: Den Grundstein legte Nicolas Ruinart, der Neffe des Benediktinerm\u00f6nchs Dom Thierry Ruinart. Und noch heute reifen die Champagner in den 1769 erworbenen Kalkstollen des Hauses. Die Ruinart-Champagner sind in Form, Gestalt und Geschmack einfach unverwechselbar: harmonisch, klar, aromatisch und zart.<\/p>\n<\/div>\n<\/div>\n<\/div>\n<\/div>\n<\/div>\n<\/div>\n<\/div>\n","protected":false},"excerpt":{"rendered":"<p style=\"text-align: left;\">Ein Klassiker unter den Blanc de Blancs! Frisch und dennoch vollmundig mit der f\u00fcr Ruinart bekannten seidigen Note.<\/p>\n<p>&nbsp;<\/p>\n","protected":false},"featured_media":12350,"comment_status":"open","ping_status":"closed","template":"","meta":{"_acf_changed":false,"_editorskit_title_hidden":false,"_editorskit_reading_time":0,"_editorskit_is_block_options_detached":false,"_editorskit_block_options_position":"{}","_coblocks_attr":"","_coblocks_dimensions":"","_coblocks_responsive_height":"","_coblocks_accordion_ie_support":""},"product_brand":[],"product_cat":[15,163,456],"product_tag":[502],"class_list":{"0":"post-12421","1":"product","2":"type-product","3":"status-publish","4":"has-post-thumbnail","6":"product_cat-champagner","7":"product_cat-blanc-de-blancs","8":"product_cat-ruinart-champagner","9":"product_tag-blanc-de-blancs","10":"product_shipping_class-standard","11":"pa_kategorie-blanc-de-blancs","13":"first","14":"instock","15":"taxable","16":"shipping-taxable","17":"purchasable","18":"product-type-composite"},"composite_virtual":false,"composite_layout":"single","composite_add_to_cart_form_location":"default","composite_editable_in_cart":false,"composite_sold_individually_context":"product","composite_shop_price_calc":"defaults","composite_components":[{"id":"1686186967","title":"Geschenkverpackung (optional)","description":"","query_type":"product_ids","query_ids":[13154],"default_option_id":"","thumbnail_id":"","thumbnail_src":"","quantity_min":1,"quantity_max":1,"priced_individually":true,"shipped_individually":false,"optional":true,"discount":"","options_style":"dropdowns","pagination_style":"classic","display_prices":"absolute","show_sorting_options":false,"show_filtering_options":false,"attribute_filter_ids":[],"select_action":"view","product_title_visible":false,"product_descr_visible":true,"product_price_visible":true,"product_thumb_visible":true,"subtotal_visible_product":false,"subtotal_visible_cart":false,"subtotal_visible_orders":false,"product_addons_visible":true},{"id":"1686186968","title":"Gru\u00dfkarte mit Mini-Bouquet (optional)","description":"","query_type":"category_ids","query_ids":[635],"default_option_id":"","thumbnail_id":"","thumbnail_src":"","quantity_min":1,"quantity_max":1,"priced_individually":true,"shipped_individually":false,"optional":true,"discount":"","options_style":"dropdowns","pagination_style":"classic","display_prices":"absolute","show_sorting_options":false,"show_filtering_options":false,"attribute_filter_ids":[],"select_action":"view","product_title_visible":false,"product_descr_visible":true,"product_price_visible":true,"product_thumb_visible":true,"subtotal_visible_product":false,"subtotal_visible_cart":false,"subtotal_visible_orders":false,"product_addons_visible":true}],"composite_scenarios":[],"exclude_global_add_ons":[],"addons":[],"acf":[],"yoast_head":"<!-- This site is optimized with the Yoast SEO plugin v26.8 - https:\/\/yoast.com\/product\/yoast-seo-wordpress\/ -->\n<title>Ruinart Blanc de Blancs Champagner kaufen | FOUFOU CHAMPAGNE BOUTIQUE<\/title>\n<meta name=\"description\" content=\"Ein Klassiker unter den Blanc de Blancs! Frisch und dennoch vollmundig mit der f\u00fcr Ruinart bekannten seidigen Note.\" \/>\n<meta name=\"robots\" content=\"index, follow, max-snippet:-1, max-image-preview:large, max-video-preview:-1\" \/>\n<link rel=\"canonical\" href=\"https:\/\/foufou-champagne.com\/de\/champagner\/ruinart-blanc-de-blancs\/\" \/>\n<meta property=\"og:locale\" content=\"de_DE\" \/>\n<meta property=\"og:type\" content=\"article\" \/>\n<meta property=\"og:title\" content=\"Ruinart Blanc de Blancs Champagner kaufen | FOUFOU CHAMPAGNE BOUTIQUE\" \/>\n<meta property=\"og:description\" content=\"Ein Klassiker unter den Blanc de Blancs! Frisch und dennoch vollmundig mit der f\u00fcr Ruinart bekannten seidigen Note.\" \/>\n<meta property=\"og:url\" content=\"https:\/\/foufou-champagne.com\/de\/champagner\/ruinart-blanc-de-blancs\/\" \/>\n<meta property=\"og:site_name\" content=\"foufou-champagne.com\" \/>\n<meta property=\"article:modified_time\" content=\"2026-04-29T22:03:31+00:00\" \/>\n<meta property=\"og:image\" content=\"https:\/\/foufou-champagne.com\/wp-content\/uploads\/2022\/12\/Champagne-Ruinat-Blanc-de-Blancs-FouFou-Champagne-Boutique.png\" \/>\n\t<meta property=\"og:image:width\" content=\"800\" \/>\n\t<meta property=\"og:image:height\" content=\"1000\" \/>\n\t<meta property=\"og:image:type\" content=\"image\/png\" \/>\n<meta name=\"twitter:card\" content=\"summary_large_image\" \/>\n<meta name=\"twitter:label1\" content=\"Gesch\u00e4tzte Lesezeit\" \/>\n\t<meta name=\"twitter:data1\" content=\"2\u00a0Minuten\" \/>\n<script type=\"application\/ld+json\" class=\"yoast-schema-graph\">{\"@context\":\"https:\/\/schema.org\",\"@graph\":[{\"@type\":\"WebPage\",\"@id\":\"https:\/\/foufou-champagne.com\/de\/champagner\/ruinart-blanc-de-blancs\/\",\"url\":\"https:\/\/foufou-champagne.com\/de\/champagner\/ruinart-blanc-de-blancs\/\",\"name\":\"Ruinart Blanc de Blancs Champagner kaufen | FOUFOU CHAMPAGNE BOUTIQUE\",\"isPartOf\":{\"@id\":\"https:\/\/foufou-champagne.com\/de\/#website\"},\"primaryImageOfPage\":{\"@id\":\"https:\/\/foufou-champagne.com\/de\/champagner\/ruinart-blanc-de-blancs\/#primaryimage\"},\"image\":{\"@id\":\"https:\/\/foufou-champagne.com\/de\/champagner\/ruinart-blanc-de-blancs\/#primaryimage\"},\"thumbnailUrl\":\"https:\/\/foufou-champagne.com\/wp-content\/uploads\/2022\/12\/Champagne-Ruinat-Blanc-de-Blancs-FouFou-Champagne-Boutique.png\",\"datePublished\":\"2022-12-27T15:22:26+00:00\",\"dateModified\":\"2026-04-29T22:03:31+00:00\",\"description\":\"Ein Klassiker unter den Blanc de Blancs! Frisch und dennoch vollmundig mit der f\u00fcr Ruinart bekannten seidigen Note.\",\"breadcrumb\":{\"@id\":\"https:\/\/foufou-champagne.com\/de\/champagner\/ruinart-blanc-de-blancs\/#breadcrumb\"},\"inLanguage\":\"de\",\"potentialAction\":[{\"@type\":\"ReadAction\",\"target\":[\"https:\/\/foufou-champagne.com\/de\/champagner\/ruinart-blanc-de-blancs\/\"]}]},{\"@type\":\"ImageObject\",\"inLanguage\":\"de\",\"@id\":\"https:\/\/foufou-champagne.com\/de\/champagner\/ruinart-blanc-de-blancs\/#primaryimage\",\"url\":\"https:\/\/foufou-champagne.com\/wp-content\/uploads\/2022\/12\/Champagne-Ruinat-Blanc-de-Blancs-FouFou-Champagne-Boutique.png\",\"contentUrl\":\"https:\/\/foufou-champagne.com\/wp-content\/uploads\/2022\/12\/Champagne-Ruinat-Blanc-de-Blancs-FouFou-Champagne-Boutique.png\",\"width\":800,\"height\":1000,\"caption\":\"Champagnerflasche Ruinat-Blanc-de-Blancs\"},{\"@type\":\"BreadcrumbList\",\"@id\":\"https:\/\/foufou-champagne.com\/de\/champagner\/ruinart-blanc-de-blancs\/#breadcrumb\",\"itemListElement\":[{\"@type\":\"ListItem\",\"position\":1,\"name\":\"Startseite\",\"item\":\"https:\/\/foufou-champagne.com\/de\/\"},{\"@type\":\"ListItem\",\"position\":2,\"name\":\"Shop\",\"item\":\"https:\/\/foufou-champagne.com\/de\/shop\/\"},{\"@type\":\"ListItem\",\"position\":3,\"name\":\"Ruinart Blanc de Blancs\"}]},{\"@type\":\"WebSite\",\"@id\":\"https:\/\/foufou-champagne.com\/de\/#website\",\"url\":\"https:\/\/foufou-champagne.com\/de\/\",\"name\":\"foufou-champagne.com\",\"description\":\"CHAMPAGNE BOUTIQUE\",\"potentialAction\":[{\"@type\":\"SearchAction\",\"target\":{\"@type\":\"EntryPoint\",\"urlTemplate\":\"https:\/\/foufou-champagne.com\/de\/?s={search_term_string}\"},\"query-input\":{\"@type\":\"PropertyValueSpecification\",\"valueRequired\":true,\"valueName\":\"search_term_string\"}}],\"inLanguage\":\"de\"}]}<\/script>\n<!-- \/ Yoast SEO plugin. -->","yoast_head_json":{"title":"Ruinart Blanc de Blancs Champagner kaufen | FOUFOU CHAMPAGNE BOUTIQUE","description":"Ein Klassiker unter den Blanc de Blancs! Frisch und dennoch vollmundig mit der f\u00fcr Ruinart bekannten seidigen Note.","robots":{"index":"index","follow":"follow","max-snippet":"max-snippet:-1","max-image-preview":"max-image-preview:large","max-video-preview":"max-video-preview:-1"},"canonical":"https:\/\/foufou-champagne.com\/de\/champagner\/ruinart-blanc-de-blancs\/","og_locale":"de_DE","og_type":"article","og_title":"Ruinart Blanc de Blancs Champagner kaufen | FOUFOU CHAMPAGNE BOUTIQUE","og_description":"Ein Klassiker unter den Blanc de Blancs! Frisch und dennoch vollmundig mit der f\u00fcr Ruinart bekannten seidigen Note.","og_url":"https:\/\/foufou-champagne.com\/de\/champagner\/ruinart-blanc-de-blancs\/","og_site_name":"foufou-champagne.com","article_modified_time":"2026-04-29T22:03:31+00:00","og_image":[{"width":800,"height":1000,"url":"https:\/\/foufou-champagne.com\/wp-content\/uploads\/2022\/12\/Champagne-Ruinat-Blanc-de-Blancs-FouFou-Champagne-Boutique.png","type":"image\/png"}],"twitter_card":"summary_large_image","twitter_misc":{"Gesch\u00e4tzte Lesezeit":"2\u00a0Minuten"},"schema":{"@context":"https:\/\/schema.org","@graph":[{"@type":"WebPage","@id":"https:\/\/foufou-champagne.com\/de\/champagner\/ruinart-blanc-de-blancs\/","url":"https:\/\/foufou-champagne.com\/de\/champagner\/ruinart-blanc-de-blancs\/","name":"Ruinart Blanc de Blancs Champagner kaufen | FOUFOU CHAMPAGNE BOUTIQUE","isPartOf":{"@id":"https:\/\/foufou-champagne.com\/de\/#website"},"primaryImageOfPage":{"@id":"https:\/\/foufou-champagne.com\/de\/champagner\/ruinart-blanc-de-blancs\/#primaryimage"},"image":{"@id":"https:\/\/foufou-champagne.com\/de\/champagner\/ruinart-blanc-de-blancs\/#primaryimage"},"thumbnailUrl":"https:\/\/foufou-champagne.com\/wp-content\/uploads\/2022\/12\/Champagne-Ruinat-Blanc-de-Blancs-FouFou-Champagne-Boutique.png","datePublished":"2022-12-27T15:22:26+00:00","dateModified":"2026-04-29T22:03:31+00:00","description":"Ein Klassiker unter den Blanc de Blancs! Frisch und dennoch vollmundig mit der f\u00fcr Ruinart bekannten seidigen Note.","breadcrumb":{"@id":"https:\/\/foufou-champagne.com\/de\/champagner\/ruinart-blanc-de-blancs\/#breadcrumb"},"inLanguage":"de","potentialAction":[{"@type":"ReadAction","target":["https:\/\/foufou-champagne.com\/de\/champagner\/ruinart-blanc-de-blancs\/"]}]},{"@type":"ImageObject","inLanguage":"de","@id":"https:\/\/foufou-champagne.com\/de\/champagner\/ruinart-blanc-de-blancs\/#primaryimage","url":"https:\/\/foufou-champagne.com\/wp-content\/uploads\/2022\/12\/Champagne-Ruinat-Blanc-de-Blancs-FouFou-Champagne-Boutique.png","contentUrl":"https:\/\/foufou-champagne.com\/wp-content\/uploads\/2022\/12\/Champagne-Ruinat-Blanc-de-Blancs-FouFou-Champagne-Boutique.png","width":800,"height":1000,"caption":"Champagnerflasche Ruinat-Blanc-de-Blancs"},{"@type":"BreadcrumbList","@id":"https:\/\/foufou-champagne.com\/de\/champagner\/ruinart-blanc-de-blancs\/#breadcrumb","itemListElement":[{"@type":"ListItem","position":1,"name":"Startseite","item":"https:\/\/foufou-champagne.com\/de\/"},{"@type":"ListItem","position":2,"name":"Shop","item":"https:\/\/foufou-champagne.com\/de\/shop\/"},{"@type":"ListItem","position":3,"name":"Ruinart Blanc de Blancs"}]},{"@type":"WebSite","@id":"https:\/\/foufou-champagne.com\/de\/#website","url":"https:\/\/foufou-champagne.com\/de\/","name":"foufou-champagne.com","description":"CHAMPAGNE BOUTIQUE","potentialAction":[{"@type":"SearchAction","target":{"@type":"EntryPoint","urlTemplate":"https:\/\/foufou-champagne.com\/de\/?s={search_term_string}"},"query-input":{"@type":"PropertyValueSpecification","valueRequired":true,"valueName":"search_term_string"}}],"inLanguage":"de"}]}},"_links":{"self":[{"href":"https:\/\/foufou-champagne.com\/de\/wp-json\/wp\/v2\/product\/12421","targetHints":{"allow":["GET"]}}],"collection":[{"href":"https:\/\/foufou-champagne.com\/de\/wp-json\/wp\/v2\/product"}],"about":[{"href":"https:\/\/foufou-champagne.com\/de\/wp-json\/wp\/v2\/types\/product"}],"replies":[{"embeddable":true,"href":"https:\/\/foufou-champagne.com\/de\/wp-json\/wp\/v2\/comments?post=12421"}],"wp:featuredmedia":[{"embeddable":true,"href":"https:\/\/foufou-champagne.com\/de\/wp-json\/wp\/v2\/media\/12350"}],"wp:attachment":[{"href":"https:\/\/foufou-champagne.com\/de\/wp-json\/wp\/v2\/media?parent=12421"}],"wp:term":[{"taxonomy":"product_brand","embeddable":true,"href":"https:\/\/foufou-champagne.com\/de\/wp-json\/wp\/v2\/product_brand?post=12421"},{"taxonomy":"product_cat","embeddable":true,"href":"https:\/\/foufou-champagne.com\/de\/wp-json\/wp\/v2\/product_cat?post=12421"},{"taxonomy":"product_tag","embeddable":true,"href":"https:\/\/foufou-champagne.com\/de\/wp-json\/wp\/v2\/product_tag?post=12421"}],"curies":[{"name":"wp","href":"https:\/\/api.w.org\/{rel}","templated":true}]}}