{"id":12475,"date":"2024-06-24T14:03:29","date_gmt":"2024-06-24T12:03:29","guid":{"rendered":"https:\/\/foufou-champagne.com\/?post_type=product&#038;p=12475"},"modified":"2025-09-04T09:12:18","modified_gmt":"2025-09-04T07:12:18","slug":"drappier-rose-brut-nature-dosage-zero","status":"publish","type":"product","link":"https:\/\/foufou-champagne.com\/de\/champagner\/drappier-rose-brut-nature-dosage-zero\/","title":{"rendered":"Drappier Ros\u00e9 Brut Nature Dosage Zero"},"content":{"rendered":"<h4>Der Champagner<\/h4>\n<p>Drappier Ros\u00e9 Brut Nature Dosage Zero: Ein Zero Dosage Ros\u00e9 Champagner aus 100% Pinot Noir, der aus den biologisch bewirtschafteten Weinbergen rund um Urville stammt. Diese Trauben wachsen auf den einzigartigen Kimmeridge-Kalkb\u00f6den, die den Weinen ihre charakteristische Mineralit\u00e4t verleihen. Hergestellt nach dem traditionellen Saign\u00e9e-Verfahren,bei der der Saft durch eine kurze Mazeration mit den Schalen gef\u00e4rbt wird. Unfiltriert und ohne zus\u00e4tzliche Dosage und mit nur\u00a0 40 mg\/l Sulfitgehalt steht dieser Champagner f\u00fcr Reinheit und Purismus. Ein unverf\u00e4lschtes Geschmackserlebnis. Perfekt f\u00fcr alle, die das Authentische lieben und sch\u00e4tzen.<\/p>\n<h4>Tasting Note<\/h4>\n<ul>\n<li><strong>Im Glas:<\/strong> Lachsrosa<\/li>\n<li><strong>In der Nase:<\/strong> Frische rote Fr\u00fcchte wie Erdbeeren und Himbeeren, erg\u00e4nzt durch florale Noten von Rosenbl\u00e4ttern und Zitrusfr\u00fcchten.<\/li>\n<li><strong>Am Gaumen:<\/strong> Trocken und frisch mit lebendiger S\u00e4ure, begleitet von reifen roten Fruchtaromen und einem langen, mineralischen Abgang. Die Struktur ist elegant und fein.<\/li>\n<\/ul>\n<h4><strong>passt zu<\/strong><\/h4>\n<ul>\n<li>Aperitif<\/li>\n<li>Gegrillte Meeresfr\u00fcchte<\/li>\n<li>Sushi<\/li>\n<li>Gegrilltes Schweinefleisch<\/li>\n<\/ul>\n<p>&nbsp;<\/p>\n<h4>Das Champagnerhaus Drappier<\/h4>\n<p><strong>Nat\u00fcrlichkeit und wenig Dosage<\/strong><\/p>\n<p>Das in Familienbesitz liegende Champagnerhaus Drappier kreiert seit 1808 elegante und fruchtbetonte Champagner. 53 Hektar umfasst das Anbaugebiet von Drappier in Urville, Cote des Bar. Weitere 40 Hektar liefern Lagen in Cramant und Chouilly. Michael Drappier setzt auf Prinzipien des nachhaltigen und naturnahen Weinbaus. Champagner mit wenig Dosage und ausdrucksstarke Cuv\u00e9es sind das Aush\u00e4ngeschild von Drappier.<\/p>\n","protected":false},"excerpt":{"rendered":"<p>Ein typischer Saign\u00e9e Ros\u00e9 mit einer Mischung aus Waldbeeren- und Sauerkirschfrucht und eher erdigen und steinigen Noten.<\/p>\n","protected":false},"featured_media":13362,"comment_status":"open","ping_status":"closed","template":"","meta":{"_acf_changed":false,"_editorskit_title_hidden":false,"_editorskit_reading_time":0,"_editorskit_is_block_options_detached":false,"_editorskit_block_options_position":"{}","_coblocks_attr":"","_coblocks_dimensions":"","_coblocks_responsive_height":"","_coblocks_accordion_ie_support":""},"product_brand":[],"product_cat":[15,66,442,512],"product_tag":[212,642,159,91,169],"class_list":{"0":"post-12475","1":"product","2":"type-product","3":"status-publish","4":"has-post-thumbnail","6":"product_cat-champagner","7":"product_cat-bio-champagner","8":"product_cat-drappier-champagner","9":"product_cat-rose-champagner","10":"product_tag-aperitif","11":"product_tag-brut-nature","12":"product_tag-pinot-noir","13":"product_tag-rose-champagner","14":"product_tag-zero-dosage","15":"product_shipping_class-standard","16":"pa_kategorie-rose-champagner","18":"first","19":"outofstock","20":"taxable","21":"shipping-taxable","22":"purchasable","23":"product-type-composite"},"composite_virtual":false,"composite_layout":"single","composite_add_to_cart_form_location":"default","composite_editable_in_cart":false,"composite_sold_individually_context":"product","composite_shop_price_calc":"defaults","composite_components":[{"id":"1692183139","title":"Geschenkverpackung (optional)","description":"","query_type":"product_ids","query_ids":[13154],"default_option_id":"","thumbnail_id":"","thumbnail_src":"","quantity_min":1,"quantity_max":1,"priced_individually":true,"shipped_individually":false,"optional":true,"discount":"","options_style":"dropdowns","pagination_style":"classic","display_prices":"absolute","show_sorting_options":false,"show_filtering_options":false,"attribute_filter_ids":[],"select_action":"view","product_title_visible":false,"product_descr_visible":true,"product_price_visible":true,"product_thumb_visible":true,"subtotal_visible_product":false,"subtotal_visible_cart":false,"subtotal_visible_orders":false,"product_addons_visible":true},{"id":"1692183140","title":"Gru\u00dfkarte mit Mini-Bouquet (optional)","description":"","query_type":"category_ids","query_ids":[635],"default_option_id":"","thumbnail_id":"","thumbnail_src":"","quantity_min":1,"quantity_max":1,"priced_individually":true,"shipped_individually":false,"optional":true,"discount":"","options_style":"dropdowns","pagination_style":"classic","display_prices":"absolute","show_sorting_options":false,"show_filtering_options":false,"attribute_filter_ids":[],"select_action":"view","product_title_visible":false,"product_descr_visible":true,"product_price_visible":true,"product_thumb_visible":true,"subtotal_visible_product":false,"subtotal_visible_cart":false,"subtotal_visible_orders":false,"product_addons_visible":true}],"composite_scenarios":[],"exclude_global_add_ons":[],"addons":[],"acf":[],"yoast_head":"<!-- This site is optimized with the Yoast SEO plugin v26.8 - https:\/\/yoast.com\/product\/yoast-seo-wordpress\/ -->\n<title>Drappier Ros\u00e9 Brut Nature Dosage Zero | FOUFOU CHAMPAGNE BOUTIQUE<\/title>\n<meta name=\"description\" content=\"Der Champagner Drappier Ros\u00e9 Nature Dosage Zero steht f\u00fcr 100% Pinot Noir. Ausdrucksvoll und gleichzeitig frisch. Jetzt online kaufen!\" \/>\n<meta name=\"robots\" content=\"index, follow, max-snippet:-1, max-image-preview:large, max-video-preview:-1\" \/>\n<link rel=\"canonical\" href=\"https:\/\/foufou-champagne.com\/de\/champagner\/drappier-rose-brut-nature-dosage-zero\/\" \/>\n<meta property=\"og:locale\" content=\"de_DE\" \/>\n<meta property=\"og:type\" content=\"article\" \/>\n<meta property=\"og:title\" content=\"Drappier Ros\u00e9 Brut Nature Dosage Zero | FOUFOU CHAMPAGNE BOUTIQUE\" \/>\n<meta property=\"og:description\" content=\"Der Champagner Drappier Ros\u00e9 Nature Dosage Zero steht f\u00fcr 100% Pinot Noir. Ausdrucksvoll und gleichzeitig frisch. Jetzt online kaufen!\" \/>\n<meta property=\"og:url\" content=\"https:\/\/foufou-champagne.com\/de\/champagner\/drappier-rose-brut-nature-dosage-zero\/\" \/>\n<meta property=\"og:site_name\" content=\"foufou-champagne.com\" \/>\n<meta property=\"article:modified_time\" content=\"2025-09-04T07:12:18+00:00\" \/>\n<meta property=\"og:image\" content=\"https:\/\/foufou-champagne.com\/wp-content\/uploads\/2023\/08\/Champagne-Drappier-Rose-Brut-Nature.png\" \/>\n\t<meta property=\"og:image:width\" content=\"800\" \/>\n\t<meta property=\"og:image:height\" content=\"1000\" \/>\n\t<meta property=\"og:image:type\" content=\"image\/png\" \/>\n<meta name=\"twitter:card\" content=\"summary_large_image\" \/>\n<meta name=\"twitter:label1\" content=\"Gesch\u00e4tzte Lesezeit\" \/>\n\t<meta name=\"twitter:data1\" content=\"2\u00a0Minuten\" \/>\n<script type=\"application\/ld+json\" class=\"yoast-schema-graph\">{\"@context\":\"https:\/\/schema.org\",\"@graph\":[{\"@type\":\"WebPage\",\"@id\":\"https:\/\/foufou-champagne.com\/de\/champagner\/drappier-rose-brut-nature-dosage-zero\/\",\"url\":\"https:\/\/foufou-champagne.com\/de\/champagner\/drappier-rose-brut-nature-dosage-zero\/\",\"name\":\"Drappier Ros\u00e9 Brut Nature Dosage Zero | FOUFOU CHAMPAGNE BOUTIQUE\",\"isPartOf\":{\"@id\":\"https:\/\/foufou-champagne.com\/de\/#website\"},\"primaryImageOfPage\":{\"@id\":\"https:\/\/foufou-champagne.com\/de\/champagner\/drappier-rose-brut-nature-dosage-zero\/#primaryimage\"},\"image\":{\"@id\":\"https:\/\/foufou-champagne.com\/de\/champagner\/drappier-rose-brut-nature-dosage-zero\/#primaryimage\"},\"thumbnailUrl\":\"https:\/\/foufou-champagne.com\/wp-content\/uploads\/2023\/08\/Champagne-Drappier-Rose-Brut-Nature.png\",\"datePublished\":\"2024-06-24T12:03:29+00:00\",\"dateModified\":\"2025-09-04T07:12:18+00:00\",\"description\":\"Der Champagner Drappier Ros\u00e9 Nature Dosage Zero steht f\u00fcr 100% Pinot Noir. Ausdrucksvoll und gleichzeitig frisch. Jetzt online kaufen!\",\"breadcrumb\":{\"@id\":\"https:\/\/foufou-champagne.com\/de\/champagner\/drappier-rose-brut-nature-dosage-zero\/#breadcrumb\"},\"inLanguage\":\"de\",\"potentialAction\":[{\"@type\":\"ReadAction\",\"target\":[\"https:\/\/foufou-champagne.com\/de\/champagner\/drappier-rose-brut-nature-dosage-zero\/\"]}]},{\"@type\":\"ImageObject\",\"inLanguage\":\"de\",\"@id\":\"https:\/\/foufou-champagne.com\/de\/champagner\/drappier-rose-brut-nature-dosage-zero\/#primaryimage\",\"url\":\"https:\/\/foufou-champagne.com\/wp-content\/uploads\/2023\/08\/Champagne-Drappier-Rose-Brut-Nature.png\",\"contentUrl\":\"https:\/\/foufou-champagne.com\/wp-content\/uploads\/2023\/08\/Champagne-Drappier-Rose-Brut-Nature.png\",\"width\":800,\"height\":1000},{\"@type\":\"BreadcrumbList\",\"@id\":\"https:\/\/foufou-champagne.com\/de\/champagner\/drappier-rose-brut-nature-dosage-zero\/#breadcrumb\",\"itemListElement\":[{\"@type\":\"ListItem\",\"position\":1,\"name\":\"Startseite\",\"item\":\"https:\/\/foufou-champagne.com\/de\/\"},{\"@type\":\"ListItem\",\"position\":2,\"name\":\"Shop\",\"item\":\"https:\/\/foufou-champagne.com\/de\/shop\/\"},{\"@type\":\"ListItem\",\"position\":3,\"name\":\"Drappier Ros\u00e9 Brut Nature Dosage Zero\"}]},{\"@type\":\"WebSite\",\"@id\":\"https:\/\/foufou-champagne.com\/de\/#website\",\"url\":\"https:\/\/foufou-champagne.com\/de\/\",\"name\":\"foufou-champagne.com\",\"description\":\"CHAMPAGNE BOUTIQUE\",\"potentialAction\":[{\"@type\":\"SearchAction\",\"target\":{\"@type\":\"EntryPoint\",\"urlTemplate\":\"https:\/\/foufou-champagne.com\/de\/?s={search_term_string}\"},\"query-input\":{\"@type\":\"PropertyValueSpecification\",\"valueRequired\":true,\"valueName\":\"search_term_string\"}}],\"inLanguage\":\"de\"}]}<\/script>\n<!-- \/ Yoast SEO plugin. -->","yoast_head_json":{"title":"Drappier Ros\u00e9 Brut Nature Dosage Zero | FOUFOU CHAMPAGNE BOUTIQUE","description":"Der Champagner Drappier Ros\u00e9 Nature Dosage Zero steht f\u00fcr 100% Pinot Noir. Ausdrucksvoll und gleichzeitig frisch. Jetzt online kaufen!","robots":{"index":"index","follow":"follow","max-snippet":"max-snippet:-1","max-image-preview":"max-image-preview:large","max-video-preview":"max-video-preview:-1"},"canonical":"https:\/\/foufou-champagne.com\/de\/champagner\/drappier-rose-brut-nature-dosage-zero\/","og_locale":"de_DE","og_type":"article","og_title":"Drappier Ros\u00e9 Brut Nature Dosage Zero | FOUFOU CHAMPAGNE BOUTIQUE","og_description":"Der Champagner Drappier Ros\u00e9 Nature Dosage Zero steht f\u00fcr 100% Pinot Noir. Ausdrucksvoll und gleichzeitig frisch. Jetzt online kaufen!","og_url":"https:\/\/foufou-champagne.com\/de\/champagner\/drappier-rose-brut-nature-dosage-zero\/","og_site_name":"foufou-champagne.com","article_modified_time":"2025-09-04T07:12:18+00:00","og_image":[{"width":800,"height":1000,"url":"https:\/\/foufou-champagne.com\/wp-content\/uploads\/2023\/08\/Champagne-Drappier-Rose-Brut-Nature.png","type":"image\/png"}],"twitter_card":"summary_large_image","twitter_misc":{"Gesch\u00e4tzte Lesezeit":"2\u00a0Minuten"},"schema":{"@context":"https:\/\/schema.org","@graph":[{"@type":"WebPage","@id":"https:\/\/foufou-champagne.com\/de\/champagner\/drappier-rose-brut-nature-dosage-zero\/","url":"https:\/\/foufou-champagne.com\/de\/champagner\/drappier-rose-brut-nature-dosage-zero\/","name":"Drappier Ros\u00e9 Brut Nature Dosage Zero | FOUFOU CHAMPAGNE BOUTIQUE","isPartOf":{"@id":"https:\/\/foufou-champagne.com\/de\/#website"},"primaryImageOfPage":{"@id":"https:\/\/foufou-champagne.com\/de\/champagner\/drappier-rose-brut-nature-dosage-zero\/#primaryimage"},"image":{"@id":"https:\/\/foufou-champagne.com\/de\/champagner\/drappier-rose-brut-nature-dosage-zero\/#primaryimage"},"thumbnailUrl":"https:\/\/foufou-champagne.com\/wp-content\/uploads\/2023\/08\/Champagne-Drappier-Rose-Brut-Nature.png","datePublished":"2024-06-24T12:03:29+00:00","dateModified":"2025-09-04T07:12:18+00:00","description":"Der Champagner Drappier Ros\u00e9 Nature Dosage Zero steht f\u00fcr 100% Pinot Noir. Ausdrucksvoll und gleichzeitig frisch. Jetzt online kaufen!","breadcrumb":{"@id":"https:\/\/foufou-champagne.com\/de\/champagner\/drappier-rose-brut-nature-dosage-zero\/#breadcrumb"},"inLanguage":"de","potentialAction":[{"@type":"ReadAction","target":["https:\/\/foufou-champagne.com\/de\/champagner\/drappier-rose-brut-nature-dosage-zero\/"]}]},{"@type":"ImageObject","inLanguage":"de","@id":"https:\/\/foufou-champagne.com\/de\/champagner\/drappier-rose-brut-nature-dosage-zero\/#primaryimage","url":"https:\/\/foufou-champagne.com\/wp-content\/uploads\/2023\/08\/Champagne-Drappier-Rose-Brut-Nature.png","contentUrl":"https:\/\/foufou-champagne.com\/wp-content\/uploads\/2023\/08\/Champagne-Drappier-Rose-Brut-Nature.png","width":800,"height":1000},{"@type":"BreadcrumbList","@id":"https:\/\/foufou-champagne.com\/de\/champagner\/drappier-rose-brut-nature-dosage-zero\/#breadcrumb","itemListElement":[{"@type":"ListItem","position":1,"name":"Startseite","item":"https:\/\/foufou-champagne.com\/de\/"},{"@type":"ListItem","position":2,"name":"Shop","item":"https:\/\/foufou-champagne.com\/de\/shop\/"},{"@type":"ListItem","position":3,"name":"Drappier Ros\u00e9 Brut Nature Dosage Zero"}]},{"@type":"WebSite","@id":"https:\/\/foufou-champagne.com\/de\/#website","url":"https:\/\/foufou-champagne.com\/de\/","name":"foufou-champagne.com","description":"CHAMPAGNE BOUTIQUE","potentialAction":[{"@type":"SearchAction","target":{"@type":"EntryPoint","urlTemplate":"https:\/\/foufou-champagne.com\/de\/?s={search_term_string}"},"query-input":{"@type":"PropertyValueSpecification","valueRequired":true,"valueName":"search_term_string"}}],"inLanguage":"de"}]}},"_links":{"self":[{"href":"https:\/\/foufou-champagne.com\/de\/wp-json\/wp\/v2\/product\/12475","targetHints":{"allow":["GET"]}}],"collection":[{"href":"https:\/\/foufou-champagne.com\/de\/wp-json\/wp\/v2\/product"}],"about":[{"href":"https:\/\/foufou-champagne.com\/de\/wp-json\/wp\/v2\/types\/product"}],"replies":[{"embeddable":true,"href":"https:\/\/foufou-champagne.com\/de\/wp-json\/wp\/v2\/comments?post=12475"}],"wp:featuredmedia":[{"embeddable":true,"href":"https:\/\/foufou-champagne.com\/de\/wp-json\/wp\/v2\/media\/13362"}],"wp:attachment":[{"href":"https:\/\/foufou-champagne.com\/de\/wp-json\/wp\/v2\/media?parent=12475"}],"wp:term":[{"taxonomy":"product_brand","embeddable":true,"href":"https:\/\/foufou-champagne.com\/de\/wp-json\/wp\/v2\/product_brand?post=12475"},{"taxonomy":"product_cat","embeddable":true,"href":"https:\/\/foufou-champagne.com\/de\/wp-json\/wp\/v2\/product_cat?post=12475"},{"taxonomy":"product_tag","embeddable":true,"href":"https:\/\/foufou-champagne.com\/de\/wp-json\/wp\/v2\/product_tag?post=12475"}],"curies":[{"name":"wp","href":"https:\/\/api.w.org\/{rel}","templated":true}]}}