{"id":12479,"date":"2024-03-22T14:17:15","date_gmt":"2024-03-22T13:17:15","guid":{"rendered":"https:\/\/foufou-champagne.com\/?post_type=product&#038;p=12479"},"modified":"2026-02-07T15:48:07","modified_gmt":"2026-02-07T14:48:07","slug":"bruno-paillard-vintage-2012","status":"publish","type":"product","link":"https:\/\/foufou-champagne.com\/de\/champagner\/bruno-paillard-vintage-2012\/","title":{"rendered":"Bruno Paillard Vintage 2012"},"content":{"rendered":"<h4>Der Champagner<\/h4>\n<p>Dieser Jahrgangs-Champagner von <a href=\"https:\/\/foufou-champagne.com\/de\/produkt-kategorie\/bruno-paillard-champagner\/\" target=\"_blank\" rel=\"noopener\">Bruno Paillard<\/a>, besteht ausschlie\u00dflich aus der ersten Pressung von Trauben aus insgesamt 8 gro\u00dfen Terroirs von Pinot Noir (60%) und Chardonnay (40%).\u00a0 20% der Weine wurde in kleinen, alten Eichenf\u00e4ssern vinifiziert. Ein achtj\u00e4hriger Reifeprozess in der Flasche, inklusive eines Mindestruhezeit von 12 Monaten nach dem D\u00e9gorgement machen diesen Champagner so konzentriert und komplex. Abgerundet wird der Jahrgangschampagner durch eine anhaltende Frische und eine dezente Salzigkeit.<\/p>\n<p>2012 erlebte einen klimatisches Auf- und Ab und auch die Winzer mussten oft bangen: Ein sanfter Winterstart, gefolgt von extremer K\u00e4lte, dann W\u00e4rme und Regen, die die Reben herausfordern. Trotz Hagel und schwankender Bedingungen bringt der sonnige August perfekt gereifte Trauben hervor. Die Ernte zeigt, trotz Wetterlaunen, <strong>herausragende Qualit\u00e4t<\/strong> bei Pinot Noir und Chardonnay.<\/p>\n<p><strong>96<\/strong>\/100<strong>\u00a0Falstaff<\/strong><br \/>\n&#8220;Helles Goldgelb, Silberreflexe, zartes, eher dezentes Mousseux. Reife gelbe Birnenfrucht, dezente D\u00f6rrfruchtnuancen, wei\u00dfer Apfel, etwas Mango und Akazienhonig. Saftig, straff und elegant, wei\u00dfe Tropenfrucht, finessenreiche S\u00e4urestruktur, mineralisch-kalkig im Abgang, dezente Pomelo-Note im Abgang, sehr gute L\u00e4nge, sicheres weiteres Reifepotenzial, ein facettenreicher Speisenbegleiter.&#8221; 96\/100<\/p>\n<h4>Tasting Note<\/h4>\n<ul>\n<li>Im Glas zeigt sich eine feine und best\u00e4ndige Perlage in einem intensiven Gelbgold.<\/li>\n<li>In der Nase prim\u00e4re Aromen von Steinobst\u00a0 wie Pfirsich und umh\u00fcllt von reifen Zitrusnoten und wei\u00dfen Bl\u00fcten.<\/li>\n<li>Am Gaumen pr\u00e4zise, konzentriert, knackig mit einer dennoch feinen, cremigen Textur.<\/li>\n<\/ul>\n<h4>passt zu<\/h4>\n<ul>\n<li>Er passt wunderbar zu Fischgerichten und w\u00fcrzigen Speisen<\/li>\n<\/ul>\n<h4><\/h4>\n<h4>DAS CHAMPAGNERHAUS BRUNO PAILLARD<\/h4>\n<p><strong>Reinheit, Mineralit\u00e4t, Eleganz und Komplexit\u00e4t<\/strong><\/p>\n<p><a href=\"https:\/\/foufou-champagne.com\/de\/bruno-paillard\/\">Bruno Paillard<\/a> ist Gr\u00fcnder eines der j\u00fcngsten Champagnerh\u00e4user, das bis vor Kurzem noch unter seiner Leitung stand. Nun hat seine Tochter Alice Paillard die F\u00fchrung \u00fcbernommen und bringt frischen Schwung in das Unternehmen.Seit 1981 steht das Champagnerhaus f\u00fcr die Leidenschaft seines Gr\u00fcnders, Bruno Paillard, der aus einer langj\u00e4hrigen Familie von Traubenmaklern und Winzern stammt. Mit dem Ziel, aus den besten Crus exzellente Champagner zu komponieren, hat Paillard einen Champagner-Stil gepr\u00e4gt, der f\u00fcr sein zartes Sprudeln und seine cremig-mineralische Textur bekannt ist. Seine Champagner sind vor allem in der gehobenen Gastronomie und im spezialisierten Weinhandel zu finden.<\/p>\n","protected":false},"excerpt":{"rendered":"<p>Intensit\u00e4t und Eleganz \u2013 LE MILL\u00c9SIME 2012, ein Jahrgang, der mit Kontrasten spielt<\/p>\n","protected":false},"featured_media":13352,"comment_status":"open","ping_status":"closed","template":"","meta":{"_acf_changed":false,"_editorskit_title_hidden":false,"_editorskit_reading_time":0,"_editorskit_is_block_options_detached":false,"_editorskit_block_options_position":"{}","_coblocks_attr":"","_coblocks_dimensions":"","_coblocks_responsive_height":"","_coblocks_accordion_ie_support":""},"product_brand":[],"product_cat":[15,436,141],"product_tag":[503,143,142],"class_list":{"0":"post-12479","1":"product","2":"type-product","3":"status-publish","4":"has-post-thumbnail","6":"product_cat-champagner","7":"product_cat-bruno-paillard-champagner","8":"product_cat-jahrgangschampagner","9":"product_tag-503","10":"product_tag-jahrgangs-champagner","11":"product_tag-vintage-champagner","12":"product_shipping_class-standard","13":"pa_kategorie-bio-champagner","14":"pa_kategorie-vintage-champagner","15":"pa_kategorie-winzer-champagner","17":"first","18":"instock","19":"taxable","20":"shipping-taxable","21":"purchasable","22":"product-type-composite"},"composite_virtual":false,"composite_layout":"single","composite_add_to_cart_form_location":"default","composite_editable_in_cart":false,"composite_sold_individually_context":"product","composite_shop_price_calc":"defaults","composite_components":[{"id":"1692120460","title":"Geschenkverpackung (optional)","description":"","query_type":"product_ids","query_ids":[13154],"default_option_id":"","thumbnail_id":"","thumbnail_src":"","quantity_min":1,"quantity_max":1,"priced_individually":true,"shipped_individually":false,"optional":true,"discount":"","options_style":"dropdowns","pagination_style":"classic","display_prices":"absolute","show_sorting_options":false,"show_filtering_options":false,"attribute_filter_ids":[],"select_action":"view","product_title_visible":false,"product_descr_visible":true,"product_price_visible":true,"product_thumb_visible":true,"subtotal_visible_product":false,"subtotal_visible_cart":false,"subtotal_visible_orders":false,"product_addons_visible":true},{"id":"1692120461","title":"Gru\u00dfkarte mit Mini-Bouquet (optional)","description":"","query_type":"category_ids","query_ids":[635],"default_option_id":"","thumbnail_id":"","thumbnail_src":"","quantity_min":1,"quantity_max":1,"priced_individually":true,"shipped_individually":false,"optional":true,"discount":"","options_style":"dropdowns","pagination_style":"classic","display_prices":"absolute","show_sorting_options":false,"show_filtering_options":false,"attribute_filter_ids":[],"select_action":"view","product_title_visible":false,"product_descr_visible":true,"product_price_visible":true,"product_thumb_visible":true,"subtotal_visible_product":false,"subtotal_visible_cart":false,"subtotal_visible_orders":false,"product_addons_visible":true}],"composite_scenarios":[],"exclude_global_add_ons":[],"addons":[],"acf":[],"yoast_head":"<!-- This site is optimized with the Yoast SEO plugin v26.8 - https:\/\/yoast.com\/product\/yoast-seo-wordpress\/ -->\n<title>Bruno Paillard Vintage 2012 | FOUFOU CHAMPAGNE BOUTIQUE<\/title>\n<meta name=\"description\" content=\"Ein Jahrgangs-Champagner, der Reinheit mit lebhafter Energie verbindet. F\u00fcr Champagner-Liebhaber und durstige Kehlen! Erfahre hier mehr.\" \/>\n<meta name=\"robots\" content=\"index, follow, max-snippet:-1, max-image-preview:large, max-video-preview:-1\" \/>\n<link rel=\"canonical\" href=\"https:\/\/foufou-champagne.com\/de\/champagner\/bruno-paillard-vintage-2012\/\" \/>\n<meta property=\"og:locale\" content=\"de_DE\" \/>\n<meta property=\"og:type\" content=\"article\" \/>\n<meta property=\"og:title\" content=\"Bruno Paillard Vintage 2012 | FOUFOU CHAMPAGNE BOUTIQUE\" \/>\n<meta property=\"og:description\" content=\"Ein Jahrgangs-Champagner, der Reinheit mit lebhafter Energie verbindet. F\u00fcr Champagner-Liebhaber und durstige Kehlen! Erfahre hier mehr.\" \/>\n<meta property=\"og:url\" content=\"https:\/\/foufou-champagne.com\/de\/champagner\/bruno-paillard-vintage-2012\/\" \/>\n<meta property=\"og:site_name\" content=\"foufou-champagne.com\" \/>\n<meta property=\"article:modified_time\" content=\"2026-02-07T14:48:07+00:00\" \/>\n<meta property=\"og:image\" content=\"https:\/\/foufou-champagne.com\/wp-content\/uploads\/2023\/08\/Champagne-Bruno-Paillard-Assamblage-2012.png\" \/>\n\t<meta property=\"og:image:width\" content=\"800\" \/>\n\t<meta property=\"og:image:height\" content=\"1000\" \/>\n\t<meta property=\"og:image:type\" content=\"image\/png\" \/>\n<meta name=\"twitter:card\" content=\"summary_large_image\" \/>\n<meta name=\"twitter:label1\" content=\"Gesch\u00e4tzte Lesezeit\" \/>\n\t<meta name=\"twitter:data1\" content=\"3\u00a0Minuten\" \/>\n<script type=\"application\/ld+json\" class=\"yoast-schema-graph\">{\"@context\":\"https:\/\/schema.org\",\"@graph\":[{\"@type\":\"WebPage\",\"@id\":\"https:\/\/foufou-champagne.com\/de\/champagner\/bruno-paillard-vintage-2012\/\",\"url\":\"https:\/\/foufou-champagne.com\/de\/champagner\/bruno-paillard-vintage-2012\/\",\"name\":\"Bruno Paillard Vintage 2012 | FOUFOU CHAMPAGNE BOUTIQUE\",\"isPartOf\":{\"@id\":\"https:\/\/foufou-champagne.com\/de\/#website\"},\"primaryImageOfPage\":{\"@id\":\"https:\/\/foufou-champagne.com\/de\/champagner\/bruno-paillard-vintage-2012\/#primaryimage\"},\"image\":{\"@id\":\"https:\/\/foufou-champagne.com\/de\/champagner\/bruno-paillard-vintage-2012\/#primaryimage\"},\"thumbnailUrl\":\"https:\/\/foufou-champagne.com\/wp-content\/uploads\/2023\/08\/Champagne-Bruno-Paillard-Assamblage-2012.png\",\"datePublished\":\"2024-03-22T13:17:15+00:00\",\"dateModified\":\"2026-02-07T14:48:07+00:00\",\"description\":\"Ein Jahrgangs-Champagner, der Reinheit mit lebhafter Energie verbindet. F\u00fcr Champagner-Liebhaber und durstige Kehlen! Erfahre hier mehr.\",\"breadcrumb\":{\"@id\":\"https:\/\/foufou-champagne.com\/de\/champagner\/bruno-paillard-vintage-2012\/#breadcrumb\"},\"inLanguage\":\"de\",\"potentialAction\":[{\"@type\":\"ReadAction\",\"target\":[\"https:\/\/foufou-champagne.com\/de\/champagner\/bruno-paillard-vintage-2012\/\"]}]},{\"@type\":\"ImageObject\",\"inLanguage\":\"de\",\"@id\":\"https:\/\/foufou-champagne.com\/de\/champagner\/bruno-paillard-vintage-2012\/#primaryimage\",\"url\":\"https:\/\/foufou-champagne.com\/wp-content\/uploads\/2023\/08\/Champagne-Bruno-Paillard-Assamblage-2012.png\",\"contentUrl\":\"https:\/\/foufou-champagne.com\/wp-content\/uploads\/2023\/08\/Champagne-Bruno-Paillard-Assamblage-2012.png\",\"width\":800,\"height\":1000},{\"@type\":\"BreadcrumbList\",\"@id\":\"https:\/\/foufou-champagne.com\/de\/champagner\/bruno-paillard-vintage-2012\/#breadcrumb\",\"itemListElement\":[{\"@type\":\"ListItem\",\"position\":1,\"name\":\"Startseite\",\"item\":\"https:\/\/foufou-champagne.com\/de\/\"},{\"@type\":\"ListItem\",\"position\":2,\"name\":\"Shop\",\"item\":\"https:\/\/foufou-champagne.com\/de\/shop\/\"},{\"@type\":\"ListItem\",\"position\":3,\"name\":\"Bruno Paillard Vintage 2012\"}]},{\"@type\":\"WebSite\",\"@id\":\"https:\/\/foufou-champagne.com\/de\/#website\",\"url\":\"https:\/\/foufou-champagne.com\/de\/\",\"name\":\"foufou-champagne.com\",\"description\":\"CHAMPAGNE BOUTIQUE\",\"potentialAction\":[{\"@type\":\"SearchAction\",\"target\":{\"@type\":\"EntryPoint\",\"urlTemplate\":\"https:\/\/foufou-champagne.com\/de\/?s={search_term_string}\"},\"query-input\":{\"@type\":\"PropertyValueSpecification\",\"valueRequired\":true,\"valueName\":\"search_term_string\"}}],\"inLanguage\":\"de\"}]}<\/script>\n<!-- \/ Yoast SEO plugin. -->","yoast_head_json":{"title":"Bruno Paillard Vintage 2012 | FOUFOU CHAMPAGNE BOUTIQUE","description":"Ein Jahrgangs-Champagner, der Reinheit mit lebhafter Energie verbindet. F\u00fcr Champagner-Liebhaber und durstige Kehlen! Erfahre hier mehr.","robots":{"index":"index","follow":"follow","max-snippet":"max-snippet:-1","max-image-preview":"max-image-preview:large","max-video-preview":"max-video-preview:-1"},"canonical":"https:\/\/foufou-champagne.com\/de\/champagner\/bruno-paillard-vintage-2012\/","og_locale":"de_DE","og_type":"article","og_title":"Bruno Paillard Vintage 2012 | FOUFOU CHAMPAGNE BOUTIQUE","og_description":"Ein Jahrgangs-Champagner, der Reinheit mit lebhafter Energie verbindet. F\u00fcr Champagner-Liebhaber und durstige Kehlen! Erfahre hier mehr.","og_url":"https:\/\/foufou-champagne.com\/de\/champagner\/bruno-paillard-vintage-2012\/","og_site_name":"foufou-champagne.com","article_modified_time":"2026-02-07T14:48:07+00:00","og_image":[{"width":800,"height":1000,"url":"https:\/\/foufou-champagne.com\/wp-content\/uploads\/2023\/08\/Champagne-Bruno-Paillard-Assamblage-2012.png","type":"image\/png"}],"twitter_card":"summary_large_image","twitter_misc":{"Gesch\u00e4tzte Lesezeit":"3\u00a0Minuten"},"schema":{"@context":"https:\/\/schema.org","@graph":[{"@type":"WebPage","@id":"https:\/\/foufou-champagne.com\/de\/champagner\/bruno-paillard-vintage-2012\/","url":"https:\/\/foufou-champagne.com\/de\/champagner\/bruno-paillard-vintage-2012\/","name":"Bruno Paillard Vintage 2012 | FOUFOU CHAMPAGNE BOUTIQUE","isPartOf":{"@id":"https:\/\/foufou-champagne.com\/de\/#website"},"primaryImageOfPage":{"@id":"https:\/\/foufou-champagne.com\/de\/champagner\/bruno-paillard-vintage-2012\/#primaryimage"},"image":{"@id":"https:\/\/foufou-champagne.com\/de\/champagner\/bruno-paillard-vintage-2012\/#primaryimage"},"thumbnailUrl":"https:\/\/foufou-champagne.com\/wp-content\/uploads\/2023\/08\/Champagne-Bruno-Paillard-Assamblage-2012.png","datePublished":"2024-03-22T13:17:15+00:00","dateModified":"2026-02-07T14:48:07+00:00","description":"Ein Jahrgangs-Champagner, der Reinheit mit lebhafter Energie verbindet. F\u00fcr Champagner-Liebhaber und durstige Kehlen! Erfahre hier mehr.","breadcrumb":{"@id":"https:\/\/foufou-champagne.com\/de\/champagner\/bruno-paillard-vintage-2012\/#breadcrumb"},"inLanguage":"de","potentialAction":[{"@type":"ReadAction","target":["https:\/\/foufou-champagne.com\/de\/champagner\/bruno-paillard-vintage-2012\/"]}]},{"@type":"ImageObject","inLanguage":"de","@id":"https:\/\/foufou-champagne.com\/de\/champagner\/bruno-paillard-vintage-2012\/#primaryimage","url":"https:\/\/foufou-champagne.com\/wp-content\/uploads\/2023\/08\/Champagne-Bruno-Paillard-Assamblage-2012.png","contentUrl":"https:\/\/foufou-champagne.com\/wp-content\/uploads\/2023\/08\/Champagne-Bruno-Paillard-Assamblage-2012.png","width":800,"height":1000},{"@type":"BreadcrumbList","@id":"https:\/\/foufou-champagne.com\/de\/champagner\/bruno-paillard-vintage-2012\/#breadcrumb","itemListElement":[{"@type":"ListItem","position":1,"name":"Startseite","item":"https:\/\/foufou-champagne.com\/de\/"},{"@type":"ListItem","position":2,"name":"Shop","item":"https:\/\/foufou-champagne.com\/de\/shop\/"},{"@type":"ListItem","position":3,"name":"Bruno Paillard Vintage 2012"}]},{"@type":"WebSite","@id":"https:\/\/foufou-champagne.com\/de\/#website","url":"https:\/\/foufou-champagne.com\/de\/","name":"foufou-champagne.com","description":"CHAMPAGNE BOUTIQUE","potentialAction":[{"@type":"SearchAction","target":{"@type":"EntryPoint","urlTemplate":"https:\/\/foufou-champagne.com\/de\/?s={search_term_string}"},"query-input":{"@type":"PropertyValueSpecification","valueRequired":true,"valueName":"search_term_string"}}],"inLanguage":"de"}]}},"_links":{"self":[{"href":"https:\/\/foufou-champagne.com\/de\/wp-json\/wp\/v2\/product\/12479","targetHints":{"allow":["GET"]}}],"collection":[{"href":"https:\/\/foufou-champagne.com\/de\/wp-json\/wp\/v2\/product"}],"about":[{"href":"https:\/\/foufou-champagne.com\/de\/wp-json\/wp\/v2\/types\/product"}],"replies":[{"embeddable":true,"href":"https:\/\/foufou-champagne.com\/de\/wp-json\/wp\/v2\/comments?post=12479"}],"wp:featuredmedia":[{"embeddable":true,"href":"https:\/\/foufou-champagne.com\/de\/wp-json\/wp\/v2\/media\/13352"}],"wp:attachment":[{"href":"https:\/\/foufou-champagne.com\/de\/wp-json\/wp\/v2\/media?parent=12479"}],"wp:term":[{"taxonomy":"product_brand","embeddable":true,"href":"https:\/\/foufou-champagne.com\/de\/wp-json\/wp\/v2\/product_brand?post=12479"},{"taxonomy":"product_cat","embeddable":true,"href":"https:\/\/foufou-champagne.com\/de\/wp-json\/wp\/v2\/product_cat?post=12479"},{"taxonomy":"product_tag","embeddable":true,"href":"https:\/\/foufou-champagne.com\/de\/wp-json\/wp\/v2\/product_tag?post=12479"}],"curies":[{"name":"wp","href":"https:\/\/api.w.org\/{rel}","templated":true}]}}