{"id":12747,"date":"2023-11-14T12:46:48","date_gmt":"2023-11-14T11:46:48","guid":{"rendered":"https:\/\/foufou-champagne.com\/?post_type=product&#038;p=12747"},"modified":"2025-12-23T20:39:14","modified_gmt":"2025-12-23T19:39:14","slug":"larmandier-bernier-latitude-blanc-de-blancs-magnum","status":"publish","type":"product","link":"https:\/\/foufou-champagne.com\/de\/champagner\/larmandier-bernier-latitude-blanc-de-blancs-magnum\/","title":{"rendered":"Larmandier-Bernier Latitude Blanc de Blancs Extra Brut Magnum 1,5L"},"content":{"rendered":"<h4>Der Champagner<\/h4>\n<p>Der Latitude? Ein sehr festlicher Blanc de Blancs, der die Markenzeichen der Familie <a href=\"https:\/\/foufou-champagne.com\/de\/produkt-kategorie\/Larmandier-Bernier-champagner\/\">Larmandier-Bernier<\/a> perfekt repr\u00e4sentiert. Er zeigt sich \u00e4u\u00dferst feingliederig in der Nase. Im Geschmack wirkt er sehr pr\u00e4zise und klar. Zeitgleich verf\u00fchrt er jedoch auch mit einer gewissen F\u00fclle und Tiefe, die er der Herkunft seiner Reben aus den s\u00fcdlichen Lagen des Ortes Vertus zu verdanken hat.<\/p>\n<p>Der\u00a0 Latitude Champagner wird ausschlie\u00dflich aus Chardonnay-Trauben hergestellt, die an der C\u00f4te des Blancs in Regionen wie Vertus, Oger, Avize und Cramant angebaut werden. Diese Gebiete bilden eine Linie in der N\u00e4he des 4. Meridians. Der Name <strong>&#8220;Latitude&#8221;<\/strong> bedeutet auf Deutsch <strong>&#8220;Breitengrad&#8221;<\/strong> und spielt auf diese geografische Lage an. Das Terroirs ist auch deshalb so besonders, weil hier die Kreideschichten sehr nah an der Oberfl\u00e4che liegen \u2013 und das werdet ihr bei diesem Blancs de Blanc Champagner auch schmecken!<\/p>\n<h4>Tasting Note<\/h4>\n<ul>\n<li>Im Glas hellgold mit lebendigem Mousseux.<\/li>\n<li>In der Nase zeigen sich hellgelbe Fr\u00fcchte, wie Apfel und Quitte sowie frische Kr\u00e4uternoten, die im Vordergrund stehen.<\/li>\n<li>Am Gaumen entfaltet sich der Latitude erfrischend und pr\u00e4zise mit denselben hellen Fruchtnoten. Er verf\u00fcgt \u00fcber eine besondere Ausgeglichenheit zwischen Klarheit und F\u00fclle, die ihn gef\u00e4llig machen.<\/li>\n<\/ul>\n<h4>Passt zu<\/h4>\n<ul>\n<li>Als Aperitif zu Geb\u00e4ck oder Antipasti.<\/li>\n<li>Ideal zu Austern und Muscheln in Kombination mit Zitrusfr\u00fcchten.<\/li>\n<li>Oder auch zu Gefl\u00fcgel wie Ente.<\/li>\n<\/ul>\n<div class=\"row row--collapse align-left\">\n<div class=\"col col-sm-12 col-xlg-12\">\n<div class=\"cmsPlainText\">\n<div class=\"row\">\n<div class=\"col col-sm-12\">\n<div class=\"cmsPlainText__content\">\n<div class=\"cmsPlainText__split cmsPlainText__split--1\">\n<h4>Das Champagnerhaus Larmandier-Bernier<\/h4>\n<p><span class=\"TextRun SCXW266697620 BCX4\" lang=\"DE-DE\" xml:lang=\"DE-DE\" data-contrast=\"auto\"><span class=\"NormalTextRun SCXW266697620 BCX4\">Die Familie <\/span><\/span><a href=\"https:\/\/foufou-champagne.com\/de\/larmandier-bernier\/\"><span class=\"TextRun SCXW266697620 BCX4\" lang=\"DE-DE\" xml:lang=\"DE-DE\" data-contrast=\"auto\"><span class=\"NormalTextRun SpellingErrorV2 SCXW266697620 BCX4\">Larmandier-Bernier<\/span><\/span><\/a><span class=\"TextRun SCXW266697620 BCX4\" lang=\"DE-DE\" xml:lang=\"DE-DE\" data-contrast=\"auto\"><span class=\"NormalTextRun SCXW266697620 BCX4\"> baut ihren Wein f\u00fcr den Champagner in der N\u00e4he der Orte <\/span><\/span><span class=\"TextRun SCXW266697620 BCX4\" lang=\"DE-DE\" xml:lang=\"DE-DE\" data-contrast=\"auto\"><span class=\"NormalTextRun SpellingErrorV2 SCXW266697620 BCX4\">Vertus<\/span><\/span><span class=\"TextRun SCXW266697620 BCX4\" lang=\"DE-DE\" xml:lang=\"DE-DE\" data-contrast=\"auto\"><span class=\"NormalTextRun SCXW266697620 BCX4\">, <\/span><\/span><span class=\"TextRun SCXW266697620 BCX4\" lang=\"DE-DE\" xml:lang=\"DE-DE\" data-contrast=\"auto\"><span class=\"NormalTextRun SpellingErrorV2 SCXW266697620 BCX4\">Cramant<\/span><\/span><span class=\"TextRun SCXW266697620 BCX4\" lang=\"DE-DE\" xml:lang=\"DE-DE\" data-contrast=\"auto\"><span class=\"NormalTextRun SCXW266697620 BCX4\">, <\/span><\/span><span class=\"TextRun SCXW266697620 BCX4\" lang=\"DE-DE\" xml:lang=\"DE-DE\" data-contrast=\"auto\"><span class=\"NormalTextRun SpellingErrorV2 SCXW266697620 BCX4\">Chouilly<\/span><\/span><span class=\"TextRun SCXW266697620 BCX4\" lang=\"DE-DE\" xml:lang=\"DE-DE\" data-contrast=\"auto\"><span class=\"NormalTextRun SCXW266697620 BCX4\">, Oger und <\/span><\/span><span class=\"TextRun SCXW266697620 BCX4\" lang=\"DE-DE\" xml:lang=\"DE-DE\" data-contrast=\"auto\"><span class=\"NormalTextRun SpellingErrorV2 SCXW266697620 BCX4\">Avize<\/span><\/span><span class=\"TextRun SCXW266697620 BCX4\" lang=\"DE-DE\" xml:lang=\"DE-DE\" data-contrast=\"auto\"><span class=\"NormalTextRun SCXW266697620 BCX4\"> an. Ihr<\/span><\/span><span class=\"TextRun SCXW266697620 BCX4\" lang=\"DE-DE\" xml:lang=\"DE-DE\" data-contrast=\"auto\"><span class=\"NormalTextRun SCXW266697620 BCX4\">e<\/span><\/span> <span class=\"TextRun SCXW266697620 BCX4\" lang=\"DE-DE\" xml:lang=\"DE-DE\" data-contrast=\"auto\"><span class=\"NormalTextRun SCXW266697620 BCX4\">Besonderheit<\/span><\/span><span class=\"TextRun SCXW266697620 BCX4\" lang=\"DE-DE\" xml:lang=\"DE-DE\" data-contrast=\"auto\"><span class=\"NormalTextRun SCXW266697620 BCX4\"> ist die spontane G\u00e4rung des Weins mit nat\u00fcrlichen Hefen. Dadurch <\/span><\/span><span class=\"TextRun SCXW266697620 BCX4\" lang=\"DE-DE\" xml:lang=\"DE-DE\" data-contrast=\"auto\"><span class=\"NormalTextRun ContextualSpellingAndGrammarErrorV2 SCXW266697620 BCX4\">hat<\/span><\/span><span class=\"TextRun SCXW266697620 BCX4\" lang=\"DE-DE\" xml:lang=\"DE-DE\" data-contrast=\"auto\"><span class=\"NormalTextRun SCXW266697620 BCX4\"> jeder Jahrgang<\/span><\/span><span class=\"TextRun SCXW266697620 BCX4\" lang=\"DE-DE\" xml:lang=\"DE-DE\" data-contrast=\"auto\"><span class=\"NormalTextRun SCXW266697620 BCX4\">, jede Lage<\/span><\/span><span class=\"TextRun SCXW266697620 BCX4\" lang=\"DE-DE\" xml:lang=\"DE-DE\" data-contrast=\"auto\"><span class=\"NormalTextRun SCXW266697620 BCX4\"> und jedes Fass seine eigene Hefe<\/span><\/span><span class=\"TextRun SCXW266697620 BCX4\" lang=\"DE-DE\" xml:lang=\"DE-DE\" data-contrast=\"auto\"><span class=\"NormalTextRun SCXW266697620 BCX4\">, was einen sehr authentischen und faszinierenden <\/span><\/span><span class=\"TextRun SCXW266697620 BCX4\" lang=\"DE-DE\" xml:lang=\"DE-DE\" data-contrast=\"auto\"><span class=\"NormalTextRun SCXW266697620 BCX4\">Champagner<\/span><\/span><span class=\"TextRun SCXW266697620 BCX4\" lang=\"DE-DE\" xml:lang=\"DE-DE\" data-contrast=\"auto\"><span class=\"NormalTextRun SCXW266697620 BCX4\"> erzeugt. Die Champagner sind zudem sehr vielf\u00e4ltig, da jede Lage einzeln ein Jahr im <\/span><\/span><span class=\"TextRun SCXW266697620 BCX4\" lang=\"DE-DE\" xml:lang=\"DE-DE\" data-contrast=\"auto\"><span class=\"NormalTextRun SCXW266697620 BCX4\">Barrique<\/span><\/span><span class=\"TextRun SCXW266697620 BCX4\" lang=\"DE-DE\" xml:lang=\"DE-DE\" data-contrast=\"auto\"><span class=\"NormalTextRun SCXW266697620 BCX4\"> oder Fuder ausgebaut werden, bevor sie mehrere Jahre reifen. Die Champagner erhalten eine geringe <\/span><\/span><span class=\"TextRun SCXW266697620 BCX4\" lang=\"DE-DE\" xml:lang=\"DE-DE\" data-contrast=\"auto\"><span class=\"NormalTextRun SCXW266697620 BCX4\">Dosage<\/span><\/span><span class=\"TextRun SCXW266697620 BCX4\" lang=\"DE-DE\" xml:lang=\"DE-DE\" data-contrast=\"auto\"><span class=\"NormalTextRun SCXW266697620 BCX4\">, zwischen 0 und 0,4 g\/l. Demnach sind Frische, Authentizit\u00e4t und pr\u00e4zise <\/span><\/span><span class=\"TextRun SCXW266697620 BCX4\" lang=\"DE-DE\" xml:lang=\"DE-DE\" data-contrast=\"auto\"><span class=\"NormalTextRun SCXW266697620 BCX4\">Mineralit\u00e4t<\/span><\/span><span class=\"TextRun SCXW266697620 BCX4\" lang=\"DE-DE\" xml:lang=\"DE-DE\" data-contrast=\"auto\"><span class=\"NormalTextRun SCXW266697620 BCX4\"> die Markenzeichen des Champagnerhauses <\/span><\/span><span class=\"TextRun SCXW266697620 BCX4\" lang=\"DE-DE\" xml:lang=\"DE-DE\" data-contrast=\"auto\"><span class=\"NormalTextRun SpellingErrorV2 SCXW266697620 BCX4\">Larmandier-Bernier<\/span><\/span><span class=\"TextRun SCXW266697620 BCX4\" lang=\"DE-DE\" xml:lang=\"DE-DE\" data-contrast=\"auto\"><span class=\"NormalTextRun SCXW266697620 BCX4\">.\u00a0<\/span><\/span><span class=\"EOP SCXW266697620 BCX4\" data-ccp-props=\"{}\">\u00a0<\/span><\/p>\n<\/div>\n<\/div>\n<\/div>\n<\/div>\n<\/div>\n<\/div>\n<\/div>\n","protected":false},"excerpt":{"rendered":"<p>Ein luftiger und besonderer Blanc de Blancs Champagner. Perfekt als Aperitif oder als feiner Essensbegleiter. Sehr gef\u00e4llig finden wir!<\/p>\n","protected":false},"featured_media":13855,"comment_status":"open","ping_status":"closed","template":"","meta":{"_acf_changed":false,"_editorskit_title_hidden":false,"_editorskit_reading_time":0,"_editorskit_is_block_options_detached":false,"_editorskit_block_options_position":"{}","_coblocks_attr":"","_coblocks_dimensions":"","_coblocks_responsive_height":"","_coblocks_accordion_ie_support":""},"product_brand":[],"product_cat":[15,66,163,595,450,154],"product_tag":[167,164,514],"class_list":{"0":"post-12747","1":"product","2":"type-product","3":"status-publish","4":"has-post-thumbnail","6":"product_cat-champagner","7":"product_cat-bio-champagner","8":"product_cat-blanc-de-blancs","9":"product_cat-champagner-magnum-flaschen","10":"product_cat-larmandier-bernier-champagner","11":"product_cat-winzerchampagner","12":"product_tag-bio-champagner","13":"product_tag-extra-brut","14":"product_tag-magnum","15":"product_shipping_class-standard","17":"first","18":"outofstock","19":"taxable","20":"shipping-taxable","21":"purchasable","22":"product-type-composite"},"composite_virtual":false,"composite_layout":"single","composite_add_to_cart_form_location":"default","composite_editable_in_cart":false,"composite_sold_individually_context":"product","composite_shop_price_calc":"defaults","composite_components":[{"id":"1694697128","title":"Geschenkverpackung (optional)","description":"","query_type":"product_ids","query_ids":[13161],"default_option_id":"","thumbnail_id":"","thumbnail_src":"","quantity_min":1,"quantity_max":1,"priced_individually":true,"shipped_individually":false,"optional":true,"discount":"","options_style":"dropdowns","pagination_style":"classic","display_prices":"absolute","show_sorting_options":false,"show_filtering_options":false,"attribute_filter_ids":[],"select_action":"view","product_title_visible":false,"product_descr_visible":true,"product_price_visible":true,"product_thumb_visible":true,"subtotal_visible_product":false,"subtotal_visible_cart":false,"subtotal_visible_orders":false,"product_addons_visible":true},{"id":"1694697129","title":"Gru\u00dfkarte mit Mini-Bouquet (optional)","description":"","query_type":"category_ids","query_ids":[635],"default_option_id":"","thumbnail_id":"","thumbnail_src":"","quantity_min":1,"quantity_max":1,"priced_individually":true,"shipped_individually":false,"optional":true,"discount":"","options_style":"dropdowns","pagination_style":"classic","display_prices":"absolute","show_sorting_options":false,"show_filtering_options":false,"attribute_filter_ids":[],"select_action":"view","product_title_visible":false,"product_descr_visible":true,"product_price_visible":true,"product_thumb_visible":true,"subtotal_visible_product":false,"subtotal_visible_cart":false,"subtotal_visible_orders":false,"product_addons_visible":true}],"composite_scenarios":[],"exclude_global_add_ons":[],"addons":[],"acf":[],"yoast_head":"<!-- This site is optimized with the Yoast SEO plugin v26.8 - https:\/\/yoast.com\/product\/yoast-seo-wordpress\/ -->\n<title>Larmandier-Bernier Latitude Blanc de Blancs Magnum kaufen | FOUFOU CHAMPAGNE<\/title>\n<meta name=\"description\" content=\"Ein luftiger Blanc de Blancs Champagner. Perfekt als Aperitif oder als feiner Essensbegleiter. Sehr gef\u00e4llig finden wir! Hier mehr.\" \/>\n<meta name=\"robots\" content=\"index, follow, max-snippet:-1, max-image-preview:large, max-video-preview:-1\" \/>\n<link rel=\"canonical\" href=\"https:\/\/foufou-champagne.com\/de\/champagner\/larmandier-bernier-latitude-blanc-de-blancs-magnum\/\" \/>\n<meta property=\"og:locale\" content=\"de_DE\" \/>\n<meta property=\"og:type\" content=\"article\" \/>\n<meta property=\"og:title\" content=\"Larmandier-Bernier Latitude Blanc de Blancs Magnum kaufen | FOUFOU CHAMPAGNE\" \/>\n<meta property=\"og:description\" content=\"Ein luftiger Blanc de Blancs Champagner. Perfekt als Aperitif oder als feiner Essensbegleiter. Sehr gef\u00e4llig finden wir! Hier mehr.\" \/>\n<meta property=\"og:url\" content=\"https:\/\/foufou-champagne.com\/de\/champagner\/larmandier-bernier-latitude-blanc-de-blancs-magnum\/\" \/>\n<meta property=\"og:site_name\" content=\"foufou-champagne.com\" \/>\n<meta property=\"article:modified_time\" content=\"2025-12-23T19:39:14+00:00\" \/>\n<meta property=\"og:image\" content=\"https:\/\/foufou-champagne.com\/wp-content\/uploads\/2023\/11\/Larmandier-Bernier-Latitude-Magnum-Champagner-FOUFOU-CHAMPAGNE-Boutique.png\" \/>\n\t<meta property=\"og:image:width\" content=\"800\" \/>\n\t<meta property=\"og:image:height\" content=\"1000\" \/>\n\t<meta property=\"og:image:type\" content=\"image\/png\" \/>\n<meta name=\"twitter:card\" content=\"summary_large_image\" \/>\n<meta name=\"twitter:label1\" content=\"Gesch\u00e4tzte Lesezeit\" \/>\n\t<meta name=\"twitter:data1\" content=\"2\u00a0Minuten\" \/>\n<script type=\"application\/ld+json\" class=\"yoast-schema-graph\">{\"@context\":\"https:\/\/schema.org\",\"@graph\":[{\"@type\":\"WebPage\",\"@id\":\"https:\/\/foufou-champagne.com\/de\/champagner\/larmandier-bernier-latitude-blanc-de-blancs-magnum\/\",\"url\":\"https:\/\/foufou-champagne.com\/de\/champagner\/larmandier-bernier-latitude-blanc-de-blancs-magnum\/\",\"name\":\"Larmandier-Bernier Latitude Blanc de Blancs Magnum kaufen | FOUFOU CHAMPAGNE\",\"isPartOf\":{\"@id\":\"https:\/\/foufou-champagne.com\/de\/#website\"},\"primaryImageOfPage\":{\"@id\":\"https:\/\/foufou-champagne.com\/de\/champagner\/larmandier-bernier-latitude-blanc-de-blancs-magnum\/#primaryimage\"},\"image\":{\"@id\":\"https:\/\/foufou-champagne.com\/de\/champagner\/larmandier-bernier-latitude-blanc-de-blancs-magnum\/#primaryimage\"},\"thumbnailUrl\":\"https:\/\/foufou-champagne.com\/wp-content\/uploads\/2023\/11\/Larmandier-Bernier-Latitude-Magnum-Champagner-FOUFOU-CHAMPAGNE-Boutique.png\",\"datePublished\":\"2023-11-14T11:46:48+00:00\",\"dateModified\":\"2025-12-23T19:39:14+00:00\",\"description\":\"Ein luftiger Blanc de Blancs Champagner. Perfekt als Aperitif oder als feiner Essensbegleiter. Sehr gef\u00e4llig finden wir! Hier mehr.\",\"breadcrumb\":{\"@id\":\"https:\/\/foufou-champagne.com\/de\/champagner\/larmandier-bernier-latitude-blanc-de-blancs-magnum\/#breadcrumb\"},\"inLanguage\":\"de\",\"potentialAction\":[{\"@type\":\"ReadAction\",\"target\":[\"https:\/\/foufou-champagne.com\/de\/champagner\/larmandier-bernier-latitude-blanc-de-blancs-magnum\/\"]}]},{\"@type\":\"ImageObject\",\"inLanguage\":\"de\",\"@id\":\"https:\/\/foufou-champagne.com\/de\/champagner\/larmandier-bernier-latitude-blanc-de-blancs-magnum\/#primaryimage\",\"url\":\"https:\/\/foufou-champagne.com\/wp-content\/uploads\/2023\/11\/Larmandier-Bernier-Latitude-Magnum-Champagner-FOUFOU-CHAMPAGNE-Boutique.png\",\"contentUrl\":\"https:\/\/foufou-champagne.com\/wp-content\/uploads\/2023\/11\/Larmandier-Bernier-Latitude-Magnum-Champagner-FOUFOU-CHAMPAGNE-Boutique.png\",\"width\":800,\"height\":1000},{\"@type\":\"BreadcrumbList\",\"@id\":\"https:\/\/foufou-champagne.com\/de\/champagner\/larmandier-bernier-latitude-blanc-de-blancs-magnum\/#breadcrumb\",\"itemListElement\":[{\"@type\":\"ListItem\",\"position\":1,\"name\":\"Startseite\",\"item\":\"https:\/\/foufou-champagne.com\/de\/\"},{\"@type\":\"ListItem\",\"position\":2,\"name\":\"Shop\",\"item\":\"https:\/\/foufou-champagne.com\/de\/shop\/\"},{\"@type\":\"ListItem\",\"position\":3,\"name\":\"Larmandier-Bernier Latitude Blanc de Blancs Extra Brut Magnum 1,5L\"}]},{\"@type\":\"WebSite\",\"@id\":\"https:\/\/foufou-champagne.com\/de\/#website\",\"url\":\"https:\/\/foufou-champagne.com\/de\/\",\"name\":\"foufou-champagne.com\",\"description\":\"CHAMPAGNE BOUTIQUE\",\"potentialAction\":[{\"@type\":\"SearchAction\",\"target\":{\"@type\":\"EntryPoint\",\"urlTemplate\":\"https:\/\/foufou-champagne.com\/de\/?s={search_term_string}\"},\"query-input\":{\"@type\":\"PropertyValueSpecification\",\"valueRequired\":true,\"valueName\":\"search_term_string\"}}],\"inLanguage\":\"de\"}]}<\/script>\n<!-- \/ Yoast SEO plugin. -->","yoast_head_json":{"title":"Larmandier-Bernier Latitude Blanc de Blancs Magnum kaufen | FOUFOU CHAMPAGNE","description":"Ein luftiger Blanc de Blancs Champagner. Perfekt als Aperitif oder als feiner Essensbegleiter. Sehr gef\u00e4llig finden wir! Hier mehr.","robots":{"index":"index","follow":"follow","max-snippet":"max-snippet:-1","max-image-preview":"max-image-preview:large","max-video-preview":"max-video-preview:-1"},"canonical":"https:\/\/foufou-champagne.com\/de\/champagner\/larmandier-bernier-latitude-blanc-de-blancs-magnum\/","og_locale":"de_DE","og_type":"article","og_title":"Larmandier-Bernier Latitude Blanc de Blancs Magnum kaufen | FOUFOU CHAMPAGNE","og_description":"Ein luftiger Blanc de Blancs Champagner. Perfekt als Aperitif oder als feiner Essensbegleiter. Sehr gef\u00e4llig finden wir! Hier mehr.","og_url":"https:\/\/foufou-champagne.com\/de\/champagner\/larmandier-bernier-latitude-blanc-de-blancs-magnum\/","og_site_name":"foufou-champagne.com","article_modified_time":"2025-12-23T19:39:14+00:00","og_image":[{"width":800,"height":1000,"url":"https:\/\/foufou-champagne.com\/wp-content\/uploads\/2023\/11\/Larmandier-Bernier-Latitude-Magnum-Champagner-FOUFOU-CHAMPAGNE-Boutique.png","type":"image\/png"}],"twitter_card":"summary_large_image","twitter_misc":{"Gesch\u00e4tzte Lesezeit":"2\u00a0Minuten"},"schema":{"@context":"https:\/\/schema.org","@graph":[{"@type":"WebPage","@id":"https:\/\/foufou-champagne.com\/de\/champagner\/larmandier-bernier-latitude-blanc-de-blancs-magnum\/","url":"https:\/\/foufou-champagne.com\/de\/champagner\/larmandier-bernier-latitude-blanc-de-blancs-magnum\/","name":"Larmandier-Bernier Latitude Blanc de Blancs Magnum kaufen | FOUFOU CHAMPAGNE","isPartOf":{"@id":"https:\/\/foufou-champagne.com\/de\/#website"},"primaryImageOfPage":{"@id":"https:\/\/foufou-champagne.com\/de\/champagner\/larmandier-bernier-latitude-blanc-de-blancs-magnum\/#primaryimage"},"image":{"@id":"https:\/\/foufou-champagne.com\/de\/champagner\/larmandier-bernier-latitude-blanc-de-blancs-magnum\/#primaryimage"},"thumbnailUrl":"https:\/\/foufou-champagne.com\/wp-content\/uploads\/2023\/11\/Larmandier-Bernier-Latitude-Magnum-Champagner-FOUFOU-CHAMPAGNE-Boutique.png","datePublished":"2023-11-14T11:46:48+00:00","dateModified":"2025-12-23T19:39:14+00:00","description":"Ein luftiger Blanc de Blancs Champagner. Perfekt als Aperitif oder als feiner Essensbegleiter. Sehr gef\u00e4llig finden wir! Hier mehr.","breadcrumb":{"@id":"https:\/\/foufou-champagne.com\/de\/champagner\/larmandier-bernier-latitude-blanc-de-blancs-magnum\/#breadcrumb"},"inLanguage":"de","potentialAction":[{"@type":"ReadAction","target":["https:\/\/foufou-champagne.com\/de\/champagner\/larmandier-bernier-latitude-blanc-de-blancs-magnum\/"]}]},{"@type":"ImageObject","inLanguage":"de","@id":"https:\/\/foufou-champagne.com\/de\/champagner\/larmandier-bernier-latitude-blanc-de-blancs-magnum\/#primaryimage","url":"https:\/\/foufou-champagne.com\/wp-content\/uploads\/2023\/11\/Larmandier-Bernier-Latitude-Magnum-Champagner-FOUFOU-CHAMPAGNE-Boutique.png","contentUrl":"https:\/\/foufou-champagne.com\/wp-content\/uploads\/2023\/11\/Larmandier-Bernier-Latitude-Magnum-Champagner-FOUFOU-CHAMPAGNE-Boutique.png","width":800,"height":1000},{"@type":"BreadcrumbList","@id":"https:\/\/foufou-champagne.com\/de\/champagner\/larmandier-bernier-latitude-blanc-de-blancs-magnum\/#breadcrumb","itemListElement":[{"@type":"ListItem","position":1,"name":"Startseite","item":"https:\/\/foufou-champagne.com\/de\/"},{"@type":"ListItem","position":2,"name":"Shop","item":"https:\/\/foufou-champagne.com\/de\/shop\/"},{"@type":"ListItem","position":3,"name":"Larmandier-Bernier Latitude Blanc de Blancs Extra Brut Magnum 1,5L"}]},{"@type":"WebSite","@id":"https:\/\/foufou-champagne.com\/de\/#website","url":"https:\/\/foufou-champagne.com\/de\/","name":"foufou-champagne.com","description":"CHAMPAGNE BOUTIQUE","potentialAction":[{"@type":"SearchAction","target":{"@type":"EntryPoint","urlTemplate":"https:\/\/foufou-champagne.com\/de\/?s={search_term_string}"},"query-input":{"@type":"PropertyValueSpecification","valueRequired":true,"valueName":"search_term_string"}}],"inLanguage":"de"}]}},"_links":{"self":[{"href":"https:\/\/foufou-champagne.com\/de\/wp-json\/wp\/v2\/product\/12747","targetHints":{"allow":["GET"]}}],"collection":[{"href":"https:\/\/foufou-champagne.com\/de\/wp-json\/wp\/v2\/product"}],"about":[{"href":"https:\/\/foufou-champagne.com\/de\/wp-json\/wp\/v2\/types\/product"}],"replies":[{"embeddable":true,"href":"https:\/\/foufou-champagne.com\/de\/wp-json\/wp\/v2\/comments?post=12747"}],"wp:featuredmedia":[{"embeddable":true,"href":"https:\/\/foufou-champagne.com\/de\/wp-json\/wp\/v2\/media\/13855"}],"wp:attachment":[{"href":"https:\/\/foufou-champagne.com\/de\/wp-json\/wp\/v2\/media?parent=12747"}],"wp:term":[{"taxonomy":"product_brand","embeddable":true,"href":"https:\/\/foufou-champagne.com\/de\/wp-json\/wp\/v2\/product_brand?post=12747"},{"taxonomy":"product_cat","embeddable":true,"href":"https:\/\/foufou-champagne.com\/de\/wp-json\/wp\/v2\/product_cat?post=12747"},{"taxonomy":"product_tag","embeddable":true,"href":"https:\/\/foufou-champagne.com\/de\/wp-json\/wp\/v2\/product_tag?post=12747"}],"curies":[{"name":"wp","href":"https:\/\/api.w.org\/{rel}","templated":true}]}}