{"id":12962,"date":"2023-05-04T15:32:46","date_gmt":"2023-05-04T13:32:46","guid":{"rendered":"https:\/\/foufou-champagne.com\/?post_type=product&#038;p=12962"},"modified":"2026-04-26T23:32:47","modified_gmt":"2026-04-26T21:32:47","slug":"bollinger-rose","status":"publish","type":"product","link":"https:\/\/foufou-champagne.com\/de\/champagner\/bollinger-rose\/","title":{"rendered":"Bollinger Ros\u00e9"},"content":{"rendered":"<h4>Der Bollinger Ros\u00e9 Champagner<\/h4>\n<p>Seit 2008 produziert Bollinger nun diesen Ros\u00e9, der die perfekte Balance zwischen Frische, Struktur und Eleganz findet. Der Bollinger Ros\u00e9 ist eine Assemblage aus \u00fcber 85% Grand und Premier Crus. Er besteht aus 62% Pinot Noir, 24% Chardonnay und 14% Meunier. Durch die Zugabe von 5-6% Rotwein erh\u00e4lt er eine unverwechselbare, aromatische Power. Mindestens 30 Monate lagert der Champagner in den Kellern von Bollinger, bevor er degorgiert wird. Die Kombination aus hervorragenden Lagen, exquisitem Rotwein und langer Hefelagerung macht diesen Ros\u00e9 unverwechselbar \u2013 und dennoch typisch Bollinger.<\/p>\n<h4 class=\"p2\">Tasting Note<\/h4>\n<ul>\n<li>Im Glas: Ein leuchtender Ros\u00e9 mit zarten goldenen Reflexen.<\/li>\n<li>In der Nase: Noten von roten Johannisbeeren, Kirschen und Walderdbeeren, klassisch f\u00fcr rote Beeren kombiniert mit einer w\u00fcrzigen Note, nicht un\u00e4hnlich der Special Cuv\u00e9e<\/li>\n<li>Am Gaumen: samtige Bl\u00e4schen, eine gelungene Kombination aus Struktur, L\u00e4nge und Spritzigkeit, mit tanninhaltigem Abgang dank der Zugabe von Rotwein<\/li>\n<\/ul>\n<h4>Passt zu<\/h4>\n<ul>\n<li>&#8220;Nachmittagstee&#8221; im Bollinger-Stil<\/li>\n<li>Sommerpicknick mit Freunden<\/li>\n<li>Aperitif vor dem Abendessen<\/li>\n<li>Fruchtige und leicht s\u00e4uerliche Desserts<\/li>\n<\/ul>\n<h4>Das Champagnerhaus Bollinger<\/h4>\n<p>Das Champagnerhaus Bollinger, gegr\u00fcndet im Jahr 1829, geh\u00f6rt unter den gro\u00dfen H\u00e4usern zu einem der letzten unabh\u00e4ngigen Produzenten in der Champagne. Mit Sitz in A\u00ff, nahe \u00c9pernay, hat sich das Haus einen Namen f\u00fcr seine kraftvollen und eleganten Champagner gemacht, die durch den hohen Anteil an Pinot Noir charakterisiert sind. Bereits 1884 wurde Bollinger von Queen Victoria zum offiziellen Hoflieferanten des Britischen K\u00f6nigshauses ernannt. In den Weinbergen von Bollinger sind \u00fcber 80% der Parzellen als Grand- oder Premier-Cru-Lagen klassifiziert, was die herausragende Qualit\u00e4t ihrer Champagner unterstreicht. Durch die Verbindung von Tradition und Innovation kreiert Bollinger unverwechselbare und zeitlose Champagner, die weltweit gesch\u00e4tzt werden.<\/p>\n","protected":false},"excerpt":{"rendered":"<p>Der charmante Partygast unter den Champagnern \u2013 in elegantem Abendkleid und mit einer unwiderstehlichen Balance aus Frische, Struktur und Eleganz. Cheers!<\/p>\n","protected":false},"featured_media":12358,"comment_status":"closed","ping_status":"closed","template":"","meta":{"_acf_changed":false,"_editorskit_title_hidden":false,"_editorskit_reading_time":0,"_editorskit_is_block_options_detached":false,"_editorskit_block_options_position":"{}","_coblocks_attr":"","_coblocks_dimensions":"","_coblocks_responsive_height":"","_coblocks_accordion_ie_support":""},"product_brand":[],"product_cat":[428,512],"product_tag":[483,91],"class_list":{"0":"post-12962","1":"product","2":"type-product","3":"status-publish","4":"has-post-thumbnail","6":"product_cat-bollinger-champagner","7":"product_cat-rose-champagner","8":"product_tag-rose","9":"product_tag-rose-champagner","10":"product_shipping_class-standard","11":"pa_kategorie-rose-champagner","13":"first","14":"instock","15":"taxable","16":"shipping-taxable","17":"purchasable","18":"product-type-composite"},"composite_virtual":false,"composite_layout":"single","composite_add_to_cart_form_location":"default","composite_editable_in_cart":false,"composite_sold_individually_context":"product","composite_shop_price_calc":"defaults","composite_components":[{"id":"1686166957","title":"Geschenkverpackung (optional)","description":"","query_type":"product_ids","query_ids":[13154],"default_option_id":"","thumbnail_id":"","thumbnail_src":"","quantity_min":1,"quantity_max":"","priced_individually":true,"shipped_individually":false,"optional":true,"discount":"","options_style":"dropdowns","pagination_style":"classic","display_prices":"absolute","show_sorting_options":false,"show_filtering_options":false,"attribute_filter_ids":[],"select_action":"view","product_title_visible":false,"product_descr_visible":true,"product_price_visible":true,"product_thumb_visible":true,"subtotal_visible_product":false,"subtotal_visible_cart":false,"subtotal_visible_orders":false,"product_addons_visible":true},{"id":"1686166958","title":"Gru\u00dfkarte mit Mini-Bouquet (optional)","description":"","query_type":"category_ids","query_ids":[635],"default_option_id":"","thumbnail_id":"","thumbnail_src":"","quantity_min":1,"quantity_max":1,"priced_individually":true,"shipped_individually":false,"optional":true,"discount":"","options_style":"dropdowns","pagination_style":"classic","display_prices":"absolute","show_sorting_options":false,"show_filtering_options":false,"attribute_filter_ids":[],"select_action":"view","product_title_visible":false,"product_descr_visible":true,"product_price_visible":true,"product_thumb_visible":true,"subtotal_visible_product":false,"subtotal_visible_cart":false,"subtotal_visible_orders":false,"product_addons_visible":true}],"composite_scenarios":[],"exclude_global_add_ons":[],"addons":[],"acf":[],"yoast_head":"<!-- This site is optimized with the Yoast SEO plugin v26.8 - https:\/\/yoast.com\/product\/yoast-seo-wordpress\/ -->\n<title>Bollinger Ros\u00e9 Champagner | Jetzt online kaufen<\/title>\n<meta name=\"description\" content=\"Der charmante Partygast unter den Champagnern \u2013 in elegantem Gewand und mit einer unwiderstehlichen Balance aus Frische, Struktur und Eleganz. Cheers!\" \/>\n<meta name=\"robots\" content=\"index, follow, max-snippet:-1, max-image-preview:large, max-video-preview:-1\" \/>\n<link rel=\"canonical\" href=\"https:\/\/foufou-champagne.com\/de\/champagner\/bollinger-rose\/\" \/>\n<meta property=\"og:locale\" content=\"de_DE\" \/>\n<meta property=\"og:type\" content=\"article\" \/>\n<meta property=\"og:title\" content=\"Bollinger Ros\u00e9 Champagner | Jetzt online kaufen\" \/>\n<meta property=\"og:description\" content=\"Der charmante Partygast unter den Champagnern \u2013 in elegantem Gewand und mit einer unwiderstehlichen Balance aus Frische, Struktur und Eleganz. Cheers!\" \/>\n<meta property=\"og:url\" content=\"https:\/\/foufou-champagne.com\/de\/champagner\/bollinger-rose\/\" \/>\n<meta property=\"og:site_name\" content=\"foufou-champagne.com\" \/>\n<meta property=\"article:modified_time\" content=\"2026-04-26T21:32:47+00:00\" \/>\n<meta property=\"og:image\" content=\"https:\/\/foufou-champagne.com\/wp-content\/uploads\/2022\/12\/Champagne-Bollinger-Rose-FouFou-Champagne-Boutique.png\" \/>\n\t<meta property=\"og:image:width\" content=\"800\" \/>\n\t<meta property=\"og:image:height\" content=\"1000\" \/>\n\t<meta property=\"og:image:type\" content=\"image\/png\" \/>\n<meta name=\"twitter:card\" content=\"summary_large_image\" \/>\n<meta name=\"twitter:label1\" content=\"Gesch\u00e4tzte Lesezeit\" \/>\n\t<meta name=\"twitter:data1\" content=\"2\u00a0Minuten\" \/>\n<script type=\"application\/ld+json\" class=\"yoast-schema-graph\">{\"@context\":\"https:\/\/schema.org\",\"@graph\":[{\"@type\":\"WebPage\",\"@id\":\"https:\/\/foufou-champagne.com\/de\/champagner\/bollinger-rose\/\",\"url\":\"https:\/\/foufou-champagne.com\/de\/champagner\/bollinger-rose\/\",\"name\":\"Bollinger Ros\u00e9 Champagner | Jetzt online kaufen\",\"isPartOf\":{\"@id\":\"https:\/\/foufou-champagne.com\/de\/#website\"},\"primaryImageOfPage\":{\"@id\":\"https:\/\/foufou-champagne.com\/de\/champagner\/bollinger-rose\/#primaryimage\"},\"image\":{\"@id\":\"https:\/\/foufou-champagne.com\/de\/champagner\/bollinger-rose\/#primaryimage\"},\"thumbnailUrl\":\"https:\/\/foufou-champagne.com\/wp-content\/uploads\/2022\/12\/Champagne-Bollinger-Rose-FouFou-Champagne-Boutique.png\",\"datePublished\":\"2023-05-04T13:32:46+00:00\",\"dateModified\":\"2026-04-26T21:32:47+00:00\",\"description\":\"Der charmante Partygast unter den Champagnern \u2013 in elegantem Gewand und mit einer unwiderstehlichen Balance aus Frische, Struktur und Eleganz. Cheers!\",\"breadcrumb\":{\"@id\":\"https:\/\/foufou-champagne.com\/de\/champagner\/bollinger-rose\/#breadcrumb\"},\"inLanguage\":\"de\",\"potentialAction\":[{\"@type\":\"ReadAction\",\"target\":[\"https:\/\/foufou-champagne.com\/de\/champagner\/bollinger-rose\/\"]}]},{\"@type\":\"ImageObject\",\"inLanguage\":\"de\",\"@id\":\"https:\/\/foufou-champagne.com\/de\/champagner\/bollinger-rose\/#primaryimage\",\"url\":\"https:\/\/foufou-champagne.com\/wp-content\/uploads\/2022\/12\/Champagne-Bollinger-Rose-FouFou-Champagne-Boutique.png\",\"contentUrl\":\"https:\/\/foufou-champagne.com\/wp-content\/uploads\/2022\/12\/Champagne-Bollinger-Rose-FouFou-Champagne-Boutique.png\",\"width\":800,\"height\":1000,\"caption\":\"Champagner-Bollinger-Rose Flasche\"},{\"@type\":\"BreadcrumbList\",\"@id\":\"https:\/\/foufou-champagne.com\/de\/champagner\/bollinger-rose\/#breadcrumb\",\"itemListElement\":[{\"@type\":\"ListItem\",\"position\":1,\"name\":\"Startseite\",\"item\":\"https:\/\/foufou-champagne.com\/de\/\"},{\"@type\":\"ListItem\",\"position\":2,\"name\":\"Shop\",\"item\":\"https:\/\/foufou-champagne.com\/de\/shop\/\"},{\"@type\":\"ListItem\",\"position\":3,\"name\":\"Bollinger Ros\u00e9\"}]},{\"@type\":\"WebSite\",\"@id\":\"https:\/\/foufou-champagne.com\/de\/#website\",\"url\":\"https:\/\/foufou-champagne.com\/de\/\",\"name\":\"foufou-champagne.com\",\"description\":\"CHAMPAGNE BOUTIQUE\",\"potentialAction\":[{\"@type\":\"SearchAction\",\"target\":{\"@type\":\"EntryPoint\",\"urlTemplate\":\"https:\/\/foufou-champagne.com\/de\/?s={search_term_string}\"},\"query-input\":{\"@type\":\"PropertyValueSpecification\",\"valueRequired\":true,\"valueName\":\"search_term_string\"}}],\"inLanguage\":\"de\"}]}<\/script>\n<!-- \/ Yoast SEO plugin. -->","yoast_head_json":{"title":"Bollinger Ros\u00e9 Champagner | Jetzt online kaufen","description":"Der charmante Partygast unter den Champagnern \u2013 in elegantem Gewand und mit einer unwiderstehlichen Balance aus Frische, Struktur und Eleganz. Cheers!","robots":{"index":"index","follow":"follow","max-snippet":"max-snippet:-1","max-image-preview":"max-image-preview:large","max-video-preview":"max-video-preview:-1"},"canonical":"https:\/\/foufou-champagne.com\/de\/champagner\/bollinger-rose\/","og_locale":"de_DE","og_type":"article","og_title":"Bollinger Ros\u00e9 Champagner | Jetzt online kaufen","og_description":"Der charmante Partygast unter den Champagnern \u2013 in elegantem Gewand und mit einer unwiderstehlichen Balance aus Frische, Struktur und Eleganz. Cheers!","og_url":"https:\/\/foufou-champagne.com\/de\/champagner\/bollinger-rose\/","og_site_name":"foufou-champagne.com","article_modified_time":"2026-04-26T21:32:47+00:00","og_image":[{"width":800,"height":1000,"url":"https:\/\/foufou-champagne.com\/wp-content\/uploads\/2022\/12\/Champagne-Bollinger-Rose-FouFou-Champagne-Boutique.png","type":"image\/png"}],"twitter_card":"summary_large_image","twitter_misc":{"Gesch\u00e4tzte Lesezeit":"2\u00a0Minuten"},"schema":{"@context":"https:\/\/schema.org","@graph":[{"@type":"WebPage","@id":"https:\/\/foufou-champagne.com\/de\/champagner\/bollinger-rose\/","url":"https:\/\/foufou-champagne.com\/de\/champagner\/bollinger-rose\/","name":"Bollinger Ros\u00e9 Champagner | Jetzt online kaufen","isPartOf":{"@id":"https:\/\/foufou-champagne.com\/de\/#website"},"primaryImageOfPage":{"@id":"https:\/\/foufou-champagne.com\/de\/champagner\/bollinger-rose\/#primaryimage"},"image":{"@id":"https:\/\/foufou-champagne.com\/de\/champagner\/bollinger-rose\/#primaryimage"},"thumbnailUrl":"https:\/\/foufou-champagne.com\/wp-content\/uploads\/2022\/12\/Champagne-Bollinger-Rose-FouFou-Champagne-Boutique.png","datePublished":"2023-05-04T13:32:46+00:00","dateModified":"2026-04-26T21:32:47+00:00","description":"Der charmante Partygast unter den Champagnern \u2013 in elegantem Gewand und mit einer unwiderstehlichen Balance aus Frische, Struktur und Eleganz. Cheers!","breadcrumb":{"@id":"https:\/\/foufou-champagne.com\/de\/champagner\/bollinger-rose\/#breadcrumb"},"inLanguage":"de","potentialAction":[{"@type":"ReadAction","target":["https:\/\/foufou-champagne.com\/de\/champagner\/bollinger-rose\/"]}]},{"@type":"ImageObject","inLanguage":"de","@id":"https:\/\/foufou-champagne.com\/de\/champagner\/bollinger-rose\/#primaryimage","url":"https:\/\/foufou-champagne.com\/wp-content\/uploads\/2022\/12\/Champagne-Bollinger-Rose-FouFou-Champagne-Boutique.png","contentUrl":"https:\/\/foufou-champagne.com\/wp-content\/uploads\/2022\/12\/Champagne-Bollinger-Rose-FouFou-Champagne-Boutique.png","width":800,"height":1000,"caption":"Champagner-Bollinger-Rose Flasche"},{"@type":"BreadcrumbList","@id":"https:\/\/foufou-champagne.com\/de\/champagner\/bollinger-rose\/#breadcrumb","itemListElement":[{"@type":"ListItem","position":1,"name":"Startseite","item":"https:\/\/foufou-champagne.com\/de\/"},{"@type":"ListItem","position":2,"name":"Shop","item":"https:\/\/foufou-champagne.com\/de\/shop\/"},{"@type":"ListItem","position":3,"name":"Bollinger Ros\u00e9"}]},{"@type":"WebSite","@id":"https:\/\/foufou-champagne.com\/de\/#website","url":"https:\/\/foufou-champagne.com\/de\/","name":"foufou-champagne.com","description":"CHAMPAGNE BOUTIQUE","potentialAction":[{"@type":"SearchAction","target":{"@type":"EntryPoint","urlTemplate":"https:\/\/foufou-champagne.com\/de\/?s={search_term_string}"},"query-input":{"@type":"PropertyValueSpecification","valueRequired":true,"valueName":"search_term_string"}}],"inLanguage":"de"}]}},"_links":{"self":[{"href":"https:\/\/foufou-champagne.com\/de\/wp-json\/wp\/v2\/product\/12962","targetHints":{"allow":["GET"]}}],"collection":[{"href":"https:\/\/foufou-champagne.com\/de\/wp-json\/wp\/v2\/product"}],"about":[{"href":"https:\/\/foufou-champagne.com\/de\/wp-json\/wp\/v2\/types\/product"}],"replies":[{"embeddable":true,"href":"https:\/\/foufou-champagne.com\/de\/wp-json\/wp\/v2\/comments?post=12962"}],"wp:featuredmedia":[{"embeddable":true,"href":"https:\/\/foufou-champagne.com\/de\/wp-json\/wp\/v2\/media\/12358"}],"wp:attachment":[{"href":"https:\/\/foufou-champagne.com\/de\/wp-json\/wp\/v2\/media?parent=12962"}],"wp:term":[{"taxonomy":"product_brand","embeddable":true,"href":"https:\/\/foufou-champagne.com\/de\/wp-json\/wp\/v2\/product_brand?post=12962"},{"taxonomy":"product_cat","embeddable":true,"href":"https:\/\/foufou-champagne.com\/de\/wp-json\/wp\/v2\/product_cat?post=12962"},{"taxonomy":"product_tag","embeddable":true,"href":"https:\/\/foufou-champagne.com\/de\/wp-json\/wp\/v2\/product_tag?post=12962"}],"curies":[{"name":"wp","href":"https:\/\/api.w.org\/{rel}","templated":true}]}}