{"id":12965,"date":"2023-05-04T17:22:12","date_gmt":"2023-05-04T15:22:12","guid":{"rendered":"https:\/\/foufou-champagne.com\/?post_type=product&#038;p=12965"},"modified":"2026-05-13T01:36:59","modified_gmt":"2026-05-12T23:36:59","slug":"taittinger-comtes-2011","status":"publish","type":"product","link":"https:\/\/foufou-champagne.com\/de\/champagner\/taittinger-comtes-2011\/","title":{"rendered":"Taittinger Comtes 2011"},"content":{"rendered":"<h4>Der Champagner<\/h4>\n<p>Der Taittinger Comtes 2011 ist ein au\u00dfergew\u00f6hnlicher Champagner, dessen Lagerf\u00e4higkeit genauso legend\u00e4r sind wie die Namensgeber , die &#8220;Comtes de Champagne&#8221; (Grafen der Champagne) selbst. Diese Legende der Comtes de Champagne ist eine schillernde Geschichte voller Intrigen und Poesie aus dem 16. Jahrhundert. Mit Theobald IV, dem sangesfreudigen Grafen, im Mittelpunkt nehmen Realit\u00e4t und Fantasie ein spannendes T\u00e4nzchen miteinander auf. Am Ende bleibt eine emotionale Erz\u00e4hlung, die selbst heute noch jeden in ihren Bann zieht.<\/p>\n<p>Nun zum Champagner: Die au\u00dfergew\u00f6hnliche Flaschenform sticht sofort ins Auge und auch der Flascheninhalt \u00fcberzeugt: Erlesene Chardonnay-Trauben aus f\u00fcnf Grand-Cru-Gemeinden bilden die Basis. Ein kleiner Teil des Grundweins reift in neuen Eichenf\u00e4ssern und verleiht dem Champagner feine R\u00f6stnoten. Auch das Klima hinterl\u00e4sst aromatische Spuren: 2011 war gepr\u00e4gt von Klima-Kontrasten: Ein ungew\u00f6hnlich warmer Fr\u00fchling wich einem k\u00fchlen, feuchten Sommer. Diese Wetterkapriolen verleihen dem Champagner Frische, Spannung, eine salzige Mineralit\u00e4t und tiefgr\u00fcndige Finesse. Nach 8 bis 10 Jahren Reifezeit in Taittingers mystischen Kreidekellern entsteht ein Champagner, der Legenden und besonderen Momenten w\u00fcrdig ist. Es sind diese Emotionen, die den Taittinger Comtes 2011 zum idealen Begleiter f\u00fcr unvergessliche Augenblicke machen. Lasst uns ansto\u00dfen &#8211; auf die Grafen, die Legende und das Leben!<\/p>\n<h4>Tasting Note<\/h4>\n<ul>\n<li>Im Glas leuchtendes Gold und ein dichtes Mousseux<\/li>\n<li>In der Nase frischen Zitrusfr\u00fcchte, feine Mineralit\u00e4t und einem Hauch von ger\u00f6stetem Brioche<\/li>\n<li>Am Gaumen perfekte Balance aus Kraft und Eleganz. Frische S\u00e4ure, leicht salzige Noten und die seidige Textur verschmelzen zu einem harmonischen Gesamtbild.<\/li>\n<\/ul>\n<h4>passt zu<\/h4>\n<ul>\n<li>Solo zu besonderen Anl\u00e4ssen<\/li>\n<li>Gefl\u00fcgel<\/li>\n<li>Gem\u00fcse und frischen Salaten mit pikanten Saucen<\/li>\n<\/ul>\n<div class=\"grid__cell grid__cell--middle 1\/2--tablet-and-up\">\n<p>&nbsp;<\/p>\n<h4 class=\"body--big\">Das Champagnerhaus Taittinger<\/h4>\n<\/div>\n<div class=\"row row--collapse align-left\">\n<div class=\"col col-sm-12 col-xlg-12\">\n<div class=\"cmsPlainText\">\n<div class=\"row\">\n<div class=\"col col-sm-12\">\n<div class=\"cmsPlainText__content\">\n<div class=\"cmsPlainText__split cmsPlainText__split--1\">\n<p>Das traditionsbewusste Champagnerhaus \u201eTaittinger\u201c aus Reims ist die Heimat des Brut R\u00e9serve. Die zum Haus geh\u00f6renden 260 Hektar Weinberge in den besten Lagen der Champagne mit einem Volumen von 6,5 Millionen Flaschen pro Jahr machen es zum sechstgr\u00f6\u00dften Haus der Champagne. Die hohe Zahl an eigenen Reben sichern Taittinger eine gleichm\u00e4\u00dfige Versorgung mit erstklassigem Champagner, der auf der ganzen Welt f\u00fcr seine Finesse und Leichtigkeit bekannt ist.<\/p>\n<\/div>\n<\/div>\n<\/div>\n<\/div>\n<\/div>\n<\/div>\n<\/div>\n","protected":false},"excerpt":{"rendered":"<p>Legendenhaft und voller Emotionen \u2013 der Taittinger Comtes 2011 bringt Glamour ins Glas!<\/p>\n","protected":false},"featured_media":12342,"comment_status":"open","ping_status":"closed","template":"","meta":{"_acf_changed":false,"_editorskit_title_hidden":false,"_editorskit_reading_time":0,"_editorskit_is_block_options_detached":false,"_editorskit_block_options_position":"{}","_coblocks_attr":"","_coblocks_dimensions":"","_coblocks_responsive_height":"","_coblocks_accordion_ie_support":""},"product_brand":[],"product_cat":[15,163,141,458],"product_tag":[502,213],"class_list":{"0":"post-12965","1":"product","2":"type-product","3":"status-publish","4":"has-post-thumbnail","6":"product_cat-champagner","7":"product_cat-blanc-de-blancs","8":"product_cat-jahrgangschampagner","9":"product_cat-taittinger-champagner","10":"product_tag-blanc-de-blancs","11":"product_tag-brut","12":"product_shipping_class-standard","13":"pa_kategorie-blanc-de-blancs","15":"first","16":"outofstock","17":"taxable","18":"shipping-taxable","19":"purchasable","20":"product-type-composite"},"composite_virtual":false,"composite_layout":"single","composite_add_to_cart_form_location":"default","composite_editable_in_cart":true,"composite_sold_individually_context":"product","composite_shop_price_calc":"defaults","composite_components":[{"id":"1686187322","title":"Geschenkverpackung (optional)","description":"","query_type":"product_ids","query_ids":[13154],"default_option_id":"","thumbnail_id":"","thumbnail_src":"","quantity_min":1,"quantity_max":1,"priced_individually":true,"shipped_individually":false,"optional":true,"discount":"","options_style":"dropdowns","pagination_style":"classic","display_prices":"absolute","show_sorting_options":false,"show_filtering_options":false,"attribute_filter_ids":[],"select_action":"view","product_title_visible":false,"product_descr_visible":true,"product_price_visible":true,"product_thumb_visible":true,"subtotal_visible_product":false,"subtotal_visible_cart":false,"subtotal_visible_orders":false,"product_addons_visible":true},{"id":"1686187323","title":"Gru\u00dfkarte mit Mini-Bouquet (optional)","description":"","query_type":"category_ids","query_ids":[635],"default_option_id":"","thumbnail_id":"","thumbnail_src":"","quantity_min":1,"quantity_max":1,"priced_individually":true,"shipped_individually":false,"optional":true,"discount":"","options_style":"dropdowns","pagination_style":"classic","display_prices":"absolute","show_sorting_options":false,"show_filtering_options":false,"attribute_filter_ids":[],"select_action":"view","product_title_visible":false,"product_descr_visible":true,"product_price_visible":true,"product_thumb_visible":true,"subtotal_visible_product":false,"subtotal_visible_cart":false,"subtotal_visible_orders":false,"product_addons_visible":true}],"composite_scenarios":[],"exclude_global_add_ons":[],"addons":[],"acf":[],"yoast_head":"<!-- This site is optimized with the Yoast SEO plugin v26.8 - https:\/\/yoast.com\/product\/yoast-seo-wordpress\/ -->\n<title>Taittinger Comtes 2011 | FOUFOU CHAMPAGNE BOUTIQUE<\/title>\n<meta name=\"description\" content=\"Legendenhaft und voller Emotionen \u2013 der Taittinger Comtes 2011 bringt Glamour in jedes Glas! Jetzt online bestellen.\" \/>\n<meta name=\"robots\" content=\"index, follow, max-snippet:-1, max-image-preview:large, max-video-preview:-1\" \/>\n<link rel=\"canonical\" href=\"https:\/\/foufou-champagne.com\/de\/champagner\/taittinger-comtes-2011\/\" \/>\n<meta property=\"og:locale\" content=\"de_DE\" \/>\n<meta property=\"og:type\" content=\"article\" \/>\n<meta property=\"og:title\" content=\"Taittinger Comtes 2011 | FOUFOU CHAMPAGNE BOUTIQUE\" \/>\n<meta property=\"og:description\" content=\"Legendenhaft und voller Emotionen \u2013 der Taittinger Comtes 2011 bringt Glamour in jedes Glas! Jetzt online bestellen.\" \/>\n<meta property=\"og:url\" content=\"https:\/\/foufou-champagne.com\/de\/champagner\/taittinger-comtes-2011\/\" \/>\n<meta property=\"og:site_name\" content=\"foufou-champagne.com\" \/>\n<meta property=\"article:modified_time\" content=\"2026-05-12T23:36:59+00:00\" \/>\n<meta property=\"og:image\" content=\"https:\/\/foufou-champagne.com\/wp-content\/uploads\/2022\/12\/Champagne-Comtes-Tattinger-FouFou-Champagne-Boutique.png\" \/>\n\t<meta property=\"og:image:width\" content=\"800\" \/>\n\t<meta property=\"og:image:height\" content=\"1000\" \/>\n\t<meta property=\"og:image:type\" content=\"image\/png\" \/>\n<meta name=\"twitter:card\" content=\"summary_large_image\" \/>\n<meta name=\"twitter:label1\" content=\"Gesch\u00e4tzte Lesezeit\" \/>\n\t<meta name=\"twitter:data1\" content=\"2\u00a0Minuten\" \/>\n<script type=\"application\/ld+json\" class=\"yoast-schema-graph\">{\"@context\":\"https:\/\/schema.org\",\"@graph\":[{\"@type\":\"WebPage\",\"@id\":\"https:\/\/foufou-champagne.com\/de\/champagner\/taittinger-comtes-2011\/\",\"url\":\"https:\/\/foufou-champagne.com\/de\/champagner\/taittinger-comtes-2011\/\",\"name\":\"Taittinger Comtes 2011 | FOUFOU CHAMPAGNE BOUTIQUE\",\"isPartOf\":{\"@id\":\"https:\/\/foufou-champagne.com\/de\/#website\"},\"primaryImageOfPage\":{\"@id\":\"https:\/\/foufou-champagne.com\/de\/champagner\/taittinger-comtes-2011\/#primaryimage\"},\"image\":{\"@id\":\"https:\/\/foufou-champagne.com\/de\/champagner\/taittinger-comtes-2011\/#primaryimage\"},\"thumbnailUrl\":\"https:\/\/foufou-champagne.com\/wp-content\/uploads\/2022\/12\/Champagne-Comtes-Tattinger-FouFou-Champagne-Boutique.png\",\"datePublished\":\"2023-05-04T15:22:12+00:00\",\"dateModified\":\"2026-05-12T23:36:59+00:00\",\"description\":\"Legendenhaft und voller Emotionen \u2013 der Taittinger Comtes 2011 bringt Glamour in jedes Glas! Jetzt online bestellen.\",\"breadcrumb\":{\"@id\":\"https:\/\/foufou-champagne.com\/de\/champagner\/taittinger-comtes-2011\/#breadcrumb\"},\"inLanguage\":\"de\",\"potentialAction\":[{\"@type\":\"ReadAction\",\"target\":[\"https:\/\/foufou-champagne.com\/de\/champagner\/taittinger-comtes-2011\/\"]}]},{\"@type\":\"ImageObject\",\"inLanguage\":\"de\",\"@id\":\"https:\/\/foufou-champagne.com\/de\/champagner\/taittinger-comtes-2011\/#primaryimage\",\"url\":\"https:\/\/foufou-champagne.com\/wp-content\/uploads\/2022\/12\/Champagne-Comtes-Tattinger-FouFou-Champagne-Boutique.png\",\"contentUrl\":\"https:\/\/foufou-champagne.com\/wp-content\/uploads\/2022\/12\/Champagne-Comtes-Tattinger-FouFou-Champagne-Boutique.png\",\"width\":800,\"height\":1000,\"caption\":\"Taittinger Champagner Comtes 2011 Champagnerflasche\"},{\"@type\":\"BreadcrumbList\",\"@id\":\"https:\/\/foufou-champagne.com\/de\/champagner\/taittinger-comtes-2011\/#breadcrumb\",\"itemListElement\":[{\"@type\":\"ListItem\",\"position\":1,\"name\":\"Startseite\",\"item\":\"https:\/\/foufou-champagne.com\/de\/\"},{\"@type\":\"ListItem\",\"position\":2,\"name\":\"Shop\",\"item\":\"https:\/\/foufou-champagne.com\/de\/shop\/\"},{\"@type\":\"ListItem\",\"position\":3,\"name\":\"Taittinger Comtes 2011\"}]},{\"@type\":\"WebSite\",\"@id\":\"https:\/\/foufou-champagne.com\/de\/#website\",\"url\":\"https:\/\/foufou-champagne.com\/de\/\",\"name\":\"foufou-champagne.com\",\"description\":\"CHAMPAGNE BOUTIQUE\",\"potentialAction\":[{\"@type\":\"SearchAction\",\"target\":{\"@type\":\"EntryPoint\",\"urlTemplate\":\"https:\/\/foufou-champagne.com\/de\/?s={search_term_string}\"},\"query-input\":{\"@type\":\"PropertyValueSpecification\",\"valueRequired\":true,\"valueName\":\"search_term_string\"}}],\"inLanguage\":\"de\"}]}<\/script>\n<!-- \/ Yoast SEO plugin. -->","yoast_head_json":{"title":"Taittinger Comtes 2011 | FOUFOU CHAMPAGNE BOUTIQUE","description":"Legendenhaft und voller Emotionen \u2013 der Taittinger Comtes 2011 bringt Glamour in jedes Glas! Jetzt online bestellen.","robots":{"index":"index","follow":"follow","max-snippet":"max-snippet:-1","max-image-preview":"max-image-preview:large","max-video-preview":"max-video-preview:-1"},"canonical":"https:\/\/foufou-champagne.com\/de\/champagner\/taittinger-comtes-2011\/","og_locale":"de_DE","og_type":"article","og_title":"Taittinger Comtes 2011 | FOUFOU CHAMPAGNE BOUTIQUE","og_description":"Legendenhaft und voller Emotionen \u2013 der Taittinger Comtes 2011 bringt Glamour in jedes Glas! Jetzt online bestellen.","og_url":"https:\/\/foufou-champagne.com\/de\/champagner\/taittinger-comtes-2011\/","og_site_name":"foufou-champagne.com","article_modified_time":"2026-05-12T23:36:59+00:00","og_image":[{"width":800,"height":1000,"url":"https:\/\/foufou-champagne.com\/wp-content\/uploads\/2022\/12\/Champagne-Comtes-Tattinger-FouFou-Champagne-Boutique.png","type":"image\/png"}],"twitter_card":"summary_large_image","twitter_misc":{"Gesch\u00e4tzte Lesezeit":"2\u00a0Minuten"},"schema":{"@context":"https:\/\/schema.org","@graph":[{"@type":"WebPage","@id":"https:\/\/foufou-champagne.com\/de\/champagner\/taittinger-comtes-2011\/","url":"https:\/\/foufou-champagne.com\/de\/champagner\/taittinger-comtes-2011\/","name":"Taittinger Comtes 2011 | FOUFOU CHAMPAGNE BOUTIQUE","isPartOf":{"@id":"https:\/\/foufou-champagne.com\/de\/#website"},"primaryImageOfPage":{"@id":"https:\/\/foufou-champagne.com\/de\/champagner\/taittinger-comtes-2011\/#primaryimage"},"image":{"@id":"https:\/\/foufou-champagne.com\/de\/champagner\/taittinger-comtes-2011\/#primaryimage"},"thumbnailUrl":"https:\/\/foufou-champagne.com\/wp-content\/uploads\/2022\/12\/Champagne-Comtes-Tattinger-FouFou-Champagne-Boutique.png","datePublished":"2023-05-04T15:22:12+00:00","dateModified":"2026-05-12T23:36:59+00:00","description":"Legendenhaft und voller Emotionen \u2013 der Taittinger Comtes 2011 bringt Glamour in jedes Glas! Jetzt online bestellen.","breadcrumb":{"@id":"https:\/\/foufou-champagne.com\/de\/champagner\/taittinger-comtes-2011\/#breadcrumb"},"inLanguage":"de","potentialAction":[{"@type":"ReadAction","target":["https:\/\/foufou-champagne.com\/de\/champagner\/taittinger-comtes-2011\/"]}]},{"@type":"ImageObject","inLanguage":"de","@id":"https:\/\/foufou-champagne.com\/de\/champagner\/taittinger-comtes-2011\/#primaryimage","url":"https:\/\/foufou-champagne.com\/wp-content\/uploads\/2022\/12\/Champagne-Comtes-Tattinger-FouFou-Champagne-Boutique.png","contentUrl":"https:\/\/foufou-champagne.com\/wp-content\/uploads\/2022\/12\/Champagne-Comtes-Tattinger-FouFou-Champagne-Boutique.png","width":800,"height":1000,"caption":"Taittinger Champagner Comtes 2011 Champagnerflasche"},{"@type":"BreadcrumbList","@id":"https:\/\/foufou-champagne.com\/de\/champagner\/taittinger-comtes-2011\/#breadcrumb","itemListElement":[{"@type":"ListItem","position":1,"name":"Startseite","item":"https:\/\/foufou-champagne.com\/de\/"},{"@type":"ListItem","position":2,"name":"Shop","item":"https:\/\/foufou-champagne.com\/de\/shop\/"},{"@type":"ListItem","position":3,"name":"Taittinger Comtes 2011"}]},{"@type":"WebSite","@id":"https:\/\/foufou-champagne.com\/de\/#website","url":"https:\/\/foufou-champagne.com\/de\/","name":"foufou-champagne.com","description":"CHAMPAGNE BOUTIQUE","potentialAction":[{"@type":"SearchAction","target":{"@type":"EntryPoint","urlTemplate":"https:\/\/foufou-champagne.com\/de\/?s={search_term_string}"},"query-input":{"@type":"PropertyValueSpecification","valueRequired":true,"valueName":"search_term_string"}}],"inLanguage":"de"}]}},"_links":{"self":[{"href":"https:\/\/foufou-champagne.com\/de\/wp-json\/wp\/v2\/product\/12965","targetHints":{"allow":["GET"]}}],"collection":[{"href":"https:\/\/foufou-champagne.com\/de\/wp-json\/wp\/v2\/product"}],"about":[{"href":"https:\/\/foufou-champagne.com\/de\/wp-json\/wp\/v2\/types\/product"}],"replies":[{"embeddable":true,"href":"https:\/\/foufou-champagne.com\/de\/wp-json\/wp\/v2\/comments?post=12965"}],"wp:featuredmedia":[{"embeddable":true,"href":"https:\/\/foufou-champagne.com\/de\/wp-json\/wp\/v2\/media\/12342"}],"wp:attachment":[{"href":"https:\/\/foufou-champagne.com\/de\/wp-json\/wp\/v2\/media?parent=12965"}],"wp:term":[{"taxonomy":"product_brand","embeddable":true,"href":"https:\/\/foufou-champagne.com\/de\/wp-json\/wp\/v2\/product_brand?post=12965"},{"taxonomy":"product_cat","embeddable":true,"href":"https:\/\/foufou-champagne.com\/de\/wp-json\/wp\/v2\/product_cat?post=12965"},{"taxonomy":"product_tag","embeddable":true,"href":"https:\/\/foufou-champagne.com\/de\/wp-json\/wp\/v2\/product_tag?post=12965"}],"curies":[{"name":"wp","href":"https:\/\/api.w.org\/{rel}","templated":true}]}}