{"id":12971,"date":"2023-08-01T10:00:50","date_gmt":"2023-08-01T08:00:50","guid":{"rendered":"https:\/\/foufou-champagne.com\/?post_type=product&#038;p=12971"},"modified":"2025-07-15T14:05:05","modified_gmt":"2025-07-15T12:05:05","slug":"le-brun-de-neuville-cote-blanche","status":"publish","type":"product","link":"https:\/\/foufou-champagne.com\/de\/champagner\/le-brun-de-neuville-cote-blanche\/","title":{"rendered":"Le Brun de Neuville C\u00f4te Blanche"},"content":{"rendered":"<h4>Der Champagner<\/h4>\n<p>Der Champagner Le Brun de Neuville &#8211; C\u00f4te Blanche Brut ist ein Blanc de Blancs Champagner aus 100% Chardonnay-Trauben, der auf dem Kalksteinhang der C\u00f4te de S\u00e9zanne w\u00e4chst. Ein 45 Jahre alter Weinberg mit Ton- und Kreideb\u00f6den verleiht dem Champagner Frische und Mineralit\u00e4t. Nach der traditionellen Flascheng\u00e4rung reift der Champagner ganze 5 Jahre auf der Hefe, bevor er seinen unwiderstehlichen Charakter entfaltet. In der Nase zeigt er Noten von wei\u00dfen Bl\u00fcten und zartem Haselnussduft. Am Gaumen schmeckt er frisch nach Zitrusfr\u00fcchten und gr\u00fcnem Apfel mit einer feinen Perlage und cremiger Mineralit\u00e4t. 52% der Cuv\u00e9e besteht aus Reserveweinen \u00e4lterer Jahrg\u00e4nge.<\/p>\n<h4>TASTING NOTE<\/h4>\n<ul>\n<li>Im Glas heller und strahlender Goldton<\/li>\n<li>In der Nase frische Zitrusfr\u00fcchte, Apfel und wei\u00dfen Bl\u00fcten, begleitet von feinen Briochenoten<\/li>\n<li>Am Gaumen \u00fcberzeugt dieser Blanc de Blancs mit einer lebhaften S\u00e4ure und einer cremigen Mineralit\u00e4t, die sich perfekt in die zarten Zitrus- und Apfelaromen einf\u00fcgt<\/li>\n<\/ul>\n<h4>passt zu<\/h4>\n<ul>\n<li>Aufgrund der sch\u00f6nen Frische ist der Blanc de Blancs ganz wunderbar als Aperitif oder Fr\u00fchst\u00fccks-Champagner.<\/li>\n<li>Als Speisebegleiter eignet er sich prima zu Gerichten mit Garnelen, Kaviar oder Lachs.<\/li>\n<\/ul>\n<h4>Das Champagnerhaus Le Brun de Neuville<\/h4>\n<p>Das Weingut Le Brun de Neuville hat sich aus einer Gruppe von Winzerfamilien entwickelt, die den gemeinsamen Wunsch haben, die C\u00f4te de S\u00e9zanne und ihren exzellenten Chardonnays ins rechte Licht zu r\u00fccken. Das Champagnerhaus, gegr\u00fcndet 1963, steht f\u00fcr Tradition und Exzellenz in der malerischen Landschaft nahe B\u00e9thon, unweit der Stadt S\u00e9zanne. Le Brun de Neuville nimmt laut eigenen Angaben eine Vorreiterrolle ein und ermutigt sie, nachhaltige Weinbaupraktiken anzuwenden. Das Ergebnis: Trauben aus biologisch bewirtschafteten Weinbergen, die ohne Herbizide angebaut, gepfl\u00fcgt und als &#8220;Haute Valeur Environnementale&#8221; (HVE) oder &#8220;Viticulture Durable en Champagne&#8221; (VDC) zertifiziert sind. Le Brun de Neuville konzentriert sich auf den Anbau von Chardonnay und Pinot Noir.<\/p>\n","protected":false},"excerpt":{"rendered":"<p>Ein spritziger Blanc de Blancs Champagner, der die Sinne erweckt.<\/p>\n","protected":false},"featured_media":12976,"comment_status":"closed","ping_status":"closed","template":"","meta":{"_acf_changed":false,"_editorskit_title_hidden":false,"_editorskit_reading_time":0,"_editorskit_is_block_options_detached":false,"_editorskit_block_options_position":"{}","_coblocks_attr":"","_coblocks_dimensions":"","_coblocks_responsive_height":"","_coblocks_accordion_ie_support":""},"product_brand":[],"product_cat":[163,632],"product_tag":[502],"class_list":{"0":"post-12971","1":"product","2":"type-product","3":"status-publish","4":"has-post-thumbnail","6":"product_cat-blanc-de-blancs","7":"product_cat-le-brun-de-neuville","8":"product_tag-blanc-de-blancs","9":"pa_kategorie-blanc-de-blancs","11":"first","12":"outofstock","13":"taxable","14":"shipping-taxable","15":"purchasable","16":"product-type-composite"},"composite_virtual":false,"composite_layout":"single","composite_add_to_cart_form_location":"default","composite_editable_in_cart":false,"composite_sold_individually_context":"product","composite_shop_price_calc":"defaults","composite_components":[{"id":"1690891422","title":"Geschenkverpackung (optional)","description":"","query_type":"product_ids","query_ids":[13154],"default_option_id":"","thumbnail_id":"","thumbnail_src":"","quantity_min":1,"quantity_max":1,"priced_individually":true,"shipped_individually":false,"optional":true,"discount":"","options_style":"dropdowns","pagination_style":"classic","display_prices":"absolute","show_sorting_options":false,"show_filtering_options":false,"attribute_filter_ids":[],"select_action":"view","product_title_visible":false,"product_descr_visible":true,"product_price_visible":true,"product_thumb_visible":true,"subtotal_visible_product":false,"subtotal_visible_cart":false,"subtotal_visible_orders":false,"product_addons_visible":true},{"id":"1690891423","title":"Gru\u00dfkarte mit Mini-Bouquet (optional)","description":"","query_type":"category_ids","query_ids":[635],"default_option_id":"","thumbnail_id":"","thumbnail_src":"","quantity_min":1,"quantity_max":1,"priced_individually":true,"shipped_individually":false,"optional":true,"discount":"","options_style":"dropdowns","pagination_style":"classic","display_prices":"absolute","show_sorting_options":false,"show_filtering_options":false,"attribute_filter_ids":[],"select_action":"view","product_title_visible":false,"product_descr_visible":true,"product_price_visible":true,"product_thumb_visible":true,"subtotal_visible_product":false,"subtotal_visible_cart":false,"subtotal_visible_orders":false,"product_addons_visible":true}],"composite_scenarios":[],"exclude_global_add_ons":[],"addons":[],"acf":[],"yoast_head":"<!-- This site is optimized with the Yoast SEO plugin v26.8 - https:\/\/yoast.com\/product\/yoast-seo-wordpress\/ -->\n<title>Le Brun de Neuville C\u00f4te Blanche - foufou-champagne.com<\/title>\n<meta name=\"description\" content=\"Ein spritziger Blanc de Blancs Champagner, der die Sinne erweckt. Jetzt online kaufen.\" \/>\n<meta name=\"robots\" content=\"index, follow, max-snippet:-1, max-image-preview:large, max-video-preview:-1\" \/>\n<link rel=\"canonical\" href=\"https:\/\/foufou-champagne.com\/de\/champagner\/le-brun-de-neuville-cote-blanche\/\" \/>\n<meta property=\"og:locale\" content=\"de_DE\" \/>\n<meta property=\"og:type\" content=\"article\" \/>\n<meta property=\"og:title\" content=\"Le Brun de Neuville C\u00f4te Blanche - foufou-champagne.com\" \/>\n<meta property=\"og:description\" content=\"Ein spritziger Blanc de Blancs Champagner, der die Sinne erweckt. Jetzt online kaufen.\" \/>\n<meta property=\"og:url\" content=\"https:\/\/foufou-champagne.com\/de\/champagner\/le-brun-de-neuville-cote-blanche\/\" \/>\n<meta property=\"og:site_name\" content=\"foufou-champagne.com\" \/>\n<meta property=\"article:modified_time\" content=\"2025-07-15T12:05:05+00:00\" \/>\n<meta property=\"og:image\" content=\"https:\/\/foufou-champagne.com\/wp-content\/uploads\/2023\/05\/0011_Champagne-FouFou-Champagne-Boutique.png\" \/>\n\t<meta property=\"og:image:width\" content=\"800\" \/>\n\t<meta property=\"og:image:height\" content=\"1000\" \/>\n\t<meta property=\"og:image:type\" content=\"image\/png\" \/>\n<meta name=\"twitter:card\" content=\"summary_large_image\" \/>\n<meta name=\"twitter:label1\" content=\"Gesch\u00e4tzte Lesezeit\" \/>\n\t<meta name=\"twitter:data1\" content=\"2\u00a0Minuten\" \/>\n<script type=\"application\/ld+json\" class=\"yoast-schema-graph\">{\"@context\":\"https:\/\/schema.org\",\"@graph\":[{\"@type\":\"WebPage\",\"@id\":\"https:\/\/foufou-champagne.com\/de\/champagner\/le-brun-de-neuville-cote-blanche\/\",\"url\":\"https:\/\/foufou-champagne.com\/de\/champagner\/le-brun-de-neuville-cote-blanche\/\",\"name\":\"Le Brun de Neuville C\u00f4te Blanche - foufou-champagne.com\",\"isPartOf\":{\"@id\":\"https:\/\/foufou-champagne.com\/de\/#website\"},\"primaryImageOfPage\":{\"@id\":\"https:\/\/foufou-champagne.com\/de\/champagner\/le-brun-de-neuville-cote-blanche\/#primaryimage\"},\"image\":{\"@id\":\"https:\/\/foufou-champagne.com\/de\/champagner\/le-brun-de-neuville-cote-blanche\/#primaryimage\"},\"thumbnailUrl\":\"https:\/\/foufou-champagne.com\/wp-content\/uploads\/2023\/05\/0011_Champagne-FouFou-Champagne-Boutique.png\",\"datePublished\":\"2023-08-01T08:00:50+00:00\",\"dateModified\":\"2025-07-15T12:05:05+00:00\",\"description\":\"Ein spritziger Blanc de Blancs Champagner, der die Sinne erweckt. Jetzt online kaufen.\",\"breadcrumb\":{\"@id\":\"https:\/\/foufou-champagne.com\/de\/champagner\/le-brun-de-neuville-cote-blanche\/#breadcrumb\"},\"inLanguage\":\"de\",\"potentialAction\":[{\"@type\":\"ReadAction\",\"target\":[\"https:\/\/foufou-champagne.com\/de\/champagner\/le-brun-de-neuville-cote-blanche\/\"]}]},{\"@type\":\"ImageObject\",\"inLanguage\":\"de\",\"@id\":\"https:\/\/foufou-champagne.com\/de\/champagner\/le-brun-de-neuville-cote-blanche\/#primaryimage\",\"url\":\"https:\/\/foufou-champagne.com\/wp-content\/uploads\/2023\/05\/0011_Champagne-FouFou-Champagne-Boutique.png\",\"contentUrl\":\"https:\/\/foufou-champagne.com\/wp-content\/uploads\/2023\/05\/0011_Champagne-FouFou-Champagne-Boutique.png\",\"width\":800,\"height\":1000,\"caption\":\"Le Brun de Neuville - C\u00f4te Blanche Brut\"},{\"@type\":\"BreadcrumbList\",\"@id\":\"https:\/\/foufou-champagne.com\/de\/champagner\/le-brun-de-neuville-cote-blanche\/#breadcrumb\",\"itemListElement\":[{\"@type\":\"ListItem\",\"position\":1,\"name\":\"Startseite\",\"item\":\"https:\/\/foufou-champagne.com\/de\/\"},{\"@type\":\"ListItem\",\"position\":2,\"name\":\"Shop\",\"item\":\"https:\/\/foufou-champagne.com\/de\/shop\/\"},{\"@type\":\"ListItem\",\"position\":3,\"name\":\"Le Brun de Neuville C\u00f4te Blanche\"}]},{\"@type\":\"WebSite\",\"@id\":\"https:\/\/foufou-champagne.com\/de\/#website\",\"url\":\"https:\/\/foufou-champagne.com\/de\/\",\"name\":\"foufou-champagne.com\",\"description\":\"CHAMPAGNE BOUTIQUE\",\"potentialAction\":[{\"@type\":\"SearchAction\",\"target\":{\"@type\":\"EntryPoint\",\"urlTemplate\":\"https:\/\/foufou-champagne.com\/de\/?s={search_term_string}\"},\"query-input\":{\"@type\":\"PropertyValueSpecification\",\"valueRequired\":true,\"valueName\":\"search_term_string\"}}],\"inLanguage\":\"de\"}]}<\/script>\n<!-- \/ Yoast SEO plugin. -->","yoast_head_json":{"title":"Le Brun de Neuville C\u00f4te Blanche - foufou-champagne.com","description":"Ein spritziger Blanc de Blancs Champagner, der die Sinne erweckt. Jetzt online kaufen.","robots":{"index":"index","follow":"follow","max-snippet":"max-snippet:-1","max-image-preview":"max-image-preview:large","max-video-preview":"max-video-preview:-1"},"canonical":"https:\/\/foufou-champagne.com\/de\/champagner\/le-brun-de-neuville-cote-blanche\/","og_locale":"de_DE","og_type":"article","og_title":"Le Brun de Neuville C\u00f4te Blanche - foufou-champagne.com","og_description":"Ein spritziger Blanc de Blancs Champagner, der die Sinne erweckt. Jetzt online kaufen.","og_url":"https:\/\/foufou-champagne.com\/de\/champagner\/le-brun-de-neuville-cote-blanche\/","og_site_name":"foufou-champagne.com","article_modified_time":"2025-07-15T12:05:05+00:00","og_image":[{"width":800,"height":1000,"url":"https:\/\/foufou-champagne.com\/wp-content\/uploads\/2023\/05\/0011_Champagne-FouFou-Champagne-Boutique.png","type":"image\/png"}],"twitter_card":"summary_large_image","twitter_misc":{"Gesch\u00e4tzte Lesezeit":"2\u00a0Minuten"},"schema":{"@context":"https:\/\/schema.org","@graph":[{"@type":"WebPage","@id":"https:\/\/foufou-champagne.com\/de\/champagner\/le-brun-de-neuville-cote-blanche\/","url":"https:\/\/foufou-champagne.com\/de\/champagner\/le-brun-de-neuville-cote-blanche\/","name":"Le Brun de Neuville C\u00f4te Blanche - foufou-champagne.com","isPartOf":{"@id":"https:\/\/foufou-champagne.com\/de\/#website"},"primaryImageOfPage":{"@id":"https:\/\/foufou-champagne.com\/de\/champagner\/le-brun-de-neuville-cote-blanche\/#primaryimage"},"image":{"@id":"https:\/\/foufou-champagne.com\/de\/champagner\/le-brun-de-neuville-cote-blanche\/#primaryimage"},"thumbnailUrl":"https:\/\/foufou-champagne.com\/wp-content\/uploads\/2023\/05\/0011_Champagne-FouFou-Champagne-Boutique.png","datePublished":"2023-08-01T08:00:50+00:00","dateModified":"2025-07-15T12:05:05+00:00","description":"Ein spritziger Blanc de Blancs Champagner, der die Sinne erweckt. Jetzt online kaufen.","breadcrumb":{"@id":"https:\/\/foufou-champagne.com\/de\/champagner\/le-brun-de-neuville-cote-blanche\/#breadcrumb"},"inLanguage":"de","potentialAction":[{"@type":"ReadAction","target":["https:\/\/foufou-champagne.com\/de\/champagner\/le-brun-de-neuville-cote-blanche\/"]}]},{"@type":"ImageObject","inLanguage":"de","@id":"https:\/\/foufou-champagne.com\/de\/champagner\/le-brun-de-neuville-cote-blanche\/#primaryimage","url":"https:\/\/foufou-champagne.com\/wp-content\/uploads\/2023\/05\/0011_Champagne-FouFou-Champagne-Boutique.png","contentUrl":"https:\/\/foufou-champagne.com\/wp-content\/uploads\/2023\/05\/0011_Champagne-FouFou-Champagne-Boutique.png","width":800,"height":1000,"caption":"Le Brun de Neuville - C\u00f4te Blanche Brut"},{"@type":"BreadcrumbList","@id":"https:\/\/foufou-champagne.com\/de\/champagner\/le-brun-de-neuville-cote-blanche\/#breadcrumb","itemListElement":[{"@type":"ListItem","position":1,"name":"Startseite","item":"https:\/\/foufou-champagne.com\/de\/"},{"@type":"ListItem","position":2,"name":"Shop","item":"https:\/\/foufou-champagne.com\/de\/shop\/"},{"@type":"ListItem","position":3,"name":"Le Brun de Neuville C\u00f4te Blanche"}]},{"@type":"WebSite","@id":"https:\/\/foufou-champagne.com\/de\/#website","url":"https:\/\/foufou-champagne.com\/de\/","name":"foufou-champagne.com","description":"CHAMPAGNE BOUTIQUE","potentialAction":[{"@type":"SearchAction","target":{"@type":"EntryPoint","urlTemplate":"https:\/\/foufou-champagne.com\/de\/?s={search_term_string}"},"query-input":{"@type":"PropertyValueSpecification","valueRequired":true,"valueName":"search_term_string"}}],"inLanguage":"de"}]}},"_links":{"self":[{"href":"https:\/\/foufou-champagne.com\/de\/wp-json\/wp\/v2\/product\/12971","targetHints":{"allow":["GET"]}}],"collection":[{"href":"https:\/\/foufou-champagne.com\/de\/wp-json\/wp\/v2\/product"}],"about":[{"href":"https:\/\/foufou-champagne.com\/de\/wp-json\/wp\/v2\/types\/product"}],"replies":[{"embeddable":true,"href":"https:\/\/foufou-champagne.com\/de\/wp-json\/wp\/v2\/comments?post=12971"}],"wp:featuredmedia":[{"embeddable":true,"href":"https:\/\/foufou-champagne.com\/de\/wp-json\/wp\/v2\/media\/12976"}],"wp:attachment":[{"href":"https:\/\/foufou-champagne.com\/de\/wp-json\/wp\/v2\/media?parent=12971"}],"wp:term":[{"taxonomy":"product_brand","embeddable":true,"href":"https:\/\/foufou-champagne.com\/de\/wp-json\/wp\/v2\/product_brand?post=12971"},{"taxonomy":"product_cat","embeddable":true,"href":"https:\/\/foufou-champagne.com\/de\/wp-json\/wp\/v2\/product_cat?post=12971"},{"taxonomy":"product_tag","embeddable":true,"href":"https:\/\/foufou-champagne.com\/de\/wp-json\/wp\/v2\/product_tag?post=12971"}],"curies":[{"name":"wp","href":"https:\/\/api.w.org\/{rel}","templated":true}]}}