{"id":13409,"date":"2023-08-16T16:59:17","date_gmt":"2023-08-16T14:59:17","guid":{"rendered":"https:\/\/foufou-champagne.com\/?post_type=product&#038;p=13409"},"modified":"2025-03-04T15:55:42","modified_gmt":"2025-03-04T14:55:42","slug":"taittinger-brut-rose","status":"publish","type":"product","link":"https:\/\/foufou-champagne.com\/de\/champagner\/taittinger-brut-rose\/","title":{"rendered":"Taittinger Brut Ros\u00e9"},"content":{"rendered":"<h4>Der Champagner<\/h4>\n<p>Ein lebhaftes Pink, das sofort ins Auge sticht \u2013 das ist der Taittinger Prestige Ros\u00e9. Dieser charakteristische Ton verdankt er dem Pinot Noir aus Montagne de Reims und Les Riceys, welcher ganze 50 % der Cuv\u00e9e ausmacht. Dabei stammen 15 % von rot gekelterten Trauben, was diesen Champagner besonders delikat macht. Doch nicht nur die Farbe, auch der intensive Geschmack und die fruchtige Note nach roten Beeren werden vom Pinot Noir bestimmt. Der Zusatz von 30 % Chardonnay und 20 % Pinot Meunier rundet die Mischung ab und bringt die typische Eleganz, f\u00fcr die Taittinger bekannt ist.<\/p>\n<ul>\n<li>Im Glas mit stechendem Pink und feinem Perlenspiel<\/li>\n<li>In der Nase Erdbeere, Himmbeere und ein Touch Brioche<\/li>\n<li>Am Gaumen seidig und vollmundig, fruchtig mit langem Nachhall<\/li>\n<\/ul>\n<h4>passt zu<\/h4>\n<ul>\n<li>Super Aperitif<\/li>\n<li>Passt auch super zu Fruchtdesserts<\/li>\n<\/ul>\n<h4>Das Champagnerhaus Taittinger<\/h4>\n<div class=\"row row--collapse align-left\">\n<div class=\"col col-sm-12 col-xlg-12\">\n<div class=\"cmsPlainText\">\n<div class=\"row\">\n<div class=\"col col-sm-12\">\n<div class=\"cmsPlainText__content\">\n<div class=\"cmsPlainText__split cmsPlainText__split--1\">\n<p>Das traditionsbewusste Champagnerhaus \u201eTaittinger\u201c aus Reims ist die Heimat des Brut R\u00e9serve. Die zum Haus geh\u00f6renden 260 Hektar Weinberge in den besten Lagen der Champagne mit einem Volumen von 6,5 Millionen Flaschen pro Jahr machen es zum sechstgr\u00f6\u00dften Haus der Champagne. Die hohe Zahl an eigenen Reben sichern Taittinger eine gleichm\u00e4\u00dfige Versorgung mit erstklassigem Champagner, der auf der ganzen Welt f\u00fcr seine Finesse und Leichtigkeit bekannt ist.<\/p>\n<\/div>\n<\/div>\n<\/div>\n<\/div>\n<\/div>\n<\/div>\n<\/div>\n","protected":false},"excerpt":{"rendered":"<p>Ein bestechendes Pink, das sofort ins Auge sticht. Perfekt als Aperitif oder zu Fruchtdesserts.<\/p>\n","protected":false},"featured_media":13864,"comment_status":"open","ping_status":"closed","template":"","meta":{"_acf_changed":false,"_editorskit_title_hidden":false,"_editorskit_reading_time":0,"_editorskit_is_block_options_detached":false,"_editorskit_block_options_position":"{}","_coblocks_attr":"","_coblocks_dimensions":"","_coblocks_responsive_height":"","_coblocks_accordion_ie_support":""},"product_brand":[],"product_cat":[15,512,458],"product_tag":[213,483,91],"class_list":{"0":"post-13409","1":"product","2":"type-product","3":"status-publish","4":"has-post-thumbnail","6":"product_cat-champagner","7":"product_cat-rose-champagner","8":"product_cat-taittinger-champagner","9":"product_tag-brut","10":"product_tag-rose","11":"product_tag-rose-champagner","12":"product_shipping_class-standard","13":"pa_kategorie-rose-champagner","15":"first","16":"instock","17":"taxable","18":"shipping-taxable","19":"purchasable","20":"product-type-composite"},"composite_virtual":false,"composite_layout":"single","composite_add_to_cart_form_location":"default","composite_editable_in_cart":false,"composite_sold_individually_context":"product","composite_shop_price_calc":"defaults","composite_components":[{"id":"1686187228","title":"Geschenkverpackung (optional)","description":"","query_type":"product_ids","query_ids":[13154],"default_option_id":"","thumbnail_id":"","thumbnail_src":"","quantity_min":1,"quantity_max":1,"priced_individually":true,"shipped_individually":false,"optional":true,"discount":"","options_style":"dropdowns","pagination_style":"classic","display_prices":"absolute","show_sorting_options":false,"show_filtering_options":false,"attribute_filter_ids":[],"select_action":"view","product_title_visible":false,"product_descr_visible":true,"product_price_visible":true,"product_thumb_visible":true,"subtotal_visible_product":false,"subtotal_visible_cart":false,"subtotal_visible_orders":false,"product_addons_visible":true},{"id":"1686187229","title":"Gru\u00dfkarte mit Mini-Bouquet (optional)","description":"","query_type":"category_ids","query_ids":[635],"default_option_id":"","thumbnail_id":"","thumbnail_src":"","quantity_min":1,"quantity_max":1,"priced_individually":true,"shipped_individually":false,"optional":true,"discount":"","options_style":"dropdowns","pagination_style":"classic","display_prices":"absolute","show_sorting_options":false,"show_filtering_options":false,"attribute_filter_ids":[],"select_action":"view","product_title_visible":false,"product_descr_visible":true,"product_price_visible":true,"product_thumb_visible":true,"subtotal_visible_product":false,"subtotal_visible_cart":false,"subtotal_visible_orders":false,"product_addons_visible":true}],"composite_scenarios":[],"exclude_global_add_ons":[],"addons":[],"acf":[],"yoast_head":"<!-- This site is optimized with the Yoast SEO plugin v26.8 - https:\/\/yoast.com\/product\/yoast-seo-wordpress\/ -->\n<title>Taittinger Brut Ros\u00e9 kaufen | FOUFOU CHAMPAGNE BOUTIQUE<\/title>\n<meta name=\"description\" content=\"Dieser Ros\u00e9 Champagner von Taittinger besticht durch seine sehr besondere pinke Farbe, ein echter Hingucker! Perfekt als Aperitif oder zu Fruchtdesserts. \u2665 Hier mehr.\" \/>\n<meta name=\"robots\" content=\"index, follow, max-snippet:-1, max-image-preview:large, max-video-preview:-1\" \/>\n<link rel=\"canonical\" href=\"https:\/\/foufou-champagne.com\/de\/champagner\/taittinger-brut-rose\/\" \/>\n<meta property=\"og:locale\" content=\"de_DE\" \/>\n<meta property=\"og:type\" content=\"article\" \/>\n<meta property=\"og:title\" content=\"Taittinger Brut Ros\u00e9 kaufen | FOUFOU CHAMPAGNE BOUTIQUE\" \/>\n<meta property=\"og:description\" content=\"Dieser Ros\u00e9 Champagner von Taittinger besticht durch seine sehr besondere pinke Farbe, ein echter Hingucker! Perfekt als Aperitif oder zu Fruchtdesserts. \u2665 Hier mehr.\" \/>\n<meta property=\"og:url\" content=\"https:\/\/foufou-champagne.com\/de\/champagner\/taittinger-brut-rose\/\" \/>\n<meta property=\"og:site_name\" content=\"foufou-champagne.com\" \/>\n<meta property=\"article:modified_time\" content=\"2025-03-04T14:55:42+00:00\" \/>\n<meta property=\"og:image\" content=\"https:\/\/foufou-champagne.com\/wp-content\/uploads\/2023\/08\/Taittinger-Rose-Champagner-FOUFOU-CHAMPAGNE-1.png\" \/>\n\t<meta property=\"og:image:width\" content=\"800\" \/>\n\t<meta property=\"og:image:height\" content=\"1000\" \/>\n\t<meta property=\"og:image:type\" content=\"image\/png\" \/>\n<meta name=\"twitter:card\" content=\"summary_large_image\" \/>\n<meta name=\"twitter:label1\" content=\"Gesch\u00e4tzte Lesezeit\" \/>\n\t<meta name=\"twitter:data1\" content=\"2\u00a0Minuten\" \/>\n<script type=\"application\/ld+json\" class=\"yoast-schema-graph\">{\"@context\":\"https:\/\/schema.org\",\"@graph\":[{\"@type\":\"WebPage\",\"@id\":\"https:\/\/foufou-champagne.com\/de\/champagner\/taittinger-brut-rose\/\",\"url\":\"https:\/\/foufou-champagne.com\/de\/champagner\/taittinger-brut-rose\/\",\"name\":\"Taittinger Brut Ros\u00e9 kaufen | FOUFOU CHAMPAGNE BOUTIQUE\",\"isPartOf\":{\"@id\":\"https:\/\/foufou-champagne.com\/de\/#website\"},\"primaryImageOfPage\":{\"@id\":\"https:\/\/foufou-champagne.com\/de\/champagner\/taittinger-brut-rose\/#primaryimage\"},\"image\":{\"@id\":\"https:\/\/foufou-champagne.com\/de\/champagner\/taittinger-brut-rose\/#primaryimage\"},\"thumbnailUrl\":\"https:\/\/foufou-champagne.com\/wp-content\/uploads\/2023\/08\/Taittinger-Rose-Champagner-FOUFOU-CHAMPAGNE-1.png\",\"datePublished\":\"2023-08-16T14:59:17+00:00\",\"dateModified\":\"2025-03-04T14:55:42+00:00\",\"description\":\"Dieser Ros\u00e9 Champagner von Taittinger besticht durch seine sehr besondere pinke Farbe, ein echter Hingucker! Perfekt als Aperitif oder zu Fruchtdesserts. \u2665 Hier mehr.\",\"breadcrumb\":{\"@id\":\"https:\/\/foufou-champagne.com\/de\/champagner\/taittinger-brut-rose\/#breadcrumb\"},\"inLanguage\":\"de\",\"potentialAction\":[{\"@type\":\"ReadAction\",\"target\":[\"https:\/\/foufou-champagne.com\/de\/champagner\/taittinger-brut-rose\/\"]}]},{\"@type\":\"ImageObject\",\"inLanguage\":\"de\",\"@id\":\"https:\/\/foufou-champagne.com\/de\/champagner\/taittinger-brut-rose\/#primaryimage\",\"url\":\"https:\/\/foufou-champagne.com\/wp-content\/uploads\/2023\/08\/Taittinger-Rose-Champagner-FOUFOU-CHAMPAGNE-1.png\",\"contentUrl\":\"https:\/\/foufou-champagne.com\/wp-content\/uploads\/2023\/08\/Taittinger-Rose-Champagner-FOUFOU-CHAMPAGNE-1.png\",\"width\":800,\"height\":1000},{\"@type\":\"BreadcrumbList\",\"@id\":\"https:\/\/foufou-champagne.com\/de\/champagner\/taittinger-brut-rose\/#breadcrumb\",\"itemListElement\":[{\"@type\":\"ListItem\",\"position\":1,\"name\":\"Startseite\",\"item\":\"https:\/\/foufou-champagne.com\/de\/\"},{\"@type\":\"ListItem\",\"position\":2,\"name\":\"Shop\",\"item\":\"https:\/\/foufou-champagne.com\/de\/shop\/\"},{\"@type\":\"ListItem\",\"position\":3,\"name\":\"Taittinger Brut Ros\u00e9\"}]},{\"@type\":\"WebSite\",\"@id\":\"https:\/\/foufou-champagne.com\/de\/#website\",\"url\":\"https:\/\/foufou-champagne.com\/de\/\",\"name\":\"foufou-champagne.com\",\"description\":\"CHAMPAGNE BOUTIQUE\",\"potentialAction\":[{\"@type\":\"SearchAction\",\"target\":{\"@type\":\"EntryPoint\",\"urlTemplate\":\"https:\/\/foufou-champagne.com\/de\/?s={search_term_string}\"},\"query-input\":{\"@type\":\"PropertyValueSpecification\",\"valueRequired\":true,\"valueName\":\"search_term_string\"}}],\"inLanguage\":\"de\"}]}<\/script>\n<!-- \/ Yoast SEO plugin. -->","yoast_head_json":{"title":"Taittinger Brut Ros\u00e9 kaufen | FOUFOU CHAMPAGNE BOUTIQUE","description":"Dieser Ros\u00e9 Champagner von Taittinger besticht durch seine sehr besondere pinke Farbe, ein echter Hingucker! Perfekt als Aperitif oder zu Fruchtdesserts. \u2665 Hier mehr.","robots":{"index":"index","follow":"follow","max-snippet":"max-snippet:-1","max-image-preview":"max-image-preview:large","max-video-preview":"max-video-preview:-1"},"canonical":"https:\/\/foufou-champagne.com\/de\/champagner\/taittinger-brut-rose\/","og_locale":"de_DE","og_type":"article","og_title":"Taittinger Brut Ros\u00e9 kaufen | FOUFOU CHAMPAGNE BOUTIQUE","og_description":"Dieser Ros\u00e9 Champagner von Taittinger besticht durch seine sehr besondere pinke Farbe, ein echter Hingucker! Perfekt als Aperitif oder zu Fruchtdesserts. \u2665 Hier mehr.","og_url":"https:\/\/foufou-champagne.com\/de\/champagner\/taittinger-brut-rose\/","og_site_name":"foufou-champagne.com","article_modified_time":"2025-03-04T14:55:42+00:00","og_image":[{"width":800,"height":1000,"url":"https:\/\/foufou-champagne.com\/wp-content\/uploads\/2023\/08\/Taittinger-Rose-Champagner-FOUFOU-CHAMPAGNE-1.png","type":"image\/png"}],"twitter_card":"summary_large_image","twitter_misc":{"Gesch\u00e4tzte Lesezeit":"2\u00a0Minuten"},"schema":{"@context":"https:\/\/schema.org","@graph":[{"@type":"WebPage","@id":"https:\/\/foufou-champagne.com\/de\/champagner\/taittinger-brut-rose\/","url":"https:\/\/foufou-champagne.com\/de\/champagner\/taittinger-brut-rose\/","name":"Taittinger Brut Ros\u00e9 kaufen | FOUFOU CHAMPAGNE BOUTIQUE","isPartOf":{"@id":"https:\/\/foufou-champagne.com\/de\/#website"},"primaryImageOfPage":{"@id":"https:\/\/foufou-champagne.com\/de\/champagner\/taittinger-brut-rose\/#primaryimage"},"image":{"@id":"https:\/\/foufou-champagne.com\/de\/champagner\/taittinger-brut-rose\/#primaryimage"},"thumbnailUrl":"https:\/\/foufou-champagne.com\/wp-content\/uploads\/2023\/08\/Taittinger-Rose-Champagner-FOUFOU-CHAMPAGNE-1.png","datePublished":"2023-08-16T14:59:17+00:00","dateModified":"2025-03-04T14:55:42+00:00","description":"Dieser Ros\u00e9 Champagner von Taittinger besticht durch seine sehr besondere pinke Farbe, ein echter Hingucker! Perfekt als Aperitif oder zu Fruchtdesserts. \u2665 Hier mehr.","breadcrumb":{"@id":"https:\/\/foufou-champagne.com\/de\/champagner\/taittinger-brut-rose\/#breadcrumb"},"inLanguage":"de","potentialAction":[{"@type":"ReadAction","target":["https:\/\/foufou-champagne.com\/de\/champagner\/taittinger-brut-rose\/"]}]},{"@type":"ImageObject","inLanguage":"de","@id":"https:\/\/foufou-champagne.com\/de\/champagner\/taittinger-brut-rose\/#primaryimage","url":"https:\/\/foufou-champagne.com\/wp-content\/uploads\/2023\/08\/Taittinger-Rose-Champagner-FOUFOU-CHAMPAGNE-1.png","contentUrl":"https:\/\/foufou-champagne.com\/wp-content\/uploads\/2023\/08\/Taittinger-Rose-Champagner-FOUFOU-CHAMPAGNE-1.png","width":800,"height":1000},{"@type":"BreadcrumbList","@id":"https:\/\/foufou-champagne.com\/de\/champagner\/taittinger-brut-rose\/#breadcrumb","itemListElement":[{"@type":"ListItem","position":1,"name":"Startseite","item":"https:\/\/foufou-champagne.com\/de\/"},{"@type":"ListItem","position":2,"name":"Shop","item":"https:\/\/foufou-champagne.com\/de\/shop\/"},{"@type":"ListItem","position":3,"name":"Taittinger Brut Ros\u00e9"}]},{"@type":"WebSite","@id":"https:\/\/foufou-champagne.com\/de\/#website","url":"https:\/\/foufou-champagne.com\/de\/","name":"foufou-champagne.com","description":"CHAMPAGNE BOUTIQUE","potentialAction":[{"@type":"SearchAction","target":{"@type":"EntryPoint","urlTemplate":"https:\/\/foufou-champagne.com\/de\/?s={search_term_string}"},"query-input":{"@type":"PropertyValueSpecification","valueRequired":true,"valueName":"search_term_string"}}],"inLanguage":"de"}]}},"_links":{"self":[{"href":"https:\/\/foufou-champagne.com\/de\/wp-json\/wp\/v2\/product\/13409","targetHints":{"allow":["GET"]}}],"collection":[{"href":"https:\/\/foufou-champagne.com\/de\/wp-json\/wp\/v2\/product"}],"about":[{"href":"https:\/\/foufou-champagne.com\/de\/wp-json\/wp\/v2\/types\/product"}],"replies":[{"embeddable":true,"href":"https:\/\/foufou-champagne.com\/de\/wp-json\/wp\/v2\/comments?post=13409"}],"wp:featuredmedia":[{"embeddable":true,"href":"https:\/\/foufou-champagne.com\/de\/wp-json\/wp\/v2\/media\/13864"}],"wp:attachment":[{"href":"https:\/\/foufou-champagne.com\/de\/wp-json\/wp\/v2\/media?parent=13409"}],"wp:term":[{"taxonomy":"product_brand","embeddable":true,"href":"https:\/\/foufou-champagne.com\/de\/wp-json\/wp\/v2\/product_brand?post=13409"},{"taxonomy":"product_cat","embeddable":true,"href":"https:\/\/foufou-champagne.com\/de\/wp-json\/wp\/v2\/product_cat?post=13409"},{"taxonomy":"product_tag","embeddable":true,"href":"https:\/\/foufou-champagne.com\/de\/wp-json\/wp\/v2\/product_tag?post=13409"}],"curies":[{"name":"wp","href":"https:\/\/api.w.org\/{rel}","templated":true}]}}