{"id":13567,"date":"2024-08-27T11:33:14","date_gmt":"2024-08-27T09:33:14","guid":{"rendered":"https:\/\/foufou-champagne.com\/?post_type=product&#038;p=13567"},"modified":"2026-03-02T12:35:28","modified_gmt":"2026-03-02T11:35:28","slug":"de-saint-gall-orpale-blanc-de-blancs-grand-cru-2012","status":"publish","type":"product","link":"https:\/\/foufou-champagne.com\/de\/champagner\/de-saint-gall-orpale-blanc-de-blancs-grand-cru-2012\/","title":{"rendered":"De Saint Gall Orpale Blanc de Blancs Grand Cru 2012"},"content":{"rendered":"<h4>Der Champagner<\/h4>\n<p>Der Jahrgangschampagner Orpale von Champagne De Saint-Gall steht als Meisterwerk des Hauses. Er verk\u00f6rpert die Quintessenz der Cuv\u00e9e-Kunst, sorgf\u00e4ltig ausgew\u00e4hlt und mit einer speziellen Methode kreiert. Ein Teil der Trauben dieses Blanc de Blancs unterliegt nicht der malolaktischen G\u00e4rung, eine Entscheidung, die die mineralische Frische und die feinsten Eigenschaften der C\u00f4te des Blancs hervorhebt.<\/p>\n<p>Ein raffinierter Champagner mit komplexem Bukett und verf\u00fchrerischem Gaumen, mit unglaublich langem Abgang. Ein absolutes Muss und perfekt f\u00fcr besondere Anl\u00e4sse.<\/p>\n<p>&nbsp;<\/p>\n<h4>passt zu<\/h4>\n<p>Am besten genie\u00dft man ihn pur als Aperitif oder zu Fisch, Gefl\u00fcgel oder wei\u00dfem Fleisch.<\/p>\n<h4>Das Champagnerhaus De Saint Gall<\/h4>\n<p>De Saint-Gall, die Marke der in 1966 gegr\u00fcndeten Union Champagne, pr\u00e4sentiert sich als ein Juwel der Champagnerherstellung. Diese Genossenschaft, bekannt als einer der gr\u00f6\u00dften Weinbergsbesitzer an der C\u00f4te des Blancs, zeichnet sich durch ihren Besitz an erstklassigen und hochgesch\u00e4tzten Chardonnay-Rebfl\u00e4chen aus.\u00a0Der wahre Schatz von De Saint-Gall liegt im Terroir: Ihre Trauben, haupts\u00e4chlich Chardonnay und Pinot Noir, stammen aus einigen der prestigetr\u00e4chtigsten D\u00f6rfer der Champagne und sind ausschlie\u00dflich in den Kategorien Grand Cru und Premier Cru klassifiziert. Die Weinberge erstrecken sich von der C\u00f4te des Blancs \u00fcber die Montagne de Reims bis hin zum Marnetal, was De Saint-Gall eine einzigartige Palette an Aromen und Charakteristiken beschert.<\/p>\n","protected":false},"excerpt":{"rendered":"<p>Ein toller Blanc de Blancs aus dem ph\u00e4nomenalen Jahrgang 2012.<\/p>\n","protected":false},"featured_media":14423,"comment_status":"open","ping_status":"closed","template":"","meta":{"_acf_changed":false,"_editorskit_title_hidden":false,"_editorskit_reading_time":0,"_editorskit_is_block_options_detached":false,"_editorskit_block_options_position":"{}","_coblocks_attr":"","_coblocks_dimensions":"","_coblocks_responsive_height":"","_coblocks_accordion_ie_support":""},"product_brand":[],"product_cat":[15,163,657,141],"product_tag":[502,142],"class_list":{"0":"post-13567","1":"product","2":"type-product","3":"status-publish","4":"has-post-thumbnail","6":"product_cat-champagner","7":"product_cat-blanc-de-blancs","8":"product_cat-de-saint-gall","9":"product_cat-jahrgangschampagner","10":"product_tag-blanc-de-blancs","11":"product_tag-vintage-champagner","12":"product_shipping_class-standard","13":"pa_kategorie-blanc-de-blancs-en","14":"pa_kategorie-vintage-champagner","16":"first","17":"instock","18":"taxable","19":"shipping-taxable","20":"purchasable","21":"product-type-composite"},"composite_virtual":false,"composite_layout":"single","composite_add_to_cart_form_location":"default","composite_editable_in_cart":false,"composite_sold_individually_context":"product","composite_shop_price_calc":"defaults","composite_components":[{"id":"1686187228","title":"Geschenkverpackung (optional)","description":"","query_type":"product_ids","query_ids":[13154],"default_option_id":"","thumbnail_id":"","thumbnail_src":"","quantity_min":1,"quantity_max":1,"priced_individually":true,"shipped_individually":false,"optional":true,"discount":"","options_style":"dropdowns","pagination_style":"classic","display_prices":"absolute","show_sorting_options":false,"show_filtering_options":false,"attribute_filter_ids":[],"select_action":"view","product_title_visible":false,"product_descr_visible":true,"product_price_visible":true,"product_thumb_visible":true,"subtotal_visible_product":false,"subtotal_visible_cart":false,"subtotal_visible_orders":false,"product_addons_visible":true},{"id":"1686187229","title":"Gru\u00dfkarte mit Mini-Bouquet (optional)","description":"","query_type":"category_ids","query_ids":[635],"default_option_id":"","thumbnail_id":"","thumbnail_src":"","quantity_min":1,"quantity_max":1,"priced_individually":true,"shipped_individually":false,"optional":true,"discount":"","options_style":"dropdowns","pagination_style":"classic","display_prices":"absolute","show_sorting_options":false,"show_filtering_options":false,"attribute_filter_ids":[],"select_action":"view","product_title_visible":false,"product_descr_visible":true,"product_price_visible":true,"product_thumb_visible":true,"subtotal_visible_product":false,"subtotal_visible_cart":false,"subtotal_visible_orders":false,"product_addons_visible":true}],"composite_scenarios":[],"exclude_global_add_ons":[],"addons":[],"acf":[],"yoast_head":"<!-- This site is optimized with the Yoast SEO plugin v26.8 - https:\/\/yoast.com\/product\/yoast-seo-wordpress\/ -->\n<title>De Saint Gall Orpale Blanc de Blancs Grand Cru 2012 kaufen | FOUFOU CHAMPAGNE BOUTIQUE<\/title>\n<meta name=\"description\" content=\"Ein toller Blanc de Blancs aus dem unglaublichen Jahrgang 2012 verpackt in einer wundersch\u00f6nen Flasche \u2665 Hier mehr.\" \/>\n<meta name=\"robots\" content=\"index, follow, max-snippet:-1, max-image-preview:large, max-video-preview:-1\" \/>\n<link rel=\"canonical\" href=\"https:\/\/foufou-champagne.com\/de\/champagner\/de-saint-gall-orpale-blanc-de-blancs-grand-cru-2012\/\" \/>\n<meta property=\"og:locale\" content=\"de_DE\" \/>\n<meta property=\"og:type\" content=\"article\" \/>\n<meta property=\"og:title\" content=\"De Saint Gall Orpale Blanc de Blancs Grand Cru 2012 kaufen | FOUFOU CHAMPAGNE BOUTIQUE\" \/>\n<meta property=\"og:description\" content=\"Ein toller Blanc de Blancs aus dem unglaublichen Jahrgang 2012 verpackt in einer wundersch\u00f6nen Flasche \u2665 Hier mehr.\" \/>\n<meta property=\"og:url\" content=\"https:\/\/foufou-champagne.com\/de\/champagner\/de-saint-gall-orpale-blanc-de-blancs-grand-cru-2012\/\" \/>\n<meta property=\"og:site_name\" content=\"foufou-champagne.com\" \/>\n<meta property=\"article:modified_time\" content=\"2026-03-02T11:35:28+00:00\" \/>\n<meta property=\"og:image\" content=\"https:\/\/foufou-champagne.com\/wp-content\/uploads\/2023\/11\/De-Saint-Gall-Orpale-Champagner-FOUFOU-CHAMPAGNE-1.png\" \/>\n\t<meta property=\"og:image:width\" content=\"800\" \/>\n\t<meta property=\"og:image:height\" content=\"1000\" \/>\n\t<meta property=\"og:image:type\" content=\"image\/png\" \/>\n<meta name=\"twitter:card\" content=\"summary_large_image\" \/>\n<meta name=\"twitter:label1\" content=\"Gesch\u00e4tzte Lesezeit\" \/>\n\t<meta name=\"twitter:data1\" content=\"2\u00a0Minuten\" \/>\n<script type=\"application\/ld+json\" class=\"yoast-schema-graph\">{\"@context\":\"https:\/\/schema.org\",\"@graph\":[{\"@type\":\"WebPage\",\"@id\":\"https:\/\/foufou-champagne.com\/de\/champagner\/de-saint-gall-orpale-blanc-de-blancs-grand-cru-2012\/\",\"url\":\"https:\/\/foufou-champagne.com\/de\/champagner\/de-saint-gall-orpale-blanc-de-blancs-grand-cru-2012\/\",\"name\":\"De Saint Gall Orpale Blanc de Blancs Grand Cru 2012 kaufen | FOUFOU CHAMPAGNE BOUTIQUE\",\"isPartOf\":{\"@id\":\"https:\/\/foufou-champagne.com\/de\/#website\"},\"primaryImageOfPage\":{\"@id\":\"https:\/\/foufou-champagne.com\/de\/champagner\/de-saint-gall-orpale-blanc-de-blancs-grand-cru-2012\/#primaryimage\"},\"image\":{\"@id\":\"https:\/\/foufou-champagne.com\/de\/champagner\/de-saint-gall-orpale-blanc-de-blancs-grand-cru-2012\/#primaryimage\"},\"thumbnailUrl\":\"https:\/\/foufou-champagne.com\/wp-content\/uploads\/2023\/11\/De-Saint-Gall-Orpale-Champagner-FOUFOU-CHAMPAGNE-1.png\",\"datePublished\":\"2024-08-27T09:33:14+00:00\",\"dateModified\":\"2026-03-02T11:35:28+00:00\",\"description\":\"Ein toller Blanc de Blancs aus dem unglaublichen Jahrgang 2012 verpackt in einer wundersch\u00f6nen Flasche \u2665 Hier mehr.\",\"breadcrumb\":{\"@id\":\"https:\/\/foufou-champagne.com\/de\/champagner\/de-saint-gall-orpale-blanc-de-blancs-grand-cru-2012\/#breadcrumb\"},\"inLanguage\":\"de\",\"potentialAction\":[{\"@type\":\"ReadAction\",\"target\":[\"https:\/\/foufou-champagne.com\/de\/champagner\/de-saint-gall-orpale-blanc-de-blancs-grand-cru-2012\/\"]}]},{\"@type\":\"ImageObject\",\"inLanguage\":\"de\",\"@id\":\"https:\/\/foufou-champagne.com\/de\/champagner\/de-saint-gall-orpale-blanc-de-blancs-grand-cru-2012\/#primaryimage\",\"url\":\"https:\/\/foufou-champagne.com\/wp-content\/uploads\/2023\/11\/De-Saint-Gall-Orpale-Champagner-FOUFOU-CHAMPAGNE-1.png\",\"contentUrl\":\"https:\/\/foufou-champagne.com\/wp-content\/uploads\/2023\/11\/De-Saint-Gall-Orpale-Champagner-FOUFOU-CHAMPAGNE-1.png\",\"width\":800,\"height\":1000},{\"@type\":\"BreadcrumbList\",\"@id\":\"https:\/\/foufou-champagne.com\/de\/champagner\/de-saint-gall-orpale-blanc-de-blancs-grand-cru-2012\/#breadcrumb\",\"itemListElement\":[{\"@type\":\"ListItem\",\"position\":1,\"name\":\"Startseite\",\"item\":\"https:\/\/foufou-champagne.com\/de\/\"},{\"@type\":\"ListItem\",\"position\":2,\"name\":\"Shop\",\"item\":\"https:\/\/foufou-champagne.com\/de\/shop\/\"},{\"@type\":\"ListItem\",\"position\":3,\"name\":\"De Saint Gall Orpale Blanc de Blancs Grand Cru 2012\"}]},{\"@type\":\"WebSite\",\"@id\":\"https:\/\/foufou-champagne.com\/de\/#website\",\"url\":\"https:\/\/foufou-champagne.com\/de\/\",\"name\":\"foufou-champagne.com\",\"description\":\"CHAMPAGNE BOUTIQUE\",\"potentialAction\":[{\"@type\":\"SearchAction\",\"target\":{\"@type\":\"EntryPoint\",\"urlTemplate\":\"https:\/\/foufou-champagne.com\/de\/?s={search_term_string}\"},\"query-input\":{\"@type\":\"PropertyValueSpecification\",\"valueRequired\":true,\"valueName\":\"search_term_string\"}}],\"inLanguage\":\"de\"}]}<\/script>\n<!-- \/ Yoast SEO plugin. -->","yoast_head_json":{"title":"De Saint Gall Orpale Blanc de Blancs Grand Cru 2012 kaufen | FOUFOU CHAMPAGNE BOUTIQUE","description":"Ein toller Blanc de Blancs aus dem unglaublichen Jahrgang 2012 verpackt in einer wundersch\u00f6nen Flasche \u2665 Hier mehr.","robots":{"index":"index","follow":"follow","max-snippet":"max-snippet:-1","max-image-preview":"max-image-preview:large","max-video-preview":"max-video-preview:-1"},"canonical":"https:\/\/foufou-champagne.com\/de\/champagner\/de-saint-gall-orpale-blanc-de-blancs-grand-cru-2012\/","og_locale":"de_DE","og_type":"article","og_title":"De Saint Gall Orpale Blanc de Blancs Grand Cru 2012 kaufen | FOUFOU CHAMPAGNE BOUTIQUE","og_description":"Ein toller Blanc de Blancs aus dem unglaublichen Jahrgang 2012 verpackt in einer wundersch\u00f6nen Flasche \u2665 Hier mehr.","og_url":"https:\/\/foufou-champagne.com\/de\/champagner\/de-saint-gall-orpale-blanc-de-blancs-grand-cru-2012\/","og_site_name":"foufou-champagne.com","article_modified_time":"2026-03-02T11:35:28+00:00","og_image":[{"width":800,"height":1000,"url":"https:\/\/foufou-champagne.com\/wp-content\/uploads\/2023\/11\/De-Saint-Gall-Orpale-Champagner-FOUFOU-CHAMPAGNE-1.png","type":"image\/png"}],"twitter_card":"summary_large_image","twitter_misc":{"Gesch\u00e4tzte Lesezeit":"2\u00a0Minuten"},"schema":{"@context":"https:\/\/schema.org","@graph":[{"@type":"WebPage","@id":"https:\/\/foufou-champagne.com\/de\/champagner\/de-saint-gall-orpale-blanc-de-blancs-grand-cru-2012\/","url":"https:\/\/foufou-champagne.com\/de\/champagner\/de-saint-gall-orpale-blanc-de-blancs-grand-cru-2012\/","name":"De Saint Gall Orpale Blanc de Blancs Grand Cru 2012 kaufen | FOUFOU CHAMPAGNE BOUTIQUE","isPartOf":{"@id":"https:\/\/foufou-champagne.com\/de\/#website"},"primaryImageOfPage":{"@id":"https:\/\/foufou-champagne.com\/de\/champagner\/de-saint-gall-orpale-blanc-de-blancs-grand-cru-2012\/#primaryimage"},"image":{"@id":"https:\/\/foufou-champagne.com\/de\/champagner\/de-saint-gall-orpale-blanc-de-blancs-grand-cru-2012\/#primaryimage"},"thumbnailUrl":"https:\/\/foufou-champagne.com\/wp-content\/uploads\/2023\/11\/De-Saint-Gall-Orpale-Champagner-FOUFOU-CHAMPAGNE-1.png","datePublished":"2024-08-27T09:33:14+00:00","dateModified":"2026-03-02T11:35:28+00:00","description":"Ein toller Blanc de Blancs aus dem unglaublichen Jahrgang 2012 verpackt in einer wundersch\u00f6nen Flasche \u2665 Hier mehr.","breadcrumb":{"@id":"https:\/\/foufou-champagne.com\/de\/champagner\/de-saint-gall-orpale-blanc-de-blancs-grand-cru-2012\/#breadcrumb"},"inLanguage":"de","potentialAction":[{"@type":"ReadAction","target":["https:\/\/foufou-champagne.com\/de\/champagner\/de-saint-gall-orpale-blanc-de-blancs-grand-cru-2012\/"]}]},{"@type":"ImageObject","inLanguage":"de","@id":"https:\/\/foufou-champagne.com\/de\/champagner\/de-saint-gall-orpale-blanc-de-blancs-grand-cru-2012\/#primaryimage","url":"https:\/\/foufou-champagne.com\/wp-content\/uploads\/2023\/11\/De-Saint-Gall-Orpale-Champagner-FOUFOU-CHAMPAGNE-1.png","contentUrl":"https:\/\/foufou-champagne.com\/wp-content\/uploads\/2023\/11\/De-Saint-Gall-Orpale-Champagner-FOUFOU-CHAMPAGNE-1.png","width":800,"height":1000},{"@type":"BreadcrumbList","@id":"https:\/\/foufou-champagne.com\/de\/champagner\/de-saint-gall-orpale-blanc-de-blancs-grand-cru-2012\/#breadcrumb","itemListElement":[{"@type":"ListItem","position":1,"name":"Startseite","item":"https:\/\/foufou-champagne.com\/de\/"},{"@type":"ListItem","position":2,"name":"Shop","item":"https:\/\/foufou-champagne.com\/de\/shop\/"},{"@type":"ListItem","position":3,"name":"De Saint Gall Orpale Blanc de Blancs Grand Cru 2012"}]},{"@type":"WebSite","@id":"https:\/\/foufou-champagne.com\/de\/#website","url":"https:\/\/foufou-champagne.com\/de\/","name":"foufou-champagne.com","description":"CHAMPAGNE BOUTIQUE","potentialAction":[{"@type":"SearchAction","target":{"@type":"EntryPoint","urlTemplate":"https:\/\/foufou-champagne.com\/de\/?s={search_term_string}"},"query-input":{"@type":"PropertyValueSpecification","valueRequired":true,"valueName":"search_term_string"}}],"inLanguage":"de"}]}},"_links":{"self":[{"href":"https:\/\/foufou-champagne.com\/de\/wp-json\/wp\/v2\/product\/13567","targetHints":{"allow":["GET"]}}],"collection":[{"href":"https:\/\/foufou-champagne.com\/de\/wp-json\/wp\/v2\/product"}],"about":[{"href":"https:\/\/foufou-champagne.com\/de\/wp-json\/wp\/v2\/types\/product"}],"replies":[{"embeddable":true,"href":"https:\/\/foufou-champagne.com\/de\/wp-json\/wp\/v2\/comments?post=13567"}],"wp:featuredmedia":[{"embeddable":true,"href":"https:\/\/foufou-champagne.com\/de\/wp-json\/wp\/v2\/media\/14423"}],"wp:attachment":[{"href":"https:\/\/foufou-champagne.com\/de\/wp-json\/wp\/v2\/media?parent=13567"}],"wp:term":[{"taxonomy":"product_brand","embeddable":true,"href":"https:\/\/foufou-champagne.com\/de\/wp-json\/wp\/v2\/product_brand?post=13567"},{"taxonomy":"product_cat","embeddable":true,"href":"https:\/\/foufou-champagne.com\/de\/wp-json\/wp\/v2\/product_cat?post=13567"},{"taxonomy":"product_tag","embeddable":true,"href":"https:\/\/foufou-champagne.com\/de\/wp-json\/wp\/v2\/product_tag?post=13567"}],"curies":[{"name":"wp","href":"https:\/\/api.w.org\/{rel}","templated":true}]}}