{"id":13582,"date":"2023-09-14T15:48:00","date_gmt":"2023-09-14T13:48:00","guid":{"rendered":"https:\/\/foufou-champagne.com\/?post_type=product&#038;p=13582"},"modified":"2025-10-04T13:31:46","modified_gmt":"2025-10-04T11:31:46","slug":"benoit-marguet-ambonnay-grand-cru-rose-2017","status":"publish","type":"product","link":"https:\/\/foufou-champagne.com\/de\/champagner\/benoit-marguet-ambonnay-grand-cru-rose-2017\/","title":{"rendered":"Benoit Marguet Ambonnay Ros\u00e9 Grand Cru 2017"},"content":{"rendered":"<h4>Der Champagner<\/h4>\n<div class=\"product--description\">\n<h4>Tasting Note<\/h4>\n<\/div>\n<h4>Passt zu<\/h4>\n<h4>Das Champagnerhaus Marguet<\/h4>\n<div class=\"row row--collapse align-left\">\n<div class=\"col col-sm-12 col-xlg-12\">\n<div class=\"cmsPlainText\">\n<div class=\"row\">\n<div class=\"col col-sm-12\">\n<div class=\"cmsPlainText__content\">\n<div class=\"cmsPlainText__split cmsPlainText__split--1\">\n<p>Das kleine Champagnerhaus <a href=\"https:\/\/foufou-champagne.com\/de\/produkt-kategorie\/marguet-champagner\/\">Marguet<\/a> liegt in der s\u00fcdlichen Montagne de Reims und wird durch Benoit Marguet bereits in der f\u00fcnften Generation gef\u00fchrt. Das bringt den Winzer in die tolle Lage, mit Reben arbeiten zu k\u00f6nnen, die im Schnitt 38 Jahre alt sind. Benoit Marguet ist der festen \u00dcberzeugung, dass ein ehrlicher und geradliniger Champagner nur durch einen biologischen Anbau entstehen kann. Seine Weinberge werden noch mit Pferden gepfl\u00fcgt und alle Champagner werden in Holz ausgebaut.<br \/>\nSeit 2006 arbeitet Marguet mit Herv\u00e9 Jestin zusammen, dem ehemaligen Kellermeister von Duval-Leroy. Jestin ber\u00e4t viele Champagnerh\u00e4user, von ihm hat Benoit Marguet viel zu biodynamischem Weinbau gelernt.<\/p>\n<p>Die Marguet Champagner sind fruchtbetonte, elegante aber auch kraftvolle Champagner. Meist ohne Dosage und mit w\u00fcrziger und manchmal rauchiger Note. Daher eignen sie sich \u00fcbrigens auch hervorragend als Essensbegleiter.<\/p>\n<\/div>\n<\/div>\n<\/div>\n<\/div>\n<\/div>\n<\/div>\n<\/div>\n","protected":false},"excerpt":{"rendered":"<p>Ambonnay Grand Cru 2017 ist ebenso zug\u00e4nglich wie komplex. Ein toller, charakterstarker Bio-Champagner aus dem warmen und sonnigen Jahrgang 2017.<\/p>\n","protected":false},"featured_media":13366,"comment_status":"open","ping_status":"closed","template":"","meta":{"_acf_changed":false,"_editorskit_title_hidden":false,"_editorskit_reading_time":0,"_editorskit_is_block_options_detached":false,"_editorskit_block_options_position":"{}","_coblocks_attr":"","_coblocks_dimensions":"","_coblocks_responsive_height":"","_coblocks_accordion_ie_support":""},"product_brand":[],"product_cat":[15,66,141,426,154],"product_tag":[160,175,483,91,161,169],"class_list":{"0":"post-13582","1":"product","2":"type-product","3":"status-publish","4":"has-post-thumbnail","6":"product_cat-champagner","7":"product_cat-bio-champagner","8":"product_cat-jahrgangschampagner","9":"product_cat-marguet-champagner","10":"product_cat-winzerchampagner","11":"product_tag-demeter-zertifiziert","12":"product_tag-guter-essensbegleiter","13":"product_tag-rose","14":"product_tag-rose-champagner","15":"product_tag-vegetarische-gerichte","16":"product_tag-zero-dosage","17":"product_shipping_class-standard","18":"pa_kategorie-bio-champagner","19":"pa_kategorie-rose-champagner","20":"pa_kategorie-vintage-champagner","21":"pa_kategorie-winzer-champagner","23":"first","24":"outofstock","25":"taxable","26":"shipping-taxable","27":"purchasable","28":"product-type-composite"},"composite_virtual":false,"composite_layout":"single","composite_add_to_cart_form_location":"default","composite_editable_in_cart":false,"composite_sold_individually_context":"product","composite_shop_price_calc":"defaults","composite_components":[{"id":"1686180417","title":"Geschenkverpackung (optional)","description":"","query_type":"product_ids","query_ids":[13154],"default_option_id":"","thumbnail_id":"","thumbnail_src":"","quantity_min":1,"quantity_max":1,"priced_individually":true,"shipped_individually":false,"optional":true,"discount":"","options_style":"dropdowns","pagination_style":"classic","display_prices":"absolute","show_sorting_options":false,"show_filtering_options":false,"attribute_filter_ids":[],"select_action":"view","product_title_visible":false,"product_descr_visible":true,"product_price_visible":true,"product_thumb_visible":true,"subtotal_visible_product":false,"subtotal_visible_cart":false,"subtotal_visible_orders":false,"product_addons_visible":true},{"id":"1686180418","title":"Gru\u00dfkarte mit Mini-Bouquet (optional)","description":"","query_type":"category_ids","query_ids":[635],"default_option_id":"","thumbnail_id":"","thumbnail_src":"","quantity_min":1,"quantity_max":1,"priced_individually":true,"shipped_individually":false,"optional":true,"discount":"","options_style":"dropdowns","pagination_style":"classic","display_prices":"absolute","show_sorting_options":false,"show_filtering_options":false,"attribute_filter_ids":[],"select_action":"view","product_title_visible":false,"product_descr_visible":true,"product_price_visible":true,"product_thumb_visible":true,"subtotal_visible_product":false,"subtotal_visible_cart":false,"subtotal_visible_orders":false,"product_addons_visible":true}],"composite_scenarios":[],"exclude_global_add_ons":[],"addons":[],"acf":[],"yoast_head":"<!-- This site is optimized with the Yoast SEO plugin v26.8 - https:\/\/yoast.com\/product\/yoast-seo-wordpress\/ -->\n<title>Marguet Ambonnay Ros\u00e9 Grand Cru 2017 kaufen | FOUFOU CHAMPAGNE<\/title>\n<meta name=\"description\" content=\"Ambonnay Ros\u00e9 Grand Cru 2017 ist ebenso zug\u00e4nglich wie komplex. Ein toller, charakterstarker Bio-Champagner aus dem warmen und sonnigen Jahrgang 2017.\" \/>\n<meta name=\"robots\" content=\"index, follow, max-snippet:-1, max-image-preview:large, max-video-preview:-1\" \/>\n<link rel=\"canonical\" href=\"https:\/\/foufou-champagne.com\/de\/champagner\/benoit-marguet-ambonnay-grand-cru-rose-2017\/\" \/>\n<meta property=\"og:locale\" content=\"de_DE\" \/>\n<meta property=\"og:type\" content=\"article\" \/>\n<meta property=\"og:title\" content=\"Marguet Ambonnay Ros\u00e9 Grand Cru 2017 kaufen | FOUFOU CHAMPAGNE\" \/>\n<meta property=\"og:description\" content=\"Ambonnay Ros\u00e9 Grand Cru 2017 ist ebenso zug\u00e4nglich wie komplex. Ein toller, charakterstarker Bio-Champagner aus dem warmen und sonnigen Jahrgang 2017.\" \/>\n<meta property=\"og:url\" content=\"https:\/\/foufou-champagne.com\/de\/champagner\/benoit-marguet-ambonnay-grand-cru-rose-2017\/\" \/>\n<meta property=\"og:site_name\" content=\"foufou-champagne.com\" \/>\n<meta property=\"article:modified_time\" content=\"2025-10-04T11:31:46+00:00\" \/>\n<meta property=\"og:image\" content=\"https:\/\/foufou-champagne.com\/wp-content\/uploads\/2023\/08\/Champagne-Marguet-Ambonnay-Grand-Cru-2017-Rose-FouFou-Champagne-Boutique.png\" \/>\n\t<meta property=\"og:image:width\" content=\"800\" \/>\n\t<meta property=\"og:image:height\" content=\"1000\" \/>\n\t<meta property=\"og:image:type\" content=\"image\/png\" \/>\n<meta name=\"twitter:card\" content=\"summary_large_image\" \/>\n<meta name=\"twitter:label1\" content=\"Gesch\u00e4tzte Lesezeit\" \/>\n\t<meta name=\"twitter:data1\" content=\"1\u00a0Minute\" \/>\n<script type=\"application\/ld+json\" class=\"yoast-schema-graph\">{\"@context\":\"https:\/\/schema.org\",\"@graph\":[{\"@type\":\"WebPage\",\"@id\":\"https:\/\/foufou-champagne.com\/de\/champagner\/benoit-marguet-ambonnay-grand-cru-rose-2017\/\",\"url\":\"https:\/\/foufou-champagne.com\/de\/champagner\/benoit-marguet-ambonnay-grand-cru-rose-2017\/\",\"name\":\"Marguet Ambonnay Ros\u00e9 Grand Cru 2017 kaufen | FOUFOU CHAMPAGNE\",\"isPartOf\":{\"@id\":\"https:\/\/foufou-champagne.com\/de\/#website\"},\"primaryImageOfPage\":{\"@id\":\"https:\/\/foufou-champagne.com\/de\/champagner\/benoit-marguet-ambonnay-grand-cru-rose-2017\/#primaryimage\"},\"image\":{\"@id\":\"https:\/\/foufou-champagne.com\/de\/champagner\/benoit-marguet-ambonnay-grand-cru-rose-2017\/#primaryimage\"},\"thumbnailUrl\":\"https:\/\/foufou-champagne.com\/wp-content\/uploads\/2023\/08\/Champagne-Marguet-Ambonnay-Grand-Cru-2017-Rose-FouFou-Champagne-Boutique.png\",\"datePublished\":\"2023-09-14T13:48:00+00:00\",\"dateModified\":\"2025-10-04T11:31:46+00:00\",\"description\":\"Ambonnay Ros\u00e9 Grand Cru 2017 ist ebenso zug\u00e4nglich wie komplex. Ein toller, charakterstarker Bio-Champagner aus dem warmen und sonnigen Jahrgang 2017.\",\"breadcrumb\":{\"@id\":\"https:\/\/foufou-champagne.com\/de\/champagner\/benoit-marguet-ambonnay-grand-cru-rose-2017\/#breadcrumb\"},\"inLanguage\":\"de\",\"potentialAction\":[{\"@type\":\"ReadAction\",\"target\":[\"https:\/\/foufou-champagne.com\/de\/champagner\/benoit-marguet-ambonnay-grand-cru-rose-2017\/\"]}]},{\"@type\":\"ImageObject\",\"inLanguage\":\"de\",\"@id\":\"https:\/\/foufou-champagne.com\/de\/champagner\/benoit-marguet-ambonnay-grand-cru-rose-2017\/#primaryimage\",\"url\":\"https:\/\/foufou-champagne.com\/wp-content\/uploads\/2023\/08\/Champagne-Marguet-Ambonnay-Grand-Cru-2017-Rose-FouFou-Champagne-Boutique.png\",\"contentUrl\":\"https:\/\/foufou-champagne.com\/wp-content\/uploads\/2023\/08\/Champagne-Marguet-Ambonnay-Grand-Cru-2017-Rose-FouFou-Champagne-Boutique.png\",\"width\":800,\"height\":1000},{\"@type\":\"BreadcrumbList\",\"@id\":\"https:\/\/foufou-champagne.com\/de\/champagner\/benoit-marguet-ambonnay-grand-cru-rose-2017\/#breadcrumb\",\"itemListElement\":[{\"@type\":\"ListItem\",\"position\":1,\"name\":\"Startseite\",\"item\":\"https:\/\/foufou-champagne.com\/de\/\"},{\"@type\":\"ListItem\",\"position\":2,\"name\":\"Shop\",\"item\":\"https:\/\/foufou-champagne.com\/de\/shop\/\"},{\"@type\":\"ListItem\",\"position\":3,\"name\":\"Benoit Marguet Ambonnay Ros\u00e9 Grand Cru 2017\"}]},{\"@type\":\"WebSite\",\"@id\":\"https:\/\/foufou-champagne.com\/de\/#website\",\"url\":\"https:\/\/foufou-champagne.com\/de\/\",\"name\":\"foufou-champagne.com\",\"description\":\"CHAMPAGNE BOUTIQUE\",\"potentialAction\":[{\"@type\":\"SearchAction\",\"target\":{\"@type\":\"EntryPoint\",\"urlTemplate\":\"https:\/\/foufou-champagne.com\/de\/?s={search_term_string}\"},\"query-input\":{\"@type\":\"PropertyValueSpecification\",\"valueRequired\":true,\"valueName\":\"search_term_string\"}}],\"inLanguage\":\"de\"}]}<\/script>\n<!-- \/ Yoast SEO plugin. -->","yoast_head_json":{"title":"Marguet Ambonnay Ros\u00e9 Grand Cru 2017 kaufen | FOUFOU CHAMPAGNE","description":"Ambonnay Ros\u00e9 Grand Cru 2017 ist ebenso zug\u00e4nglich wie komplex. Ein toller, charakterstarker Bio-Champagner aus dem warmen und sonnigen Jahrgang 2017.","robots":{"index":"index","follow":"follow","max-snippet":"max-snippet:-1","max-image-preview":"max-image-preview:large","max-video-preview":"max-video-preview:-1"},"canonical":"https:\/\/foufou-champagne.com\/de\/champagner\/benoit-marguet-ambonnay-grand-cru-rose-2017\/","og_locale":"de_DE","og_type":"article","og_title":"Marguet Ambonnay Ros\u00e9 Grand Cru 2017 kaufen | FOUFOU CHAMPAGNE","og_description":"Ambonnay Ros\u00e9 Grand Cru 2017 ist ebenso zug\u00e4nglich wie komplex. Ein toller, charakterstarker Bio-Champagner aus dem warmen und sonnigen Jahrgang 2017.","og_url":"https:\/\/foufou-champagne.com\/de\/champagner\/benoit-marguet-ambonnay-grand-cru-rose-2017\/","og_site_name":"foufou-champagne.com","article_modified_time":"2025-10-04T11:31:46+00:00","og_image":[{"width":800,"height":1000,"url":"https:\/\/foufou-champagne.com\/wp-content\/uploads\/2023\/08\/Champagne-Marguet-Ambonnay-Grand-Cru-2017-Rose-FouFou-Champagne-Boutique.png","type":"image\/png"}],"twitter_card":"summary_large_image","twitter_misc":{"Gesch\u00e4tzte Lesezeit":"1\u00a0Minute"},"schema":{"@context":"https:\/\/schema.org","@graph":[{"@type":"WebPage","@id":"https:\/\/foufou-champagne.com\/de\/champagner\/benoit-marguet-ambonnay-grand-cru-rose-2017\/","url":"https:\/\/foufou-champagne.com\/de\/champagner\/benoit-marguet-ambonnay-grand-cru-rose-2017\/","name":"Marguet Ambonnay Ros\u00e9 Grand Cru 2017 kaufen | FOUFOU CHAMPAGNE","isPartOf":{"@id":"https:\/\/foufou-champagne.com\/de\/#website"},"primaryImageOfPage":{"@id":"https:\/\/foufou-champagne.com\/de\/champagner\/benoit-marguet-ambonnay-grand-cru-rose-2017\/#primaryimage"},"image":{"@id":"https:\/\/foufou-champagne.com\/de\/champagner\/benoit-marguet-ambonnay-grand-cru-rose-2017\/#primaryimage"},"thumbnailUrl":"https:\/\/foufou-champagne.com\/wp-content\/uploads\/2023\/08\/Champagne-Marguet-Ambonnay-Grand-Cru-2017-Rose-FouFou-Champagne-Boutique.png","datePublished":"2023-09-14T13:48:00+00:00","dateModified":"2025-10-04T11:31:46+00:00","description":"Ambonnay Ros\u00e9 Grand Cru 2017 ist ebenso zug\u00e4nglich wie komplex. Ein toller, charakterstarker Bio-Champagner aus dem warmen und sonnigen Jahrgang 2017.","breadcrumb":{"@id":"https:\/\/foufou-champagne.com\/de\/champagner\/benoit-marguet-ambonnay-grand-cru-rose-2017\/#breadcrumb"},"inLanguage":"de","potentialAction":[{"@type":"ReadAction","target":["https:\/\/foufou-champagne.com\/de\/champagner\/benoit-marguet-ambonnay-grand-cru-rose-2017\/"]}]},{"@type":"ImageObject","inLanguage":"de","@id":"https:\/\/foufou-champagne.com\/de\/champagner\/benoit-marguet-ambonnay-grand-cru-rose-2017\/#primaryimage","url":"https:\/\/foufou-champagne.com\/wp-content\/uploads\/2023\/08\/Champagne-Marguet-Ambonnay-Grand-Cru-2017-Rose-FouFou-Champagne-Boutique.png","contentUrl":"https:\/\/foufou-champagne.com\/wp-content\/uploads\/2023\/08\/Champagne-Marguet-Ambonnay-Grand-Cru-2017-Rose-FouFou-Champagne-Boutique.png","width":800,"height":1000},{"@type":"BreadcrumbList","@id":"https:\/\/foufou-champagne.com\/de\/champagner\/benoit-marguet-ambonnay-grand-cru-rose-2017\/#breadcrumb","itemListElement":[{"@type":"ListItem","position":1,"name":"Startseite","item":"https:\/\/foufou-champagne.com\/de\/"},{"@type":"ListItem","position":2,"name":"Shop","item":"https:\/\/foufou-champagne.com\/de\/shop\/"},{"@type":"ListItem","position":3,"name":"Benoit Marguet Ambonnay Ros\u00e9 Grand Cru 2017"}]},{"@type":"WebSite","@id":"https:\/\/foufou-champagne.com\/de\/#website","url":"https:\/\/foufou-champagne.com\/de\/","name":"foufou-champagne.com","description":"CHAMPAGNE BOUTIQUE","potentialAction":[{"@type":"SearchAction","target":{"@type":"EntryPoint","urlTemplate":"https:\/\/foufou-champagne.com\/de\/?s={search_term_string}"},"query-input":{"@type":"PropertyValueSpecification","valueRequired":true,"valueName":"search_term_string"}}],"inLanguage":"de"}]}},"_links":{"self":[{"href":"https:\/\/foufou-champagne.com\/de\/wp-json\/wp\/v2\/product\/13582","targetHints":{"allow":["GET"]}}],"collection":[{"href":"https:\/\/foufou-champagne.com\/de\/wp-json\/wp\/v2\/product"}],"about":[{"href":"https:\/\/foufou-champagne.com\/de\/wp-json\/wp\/v2\/types\/product"}],"replies":[{"embeddable":true,"href":"https:\/\/foufou-champagne.com\/de\/wp-json\/wp\/v2\/comments?post=13582"}],"wp:featuredmedia":[{"embeddable":true,"href":"https:\/\/foufou-champagne.com\/de\/wp-json\/wp\/v2\/media\/13366"}],"wp:attachment":[{"href":"https:\/\/foufou-champagne.com\/de\/wp-json\/wp\/v2\/media?parent=13582"}],"wp:term":[{"taxonomy":"product_brand","embeddable":true,"href":"https:\/\/foufou-champagne.com\/de\/wp-json\/wp\/v2\/product_brand?post=13582"},{"taxonomy":"product_cat","embeddable":true,"href":"https:\/\/foufou-champagne.com\/de\/wp-json\/wp\/v2\/product_cat?post=13582"},{"taxonomy":"product_tag","embeddable":true,"href":"https:\/\/foufou-champagne.com\/de\/wp-json\/wp\/v2\/product_tag?post=13582"}],"curies":[{"name":"wp","href":"https:\/\/api.w.org\/{rel}","templated":true}]}}