{"id":13687,"date":"2023-10-23T15:01:41","date_gmt":"2023-10-23T13:01:41","guid":{"rendered":"https:\/\/foufou-champagne.com\/?post_type=product&#038;p=13687"},"modified":"2025-08-06T19:01:54","modified_gmt":"2025-08-06T17:01:54","slug":"louis-roederer-brut-rose-2016","status":"publish","type":"product","link":"https:\/\/foufou-champagne.com\/de\/champagner\/louis-roederer-brut-rose-2016\/","title":{"rendered":"Louis Roederer Brut Ros\u00e9 2016"},"content":{"rendered":"<h4>Der Champagner<\/h4>\n<p><a href=\"\/produkt-kategorie\/Louis-Roederer-champagner\/\">Louis Roederer<\/a> pr\u00e4sentiert seine Ros\u00e9-Champagner ausschlie\u00dflich in Jahrgangsform. Dieser besondere Jahrgangschampagner aus dem Jahr 2016 ist ein cremiger, dabei jedoch hervorragend strukturierter Cuv\u00e9e aus 62% Pinot Noir und 38% Chardonnay, wobei 21% dieser Weine in Eichenf\u00e4ssern reiften.<\/p>\n<p>Das Jahr 2016 war wettertechnisch eine Achterbahnfahrt: Der Fr\u00fchling lie\u00df lange auf sich warten und war von frischen Temperaturen und reichlich Regen gepr\u00e4gt, was den Winzer:innen einige Sorgen bereitete. Der Sommer hingegen pr\u00e4sentierte sich von einer extrem trockenen und hei\u00dfen Seite. Er gipfelte in einer intensiven Hitzewelle Ende August. Dieser pl\u00f6tzliche Wetterumschwung hatte jedoch auch seine Vorteile, denn zur Zeit der Weinlese herrschte trockenes und sonniges Wetter.<\/p>\n<p>F\u00fcr die Pinot Noir-Trauben aus dem S\u00fcden von Cumi\u00e8res war das hei\u00dfe und trockene Klima besonders vorteilhaft. Sie konnten einen sehr fruchtigen und intensiven Geschmack sowie eine samtweiche Textur ausbilden. Die Chardonnay-Trauben aus dem Norden von Chouilly sind ebenfalls sehr gut gereift und pr\u00e4sentieren sich in diesem Jahrgang besonders klassisch, fein strukturiert und mit einer salinen Note.<\/p>\n<p>Der Cuv\u00e9e pr\u00e4sentiert sich als ein cremiger, gleichzeitig aber gut strukturierter Champagner. Sein Bouquet wird von fruchtigen Aromen dominiert, begleitet von einer kreidigen, mineralischen Frische, die ihm Spitzigkeit und Harmonie verleiht.<\/p>\n<p>&nbsp;<\/p>\n<p><strong><a href=\"https:\/\/www.falstaff.com\/de\/weine\/2016-louis-roederer-champagne-rose-vintage-brut\">Fallstaff<\/a> zeichnete diesen Roederer Brut Ros\u00e9 Jahrgang 2016 mit 93 Punkten aus.\u00a0<\/strong><\/p>\n<h4>Tasting Note<\/h4>\n<ul>\n<li>Im Glas lachrosa Rosa mit goldenen Reflexen, sanft t\u00e4nzelnde Perlage.<\/li>\n<li>In der Nase frische und fruchtige Aromen von roten Fr\u00fcchten. Nach etwas Luftkontakt kann man auch feine Cassisnoten und etwas Pfeffer erschnuppern.<\/li>\n<li>Im Mund erkennt man die reife, fruchtige Note des Pinot Noris aus dem S\u00fcden von Cumi\u00e8res und die s\u00e4uerlichen Zitrusnoten des Chardonnays aus dem Norden von Chouilly.<\/li>\n<\/ul>\n<h4>Passt zu<\/h4>\n<ul>\n<li>Idealer Aperitif.<\/li>\n<li>Passt super zu leichten vegetarischen Gerichten.<\/li>\n<li>Super Begleiter zu Lachs oder Jakobsmuscheln.<\/li>\n<\/ul>\n<div id=\"tradepress-content\" class=\"clearfix collapse in\" aria-expanded=\"true\"><\/div>\n<div class=\"row row--collapse align-left\">\n<div class=\"col col-sm-12 col-xlg-12\">\n<div class=\"cmsPlainText\">\n<div class=\"row\">\n<div class=\"col col-sm-12\">\n<div class=\"cmsPlainText__content\">\n<div class=\"cmsPlainText__split cmsPlainText__split--1\">\n<h4>Das Champagnerhaus <strong>Louis <\/strong>Roederer<\/h4>\n<p>Louis Roederer ist eines der letzten gro\u00dfen Champagnerh\u00e4user in Familienbesitz. Hier steht keine gro\u00dfe Marke im Hintergrund, alle Champagner werden noch unabh\u00e4ngig und in Familientradition hergestellt. Seit mehr als 200 Jahren ist das Haus in Reims ans\u00e4ssig. 1835 erbte Louis Roederer das Haus und begann sich insbesondere mit dem Anbau der Reben und dem Zukauf weiterer Lagen zu besch\u00e4ftigen, um unabh\u00e4ngig zu werden. Zu dieser Zeit lag der Fokus der H\u00e4user eher auf dem Ankauf der Trauben, doch Roederer bewies mit der selektiven Auswahl der Reben, dass der Boden und die Lage wichtige Faktoren sind und sich so ein besonders hochwertiger Champagner kreieren l\u00e4sst. Die Aussage Louis Roederers \u201eDas Geheimnis eines gro\u00dfen Champagners sind die B\u00f6den\u201c gilt weiterhin als Maxime des Hauses. Roederer ist auch heute noch f\u00fcr seine hohe Qualit\u00e4t und seinen einzigartigen Stil, Geschmack und Charakter bekannt. Mit Fr\u00e9d\u00e9ric Rouzaud an der Spitze wird das Unternehmen nun schon in siebter Generation gef\u00fchrt und verf\u00fcgt \u00fcber 240 Hektar Reben, ausschlie\u00dflich in Grand Cru und Premier Cru Lagen an der Marne.<\/p>\n<\/div>\n<\/div>\n<\/div>\n<\/div>\n<\/div>\n<\/div>\n<\/div>\n","protected":false},"excerpt":{"rendered":"<p>Hochgenuss in zartem Rosa! Geballte Frucht trifft auf spielerische S\u00e4ure und macht daraus einen unverwechselbaren Ros\u00e9 Jahrgangschampagner mit der f\u00fcr Roederer bekannten Reife und Frische.<\/p>\n","protected":false},"featured_media":13872,"comment_status":"open","ping_status":"closed","template":"","meta":{"_acf_changed":false,"_editorskit_title_hidden":false,"_editorskit_reading_time":0,"_editorskit_is_block_options_detached":false,"_editorskit_block_options_position":"{}","_coblocks_attr":"","_coblocks_dimensions":"","_coblocks_responsive_height":"","_coblocks_accordion_ie_support":""},"product_brand":[],"product_cat":[15,141,454,512,154],"product_tag":[835,573,834,91],"class_list":{"0":"post-13687","1":"product","2":"type-product","3":"status-publish","4":"has-post-thumbnail","6":"product_cat-champagner","7":"product_cat-jahrgangschampagner","8":"product_cat-louis-roederer-champagner","9":"product_cat-rose-champagner","10":"product_cat-winzerchampagner","11":"product_tag-835","12":"product_tag-geschenkbox","13":"product_tag-jahrgang-2016","14":"product_tag-rose-champagner","15":"product_shipping_class-standard","16":"pa_kategorie-rose-champagner","17":"pa_kategorie-vintage-champagner","19":"first","20":"instock","21":"taxable","22":"shipping-taxable","23":"purchasable","24":"product-type-composite"},"composite_virtual":false,"composite_layout":"single","composite_add_to_cart_form_location":"default","composite_editable_in_cart":false,"composite_sold_individually_context":"product","composite_shop_price_calc":"defaults","composite_components":[{"id":"1686166438","title":"Geschenkverpackung (optional)","description":"","query_type":"product_ids","query_ids":[13154],"default_option_id":"","thumbnail_id":"","thumbnail_src":"","quantity_min":1,"quantity_max":1,"priced_individually":true,"shipped_individually":false,"optional":true,"discount":"","options_style":"dropdowns","pagination_style":"classic","display_prices":"absolute","show_sorting_options":false,"show_filtering_options":false,"attribute_filter_ids":[],"select_action":"view","product_title_visible":false,"product_descr_visible":true,"product_price_visible":true,"product_thumb_visible":true,"subtotal_visible_product":false,"subtotal_visible_cart":false,"subtotal_visible_orders":false,"product_addons_visible":true},{"id":"1686166439","title":"Gru\u00dfkarte mit Mini-Bouquet (optional)","description":"","query_type":"category_ids","query_ids":[635],"default_option_id":"","thumbnail_id":"","thumbnail_src":"","quantity_min":1,"quantity_max":1,"priced_individually":true,"shipped_individually":false,"optional":true,"discount":"","options_style":"dropdowns","pagination_style":"classic","display_prices":"absolute","show_sorting_options":false,"show_filtering_options":false,"attribute_filter_ids":[],"select_action":"view","product_title_visible":false,"product_descr_visible":true,"product_price_visible":true,"product_thumb_visible":true,"subtotal_visible_product":false,"subtotal_visible_cart":false,"subtotal_visible_orders":false,"product_addons_visible":true}],"composite_scenarios":[],"exclude_global_add_ons":[],"addons":[],"acf":[],"yoast_head":"<!-- This site is optimized with the Yoast SEO plugin v26.8 - https:\/\/yoast.com\/product\/yoast-seo-wordpress\/ -->\n<title>Louis Roederer Brut Ros\u00e9 2016 kaufen | FOUFOU CHAMPAGNE BOUTIQUE<\/title>\n<meta name=\"description\" content=\"Geballte Frucht trifft auf spielerische S\u00e4ure und macht daraus einen unverwechselbaren Ros\u00e9 Jahrgangschampagner 2016.\u00a0\u2713sofort lieferbar \u2665 Deine Champagner Boutique im Web\" \/>\n<meta name=\"robots\" content=\"index, follow, max-snippet:-1, max-image-preview:large, max-video-preview:-1\" \/>\n<link rel=\"canonical\" href=\"https:\/\/foufou-champagne.com\/de\/champagner\/louis-roederer-brut-rose-2016\/\" \/>\n<meta property=\"og:locale\" content=\"de_DE\" \/>\n<meta property=\"og:type\" content=\"article\" \/>\n<meta property=\"og:title\" content=\"Louis Roederer Brut Ros\u00e9 2016 kaufen | FOUFOU CHAMPAGNE BOUTIQUE\" \/>\n<meta property=\"og:description\" content=\"Geballte Frucht trifft auf spielerische S\u00e4ure und macht daraus einen unverwechselbaren Ros\u00e9 Jahrgangschampagner 2016.\u00a0\u2713sofort lieferbar \u2665 Deine Champagner Boutique im Web\" \/>\n<meta property=\"og:url\" content=\"https:\/\/foufou-champagne.com\/de\/champagner\/louis-roederer-brut-rose-2016\/\" \/>\n<meta property=\"og:site_name\" content=\"foufou-champagne.com\" \/>\n<meta property=\"article:modified_time\" content=\"2025-08-06T17:01:54+00:00\" \/>\n<meta property=\"og:image\" content=\"https:\/\/foufou-champagne.com\/wp-content\/uploads\/2023\/10\/Louis-Roederer-Rose-Champagner-FOUFOU-CHAMPAGNE.png\" \/>\n\t<meta property=\"og:image:width\" content=\"800\" \/>\n\t<meta property=\"og:image:height\" content=\"1000\" \/>\n\t<meta property=\"og:image:type\" content=\"image\/png\" \/>\n<meta name=\"twitter:card\" content=\"summary_large_image\" \/>\n<meta name=\"twitter:label1\" content=\"Gesch\u00e4tzte Lesezeit\" \/>\n\t<meta name=\"twitter:data1\" content=\"3\u00a0Minuten\" \/>\n<script type=\"application\/ld+json\" class=\"yoast-schema-graph\">{\"@context\":\"https:\/\/schema.org\",\"@graph\":[{\"@type\":\"WebPage\",\"@id\":\"https:\/\/foufou-champagne.com\/de\/champagner\/louis-roederer-brut-rose-2016\/\",\"url\":\"https:\/\/foufou-champagne.com\/de\/champagner\/louis-roederer-brut-rose-2016\/\",\"name\":\"Louis Roederer Brut Ros\u00e9 2016 kaufen | FOUFOU CHAMPAGNE BOUTIQUE\",\"isPartOf\":{\"@id\":\"https:\/\/foufou-champagne.com\/de\/#website\"},\"primaryImageOfPage\":{\"@id\":\"https:\/\/foufou-champagne.com\/de\/champagner\/louis-roederer-brut-rose-2016\/#primaryimage\"},\"image\":{\"@id\":\"https:\/\/foufou-champagne.com\/de\/champagner\/louis-roederer-brut-rose-2016\/#primaryimage\"},\"thumbnailUrl\":\"https:\/\/foufou-champagne.com\/wp-content\/uploads\/2023\/10\/Louis-Roederer-Rose-Champagner-FOUFOU-CHAMPAGNE.png\",\"datePublished\":\"2023-10-23T13:01:41+00:00\",\"dateModified\":\"2025-08-06T17:01:54+00:00\",\"description\":\"Geballte Frucht trifft auf spielerische S\u00e4ure und macht daraus einen unverwechselbaren Ros\u00e9 Jahrgangschampagner 2016.\u00a0\u2713sofort lieferbar \u2665 Deine Champagner Boutique im Web\",\"breadcrumb\":{\"@id\":\"https:\/\/foufou-champagne.com\/de\/champagner\/louis-roederer-brut-rose-2016\/#breadcrumb\"},\"inLanguage\":\"de\",\"potentialAction\":[{\"@type\":\"ReadAction\",\"target\":[\"https:\/\/foufou-champagne.com\/de\/champagner\/louis-roederer-brut-rose-2016\/\"]}]},{\"@type\":\"ImageObject\",\"inLanguage\":\"de\",\"@id\":\"https:\/\/foufou-champagne.com\/de\/champagner\/louis-roederer-brut-rose-2016\/#primaryimage\",\"url\":\"https:\/\/foufou-champagne.com\/wp-content\/uploads\/2023\/10\/Louis-Roederer-Rose-Champagner-FOUFOU-CHAMPAGNE.png\",\"contentUrl\":\"https:\/\/foufou-champagne.com\/wp-content\/uploads\/2023\/10\/Louis-Roederer-Rose-Champagner-FOUFOU-CHAMPAGNE.png\",\"width\":800,\"height\":1000},{\"@type\":\"BreadcrumbList\",\"@id\":\"https:\/\/foufou-champagne.com\/de\/champagner\/louis-roederer-brut-rose-2016\/#breadcrumb\",\"itemListElement\":[{\"@type\":\"ListItem\",\"position\":1,\"name\":\"Startseite\",\"item\":\"https:\/\/foufou-champagne.com\/de\/\"},{\"@type\":\"ListItem\",\"position\":2,\"name\":\"Shop\",\"item\":\"https:\/\/foufou-champagne.com\/de\/shop\/\"},{\"@type\":\"ListItem\",\"position\":3,\"name\":\"Louis Roederer Brut Ros\u00e9 2016\"}]},{\"@type\":\"WebSite\",\"@id\":\"https:\/\/foufou-champagne.com\/de\/#website\",\"url\":\"https:\/\/foufou-champagne.com\/de\/\",\"name\":\"foufou-champagne.com\",\"description\":\"CHAMPAGNE BOUTIQUE\",\"potentialAction\":[{\"@type\":\"SearchAction\",\"target\":{\"@type\":\"EntryPoint\",\"urlTemplate\":\"https:\/\/foufou-champagne.com\/de\/?s={search_term_string}\"},\"query-input\":{\"@type\":\"PropertyValueSpecification\",\"valueRequired\":true,\"valueName\":\"search_term_string\"}}],\"inLanguage\":\"de\"}]}<\/script>\n<!-- \/ Yoast SEO plugin. -->","yoast_head_json":{"title":"Louis Roederer Brut Ros\u00e9 2016 kaufen | FOUFOU CHAMPAGNE BOUTIQUE","description":"Geballte Frucht trifft auf spielerische S\u00e4ure und macht daraus einen unverwechselbaren Ros\u00e9 Jahrgangschampagner 2016.\u00a0\u2713sofort lieferbar \u2665 Deine Champagner Boutique im Web","robots":{"index":"index","follow":"follow","max-snippet":"max-snippet:-1","max-image-preview":"max-image-preview:large","max-video-preview":"max-video-preview:-1"},"canonical":"https:\/\/foufou-champagne.com\/de\/champagner\/louis-roederer-brut-rose-2016\/","og_locale":"de_DE","og_type":"article","og_title":"Louis Roederer Brut Ros\u00e9 2016 kaufen | FOUFOU CHAMPAGNE BOUTIQUE","og_description":"Geballte Frucht trifft auf spielerische S\u00e4ure und macht daraus einen unverwechselbaren Ros\u00e9 Jahrgangschampagner 2016.\u00a0\u2713sofort lieferbar \u2665 Deine Champagner Boutique im Web","og_url":"https:\/\/foufou-champagne.com\/de\/champagner\/louis-roederer-brut-rose-2016\/","og_site_name":"foufou-champagne.com","article_modified_time":"2025-08-06T17:01:54+00:00","og_image":[{"width":800,"height":1000,"url":"https:\/\/foufou-champagne.com\/wp-content\/uploads\/2023\/10\/Louis-Roederer-Rose-Champagner-FOUFOU-CHAMPAGNE.png","type":"image\/png"}],"twitter_card":"summary_large_image","twitter_misc":{"Gesch\u00e4tzte Lesezeit":"3\u00a0Minuten"},"schema":{"@context":"https:\/\/schema.org","@graph":[{"@type":"WebPage","@id":"https:\/\/foufou-champagne.com\/de\/champagner\/louis-roederer-brut-rose-2016\/","url":"https:\/\/foufou-champagne.com\/de\/champagner\/louis-roederer-brut-rose-2016\/","name":"Louis Roederer Brut Ros\u00e9 2016 kaufen | FOUFOU CHAMPAGNE BOUTIQUE","isPartOf":{"@id":"https:\/\/foufou-champagne.com\/de\/#website"},"primaryImageOfPage":{"@id":"https:\/\/foufou-champagne.com\/de\/champagner\/louis-roederer-brut-rose-2016\/#primaryimage"},"image":{"@id":"https:\/\/foufou-champagne.com\/de\/champagner\/louis-roederer-brut-rose-2016\/#primaryimage"},"thumbnailUrl":"https:\/\/foufou-champagne.com\/wp-content\/uploads\/2023\/10\/Louis-Roederer-Rose-Champagner-FOUFOU-CHAMPAGNE.png","datePublished":"2023-10-23T13:01:41+00:00","dateModified":"2025-08-06T17:01:54+00:00","description":"Geballte Frucht trifft auf spielerische S\u00e4ure und macht daraus einen unverwechselbaren Ros\u00e9 Jahrgangschampagner 2016.\u00a0\u2713sofort lieferbar \u2665 Deine Champagner Boutique im Web","breadcrumb":{"@id":"https:\/\/foufou-champagne.com\/de\/champagner\/louis-roederer-brut-rose-2016\/#breadcrumb"},"inLanguage":"de","potentialAction":[{"@type":"ReadAction","target":["https:\/\/foufou-champagne.com\/de\/champagner\/louis-roederer-brut-rose-2016\/"]}]},{"@type":"ImageObject","inLanguage":"de","@id":"https:\/\/foufou-champagne.com\/de\/champagner\/louis-roederer-brut-rose-2016\/#primaryimage","url":"https:\/\/foufou-champagne.com\/wp-content\/uploads\/2023\/10\/Louis-Roederer-Rose-Champagner-FOUFOU-CHAMPAGNE.png","contentUrl":"https:\/\/foufou-champagne.com\/wp-content\/uploads\/2023\/10\/Louis-Roederer-Rose-Champagner-FOUFOU-CHAMPAGNE.png","width":800,"height":1000},{"@type":"BreadcrumbList","@id":"https:\/\/foufou-champagne.com\/de\/champagner\/louis-roederer-brut-rose-2016\/#breadcrumb","itemListElement":[{"@type":"ListItem","position":1,"name":"Startseite","item":"https:\/\/foufou-champagne.com\/de\/"},{"@type":"ListItem","position":2,"name":"Shop","item":"https:\/\/foufou-champagne.com\/de\/shop\/"},{"@type":"ListItem","position":3,"name":"Louis Roederer Brut Ros\u00e9 2016"}]},{"@type":"WebSite","@id":"https:\/\/foufou-champagne.com\/de\/#website","url":"https:\/\/foufou-champagne.com\/de\/","name":"foufou-champagne.com","description":"CHAMPAGNE BOUTIQUE","potentialAction":[{"@type":"SearchAction","target":{"@type":"EntryPoint","urlTemplate":"https:\/\/foufou-champagne.com\/de\/?s={search_term_string}"},"query-input":{"@type":"PropertyValueSpecification","valueRequired":true,"valueName":"search_term_string"}}],"inLanguage":"de"}]}},"_links":{"self":[{"href":"https:\/\/foufou-champagne.com\/de\/wp-json\/wp\/v2\/product\/13687","targetHints":{"allow":["GET"]}}],"collection":[{"href":"https:\/\/foufou-champagne.com\/de\/wp-json\/wp\/v2\/product"}],"about":[{"href":"https:\/\/foufou-champagne.com\/de\/wp-json\/wp\/v2\/types\/product"}],"replies":[{"embeddable":true,"href":"https:\/\/foufou-champagne.com\/de\/wp-json\/wp\/v2\/comments?post=13687"}],"wp:featuredmedia":[{"embeddable":true,"href":"https:\/\/foufou-champagne.com\/de\/wp-json\/wp\/v2\/media\/13872"}],"wp:attachment":[{"href":"https:\/\/foufou-champagne.com\/de\/wp-json\/wp\/v2\/media?parent=13687"}],"wp:term":[{"taxonomy":"product_brand","embeddable":true,"href":"https:\/\/foufou-champagne.com\/de\/wp-json\/wp\/v2\/product_brand?post=13687"},{"taxonomy":"product_cat","embeddable":true,"href":"https:\/\/foufou-champagne.com\/de\/wp-json\/wp\/v2\/product_cat?post=13687"},{"taxonomy":"product_tag","embeddable":true,"href":"https:\/\/foufou-champagne.com\/de\/wp-json\/wp\/v2\/product_tag?post=13687"}],"curies":[{"name":"wp","href":"https:\/\/api.w.org\/{rel}","templated":true}]}}