{"id":14017,"date":"2023-12-04T21:08:07","date_gmt":"2023-12-04T20:08:07","guid":{"rendered":"https:\/\/foufou-champagne.com\/?post_type=product&#038;p=14017"},"modified":"2024-11-15T16:14:40","modified_gmt":"2024-11-15T15:14:40","slug":"laurent-perrier-cuvee-rose-metall-geschenkbox","status":"publish","type":"product","link":"https:\/\/foufou-champagne.com\/de\/champagner\/laurent-perrier-cuvee-rose-metall-geschenkbox\/","title":{"rendered":"Laurent-Perrier Cuv\u00e9e Ros\u00e9 Metall-Geschenkbox"},"content":{"rendered":"<h4>Der Champagner<\/h4>\n<p>Der Cuv\u00e9e Ros\u00e9 von <a href=\"https:\/\/foufou-champagne.com\/de\/produkt-kategorie\/Laurent-Perrier-champagner\/\">Laurent-Perrier<\/a> ist ein besonderer Champagner mit einem sehr ausdrucksvollem Bouquet und einer ausgeglichenen Balance aus Weinigkeit und Frische. Ein Referenzwein f\u00fcr Ros\u00e9-Champagner! Die Trauben stammen aus 10 verschiedenen Crus um Ambonnay, Bouzy, Louvois und Tours-sur-Marne. Dieser exzellente Champagner wird mit der bei Ros\u00e9-Champagnern \u00e4u\u00dferst seltenen Technik der Maischeg\u00e4rung hergestellt. Daf\u00fcr ruht der gepresste Saft einige Stunden auf den Beeren, um eine enorme Frische und besondere Tiefe zu erreichen. Neben seinem Geschmack besticht der Champagner zus\u00e4tzlich durch die Optik: Die Wappenschildflasche ist ein Hingucker und stammt aus dem 17. Jahrhundert!<\/p>\n<h4>Tasting Note<\/h4>\n<ul>\n<li>Im Glas: Ein helles Lachsrosa.<\/li>\n<li>In der Nase: Ein frisches Bouquet aus roten Beeren und schwarzen Kirschen.<\/li>\n<li>Am Gaumen zeigt sich der Cuv\u00e9e Ros\u00e9 s\u00e4uerlich-fruchtig und zugleich klar. Sehr weich und rund.<\/li>\n<\/ul>\n<h4>passt zu<\/h4>\n<ul>\n<li>Der Champagner eignet sich hervorragend als Aperitif.<\/li>\n<li>Dieser Champagner passt hervorragend zu Wurst und Gefl\u00fcgel.<\/li>\n<li>Auch super in Kombination mit Desserts und roten Fr\u00fcchten.<\/li>\n<\/ul>\n<p>&nbsp;<\/p>\n<h4>Das Champagnerhaus Laurent-Perrier<\/h4>\n<p><strong>Frische, Finesse und Eleganz<\/strong><\/p>\n<p>Das Champagnerhaus wurde 1812 von Andr\u00e9 Michel Pierlot gegr\u00fcndet und trug den Namen Veuve Laurent-Perrier. 1939 wird das Weingut von Marie-Louise de Nonancourt erworben, deren Sohn Bernard 1948 das Weingut \u00fcbernimmt und zu dem formt, das es heute ist. Heutzutage ist Laurent-Perrier das f\u00fcnftgr\u00f6\u00dfte Champagnerhaus Frankreichs im Hinblick auf das Produktionsvolumen. Die Vision des Hauses ist Herstellung eines besonders frischen und eleganten Champagners, weshalb die Champagner alle \u00fcber einen sehr hohen Anteil an Chardonnay verf\u00fcgen. Das Haus hat sich dem nachhaltigen Anbau verschrieben und verwendet nur noch nicht-invasive Chemikalien auf den Weinreben.<\/p>\n","protected":false},"excerpt":{"rendered":"<p>Ein Klassiker unter den Ros\u00e9-Champagnern in exklusiver Metall-Geschenkbox!<\/p>\n","protected":false},"featured_media":14019,"comment_status":"open","ping_status":"closed","template":"","meta":{"_acf_changed":false,"_editorskit_title_hidden":false,"_editorskit_reading_time":0,"_editorskit_is_block_options_detached":false,"_editorskit_block_options_position":"{}","_coblocks_attr":"","_coblocks_dimensions":"","_coblocks_responsive_height":"","_coblocks_accordion_ie_support":""},"product_brand":[],"product_cat":[15,452,512],"product_tag":[91],"class_list":{"0":"post-14017","1":"product","2":"type-product","3":"status-publish","4":"has-post-thumbnail","6":"product_cat-champagner","7":"product_cat-laurent-perrier-champagner","8":"product_cat-rose-champagner","9":"product_tag-rose-champagner","10":"product_shipping_class-standard","12":"first","13":"outofstock","14":"taxable","15":"shipping-taxable","16":"purchasable","17":"product-type-composite"},"composite_virtual":false,"composite_layout":"single","composite_add_to_cart_form_location":"default","composite_editable_in_cart":false,"composite_sold_individually_context":"product","composite_shop_price_calc":"defaults","composite_components":[{"id":"1686166800","title":"Geschenkverpackung (optional)","description":"","query_type":"product_ids","query_ids":[13154],"default_option_id":"","thumbnail_id":"","thumbnail_src":"","quantity_min":1,"quantity_max":1,"priced_individually":true,"shipped_individually":false,"optional":true,"discount":"","options_style":"dropdowns","pagination_style":"classic","display_prices":"absolute","show_sorting_options":false,"show_filtering_options":false,"attribute_filter_ids":[],"select_action":"view","product_title_visible":false,"product_descr_visible":true,"product_price_visible":true,"product_thumb_visible":true,"subtotal_visible_product":false,"subtotal_visible_cart":false,"subtotal_visible_orders":false,"product_addons_visible":true},{"id":"1686166801","title":"Gru\u00dfkarte mit Mini-Bouquet (optional)","description":"","query_type":"category_ids","query_ids":[635],"default_option_id":"","thumbnail_id":"","thumbnail_src":"","quantity_min":1,"quantity_max":1,"priced_individually":true,"shipped_individually":false,"optional":true,"discount":"","options_style":"dropdowns","pagination_style":"classic","display_prices":"absolute","show_sorting_options":false,"show_filtering_options":false,"attribute_filter_ids":[],"select_action":"view","product_title_visible":false,"product_descr_visible":true,"product_price_visible":true,"product_thumb_visible":true,"subtotal_visible_product":false,"subtotal_visible_cart":false,"subtotal_visible_orders":false,"product_addons_visible":true}],"composite_scenarios":[],"exclude_global_add_ons":[],"addons":[],"acf":[],"yoast_head":"<!-- This site is optimized with the Yoast SEO plugin v26.8 - https:\/\/yoast.com\/product\/yoast-seo-wordpress\/ -->\n<title>Laurent-Perrier Cuv\u00e9e Ros\u00e9 Metall-Geschenkbox | FOUFOU CHAMPAGNE BOUTIQUE<\/title>\n<meta name=\"description\" content=\"Der Laurent-Perrier Cuv\u00e9e Brut ist der Vorreiter unter den Ros\u00e9-Champagnern. Ausdrucksstark und fruchtig. Jetzt online kaufen!\" \/>\n<meta name=\"robots\" content=\"index, follow, max-snippet:-1, max-image-preview:large, max-video-preview:-1\" \/>\n<link rel=\"canonical\" href=\"https:\/\/foufou-champagne.com\/de\/champagner\/laurent-perrier-cuvee-rose-metall-geschenkbox\/\" \/>\n<meta property=\"og:locale\" content=\"de_DE\" \/>\n<meta property=\"og:type\" content=\"article\" \/>\n<meta property=\"og:title\" content=\"Laurent-Perrier Cuv\u00e9e Ros\u00e9 Metall-Geschenkbox | FOUFOU CHAMPAGNE BOUTIQUE\" \/>\n<meta property=\"og:description\" content=\"Der Laurent-Perrier Cuv\u00e9e Brut ist der Vorreiter unter den Ros\u00e9-Champagnern. Ausdrucksstark und fruchtig. Jetzt online kaufen!\" \/>\n<meta property=\"og:url\" content=\"https:\/\/foufou-champagne.com\/de\/champagner\/laurent-perrier-cuvee-rose-metall-geschenkbox\/\" \/>\n<meta property=\"og:site_name\" content=\"foufou-champagne.com\" \/>\n<meta property=\"article:modified_time\" content=\"2024-11-15T15:14:40+00:00\" \/>\n<meta property=\"og:image\" content=\"https:\/\/foufou-champagne.com\/wp-content\/uploads\/2023\/12\/foufou-sweater-geschenke-55.jpg\" \/>\n\t<meta property=\"og:image:width\" content=\"1333\" \/>\n\t<meta property=\"og:image:height\" content=\"2000\" \/>\n\t<meta property=\"og:image:type\" content=\"image\/jpeg\" \/>\n<meta name=\"twitter:card\" content=\"summary_large_image\" \/>\n<meta name=\"twitter:label1\" content=\"Gesch\u00e4tzte Lesezeit\" \/>\n\t<meta name=\"twitter:data1\" content=\"2\u00a0Minuten\" \/>\n<script type=\"application\/ld+json\" class=\"yoast-schema-graph\">{\"@context\":\"https:\/\/schema.org\",\"@graph\":[{\"@type\":\"WebPage\",\"@id\":\"https:\/\/foufou-champagne.com\/de\/champagner\/laurent-perrier-cuvee-rose-metall-geschenkbox\/\",\"url\":\"https:\/\/foufou-champagne.com\/de\/champagner\/laurent-perrier-cuvee-rose-metall-geschenkbox\/\",\"name\":\"Laurent-Perrier Cuv\u00e9e Ros\u00e9 Metall-Geschenkbox | FOUFOU CHAMPAGNE BOUTIQUE\",\"isPartOf\":{\"@id\":\"https:\/\/foufou-champagne.com\/de\/#website\"},\"primaryImageOfPage\":{\"@id\":\"https:\/\/foufou-champagne.com\/de\/champagner\/laurent-perrier-cuvee-rose-metall-geschenkbox\/#primaryimage\"},\"image\":{\"@id\":\"https:\/\/foufou-champagne.com\/de\/champagner\/laurent-perrier-cuvee-rose-metall-geschenkbox\/#primaryimage\"},\"thumbnailUrl\":\"https:\/\/foufou-champagne.com\/wp-content\/uploads\/2023\/12\/foufou-sweater-geschenke-55.jpg\",\"datePublished\":\"2023-12-04T20:08:07+00:00\",\"dateModified\":\"2024-11-15T15:14:40+00:00\",\"description\":\"Der Laurent-Perrier Cuv\u00e9e Brut ist der Vorreiter unter den Ros\u00e9-Champagnern. Ausdrucksstark und fruchtig. Jetzt online kaufen!\",\"breadcrumb\":{\"@id\":\"https:\/\/foufou-champagne.com\/de\/champagner\/laurent-perrier-cuvee-rose-metall-geschenkbox\/#breadcrumb\"},\"inLanguage\":\"de\",\"potentialAction\":[{\"@type\":\"ReadAction\",\"target\":[\"https:\/\/foufou-champagne.com\/de\/champagner\/laurent-perrier-cuvee-rose-metall-geschenkbox\/\"]}]},{\"@type\":\"ImageObject\",\"inLanguage\":\"de\",\"@id\":\"https:\/\/foufou-champagne.com\/de\/champagner\/laurent-perrier-cuvee-rose-metall-geschenkbox\/#primaryimage\",\"url\":\"https:\/\/foufou-champagne.com\/wp-content\/uploads\/2023\/12\/foufou-sweater-geschenke-55.jpg\",\"contentUrl\":\"https:\/\/foufou-champagne.com\/wp-content\/uploads\/2023\/12\/foufou-sweater-geschenke-55.jpg\",\"width\":1333,\"height\":2000},{\"@type\":\"BreadcrumbList\",\"@id\":\"https:\/\/foufou-champagne.com\/de\/champagner\/laurent-perrier-cuvee-rose-metall-geschenkbox\/#breadcrumb\",\"itemListElement\":[{\"@type\":\"ListItem\",\"position\":1,\"name\":\"Startseite\",\"item\":\"https:\/\/foufou-champagne.com\/de\/\"},{\"@type\":\"ListItem\",\"position\":2,\"name\":\"Shop\",\"item\":\"https:\/\/foufou-champagne.com\/de\/shop\/\"},{\"@type\":\"ListItem\",\"position\":3,\"name\":\"Laurent-Perrier Cuv\u00e9e Ros\u00e9 Metall-Geschenkbox\"}]},{\"@type\":\"WebSite\",\"@id\":\"https:\/\/foufou-champagne.com\/de\/#website\",\"url\":\"https:\/\/foufou-champagne.com\/de\/\",\"name\":\"foufou-champagne.com\",\"description\":\"CHAMPAGNE BOUTIQUE\",\"potentialAction\":[{\"@type\":\"SearchAction\",\"target\":{\"@type\":\"EntryPoint\",\"urlTemplate\":\"https:\/\/foufou-champagne.com\/de\/?s={search_term_string}\"},\"query-input\":{\"@type\":\"PropertyValueSpecification\",\"valueRequired\":true,\"valueName\":\"search_term_string\"}}],\"inLanguage\":\"de\"}]}<\/script>\n<!-- \/ Yoast SEO plugin. -->","yoast_head_json":{"title":"Laurent-Perrier Cuv\u00e9e Ros\u00e9 Metall-Geschenkbox | FOUFOU CHAMPAGNE BOUTIQUE","description":"Der Laurent-Perrier Cuv\u00e9e Brut ist der Vorreiter unter den Ros\u00e9-Champagnern. Ausdrucksstark und fruchtig. Jetzt online kaufen!","robots":{"index":"index","follow":"follow","max-snippet":"max-snippet:-1","max-image-preview":"max-image-preview:large","max-video-preview":"max-video-preview:-1"},"canonical":"https:\/\/foufou-champagne.com\/de\/champagner\/laurent-perrier-cuvee-rose-metall-geschenkbox\/","og_locale":"de_DE","og_type":"article","og_title":"Laurent-Perrier Cuv\u00e9e Ros\u00e9 Metall-Geschenkbox | FOUFOU CHAMPAGNE BOUTIQUE","og_description":"Der Laurent-Perrier Cuv\u00e9e Brut ist der Vorreiter unter den Ros\u00e9-Champagnern. Ausdrucksstark und fruchtig. Jetzt online kaufen!","og_url":"https:\/\/foufou-champagne.com\/de\/champagner\/laurent-perrier-cuvee-rose-metall-geschenkbox\/","og_site_name":"foufou-champagne.com","article_modified_time":"2024-11-15T15:14:40+00:00","og_image":[{"width":1333,"height":2000,"url":"https:\/\/foufou-champagne.com\/wp-content\/uploads\/2023\/12\/foufou-sweater-geschenke-55.jpg","type":"image\/jpeg"}],"twitter_card":"summary_large_image","twitter_misc":{"Gesch\u00e4tzte Lesezeit":"2\u00a0Minuten"},"schema":{"@context":"https:\/\/schema.org","@graph":[{"@type":"WebPage","@id":"https:\/\/foufou-champagne.com\/de\/champagner\/laurent-perrier-cuvee-rose-metall-geschenkbox\/","url":"https:\/\/foufou-champagne.com\/de\/champagner\/laurent-perrier-cuvee-rose-metall-geschenkbox\/","name":"Laurent-Perrier Cuv\u00e9e Ros\u00e9 Metall-Geschenkbox | FOUFOU CHAMPAGNE BOUTIQUE","isPartOf":{"@id":"https:\/\/foufou-champagne.com\/de\/#website"},"primaryImageOfPage":{"@id":"https:\/\/foufou-champagne.com\/de\/champagner\/laurent-perrier-cuvee-rose-metall-geschenkbox\/#primaryimage"},"image":{"@id":"https:\/\/foufou-champagne.com\/de\/champagner\/laurent-perrier-cuvee-rose-metall-geschenkbox\/#primaryimage"},"thumbnailUrl":"https:\/\/foufou-champagne.com\/wp-content\/uploads\/2023\/12\/foufou-sweater-geschenke-55.jpg","datePublished":"2023-12-04T20:08:07+00:00","dateModified":"2024-11-15T15:14:40+00:00","description":"Der Laurent-Perrier Cuv\u00e9e Brut ist der Vorreiter unter den Ros\u00e9-Champagnern. Ausdrucksstark und fruchtig. Jetzt online kaufen!","breadcrumb":{"@id":"https:\/\/foufou-champagne.com\/de\/champagner\/laurent-perrier-cuvee-rose-metall-geschenkbox\/#breadcrumb"},"inLanguage":"de","potentialAction":[{"@type":"ReadAction","target":["https:\/\/foufou-champagne.com\/de\/champagner\/laurent-perrier-cuvee-rose-metall-geschenkbox\/"]}]},{"@type":"ImageObject","inLanguage":"de","@id":"https:\/\/foufou-champagne.com\/de\/champagner\/laurent-perrier-cuvee-rose-metall-geschenkbox\/#primaryimage","url":"https:\/\/foufou-champagne.com\/wp-content\/uploads\/2023\/12\/foufou-sweater-geschenke-55.jpg","contentUrl":"https:\/\/foufou-champagne.com\/wp-content\/uploads\/2023\/12\/foufou-sweater-geschenke-55.jpg","width":1333,"height":2000},{"@type":"BreadcrumbList","@id":"https:\/\/foufou-champagne.com\/de\/champagner\/laurent-perrier-cuvee-rose-metall-geschenkbox\/#breadcrumb","itemListElement":[{"@type":"ListItem","position":1,"name":"Startseite","item":"https:\/\/foufou-champagne.com\/de\/"},{"@type":"ListItem","position":2,"name":"Shop","item":"https:\/\/foufou-champagne.com\/de\/shop\/"},{"@type":"ListItem","position":3,"name":"Laurent-Perrier Cuv\u00e9e Ros\u00e9 Metall-Geschenkbox"}]},{"@type":"WebSite","@id":"https:\/\/foufou-champagne.com\/de\/#website","url":"https:\/\/foufou-champagne.com\/de\/","name":"foufou-champagne.com","description":"CHAMPAGNE BOUTIQUE","potentialAction":[{"@type":"SearchAction","target":{"@type":"EntryPoint","urlTemplate":"https:\/\/foufou-champagne.com\/de\/?s={search_term_string}"},"query-input":{"@type":"PropertyValueSpecification","valueRequired":true,"valueName":"search_term_string"}}],"inLanguage":"de"}]}},"_links":{"self":[{"href":"https:\/\/foufou-champagne.com\/de\/wp-json\/wp\/v2\/product\/14017","targetHints":{"allow":["GET"]}}],"collection":[{"href":"https:\/\/foufou-champagne.com\/de\/wp-json\/wp\/v2\/product"}],"about":[{"href":"https:\/\/foufou-champagne.com\/de\/wp-json\/wp\/v2\/types\/product"}],"replies":[{"embeddable":true,"href":"https:\/\/foufou-champagne.com\/de\/wp-json\/wp\/v2\/comments?post=14017"}],"wp:featuredmedia":[{"embeddable":true,"href":"https:\/\/foufou-champagne.com\/de\/wp-json\/wp\/v2\/media\/14019"}],"wp:attachment":[{"href":"https:\/\/foufou-champagne.com\/de\/wp-json\/wp\/v2\/media?parent=14017"}],"wp:term":[{"taxonomy":"product_brand","embeddable":true,"href":"https:\/\/foufou-champagne.com\/de\/wp-json\/wp\/v2\/product_brand?post=14017"},{"taxonomy":"product_cat","embeddable":true,"href":"https:\/\/foufou-champagne.com\/de\/wp-json\/wp\/v2\/product_cat?post=14017"},{"taxonomy":"product_tag","embeddable":true,"href":"https:\/\/foufou-champagne.com\/de\/wp-json\/wp\/v2\/product_tag?post=14017"}],"curies":[{"name":"wp","href":"https:\/\/api.w.org\/{rel}","templated":true}]}}