{"id":14203,"date":"2023-12-05T19:00:31","date_gmt":"2023-12-05T18:00:31","guid":{"rendered":"https:\/\/foufou-champagne.com\/?post_type=product&#038;p=14203"},"modified":"2025-05-08T14:46:14","modified_gmt":"2025-05-08T12:46:14","slug":"de-saint-gall-tasting-box-influences-0375l","status":"publish","type":"product","link":"https:\/\/foufou-champagne.com\/de\/champagner\/de-saint-gall-tasting-box-influences-0375l\/","title":{"rendered":"De Saint Gall Tasting Box &#8220;Influences&#8221;\u2013 halbe Flaschen"},"content":{"rendered":"<h2>Tasting Box De Saint Gall &#8220;Influences&#8221;\u00a0<strong>\u2013 halbe Flaschen<\/strong><\/h2>\n<p>Du willst mehr \u00fcber die Terroirs in der Champagne erfahren und zwar nicht nur theoretisch, sondern auch praktisch? Dann ist die &#8220;Influences Box&#8221; von <a href=\"https:\/\/foufou-champagne.com\/de\/produkt-kategorie\/de-saint-gall\/\" target=\"_blank\" rel=\"noopener\">Champagne De Saint-Gall<\/a>\u00a0 mit vier verschiedenen Champagnern genau das Richtige f\u00fcr dich.<\/p>\n<p>Die Champagner Kollektion ist eine Hommage an die Vielfalt und Einzigartigkeit der Lagen in der Champagne. Die Idee des Kellermeisters\u00a0 ist es, ein tiefes Verst\u00e4ndnis f\u00fcr die verschiedenen Terroirs und ihren charakteristischen Einfluss auf die Cuv\u00e9es zu vermitteln. Diese vier Cuv\u00e9es richten sich an Weinliebhaber und die, die auf der Suche nach Authentizit\u00e4t sind. Die geringe Dosage bewahrt die unverf\u00e4lschte Pers\u00f6nlichkeit jedes Weinbergs. Diese Champagner erm\u00f6glichen es, eine faszinierende Reise durch die Grand- und Premier-Cru-Lagen der Champagne anzutreten \u2013 eine Reise, die Ambonnay, Cramant, Oger und Vertus miteinander verbindet.<\/p>\n<p>Die Box gibt es mit 0,375l und <a href=\"https:\/\/foufou-champagne.com\/de\/champagner\/tasting-box-de-saint-gall-influences\/\">0,75l Flaschen<\/a>. Erkunde jetzt die Unterschiede und Besonderheiten jeder einzelnen Lage.<\/p>\n<p><strong>1 x Le Charpent\u00e9 Grand Cru<\/strong><\/p>\n<p>Aus den sonnenverw\u00f6hnten H\u00e4ngen von Ambonnay in der Montagne de Reims stammt der Le Charpent\u00e9, 81% Pinot Noir, 19&amp; Chardonnay. Seine goldene Farbe funkelt im Glas, w\u00e4hrend w\u00fcrzige Noten die Sinne verzaubern. Am Gaumen ist er harmonisch und frisch, ideal f\u00fcr die Begleitung exquisiter, w\u00fcrziger Speisen.<\/p>\n<p><strong>1 x L\u2019Expressif Grand Cru<\/strong><\/p>\n<p>Der L\u2019Expressif, ein Blanc de Blancs (100% Chardonnay) haupts\u00e4chlich aus Oger, dem Herzen der Chardonnay-Region, f\u00e4ngt die Essenz dieses Grand Cru-Terroirs der C\u00f4te des Blancs ein. Seine goldgl\u00e4nzende Farbe l\u00e4dt zum Tr\u00e4umen ein, und das Bouquet von wei\u00dfen Fr\u00fcchten entf\u00fchrt in eine Welt des Genusses. Am Gaumen pr\u00e4sentiert er sich ausdrucksstark und klar \u2013 perfekt zu gereiftem K\u00e4se oder Lachs.<\/p>\n<p><strong>1 x Le G\u00e9n\u00e9reux Premiere Cru<\/strong><\/p>\n<p>Der Le G\u00e9n\u00e9reux, ebenfalls ein Blanc de Blancs (100% Chardonnay) mit seinen Wurzeln in Vertus, nahe Epernay, ist ein Tribut an das Premier Cru-Terroir der C\u00f4te des Blancs. Seine strohgelbe Farbe mit goldenen Reflexen verspricht ein blumiges Erlebnis. Weich und gro\u00dfz\u00fcgig offenbart er am Gaumen Noten von wei\u00dfen Blumen, typisch f\u00fcr Weine aus dieser s\u00fcdlichen Region.<\/p>\n<p><strong>1 x Le Min\u00e9ral Grand Cru<\/strong><\/p>\n<p>Schlie\u00dflich der Le Min\u00e9ral,Blanc de Blancs (100% Chardonnay), geboren in Cramant, einer wahren Perle der C\u00f4te des Blancs. Seine blassgelbe Farbe mit silbernen Reflexen ist nur ein Vorgeschmack auf die feinen R\u00f6stnoten und die klare, salzige Mineralit\u00e4t, die sich im Mund entfaltet \u2013 ein Meisterwerk der Grand Cru-Kunst.<\/p>\n<p>&nbsp;<\/p>\n","protected":false},"excerpt":{"rendered":"<p>Die perfekte Tasting-Box um mehr \u00fcber das Terroirs der Champagne zu lernen.<\/p>\n<p>4x o,375l<\/p>\n","protected":false},"featured_media":14011,"comment_status":"open","ping_status":"closed","template":"","meta":{"_acf_changed":false,"_editorskit_title_hidden":false,"_editorskit_reading_time":0,"_editorskit_is_block_options_detached":false,"_editorskit_block_options_position":"{}","_coblocks_attr":"","_coblocks_dimensions":"","_coblocks_responsive_height":"","_coblocks_accordion_ie_support":""},"product_brand":[],"product_cat":[15,657,220],"product_tag":[386,573],"class_list":{"0":"post-14203","1":"product","2":"type-product","3":"status-publish","4":"has-post-thumbnail","6":"product_cat-champagner","7":"product_cat-de-saint-gall","8":"product_cat-mit-geschenkverpackung","9":"product_tag-geschenk","10":"product_tag-geschenkbox","11":"product_shipping_class-standard","13":"first","14":"outofstock","15":"taxable","16":"shipping-taxable","17":"purchasable","18":"product-type-composite"},"composite_virtual":false,"composite_layout":"single","composite_add_to_cart_form_location":"default","composite_editable_in_cart":false,"composite_sold_individually_context":"product","composite_shop_price_calc":"defaults","composite_components":[{"id":"1701704141","title":"Gru\u00dfkarte mit Mini-Bouquet (optional)","description":"","query_type":"product_ids","query_ids":[4425],"default_option_id":"","thumbnail_id":"","thumbnail_src":"","quantity_min":1,"quantity_max":1,"priced_individually":true,"shipped_individually":false,"optional":true,"discount":"","options_style":"dropdowns","pagination_style":"classic","display_prices":"absolute","show_sorting_options":false,"show_filtering_options":false,"attribute_filter_ids":[],"select_action":"view","product_title_visible":true,"product_descr_visible":true,"product_price_visible":true,"product_thumb_visible":true,"subtotal_visible_product":true,"subtotal_visible_cart":true,"subtotal_visible_orders":true,"product_addons_visible":true}],"composite_scenarios":[],"exclude_global_add_ons":[],"addons":[],"acf":[],"yoast_head":"<!-- This site is optimized with the Yoast SEO plugin v26.8 - https:\/\/yoast.com\/product\/yoast-seo-wordpress\/ -->\n<title>Champagner Tasting-Box Influences | FOUFOU Champagne Boutique<\/title>\n<meta name=\"description\" content=\"Auf der Suche nach einem besonderen Geschenk? Voil\u00e1! Hier ist es. \u2665 Tasting-Box mit vier verschiedenen Champagnern \u2665 sofort lieferbar\" \/>\n<meta name=\"robots\" content=\"index, follow, max-snippet:-1, max-image-preview:large, max-video-preview:-1\" \/>\n<link rel=\"canonical\" href=\"https:\/\/foufou-champagne.com\/de\/champagner\/de-saint-gall-tasting-box-influences-0375l\/\" \/>\n<meta property=\"og:locale\" content=\"de_DE\" \/>\n<meta property=\"og:type\" content=\"article\" \/>\n<meta property=\"og:title\" content=\"Champagner Tasting-Box Influences | FOUFOU Champagne Boutique\" \/>\n<meta property=\"og:description\" content=\"Auf der Suche nach einem besonderen Geschenk? Voil\u00e1! Hier ist es. \u2665 Tasting-Box mit vier verschiedenen Champagnern \u2665 sofort lieferbar\" \/>\n<meta property=\"og:url\" content=\"https:\/\/foufou-champagne.com\/de\/champagner\/de-saint-gall-tasting-box-influences-0375l\/\" \/>\n<meta property=\"og:site_name\" content=\"foufou-champagne.com\" \/>\n<meta property=\"article:modified_time\" content=\"2025-05-08T12:46:14+00:00\" \/>\n<meta property=\"og:image\" content=\"https:\/\/foufou-champagne.com\/wp-content\/uploads\/2023\/12\/foufou-sweater-geschenke-45.jpg\" \/>\n\t<meta property=\"og:image:width\" content=\"1334\" \/>\n\t<meta property=\"og:image:height\" content=\"2000\" \/>\n\t<meta property=\"og:image:type\" content=\"image\/jpeg\" \/>\n<meta name=\"twitter:card\" content=\"summary_large_image\" \/>\n<meta name=\"twitter:label1\" content=\"Gesch\u00e4tzte Lesezeit\" \/>\n\t<meta name=\"twitter:data1\" content=\"3\u00a0Minuten\" \/>\n<script type=\"application\/ld+json\" class=\"yoast-schema-graph\">{\"@context\":\"https:\/\/schema.org\",\"@graph\":[{\"@type\":\"WebPage\",\"@id\":\"https:\/\/foufou-champagne.com\/de\/champagner\/de-saint-gall-tasting-box-influences-0375l\/\",\"url\":\"https:\/\/foufou-champagne.com\/de\/champagner\/de-saint-gall-tasting-box-influences-0375l\/\",\"name\":\"Champagner Tasting-Box Influences | FOUFOU Champagne Boutique\",\"isPartOf\":{\"@id\":\"https:\/\/foufou-champagne.com\/de\/#website\"},\"primaryImageOfPage\":{\"@id\":\"https:\/\/foufou-champagne.com\/de\/champagner\/de-saint-gall-tasting-box-influences-0375l\/#primaryimage\"},\"image\":{\"@id\":\"https:\/\/foufou-champagne.com\/de\/champagner\/de-saint-gall-tasting-box-influences-0375l\/#primaryimage\"},\"thumbnailUrl\":\"https:\/\/foufou-champagne.com\/wp-content\/uploads\/2023\/12\/foufou-sweater-geschenke-45.jpg\",\"datePublished\":\"2023-12-05T18:00:31+00:00\",\"dateModified\":\"2025-05-08T12:46:14+00:00\",\"description\":\"Auf der Suche nach einem besonderen Geschenk? Voil\u00e1! Hier ist es. \u2665 Tasting-Box mit vier verschiedenen Champagnern \u2665 sofort lieferbar\",\"breadcrumb\":{\"@id\":\"https:\/\/foufou-champagne.com\/de\/champagner\/de-saint-gall-tasting-box-influences-0375l\/#breadcrumb\"},\"inLanguage\":\"de\",\"potentialAction\":[{\"@type\":\"ReadAction\",\"target\":[\"https:\/\/foufou-champagne.com\/de\/champagner\/de-saint-gall-tasting-box-influences-0375l\/\"]}]},{\"@type\":\"ImageObject\",\"inLanguage\":\"de\",\"@id\":\"https:\/\/foufou-champagne.com\/de\/champagner\/de-saint-gall-tasting-box-influences-0375l\/#primaryimage\",\"url\":\"https:\/\/foufou-champagne.com\/wp-content\/uploads\/2023\/12\/foufou-sweater-geschenke-45.jpg\",\"contentUrl\":\"https:\/\/foufou-champagne.com\/wp-content\/uploads\/2023\/12\/foufou-sweater-geschenke-45.jpg\",\"width\":1334,\"height\":2000,\"caption\":\"De Saint Gall Champagner Tasting\"},{\"@type\":\"BreadcrumbList\",\"@id\":\"https:\/\/foufou-champagne.com\/de\/champagner\/de-saint-gall-tasting-box-influences-0375l\/#breadcrumb\",\"itemListElement\":[{\"@type\":\"ListItem\",\"position\":1,\"name\":\"Startseite\",\"item\":\"https:\/\/foufou-champagne.com\/de\/\"},{\"@type\":\"ListItem\",\"position\":2,\"name\":\"Shop\",\"item\":\"https:\/\/foufou-champagne.com\/de\/shop\/\"},{\"@type\":\"ListItem\",\"position\":3,\"name\":\"De Saint Gall Tasting Box &#8220;Influences&#8221;\u2013 halbe Flaschen\"}]},{\"@type\":\"WebSite\",\"@id\":\"https:\/\/foufou-champagne.com\/de\/#website\",\"url\":\"https:\/\/foufou-champagne.com\/de\/\",\"name\":\"foufou-champagne.com\",\"description\":\"CHAMPAGNE BOUTIQUE\",\"potentialAction\":[{\"@type\":\"SearchAction\",\"target\":{\"@type\":\"EntryPoint\",\"urlTemplate\":\"https:\/\/foufou-champagne.com\/de\/?s={search_term_string}\"},\"query-input\":{\"@type\":\"PropertyValueSpecification\",\"valueRequired\":true,\"valueName\":\"search_term_string\"}}],\"inLanguage\":\"de\"}]}<\/script>\n<!-- \/ Yoast SEO plugin. -->","yoast_head_json":{"title":"Champagner Tasting-Box Influences | FOUFOU Champagne Boutique","description":"Auf der Suche nach einem besonderen Geschenk? Voil\u00e1! Hier ist es. \u2665 Tasting-Box mit vier verschiedenen Champagnern \u2665 sofort lieferbar","robots":{"index":"index","follow":"follow","max-snippet":"max-snippet:-1","max-image-preview":"max-image-preview:large","max-video-preview":"max-video-preview:-1"},"canonical":"https:\/\/foufou-champagne.com\/de\/champagner\/de-saint-gall-tasting-box-influences-0375l\/","og_locale":"de_DE","og_type":"article","og_title":"Champagner Tasting-Box Influences | FOUFOU Champagne Boutique","og_description":"Auf der Suche nach einem besonderen Geschenk? Voil\u00e1! Hier ist es. \u2665 Tasting-Box mit vier verschiedenen Champagnern \u2665 sofort lieferbar","og_url":"https:\/\/foufou-champagne.com\/de\/champagner\/de-saint-gall-tasting-box-influences-0375l\/","og_site_name":"foufou-champagne.com","article_modified_time":"2025-05-08T12:46:14+00:00","og_image":[{"width":1334,"height":2000,"url":"https:\/\/foufou-champagne.com\/wp-content\/uploads\/2023\/12\/foufou-sweater-geschenke-45.jpg","type":"image\/jpeg"}],"twitter_card":"summary_large_image","twitter_misc":{"Gesch\u00e4tzte Lesezeit":"3\u00a0Minuten"},"schema":{"@context":"https:\/\/schema.org","@graph":[{"@type":"WebPage","@id":"https:\/\/foufou-champagne.com\/de\/champagner\/de-saint-gall-tasting-box-influences-0375l\/","url":"https:\/\/foufou-champagne.com\/de\/champagner\/de-saint-gall-tasting-box-influences-0375l\/","name":"Champagner Tasting-Box Influences | FOUFOU Champagne Boutique","isPartOf":{"@id":"https:\/\/foufou-champagne.com\/de\/#website"},"primaryImageOfPage":{"@id":"https:\/\/foufou-champagne.com\/de\/champagner\/de-saint-gall-tasting-box-influences-0375l\/#primaryimage"},"image":{"@id":"https:\/\/foufou-champagne.com\/de\/champagner\/de-saint-gall-tasting-box-influences-0375l\/#primaryimage"},"thumbnailUrl":"https:\/\/foufou-champagne.com\/wp-content\/uploads\/2023\/12\/foufou-sweater-geschenke-45.jpg","datePublished":"2023-12-05T18:00:31+00:00","dateModified":"2025-05-08T12:46:14+00:00","description":"Auf der Suche nach einem besonderen Geschenk? Voil\u00e1! Hier ist es. \u2665 Tasting-Box mit vier verschiedenen Champagnern \u2665 sofort lieferbar","breadcrumb":{"@id":"https:\/\/foufou-champagne.com\/de\/champagner\/de-saint-gall-tasting-box-influences-0375l\/#breadcrumb"},"inLanguage":"de","potentialAction":[{"@type":"ReadAction","target":["https:\/\/foufou-champagne.com\/de\/champagner\/de-saint-gall-tasting-box-influences-0375l\/"]}]},{"@type":"ImageObject","inLanguage":"de","@id":"https:\/\/foufou-champagne.com\/de\/champagner\/de-saint-gall-tasting-box-influences-0375l\/#primaryimage","url":"https:\/\/foufou-champagne.com\/wp-content\/uploads\/2023\/12\/foufou-sweater-geschenke-45.jpg","contentUrl":"https:\/\/foufou-champagne.com\/wp-content\/uploads\/2023\/12\/foufou-sweater-geschenke-45.jpg","width":1334,"height":2000,"caption":"De Saint Gall Champagner Tasting"},{"@type":"BreadcrumbList","@id":"https:\/\/foufou-champagne.com\/de\/champagner\/de-saint-gall-tasting-box-influences-0375l\/#breadcrumb","itemListElement":[{"@type":"ListItem","position":1,"name":"Startseite","item":"https:\/\/foufou-champagne.com\/de\/"},{"@type":"ListItem","position":2,"name":"Shop","item":"https:\/\/foufou-champagne.com\/de\/shop\/"},{"@type":"ListItem","position":3,"name":"De Saint Gall Tasting Box &#8220;Influences&#8221;\u2013 halbe Flaschen"}]},{"@type":"WebSite","@id":"https:\/\/foufou-champagne.com\/de\/#website","url":"https:\/\/foufou-champagne.com\/de\/","name":"foufou-champagne.com","description":"CHAMPAGNE BOUTIQUE","potentialAction":[{"@type":"SearchAction","target":{"@type":"EntryPoint","urlTemplate":"https:\/\/foufou-champagne.com\/de\/?s={search_term_string}"},"query-input":{"@type":"PropertyValueSpecification","valueRequired":true,"valueName":"search_term_string"}}],"inLanguage":"de"}]}},"_links":{"self":[{"href":"https:\/\/foufou-champagne.com\/de\/wp-json\/wp\/v2\/product\/14203","targetHints":{"allow":["GET"]}}],"collection":[{"href":"https:\/\/foufou-champagne.com\/de\/wp-json\/wp\/v2\/product"}],"about":[{"href":"https:\/\/foufou-champagne.com\/de\/wp-json\/wp\/v2\/types\/product"}],"replies":[{"embeddable":true,"href":"https:\/\/foufou-champagne.com\/de\/wp-json\/wp\/v2\/comments?post=14203"}],"wp:featuredmedia":[{"embeddable":true,"href":"https:\/\/foufou-champagne.com\/de\/wp-json\/wp\/v2\/media\/14011"}],"wp:attachment":[{"href":"https:\/\/foufou-champagne.com\/de\/wp-json\/wp\/v2\/media?parent=14203"}],"wp:term":[{"taxonomy":"product_brand","embeddable":true,"href":"https:\/\/foufou-champagne.com\/de\/wp-json\/wp\/v2\/product_brand?post=14203"},{"taxonomy":"product_cat","embeddable":true,"href":"https:\/\/foufou-champagne.com\/de\/wp-json\/wp\/v2\/product_cat?post=14203"},{"taxonomy":"product_tag","embeddable":true,"href":"https:\/\/foufou-champagne.com\/de\/wp-json\/wp\/v2\/product_tag?post=14203"}],"curies":[{"name":"wp","href":"https:\/\/api.w.org\/{rel}","templated":true}]}}