{"id":14495,"date":"2024-03-22T12:24:41","date_gmt":"2024-03-22T11:24:41","guid":{"rendered":"https:\/\/foufou-champagne.com\/?post_type=product&#038;p=14495"},"modified":"2025-03-24T06:45:54","modified_gmt":"2025-03-24T05:45:54","slug":"benoit-marguet-sapience-2014-brut-nature","status":"publish","type":"product","link":"https:\/\/foufou-champagne.com\/de\/champagner\/benoit-marguet-sapience-2014-brut-nature\/","title":{"rendered":"Benoit Marguet Sapience Oenotheque 2014"},"content":{"rendered":"<h4>Der Champagner<\/h4>\n<p>Der Sapience Oenoth\u00e8que 2014 ist auf vielen Ebenen ein echtes Meisterwerk, und das nicht nur wegen seiner au\u00dfergew\u00f6hnlich sch\u00f6nen Flasche. Diese Cuv\u00e9e ist das Ergebnis einer Zusammenarbeit von Beno\u00eet Marguet und seinen biodynamisch arbeitenden Kollegen David Leclapart, Vincent Laval und Beno\u00eet Lahaye. F\u00fcr diesen Prestige-Champagner liefert Leclapart den Chardonnay (50%), Laval den Pinot Meunier (25%) und Beno\u00eet Lahaye den Pinot Noir (25%). Die Vinifizierung des Sapience \u00fcbernimmt Beno\u00eet Marguet gemeinsam mit Herv\u00e9 Jestin, einem Experten f\u00fcr biodynamischen Champagner. F\u00fcr den Sapience werden nur die besten Parzellen genutzt. Der Grundwein reifte vor der zweiten G\u00e4rung in der Flasche zwei Jahre lang in ausgew\u00e4hlten Holzf\u00e4ssern. Anschlie\u00dfend lagerte er \u00fcber zehn Jahre auf der Hefe, bevor er 2019 degorgiert wurde.<\/p>\n<p>Auch der Sapience 2014 zeigt eine beeindruckende Energie, eine bemerkenswerte Aromenvielfalt und eine unglaubliche Tiefe. Er pr\u00e4sentiert sich elegant und reif, dennoch mit einer lebendigen S\u00e4ure. Zu den Aromen geh\u00f6ren Zitrusfr\u00fcchte, Orangen und wei\u00dfe Bl\u00fcten. Mit etwas Luft entfalten sich zudem w\u00fcrzige Noten und eine au\u00dfergew\u00f6hnliche Mineralit\u00e4t. Auch die leicht oxidative Note, die f\u00fcr Marguet charakteristisch ist, fehlt bei dieser Cuv\u00e9e nicht.<\/p>\n<p>Dieser Champagner besticht durch seine au\u00dfergew\u00f6hnliche Harmonie und Gr\u00f6\u00dfe! In einer Blindverkostung mit anderen Spitzen-Champagnern wie Salon und Krug \u00fcbertraf dieser Sapience alle Konkurrenten. Genie\u00dfer trinken ihn sofort, Geduldige lagern ihn noch einige Jahre.<\/p>\n<p>Die Ernte 2014 profitierte von einem trockenen und warmen Herbst, was zu einer perfekten Reife der Trauben beitrug. Die Kombination aus einer langen Reifung auf der Hefe und der Expertise der beteiligten Winzer ergibt einen Champagner von au\u00dfergew\u00f6hnlicher Finesse und Komplexit\u00e4t. Der Sapience 2014 wurde in einer limitierten Anzahl produziert, was ihn zu einer besonderen Rarit\u00e4t macht.<\/p>\n<p>Dieser Jahrgang wird von Kennern f\u00fcr seine perfekte Balance zwischen Frische, Komplexit\u00e4t und Lagerpotenzial gesch\u00e4tzt.<\/p>\n<p>&nbsp;<\/p>\n<div class=\"product--description\">\n<h4><strong>Tasting Note<\/strong><\/h4>\n<\/div>\n<ul>\n<li>Im Glas ein sch\u00f6nes zitronengelb.\u00a0Die Perlage ist an Feinheit kaum zu \u00fcberbieten.<\/li>\n<li>In der Nase erkennt man sofort den typischen, leicht oxidativ- rauchigen Stil von Marguet, gefolgt von einer Vielzahl an D\u00fcften: Apfel, Zitrusfr\u00fcchte, weisse Bl\u00fcten, Vanille, etwas Mandel<\/li>\n<li>Am Gaumen energetisch, vollmundig und dennoch seidig. Au\u00dfergew\u00f6hnlicher Tiefe und Mineralit\u00e4t.<\/li>\n<\/ul>\n<h4>Passt zu<\/h4>\n<ul>\n<li>Ein Solist f\u00fcr besondere Momente<\/li>\n<li>Passt aber auch zu w\u00fcrzigen, asiatischen Gerichten<\/li>\n<li>Au\u00dferdem ein super Begleiter zu jeder Art von Seafood<\/li>\n<\/ul>\n<h4>Das Champagnerhaus Marguet<\/h4>\n<div class=\"row row--collapse align-left\">\n<div class=\"col col-sm-12 col-xlg-12\">\n<div class=\"cmsPlainText\">\n<div class=\"row\">\n<div class=\"col col-sm-12\">\n<div class=\"cmsPlainText__content\">\n<div class=\"cmsPlainText__split cmsPlainText__split--1\">\n<p>Das kleine Champagnerhaus Marguet liegt in der s\u00fcdlichen Montagne de Reims und wird durch Benoit Marguet bereits in der f\u00fcnften Generation gef\u00fchrt. Das bringt den Winzer in die tolle Lage, mit Reben arbeiten zu k\u00f6nnen, die im Schnitt 38 Jahre alt sind. Benoit Marguet ist der festen \u00dcberzeugung, dass ein ehrlicher und geradliniger Champagner nur durch einen biodynamischen Anbau entstehen kann. Seine Weinberge werden noch mit Pferden gepfl\u00fcgt und alle Champagner werden in Holz ausgebaut.<\/p>\n<p>Die Marguet Champagner sind fruchtbetonte, elegante aber auch kraftvolle Champagner. Meist ohne Dosage und mit w\u00fcrziger und manchmal rauchiger Note. Daher eignen sie sich \u00fcbrigens auch hervorragend als Essensbegleiter.<\/p>\n<\/div>\n<\/div>\n<\/div>\n<\/div>\n<\/div>\n<\/div>\n<\/div>\n","protected":false},"excerpt":{"rendered":"<p>Ein Juwel f\u00fcr Champagnerliebhaber \u2013 reich an Aromen, perfekt ausgewogen und in einer bezaubernden Flasche. Lasst den Flaschengeist frei!<\/p>\n","protected":false},"featured_media":14850,"comment_status":"open","ping_status":"closed","template":"","meta":{"_acf_changed":false,"_editorskit_title_hidden":false,"_editorskit_reading_time":0,"_editorskit_is_block_options_detached":false,"_editorskit_block_options_position":"{}","_coblocks_attr":"","_coblocks_dimensions":"","_coblocks_responsive_height":"","_coblocks_accordion_ie_support":""},"product_brand":[],"product_cat":[15,66,141,426,154],"product_tag":[160,175,143,169],"class_list":{"0":"post-14495","1":"product","2":"type-product","3":"status-publish","4":"has-post-thumbnail","6":"product_cat-champagner","7":"product_cat-bio-champagner","8":"product_cat-jahrgangschampagner","9":"product_cat-marguet-champagner","10":"product_cat-winzerchampagner","11":"product_tag-demeter-zertifiziert","12":"product_tag-guter-essensbegleiter","13":"product_tag-jahrgangs-champagner","14":"product_tag-zero-dosage","15":"product_shipping_class-standard","16":"pa_kategorie-bio-champagner","17":"pa_kategorie-vintage-champagner","18":"pa_kategorie-winzer-champagner","20":"first","21":"outofstock","22":"taxable","23":"shipping-taxable","24":"purchasable","25":"product-type-composite"},"composite_virtual":false,"composite_layout":"single","composite_add_to_cart_form_location":"default","composite_editable_in_cart":false,"composite_sold_individually_context":"product","composite_shop_price_calc":"defaults","composite_components":[{"id":"1686180985","title":"Gru\u00dfkarte mit Mini-Bouquet (optional)","description":"","query_type":"category_ids","query_ids":[635],"default_option_id":"","thumbnail_id":"","thumbnail_src":"","quantity_min":1,"quantity_max":1,"priced_individually":true,"shipped_individually":false,"optional":true,"discount":"","options_style":"dropdowns","pagination_style":"classic","display_prices":"absolute","show_sorting_options":false,"show_filtering_options":false,"attribute_filter_ids":[],"select_action":"view","product_title_visible":false,"product_descr_visible":true,"product_price_visible":true,"product_thumb_visible":true,"subtotal_visible_product":false,"subtotal_visible_cart":false,"subtotal_visible_orders":false,"product_addons_visible":true}],"composite_scenarios":[],"exclude_global_add_ons":[],"addons":[],"acf":[],"yoast_head":"<!-- This site is optimized with the Yoast SEO plugin v26.8 - https:\/\/yoast.com\/product\/yoast-seo-wordpress\/ -->\n<title>Marguet Sapience Oenotheque 2014 online kaufen | FOUFOU Champagne Boutique<\/title>\n<meta name=\"description\" content=\"Ein echtes Highlight in einer wundersch\u00f6nen Flasche: Der Sapience 2014 ist vollmundig und vielschichtig mit vibrierender Energie. W\u00fcrzig und mit au\u00dfergew\u00f6hnlicher Tiefe, Mineralit\u00e4t und Pr\u00e4zision.\" \/>\n<meta name=\"robots\" content=\"index, follow, max-snippet:-1, max-image-preview:large, max-video-preview:-1\" \/>\n<link rel=\"canonical\" href=\"https:\/\/foufou-champagne.com\/de\/champagner\/benoit-marguet-sapience-2014-brut-nature\/\" \/>\n<meta property=\"og:locale\" content=\"de_DE\" \/>\n<meta property=\"og:type\" content=\"article\" \/>\n<meta property=\"og:title\" content=\"Marguet Sapience Oenotheque 2014 online kaufen | FOUFOU Champagne Boutique\" \/>\n<meta property=\"og:description\" content=\"Ein echtes Highlight in einer wundersch\u00f6nen Flasche: Der Sapience 2014 ist vollmundig und vielschichtig mit vibrierender Energie. W\u00fcrzig und mit au\u00dfergew\u00f6hnlicher Tiefe, Mineralit\u00e4t und Pr\u00e4zision.\" \/>\n<meta property=\"og:url\" content=\"https:\/\/foufou-champagne.com\/de\/champagner\/benoit-marguet-sapience-2014-brut-nature\/\" \/>\n<meta property=\"og:site_name\" content=\"foufou-champagne.com\" \/>\n<meta property=\"article:modified_time\" content=\"2025-03-24T05:45:54+00:00\" \/>\n<meta property=\"og:image\" content=\"https:\/\/foufou-champagne.com\/wp-content\/uploads\/2024\/03\/FOUFOU-Champagne-Marguet-Sapience-2-scaled.jpg\" \/>\n\t<meta property=\"og:image:width\" content=\"1707\" \/>\n\t<meta property=\"og:image:height\" content=\"2560\" \/>\n\t<meta property=\"og:image:type\" content=\"image\/jpeg\" \/>\n<meta name=\"twitter:card\" content=\"summary_large_image\" \/>\n<meta name=\"twitter:label1\" content=\"Gesch\u00e4tzte Lesezeit\" \/>\n\t<meta name=\"twitter:data1\" content=\"3\u00a0Minuten\" \/>\n<script type=\"application\/ld+json\" class=\"yoast-schema-graph\">{\"@context\":\"https:\/\/schema.org\",\"@graph\":[{\"@type\":\"WebPage\",\"@id\":\"https:\/\/foufou-champagne.com\/de\/champagner\/benoit-marguet-sapience-2014-brut-nature\/\",\"url\":\"https:\/\/foufou-champagne.com\/de\/champagner\/benoit-marguet-sapience-2014-brut-nature\/\",\"name\":\"Marguet Sapience Oenotheque 2014 online kaufen | FOUFOU Champagne Boutique\",\"isPartOf\":{\"@id\":\"https:\/\/foufou-champagne.com\/de\/#website\"},\"primaryImageOfPage\":{\"@id\":\"https:\/\/foufou-champagne.com\/de\/champagner\/benoit-marguet-sapience-2014-brut-nature\/#primaryimage\"},\"image\":{\"@id\":\"https:\/\/foufou-champagne.com\/de\/champagner\/benoit-marguet-sapience-2014-brut-nature\/#primaryimage\"},\"thumbnailUrl\":\"https:\/\/foufou-champagne.com\/wp-content\/uploads\/2024\/03\/FOUFOU-Champagne-Marguet-Sapience-2-scaled.jpg\",\"datePublished\":\"2024-03-22T11:24:41+00:00\",\"dateModified\":\"2025-03-24T05:45:54+00:00\",\"description\":\"Ein echtes Highlight in einer wundersch\u00f6nen Flasche: Der Sapience 2014 ist vollmundig und vielschichtig mit vibrierender Energie. W\u00fcrzig und mit au\u00dfergew\u00f6hnlicher Tiefe, Mineralit\u00e4t und Pr\u00e4zision.\",\"breadcrumb\":{\"@id\":\"https:\/\/foufou-champagne.com\/de\/champagner\/benoit-marguet-sapience-2014-brut-nature\/#breadcrumb\"},\"inLanguage\":\"de\",\"potentialAction\":[{\"@type\":\"ReadAction\",\"target\":[\"https:\/\/foufou-champagne.com\/de\/champagner\/benoit-marguet-sapience-2014-brut-nature\/\"]}]},{\"@type\":\"ImageObject\",\"inLanguage\":\"de\",\"@id\":\"https:\/\/foufou-champagne.com\/de\/champagner\/benoit-marguet-sapience-2014-brut-nature\/#primaryimage\",\"url\":\"https:\/\/foufou-champagne.com\/wp-content\/uploads\/2024\/03\/FOUFOU-Champagne-Marguet-Sapience-2-scaled.jpg\",\"contentUrl\":\"https:\/\/foufou-champagne.com\/wp-content\/uploads\/2024\/03\/FOUFOU-Champagne-Marguet-Sapience-2-scaled.jpg\",\"width\":1707,\"height\":2560},{\"@type\":\"BreadcrumbList\",\"@id\":\"https:\/\/foufou-champagne.com\/de\/champagner\/benoit-marguet-sapience-2014-brut-nature\/#breadcrumb\",\"itemListElement\":[{\"@type\":\"ListItem\",\"position\":1,\"name\":\"Startseite\",\"item\":\"https:\/\/foufou-champagne.com\/de\/\"},{\"@type\":\"ListItem\",\"position\":2,\"name\":\"Shop\",\"item\":\"https:\/\/foufou-champagne.com\/de\/shop\/\"},{\"@type\":\"ListItem\",\"position\":3,\"name\":\"Benoit Marguet Sapience Oenotheque 2014\"}]},{\"@type\":\"WebSite\",\"@id\":\"https:\/\/foufou-champagne.com\/de\/#website\",\"url\":\"https:\/\/foufou-champagne.com\/de\/\",\"name\":\"foufou-champagne.com\",\"description\":\"CHAMPAGNE BOUTIQUE\",\"potentialAction\":[{\"@type\":\"SearchAction\",\"target\":{\"@type\":\"EntryPoint\",\"urlTemplate\":\"https:\/\/foufou-champagne.com\/de\/?s={search_term_string}\"},\"query-input\":{\"@type\":\"PropertyValueSpecification\",\"valueRequired\":true,\"valueName\":\"search_term_string\"}}],\"inLanguage\":\"de\"}]}<\/script>\n<!-- \/ Yoast SEO plugin. -->","yoast_head_json":{"title":"Marguet Sapience Oenotheque 2014 online kaufen | FOUFOU Champagne Boutique","description":"Ein echtes Highlight in einer wundersch\u00f6nen Flasche: Der Sapience 2014 ist vollmundig und vielschichtig mit vibrierender Energie. W\u00fcrzig und mit au\u00dfergew\u00f6hnlicher Tiefe, Mineralit\u00e4t und Pr\u00e4zision.","robots":{"index":"index","follow":"follow","max-snippet":"max-snippet:-1","max-image-preview":"max-image-preview:large","max-video-preview":"max-video-preview:-1"},"canonical":"https:\/\/foufou-champagne.com\/de\/champagner\/benoit-marguet-sapience-2014-brut-nature\/","og_locale":"de_DE","og_type":"article","og_title":"Marguet Sapience Oenotheque 2014 online kaufen | FOUFOU Champagne Boutique","og_description":"Ein echtes Highlight in einer wundersch\u00f6nen Flasche: Der Sapience 2014 ist vollmundig und vielschichtig mit vibrierender Energie. W\u00fcrzig und mit au\u00dfergew\u00f6hnlicher Tiefe, Mineralit\u00e4t und Pr\u00e4zision.","og_url":"https:\/\/foufou-champagne.com\/de\/champagner\/benoit-marguet-sapience-2014-brut-nature\/","og_site_name":"foufou-champagne.com","article_modified_time":"2025-03-24T05:45:54+00:00","og_image":[{"width":1707,"height":2560,"url":"https:\/\/foufou-champagne.com\/wp-content\/uploads\/2024\/03\/FOUFOU-Champagne-Marguet-Sapience-2-scaled.jpg","type":"image\/jpeg"}],"twitter_card":"summary_large_image","twitter_misc":{"Gesch\u00e4tzte Lesezeit":"3\u00a0Minuten"},"schema":{"@context":"https:\/\/schema.org","@graph":[{"@type":"WebPage","@id":"https:\/\/foufou-champagne.com\/de\/champagner\/benoit-marguet-sapience-2014-brut-nature\/","url":"https:\/\/foufou-champagne.com\/de\/champagner\/benoit-marguet-sapience-2014-brut-nature\/","name":"Marguet Sapience Oenotheque 2014 online kaufen | FOUFOU Champagne Boutique","isPartOf":{"@id":"https:\/\/foufou-champagne.com\/de\/#website"},"primaryImageOfPage":{"@id":"https:\/\/foufou-champagne.com\/de\/champagner\/benoit-marguet-sapience-2014-brut-nature\/#primaryimage"},"image":{"@id":"https:\/\/foufou-champagne.com\/de\/champagner\/benoit-marguet-sapience-2014-brut-nature\/#primaryimage"},"thumbnailUrl":"https:\/\/foufou-champagne.com\/wp-content\/uploads\/2024\/03\/FOUFOU-Champagne-Marguet-Sapience-2-scaled.jpg","datePublished":"2024-03-22T11:24:41+00:00","dateModified":"2025-03-24T05:45:54+00:00","description":"Ein echtes Highlight in einer wundersch\u00f6nen Flasche: Der Sapience 2014 ist vollmundig und vielschichtig mit vibrierender Energie. W\u00fcrzig und mit au\u00dfergew\u00f6hnlicher Tiefe, Mineralit\u00e4t und Pr\u00e4zision.","breadcrumb":{"@id":"https:\/\/foufou-champagne.com\/de\/champagner\/benoit-marguet-sapience-2014-brut-nature\/#breadcrumb"},"inLanguage":"de","potentialAction":[{"@type":"ReadAction","target":["https:\/\/foufou-champagne.com\/de\/champagner\/benoit-marguet-sapience-2014-brut-nature\/"]}]},{"@type":"ImageObject","inLanguage":"de","@id":"https:\/\/foufou-champagne.com\/de\/champagner\/benoit-marguet-sapience-2014-brut-nature\/#primaryimage","url":"https:\/\/foufou-champagne.com\/wp-content\/uploads\/2024\/03\/FOUFOU-Champagne-Marguet-Sapience-2-scaled.jpg","contentUrl":"https:\/\/foufou-champagne.com\/wp-content\/uploads\/2024\/03\/FOUFOU-Champagne-Marguet-Sapience-2-scaled.jpg","width":1707,"height":2560},{"@type":"BreadcrumbList","@id":"https:\/\/foufou-champagne.com\/de\/champagner\/benoit-marguet-sapience-2014-brut-nature\/#breadcrumb","itemListElement":[{"@type":"ListItem","position":1,"name":"Startseite","item":"https:\/\/foufou-champagne.com\/de\/"},{"@type":"ListItem","position":2,"name":"Shop","item":"https:\/\/foufou-champagne.com\/de\/shop\/"},{"@type":"ListItem","position":3,"name":"Benoit Marguet Sapience Oenotheque 2014"}]},{"@type":"WebSite","@id":"https:\/\/foufou-champagne.com\/de\/#website","url":"https:\/\/foufou-champagne.com\/de\/","name":"foufou-champagne.com","description":"CHAMPAGNE BOUTIQUE","potentialAction":[{"@type":"SearchAction","target":{"@type":"EntryPoint","urlTemplate":"https:\/\/foufou-champagne.com\/de\/?s={search_term_string}"},"query-input":{"@type":"PropertyValueSpecification","valueRequired":true,"valueName":"search_term_string"}}],"inLanguage":"de"}]}},"_links":{"self":[{"href":"https:\/\/foufou-champagne.com\/de\/wp-json\/wp\/v2\/product\/14495","targetHints":{"allow":["GET"]}}],"collection":[{"href":"https:\/\/foufou-champagne.com\/de\/wp-json\/wp\/v2\/product"}],"about":[{"href":"https:\/\/foufou-champagne.com\/de\/wp-json\/wp\/v2\/types\/product"}],"replies":[{"embeddable":true,"href":"https:\/\/foufou-champagne.com\/de\/wp-json\/wp\/v2\/comments?post=14495"}],"wp:featuredmedia":[{"embeddable":true,"href":"https:\/\/foufou-champagne.com\/de\/wp-json\/wp\/v2\/media\/14850"}],"wp:attachment":[{"href":"https:\/\/foufou-champagne.com\/de\/wp-json\/wp\/v2\/media?parent=14495"}],"wp:term":[{"taxonomy":"product_brand","embeddable":true,"href":"https:\/\/foufou-champagne.com\/de\/wp-json\/wp\/v2\/product_brand?post=14495"},{"taxonomy":"product_cat","embeddable":true,"href":"https:\/\/foufou-champagne.com\/de\/wp-json\/wp\/v2\/product_cat?post=14495"},{"taxonomy":"product_tag","embeddable":true,"href":"https:\/\/foufou-champagne.com\/de\/wp-json\/wp\/v2\/product_tag?post=14495"}],"curies":[{"name":"wp","href":"https:\/\/api.w.org\/{rel}","templated":true}]}}