{"id":14699,"date":"2024-08-06T17:57:33","date_gmt":"2024-08-06T15:57:33","guid":{"rendered":"https:\/\/foufou-champagne.com\/?post_type=product&#038;p=14699"},"modified":"2025-12-03T13:46:42","modified_gmt":"2025-12-03T12:46:42","slug":"bruno-paillard-blanc-de-noirs-grand-cru","status":"publish","type":"product","link":"https:\/\/foufou-champagne.com\/de\/champagner\/bruno-paillard-blanc-de-noirs-grand-cru\/","title":{"rendered":"Bruno Paillard Blanc de Noirs Grand Cru"},"content":{"rendered":"<h4>Der Champagner<\/h4>\n<p>D\u00fcrfen wir vorstellen? Der Neuzugang aus dem Hause Bruno Paillard: 100% Pinot Noir und so elegant wie seine Flasche. Der Bruno Paillard Blanc de Noirs Grand Cru verk\u00f6rpert die Essenz des Pinot Noirs aus den besten n\u00f6rdlichen Crus der Champagne. Diese Cuv\u00e9e vereint Weine aus vier renommierten Grand Cru-Lagen: Verzenay, Mailly, Verzy und Bouzy. Diese historischen, kreidehaltigen B\u00f6den verleihen dem Wein seine unverwechselbare Mineralit\u00e4t und Eleganz.<\/p>\n<p>Die Trauben stammen ausschlie\u00dflich aus der ersten Pressung. Die Vinifikation erfolgt gr\u00f6\u00dftenteils im Edelstahltank, wobei 20% der Weine in Barriques reifen, um zus\u00e4tzliche Komplexit\u00e4t zu gewinnen. Nach drei Jahren Flaschenreife wird der Champagner degorgiert und ruht weitere sechs Monate im Keller von BP. Die Dosage liegt bei\u00a0 lediglich 3 g je Liter.<\/p>\n<h4>Tasting Note<\/h4>\n<ul>\n<li>Im Glas zeigt sich der Champagner in einem leuchtenden Goldton mit kupferfarbenen Reflexen und einer feinen, lebhaften Perlage.<\/li>\n<li>In der Nase entfaltet sich ein komplexes Bouquet von roten Fr\u00fcchten wie Kirsche aber auch leicht zitrig und pfefferig.<\/li>\n<li>Am Gaumen beeindruckt er sofort mit seiner pr\u00e4gnanten Mineralit\u00e4t und einem salzigen Akzent, unterst\u00fctzt von Kirschen und Gew\u00fcrznoten. Feine Perlage, vollmundig und mit langem, komplexem Finale.<\/li>\n<\/ul>\n<h4>passt zu<\/h4>\n<ul>\n<li>Solo oder als Essensbegleitung.<\/li>\n<li>Dieser Champagner passt hervorragend zu Meeresfr\u00fcchten.<\/li>\n<li>Er kann auch zu Fisch, Gefl\u00fcgel, herzhaften und leicht rauchigen Gerichten serviert werden.<\/li>\n<\/ul>\n<p>&nbsp;<\/p>\n<h4>Das Champagnerhaus Bruno Paillard<\/h4>\n<p><strong>Reinheit, Mineralit\u00e4t, Eleganz und Komplexit\u00e4t<\/strong><\/p>\n<p><a href=\"https:\/\/foufou-champagne.com\/de\/bruno-paillard\/\">Das Champagnerhaus<\/a> wurde 1981 von seinem Namensgeber Bruno Paillard gegr\u00fcndet und ist eines der j\u00fcngsten Champagnerh\u00e4user. Der Gr\u00fcnder stammt aus einer Traubenmakler- und Winzerfamilie, die seit mehr als drei Jahrhunderten im\u00a0 Herzen der Champagne lebt und arbeitet. Seine Idee und Philosophie ist es, die Quintessenz aus den besten Crus zu extrahieren, um daraus eine Komposition, einen gro\u00dfartigen Champagner zu kreieren. Seine Champagner findet man haupts\u00e4chlich in der gehobenen Gastronomie und im Weinfachhandel.<\/p>\n","protected":false},"excerpt":{"rendered":"<p>D\u00fcrfen wir vorstellen? Der Neuzugang aus dem Hause Bruno Paillard: 100% Pinot Noir und so elegant wie seine Flasche.<\/p>\n","protected":false},"featured_media":14949,"comment_status":"open","ping_status":"closed","template":"","meta":{"_acf_changed":false,"_editorskit_title_hidden":false,"_editorskit_reading_time":0,"_editorskit_is_block_options_detached":false,"_editorskit_block_options_position":"{}","_coblocks_attr":"","_coblocks_dimensions":"","_coblocks_responsive_height":"","_coblocks_accordion_ie_support":""},"product_brand":[],"product_cat":[15,958,436,154],"product_tag":[338,560,210],"class_list":{"0":"post-14699","1":"product","2":"type-product","3":"status-publish","4":"has-post-thumbnail","6":"product_cat-champagner","7":"product_cat-blanc-de-noirs-2","8":"product_cat-bruno-paillard-champagner","9":"product_cat-winzerchampagner","10":"product_tag-blanc-de-noirs","11":"product_tag-grand-cru","12":"product_tag-winzerchampagner","13":"product_shipping_class-standard","14":"pa_kategorie-winzer-champagner","15":"pa_kategorie-blanc-de-noirs","17":"first","18":"instock","19":"taxable","20":"shipping-taxable","21":"purchasable","22":"product-type-composite"},"composite_virtual":false,"composite_layout":"single","composite_add_to_cart_form_location":"default","composite_editable_in_cart":false,"composite_sold_individually_context":"product","composite_shop_price_calc":"defaults","composite_components":[{"id":"1686182836","title":"Geschenkverpackung (optional)","description":"","query_type":"product_ids","query_ids":[13154],"default_option_id":"","thumbnail_id":"","thumbnail_src":"","quantity_min":1,"quantity_max":1,"priced_individually":true,"shipped_individually":false,"optional":true,"discount":"","options_style":"dropdowns","pagination_style":"classic","display_prices":"absolute","show_sorting_options":false,"show_filtering_options":false,"attribute_filter_ids":[],"select_action":"view","product_title_visible":false,"product_descr_visible":true,"product_price_visible":true,"product_thumb_visible":true,"subtotal_visible_product":false,"subtotal_visible_cart":false,"subtotal_visible_orders":false,"product_addons_visible":true},{"id":"1686182837","title":"Gru\u00dfkarte mit Mini-Bouquet (optional)","description":"","query_type":"category_ids","query_ids":[635],"default_option_id":"","thumbnail_id":"","thumbnail_src":"","quantity_min":1,"quantity_max":1,"priced_individually":true,"shipped_individually":false,"optional":true,"discount":"","options_style":"dropdowns","pagination_style":"classic","display_prices":"absolute","show_sorting_options":false,"show_filtering_options":false,"attribute_filter_ids":[],"select_action":"view","product_title_visible":false,"product_descr_visible":true,"product_price_visible":true,"product_thumb_visible":true,"subtotal_visible_product":false,"subtotal_visible_cart":false,"subtotal_visible_orders":false,"product_addons_visible":true}],"composite_scenarios":[],"exclude_global_add_ons":[],"addons":[],"acf":[],"yoast_head":"<!-- This site is optimized with the Yoast SEO plugin v26.8 - https:\/\/yoast.com\/product\/yoast-seo-wordpress\/ -->\n<title>Bruno Paillard Blanc de Noirs Grand Cru | FOUFOU CHAMPAGNE BOUTIQUE<\/title>\n<meta name=\"description\" content=\"Ein wundersch\u00f6n samtiger und eleganter Blanc de Noirs mit einer unverkennbaren Mineralit\u00e4t. Eine Neuling und echte Kostbarkeit aus dem Hause Bruno Paillard.\" \/>\n<meta name=\"robots\" content=\"index, follow, max-snippet:-1, max-image-preview:large, max-video-preview:-1\" \/>\n<link rel=\"canonical\" href=\"https:\/\/foufou-champagne.com\/de\/champagner\/bruno-paillard-blanc-de-noirs-grand-cru\/\" \/>\n<meta property=\"og:locale\" content=\"de_DE\" \/>\n<meta property=\"og:type\" content=\"article\" \/>\n<meta property=\"og:title\" content=\"Bruno Paillard Blanc de Noirs Grand Cru | FOUFOU CHAMPAGNE BOUTIQUE\" \/>\n<meta property=\"og:description\" content=\"Ein wundersch\u00f6n samtiger und eleganter Blanc de Noirs mit einer unverkennbaren Mineralit\u00e4t. Eine Neuling und echte Kostbarkeit aus dem Hause Bruno Paillard.\" \/>\n<meta property=\"og:url\" content=\"https:\/\/foufou-champagne.com\/de\/champagner\/bruno-paillard-blanc-de-noirs-grand-cru\/\" \/>\n<meta property=\"og:site_name\" content=\"foufou-champagne.com\" \/>\n<meta property=\"article:modified_time\" content=\"2025-12-03T12:46:42+00:00\" \/>\n<meta property=\"og:image\" content=\"https:\/\/foufou-champagne.com\/wp-content\/uploads\/2024\/04\/Champagne-bruno-paillard-blanc-de-noirs-grand-cru-FouFou-Champagne-Boutique4.png\" \/>\n\t<meta property=\"og:image:width\" content=\"800\" \/>\n\t<meta property=\"og:image:height\" content=\"1000\" \/>\n\t<meta property=\"og:image:type\" content=\"image\/png\" \/>\n<meta name=\"twitter:card\" content=\"summary_large_image\" \/>\n<meta name=\"twitter:label1\" content=\"Gesch\u00e4tzte Lesezeit\" \/>\n\t<meta name=\"twitter:data1\" content=\"2\u00a0Minuten\" \/>\n<script type=\"application\/ld+json\" class=\"yoast-schema-graph\">{\"@context\":\"https:\/\/schema.org\",\"@graph\":[{\"@type\":\"WebPage\",\"@id\":\"https:\/\/foufou-champagne.com\/de\/champagner\/bruno-paillard-blanc-de-noirs-grand-cru\/\",\"url\":\"https:\/\/foufou-champagne.com\/de\/champagner\/bruno-paillard-blanc-de-noirs-grand-cru\/\",\"name\":\"Bruno Paillard Blanc de Noirs Grand Cru | FOUFOU CHAMPAGNE BOUTIQUE\",\"isPartOf\":{\"@id\":\"https:\/\/foufou-champagne.com\/de\/#website\"},\"primaryImageOfPage\":{\"@id\":\"https:\/\/foufou-champagne.com\/de\/champagner\/bruno-paillard-blanc-de-noirs-grand-cru\/#primaryimage\"},\"image\":{\"@id\":\"https:\/\/foufou-champagne.com\/de\/champagner\/bruno-paillard-blanc-de-noirs-grand-cru\/#primaryimage\"},\"thumbnailUrl\":\"https:\/\/foufou-champagne.com\/wp-content\/uploads\/2024\/04\/Champagne-bruno-paillard-blanc-de-noirs-grand-cru-FouFou-Champagne-Boutique4.png\",\"datePublished\":\"2024-08-06T15:57:33+00:00\",\"dateModified\":\"2025-12-03T12:46:42+00:00\",\"description\":\"Ein wundersch\u00f6n samtiger und eleganter Blanc de Noirs mit einer unverkennbaren Mineralit\u00e4t. Eine Neuling und echte Kostbarkeit aus dem Hause Bruno Paillard.\",\"breadcrumb\":{\"@id\":\"https:\/\/foufou-champagne.com\/de\/champagner\/bruno-paillard-blanc-de-noirs-grand-cru\/#breadcrumb\"},\"inLanguage\":\"de\",\"potentialAction\":[{\"@type\":\"ReadAction\",\"target\":[\"https:\/\/foufou-champagne.com\/de\/champagner\/bruno-paillard-blanc-de-noirs-grand-cru\/\"]}]},{\"@type\":\"ImageObject\",\"inLanguage\":\"de\",\"@id\":\"https:\/\/foufou-champagne.com\/de\/champagner\/bruno-paillard-blanc-de-noirs-grand-cru\/#primaryimage\",\"url\":\"https:\/\/foufou-champagne.com\/wp-content\/uploads\/2024\/04\/Champagne-bruno-paillard-blanc-de-noirs-grand-cru-FouFou-Champagne-Boutique4.png\",\"contentUrl\":\"https:\/\/foufou-champagne.com\/wp-content\/uploads\/2024\/04\/Champagne-bruno-paillard-blanc-de-noirs-grand-cru-FouFou-Champagne-Boutique4.png\",\"width\":800,\"height\":1000},{\"@type\":\"BreadcrumbList\",\"@id\":\"https:\/\/foufou-champagne.com\/de\/champagner\/bruno-paillard-blanc-de-noirs-grand-cru\/#breadcrumb\",\"itemListElement\":[{\"@type\":\"ListItem\",\"position\":1,\"name\":\"Startseite\",\"item\":\"https:\/\/foufou-champagne.com\/de\/\"},{\"@type\":\"ListItem\",\"position\":2,\"name\":\"Shop\",\"item\":\"https:\/\/foufou-champagne.com\/de\/shop\/\"},{\"@type\":\"ListItem\",\"position\":3,\"name\":\"Bruno Paillard Blanc de Noirs Grand Cru\"}]},{\"@type\":\"WebSite\",\"@id\":\"https:\/\/foufou-champagne.com\/de\/#website\",\"url\":\"https:\/\/foufou-champagne.com\/de\/\",\"name\":\"foufou-champagne.com\",\"description\":\"CHAMPAGNE BOUTIQUE\",\"potentialAction\":[{\"@type\":\"SearchAction\",\"target\":{\"@type\":\"EntryPoint\",\"urlTemplate\":\"https:\/\/foufou-champagne.com\/de\/?s={search_term_string}\"},\"query-input\":{\"@type\":\"PropertyValueSpecification\",\"valueRequired\":true,\"valueName\":\"search_term_string\"}}],\"inLanguage\":\"de\"}]}<\/script>\n<!-- \/ Yoast SEO plugin. -->","yoast_head_json":{"title":"Bruno Paillard Blanc de Noirs Grand Cru | FOUFOU CHAMPAGNE BOUTIQUE","description":"Ein wundersch\u00f6n samtiger und eleganter Blanc de Noirs mit einer unverkennbaren Mineralit\u00e4t. Eine Neuling und echte Kostbarkeit aus dem Hause Bruno Paillard.","robots":{"index":"index","follow":"follow","max-snippet":"max-snippet:-1","max-image-preview":"max-image-preview:large","max-video-preview":"max-video-preview:-1"},"canonical":"https:\/\/foufou-champagne.com\/de\/champagner\/bruno-paillard-blanc-de-noirs-grand-cru\/","og_locale":"de_DE","og_type":"article","og_title":"Bruno Paillard Blanc de Noirs Grand Cru | FOUFOU CHAMPAGNE BOUTIQUE","og_description":"Ein wundersch\u00f6n samtiger und eleganter Blanc de Noirs mit einer unverkennbaren Mineralit\u00e4t. Eine Neuling und echte Kostbarkeit aus dem Hause Bruno Paillard.","og_url":"https:\/\/foufou-champagne.com\/de\/champagner\/bruno-paillard-blanc-de-noirs-grand-cru\/","og_site_name":"foufou-champagne.com","article_modified_time":"2025-12-03T12:46:42+00:00","og_image":[{"width":800,"height":1000,"url":"https:\/\/foufou-champagne.com\/wp-content\/uploads\/2024\/04\/Champagne-bruno-paillard-blanc-de-noirs-grand-cru-FouFou-Champagne-Boutique4.png","type":"image\/png"}],"twitter_card":"summary_large_image","twitter_misc":{"Gesch\u00e4tzte Lesezeit":"2\u00a0Minuten"},"schema":{"@context":"https:\/\/schema.org","@graph":[{"@type":"WebPage","@id":"https:\/\/foufou-champagne.com\/de\/champagner\/bruno-paillard-blanc-de-noirs-grand-cru\/","url":"https:\/\/foufou-champagne.com\/de\/champagner\/bruno-paillard-blanc-de-noirs-grand-cru\/","name":"Bruno Paillard Blanc de Noirs Grand Cru | FOUFOU CHAMPAGNE BOUTIQUE","isPartOf":{"@id":"https:\/\/foufou-champagne.com\/de\/#website"},"primaryImageOfPage":{"@id":"https:\/\/foufou-champagne.com\/de\/champagner\/bruno-paillard-blanc-de-noirs-grand-cru\/#primaryimage"},"image":{"@id":"https:\/\/foufou-champagne.com\/de\/champagner\/bruno-paillard-blanc-de-noirs-grand-cru\/#primaryimage"},"thumbnailUrl":"https:\/\/foufou-champagne.com\/wp-content\/uploads\/2024\/04\/Champagne-bruno-paillard-blanc-de-noirs-grand-cru-FouFou-Champagne-Boutique4.png","datePublished":"2024-08-06T15:57:33+00:00","dateModified":"2025-12-03T12:46:42+00:00","description":"Ein wundersch\u00f6n samtiger und eleganter Blanc de Noirs mit einer unverkennbaren Mineralit\u00e4t. Eine Neuling und echte Kostbarkeit aus dem Hause Bruno Paillard.","breadcrumb":{"@id":"https:\/\/foufou-champagne.com\/de\/champagner\/bruno-paillard-blanc-de-noirs-grand-cru\/#breadcrumb"},"inLanguage":"de","potentialAction":[{"@type":"ReadAction","target":["https:\/\/foufou-champagne.com\/de\/champagner\/bruno-paillard-blanc-de-noirs-grand-cru\/"]}]},{"@type":"ImageObject","inLanguage":"de","@id":"https:\/\/foufou-champagne.com\/de\/champagner\/bruno-paillard-blanc-de-noirs-grand-cru\/#primaryimage","url":"https:\/\/foufou-champagne.com\/wp-content\/uploads\/2024\/04\/Champagne-bruno-paillard-blanc-de-noirs-grand-cru-FouFou-Champagne-Boutique4.png","contentUrl":"https:\/\/foufou-champagne.com\/wp-content\/uploads\/2024\/04\/Champagne-bruno-paillard-blanc-de-noirs-grand-cru-FouFou-Champagne-Boutique4.png","width":800,"height":1000},{"@type":"BreadcrumbList","@id":"https:\/\/foufou-champagne.com\/de\/champagner\/bruno-paillard-blanc-de-noirs-grand-cru\/#breadcrumb","itemListElement":[{"@type":"ListItem","position":1,"name":"Startseite","item":"https:\/\/foufou-champagne.com\/de\/"},{"@type":"ListItem","position":2,"name":"Shop","item":"https:\/\/foufou-champagne.com\/de\/shop\/"},{"@type":"ListItem","position":3,"name":"Bruno Paillard Blanc de Noirs Grand Cru"}]},{"@type":"WebSite","@id":"https:\/\/foufou-champagne.com\/de\/#website","url":"https:\/\/foufou-champagne.com\/de\/","name":"foufou-champagne.com","description":"CHAMPAGNE BOUTIQUE","potentialAction":[{"@type":"SearchAction","target":{"@type":"EntryPoint","urlTemplate":"https:\/\/foufou-champagne.com\/de\/?s={search_term_string}"},"query-input":{"@type":"PropertyValueSpecification","valueRequired":true,"valueName":"search_term_string"}}],"inLanguage":"de"}]}},"_links":{"self":[{"href":"https:\/\/foufou-champagne.com\/de\/wp-json\/wp\/v2\/product\/14699","targetHints":{"allow":["GET"]}}],"collection":[{"href":"https:\/\/foufou-champagne.com\/de\/wp-json\/wp\/v2\/product"}],"about":[{"href":"https:\/\/foufou-champagne.com\/de\/wp-json\/wp\/v2\/types\/product"}],"replies":[{"embeddable":true,"href":"https:\/\/foufou-champagne.com\/de\/wp-json\/wp\/v2\/comments?post=14699"}],"wp:featuredmedia":[{"embeddable":true,"href":"https:\/\/foufou-champagne.com\/de\/wp-json\/wp\/v2\/media\/14949"}],"wp:attachment":[{"href":"https:\/\/foufou-champagne.com\/de\/wp-json\/wp\/v2\/media?parent=14699"}],"wp:term":[{"taxonomy":"product_brand","embeddable":true,"href":"https:\/\/foufou-champagne.com\/de\/wp-json\/wp\/v2\/product_brand?post=14699"},{"taxonomy":"product_cat","embeddable":true,"href":"https:\/\/foufou-champagne.com\/de\/wp-json\/wp\/v2\/product_cat?post=14699"},{"taxonomy":"product_tag","embeddable":true,"href":"https:\/\/foufou-champagne.com\/de\/wp-json\/wp\/v2\/product_tag?post=14699"}],"curies":[{"name":"wp","href":"https:\/\/api.w.org\/{rel}","templated":true}]}}