{"id":14933,"date":"2024-07-23T15:02:23","date_gmt":"2024-07-23T13:02:23","guid":{"rendered":"https:\/\/foufou-champagne.com\/?post_type=product&#038;p=14933"},"modified":"2026-03-31T09:36:41","modified_gmt":"2026-03-31T07:36:41","slug":"de-barfontarc-rose-caractere-brut","status":"publish","type":"product","link":"https:\/\/foufou-champagne.com\/de\/champagner\/de-barfontarc-rose-caractere-brut\/","title":{"rendered":"De Barfontarc Ros\u00e9 Brut"},"content":{"rendered":"<h4>Der Champagner<\/h4>\n<p>Mit seiner hellrosanen Farbe, der leichten Dosage (10-11g) und feinen Perlage steht dieser Champagner f\u00fcr ein fruchtiges Aroma. Ein feminines Cuv\u00e9e mit viel Anmut und Eleganz. Aus 62% Pinot Noir und 38% Chardonnay.<\/p>\n<h4>Tasting Note<\/h4>\n<ul>\n<li>Im Glas eine hellrosa Farbe.<\/li>\n<li>In der Nase zeigt sich der Ros\u00e9 offen mit intensiven Noten von Erdbeere und Kirsche. Ein Bouquet aus roten Fr\u00fcchten.<\/li>\n<li>Am Gaumen entfalten sich lebendige Aromen von roten Fr\u00fcchten. Ausbalanciert und w\u00e4rmend. Hier kann man auch locker mal eine zweite Flasche aufmachen.<\/li>\n<\/ul>\n<h4>Passt zu<\/h4>\n<ul>\n<li>Perfekt als Aperitif.<\/li>\n<li>Oder zu Desserts wie einem Fr\u00fcchtetarte und Eis.<\/li>\n<\/ul>\n<div class=\"row row--collapse align-left\">\n<div class=\"col col-sm-12 col-xlg-12\">\n<div class=\"cmsPlainText\">\n<div class=\"row\">\n<div class=\"col col-sm-12\">\n<div class=\"cmsPlainText__content\">\n<div class=\"cmsPlainText__split cmsPlainText__split--1\">\n<h4>Das Champagnerhaus De Barfontarc<\/h4>\n<p><span class=\"TextRun SCXW175684281 BCX4\" lang=\"DE-DE\" xml:lang=\"DE-DE\" data-contrast=\"auto\"><span class=\"NormalTextRun SCXW175684281 BCX4\">1962 schlo<\/span><\/span><span class=\"TextRun SCXW175684281 BCX4\" lang=\"DE-DE\" xml:lang=\"DE-DE\" data-contrast=\"auto\"><span class=\"NormalTextRun SCXW175684281 BCX4\">ssen sich <\/span><\/span><span class=\"TextRun SCXW175684281 BCX4\" lang=\"DE-DE\" xml:lang=\"DE-DE\" data-contrast=\"auto\"><span class=\"NormalTextRun SCXW175684281 BCX4\">etwa 50 Winzer aus den D\u00f6rfern <\/span><\/span><span class=\"TextRun SCXW175684281 BCX4\" lang=\"DE-DE\" xml:lang=\"DE-DE\" data-contrast=\"auto\"><span class=\"NormalTextRun SpellingErrorV2 SCXW175684281 BCX4\">Baroville<\/span><\/span><span class=\"TextRun SCXW175684281 BCX4\" lang=\"DE-DE\" xml:lang=\"DE-DE\" data-contrast=\"auto\"><span class=\"NormalTextRun SCXW175684281 BCX4\">, Fontaine<\/span><\/span><span class=\"TextRun SCXW175684281 BCX4\" lang=\"DE-DE\" xml:lang=\"DE-DE\" data-contrast=\"auto\"><span class=\"NormalTextRun SCXW175684281 BCX4\"> und<\/span><\/span> <span class=\"TextRun SCXW175684281 BCX4\" lang=\"DE-DE\" xml:lang=\"DE-DE\" data-contrast=\"auto\"><span class=\"NormalTextRun SpellingErrorV2 SCXW175684281 BCX4\">Arconville<\/span><\/span><span class=\"TextRun SCXW175684281 BCX4\" lang=\"DE-DE\" xml:lang=\"DE-DE\" data-contrast=\"auto\"><span class=\"NormalTextRun SCXW175684281 BCX4\"> in der <\/span><\/span><span class=\"TextRun SCXW175684281 BCX4\" lang=\"DE-DE\" xml:lang=\"DE-DE\" data-contrast=\"auto\"><span class=\"NormalTextRun SpellingErrorV2 SCXW175684281 BCX4\">Cote<\/span><\/span><span class=\"TextRun SCXW175684281 BCX4\" lang=\"DE-DE\" xml:lang=\"DE-DE\" data-contrast=\"auto\"><span class=\"NormalTextRun SCXW175684281 BCX4\"> des Bar zusammen, um die <\/span><\/span><span class=\"TextRun SCXW175684281 BCX4\" lang=\"DE-DE\" xml:lang=\"DE-DE\" data-contrast=\"auto\"><span class=\"NormalTextRun SCXW175684281 BCX4\">\u201e<\/span><\/span><span class=\"TextRun SCXW175684281 BCX4\" lang=\"DE-DE\" xml:lang=\"DE-DE\" data-contrast=\"auto\"><span class=\"NormalTextRun SpellingErrorV2 SCXW175684281 BCX4\">Coop\u00e9rative<\/span><\/span> <span class=\"TextRun SCXW175684281 BCX4\" lang=\"DE-DE\" xml:lang=\"DE-DE\" data-contrast=\"auto\"><span class=\"NormalTextRun SpellingErrorV2 SCXW175684281 BCX4\">Vinicole<\/span><\/span><span class=\"TextRun SCXW175684281 BCX4\" lang=\"DE-DE\" xml:lang=\"DE-DE\" data-contrast=\"auto\"><span class=\"NormalTextRun SCXW175684281 BCX4\"> de la <\/span><\/span><span class=\"TextRun SCXW175684281 BCX4\" lang=\"DE-DE\" xml:lang=\"DE-DE\" data-contrast=\"auto\"><span class=\"NormalTextRun SpellingErrorV2 SCXW175684281 BCX4\">R\u00e9gion<\/span><\/span> <span class=\"TextRun SCXW175684281 BCX4\" lang=\"DE-DE\" xml:lang=\"DE-DE\" data-contrast=\"auto\"><span class=\"NormalTextRun SpellingErrorV2 SCXW175684281 BCX4\">Baroville<\/span><\/span><span class=\"TextRun SCXW175684281 BCX4\" lang=\"DE-DE\" xml:lang=\"DE-DE\" data-contrast=\"auto\"><span class=\"NormalTextRun SCXW175684281 BCX4\">\u201c <\/span><\/span><span class=\"TextRun SCXW175684281 BCX4\" lang=\"DE-DE\" xml:lang=\"DE-DE\" data-contrast=\"auto\"><span class=\"NormalTextRun SCXW175684281 BCX4\">zu gr\u00fcnden. Zu Beginn <\/span><\/span><span class=\"TextRun SCXW175684281 BCX4\" lang=\"DE-DE\" xml:lang=\"DE-DE\" data-contrast=\"auto\"><span class=\"NormalTextRun SCXW175684281 BCX4\">handelte es sich hierbei um eine reine <\/span><\/span><span class=\"TextRun SCXW175684281 BCX4\" lang=\"DE-DE\" xml:lang=\"DE-DE\" data-contrast=\"auto\"><span class=\"NormalTextRun SCXW175684281 BCX4\">St\u00e4tte f\u00fcr die Pressung der Trauben, im <\/span><\/span><span class=\"TextRun SCXW175684281 BCX4\" lang=\"DE-DE\" xml:lang=\"DE-DE\" data-contrast=\"auto\"><span class=\"NormalTextRun SpellingErrorV2 SCXW175684281 BCX4\">Laufe<\/span><\/span><span class=\"TextRun SCXW175684281 BCX4\" lang=\"DE-DE\" xml:lang=\"DE-DE\" data-contrast=\"auto\"><span class=\"NormalTextRun SCXW175684281 BCX4\"> der Zeit begann die Kooperative jedoch auch eigenen Champagner zu kreieren und gab sich den Namen <a href=\"https:\/\/foufou-champagne.com\/de\/produkt-kategorie\/de-barfontarc-champagner\/\">\u201eDe <\/a><\/span><\/span><a href=\"https:\/\/foufou-champagne.com\/de\/produkt-kategorie\/de-barfontarc-champagner\/\"><span class=\"TextRun SCXW175684281 BCX4\" lang=\"DE-DE\" xml:lang=\"DE-DE\" data-contrast=\"auto\"><span class=\"NormalTextRun SpellingErrorV2 SCXW175684281 BCX4\">Barfontarc<\/span><\/span><\/a><span class=\"TextRun SCXW175684281 BCX4\" lang=\"DE-DE\" xml:lang=\"DE-DE\" data-contrast=\"auto\"><span class=\"NormalTextRun SCXW175684281 BCX4\">\u201c zusammen<\/span><\/span><span class=\"TextRun SCXW175684281 BCX4\" lang=\"DE-DE\" xml:lang=\"DE-DE\" data-contrast=\"auto\"><span class=\"NormalTextRun SCXW175684281 BCX4\">gesetzt aus den ersten Silben der Anbaugebiete. <\/span><\/span><span class=\"TextRun SCXW175684281 BCX4\" lang=\"DE-DE\" xml:lang=\"DE-DE\" data-contrast=\"auto\"><span class=\"NormalTextRun SCXW175684281 BCX4\">Auch heutzutage sind immer noch dieselben Winzer <\/span><\/span><span class=\"TextRun SCXW175684281 BCX4\" lang=\"DE-DE\" xml:lang=\"DE-DE\" data-contrast=\"auto\"><span class=\"NormalTextRun ContextualSpellingAndGrammarErrorV2 SCXW175684281 BCX4\">teil<\/span><\/span><span class=\"TextRun SCXW175684281 BCX4\" lang=\"DE-DE\" xml:lang=\"DE-DE\" data-contrast=\"auto\"><span class=\"NormalTextRun SCXW175684281 BCX4\"> der <\/span><\/span><span class=\"TextRun SCXW175684281 BCX4\" lang=\"DE-DE\" xml:lang=\"DE-DE\" data-contrast=\"auto\"><span class=\"NormalTextRun SCXW175684281 BCX4\">in <\/span><\/span><span class=\"TextRun SCXW175684281 BCX4\" lang=\"DE-DE\" xml:lang=\"DE-DE\" data-contrast=\"auto\"><span class=\"NormalTextRun SpellingErrorV2 SCXW175684281 BCX4\">Baroville<\/span><\/span><span class=\"TextRun SCXW175684281 BCX4\" lang=\"DE-DE\" xml:lang=\"DE-DE\" data-contrast=\"auto\"><span class=\"NormalTextRun SCXW175684281 BCX4\"> ans\u00e4ssigen <\/span><\/span><span class=\"TextRun SCXW175684281 BCX4\" lang=\"DE-DE\" xml:lang=\"DE-DE\" data-contrast=\"auto\"><span class=\"NormalTextRun SCXW175684281 BCX4\">Kooperative un<\/span><\/span><span class=\"TextRun SCXW175684281 BCX4\" lang=\"DE-DE\" xml:lang=\"DE-DE\" data-contrast=\"auto\"><span class=\"NormalTextRun SCXW175684281 BCX4\">d bewirtschaften insgesamt 112 Hektar Reben, wof\u00fcr 20 Personen angestellt wurden.<\/span><\/span><span class=\"TextRun SCXW175684281 BCX4\" lang=\"DE-DE\" xml:lang=\"DE-DE\" data-contrast=\"auto\"><span class=\"NormalTextRun SCXW175684281 BCX4\"> Im Laufe der Jahre gelang es \u201eDe <\/span><\/span><span class=\"TextRun SCXW175684281 BCX4\" lang=\"DE-DE\" xml:lang=\"DE-DE\" data-contrast=\"auto\"><span class=\"NormalTextRun SpellingErrorV2 SCXW175684281 BCX4\">Barfontarc<\/span><\/span><span class=\"TextRun SCXW175684281 BCX4\" lang=\"DE-DE\" xml:lang=\"DE-DE\" data-contrast=\"auto\"><span class=\"NormalTextRun SCXW175684281 BCX4\">\u201c <\/span><\/span><span class=\"TextRun SCXW175684281 BCX4\" lang=\"DE-DE\" xml:lang=\"DE-DE\" data-contrast=\"auto\"><span class=\"NormalTextRun SCXW175684281 BCX4\">eine gro\u00dfe Kollektion an fruchtigen Champagnern <\/span><\/span><span class=\"TextRun SCXW175684281 BCX4\" lang=\"DE-DE\" xml:lang=\"DE-DE\" data-contrast=\"auto\"><span class=\"NormalTextRun SCXW175684281 BCX4\">zu entwickeln, welche besonders typisch f\u00fcr den s\u00fcdlicheren Teil der Champagne sind und daf\u00fcr regelm\u00e4\u00dfig Preise gewinnen.<\/span><\/span><\/p>\n<\/div>\n<\/div>\n<\/div>\n<\/div>\n<\/div>\n<\/div>\n<\/div>\n","protected":false},"excerpt":{"rendered":"<p>Die fruchtige Eleganz eines Ros\u00e9-Champagners. Hellrosa, fruchtig. Mit viel Anmut und Eleganz. Der perfekte Aperitif Ros\u00e9 von De Barfontarc.<\/p>\n","protected":false},"featured_media":14937,"comment_status":"open","ping_status":"closed","template":"","meta":{"_acf_changed":false,"_editorskit_title_hidden":false,"_editorskit_reading_time":0,"_editorskit_is_block_options_detached":false,"_editorskit_block_options_position":"{}","_coblocks_attr":"","_coblocks_dimensions":"","_coblocks_responsive_height":"","_coblocks_accordion_ie_support":""},"product_brand":[],"product_cat":[15,438,512],"product_tag":[212,213,91],"class_list":{"0":"post-14933","1":"product","2":"type-product","3":"status-publish","4":"has-post-thumbnail","6":"product_cat-champagner","7":"product_cat-de-barfontarc-champagner","8":"product_cat-rose-champagner","9":"product_tag-aperitif","10":"product_tag-brut","11":"product_tag-rose-champagner","12":"product_shipping_class-standard","13":"pa_kategorie-rose-champagner","15":"first","16":"instock","17":"taxable","18":"shipping-taxable","19":"purchasable","20":"product-type-composite"},"composite_virtual":false,"composite_layout":"single","composite_add_to_cart_form_location":"default","composite_editable_in_cart":false,"composite_sold_individually_context":"product","composite_shop_price_calc":"defaults","composite_components":[{"id":"1686183616","title":"Geschenkverpackung (optional)","description":"","query_type":"product_ids","query_ids":[13154],"default_option_id":"","thumbnail_id":"","thumbnail_src":"","quantity_min":1,"quantity_max":1,"priced_individually":true,"shipped_individually":false,"optional":true,"discount":"","options_style":"dropdowns","pagination_style":"classic","display_prices":"absolute","show_sorting_options":false,"show_filtering_options":false,"attribute_filter_ids":[],"select_action":"view","product_title_visible":false,"product_descr_visible":true,"product_price_visible":true,"product_thumb_visible":true,"subtotal_visible_product":false,"subtotal_visible_cart":false,"subtotal_visible_orders":false,"product_addons_visible":true},{"id":"1686183617","title":"Gru\u00dfkarte mit Mini-Bouquet (optional)","description":"","query_type":"category_ids","query_ids":[635],"default_option_id":"","thumbnail_id":"","thumbnail_src":"","quantity_min":1,"quantity_max":1,"priced_individually":true,"shipped_individually":false,"optional":true,"discount":"","options_style":"dropdowns","pagination_style":"classic","display_prices":"absolute","show_sorting_options":false,"show_filtering_options":false,"attribute_filter_ids":[],"select_action":"view","product_title_visible":false,"product_descr_visible":true,"product_price_visible":true,"product_thumb_visible":true,"subtotal_visible_product":false,"subtotal_visible_cart":false,"subtotal_visible_orders":false,"product_addons_visible":true}],"composite_scenarios":[],"exclude_global_add_ons":[],"addons":[],"acf":[],"yoast_head":"<!-- This site is optimized with the Yoast SEO plugin v26.8 - https:\/\/yoast.com\/product\/yoast-seo-wordpress\/ -->\n<title>De Barfontarc Ros\u00e9 Brut online kaufen | FOUFOU CHAMPAGNE<\/title>\n<meta name=\"description\" content=\"Hellrosa, fruchtig. Mit viel Anmut und Eleganz. Der perfekte Aperitif Ros\u00e9 von De Barfontarc. Erfahre hier mehr.\" \/>\n<meta name=\"robots\" content=\"index, follow, max-snippet:-1, max-image-preview:large, max-video-preview:-1\" \/>\n<link rel=\"canonical\" href=\"https:\/\/foufou-champagne.com\/de\/champagner\/de-barfontarc-rose-caractere-brut\/\" \/>\n<meta property=\"og:locale\" content=\"de_DE\" \/>\n<meta property=\"og:type\" content=\"article\" \/>\n<meta property=\"og:title\" content=\"De Barfontarc Ros\u00e9 Brut online kaufen | FOUFOU CHAMPAGNE\" \/>\n<meta property=\"og:description\" content=\"Hellrosa, fruchtig. Mit viel Anmut und Eleganz. Der perfekte Aperitif Ros\u00e9 von De Barfontarc. Erfahre hier mehr.\" \/>\n<meta property=\"og:url\" content=\"https:\/\/foufou-champagne.com\/de\/champagner\/de-barfontarc-rose-caractere-brut\/\" \/>\n<meta property=\"og:site_name\" content=\"foufou-champagne.com\" \/>\n<meta property=\"article:modified_time\" content=\"2026-03-31T07:36:41+00:00\" \/>\n<meta property=\"og:image\" content=\"https:\/\/foufou-champagne.com\/wp-content\/uploads\/2024\/04\/Champagne-Barfontarc-Caractere-FouFou-Champagne-Boutique7.png\" \/>\n\t<meta property=\"og:image:width\" content=\"800\" \/>\n\t<meta property=\"og:image:height\" content=\"1000\" \/>\n\t<meta property=\"og:image:type\" content=\"image\/png\" \/>\n<meta name=\"twitter:card\" content=\"summary_large_image\" \/>\n<meta name=\"twitter:label1\" content=\"Gesch\u00e4tzte Lesezeit\" \/>\n\t<meta name=\"twitter:data1\" content=\"2\u00a0Minuten\" \/>\n<script type=\"application\/ld+json\" class=\"yoast-schema-graph\">{\"@context\":\"https:\/\/schema.org\",\"@graph\":[{\"@type\":\"WebPage\",\"@id\":\"https:\/\/foufou-champagne.com\/de\/champagner\/de-barfontarc-rose-caractere-brut\/\",\"url\":\"https:\/\/foufou-champagne.com\/de\/champagner\/de-barfontarc-rose-caractere-brut\/\",\"name\":\"De Barfontarc Ros\u00e9 Brut online kaufen | FOUFOU CHAMPAGNE\",\"isPartOf\":{\"@id\":\"https:\/\/foufou-champagne.com\/de\/#website\"},\"primaryImageOfPage\":{\"@id\":\"https:\/\/foufou-champagne.com\/de\/champagner\/de-barfontarc-rose-caractere-brut\/#primaryimage\"},\"image\":{\"@id\":\"https:\/\/foufou-champagne.com\/de\/champagner\/de-barfontarc-rose-caractere-brut\/#primaryimage\"},\"thumbnailUrl\":\"https:\/\/foufou-champagne.com\/wp-content\/uploads\/2024\/04\/Champagne-Barfontarc-Caractere-FouFou-Champagne-Boutique7.png\",\"datePublished\":\"2024-07-23T13:02:23+00:00\",\"dateModified\":\"2026-03-31T07:36:41+00:00\",\"description\":\"Hellrosa, fruchtig. Mit viel Anmut und Eleganz. Der perfekte Aperitif Ros\u00e9 von De Barfontarc. Erfahre hier mehr.\",\"breadcrumb\":{\"@id\":\"https:\/\/foufou-champagne.com\/de\/champagner\/de-barfontarc-rose-caractere-brut\/#breadcrumb\"},\"inLanguage\":\"de\",\"potentialAction\":[{\"@type\":\"ReadAction\",\"target\":[\"https:\/\/foufou-champagne.com\/de\/champagner\/de-barfontarc-rose-caractere-brut\/\"]}]},{\"@type\":\"ImageObject\",\"inLanguage\":\"de\",\"@id\":\"https:\/\/foufou-champagne.com\/de\/champagner\/de-barfontarc-rose-caractere-brut\/#primaryimage\",\"url\":\"https:\/\/foufou-champagne.com\/wp-content\/uploads\/2024\/04\/Champagne-Barfontarc-Caractere-FouFou-Champagne-Boutique7.png\",\"contentUrl\":\"https:\/\/foufou-champagne.com\/wp-content\/uploads\/2024\/04\/Champagne-Barfontarc-Caractere-FouFou-Champagne-Boutique7.png\",\"width\":800,\"height\":1000},{\"@type\":\"BreadcrumbList\",\"@id\":\"https:\/\/foufou-champagne.com\/de\/champagner\/de-barfontarc-rose-caractere-brut\/#breadcrumb\",\"itemListElement\":[{\"@type\":\"ListItem\",\"position\":1,\"name\":\"Startseite\",\"item\":\"https:\/\/foufou-champagne.com\/de\/\"},{\"@type\":\"ListItem\",\"position\":2,\"name\":\"Shop\",\"item\":\"https:\/\/foufou-champagne.com\/de\/shop\/\"},{\"@type\":\"ListItem\",\"position\":3,\"name\":\"De Barfontarc Ros\u00e9 Brut\"}]},{\"@type\":\"WebSite\",\"@id\":\"https:\/\/foufou-champagne.com\/de\/#website\",\"url\":\"https:\/\/foufou-champagne.com\/de\/\",\"name\":\"foufou-champagne.com\",\"description\":\"CHAMPAGNE BOUTIQUE\",\"potentialAction\":[{\"@type\":\"SearchAction\",\"target\":{\"@type\":\"EntryPoint\",\"urlTemplate\":\"https:\/\/foufou-champagne.com\/de\/?s={search_term_string}\"},\"query-input\":{\"@type\":\"PropertyValueSpecification\",\"valueRequired\":true,\"valueName\":\"search_term_string\"}}],\"inLanguage\":\"de\"}]}<\/script>\n<!-- \/ Yoast SEO plugin. -->","yoast_head_json":{"title":"De Barfontarc Ros\u00e9 Brut online kaufen | FOUFOU CHAMPAGNE","description":"Hellrosa, fruchtig. Mit viel Anmut und Eleganz. Der perfekte Aperitif Ros\u00e9 von De Barfontarc. Erfahre hier mehr.","robots":{"index":"index","follow":"follow","max-snippet":"max-snippet:-1","max-image-preview":"max-image-preview:large","max-video-preview":"max-video-preview:-1"},"canonical":"https:\/\/foufou-champagne.com\/de\/champagner\/de-barfontarc-rose-caractere-brut\/","og_locale":"de_DE","og_type":"article","og_title":"De Barfontarc Ros\u00e9 Brut online kaufen | FOUFOU CHAMPAGNE","og_description":"Hellrosa, fruchtig. Mit viel Anmut und Eleganz. Der perfekte Aperitif Ros\u00e9 von De Barfontarc. Erfahre hier mehr.","og_url":"https:\/\/foufou-champagne.com\/de\/champagner\/de-barfontarc-rose-caractere-brut\/","og_site_name":"foufou-champagne.com","article_modified_time":"2026-03-31T07:36:41+00:00","og_image":[{"width":800,"height":1000,"url":"https:\/\/foufou-champagne.com\/wp-content\/uploads\/2024\/04\/Champagne-Barfontarc-Caractere-FouFou-Champagne-Boutique7.png","type":"image\/png"}],"twitter_card":"summary_large_image","twitter_misc":{"Gesch\u00e4tzte Lesezeit":"2\u00a0Minuten"},"schema":{"@context":"https:\/\/schema.org","@graph":[{"@type":"WebPage","@id":"https:\/\/foufou-champagne.com\/de\/champagner\/de-barfontarc-rose-caractere-brut\/","url":"https:\/\/foufou-champagne.com\/de\/champagner\/de-barfontarc-rose-caractere-brut\/","name":"De Barfontarc Ros\u00e9 Brut online kaufen | FOUFOU CHAMPAGNE","isPartOf":{"@id":"https:\/\/foufou-champagne.com\/de\/#website"},"primaryImageOfPage":{"@id":"https:\/\/foufou-champagne.com\/de\/champagner\/de-barfontarc-rose-caractere-brut\/#primaryimage"},"image":{"@id":"https:\/\/foufou-champagne.com\/de\/champagner\/de-barfontarc-rose-caractere-brut\/#primaryimage"},"thumbnailUrl":"https:\/\/foufou-champagne.com\/wp-content\/uploads\/2024\/04\/Champagne-Barfontarc-Caractere-FouFou-Champagne-Boutique7.png","datePublished":"2024-07-23T13:02:23+00:00","dateModified":"2026-03-31T07:36:41+00:00","description":"Hellrosa, fruchtig. Mit viel Anmut und Eleganz. Der perfekte Aperitif Ros\u00e9 von De Barfontarc. Erfahre hier mehr.","breadcrumb":{"@id":"https:\/\/foufou-champagne.com\/de\/champagner\/de-barfontarc-rose-caractere-brut\/#breadcrumb"},"inLanguage":"de","potentialAction":[{"@type":"ReadAction","target":["https:\/\/foufou-champagne.com\/de\/champagner\/de-barfontarc-rose-caractere-brut\/"]}]},{"@type":"ImageObject","inLanguage":"de","@id":"https:\/\/foufou-champagne.com\/de\/champagner\/de-barfontarc-rose-caractere-brut\/#primaryimage","url":"https:\/\/foufou-champagne.com\/wp-content\/uploads\/2024\/04\/Champagne-Barfontarc-Caractere-FouFou-Champagne-Boutique7.png","contentUrl":"https:\/\/foufou-champagne.com\/wp-content\/uploads\/2024\/04\/Champagne-Barfontarc-Caractere-FouFou-Champagne-Boutique7.png","width":800,"height":1000},{"@type":"BreadcrumbList","@id":"https:\/\/foufou-champagne.com\/de\/champagner\/de-barfontarc-rose-caractere-brut\/#breadcrumb","itemListElement":[{"@type":"ListItem","position":1,"name":"Startseite","item":"https:\/\/foufou-champagne.com\/de\/"},{"@type":"ListItem","position":2,"name":"Shop","item":"https:\/\/foufou-champagne.com\/de\/shop\/"},{"@type":"ListItem","position":3,"name":"De Barfontarc Ros\u00e9 Brut"}]},{"@type":"WebSite","@id":"https:\/\/foufou-champagne.com\/de\/#website","url":"https:\/\/foufou-champagne.com\/de\/","name":"foufou-champagne.com","description":"CHAMPAGNE BOUTIQUE","potentialAction":[{"@type":"SearchAction","target":{"@type":"EntryPoint","urlTemplate":"https:\/\/foufou-champagne.com\/de\/?s={search_term_string}"},"query-input":{"@type":"PropertyValueSpecification","valueRequired":true,"valueName":"search_term_string"}}],"inLanguage":"de"}]}},"_links":{"self":[{"href":"https:\/\/foufou-champagne.com\/de\/wp-json\/wp\/v2\/product\/14933","targetHints":{"allow":["GET"]}}],"collection":[{"href":"https:\/\/foufou-champagne.com\/de\/wp-json\/wp\/v2\/product"}],"about":[{"href":"https:\/\/foufou-champagne.com\/de\/wp-json\/wp\/v2\/types\/product"}],"replies":[{"embeddable":true,"href":"https:\/\/foufou-champagne.com\/de\/wp-json\/wp\/v2\/comments?post=14933"}],"wp:featuredmedia":[{"embeddable":true,"href":"https:\/\/foufou-champagne.com\/de\/wp-json\/wp\/v2\/media\/14937"}],"wp:attachment":[{"href":"https:\/\/foufou-champagne.com\/de\/wp-json\/wp\/v2\/media?parent=14933"}],"wp:term":[{"taxonomy":"product_brand","embeddable":true,"href":"https:\/\/foufou-champagne.com\/de\/wp-json\/wp\/v2\/product_brand?post=14933"},{"taxonomy":"product_cat","embeddable":true,"href":"https:\/\/foufou-champagne.com\/de\/wp-json\/wp\/v2\/product_cat?post=14933"},{"taxonomy":"product_tag","embeddable":true,"href":"https:\/\/foufou-champagne.com\/de\/wp-json\/wp\/v2\/product_tag?post=14933"}],"curies":[{"name":"wp","href":"https:\/\/api.w.org\/{rel}","templated":true}]}}