{"id":14993,"date":"2024-11-15T12:29:16","date_gmt":"2024-11-15T11:29:16","guid":{"rendered":"https:\/\/foufou-champagne.com\/?post_type=product&#038;p=14993"},"modified":"2025-12-22T00:00:38","modified_gmt":"2025-12-21T23:00:38","slug":"alexis-arietis-vandieres-brut-nature","status":"publish","type":"product","link":"https:\/\/foufou-champagne.com\/de\/champagner\/alexis-arietis-vandieres-brut-nature\/","title":{"rendered":"Alexis Arietis Vandi\u00e8res Brut Nature"},"content":{"rendered":"<h4>Der Champagner<\/h4>\n<p>Der <strong>Arietis Vandi\u00e8res Brut Nature NV<\/strong> von Alexis Leconte ist ein Champagner, der mit seiner Raffinesse und Lebendigkeit beeindruckt. Hergestellt aus <strong>100 % Pinot Meunier<\/strong>, zeigt er die Vielseitigkeit dieser Rebsorte, die f\u00fcr fruchtbetonte und zug\u00e4ngliche Weine mit leichter tropischer Note steht.<\/p>\n<p>Bereits in der Nase entfaltet sich eine feine, k\u00fchle Frische mit zarten Zitrusnoten und einer subtilen W\u00fcrze, die den Champagner fokussiert und pr\u00e4zise wirken l\u00e4sst. Am Gaumen begeistert die pr\u00e4sente Perlage und eine au\u00dfergew\u00f6hnliche Leichtigkeit. Die typische Meunier-W\u00fcrze bleibt dezent und unterstreicht die elegante Struktur des Arietis.<\/p>\n<p>Die Trauben stammen aus den charaktervollen Lagen La Perchotte und La Forzie, deren B\u00f6den von Kalk, Mergel, Ton und Sand gepr\u00e4gt sind. Der Ausbau erfolgt in 400-Liter-Tonneaux ohne malolaktische G\u00e4rung. Nach der Tirage im April 2020 und dem D\u00e9gorgement im M\u00e4rz 2022 bleibt der Champagner dank des Verzichts auf Dosage authentisch und puristisch.<\/p>\n<h4>Tasting Note<\/h4>\n<p>Im Glas pr\u00e4sentiert sich der Alexis Vandi\u00e8res mit mittlerem Strohgelb und feiner Perlage.<\/p>\n<p>In der Nase entfaltet er einen cremigen Duft von Vanillebutter, Lemoncurd und Mandarine, erg\u00e4nzt durch Noten von Cointreau und wei\u00dfem Tee.<\/p>\n<p>Am Gaumen beeindruckt er mit einer pr\u00e4zisen Balance zwischen heller Frucht und brillantem Druck, begleitet von Zitrusnoten, Kernobst und frischem Hefebrot. Die elegante S\u00e4ure und das salzige Finale mit rauchigen Ankl\u00e4ngen verleihen diesem Champagner eine besondere Tiefe.<\/p>\n<h4>Passt zu<\/h4>\n<p>Passt perfekt zu Pilzgerichten, Schweinemedaillons oder Rindfleisch.<\/p>\n<div class=\"row row--collapse align-left\">\n<div class=\"col col-sm-12 col-xlg-12\">\n<div class=\"cmsPlainText\">\n<div class=\"row\">\n<div class=\"col col-sm-12\">\n<div class=\"cmsPlainText__content\">\n<div class=\"cmsPlainText__split cmsPlainText__split--1\">\n<h4>Das Champagnerhaus Alexis<\/h4>\n<p>Alexis Leconte, in sechster Generation der Champagne Xavier Leconte, bewirtschaftet seine Weinberge in Troissy, Dormans, Mareuil-le-Port, Vandi\u00e8res und Ay nach biodynamischen Prinzipien. Er legt gro\u00dfen Wert auf den Erhalt des Bodens und die Produktion gesunder Trauben, um Weine zu erzeugen, die das Terroir in all seiner Komplexit\u00e4t widerspiegeln. Die Vinifikation erfolgt in Eichenf\u00e4ssern und\/oder Terrakotta-Amphoren mit spontaner G\u00e4rung durch einheimische Hefen, ohne malolaktische G\u00e4rung und mit minimaler oder keiner Dosage. Seine Champagner zeichnen sich durch Komplexit\u00e4t, Konsistenz, Tiefe und Harmonie aus.<\/p>\n<\/div>\n<\/div>\n<\/div>\n<\/div>\n<\/div>\n<\/div>\n<\/div>\n","protected":false},"excerpt":{"rendered":"<p>Ein fokussierter und pr\u00e4ziser Champagner aus 100 % Pinot Meunier, der mit feiner W\u00fcrze, lebendiger Frische und zarten Zitrusnoten begeistert.<\/p>\n","protected":false},"featured_media":14989,"comment_status":"open","ping_status":"closed","template":"","meta":{"_acf_changed":false,"_editorskit_title_hidden":false,"_editorskit_reading_time":0,"_editorskit_is_block_options_detached":false,"_editorskit_block_options_position":"{}","_coblocks_attr":"","_coblocks_dimensions":"","_coblocks_responsive_height":"","_coblocks_accordion_ie_support":""},"product_brand":[],"product_cat":[15,1257,66],"product_tag":[642,1066],"class_list":{"0":"post-14993","1":"product","2":"type-product","3":"status-publish","4":"has-post-thumbnail","6":"product_cat-champagner","7":"product_cat-alexis-champagner","8":"product_cat-bio-champagner","9":"product_tag-brut-nature","10":"product_tag-pinot-meunier","11":"product_shipping_class-standard","13":"first","14":"instock","15":"taxable","16":"shipping-taxable","17":"purchasable","18":"product-type-composite"},"composite_virtual":false,"composite_layout":"single","composite_add_to_cart_form_location":"default","composite_editable_in_cart":false,"composite_sold_individually_context":"product","composite_shop_price_calc":"defaults","composite_components":[{"id":"1690890259","title":"Geschenkverpackung (optional)","description":"","query_type":"product_ids","query_ids":[13154],"default_option_id":"","thumbnail_id":"","thumbnail_src":"","quantity_min":1,"quantity_max":1,"priced_individually":true,"shipped_individually":false,"optional":true,"discount":"","options_style":"dropdowns","pagination_style":"classic","display_prices":"absolute","show_sorting_options":false,"show_filtering_options":false,"attribute_filter_ids":[],"select_action":"view","product_title_visible":false,"product_descr_visible":true,"product_price_visible":true,"product_thumb_visible":true,"subtotal_visible_product":false,"subtotal_visible_cart":false,"subtotal_visible_orders":false,"product_addons_visible":true},{"id":"1690890260","title":"Gru\u00dfkarte mit Mini-Bouquet (optional)","description":"","query_type":"category_ids","query_ids":[635],"default_option_id":"","thumbnail_id":"","thumbnail_src":"","quantity_min":1,"quantity_max":1,"priced_individually":true,"shipped_individually":false,"optional":true,"discount":"","options_style":"dropdowns","pagination_style":"classic","display_prices":"absolute","show_sorting_options":false,"show_filtering_options":false,"attribute_filter_ids":[],"select_action":"view","product_title_visible":false,"product_descr_visible":true,"product_price_visible":true,"product_thumb_visible":true,"subtotal_visible_product":false,"subtotal_visible_cart":false,"subtotal_visible_orders":false,"product_addons_visible":true}],"composite_scenarios":[],"exclude_global_add_ons":[],"addons":[],"acf":[],"yoast_head":"<!-- This site is optimized with the Yoast SEO plugin v26.8 - https:\/\/yoast.com\/product\/yoast-seo-wordpress\/ -->\n<title>Alexis Arietis Vandi\u00e8res kaufen | FOUFOU CHAMPAGNE<\/title>\n<meta name=\"robots\" content=\"index, follow, max-snippet:-1, max-image-preview:large, max-video-preview:-1\" \/>\n<link rel=\"canonical\" href=\"https:\/\/foufou-champagne.com\/de\/champagner\/alexis-arietis-vandieres-brut-nature\/\" \/>\n<meta property=\"og:locale\" content=\"de_DE\" \/>\n<meta property=\"og:type\" content=\"article\" \/>\n<meta property=\"og:title\" content=\"Alexis Arietis Vandi\u00e8res kaufen | FOUFOU CHAMPAGNE\" \/>\n<meta property=\"og:description\" content=\"Ein fokussierter und pr\u00e4ziser Champagner aus 100 % Pinot Meunier, der mit feiner W\u00fcrze, lebendiger Frische und zarten Zitrusnoten begeistert.\" \/>\n<meta property=\"og:url\" content=\"https:\/\/foufou-champagne.com\/de\/champagner\/alexis-arietis-vandieres-brut-nature\/\" \/>\n<meta property=\"og:site_name\" content=\"foufou-champagne.com\" \/>\n<meta property=\"article:modified_time\" content=\"2025-12-21T23:00:38+00:00\" \/>\n<meta property=\"og:image\" content=\"https:\/\/foufou-champagne.com\/wp-content\/uploads\/2024\/08\/Champagne-Arietis-FouFou-Champagne-Boutique.png\" \/>\n\t<meta property=\"og:image:width\" content=\"800\" \/>\n\t<meta property=\"og:image:height\" content=\"1000\" \/>\n\t<meta property=\"og:image:type\" content=\"image\/png\" \/>\n<meta name=\"twitter:card\" content=\"summary_large_image\" \/>\n<meta name=\"twitter:label1\" content=\"Gesch\u00e4tzte Lesezeit\" \/>\n\t<meta name=\"twitter:data1\" content=\"2\u00a0Minuten\" \/>\n<script type=\"application\/ld+json\" class=\"yoast-schema-graph\">{\"@context\":\"https:\/\/schema.org\",\"@graph\":[{\"@type\":\"WebPage\",\"@id\":\"https:\/\/foufou-champagne.com\/de\/champagner\/alexis-arietis-vandieres-brut-nature\/\",\"url\":\"https:\/\/foufou-champagne.com\/de\/champagner\/alexis-arietis-vandieres-brut-nature\/\",\"name\":\"Alexis Arietis Vandi\u00e8res kaufen | FOUFOU CHAMPAGNE\",\"isPartOf\":{\"@id\":\"https:\/\/foufou-champagne.com\/de\/#website\"},\"primaryImageOfPage\":{\"@id\":\"https:\/\/foufou-champagne.com\/de\/champagner\/alexis-arietis-vandieres-brut-nature\/#primaryimage\"},\"image\":{\"@id\":\"https:\/\/foufou-champagne.com\/de\/champagner\/alexis-arietis-vandieres-brut-nature\/#primaryimage\"},\"thumbnailUrl\":\"https:\/\/foufou-champagne.com\/wp-content\/uploads\/2024\/08\/Champagne-Arietis-FouFou-Champagne-Boutique.png\",\"datePublished\":\"2024-11-15T11:29:16+00:00\",\"dateModified\":\"2025-12-21T23:00:38+00:00\",\"breadcrumb\":{\"@id\":\"https:\/\/foufou-champagne.com\/de\/champagner\/alexis-arietis-vandieres-brut-nature\/#breadcrumb\"},\"inLanguage\":\"de\",\"potentialAction\":[{\"@type\":\"ReadAction\",\"target\":[\"https:\/\/foufou-champagne.com\/de\/champagner\/alexis-arietis-vandieres-brut-nature\/\"]}]},{\"@type\":\"ImageObject\",\"inLanguage\":\"de\",\"@id\":\"https:\/\/foufou-champagne.com\/de\/champagner\/alexis-arietis-vandieres-brut-nature\/#primaryimage\",\"url\":\"https:\/\/foufou-champagne.com\/wp-content\/uploads\/2024\/08\/Champagne-Arietis-FouFou-Champagne-Boutique.png\",\"contentUrl\":\"https:\/\/foufou-champagne.com\/wp-content\/uploads\/2024\/08\/Champagne-Arietis-FouFou-Champagne-Boutique.png\",\"width\":800,\"height\":1000},{\"@type\":\"BreadcrumbList\",\"@id\":\"https:\/\/foufou-champagne.com\/de\/champagner\/alexis-arietis-vandieres-brut-nature\/#breadcrumb\",\"itemListElement\":[{\"@type\":\"ListItem\",\"position\":1,\"name\":\"Startseite\",\"item\":\"https:\/\/foufou-champagne.com\/de\/\"},{\"@type\":\"ListItem\",\"position\":2,\"name\":\"Shop\",\"item\":\"https:\/\/foufou-champagne.com\/de\/shop\/\"},{\"@type\":\"ListItem\",\"position\":3,\"name\":\"Alexis Arietis Vandi\u00e8res Brut Nature\"}]},{\"@type\":\"WebSite\",\"@id\":\"https:\/\/foufou-champagne.com\/de\/#website\",\"url\":\"https:\/\/foufou-champagne.com\/de\/\",\"name\":\"foufou-champagne.com\",\"description\":\"CHAMPAGNE BOUTIQUE\",\"potentialAction\":[{\"@type\":\"SearchAction\",\"target\":{\"@type\":\"EntryPoint\",\"urlTemplate\":\"https:\/\/foufou-champagne.com\/de\/?s={search_term_string}\"},\"query-input\":{\"@type\":\"PropertyValueSpecification\",\"valueRequired\":true,\"valueName\":\"search_term_string\"}}],\"inLanguage\":\"de\"}]}<\/script>\n<!-- \/ Yoast SEO plugin. -->","yoast_head_json":{"title":"Alexis Arietis Vandi\u00e8res kaufen | FOUFOU CHAMPAGNE","robots":{"index":"index","follow":"follow","max-snippet":"max-snippet:-1","max-image-preview":"max-image-preview:large","max-video-preview":"max-video-preview:-1"},"canonical":"https:\/\/foufou-champagne.com\/de\/champagner\/alexis-arietis-vandieres-brut-nature\/","og_locale":"de_DE","og_type":"article","og_title":"Alexis Arietis Vandi\u00e8res kaufen | FOUFOU CHAMPAGNE","og_description":"Ein fokussierter und pr\u00e4ziser Champagner aus 100 % Pinot Meunier, der mit feiner W\u00fcrze, lebendiger Frische und zarten Zitrusnoten begeistert.","og_url":"https:\/\/foufou-champagne.com\/de\/champagner\/alexis-arietis-vandieres-brut-nature\/","og_site_name":"foufou-champagne.com","article_modified_time":"2025-12-21T23:00:38+00:00","og_image":[{"width":800,"height":1000,"url":"https:\/\/foufou-champagne.com\/wp-content\/uploads\/2024\/08\/Champagne-Arietis-FouFou-Champagne-Boutique.png","type":"image\/png"}],"twitter_card":"summary_large_image","twitter_misc":{"Gesch\u00e4tzte Lesezeit":"2\u00a0Minuten"},"schema":{"@context":"https:\/\/schema.org","@graph":[{"@type":"WebPage","@id":"https:\/\/foufou-champagne.com\/de\/champagner\/alexis-arietis-vandieres-brut-nature\/","url":"https:\/\/foufou-champagne.com\/de\/champagner\/alexis-arietis-vandieres-brut-nature\/","name":"Alexis Arietis Vandi\u00e8res kaufen | FOUFOU CHAMPAGNE","isPartOf":{"@id":"https:\/\/foufou-champagne.com\/de\/#website"},"primaryImageOfPage":{"@id":"https:\/\/foufou-champagne.com\/de\/champagner\/alexis-arietis-vandieres-brut-nature\/#primaryimage"},"image":{"@id":"https:\/\/foufou-champagne.com\/de\/champagner\/alexis-arietis-vandieres-brut-nature\/#primaryimage"},"thumbnailUrl":"https:\/\/foufou-champagne.com\/wp-content\/uploads\/2024\/08\/Champagne-Arietis-FouFou-Champagne-Boutique.png","datePublished":"2024-11-15T11:29:16+00:00","dateModified":"2025-12-21T23:00:38+00:00","breadcrumb":{"@id":"https:\/\/foufou-champagne.com\/de\/champagner\/alexis-arietis-vandieres-brut-nature\/#breadcrumb"},"inLanguage":"de","potentialAction":[{"@type":"ReadAction","target":["https:\/\/foufou-champagne.com\/de\/champagner\/alexis-arietis-vandieres-brut-nature\/"]}]},{"@type":"ImageObject","inLanguage":"de","@id":"https:\/\/foufou-champagne.com\/de\/champagner\/alexis-arietis-vandieres-brut-nature\/#primaryimage","url":"https:\/\/foufou-champagne.com\/wp-content\/uploads\/2024\/08\/Champagne-Arietis-FouFou-Champagne-Boutique.png","contentUrl":"https:\/\/foufou-champagne.com\/wp-content\/uploads\/2024\/08\/Champagne-Arietis-FouFou-Champagne-Boutique.png","width":800,"height":1000},{"@type":"BreadcrumbList","@id":"https:\/\/foufou-champagne.com\/de\/champagner\/alexis-arietis-vandieres-brut-nature\/#breadcrumb","itemListElement":[{"@type":"ListItem","position":1,"name":"Startseite","item":"https:\/\/foufou-champagne.com\/de\/"},{"@type":"ListItem","position":2,"name":"Shop","item":"https:\/\/foufou-champagne.com\/de\/shop\/"},{"@type":"ListItem","position":3,"name":"Alexis Arietis Vandi\u00e8res Brut Nature"}]},{"@type":"WebSite","@id":"https:\/\/foufou-champagne.com\/de\/#website","url":"https:\/\/foufou-champagne.com\/de\/","name":"foufou-champagne.com","description":"CHAMPAGNE BOUTIQUE","potentialAction":[{"@type":"SearchAction","target":{"@type":"EntryPoint","urlTemplate":"https:\/\/foufou-champagne.com\/de\/?s={search_term_string}"},"query-input":{"@type":"PropertyValueSpecification","valueRequired":true,"valueName":"search_term_string"}}],"inLanguage":"de"}]}},"_links":{"self":[{"href":"https:\/\/foufou-champagne.com\/de\/wp-json\/wp\/v2\/product\/14993","targetHints":{"allow":["GET"]}}],"collection":[{"href":"https:\/\/foufou-champagne.com\/de\/wp-json\/wp\/v2\/product"}],"about":[{"href":"https:\/\/foufou-champagne.com\/de\/wp-json\/wp\/v2\/types\/product"}],"replies":[{"embeddable":true,"href":"https:\/\/foufou-champagne.com\/de\/wp-json\/wp\/v2\/comments?post=14993"}],"wp:featuredmedia":[{"embeddable":true,"href":"https:\/\/foufou-champagne.com\/de\/wp-json\/wp\/v2\/media\/14989"}],"wp:attachment":[{"href":"https:\/\/foufou-champagne.com\/de\/wp-json\/wp\/v2\/media?parent=14993"}],"wp:term":[{"taxonomy":"product_brand","embeddable":true,"href":"https:\/\/foufou-champagne.com\/de\/wp-json\/wp\/v2\/product_brand?post=14993"},{"taxonomy":"product_cat","embeddable":true,"href":"https:\/\/foufou-champagne.com\/de\/wp-json\/wp\/v2\/product_cat?post=14993"},{"taxonomy":"product_tag","embeddable":true,"href":"https:\/\/foufou-champagne.com\/de\/wp-json\/wp\/v2\/product_tag?post=14993"}],"curies":[{"name":"wp","href":"https:\/\/api.w.org\/{rel}","templated":true}]}}