{"id":14996,"date":"2024-11-15T14:11:35","date_gmt":"2024-11-15T13:11:35","guid":{"rendered":"https:\/\/foufou-champagne.com\/?post_type=product&#038;p=14996"},"modified":"2026-02-11T10:53:54","modified_gmt":"2026-02-11T09:53:54","slug":"alexis-totem-blanc-brut","status":"publish","type":"product","link":"https:\/\/foufou-champagne.com\/de\/champagner\/alexis-totem-blanc-brut\/","title":{"rendered":"Alexis Totem Blanc Brut"},"content":{"rendered":"<h4>Der Champagner<\/h4>\n<p>Der <strong>Totem Brut NV<\/strong> von Alexis Leconte ist der perfekte Einstieg in die Welt seiner charakterstarken Champagner. Diese Cuv\u00e9e aus <strong>70 % Pinot Meunier, 20 % Pinot Noir und 10 % Chardonnay<\/strong> verk\u00f6rpert pure Lebensfreude und Dynamik. Schon die Nase ist ausdrucksstark und w\u00fcrzig mit Aromen von wei\u00dfem Pfeffer und einem Hauch von Zitrusfr\u00fcchten. Am Gaumen setzt sich die Frische mit knackigen Zitrusnoten, Kalkmineralit\u00e4t und einer lebhaften Perlage fort. Der Totem pr\u00e4sentiert sich dabei unkompliziert, gro\u00dfz\u00fcgig und dennoch beeindruckend strukturiert. Sein Zug und Grip machen ihn zu einem Champagner, der Energie und Spa\u00df in jedes Glas bringt.<\/p>\n<p>Die sorgf\u00e4ltige Auswahl der Trauben und die reduzierte Dosage unterstreichen die Philosophie von Alexis Leconte: Champagner, die zug\u00e4nglich und zugleich tiefgr\u00fcndig sind, ohne Kompromisse bei der Qualit\u00e4t.<\/p>\n<h4>Tasting Note<\/h4>\n<p>Im Glas: Brillantes Goldgelb mit lebhafter, feinster Perlage.<br \/>\nIn der Nase: w\u00fcrzig und ausdrucksstark mit Noten von Liebst\u00f6ckel, wei\u00dfem Pfeffer und frischen Zitrusfr\u00fcchten wie Zitronenschale.<br \/>\nAm Gaumen: lebhaft, frisch und dynamisch mit Kalkmineralit\u00e4t, knackiger S\u00e4ure und einer fein prickelnden Perlage.<\/p>\n<h4>Passt zu<\/h4>\n<p>Der Totem Brut NV ist ein Allrounder f\u00fcr jede Gelegenheit: Perfekt als Aperitif, zu frischen Meeresfr\u00fcchten oder einem leichten Salat mit Kr\u00e4uterdressing.<\/p>\n<div class=\"row row--collapse align-left\">\n<div class=\"col col-sm-12 col-xlg-12\">\n<div class=\"cmsPlainText\">\n<div class=\"row\">\n<div class=\"col col-sm-12\">\n<div class=\"cmsPlainText__content\">\n<div class=\"cmsPlainText__split cmsPlainText__split--1\">\n<h4>Das Champagnerhaus Alexis<\/h4>\n<p>Alexis Leconte setzt in seinem kleinen Familienbetrieb auf Handwerkskunst, Nachhaltigkeit und Respekt f\u00fcr das Terroir. Jede seiner Kreationen spiegelt die Essenz des Vall\u00e9e de la Marne wider und verbindet traditionelle Herstellung mit moderner Dynamik. Der Totem ist das Sinnbild dieser Philosophie: ein lebendiger, unkomplizierter Champagner, der zeigt, wie viel Spa\u00df Meunier-basierte Cuv\u00e9es machen k\u00f6nnen.<\/p>\n<\/div>\n<\/div>\n<\/div>\n<\/div>\n<\/div>\n<\/div>\n<\/div>\n","protected":false},"excerpt":{"rendered":"<p>Unkompliziert, dynamisch, und voller Energie. Ein Champagner, der nach vorne geht \u2013 absolute FOUFOU-Empfehlung!<\/p>\n","protected":false},"featured_media":15154,"comment_status":"open","ping_status":"closed","template":"","meta":{"_acf_changed":false,"_editorskit_title_hidden":false,"_editorskit_reading_time":0,"_editorskit_is_block_options_detached":false,"_editorskit_block_options_position":"{}","_coblocks_attr":"","_coblocks_dimensions":"","_coblocks_responsive_height":"","_coblocks_accordion_ie_support":""},"product_brand":[],"product_cat":[1257,66],"product_tag":[],"class_list":{"0":"post-14996","1":"product","2":"type-product","3":"status-publish","4":"has-post-thumbnail","6":"product_cat-alexis-champagner","7":"product_cat-bio-champagner","8":"product_shipping_class-standard","10":"first","11":"instock","12":"taxable","13":"shipping-taxable","14":"purchasable","15":"product-type-composite"},"composite_virtual":false,"composite_layout":"single","composite_add_to_cart_form_location":"default","composite_editable_in_cart":false,"composite_sold_individually_context":"product","composite_shop_price_calc":"defaults","composite_components":[{"id":"1690890259","title":"Geschenkverpackung (optional)","description":"","query_type":"product_ids","query_ids":[13154],"default_option_id":"","thumbnail_id":"","thumbnail_src":"","quantity_min":1,"quantity_max":1,"priced_individually":true,"shipped_individually":false,"optional":true,"discount":"","options_style":"dropdowns","pagination_style":"classic","display_prices":"absolute","show_sorting_options":false,"show_filtering_options":false,"attribute_filter_ids":[],"select_action":"view","product_title_visible":false,"product_descr_visible":true,"product_price_visible":true,"product_thumb_visible":true,"subtotal_visible_product":false,"subtotal_visible_cart":false,"subtotal_visible_orders":false,"product_addons_visible":true},{"id":"1690890260","title":"Gru\u00dfkarte mit Mini-Bouquet (optional)","description":"","query_type":"category_ids","query_ids":[635],"default_option_id":"","thumbnail_id":"","thumbnail_src":"","quantity_min":1,"quantity_max":1,"priced_individually":true,"shipped_individually":false,"optional":true,"discount":"","options_style":"dropdowns","pagination_style":"classic","display_prices":"absolute","show_sorting_options":false,"show_filtering_options":false,"attribute_filter_ids":[],"select_action":"view","product_title_visible":false,"product_descr_visible":true,"product_price_visible":true,"product_thumb_visible":true,"subtotal_visible_product":false,"subtotal_visible_cart":false,"subtotal_visible_orders":false,"product_addons_visible":true}],"composite_scenarios":[],"exclude_global_add_ons":[],"addons":[],"acf":[],"yoast_head":"<!-- This site is optimized with the Yoast SEO plugin v26.8 - https:\/\/yoast.com\/product\/yoast-seo-wordpress\/ -->\n<title>Alexis Totem online kaufen | FOUFOU CHAMPAGNE<\/title>\n<meta name=\"description\" content=\"Totem Brut NV: Ein dynamischer Champagner von Alexis Leconte. Im Glas goldgelb mit lebhafter Perlage. Frisch und w\u00fcrzig mit Noten von Zitrus, Kalk und wei\u00dfem Pfeffer. Perfekt f\u00fcr Aperitifs und entspannte Abende.\" \/>\n<meta name=\"robots\" content=\"index, follow, max-snippet:-1, max-image-preview:large, max-video-preview:-1\" \/>\n<link rel=\"canonical\" href=\"https:\/\/foufou-champagne.com\/de\/champagner\/alexis-totem-blanc-brut\/\" \/>\n<meta property=\"og:locale\" content=\"de_DE\" \/>\n<meta property=\"og:type\" content=\"article\" \/>\n<meta property=\"og:title\" content=\"Alexis Totem online kaufen | FOUFOU CHAMPAGNE\" \/>\n<meta property=\"og:description\" content=\"Totem Brut NV: Ein dynamischer Champagner von Alexis Leconte. Im Glas goldgelb mit lebhafter Perlage. Frisch und w\u00fcrzig mit Noten von Zitrus, Kalk und wei\u00dfem Pfeffer. Perfekt f\u00fcr Aperitifs und entspannte Abende.\" \/>\n<meta property=\"og:url\" content=\"https:\/\/foufou-champagne.com\/de\/champagner\/alexis-totem-blanc-brut\/\" \/>\n<meta property=\"og:site_name\" content=\"foufou-champagne.com\" \/>\n<meta property=\"article:modified_time\" content=\"2026-02-11T09:53:54+00:00\" \/>\n<meta property=\"og:image\" content=\"https:\/\/foufou-champagne.com\/wp-content\/uploads\/2024\/08\/FOUFOU-Produkte-2024-11-14.jpg\" \/>\n\t<meta property=\"og:image:width\" content=\"1334\" \/>\n\t<meta property=\"og:image:height\" content=\"2000\" \/>\n\t<meta property=\"og:image:type\" content=\"image\/jpeg\" \/>\n<meta name=\"twitter:card\" content=\"summary_large_image\" \/>\n<meta name=\"twitter:label1\" content=\"Gesch\u00e4tzte Lesezeit\" \/>\n\t<meta name=\"twitter:data1\" content=\"2\u00a0Minuten\" \/>\n<script type=\"application\/ld+json\" class=\"yoast-schema-graph\">{\"@context\":\"https:\/\/schema.org\",\"@graph\":[{\"@type\":\"WebPage\",\"@id\":\"https:\/\/foufou-champagne.com\/de\/champagner\/alexis-totem-blanc-brut\/\",\"url\":\"https:\/\/foufou-champagne.com\/de\/champagner\/alexis-totem-blanc-brut\/\",\"name\":\"Alexis Totem online kaufen | FOUFOU CHAMPAGNE\",\"isPartOf\":{\"@id\":\"https:\/\/foufou-champagne.com\/de\/#website\"},\"primaryImageOfPage\":{\"@id\":\"https:\/\/foufou-champagne.com\/de\/champagner\/alexis-totem-blanc-brut\/#primaryimage\"},\"image\":{\"@id\":\"https:\/\/foufou-champagne.com\/de\/champagner\/alexis-totem-blanc-brut\/#primaryimage\"},\"thumbnailUrl\":\"https:\/\/foufou-champagne.com\/wp-content\/uploads\/2024\/08\/FOUFOU-Produkte-2024-11-14.jpg\",\"datePublished\":\"2024-11-15T13:11:35+00:00\",\"dateModified\":\"2026-02-11T09:53:54+00:00\",\"description\":\"Totem Brut NV: Ein dynamischer Champagner von Alexis Leconte. Im Glas goldgelb mit lebhafter Perlage. Frisch und w\u00fcrzig mit Noten von Zitrus, Kalk und wei\u00dfem Pfeffer. Perfekt f\u00fcr Aperitifs und entspannte Abende.\",\"breadcrumb\":{\"@id\":\"https:\/\/foufou-champagne.com\/de\/champagner\/alexis-totem-blanc-brut\/#breadcrumb\"},\"inLanguage\":\"de\",\"potentialAction\":[{\"@type\":\"ReadAction\",\"target\":[\"https:\/\/foufou-champagne.com\/de\/champagner\/alexis-totem-blanc-brut\/\"]}]},{\"@type\":\"ImageObject\",\"inLanguage\":\"de\",\"@id\":\"https:\/\/foufou-champagne.com\/de\/champagner\/alexis-totem-blanc-brut\/#primaryimage\",\"url\":\"https:\/\/foufou-champagne.com\/wp-content\/uploads\/2024\/08\/FOUFOU-Produkte-2024-11-14.jpg\",\"contentUrl\":\"https:\/\/foufou-champagne.com\/wp-content\/uploads\/2024\/08\/FOUFOU-Produkte-2024-11-14.jpg\",\"width\":1334,\"height\":2000},{\"@type\":\"BreadcrumbList\",\"@id\":\"https:\/\/foufou-champagne.com\/de\/champagner\/alexis-totem-blanc-brut\/#breadcrumb\",\"itemListElement\":[{\"@type\":\"ListItem\",\"position\":1,\"name\":\"Startseite\",\"item\":\"https:\/\/foufou-champagne.com\/de\/\"},{\"@type\":\"ListItem\",\"position\":2,\"name\":\"Shop\",\"item\":\"https:\/\/foufou-champagne.com\/de\/shop\/\"},{\"@type\":\"ListItem\",\"position\":3,\"name\":\"Alexis Totem Blanc Brut\"}]},{\"@type\":\"WebSite\",\"@id\":\"https:\/\/foufou-champagne.com\/de\/#website\",\"url\":\"https:\/\/foufou-champagne.com\/de\/\",\"name\":\"foufou-champagne.com\",\"description\":\"CHAMPAGNE BOUTIQUE\",\"potentialAction\":[{\"@type\":\"SearchAction\",\"target\":{\"@type\":\"EntryPoint\",\"urlTemplate\":\"https:\/\/foufou-champagne.com\/de\/?s={search_term_string}\"},\"query-input\":{\"@type\":\"PropertyValueSpecification\",\"valueRequired\":true,\"valueName\":\"search_term_string\"}}],\"inLanguage\":\"de\"}]}<\/script>\n<!-- \/ Yoast SEO plugin. -->","yoast_head_json":{"title":"Alexis Totem online kaufen | FOUFOU CHAMPAGNE","description":"Totem Brut NV: Ein dynamischer Champagner von Alexis Leconte. Im Glas goldgelb mit lebhafter Perlage. Frisch und w\u00fcrzig mit Noten von Zitrus, Kalk und wei\u00dfem Pfeffer. Perfekt f\u00fcr Aperitifs und entspannte Abende.","robots":{"index":"index","follow":"follow","max-snippet":"max-snippet:-1","max-image-preview":"max-image-preview:large","max-video-preview":"max-video-preview:-1"},"canonical":"https:\/\/foufou-champagne.com\/de\/champagner\/alexis-totem-blanc-brut\/","og_locale":"de_DE","og_type":"article","og_title":"Alexis Totem online kaufen | FOUFOU CHAMPAGNE","og_description":"Totem Brut NV: Ein dynamischer Champagner von Alexis Leconte. Im Glas goldgelb mit lebhafter Perlage. Frisch und w\u00fcrzig mit Noten von Zitrus, Kalk und wei\u00dfem Pfeffer. Perfekt f\u00fcr Aperitifs und entspannte Abende.","og_url":"https:\/\/foufou-champagne.com\/de\/champagner\/alexis-totem-blanc-brut\/","og_site_name":"foufou-champagne.com","article_modified_time":"2026-02-11T09:53:54+00:00","og_image":[{"width":1334,"height":2000,"url":"https:\/\/foufou-champagne.com\/wp-content\/uploads\/2024\/08\/FOUFOU-Produkte-2024-11-14.jpg","type":"image\/jpeg"}],"twitter_card":"summary_large_image","twitter_misc":{"Gesch\u00e4tzte Lesezeit":"2\u00a0Minuten"},"schema":{"@context":"https:\/\/schema.org","@graph":[{"@type":"WebPage","@id":"https:\/\/foufou-champagne.com\/de\/champagner\/alexis-totem-blanc-brut\/","url":"https:\/\/foufou-champagne.com\/de\/champagner\/alexis-totem-blanc-brut\/","name":"Alexis Totem online kaufen | FOUFOU CHAMPAGNE","isPartOf":{"@id":"https:\/\/foufou-champagne.com\/de\/#website"},"primaryImageOfPage":{"@id":"https:\/\/foufou-champagne.com\/de\/champagner\/alexis-totem-blanc-brut\/#primaryimage"},"image":{"@id":"https:\/\/foufou-champagne.com\/de\/champagner\/alexis-totem-blanc-brut\/#primaryimage"},"thumbnailUrl":"https:\/\/foufou-champagne.com\/wp-content\/uploads\/2024\/08\/FOUFOU-Produkte-2024-11-14.jpg","datePublished":"2024-11-15T13:11:35+00:00","dateModified":"2026-02-11T09:53:54+00:00","description":"Totem Brut NV: Ein dynamischer Champagner von Alexis Leconte. Im Glas goldgelb mit lebhafter Perlage. Frisch und w\u00fcrzig mit Noten von Zitrus, Kalk und wei\u00dfem Pfeffer. Perfekt f\u00fcr Aperitifs und entspannte Abende.","breadcrumb":{"@id":"https:\/\/foufou-champagne.com\/de\/champagner\/alexis-totem-blanc-brut\/#breadcrumb"},"inLanguage":"de","potentialAction":[{"@type":"ReadAction","target":["https:\/\/foufou-champagne.com\/de\/champagner\/alexis-totem-blanc-brut\/"]}]},{"@type":"ImageObject","inLanguage":"de","@id":"https:\/\/foufou-champagne.com\/de\/champagner\/alexis-totem-blanc-brut\/#primaryimage","url":"https:\/\/foufou-champagne.com\/wp-content\/uploads\/2024\/08\/FOUFOU-Produkte-2024-11-14.jpg","contentUrl":"https:\/\/foufou-champagne.com\/wp-content\/uploads\/2024\/08\/FOUFOU-Produkte-2024-11-14.jpg","width":1334,"height":2000},{"@type":"BreadcrumbList","@id":"https:\/\/foufou-champagne.com\/de\/champagner\/alexis-totem-blanc-brut\/#breadcrumb","itemListElement":[{"@type":"ListItem","position":1,"name":"Startseite","item":"https:\/\/foufou-champagne.com\/de\/"},{"@type":"ListItem","position":2,"name":"Shop","item":"https:\/\/foufou-champagne.com\/de\/shop\/"},{"@type":"ListItem","position":3,"name":"Alexis Totem Blanc Brut"}]},{"@type":"WebSite","@id":"https:\/\/foufou-champagne.com\/de\/#website","url":"https:\/\/foufou-champagne.com\/de\/","name":"foufou-champagne.com","description":"CHAMPAGNE BOUTIQUE","potentialAction":[{"@type":"SearchAction","target":{"@type":"EntryPoint","urlTemplate":"https:\/\/foufou-champagne.com\/de\/?s={search_term_string}"},"query-input":{"@type":"PropertyValueSpecification","valueRequired":true,"valueName":"search_term_string"}}],"inLanguage":"de"}]}},"_links":{"self":[{"href":"https:\/\/foufou-champagne.com\/de\/wp-json\/wp\/v2\/product\/14996","targetHints":{"allow":["GET"]}}],"collection":[{"href":"https:\/\/foufou-champagne.com\/de\/wp-json\/wp\/v2\/product"}],"about":[{"href":"https:\/\/foufou-champagne.com\/de\/wp-json\/wp\/v2\/types\/product"}],"replies":[{"embeddable":true,"href":"https:\/\/foufou-champagne.com\/de\/wp-json\/wp\/v2\/comments?post=14996"}],"wp:featuredmedia":[{"embeddable":true,"href":"https:\/\/foufou-champagne.com\/de\/wp-json\/wp\/v2\/media\/15154"}],"wp:attachment":[{"href":"https:\/\/foufou-champagne.com\/de\/wp-json\/wp\/v2\/media?parent=14996"}],"wp:term":[{"taxonomy":"product_brand","embeddable":true,"href":"https:\/\/foufou-champagne.com\/de\/wp-json\/wp\/v2\/product_brand?post=14996"},{"taxonomy":"product_cat","embeddable":true,"href":"https:\/\/foufou-champagne.com\/de\/wp-json\/wp\/v2\/product_cat?post=14996"},{"taxonomy":"product_tag","embeddable":true,"href":"https:\/\/foufou-champagne.com\/de\/wp-json\/wp\/v2\/product_tag?post=14996"}],"curies":[{"name":"wp","href":"https:\/\/api.w.org\/{rel}","templated":true}]}}