{"id":15215,"date":"2024-11-17T13:48:30","date_gmt":"2024-11-17T12:48:30","guid":{"rendered":"https:\/\/foufou-champagne.com\/?post_type=product&#038;p=15215"},"modified":"2024-11-26T15:38:35","modified_gmt":"2024-11-26T14:38:35","slug":"collectors-box-von-benoit-marguet-limited-edition-2018","status":"publish","type":"product","link":"https:\/\/foufou-champagne.com\/de\/champagner\/collectors-box-von-benoit-marguet-limited-edition-2018\/","title":{"rendered":"Collectors Box Marguet -Limited Edition 2018"},"content":{"rendered":"<p>Die limitierte Collectors Box von Beno\u00eet Marguet ist das perfekte Geschenk f\u00fcr anspruchsvolle Weinsammler und Champagnerliebhaber. Die Collectors Box pr\u00e4sentiert sechs herausragende Einzellagen-Champagner des Jahrgangs 2018:<\/p>\n<ul>\n<li><strong>Les Beurys<\/strong>: 100% Chardonnay, angebaut auf ton- und limonhaltigen B\u00f6den mit wei\u00dfer Kreide in 75 cm Tiefe. Die Reben wurden 1980 und 1981 gepflanzt.<\/li>\n<li><strong>La Grande Ruelle<\/strong>: 100% Pinot Noir von Reben aus dem Jahr 1967, gewachsen auf ton- und braunem Kalkstein mit fragmentierter Kreide in 70 cm Tiefe.<\/li>\n<li><strong>Le Parc<\/strong>: 100% Chardonnay, von Reben, die 1982 gepflanzt wurden, auf tiefen sandigen Lehmb\u00f6den mit Kreide in 1,80 m Tiefe.<\/li>\n<li><strong>Les Cray\u00e8res<\/strong>: Details zu dieser Lage sind auf der offiziellen Website von Champagne Marguet verf\u00fcgbar.<\/li>\n<li><strong>Les Bermonts<\/strong>: Informationen zu dieser Einzellage finden Sie ebenfalls auf der Website von Champagne Marguet.<\/li>\n<li><strong>Les Saints R\u00e9mys<\/strong>: Weitere Details zu dieser Lage sind auf der Website von Champagne Marguet einsehbar.<\/li>\n<\/ul>\n<p>Diese sorgf\u00e4ltig vinifizierten Champagner spiegeln die Vielfalt und das Terroir der jeweiligen Parzellen wider und bieten ein einzigartiges Geschmackserlebnis.<\/p>\n","protected":false},"excerpt":{"rendered":"<p>Die limitierte Collectors Box 2018 von Beno\u00eet Marguet ist das perfekte Geschenk f\u00fcr anspruchsvolle Weinsammler und Champagnerliebhaber.<\/p>\n","protected":false},"featured_media":15169,"comment_status":"closed","ping_status":"closed","template":"","meta":{"_acf_changed":false,"_editorskit_title_hidden":false,"_editorskit_reading_time":0,"_editorskit_is_block_options_detached":false,"_editorskit_block_options_position":"{}","_coblocks_attr":"","_coblocks_dimensions":"","_coblocks_responsive_height":"","_coblocks_accordion_ie_support":""},"product_brand":[],"product_cat":[66,426],"product_tag":[386,573],"class_list":{"0":"post-15215","1":"product","2":"type-product","3":"status-publish","4":"has-post-thumbnail","6":"product_cat-bio-champagner","7":"product_cat-marguet-champagner","8":"product_tag-geschenk","9":"product_tag-geschenkbox","11":"first","12":"instock","13":"virtual","14":"taxable","15":"purchasable","16":"product-type-composite"},"composite_virtual":false,"composite_layout":"single","composite_add_to_cart_form_location":"default","composite_editable_in_cart":false,"composite_sold_individually_context":"product","composite_shop_price_calc":"defaults","composite_components":[{"id":"1731851458","title":"Gru\u00dfkarte mit Mini-Bouquet (optional)","description":"","query_type":"category_ids","query_ids":[635],"default_option_id":"","thumbnail_id":"","thumbnail_src":"","quantity_min":1,"quantity_max":1,"priced_individually":true,"shipped_individually":true,"optional":true,"discount":"","options_style":"dropdowns","pagination_style":"classic","display_prices":"absolute","show_sorting_options":false,"show_filtering_options":false,"attribute_filter_ids":[],"select_action":"view","product_title_visible":true,"product_descr_visible":true,"product_price_visible":true,"product_thumb_visible":true,"subtotal_visible_product":true,"subtotal_visible_cart":true,"subtotal_visible_orders":true,"product_addons_visible":true}],"composite_scenarios":[],"exclude_global_add_ons":[],"addons":[],"acf":[],"yoast_head":"<!-- This site is optimized with the Yoast SEO plugin v26.8 - https:\/\/yoast.com\/product\/yoast-seo-wordpress\/ -->\n<title>Collectors Box Marguet -Limited Edition 2018 - foufou-champagne.com<\/title>\n<meta name=\"description\" content=\"Die limitierte Collectors Box von Beno\u00eet Marguet ist das perfekte Geschenk f\u00fcr anspruchsvolle Weinsammler und Champagnerliebhaber.\" \/>\n<meta name=\"robots\" content=\"index, follow, max-snippet:-1, max-image-preview:large, max-video-preview:-1\" \/>\n<link rel=\"canonical\" href=\"https:\/\/foufou-champagne.com\/de\/champagner\/collectors-box-von-benoit-marguet-limited-edition-2018\/\" \/>\n<meta property=\"og:locale\" content=\"de_DE\" \/>\n<meta property=\"og:type\" content=\"article\" \/>\n<meta property=\"og:title\" content=\"Collectors Box Marguet -Limited Edition 2018 - foufou-champagne.com\" \/>\n<meta property=\"og:description\" content=\"Die limitierte Collectors Box von Beno\u00eet Marguet ist das perfekte Geschenk f\u00fcr anspruchsvolle Weinsammler und Champagnerliebhaber.\" \/>\n<meta property=\"og:url\" content=\"https:\/\/foufou-champagne.com\/de\/champagner\/collectors-box-von-benoit-marguet-limited-edition-2018\/\" \/>\n<meta property=\"og:site_name\" content=\"foufou-champagne.com\" \/>\n<meta property=\"article:modified_time\" content=\"2024-11-26T14:38:35+00:00\" \/>\n<meta property=\"og:image\" content=\"https:\/\/foufou-champagne.com\/wp-content\/uploads\/2024\/11\/FOUFOU-Produkte-2024-11-12.jpg\" \/>\n\t<meta property=\"og:image:width\" content=\"1333\" \/>\n\t<meta property=\"og:image:height\" content=\"2000\" \/>\n\t<meta property=\"og:image:type\" content=\"image\/jpeg\" \/>\n<meta name=\"twitter:card\" content=\"summary_large_image\" \/>\n<meta name=\"twitter:label1\" content=\"Gesch\u00e4tzte Lesezeit\" \/>\n\t<meta name=\"twitter:data1\" content=\"2\u00a0Minuten\" \/>\n<script type=\"application\/ld+json\" class=\"yoast-schema-graph\">{\"@context\":\"https:\/\/schema.org\",\"@graph\":[{\"@type\":\"WebPage\",\"@id\":\"https:\/\/foufou-champagne.com\/de\/champagner\/collectors-box-von-benoit-marguet-limited-edition-2018\/\",\"url\":\"https:\/\/foufou-champagne.com\/de\/champagner\/collectors-box-von-benoit-marguet-limited-edition-2018\/\",\"name\":\"Collectors Box Marguet -Limited Edition 2018 - foufou-champagne.com\",\"isPartOf\":{\"@id\":\"https:\/\/foufou-champagne.com\/de\/#website\"},\"primaryImageOfPage\":{\"@id\":\"https:\/\/foufou-champagne.com\/de\/champagner\/collectors-box-von-benoit-marguet-limited-edition-2018\/#primaryimage\"},\"image\":{\"@id\":\"https:\/\/foufou-champagne.com\/de\/champagner\/collectors-box-von-benoit-marguet-limited-edition-2018\/#primaryimage\"},\"thumbnailUrl\":\"https:\/\/foufou-champagne.com\/wp-content\/uploads\/2024\/11\/FOUFOU-Produkte-2024-11-12.jpg\",\"datePublished\":\"2024-11-17T12:48:30+00:00\",\"dateModified\":\"2024-11-26T14:38:35+00:00\",\"description\":\"Die limitierte Collectors Box von Beno\u00eet Marguet ist das perfekte Geschenk f\u00fcr anspruchsvolle Weinsammler und Champagnerliebhaber.\",\"breadcrumb\":{\"@id\":\"https:\/\/foufou-champagne.com\/de\/champagner\/collectors-box-von-benoit-marguet-limited-edition-2018\/#breadcrumb\"},\"inLanguage\":\"de\",\"potentialAction\":[{\"@type\":\"ReadAction\",\"target\":[\"https:\/\/foufou-champagne.com\/de\/champagner\/collectors-box-von-benoit-marguet-limited-edition-2018\/\"]}]},{\"@type\":\"ImageObject\",\"inLanguage\":\"de\",\"@id\":\"https:\/\/foufou-champagne.com\/de\/champagner\/collectors-box-von-benoit-marguet-limited-edition-2018\/#primaryimage\",\"url\":\"https:\/\/foufou-champagne.com\/wp-content\/uploads\/2024\/11\/FOUFOU-Produkte-2024-11-12.jpg\",\"contentUrl\":\"https:\/\/foufou-champagne.com\/wp-content\/uploads\/2024\/11\/FOUFOU-Produkte-2024-11-12.jpg\",\"width\":1333,\"height\":2000},{\"@type\":\"BreadcrumbList\",\"@id\":\"https:\/\/foufou-champagne.com\/de\/champagner\/collectors-box-von-benoit-marguet-limited-edition-2018\/#breadcrumb\",\"itemListElement\":[{\"@type\":\"ListItem\",\"position\":1,\"name\":\"Startseite\",\"item\":\"https:\/\/foufou-champagne.com\/de\/\"},{\"@type\":\"ListItem\",\"position\":2,\"name\":\"Shop\",\"item\":\"https:\/\/foufou-champagne.com\/de\/shop\/\"},{\"@type\":\"ListItem\",\"position\":3,\"name\":\"Collectors Box Marguet -Limited Edition 2018\"}]},{\"@type\":\"WebSite\",\"@id\":\"https:\/\/foufou-champagne.com\/de\/#website\",\"url\":\"https:\/\/foufou-champagne.com\/de\/\",\"name\":\"foufou-champagne.com\",\"description\":\"CHAMPAGNE BOUTIQUE\",\"potentialAction\":[{\"@type\":\"SearchAction\",\"target\":{\"@type\":\"EntryPoint\",\"urlTemplate\":\"https:\/\/foufou-champagne.com\/de\/?s={search_term_string}\"},\"query-input\":{\"@type\":\"PropertyValueSpecification\",\"valueRequired\":true,\"valueName\":\"search_term_string\"}}],\"inLanguage\":\"de\"}]}<\/script>\n<!-- \/ Yoast SEO plugin. -->","yoast_head_json":{"title":"Collectors Box Marguet -Limited Edition 2018 - foufou-champagne.com","description":"Die limitierte Collectors Box von Beno\u00eet Marguet ist das perfekte Geschenk f\u00fcr anspruchsvolle Weinsammler und Champagnerliebhaber.","robots":{"index":"index","follow":"follow","max-snippet":"max-snippet:-1","max-image-preview":"max-image-preview:large","max-video-preview":"max-video-preview:-1"},"canonical":"https:\/\/foufou-champagne.com\/de\/champagner\/collectors-box-von-benoit-marguet-limited-edition-2018\/","og_locale":"de_DE","og_type":"article","og_title":"Collectors Box Marguet -Limited Edition 2018 - foufou-champagne.com","og_description":"Die limitierte Collectors Box von Beno\u00eet Marguet ist das perfekte Geschenk f\u00fcr anspruchsvolle Weinsammler und Champagnerliebhaber.","og_url":"https:\/\/foufou-champagne.com\/de\/champagner\/collectors-box-von-benoit-marguet-limited-edition-2018\/","og_site_name":"foufou-champagne.com","article_modified_time":"2024-11-26T14:38:35+00:00","og_image":[{"width":1333,"height":2000,"url":"https:\/\/foufou-champagne.com\/wp-content\/uploads\/2024\/11\/FOUFOU-Produkte-2024-11-12.jpg","type":"image\/jpeg"}],"twitter_card":"summary_large_image","twitter_misc":{"Gesch\u00e4tzte Lesezeit":"2\u00a0Minuten"},"schema":{"@context":"https:\/\/schema.org","@graph":[{"@type":"WebPage","@id":"https:\/\/foufou-champagne.com\/de\/champagner\/collectors-box-von-benoit-marguet-limited-edition-2018\/","url":"https:\/\/foufou-champagne.com\/de\/champagner\/collectors-box-von-benoit-marguet-limited-edition-2018\/","name":"Collectors Box Marguet -Limited Edition 2018 - foufou-champagne.com","isPartOf":{"@id":"https:\/\/foufou-champagne.com\/de\/#website"},"primaryImageOfPage":{"@id":"https:\/\/foufou-champagne.com\/de\/champagner\/collectors-box-von-benoit-marguet-limited-edition-2018\/#primaryimage"},"image":{"@id":"https:\/\/foufou-champagne.com\/de\/champagner\/collectors-box-von-benoit-marguet-limited-edition-2018\/#primaryimage"},"thumbnailUrl":"https:\/\/foufou-champagne.com\/wp-content\/uploads\/2024\/11\/FOUFOU-Produkte-2024-11-12.jpg","datePublished":"2024-11-17T12:48:30+00:00","dateModified":"2024-11-26T14:38:35+00:00","description":"Die limitierte Collectors Box von Beno\u00eet Marguet ist das perfekte Geschenk f\u00fcr anspruchsvolle Weinsammler und Champagnerliebhaber.","breadcrumb":{"@id":"https:\/\/foufou-champagne.com\/de\/champagner\/collectors-box-von-benoit-marguet-limited-edition-2018\/#breadcrumb"},"inLanguage":"de","potentialAction":[{"@type":"ReadAction","target":["https:\/\/foufou-champagne.com\/de\/champagner\/collectors-box-von-benoit-marguet-limited-edition-2018\/"]}]},{"@type":"ImageObject","inLanguage":"de","@id":"https:\/\/foufou-champagne.com\/de\/champagner\/collectors-box-von-benoit-marguet-limited-edition-2018\/#primaryimage","url":"https:\/\/foufou-champagne.com\/wp-content\/uploads\/2024\/11\/FOUFOU-Produkte-2024-11-12.jpg","contentUrl":"https:\/\/foufou-champagne.com\/wp-content\/uploads\/2024\/11\/FOUFOU-Produkte-2024-11-12.jpg","width":1333,"height":2000},{"@type":"BreadcrumbList","@id":"https:\/\/foufou-champagne.com\/de\/champagner\/collectors-box-von-benoit-marguet-limited-edition-2018\/#breadcrumb","itemListElement":[{"@type":"ListItem","position":1,"name":"Startseite","item":"https:\/\/foufou-champagne.com\/de\/"},{"@type":"ListItem","position":2,"name":"Shop","item":"https:\/\/foufou-champagne.com\/de\/shop\/"},{"@type":"ListItem","position":3,"name":"Collectors Box Marguet -Limited Edition 2018"}]},{"@type":"WebSite","@id":"https:\/\/foufou-champagne.com\/de\/#website","url":"https:\/\/foufou-champagne.com\/de\/","name":"foufou-champagne.com","description":"CHAMPAGNE BOUTIQUE","potentialAction":[{"@type":"SearchAction","target":{"@type":"EntryPoint","urlTemplate":"https:\/\/foufou-champagne.com\/de\/?s={search_term_string}"},"query-input":{"@type":"PropertyValueSpecification","valueRequired":true,"valueName":"search_term_string"}}],"inLanguage":"de"}]}},"_links":{"self":[{"href":"https:\/\/foufou-champagne.com\/de\/wp-json\/wp\/v2\/product\/15215","targetHints":{"allow":["GET"]}}],"collection":[{"href":"https:\/\/foufou-champagne.com\/de\/wp-json\/wp\/v2\/product"}],"about":[{"href":"https:\/\/foufou-champagne.com\/de\/wp-json\/wp\/v2\/types\/product"}],"replies":[{"embeddable":true,"href":"https:\/\/foufou-champagne.com\/de\/wp-json\/wp\/v2\/comments?post=15215"}],"wp:featuredmedia":[{"embeddable":true,"href":"https:\/\/foufou-champagne.com\/de\/wp-json\/wp\/v2\/media\/15169"}],"wp:attachment":[{"href":"https:\/\/foufou-champagne.com\/de\/wp-json\/wp\/v2\/media?parent=15215"}],"wp:term":[{"taxonomy":"product_brand","embeddable":true,"href":"https:\/\/foufou-champagne.com\/de\/wp-json\/wp\/v2\/product_brand?post=15215"},{"taxonomy":"product_cat","embeddable":true,"href":"https:\/\/foufou-champagne.com\/de\/wp-json\/wp\/v2\/product_cat?post=15215"},{"taxonomy":"product_tag","embeddable":true,"href":"https:\/\/foufou-champagne.com\/de\/wp-json\/wp\/v2\/product_tag?post=15215"}],"curies":[{"name":"wp","href":"https:\/\/api.w.org\/{rel}","templated":true}]}}