{"id":15529,"date":"2025-05-10T11:03:08","date_gmt":"2025-05-10T09:03:08","guid":{"rendered":"https:\/\/foufou-champagne.com\/?post_type=product&#038;p=15529"},"modified":"2025-09-06T19:27:44","modified_gmt":"2025-09-06T17:27:44","slug":"dom-perignon-brut-rose-2009","status":"publish","type":"product","link":"https:\/\/foufou-champagne.com\/de\/champagner\/dom-perignon-brut-rose-2009\/","title":{"rendered":"Dom P\u00e9rignon Brut Ros\u00e9 2009"},"content":{"rendered":"<h3>Der Champagner Dom P\u00e9rignon Brut Ros\u00e9 2009<\/h3>\n<p class=\"\" data-start=\"270\" data-end=\"672\">Dom P\u00e9rignon Ros\u00e9 Vintage 2009 ist ein au\u00dfergew\u00f6hnlicher Jahrgangschampagner aus dem renommierten Haus Dom P\u00e9rignon \u2013 bekannt f\u00fcr seine ikonischen Prestige Cuv\u00e9es. Nur in Jahren mit exzellenter Traubenqualit\u00e4t entscheidet sich das Haus, einen Ros\u00e9 zu vinifizieren. 2009 war ein solches Jahr: Ein trockener, sonniger Sommer sorgte f\u00fcr optimal gereifte Trauben mit intensiver aromatischer Ausdruckskraft.<\/p>\n<p class=\"\" data-start=\"674\" data-end=\"990\">Die Cuv\u00e9e besteht, wie bei Dom P\u00e9rignon \u00fcblich, aus Pinot Noir und Chardonnay. Der Pinot Noir wird teils als Rotwein vinifiziert und verleiht dem Champagner seine Tiefe, Komplexit\u00e4t und Farbe. Der Chardonnay bringt Frische und Struktur. Zusammen ergibt sich ein Ros\u00e9 von bemerkenswerter Harmonie und Ausdrucksst\u00e4rke.<\/p>\n<p><strong>Der Jahrgang 2009:<\/strong> <span class=\"relative -mx-px my-[-0.2rem] rounded px-px py-[0.2rem] transition-colors duration-100 ease-in-out\">Das Jahr 2009 in der Champagne war gepr\u00e4gt von einem klassischen kontinentalen Klima mit einem kalten, trockenen Winter und einem warmen, sonnigen Sommer.<\/span> <span class=\"relative -mx-px my-[-0.2rem] rounded px-px py-[0.2rem] transition-colors duration-100 ease-in-out\">Diese Bedingungen f\u00fchrten zu einer gleichm\u00e4\u00dfigen Bl\u00fcte und einer optimalen Reifung der Trauben.<\/span> <span class=\"relative -mx-px my-[-0.2rem] rounded px-px py-[0.2rem] transition-colors duration-100 ease-in-out\">Die Ernte begann am 8. September unter idealen Bedingungen, was zu einer au\u00dfergew\u00f6hnlichen Traubenqualit\u00e4t f\u00fchrte.<\/span><span class=\"relative -mx-px my-[-0.2rem] rounded px-px py-[0.2rem] transition-colors duration-100 ease-in-out\">Die Weine des Jahrgangs 2009 zeichnen sich durch ihre Reife, F\u00fclle und ausgewogene Struktur aus.<\/span> <span class=\"relative -mx-px my-[-0.2rem] rounded px-px py-[0.2rem] transition-colors duration-100 ease-in-out\">Insbesondere der Pinot Noir profitierte von den warmen Bedingungen und brachte Weine mit intensiver Frucht und Tiefe hervor.<\/span><\/p>\n<h3>Tasting Note<\/h3>\n<p class=\"\" data-start=\"1467\" data-end=\"1588\"><strong>Im Glas:<\/strong> Leuchtendes, zartes Kirschrosa mit orangefarbenem Schimmer, durchzogen von feinstem, anhaltendem Mousseux.<\/p>\n<p class=\"\" data-start=\"1590\" data-end=\"1850\"><strong data-start=\"1590\" data-end=\"1606\">In der Nase:<\/strong> Bet\u00f6rende Aromen von Blutorangenzesten, Guave, Himbeerkonfit, rotem Weinbergpfirsich und einem Hauch von wei\u00dfen Bl\u00fcten. Darunter liegen feine R\u00f6stnoten \u2013 Kakaobohne, Gew\u00fcrze, etwas Lakritz, erg\u00e4nzt durch Ankl\u00e4nge von schwarzem und rotem Tee.<\/p>\n<p class=\"\" data-start=\"1852\" data-end=\"2118\"><strong data-start=\"1852\" data-end=\"1866\">Am Gaumen:<\/strong> Dicht und doch pr\u00e4zise. Saftig, mit intensiver Frucht und cremiger Textur. Feine Briochenoten treffen auf eine vibrierende Mineralit\u00e4t. Ein Champagner mit Tiefe, salziger Spannung und einem leichten, feinherben Abgang, der lange nachhallt.<\/p>\n<p>&nbsp;<\/p>\n<h3>Das Champagnerhaus Dom Perignon<\/h3>\n<p>Dem Benediktinerm\u00f6nch Pierre P\u00e9rignon, dem Namensgeber der Prestige-Cuv\u00e9e von Mo\u00ebt et Chandon, wird nachgesagt, dass er ma\u00dfgeblich zur Verbesserung der Qualit\u00e4t von Champagner beigetragen hat. Im Jahr 1668 trat Dom P\u00e9rignon seine Stelle als Kellermeister in der Abtei von Hautvillers an, die noch heute auf einem H\u00fcgel \u00fcber dem Marne-Tal thront \u2013 nicht zuletzt dank der Bem\u00fchungen von Mo\u00ebt et Chandon um ihre Erhaltung.<\/p>\n<p>Dom P\u00e9rignon gilt heute als eigenst\u00e4ndiges Champagnerhaus und ist nur als Jahrgangschampagner erh\u00e4ltlich, was jede Flasche zu einer einzigartigen Verk\u00f6rperung des Jahres ihrer Ernte macht. Vincent Chaperon, der 2018 Richard Geoffroy als Chef de Cave von Dom P\u00e9rignon abgel\u00f6st hat, ist nicht nur f\u00fcr die Assemblage verantwortlich, sondern entscheidet auch, ob es in diesem Jahr \u00fcberhaupt einen Jahrgang geben wird &#8211; je nach Qualit\u00e4t der Ernte und der erwarteten Lagerf\u00e4higkeit des Weins. Entsprechen die Trauben nicht seinen Anforderungen, wird kein Jahrgang herausgebracht.<\/p>\n<p>Sie werden in drei Stufen &#8211; Pl\u00e9nitues genannt &#8211; vermarktet: Die erste wird als &#8220;Dom P\u00e9rignon Vintage&#8221; nach mindestens 8 Jahren auf den Markt gebracht, die dann in einer intensiveren Version etwa 15 Jahre sp\u00e4ter als Pl\u00e9nitude 2 oder Dom P\u00e9rignon P2 neu aufgelegt wird. Die letzte Pl\u00e9nitude, P3, wird schlie\u00dflich nach etwa 25 Jahren als vollendet angesehen.<\/p>\n","protected":false},"excerpt":{"rendered":"<p>Ein unglaublich intensiver Jahrgangsros\u00e9 mit Tiefgang und Struktur<\/p>\n","protected":false},"featured_media":15713,"comment_status":"closed","ping_status":"closed","template":"","meta":{"_acf_changed":false,"_editorskit_title_hidden":false,"_editorskit_reading_time":0,"_editorskit_is_block_options_detached":false,"_editorskit_block_options_position":"{}","_coblocks_attr":"","_coblocks_dimensions":"","_coblocks_responsive_height":"","_coblocks_accordion_ie_support":""},"product_brand":[],"product_cat":[15,612,141,512],"product_tag":[1267,143,142],"class_list":{"0":"post-15529","1":"product","2":"type-product","3":"status-publish","4":"has-post-thumbnail","6":"product_cat-champagner","7":"product_cat-dom-perignon","8":"product_cat-jahrgangschampagner","9":"product_cat-rose-champagner","10":"product_tag-1267","11":"product_tag-jahrgangs-champagner","12":"product_tag-vintage-champagner","13":"product_shipping_class-standard","14":"pa_kategorie-rose-champagner","16":"first","17":"instock","18":"taxable","19":"shipping-taxable","20":"purchasable","21":"product-type-composite"},"composite_virtual":false,"composite_layout":"single","composite_add_to_cart_form_location":"default","composite_editable_in_cart":false,"composite_sold_individually_context":"product","composite_shop_price_calc":"defaults","composite_components":[{"id":"1686184540","title":"Geschenkverpackung (optional)","description":"","query_type":"product_ids","query_ids":[13154],"default_option_id":"","thumbnail_id":"","thumbnail_src":"","quantity_min":1,"quantity_max":1,"priced_individually":true,"shipped_individually":false,"optional":true,"discount":"","options_style":"dropdowns","pagination_style":"classic","display_prices":"absolute","show_sorting_options":false,"show_filtering_options":false,"attribute_filter_ids":[],"select_action":"view","product_title_visible":false,"product_descr_visible":true,"product_price_visible":true,"product_thumb_visible":true,"subtotal_visible_product":false,"subtotal_visible_cart":false,"subtotal_visible_orders":false,"product_addons_visible":true},{"id":"1686184541","title":"Gru\u00dfkarte mit Mini-Bouquet (optional)","description":"","query_type":"category_ids","query_ids":[635],"default_option_id":"","thumbnail_id":"","thumbnail_src":"","quantity_min":1,"quantity_max":1,"priced_individually":true,"shipped_individually":false,"optional":true,"discount":"","options_style":"dropdowns","pagination_style":"classic","display_prices":"absolute","show_sorting_options":false,"show_filtering_options":false,"attribute_filter_ids":[],"select_action":"view","product_title_visible":false,"product_descr_visible":true,"product_price_visible":true,"product_thumb_visible":true,"subtotal_visible_product":false,"subtotal_visible_cart":false,"subtotal_visible_orders":false,"product_addons_visible":true}],"composite_scenarios":[],"exclude_global_add_ons":[],"addons":[],"acf":[],"yoast_head":"<!-- This site is optimized with the Yoast SEO plugin v26.8 - https:\/\/yoast.com\/product\/yoast-seo-wordpress\/ -->\n<title>Dom Perignon Vintage Ros\u00e9 2009 | Online kaufen bei FOUFOU<\/title>\n<meta name=\"description\" content=\"Ein Prestige Ros\u00e9-Champagner, der mit einer perfekten Balance aus S\u00e4ure und Vollmundigkeit verf\u00fchrt. \u2713sofort lieferbar \u2665 Deine Champagner Boutique im Web\" \/>\n<meta name=\"robots\" content=\"index, follow, max-snippet:-1, max-image-preview:large, max-video-preview:-1\" \/>\n<link rel=\"canonical\" href=\"https:\/\/foufou-champagne.com\/de\/champagner\/dom-perignon-brut-rose-2009\/\" \/>\n<meta property=\"og:locale\" content=\"de_DE\" \/>\n<meta property=\"og:type\" content=\"article\" \/>\n<meta property=\"og:title\" content=\"Dom Perignon Vintage Ros\u00e9 2009 | Online kaufen bei FOUFOU\" \/>\n<meta property=\"og:description\" content=\"Ein Prestige Ros\u00e9-Champagner, der mit einer perfekten Balance aus S\u00e4ure und Vollmundigkeit verf\u00fchrt. \u2713sofort lieferbar \u2665 Deine Champagner Boutique im Web\" \/>\n<meta property=\"og:url\" content=\"https:\/\/foufou-champagne.com\/de\/champagner\/dom-perignon-brut-rose-2009\/\" \/>\n<meta property=\"og:site_name\" content=\"foufou-champagne.com\" \/>\n<meta property=\"article:modified_time\" content=\"2025-09-06T17:27:44+00:00\" \/>\n<meta property=\"og:image\" content=\"https:\/\/foufou-champagne.com\/wp-content\/uploads\/2024\/12\/foufou-dom-perignon-rose-scaled.jpg\" \/>\n\t<meta property=\"og:image:width\" content=\"1708\" \/>\n\t<meta property=\"og:image:height\" content=\"2560\" \/>\n\t<meta property=\"og:image:type\" content=\"image\/jpeg\" \/>\n<meta name=\"twitter:card\" content=\"summary_large_image\" \/>\n<meta name=\"twitter:label1\" content=\"Gesch\u00e4tzte Lesezeit\" \/>\n\t<meta name=\"twitter:data1\" content=\"3\u00a0Minuten\" \/>\n<script type=\"application\/ld+json\" class=\"yoast-schema-graph\">{\"@context\":\"https:\/\/schema.org\",\"@graph\":[{\"@type\":\"WebPage\",\"@id\":\"https:\/\/foufou-champagne.com\/de\/champagner\/dom-perignon-brut-rose-2009\/\",\"url\":\"https:\/\/foufou-champagne.com\/de\/champagner\/dom-perignon-brut-rose-2009\/\",\"name\":\"Dom Perignon Vintage Ros\u00e9 2009 | Online kaufen bei FOUFOU\",\"isPartOf\":{\"@id\":\"https:\/\/foufou-champagne.com\/de\/#website\"},\"primaryImageOfPage\":{\"@id\":\"https:\/\/foufou-champagne.com\/de\/champagner\/dom-perignon-brut-rose-2009\/#primaryimage\"},\"image\":{\"@id\":\"https:\/\/foufou-champagne.com\/de\/champagner\/dom-perignon-brut-rose-2009\/#primaryimage\"},\"thumbnailUrl\":\"https:\/\/foufou-champagne.com\/wp-content\/uploads\/2024\/12\/foufou-dom-perignon-rose-scaled.jpg\",\"datePublished\":\"2025-05-10T09:03:08+00:00\",\"dateModified\":\"2025-09-06T17:27:44+00:00\",\"description\":\"Ein Prestige Ros\u00e9-Champagner, der mit einer perfekten Balance aus S\u00e4ure und Vollmundigkeit verf\u00fchrt. \u2713sofort lieferbar \u2665 Deine Champagner Boutique im Web\",\"breadcrumb\":{\"@id\":\"https:\/\/foufou-champagne.com\/de\/champagner\/dom-perignon-brut-rose-2009\/#breadcrumb\"},\"inLanguage\":\"de\",\"potentialAction\":[{\"@type\":\"ReadAction\",\"target\":[\"https:\/\/foufou-champagne.com\/de\/champagner\/dom-perignon-brut-rose-2009\/\"]}]},{\"@type\":\"ImageObject\",\"inLanguage\":\"de\",\"@id\":\"https:\/\/foufou-champagne.com\/de\/champagner\/dom-perignon-brut-rose-2009\/#primaryimage\",\"url\":\"https:\/\/foufou-champagne.com\/wp-content\/uploads\/2024\/12\/foufou-dom-perignon-rose-scaled.jpg\",\"contentUrl\":\"https:\/\/foufou-champagne.com\/wp-content\/uploads\/2024\/12\/foufou-dom-perignon-rose-scaled.jpg\",\"width\":1708,\"height\":2560},{\"@type\":\"BreadcrumbList\",\"@id\":\"https:\/\/foufou-champagne.com\/de\/champagner\/dom-perignon-brut-rose-2009\/#breadcrumb\",\"itemListElement\":[{\"@type\":\"ListItem\",\"position\":1,\"name\":\"Startseite\",\"item\":\"https:\/\/foufou-champagne.com\/de\/\"},{\"@type\":\"ListItem\",\"position\":2,\"name\":\"Shop\",\"item\":\"https:\/\/foufou-champagne.com\/de\/shop\/\"},{\"@type\":\"ListItem\",\"position\":3,\"name\":\"Dom P\u00e9rignon Brut Ros\u00e9 2009\"}]},{\"@type\":\"WebSite\",\"@id\":\"https:\/\/foufou-champagne.com\/de\/#website\",\"url\":\"https:\/\/foufou-champagne.com\/de\/\",\"name\":\"foufou-champagne.com\",\"description\":\"CHAMPAGNE BOUTIQUE\",\"potentialAction\":[{\"@type\":\"SearchAction\",\"target\":{\"@type\":\"EntryPoint\",\"urlTemplate\":\"https:\/\/foufou-champagne.com\/de\/?s={search_term_string}\"},\"query-input\":{\"@type\":\"PropertyValueSpecification\",\"valueRequired\":true,\"valueName\":\"search_term_string\"}}],\"inLanguage\":\"de\"}]}<\/script>\n<!-- \/ Yoast SEO plugin. -->","yoast_head_json":{"title":"Dom Perignon Vintage Ros\u00e9 2009 | Online kaufen bei FOUFOU","description":"Ein Prestige Ros\u00e9-Champagner, der mit einer perfekten Balance aus S\u00e4ure und Vollmundigkeit verf\u00fchrt. \u2713sofort lieferbar \u2665 Deine Champagner Boutique im Web","robots":{"index":"index","follow":"follow","max-snippet":"max-snippet:-1","max-image-preview":"max-image-preview:large","max-video-preview":"max-video-preview:-1"},"canonical":"https:\/\/foufou-champagne.com\/de\/champagner\/dom-perignon-brut-rose-2009\/","og_locale":"de_DE","og_type":"article","og_title":"Dom Perignon Vintage Ros\u00e9 2009 | Online kaufen bei FOUFOU","og_description":"Ein Prestige Ros\u00e9-Champagner, der mit einer perfekten Balance aus S\u00e4ure und Vollmundigkeit verf\u00fchrt. \u2713sofort lieferbar \u2665 Deine Champagner Boutique im Web","og_url":"https:\/\/foufou-champagne.com\/de\/champagner\/dom-perignon-brut-rose-2009\/","og_site_name":"foufou-champagne.com","article_modified_time":"2025-09-06T17:27:44+00:00","og_image":[{"width":1708,"height":2560,"url":"https:\/\/foufou-champagne.com\/wp-content\/uploads\/2024\/12\/foufou-dom-perignon-rose-scaled.jpg","type":"image\/jpeg"}],"twitter_card":"summary_large_image","twitter_misc":{"Gesch\u00e4tzte Lesezeit":"3\u00a0Minuten"},"schema":{"@context":"https:\/\/schema.org","@graph":[{"@type":"WebPage","@id":"https:\/\/foufou-champagne.com\/de\/champagner\/dom-perignon-brut-rose-2009\/","url":"https:\/\/foufou-champagne.com\/de\/champagner\/dom-perignon-brut-rose-2009\/","name":"Dom Perignon Vintage Ros\u00e9 2009 | Online kaufen bei FOUFOU","isPartOf":{"@id":"https:\/\/foufou-champagne.com\/de\/#website"},"primaryImageOfPage":{"@id":"https:\/\/foufou-champagne.com\/de\/champagner\/dom-perignon-brut-rose-2009\/#primaryimage"},"image":{"@id":"https:\/\/foufou-champagne.com\/de\/champagner\/dom-perignon-brut-rose-2009\/#primaryimage"},"thumbnailUrl":"https:\/\/foufou-champagne.com\/wp-content\/uploads\/2024\/12\/foufou-dom-perignon-rose-scaled.jpg","datePublished":"2025-05-10T09:03:08+00:00","dateModified":"2025-09-06T17:27:44+00:00","description":"Ein Prestige Ros\u00e9-Champagner, der mit einer perfekten Balance aus S\u00e4ure und Vollmundigkeit verf\u00fchrt. \u2713sofort lieferbar \u2665 Deine Champagner Boutique im Web","breadcrumb":{"@id":"https:\/\/foufou-champagne.com\/de\/champagner\/dom-perignon-brut-rose-2009\/#breadcrumb"},"inLanguage":"de","potentialAction":[{"@type":"ReadAction","target":["https:\/\/foufou-champagne.com\/de\/champagner\/dom-perignon-brut-rose-2009\/"]}]},{"@type":"ImageObject","inLanguage":"de","@id":"https:\/\/foufou-champagne.com\/de\/champagner\/dom-perignon-brut-rose-2009\/#primaryimage","url":"https:\/\/foufou-champagne.com\/wp-content\/uploads\/2024\/12\/foufou-dom-perignon-rose-scaled.jpg","contentUrl":"https:\/\/foufou-champagne.com\/wp-content\/uploads\/2024\/12\/foufou-dom-perignon-rose-scaled.jpg","width":1708,"height":2560},{"@type":"BreadcrumbList","@id":"https:\/\/foufou-champagne.com\/de\/champagner\/dom-perignon-brut-rose-2009\/#breadcrumb","itemListElement":[{"@type":"ListItem","position":1,"name":"Startseite","item":"https:\/\/foufou-champagne.com\/de\/"},{"@type":"ListItem","position":2,"name":"Shop","item":"https:\/\/foufou-champagne.com\/de\/shop\/"},{"@type":"ListItem","position":3,"name":"Dom P\u00e9rignon Brut Ros\u00e9 2009"}]},{"@type":"WebSite","@id":"https:\/\/foufou-champagne.com\/de\/#website","url":"https:\/\/foufou-champagne.com\/de\/","name":"foufou-champagne.com","description":"CHAMPAGNE BOUTIQUE","potentialAction":[{"@type":"SearchAction","target":{"@type":"EntryPoint","urlTemplate":"https:\/\/foufou-champagne.com\/de\/?s={search_term_string}"},"query-input":{"@type":"PropertyValueSpecification","valueRequired":true,"valueName":"search_term_string"}}],"inLanguage":"de"}]}},"_links":{"self":[{"href":"https:\/\/foufou-champagne.com\/de\/wp-json\/wp\/v2\/product\/15529","targetHints":{"allow":["GET"]}}],"collection":[{"href":"https:\/\/foufou-champagne.com\/de\/wp-json\/wp\/v2\/product"}],"about":[{"href":"https:\/\/foufou-champagne.com\/de\/wp-json\/wp\/v2\/types\/product"}],"replies":[{"embeddable":true,"href":"https:\/\/foufou-champagne.com\/de\/wp-json\/wp\/v2\/comments?post=15529"}],"wp:featuredmedia":[{"embeddable":true,"href":"https:\/\/foufou-champagne.com\/de\/wp-json\/wp\/v2\/media\/15713"}],"wp:attachment":[{"href":"https:\/\/foufou-champagne.com\/de\/wp-json\/wp\/v2\/media?parent=15529"}],"wp:term":[{"taxonomy":"product_brand","embeddable":true,"href":"https:\/\/foufou-champagne.com\/de\/wp-json\/wp\/v2\/product_brand?post=15529"},{"taxonomy":"product_cat","embeddable":true,"href":"https:\/\/foufou-champagne.com\/de\/wp-json\/wp\/v2\/product_cat?post=15529"},{"taxonomy":"product_tag","embeddable":true,"href":"https:\/\/foufou-champagne.com\/de\/wp-json\/wp\/v2\/product_tag?post=15529"}],"curies":[{"name":"wp","href":"https:\/\/api.w.org\/{rel}","templated":true}]}}