{"id":16209,"date":"2026-02-02T08:22:40","date_gmt":"2026-02-02T07:22:40","guid":{"rendered":"https:\/\/foufou-champagne.com\/?post_type=product&#038;p=16209"},"modified":"2026-02-11T16:59:21","modified_gmt":"2026-02-11T15:59:21","slug":"la-terre-mere","status":"publish","type":"product","link":"https:\/\/foufou-champagne.com\/de\/champagner\/la-terre-mere\/","title":{"rendered":"Alexis La Terre M\u00e8re"},"content":{"rendered":"<h4>Der Champagner<\/h4>\n<p data-path-to-node=\"6,0,0\">La Terre M\u00e8re \u201eMutter Erde\u201c ist die Seele des Hauses Alexis. Ein reinsortiger Meunier, der die Urkraft des Bodens von Troissy direkt ins Glas bringt. Wild und dennoch pur im Geschmack. Cremig, reife Frucht mit zitrischen, erdigen und spritzigen Noten. Der Ausbau erfolgt unkonventionell in 400-Liter-Eichenf\u00e4ssern und Sandstein-Amphoren (Terracotta), wobei bewusst auf die malolaktische G\u00e4rung verzichtet wird, um die Frische und Spannung zu bewahren.<\/p>\n<p><strong>Tasting Note<\/strong><\/p>\n<p><strong>Im Glas:<\/strong> Im Glas: Ein leuchtendes Strohgelb mit einer feinen, dynamischen Perlage.<br \/>\n<strong>In der Nase:<\/strong> Ein intensives, fast schon wildes Bouquet. Reife \u00c4pfel treffen auf rote Johannisbeeren sowie kalkige und erdige Noten.<br \/>\n<strong>Am Gaumen<\/strong>: Ein Erlebnis von purer Energie und Struktur. Die Textur ist cremig, kreidig, mit einer wunderbaren Spannung. Reife Fruchtaromen verbinden sich mit zitrischen Akzenten und einer herzhaften W\u00fcrze, mit langem, mineralischen Finish.<\/p>\n<h4>Passt zu<\/h4>\n<p>Perfekt als Aperitif, zu kr\u00e4ftigen Vorspeisen, Gefl\u00fcgel und Fisch<\/p>\n<div class=\"row row--collapse align-left\">\n<div class=\"col col-sm-12 col-xlg-12\">\n<div class=\"cmsPlainText\">\n<div class=\"row\">\n<div class=\"col col-sm-12\">\n<div class=\"cmsPlainText__content\">\n<div class=\"cmsPlainText__split cmsPlainText__split--1\">\n<h4>Das Champagnerhaus Alexis<\/h4>\n<p>Alexis Leconte setzt in seinem kleinen Familienbetrieb auf Handwerkskunst, Nachhaltigkeit und Respekt f\u00fcr das Terroir. Jede seiner Kreationen spiegelt die Essenz des Vall\u00e9e de la Marne wider und verbindet traditionelle Herstellung mit moderner Dynamik. Der Totem ist das Sinnbild dieser Philosophie: ein lebendiger, unkomplizierter Champagner, der zeigt, wie viel Spa\u00df Meunier-basierte Cuv\u00e9es machen k\u00f6nnen.<\/p>\n<\/div>\n<\/div>\n<\/div>\n<\/div>\n<\/div>\n<\/div>\n<\/div>\n","protected":false},"excerpt":{"rendered":"<p>Eine Hommage an Mutter Erde: Ungefilterte Meunier-Power, cremig und leicht erdig.<\/p>\n","protected":false},"featured_media":16253,"comment_status":"open","ping_status":"closed","template":"","meta":{"_acf_changed":false,"_editorskit_title_hidden":false,"_editorskit_reading_time":0,"_editorskit_is_block_options_detached":false,"_editorskit_block_options_position":"{}","_coblocks_attr":"","_coblocks_dimensions":"","_coblocks_responsive_height":"","_coblocks_accordion_ie_support":""},"product_brand":[],"product_cat":[1257,66],"product_tag":[],"class_list":{"0":"post-16209","1":"product","2":"type-product","3":"status-publish","4":"has-post-thumbnail","6":"product_cat-alexis-champagner","7":"product_cat-bio-champagner","8":"product_shipping_class-standard","10":"first","11":"instock","12":"taxable","13":"shipping-taxable","14":"purchasable","15":"product-type-composite"},"composite_virtual":false,"composite_layout":"single","composite_add_to_cart_form_location":"default","composite_editable_in_cart":false,"composite_sold_individually_context":"product","composite_shop_price_calc":"defaults","composite_components":[{"id":"1690890259","title":"Geschenkverpackung (optional)","description":"","query_type":"product_ids","query_ids":[13154],"default_option_id":"","thumbnail_id":"","thumbnail_src":"","quantity_min":1,"quantity_max":1,"priced_individually":true,"shipped_individually":false,"optional":true,"discount":"","options_style":"dropdowns","pagination_style":"classic","display_prices":"absolute","show_sorting_options":false,"show_filtering_options":false,"attribute_filter_ids":[],"select_action":"view","product_title_visible":false,"product_descr_visible":true,"product_price_visible":true,"product_thumb_visible":true,"subtotal_visible_product":false,"subtotal_visible_cart":false,"subtotal_visible_orders":false,"product_addons_visible":true},{"id":"1690890260","title":"Gru\u00dfkarte mit Mini-Bouquet (optional)","description":"","query_type":"category_ids","query_ids":[635],"default_option_id":"","thumbnail_id":"","thumbnail_src":"","quantity_min":1,"quantity_max":1,"priced_individually":true,"shipped_individually":false,"optional":true,"discount":"","options_style":"dropdowns","pagination_style":"classic","display_prices":"absolute","show_sorting_options":false,"show_filtering_options":false,"attribute_filter_ids":[],"select_action":"view","product_title_visible":false,"product_descr_visible":true,"product_price_visible":true,"product_thumb_visible":true,"subtotal_visible_product":false,"subtotal_visible_cart":false,"subtotal_visible_orders":false,"product_addons_visible":true}],"composite_scenarios":[],"exclude_global_add_ons":[],"addons":[],"acf":[],"yoast_head":"<!-- This site is optimized with the Yoast SEO plugin v26.8 - https:\/\/yoast.com\/product\/yoast-seo-wordpress\/ -->\n<title>Alexis La Terre M\u00e8re online kaufen | FOUFOU CHAMPAGNE<\/title>\n<meta name=\"description\" content=\"Entdecke den Alexis La Terre M\u00e8re Extra Brut: Ein charakterstarker 100% Meunier aus Troissy. Wild aber pr\u00e4zise mit feinen erdigen Noten und super cremig am Gaumen.\" \/>\n<meta name=\"robots\" content=\"index, follow, max-snippet:-1, max-image-preview:large, max-video-preview:-1\" \/>\n<link rel=\"canonical\" href=\"https:\/\/foufou-champagne.com\/de\/champagner\/la-terre-mere\/\" \/>\n<meta property=\"og:locale\" content=\"de_DE\" \/>\n<meta property=\"og:type\" content=\"article\" \/>\n<meta property=\"og:title\" content=\"Alexis La Terre M\u00e8re online kaufen | FOUFOU CHAMPAGNE\" \/>\n<meta property=\"og:description\" content=\"Entdecke den Alexis La Terre M\u00e8re Extra Brut: Ein charakterstarker 100% Meunier aus Troissy. Wild aber pr\u00e4zise mit feinen erdigen Noten und super cremig am Gaumen.\" \/>\n<meta property=\"og:url\" content=\"https:\/\/foufou-champagne.com\/de\/champagner\/la-terre-mere\/\" \/>\n<meta property=\"og:site_name\" content=\"foufou-champagne.com\" \/>\n<meta property=\"article:modified_time\" content=\"2026-02-11T15:59:21+00:00\" \/>\n<meta property=\"og:image\" content=\"https:\/\/foufou-champagne.com\/wp-content\/uploads\/2026\/02\/FOUFOU-Champagne-7-scaled.jpg\" \/>\n\t<meta property=\"og:image:width\" content=\"1707\" \/>\n\t<meta property=\"og:image:height\" content=\"2560\" \/>\n\t<meta property=\"og:image:type\" content=\"image\/jpeg\" \/>\n<meta name=\"twitter:card\" content=\"summary_large_image\" \/>\n<meta name=\"twitter:label1\" content=\"Gesch\u00e4tzte Lesezeit\" \/>\n\t<meta name=\"twitter:data1\" content=\"2\u00a0Minuten\" \/>\n<script type=\"application\/ld+json\" class=\"yoast-schema-graph\">{\"@context\":\"https:\/\/schema.org\",\"@graph\":[{\"@type\":\"WebPage\",\"@id\":\"https:\/\/foufou-champagne.com\/de\/champagner\/la-terre-mere\/\",\"url\":\"https:\/\/foufou-champagne.com\/de\/champagner\/la-terre-mere\/\",\"name\":\"Alexis La Terre M\u00e8re online kaufen | FOUFOU CHAMPAGNE\",\"isPartOf\":{\"@id\":\"https:\/\/foufou-champagne.com\/de\/#website\"},\"primaryImageOfPage\":{\"@id\":\"https:\/\/foufou-champagne.com\/de\/champagner\/la-terre-mere\/#primaryimage\"},\"image\":{\"@id\":\"https:\/\/foufou-champagne.com\/de\/champagner\/la-terre-mere\/#primaryimage\"},\"thumbnailUrl\":\"https:\/\/foufou-champagne.com\/wp-content\/uploads\/2026\/02\/FOUFOU-Champagne-7-scaled.jpg\",\"datePublished\":\"2026-02-02T07:22:40+00:00\",\"dateModified\":\"2026-02-11T15:59:21+00:00\",\"description\":\"Entdecke den Alexis La Terre M\u00e8re Extra Brut: Ein charakterstarker 100% Meunier aus Troissy. Wild aber pr\u00e4zise mit feinen erdigen Noten und super cremig am Gaumen.\",\"breadcrumb\":{\"@id\":\"https:\/\/foufou-champagne.com\/de\/champagner\/la-terre-mere\/#breadcrumb\"},\"inLanguage\":\"de\",\"potentialAction\":[{\"@type\":\"ReadAction\",\"target\":[\"https:\/\/foufou-champagne.com\/de\/champagner\/la-terre-mere\/\"]}]},{\"@type\":\"ImageObject\",\"inLanguage\":\"de\",\"@id\":\"https:\/\/foufou-champagne.com\/de\/champagner\/la-terre-mere\/#primaryimage\",\"url\":\"https:\/\/foufou-champagne.com\/wp-content\/uploads\/2026\/02\/FOUFOU-Champagne-7-scaled.jpg\",\"contentUrl\":\"https:\/\/foufou-champagne.com\/wp-content\/uploads\/2026\/02\/FOUFOU-Champagne-7-scaled.jpg\",\"width\":1707,\"height\":2560},{\"@type\":\"BreadcrumbList\",\"@id\":\"https:\/\/foufou-champagne.com\/de\/champagner\/la-terre-mere\/#breadcrumb\",\"itemListElement\":[{\"@type\":\"ListItem\",\"position\":1,\"name\":\"Startseite\",\"item\":\"https:\/\/foufou-champagne.com\/de\/\"},{\"@type\":\"ListItem\",\"position\":2,\"name\":\"Shop\",\"item\":\"https:\/\/foufou-champagne.com\/de\/shop\/\"},{\"@type\":\"ListItem\",\"position\":3,\"name\":\"Alexis La Terre M\u00e8re\"}]},{\"@type\":\"WebSite\",\"@id\":\"https:\/\/foufou-champagne.com\/de\/#website\",\"url\":\"https:\/\/foufou-champagne.com\/de\/\",\"name\":\"foufou-champagne.com\",\"description\":\"CHAMPAGNE BOUTIQUE\",\"potentialAction\":[{\"@type\":\"SearchAction\",\"target\":{\"@type\":\"EntryPoint\",\"urlTemplate\":\"https:\/\/foufou-champagne.com\/de\/?s={search_term_string}\"},\"query-input\":{\"@type\":\"PropertyValueSpecification\",\"valueRequired\":true,\"valueName\":\"search_term_string\"}}],\"inLanguage\":\"de\"}]}<\/script>\n<!-- \/ Yoast SEO plugin. -->","yoast_head_json":{"title":"Alexis La Terre M\u00e8re online kaufen | FOUFOU CHAMPAGNE","description":"Entdecke den Alexis La Terre M\u00e8re Extra Brut: Ein charakterstarker 100% Meunier aus Troissy. Wild aber pr\u00e4zise mit feinen erdigen Noten und super cremig am Gaumen.","robots":{"index":"index","follow":"follow","max-snippet":"max-snippet:-1","max-image-preview":"max-image-preview:large","max-video-preview":"max-video-preview:-1"},"canonical":"https:\/\/foufou-champagne.com\/de\/champagner\/la-terre-mere\/","og_locale":"de_DE","og_type":"article","og_title":"Alexis La Terre M\u00e8re online kaufen | FOUFOU CHAMPAGNE","og_description":"Entdecke den Alexis La Terre M\u00e8re Extra Brut: Ein charakterstarker 100% Meunier aus Troissy. Wild aber pr\u00e4zise mit feinen erdigen Noten und super cremig am Gaumen.","og_url":"https:\/\/foufou-champagne.com\/de\/champagner\/la-terre-mere\/","og_site_name":"foufou-champagne.com","article_modified_time":"2026-02-11T15:59:21+00:00","og_image":[{"width":1707,"height":2560,"url":"https:\/\/foufou-champagne.com\/wp-content\/uploads\/2026\/02\/FOUFOU-Champagne-7-scaled.jpg","type":"image\/jpeg"}],"twitter_card":"summary_large_image","twitter_misc":{"Gesch\u00e4tzte Lesezeit":"2\u00a0Minuten"},"schema":{"@context":"https:\/\/schema.org","@graph":[{"@type":"WebPage","@id":"https:\/\/foufou-champagne.com\/de\/champagner\/la-terre-mere\/","url":"https:\/\/foufou-champagne.com\/de\/champagner\/la-terre-mere\/","name":"Alexis La Terre M\u00e8re online kaufen | FOUFOU CHAMPAGNE","isPartOf":{"@id":"https:\/\/foufou-champagne.com\/de\/#website"},"primaryImageOfPage":{"@id":"https:\/\/foufou-champagne.com\/de\/champagner\/la-terre-mere\/#primaryimage"},"image":{"@id":"https:\/\/foufou-champagne.com\/de\/champagner\/la-terre-mere\/#primaryimage"},"thumbnailUrl":"https:\/\/foufou-champagne.com\/wp-content\/uploads\/2026\/02\/FOUFOU-Champagne-7-scaled.jpg","datePublished":"2026-02-02T07:22:40+00:00","dateModified":"2026-02-11T15:59:21+00:00","description":"Entdecke den Alexis La Terre M\u00e8re Extra Brut: Ein charakterstarker 100% Meunier aus Troissy. Wild aber pr\u00e4zise mit feinen erdigen Noten und super cremig am Gaumen.","breadcrumb":{"@id":"https:\/\/foufou-champagne.com\/de\/champagner\/la-terre-mere\/#breadcrumb"},"inLanguage":"de","potentialAction":[{"@type":"ReadAction","target":["https:\/\/foufou-champagne.com\/de\/champagner\/la-terre-mere\/"]}]},{"@type":"ImageObject","inLanguage":"de","@id":"https:\/\/foufou-champagne.com\/de\/champagner\/la-terre-mere\/#primaryimage","url":"https:\/\/foufou-champagne.com\/wp-content\/uploads\/2026\/02\/FOUFOU-Champagne-7-scaled.jpg","contentUrl":"https:\/\/foufou-champagne.com\/wp-content\/uploads\/2026\/02\/FOUFOU-Champagne-7-scaled.jpg","width":1707,"height":2560},{"@type":"BreadcrumbList","@id":"https:\/\/foufou-champagne.com\/de\/champagner\/la-terre-mere\/#breadcrumb","itemListElement":[{"@type":"ListItem","position":1,"name":"Startseite","item":"https:\/\/foufou-champagne.com\/de\/"},{"@type":"ListItem","position":2,"name":"Shop","item":"https:\/\/foufou-champagne.com\/de\/shop\/"},{"@type":"ListItem","position":3,"name":"Alexis La Terre M\u00e8re"}]},{"@type":"WebSite","@id":"https:\/\/foufou-champagne.com\/de\/#website","url":"https:\/\/foufou-champagne.com\/de\/","name":"foufou-champagne.com","description":"CHAMPAGNE BOUTIQUE","potentialAction":[{"@type":"SearchAction","target":{"@type":"EntryPoint","urlTemplate":"https:\/\/foufou-champagne.com\/de\/?s={search_term_string}"},"query-input":{"@type":"PropertyValueSpecification","valueRequired":true,"valueName":"search_term_string"}}],"inLanguage":"de"}]}},"_links":{"self":[{"href":"https:\/\/foufou-champagne.com\/de\/wp-json\/wp\/v2\/product\/16209","targetHints":{"allow":["GET"]}}],"collection":[{"href":"https:\/\/foufou-champagne.com\/de\/wp-json\/wp\/v2\/product"}],"about":[{"href":"https:\/\/foufou-champagne.com\/de\/wp-json\/wp\/v2\/types\/product"}],"replies":[{"embeddable":true,"href":"https:\/\/foufou-champagne.com\/de\/wp-json\/wp\/v2\/comments?post=16209"}],"wp:featuredmedia":[{"embeddable":true,"href":"https:\/\/foufou-champagne.com\/de\/wp-json\/wp\/v2\/media\/16253"}],"wp:attachment":[{"href":"https:\/\/foufou-champagne.com\/de\/wp-json\/wp\/v2\/media?parent=16209"}],"wp:term":[{"taxonomy":"product_brand","embeddable":true,"href":"https:\/\/foufou-champagne.com\/de\/wp-json\/wp\/v2\/product_brand?post=16209"},{"taxonomy":"product_cat","embeddable":true,"href":"https:\/\/foufou-champagne.com\/de\/wp-json\/wp\/v2\/product_cat?post=16209"},{"taxonomy":"product_tag","embeddable":true,"href":"https:\/\/foufou-champagne.com\/de\/wp-json\/wp\/v2\/product_tag?post=16209"}],"curies":[{"name":"wp","href":"https:\/\/api.w.org\/{rel}","templated":true}]}}