{"id":16216,"date":"2026-02-03T17:54:17","date_gmt":"2026-02-03T16:54:17","guid":{"rendered":"https:\/\/foufou-champagne.com\/?post_type=product&#038;p=16216"},"modified":"2026-02-11T16:11:14","modified_gmt":"2026-02-11T15:11:14","slug":"de-barfontarc-caractere","status":"publish","type":"product","link":"https:\/\/foufou-champagne.com\/de\/champagner\/de-barfontarc-caractere\/","title":{"rendered":"De Barfontarc Caract\u00e8re"},"content":{"rendered":"<h4>Der Champagner<\/h4>\n<p><span data-path-to-node=\"7,0,1,0\"><span class=\"citation-189 interactive-span-hovered\">Die Cuv\u00e9e \u201eCaract\u00e8re\u201c macht ihrem Namen alle Ehre, denn dieser <\/span><\/span><span data-path-to-node=\"7,0,1,4\"><span class=\"citation-188\">Champagner wird ausschlie\u00dflich aus Pinot Noir Trauben gewonnen und bringt die ganze Fruchtigkeit und Power der Rebsorte ins Glas. Die Trauben stammen aus<span class=\"citation-184\">\u00a0<\/span><span class=\"citation-184\">Baroville<\/span><span class=\"citation-184\">, im Herzen der <\/span><span class=\"citation-184\">C\u00f4te des Bar<\/span>. <span class=\"citation-181\">Die Basis f\u00fcr diesen 18. Blend bildet zu 80% die Ernte aus dem Jahr 2019, die durch 20% Reserveweine veredelt wurde, um Konstanz und Tiefe zu garantieren<\/span>. <\/span><\/span><\/p>\n<h4>Tasting Note<\/h4>\n<ul>\n<li>Im Glas ein goldenes Gelb mit leicht pinken Reflexen.<\/li>\n<li><span data-path-to-node=\"10,0\"><span class=\"citation-179\">In der Nase expressiv und rassig<\/span><\/span><span data-path-to-node=\"10,2\">. <\/span><span data-path-to-node=\"10,4\"><span class=\"citation-178\">Ein w\u00fcrziges Bouquet vereint Noten von Trockenfr\u00fcchten, Mirabellen und einem Hauch von Honig<\/span><\/span><span data-path-to-node=\"10,6\">.<\/span><\/li>\n<li><span data-path-to-node=\"12,0\"><span class=\"citation-177\">Am Gaumen ist der Auftakt gepr\u00e4gt von gelben Fr\u00fcchten und Pfirsich, eingebettet in ein gro\u00dfz\u00fcgiges, vollmundiges Mundgef\u00fchl<\/span><\/span><span data-path-to-node=\"12,2\">. <\/span><span data-path-to-node=\"12,4\"><span class=\"citation-176\">Ein wunderbar ausbalancierter Champagner, der Frische mit einer eleganten Struktur verbindet.<\/span><\/span><\/li>\n<\/ul>\n<ul>\n<li>Der Champagner eignet sich hervorragend als Aperitif oder, dank seiner Vollmundigkeit, als Begleitung eines gesamten Men\u00fcs.<\/li>\n<\/ul>\n<div class=\"row row--collapse align-left\">\n<div class=\"col col-sm-12 col-xlg-12\">\n<div class=\"cmsPlainText\">\n<div class=\"row\">\n<div class=\"col col-sm-12\">\n<div class=\"cmsPlainText__content\">\n<div class=\"cmsPlainText__split cmsPlainText__split--1\">\n<h4>Das Champagnerhaus De Barfontarc<\/h4>\n<p><span class=\"TextRun SCXW175684281 BCX4\" lang=\"DE-DE\" xml:lang=\"DE-DE\" data-contrast=\"auto\"><span class=\"NormalTextRun SCXW175684281 BCX4\">1962 schlo<\/span><\/span><span class=\"TextRun SCXW175684281 BCX4\" lang=\"DE-DE\" xml:lang=\"DE-DE\" data-contrast=\"auto\"><span class=\"NormalTextRun SCXW175684281 BCX4\">ssen sich <\/span><\/span><span class=\"TextRun SCXW175684281 BCX4\" lang=\"DE-DE\" xml:lang=\"DE-DE\" data-contrast=\"auto\"><span class=\"NormalTextRun SCXW175684281 BCX4\">etwa 50 Winzer aus den D\u00f6rfern <\/span><\/span><span class=\"TextRun SCXW175684281 BCX4\" lang=\"DE-DE\" xml:lang=\"DE-DE\" data-contrast=\"auto\"><span class=\"NormalTextRun SpellingErrorV2 SCXW175684281 BCX4\">Baroville<\/span><\/span><span class=\"TextRun SCXW175684281 BCX4\" lang=\"DE-DE\" xml:lang=\"DE-DE\" data-contrast=\"auto\"><span class=\"NormalTextRun SCXW175684281 BCX4\">, Fontaine<\/span><\/span><span class=\"TextRun SCXW175684281 BCX4\" lang=\"DE-DE\" xml:lang=\"DE-DE\" data-contrast=\"auto\"><span class=\"NormalTextRun SCXW175684281 BCX4\"> und<\/span><\/span> <span class=\"TextRun SCXW175684281 BCX4\" lang=\"DE-DE\" xml:lang=\"DE-DE\" data-contrast=\"auto\"><span class=\"NormalTextRun SpellingErrorV2 SCXW175684281 BCX4\">Arconville<\/span><\/span><span class=\"TextRun SCXW175684281 BCX4\" lang=\"DE-DE\" xml:lang=\"DE-DE\" data-contrast=\"auto\"><span class=\"NormalTextRun SCXW175684281 BCX4\"> in der <\/span><\/span><span class=\"TextRun SCXW175684281 BCX4\" lang=\"DE-DE\" xml:lang=\"DE-DE\" data-contrast=\"auto\"><span class=\"NormalTextRun SpellingErrorV2 SCXW175684281 BCX4\">Cote<\/span><\/span><span class=\"TextRun SCXW175684281 BCX4\" lang=\"DE-DE\" xml:lang=\"DE-DE\" data-contrast=\"auto\"><span class=\"NormalTextRun SCXW175684281 BCX4\"> des Bar zusammen, um die <\/span><\/span><span class=\"TextRun SCXW175684281 BCX4\" lang=\"DE-DE\" xml:lang=\"DE-DE\" data-contrast=\"auto\"><span class=\"NormalTextRun SCXW175684281 BCX4\">\u201e<\/span><\/span><span class=\"TextRun SCXW175684281 BCX4\" lang=\"DE-DE\" xml:lang=\"DE-DE\" data-contrast=\"auto\"><span class=\"NormalTextRun SpellingErrorV2 SCXW175684281 BCX4\">Coop\u00e9rative<\/span><\/span> <span class=\"TextRun SCXW175684281 BCX4\" lang=\"DE-DE\" xml:lang=\"DE-DE\" data-contrast=\"auto\"><span class=\"NormalTextRun SpellingErrorV2 SCXW175684281 BCX4\">Vinicole<\/span><\/span><span class=\"TextRun SCXW175684281 BCX4\" lang=\"DE-DE\" xml:lang=\"DE-DE\" data-contrast=\"auto\"><span class=\"NormalTextRun SCXW175684281 BCX4\"> de la <\/span><\/span><span class=\"TextRun SCXW175684281 BCX4\" lang=\"DE-DE\" xml:lang=\"DE-DE\" data-contrast=\"auto\"><span class=\"NormalTextRun SpellingErrorV2 SCXW175684281 BCX4\">R\u00e9gion<\/span><\/span> <span class=\"TextRun SCXW175684281 BCX4\" lang=\"DE-DE\" xml:lang=\"DE-DE\" data-contrast=\"auto\"><span class=\"NormalTextRun SpellingErrorV2 SCXW175684281 BCX4\">Baroville<\/span><\/span><span class=\"TextRun SCXW175684281 BCX4\" lang=\"DE-DE\" xml:lang=\"DE-DE\" data-contrast=\"auto\"><span class=\"NormalTextRun SCXW175684281 BCX4\">\u201c <\/span><\/span><span class=\"TextRun SCXW175684281 BCX4\" lang=\"DE-DE\" xml:lang=\"DE-DE\" data-contrast=\"auto\"><span class=\"NormalTextRun SCXW175684281 BCX4\">zu gr\u00fcnden. Zu Beginn <\/span><\/span><span class=\"TextRun SCXW175684281 BCX4\" lang=\"DE-DE\" xml:lang=\"DE-DE\" data-contrast=\"auto\"><span class=\"NormalTextRun SCXW175684281 BCX4\">handelte es sich hierbei um eine reine <\/span><\/span><span class=\"TextRun SCXW175684281 BCX4\" lang=\"DE-DE\" xml:lang=\"DE-DE\" data-contrast=\"auto\"><span class=\"NormalTextRun SCXW175684281 BCX4\">St\u00e4tte f\u00fcr die Pressung der Trauben, im <\/span><\/span><span class=\"TextRun SCXW175684281 BCX4\" lang=\"DE-DE\" xml:lang=\"DE-DE\" data-contrast=\"auto\"><span class=\"NormalTextRun SpellingErrorV2 SCXW175684281 BCX4\">Laufe<\/span><\/span><span class=\"TextRun SCXW175684281 BCX4\" lang=\"DE-DE\" xml:lang=\"DE-DE\" data-contrast=\"auto\"><span class=\"NormalTextRun SCXW175684281 BCX4\"> der Zeit begann die Kooperative jedoch auch eigenen Champagner zu kreieren und gab sich den Namen \u201eDe <\/span><\/span><span class=\"TextRun SCXW175684281 BCX4\" lang=\"DE-DE\" xml:lang=\"DE-DE\" data-contrast=\"auto\"><span class=\"NormalTextRun SpellingErrorV2 SCXW175684281 BCX4\">Barfontarc<\/span><\/span><span class=\"TextRun SCXW175684281 BCX4\" lang=\"DE-DE\" xml:lang=\"DE-DE\" data-contrast=\"auto\"><span class=\"NormalTextRun SCXW175684281 BCX4\">\u201c zusammen<\/span><\/span><span class=\"TextRun SCXW175684281 BCX4\" lang=\"DE-DE\" xml:lang=\"DE-DE\" data-contrast=\"auto\"><span class=\"NormalTextRun SCXW175684281 BCX4\">gesetzt aus den ersten Silben der Anbaugebiete. <\/span><\/span><span class=\"TextRun SCXW175684281 BCX4\" lang=\"DE-DE\" xml:lang=\"DE-DE\" data-contrast=\"auto\"><span class=\"NormalTextRun SCXW175684281 BCX4\">Auch heutzutage sind immer noch dieselben Winzer <\/span><\/span><span class=\"TextRun SCXW175684281 BCX4\" lang=\"DE-DE\" xml:lang=\"DE-DE\" data-contrast=\"auto\"><span class=\"NormalTextRun ContextualSpellingAndGrammarErrorV2 SCXW175684281 BCX4\">teil<\/span><\/span><span class=\"TextRun SCXW175684281 BCX4\" lang=\"DE-DE\" xml:lang=\"DE-DE\" data-contrast=\"auto\"><span class=\"NormalTextRun SCXW175684281 BCX4\"> der <\/span><\/span><span class=\"TextRun SCXW175684281 BCX4\" lang=\"DE-DE\" xml:lang=\"DE-DE\" data-contrast=\"auto\"><span class=\"NormalTextRun SCXW175684281 BCX4\">in <\/span><\/span><span class=\"TextRun SCXW175684281 BCX4\" lang=\"DE-DE\" xml:lang=\"DE-DE\" data-contrast=\"auto\"><span class=\"NormalTextRun SpellingErrorV2 SCXW175684281 BCX4\">Baroville<\/span><\/span><span class=\"TextRun SCXW175684281 BCX4\" lang=\"DE-DE\" xml:lang=\"DE-DE\" data-contrast=\"auto\"><span class=\"NormalTextRun SCXW175684281 BCX4\"> ans\u00e4ssigen <\/span><\/span><span class=\"TextRun SCXW175684281 BCX4\" lang=\"DE-DE\" xml:lang=\"DE-DE\" data-contrast=\"auto\"><span class=\"NormalTextRun SCXW175684281 BCX4\">Kooperative un<\/span><\/span><span class=\"TextRun SCXW175684281 BCX4\" lang=\"DE-DE\" xml:lang=\"DE-DE\" data-contrast=\"auto\"><span class=\"NormalTextRun SCXW175684281 BCX4\">d bewirtschaften insgesamt 112 Hektar Reben, wof\u00fcr 20 Personen angestellt wurden.<\/span><\/span><span class=\"TextRun SCXW175684281 BCX4\" lang=\"DE-DE\" xml:lang=\"DE-DE\" data-contrast=\"auto\"><span class=\"NormalTextRun SCXW175684281 BCX4\"> Im Laufe der Jahre gelang es \u201eDe <\/span><\/span><span class=\"TextRun SCXW175684281 BCX4\" lang=\"DE-DE\" xml:lang=\"DE-DE\" data-contrast=\"auto\"><span class=\"NormalTextRun SpellingErrorV2 SCXW175684281 BCX4\">Barfontarc<\/span><\/span><span class=\"TextRun SCXW175684281 BCX4\" lang=\"DE-DE\" xml:lang=\"DE-DE\" data-contrast=\"auto\"><span class=\"NormalTextRun SCXW175684281 BCX4\">\u201c <\/span><\/span><span class=\"TextRun SCXW175684281 BCX4\" lang=\"DE-DE\" xml:lang=\"DE-DE\" data-contrast=\"auto\"><span class=\"NormalTextRun SCXW175684281 BCX4\">eine gro\u00dfe Kollektion an fruchtigen Champagnern <\/span><\/span><span class=\"TextRun SCXW175684281 BCX4\" lang=\"DE-DE\" xml:lang=\"DE-DE\" data-contrast=\"auto\"><span class=\"NormalTextRun SCXW175684281 BCX4\">zu entwickeln, welche besonders typisch f\u00fcr den s\u00fcdlicheren Teil der Champagne sind und daf\u00fcr regelm\u00e4\u00dfig Preise gewinnen.<\/span><\/span><\/p>\n<\/div>\n<\/div>\n<\/div>\n<\/div>\n<\/div>\n<\/div>\n<\/div>\n","protected":false},"excerpt":{"rendered":"<p data-path-to-node=\"4\">Die pure Kraft des Pinot Noir: Ein gro\u00dfz\u00fcgiger Blanc de Noirs mit Struktur und Eleganz.<\/p>\n","protected":false},"featured_media":16234,"comment_status":"open","ping_status":"closed","template":"","meta":{"_acf_changed":false,"_editorskit_title_hidden":false,"_editorskit_reading_time":0,"_editorskit_is_block_options_detached":false,"_editorskit_block_options_position":"{}","_coblocks_attr":"","_coblocks_dimensions":"","_coblocks_responsive_height":"","_coblocks_accordion_ie_support":""},"product_brand":[],"product_cat":[958,438],"product_tag":[338,175],"class_list":{"0":"post-16216","1":"product","2":"type-product","3":"status-publish","4":"has-post-thumbnail","6":"product_cat-blanc-de-noirs-2","7":"product_cat-de-barfontarc-champagner","8":"product_tag-blanc-de-noirs","9":"product_tag-guter-essensbegleiter","10":"product_shipping_class-standard","12":"first","13":"instock","14":"taxable","15":"shipping-taxable","16":"purchasable","17":"product-type-composite"},"composite_virtual":false,"composite_layout":"single","composite_add_to_cart_form_location":"default","composite_editable_in_cart":false,"composite_sold_individually_context":"product","composite_shop_price_calc":"defaults","composite_components":[{"id":"1686183482","title":"Geschenkverpackung (optional)","description":"","query_type":"product_ids","query_ids":[13154],"default_option_id":"","thumbnail_id":"","thumbnail_src":"","quantity_min":1,"quantity_max":1,"priced_individually":true,"shipped_individually":false,"optional":true,"discount":"","options_style":"dropdowns","pagination_style":"classic","display_prices":"absolute","show_sorting_options":false,"show_filtering_options":false,"attribute_filter_ids":[],"select_action":"view","product_title_visible":false,"product_descr_visible":true,"product_price_visible":true,"product_thumb_visible":true,"subtotal_visible_product":false,"subtotal_visible_cart":false,"subtotal_visible_orders":false,"product_addons_visible":true},{"id":"1686183483","title":"Gru\u00dfkarte mit Mini-Bouquet (optional)","description":"","query_type":"category_ids","query_ids":[635],"default_option_id":"","thumbnail_id":"","thumbnail_src":"","quantity_min":1,"quantity_max":1,"priced_individually":true,"shipped_individually":false,"optional":true,"discount":"","options_style":"dropdowns","pagination_style":"classic","display_prices":"absolute","show_sorting_options":false,"show_filtering_options":false,"attribute_filter_ids":[],"select_action":"view","product_title_visible":false,"product_descr_visible":true,"product_price_visible":true,"product_thumb_visible":true,"subtotal_visible_product":false,"subtotal_visible_cart":false,"subtotal_visible_orders":false,"product_addons_visible":true}],"composite_scenarios":[],"exclude_global_add_ons":[],"addons":[],"acf":[],"yoast_head":"<!-- This site is optimized with the Yoast SEO plugin v26.8 - https:\/\/yoast.com\/product\/yoast-seo-wordpress\/ -->\n<title>De Barfontarc Caract\u00e8re Blanc de Noirs kaufen | FOUFOU CHAMPAGNE<\/title>\n<meta name=\"description\" content=\"Der De Barfontarc Caract\u00e8re Blanc de Noirs ist eine Hommage an den Pinot Noir der C\u00f4te des Bar. Jetzt diesen charakterstarken Champagner entdecken.\" \/>\n<meta name=\"robots\" content=\"index, follow, max-snippet:-1, max-image-preview:large, max-video-preview:-1\" \/>\n<link rel=\"canonical\" href=\"https:\/\/foufou-champagne.com\/de\/champagner\/de-barfontarc-caractere\/\" \/>\n<meta property=\"og:locale\" content=\"de_DE\" \/>\n<meta property=\"og:type\" content=\"article\" \/>\n<meta property=\"og:title\" content=\"De Barfontarc Caract\u00e8re Blanc de Noirs kaufen | FOUFOU CHAMPAGNE\" \/>\n<meta property=\"og:description\" content=\"Der De Barfontarc Caract\u00e8re Blanc de Noirs ist eine Hommage an den Pinot Noir der C\u00f4te des Bar. Jetzt diesen charakterstarken Champagner entdecken.\" \/>\n<meta property=\"og:url\" content=\"https:\/\/foufou-champagne.com\/de\/champagner\/de-barfontarc-caractere\/\" \/>\n<meta property=\"og:site_name\" content=\"foufou-champagne.com\" \/>\n<meta property=\"article:modified_time\" content=\"2026-02-11T15:11:14+00:00\" \/>\n<meta property=\"og:image\" content=\"https:\/\/foufou-champagne.com\/wp-content\/uploads\/2021\/05\/FOUFOU-Champagne-scaled.jpg\" \/>\n\t<meta property=\"og:image:width\" content=\"1706\" \/>\n\t<meta property=\"og:image:height\" content=\"2560\" \/>\n\t<meta property=\"og:image:type\" content=\"image\/jpeg\" \/>\n<meta name=\"twitter:card\" content=\"summary_large_image\" \/>\n<meta name=\"twitter:label1\" content=\"Gesch\u00e4tzte Lesezeit\" \/>\n\t<meta name=\"twitter:data1\" content=\"2\u00a0Minuten\" \/>\n<script type=\"application\/ld+json\" class=\"yoast-schema-graph\">{\"@context\":\"https:\/\/schema.org\",\"@graph\":[{\"@type\":\"WebPage\",\"@id\":\"https:\/\/foufou-champagne.com\/de\/champagner\/de-barfontarc-caractere\/\",\"url\":\"https:\/\/foufou-champagne.com\/de\/champagner\/de-barfontarc-caractere\/\",\"name\":\"De Barfontarc Caract\u00e8re Blanc de Noirs kaufen | FOUFOU CHAMPAGNE\",\"isPartOf\":{\"@id\":\"https:\/\/foufou-champagne.com\/de\/#website\"},\"primaryImageOfPage\":{\"@id\":\"https:\/\/foufou-champagne.com\/de\/champagner\/de-barfontarc-caractere\/#primaryimage\"},\"image\":{\"@id\":\"https:\/\/foufou-champagne.com\/de\/champagner\/de-barfontarc-caractere\/#primaryimage\"},\"thumbnailUrl\":\"https:\/\/foufou-champagne.com\/wp-content\/uploads\/2021\/05\/FOUFOU-Champagne-scaled.jpg\",\"datePublished\":\"2026-02-03T16:54:17+00:00\",\"dateModified\":\"2026-02-11T15:11:14+00:00\",\"description\":\"Der De Barfontarc Caract\u00e8re Blanc de Noirs ist eine Hommage an den Pinot Noir der C\u00f4te des Bar. Jetzt diesen charakterstarken Champagner entdecken.\",\"breadcrumb\":{\"@id\":\"https:\/\/foufou-champagne.com\/de\/champagner\/de-barfontarc-caractere\/#breadcrumb\"},\"inLanguage\":\"de\",\"potentialAction\":[{\"@type\":\"ReadAction\",\"target\":[\"https:\/\/foufou-champagne.com\/de\/champagner\/de-barfontarc-caractere\/\"]}]},{\"@type\":\"ImageObject\",\"inLanguage\":\"de\",\"@id\":\"https:\/\/foufou-champagne.com\/de\/champagner\/de-barfontarc-caractere\/#primaryimage\",\"url\":\"https:\/\/foufou-champagne.com\/wp-content\/uploads\/2021\/05\/FOUFOU-Champagne-scaled.jpg\",\"contentUrl\":\"https:\/\/foufou-champagne.com\/wp-content\/uploads\/2021\/05\/FOUFOU-Champagne-scaled.jpg\",\"width\":1706,\"height\":2560},{\"@type\":\"BreadcrumbList\",\"@id\":\"https:\/\/foufou-champagne.com\/de\/champagner\/de-barfontarc-caractere\/#breadcrumb\",\"itemListElement\":[{\"@type\":\"ListItem\",\"position\":1,\"name\":\"Startseite\",\"item\":\"https:\/\/foufou-champagne.com\/de\/\"},{\"@type\":\"ListItem\",\"position\":2,\"name\":\"Shop\",\"item\":\"https:\/\/foufou-champagne.com\/de\/shop\/\"},{\"@type\":\"ListItem\",\"position\":3,\"name\":\"De Barfontarc Caract\u00e8re\"}]},{\"@type\":\"WebSite\",\"@id\":\"https:\/\/foufou-champagne.com\/de\/#website\",\"url\":\"https:\/\/foufou-champagne.com\/de\/\",\"name\":\"foufou-champagne.com\",\"description\":\"CHAMPAGNE BOUTIQUE\",\"potentialAction\":[{\"@type\":\"SearchAction\",\"target\":{\"@type\":\"EntryPoint\",\"urlTemplate\":\"https:\/\/foufou-champagne.com\/de\/?s={search_term_string}\"},\"query-input\":{\"@type\":\"PropertyValueSpecification\",\"valueRequired\":true,\"valueName\":\"search_term_string\"}}],\"inLanguage\":\"de\"}]}<\/script>\n<!-- \/ Yoast SEO plugin. -->","yoast_head_json":{"title":"De Barfontarc Caract\u00e8re Blanc de Noirs kaufen | FOUFOU CHAMPAGNE","description":"Der De Barfontarc Caract\u00e8re Blanc de Noirs ist eine Hommage an den Pinot Noir der C\u00f4te des Bar. Jetzt diesen charakterstarken Champagner entdecken.","robots":{"index":"index","follow":"follow","max-snippet":"max-snippet:-1","max-image-preview":"max-image-preview:large","max-video-preview":"max-video-preview:-1"},"canonical":"https:\/\/foufou-champagne.com\/de\/champagner\/de-barfontarc-caractere\/","og_locale":"de_DE","og_type":"article","og_title":"De Barfontarc Caract\u00e8re Blanc de Noirs kaufen | FOUFOU CHAMPAGNE","og_description":"Der De Barfontarc Caract\u00e8re Blanc de Noirs ist eine Hommage an den Pinot Noir der C\u00f4te des Bar. Jetzt diesen charakterstarken Champagner entdecken.","og_url":"https:\/\/foufou-champagne.com\/de\/champagner\/de-barfontarc-caractere\/","og_site_name":"foufou-champagne.com","article_modified_time":"2026-02-11T15:11:14+00:00","og_image":[{"width":1706,"height":2560,"url":"https:\/\/foufou-champagne.com\/wp-content\/uploads\/2021\/05\/FOUFOU-Champagne-scaled.jpg","type":"image\/jpeg"}],"twitter_card":"summary_large_image","twitter_misc":{"Gesch\u00e4tzte Lesezeit":"2\u00a0Minuten"},"schema":{"@context":"https:\/\/schema.org","@graph":[{"@type":"WebPage","@id":"https:\/\/foufou-champagne.com\/de\/champagner\/de-barfontarc-caractere\/","url":"https:\/\/foufou-champagne.com\/de\/champagner\/de-barfontarc-caractere\/","name":"De Barfontarc Caract\u00e8re Blanc de Noirs kaufen | FOUFOU CHAMPAGNE","isPartOf":{"@id":"https:\/\/foufou-champagne.com\/de\/#website"},"primaryImageOfPage":{"@id":"https:\/\/foufou-champagne.com\/de\/champagner\/de-barfontarc-caractere\/#primaryimage"},"image":{"@id":"https:\/\/foufou-champagne.com\/de\/champagner\/de-barfontarc-caractere\/#primaryimage"},"thumbnailUrl":"https:\/\/foufou-champagne.com\/wp-content\/uploads\/2021\/05\/FOUFOU-Champagne-scaled.jpg","datePublished":"2026-02-03T16:54:17+00:00","dateModified":"2026-02-11T15:11:14+00:00","description":"Der De Barfontarc Caract\u00e8re Blanc de Noirs ist eine Hommage an den Pinot Noir der C\u00f4te des Bar. Jetzt diesen charakterstarken Champagner entdecken.","breadcrumb":{"@id":"https:\/\/foufou-champagne.com\/de\/champagner\/de-barfontarc-caractere\/#breadcrumb"},"inLanguage":"de","potentialAction":[{"@type":"ReadAction","target":["https:\/\/foufou-champagne.com\/de\/champagner\/de-barfontarc-caractere\/"]}]},{"@type":"ImageObject","inLanguage":"de","@id":"https:\/\/foufou-champagne.com\/de\/champagner\/de-barfontarc-caractere\/#primaryimage","url":"https:\/\/foufou-champagne.com\/wp-content\/uploads\/2021\/05\/FOUFOU-Champagne-scaled.jpg","contentUrl":"https:\/\/foufou-champagne.com\/wp-content\/uploads\/2021\/05\/FOUFOU-Champagne-scaled.jpg","width":1706,"height":2560},{"@type":"BreadcrumbList","@id":"https:\/\/foufou-champagne.com\/de\/champagner\/de-barfontarc-caractere\/#breadcrumb","itemListElement":[{"@type":"ListItem","position":1,"name":"Startseite","item":"https:\/\/foufou-champagne.com\/de\/"},{"@type":"ListItem","position":2,"name":"Shop","item":"https:\/\/foufou-champagne.com\/de\/shop\/"},{"@type":"ListItem","position":3,"name":"De Barfontarc Caract\u00e8re"}]},{"@type":"WebSite","@id":"https:\/\/foufou-champagne.com\/de\/#website","url":"https:\/\/foufou-champagne.com\/de\/","name":"foufou-champagne.com","description":"CHAMPAGNE BOUTIQUE","potentialAction":[{"@type":"SearchAction","target":{"@type":"EntryPoint","urlTemplate":"https:\/\/foufou-champagne.com\/de\/?s={search_term_string}"},"query-input":{"@type":"PropertyValueSpecification","valueRequired":true,"valueName":"search_term_string"}}],"inLanguage":"de"}]}},"_links":{"self":[{"href":"https:\/\/foufou-champagne.com\/de\/wp-json\/wp\/v2\/product\/16216","targetHints":{"allow":["GET"]}}],"collection":[{"href":"https:\/\/foufou-champagne.com\/de\/wp-json\/wp\/v2\/product"}],"about":[{"href":"https:\/\/foufou-champagne.com\/de\/wp-json\/wp\/v2\/types\/product"}],"replies":[{"embeddable":true,"href":"https:\/\/foufou-champagne.com\/de\/wp-json\/wp\/v2\/comments?post=16216"}],"wp:featuredmedia":[{"embeddable":true,"href":"https:\/\/foufou-champagne.com\/de\/wp-json\/wp\/v2\/media\/16234"}],"wp:attachment":[{"href":"https:\/\/foufou-champagne.com\/de\/wp-json\/wp\/v2\/media?parent=16216"}],"wp:term":[{"taxonomy":"product_brand","embeddable":true,"href":"https:\/\/foufou-champagne.com\/de\/wp-json\/wp\/v2\/product_brand?post=16216"},{"taxonomy":"product_cat","embeddable":true,"href":"https:\/\/foufou-champagne.com\/de\/wp-json\/wp\/v2\/product_cat?post=16216"},{"taxonomy":"product_tag","embeddable":true,"href":"https:\/\/foufou-champagne.com\/de\/wp-json\/wp\/v2\/product_tag?post=16216"}],"curies":[{"name":"wp","href":"https:\/\/api.w.org\/{rel}","templated":true}]}}