{"id":2683,"date":"2020-11-28T00:38:12","date_gmt":"2020-11-27T23:38:12","guid":{"rendered":"https:\/\/foufou-champagne.com\/?post_type=product&#038;p=2683"},"modified":"2026-03-31T13:07:17","modified_gmt":"2026-03-31T11:07:17","slug":"billecart-salmon-rose-brut","status":"publish","type":"product","link":"https:\/\/foufou-champagne.com\/de\/champagner\/billecart-salmon-rose-brut\/","title":{"rendered":"Billecart-Salmon Ros\u00e9 Brut"},"content":{"rendered":"<h4>Der Champagner<\/h4>\n<p class=\"p1\">Einer der besten Ros\u00e9-Champagner. Der renommierte Ros\u00e9-Champagner ist feinperlig, elegant und finessenreich, dabei komplex, intensiv und perfekt balanciert. Subtile und elegante Zitrus- und Beerennoten &#8211; innig und verf\u00fchrerisch. Ein Assemblage-Ros\u00e9, der sich aus den Rebsorten Chardonnay, Pinot Meunier und einem rot gekelterten Pinot Noir zusammensetzt.\u00a0 Einer der besten seiner Klasse und definitiv ein FOUFOU-Liebling!<\/p>\n<h4>Tasting Note<\/h4>\n<ul>\n<li>Im Glas zartrosa mit warmen und goldfarbenen Nuancen und\u00a0feinen Perlen.<\/li>\n<li>In der Nase feine Aromen von Beerenfr\u00fcchten und Zitrusfruchtschalen.<\/li>\n<li>Am Gaumen \u00fcberzeugt er mit einem pr\u00e4zisen und elegantem Auftakt, gefolgt von Beeren- und Mandelnoten mit dezenter, gut eingebundener S\u00e4ure und einem zarten Schmelz.<\/li>\n<\/ul>\n<h4>passt zu<\/h4>\n<ul>\n<li>Der ideale Begleiter f\u00fcr den Aperitif<\/li>\n<li>Passt perfekt zu leichteren Gerichten wie R\u00e4ucherlachs, Wildlachs oder Sushi.<\/li>\n<li>Ein toller Begleiter f\u00fcr Desserts auf Obstbasis.<\/li>\n<\/ul>\n<p>&#8220;A gorgeous ros\u00e9 Champagne with sliced strawberries, orange peel and hints of cream and pie crust. Medium body, tight and integrated tannins and a long and flavorful finish. Tangy acidity. The texture shows a fine bead and lightness. Long and intense. Drink now.&#8221; &#8211; James Suckling<\/p>\n<h4>Das Champagnerhaus Billecart-Salmon<\/h4>\n<p>Einer der wenigen Spitzen-H\u00e4user, das seit der Gr\u00fcndung im Jahre 1818 bis heute in Familienbesitz ist. Das kleine Champagnerhaus <a href=\"https:\/\/foufou-champagne.com\/de\/produkt-kategorie\/Billecart-Salmon-champagner\/\">Billecart-Salmon<\/a> geh\u00f6rt zu den \u00e4ltesten Familien-Dynastien in der Champagne. Seit Anfang der 90er Jahre wird das Champagner-Haus in der 7. Generation von Francois Roland Billecart geleitet. Billecart-Salmon gilt als Garant f\u00fcr klare und mineralische Champagner. Sie bestechen mit einer m\u00e4rchenhaften Zartheit und einer ausgesprochenen Ehrlichkeit.<\/p>\n<p>&nbsp;<\/p>\n","protected":false},"excerpt":{"rendered":"<p>Ein verf\u00fchrerischer Kult-Champagner. Nicht nur das Flaschendesign ist elegant und hinrei\u00dfend, auch der Inhalt verzaubert mit zartroserner Farbe und subtilen, k\u00f6stlichen Aromen.<\/p>\n<div><\/div>\n<p>&nbsp;<\/p>\n","protected":false},"featured_media":9134,"comment_status":"open","ping_status":"closed","template":"","meta":{"_acf_changed":false,"_editorskit_title_hidden":false,"_editorskit_reading_time":0,"_editorskit_is_block_options_detached":false,"_editorskit_block_options_position":"{}","_coblocks_attr":"","_coblocks_dimensions":"","_coblocks_responsive_height":"","_coblocks_accordion_ie_support":""},"product_brand":[],"product_cat":[15,431,512],"product_tag":[91],"class_list":{"0":"post-2683","1":"product","2":"type-product","3":"status-publish","4":"has-post-thumbnail","6":"product_cat-champagner","7":"product_cat-billecart-salmon-champagner","8":"product_cat-rose-champagner","9":"product_tag-rose-champagner","10":"product_shipping_class-standard","11":"pa_kategorie-rose-champagner","13":"first","14":"outofstock","15":"taxable","16":"shipping-taxable","17":"purchasable","18":"product-type-composite"},"composite_virtual":false,"composite_layout":"single","composite_add_to_cart_form_location":"default","composite_editable_in_cart":false,"composite_sold_individually_context":"product","composite_shop_price_calc":"defaults","composite_components":[{"id":"1686181720","title":"Geschenkverpackung (optional)","description":"","query_type":"product_ids","query_ids":[13154],"default_option_id":"","thumbnail_id":"","thumbnail_src":"","quantity_min":1,"quantity_max":1,"priced_individually":true,"shipped_individually":false,"optional":true,"discount":"","options_style":"dropdowns","pagination_style":"classic","display_prices":"absolute","show_sorting_options":false,"show_filtering_options":false,"attribute_filter_ids":[],"select_action":"view","product_title_visible":false,"product_descr_visible":true,"product_price_visible":true,"product_thumb_visible":true,"subtotal_visible_product":false,"subtotal_visible_cart":false,"subtotal_visible_orders":false,"product_addons_visible":true},{"id":"1686181721","title":"Gru\u00dfkarte mit Mini-Bouquet (optional)","description":"","query_type":"category_ids","query_ids":[635],"default_option_id":"","thumbnail_id":"","thumbnail_src":"","quantity_min":1,"quantity_max":1,"priced_individually":true,"shipped_individually":false,"optional":true,"discount":"","options_style":"dropdowns","pagination_style":"classic","display_prices":"absolute","show_sorting_options":false,"show_filtering_options":false,"attribute_filter_ids":[],"select_action":"view","product_title_visible":false,"product_descr_visible":true,"product_price_visible":true,"product_thumb_visible":true,"subtotal_visible_product":false,"subtotal_visible_cart":false,"subtotal_visible_orders":false,"product_addons_visible":true}],"composite_scenarios":[],"exclude_global_add_ons":[],"addons":[],"acf":[],"yoast_head":"<!-- This site is optimized with the Yoast SEO plugin v26.8 - https:\/\/yoast.com\/product\/yoast-seo-wordpress\/ -->\n<title>Billecart-Salmon Ros\u00e9 Champagner kaufen | FOUFOU CHAMPAGNE BOUTIQUE<\/title>\n<meta name=\"description\" content=\"Ein verf\u00fchrerischer Ros\u00e9-Champagner . Feinperlig, elegant und finessenreich, dabei komplex, intensiv und perfekt balanciert. \u2665 Hier mehr.\" \/>\n<meta name=\"robots\" content=\"index, follow, max-snippet:-1, max-image-preview:large, max-video-preview:-1\" \/>\n<link rel=\"canonical\" href=\"https:\/\/foufou-champagne.com\/de\/champagner\/billecart-salmon-rose-brut\/\" \/>\n<meta property=\"og:locale\" content=\"de_DE\" \/>\n<meta property=\"og:type\" content=\"article\" \/>\n<meta property=\"og:title\" content=\"Billecart-Salmon Ros\u00e9 Champagner kaufen | FOUFOU CHAMPAGNE BOUTIQUE\" \/>\n<meta property=\"og:description\" content=\"Ein verf\u00fchrerischer Ros\u00e9-Champagner . Feinperlig, elegant und finessenreich, dabei komplex, intensiv und perfekt balanciert. \u2665 Hier mehr.\" \/>\n<meta property=\"og:url\" content=\"https:\/\/foufou-champagne.com\/de\/champagner\/billecart-salmon-rose-brut\/\" \/>\n<meta property=\"og:site_name\" content=\"foufou-champagne.com\" \/>\n<meta property=\"article:modified_time\" content=\"2026-03-31T11:07:17+00:00\" \/>\n<meta property=\"og:image\" content=\"https:\/\/foufou-champagne.com\/wp-content\/uploads\/2020\/11\/Champagne-billecart-salmon-rose-brut-FouFou-Champagne-Boutique-1.png\" \/>\n\t<meta property=\"og:image:width\" content=\"800\" \/>\n\t<meta property=\"og:image:height\" content=\"1000\" \/>\n\t<meta property=\"og:image:type\" content=\"image\/png\" \/>\n<meta name=\"twitter:card\" content=\"summary_large_image\" \/>\n<meta name=\"twitter:label1\" content=\"Gesch\u00e4tzte Lesezeit\" \/>\n\t<meta name=\"twitter:data1\" content=\"2\u00a0Minuten\" \/>\n<script type=\"application\/ld+json\" class=\"yoast-schema-graph\">{\"@context\":\"https:\/\/schema.org\",\"@graph\":[{\"@type\":\"WebPage\",\"@id\":\"https:\/\/foufou-champagne.com\/de\/champagner\/billecart-salmon-rose-brut\/\",\"url\":\"https:\/\/foufou-champagne.com\/de\/champagner\/billecart-salmon-rose-brut\/\",\"name\":\"Billecart-Salmon Ros\u00e9 Champagner kaufen | FOUFOU CHAMPAGNE BOUTIQUE\",\"isPartOf\":{\"@id\":\"https:\/\/foufou-champagne.com\/de\/#website\"},\"primaryImageOfPage\":{\"@id\":\"https:\/\/foufou-champagne.com\/de\/champagner\/billecart-salmon-rose-brut\/#primaryimage\"},\"image\":{\"@id\":\"https:\/\/foufou-champagne.com\/de\/champagner\/billecart-salmon-rose-brut\/#primaryimage\"},\"thumbnailUrl\":\"https:\/\/foufou-champagne.com\/wp-content\/uploads\/2020\/11\/Champagne-billecart-salmon-rose-brut-FouFou-Champagne-Boutique-1.png\",\"datePublished\":\"2020-11-27T23:38:12+00:00\",\"dateModified\":\"2026-03-31T11:07:17+00:00\",\"description\":\"Ein verf\u00fchrerischer Ros\u00e9-Champagner . Feinperlig, elegant und finessenreich, dabei komplex, intensiv und perfekt balanciert. \u2665 Hier mehr.\",\"breadcrumb\":{\"@id\":\"https:\/\/foufou-champagne.com\/de\/champagner\/billecart-salmon-rose-brut\/#breadcrumb\"},\"inLanguage\":\"de\",\"potentialAction\":[{\"@type\":\"ReadAction\",\"target\":[\"https:\/\/foufou-champagne.com\/de\/champagner\/billecart-salmon-rose-brut\/\"]}]},{\"@type\":\"ImageObject\",\"inLanguage\":\"de\",\"@id\":\"https:\/\/foufou-champagne.com\/de\/champagner\/billecart-salmon-rose-brut\/#primaryimage\",\"url\":\"https:\/\/foufou-champagne.com\/wp-content\/uploads\/2020\/11\/Champagne-billecart-salmon-rose-brut-FouFou-Champagne-Boutique-1.png\",\"contentUrl\":\"https:\/\/foufou-champagne.com\/wp-content\/uploads\/2020\/11\/Champagne-billecart-salmon-rose-brut-FouFou-Champagne-Boutique-1.png\",\"width\":800,\"height\":1000},{\"@type\":\"BreadcrumbList\",\"@id\":\"https:\/\/foufou-champagne.com\/de\/champagner\/billecart-salmon-rose-brut\/#breadcrumb\",\"itemListElement\":[{\"@type\":\"ListItem\",\"position\":1,\"name\":\"Startseite\",\"item\":\"https:\/\/foufou-champagne.com\/de\/\"},{\"@type\":\"ListItem\",\"position\":2,\"name\":\"Shop\",\"item\":\"https:\/\/foufou-champagne.com\/de\/shop\/\"},{\"@type\":\"ListItem\",\"position\":3,\"name\":\"Billecart-Salmon Ros\u00e9 Brut\"}]},{\"@type\":\"WebSite\",\"@id\":\"https:\/\/foufou-champagne.com\/de\/#website\",\"url\":\"https:\/\/foufou-champagne.com\/de\/\",\"name\":\"foufou-champagne.com\",\"description\":\"CHAMPAGNE BOUTIQUE\",\"potentialAction\":[{\"@type\":\"SearchAction\",\"target\":{\"@type\":\"EntryPoint\",\"urlTemplate\":\"https:\/\/foufou-champagne.com\/de\/?s={search_term_string}\"},\"query-input\":{\"@type\":\"PropertyValueSpecification\",\"valueRequired\":true,\"valueName\":\"search_term_string\"}}],\"inLanguage\":\"de\"}]}<\/script>\n<!-- \/ Yoast SEO plugin. -->","yoast_head_json":{"title":"Billecart-Salmon Ros\u00e9 Champagner kaufen | FOUFOU CHAMPAGNE BOUTIQUE","description":"Ein verf\u00fchrerischer Ros\u00e9-Champagner . Feinperlig, elegant und finessenreich, dabei komplex, intensiv und perfekt balanciert. \u2665 Hier mehr.","robots":{"index":"index","follow":"follow","max-snippet":"max-snippet:-1","max-image-preview":"max-image-preview:large","max-video-preview":"max-video-preview:-1"},"canonical":"https:\/\/foufou-champagne.com\/de\/champagner\/billecart-salmon-rose-brut\/","og_locale":"de_DE","og_type":"article","og_title":"Billecart-Salmon Ros\u00e9 Champagner kaufen | FOUFOU CHAMPAGNE BOUTIQUE","og_description":"Ein verf\u00fchrerischer Ros\u00e9-Champagner . Feinperlig, elegant und finessenreich, dabei komplex, intensiv und perfekt balanciert. \u2665 Hier mehr.","og_url":"https:\/\/foufou-champagne.com\/de\/champagner\/billecart-salmon-rose-brut\/","og_site_name":"foufou-champagne.com","article_modified_time":"2026-03-31T11:07:17+00:00","og_image":[{"width":800,"height":1000,"url":"https:\/\/foufou-champagne.com\/wp-content\/uploads\/2020\/11\/Champagne-billecart-salmon-rose-brut-FouFou-Champagne-Boutique-1.png","type":"image\/png"}],"twitter_card":"summary_large_image","twitter_misc":{"Gesch\u00e4tzte Lesezeit":"2\u00a0Minuten"},"schema":{"@context":"https:\/\/schema.org","@graph":[{"@type":"WebPage","@id":"https:\/\/foufou-champagne.com\/de\/champagner\/billecart-salmon-rose-brut\/","url":"https:\/\/foufou-champagne.com\/de\/champagner\/billecart-salmon-rose-brut\/","name":"Billecart-Salmon Ros\u00e9 Champagner kaufen | FOUFOU CHAMPAGNE BOUTIQUE","isPartOf":{"@id":"https:\/\/foufou-champagne.com\/de\/#website"},"primaryImageOfPage":{"@id":"https:\/\/foufou-champagne.com\/de\/champagner\/billecart-salmon-rose-brut\/#primaryimage"},"image":{"@id":"https:\/\/foufou-champagne.com\/de\/champagner\/billecart-salmon-rose-brut\/#primaryimage"},"thumbnailUrl":"https:\/\/foufou-champagne.com\/wp-content\/uploads\/2020\/11\/Champagne-billecart-salmon-rose-brut-FouFou-Champagne-Boutique-1.png","datePublished":"2020-11-27T23:38:12+00:00","dateModified":"2026-03-31T11:07:17+00:00","description":"Ein verf\u00fchrerischer Ros\u00e9-Champagner . Feinperlig, elegant und finessenreich, dabei komplex, intensiv und perfekt balanciert. \u2665 Hier mehr.","breadcrumb":{"@id":"https:\/\/foufou-champagne.com\/de\/champagner\/billecart-salmon-rose-brut\/#breadcrumb"},"inLanguage":"de","potentialAction":[{"@type":"ReadAction","target":["https:\/\/foufou-champagne.com\/de\/champagner\/billecart-salmon-rose-brut\/"]}]},{"@type":"ImageObject","inLanguage":"de","@id":"https:\/\/foufou-champagne.com\/de\/champagner\/billecart-salmon-rose-brut\/#primaryimage","url":"https:\/\/foufou-champagne.com\/wp-content\/uploads\/2020\/11\/Champagne-billecart-salmon-rose-brut-FouFou-Champagne-Boutique-1.png","contentUrl":"https:\/\/foufou-champagne.com\/wp-content\/uploads\/2020\/11\/Champagne-billecart-salmon-rose-brut-FouFou-Champagne-Boutique-1.png","width":800,"height":1000},{"@type":"BreadcrumbList","@id":"https:\/\/foufou-champagne.com\/de\/champagner\/billecart-salmon-rose-brut\/#breadcrumb","itemListElement":[{"@type":"ListItem","position":1,"name":"Startseite","item":"https:\/\/foufou-champagne.com\/de\/"},{"@type":"ListItem","position":2,"name":"Shop","item":"https:\/\/foufou-champagne.com\/de\/shop\/"},{"@type":"ListItem","position":3,"name":"Billecart-Salmon Ros\u00e9 Brut"}]},{"@type":"WebSite","@id":"https:\/\/foufou-champagne.com\/de\/#website","url":"https:\/\/foufou-champagne.com\/de\/","name":"foufou-champagne.com","description":"CHAMPAGNE BOUTIQUE","potentialAction":[{"@type":"SearchAction","target":{"@type":"EntryPoint","urlTemplate":"https:\/\/foufou-champagne.com\/de\/?s={search_term_string}"},"query-input":{"@type":"PropertyValueSpecification","valueRequired":true,"valueName":"search_term_string"}}],"inLanguage":"de"}]}},"_links":{"self":[{"href":"https:\/\/foufou-champagne.com\/de\/wp-json\/wp\/v2\/product\/2683","targetHints":{"allow":["GET"]}}],"collection":[{"href":"https:\/\/foufou-champagne.com\/de\/wp-json\/wp\/v2\/product"}],"about":[{"href":"https:\/\/foufou-champagne.com\/de\/wp-json\/wp\/v2\/types\/product"}],"replies":[{"embeddable":true,"href":"https:\/\/foufou-champagne.com\/de\/wp-json\/wp\/v2\/comments?post=2683"}],"wp:featuredmedia":[{"embeddable":true,"href":"https:\/\/foufou-champagne.com\/de\/wp-json\/wp\/v2\/media\/9134"}],"wp:attachment":[{"href":"https:\/\/foufou-champagne.com\/de\/wp-json\/wp\/v2\/media?parent=2683"}],"wp:term":[{"taxonomy":"product_brand","embeddable":true,"href":"https:\/\/foufou-champagne.com\/de\/wp-json\/wp\/v2\/product_brand?post=2683"},{"taxonomy":"product_cat","embeddable":true,"href":"https:\/\/foufou-champagne.com\/de\/wp-json\/wp\/v2\/product_cat?post=2683"},{"taxonomy":"product_tag","embeddable":true,"href":"https:\/\/foufou-champagne.com\/de\/wp-json\/wp\/v2\/product_tag?post=2683"}],"curies":[{"name":"wp","href":"https:\/\/api.w.org\/{rel}","templated":true}]}}