{"id":3474,"date":"2020-12-05T22:37:15","date_gmt":"2020-12-05T21:37:15","guid":{"rendered":"https:\/\/foufou-champagne.com\/?post_type=product&#038;p=3474"},"modified":"2026-04-16T14:52:17","modified_gmt":"2026-04-16T12:52:17","slug":"bruno-paillard-rose-premiere-cuvee","status":"publish","type":"product","link":"https:\/\/foufou-champagne.com\/de\/champagner\/bruno-paillard-rose-premiere-cuvee\/","title":{"rendered":"Bruno Paillard Ros\u00e9 Premi\u00e8re Cuv\u00e9e"},"content":{"rendered":"<h4>Der Champagner<\/h4>\n<p>Dieser feine und sehr elegante Ros\u00e9-Champagner stammt aus einer der renommiertesten H\u00e4user der Champagne &#8211; <a href=\"https:\/\/foufou-champagne.com\/de\/produkt-kategorie\/bruno-paillard-champagner\/\" target=\"_blank\" rel=\"noopener\">Bruno Paillard<\/a>. Die Assemblage besteht aus Pinot Noir in h\u00f6herem Anteil und Chardonnay &#8211; die genaue Komposition ist das Geheimnis des Hauses. Die lange Lagerung auf der Hefe (3 Jahre) sorgt f\u00fcr ein sehr feines Mousseux. Das Bouquet entsendet bezaubernde Noten von roten Beeren, frischer Brotkruste und Brioche in die Nase, w\u00e4hrend jeder Schluck sanft und mit zarter Mineralit\u00e4t \u00fcber den Gaumen gleitet.<\/p>\n<h4>Tasting Note<\/h4>\n<ul>\n<li>Im Glas leuchtend lachsfarben mit einer sehr feinen und gut anhaltenden Perlage.<\/li>\n<li>In der Nase: Johannisbeeren und leicht s\u00e4uerliche rote Beeren, die sich zu Aromen von Waldbeeren und Veilchen entwickeln.<\/li>\n<li>Am Gaumen ist er lebhaft, frisch, direkt und zart. Das feine und cremige Mousseux zieht eine prickelnde Spur feiner Beeren-Aromen \u00fcber den Gaumen. Im frischen und klaren Finale zeigt sich nochmals die Mineralit\u00e4t dieses au\u00dfergew\u00f6hnlichen Champagners!<\/li>\n<\/ul>\n<h4>passt zu<\/h4>\n<ul>\n<li>Dieser Champagner ist ein ausgezeichneter Aperitif.<\/li>\n<li>Bruno Paillard empfiehlt hierzu Hummer oder Pilzgerichte.<\/li>\n<\/ul>\n<div class=\"wpb_text_column wpb_content_element vc_custom_1447410949289 commentaires\">\n<div class=\"wpb_wrapper\">\n<p>&nbsp;<\/p>\n<p><em>\u201cFine, refreshing, direct, delicate, it is the quintessential aperitif champagne\u2026 A lovely tasting moment.\u201d<br \/>\n<\/em><em>Terre de vins\u00a0<span class=\"tiret\">\u2013<\/span>\u00a02013<\/em><\/p>\n<\/div>\n<\/div>\n<h4>Das Champagnerhaus Bruno Paillard<\/h4>\n<p><strong>Reinheit, Mineralit\u00e4t, Eleganz und Komplexit\u00e4t<\/strong><\/p>\n<p><a href=\"https:\/\/foufou-champagne.com\/de\/bruno-paillard\/\">Das Champagnerhaus<\/a> wurde 1981 von seinem Namensgeber Bruno Paillard gegr\u00fcndet und ist eines der j\u00fcngsten Champagnerh\u00e4user. Der Gr\u00fcnder stammt aus einer Traubenmakler- und Winzerfamilie, die seit mehr als drei Jahrhunderten im\u00a0 Herzen der Champagne lebt und arbeitet. Seine Idee und Philosophie ist es, die Quintessenz aus den besten Crus zu extrahieren, um daraus eine Komposition, einen gro\u00dfartigen Champagner zu kreieren. Seine Champagner findet man haupts\u00e4chlich in der gehobenen Gastronomie und im Weinfachhandel.<\/p>\n","protected":false},"excerpt":{"rendered":"<p>Ein himmlischer Ros\u00e9-Champagner mit Leichtigkeit und Spiel. Diese traumhafte Qualit\u00e4t wurde von Fallstaff 2017 mit 92 Punkten ausgezeichnet!<\/p>\n","protected":false},"featured_media":11685,"comment_status":"open","ping_status":"closed","template":"","meta":{"_acf_changed":false,"_editorskit_title_hidden":false,"_editorskit_reading_time":0,"_editorskit_is_block_options_detached":false,"_editorskit_block_options_position":"{}","_coblocks_attr":"","_coblocks_dimensions":"","_coblocks_responsive_height":"","_coblocks_accordion_ie_support":""},"product_brand":[],"product_cat":[15,436,512,154],"product_tag":[483,91,210],"class_list":{"0":"post-3474","1":"product","2":"type-product","3":"status-publish","4":"has-post-thumbnail","6":"product_cat-champagner","7":"product_cat-bruno-paillard-champagner","8":"product_cat-rose-champagner","9":"product_cat-winzerchampagner","10":"product_tag-rose","11":"product_tag-rose-champagner","12":"product_tag-winzerchampagner","13":"product_shipping_class-standard","14":"pa_kategorie-rose-champagner","15":"pa_kategorie-winzer-champagner","17":"first","18":"instock","19":"taxable","20":"shipping-taxable","21":"purchasable","22":"product-type-composite"},"composite_virtual":false,"composite_layout":"single","composite_add_to_cart_form_location":"default","composite_editable_in_cart":false,"composite_sold_individually_context":"product","composite_shop_price_calc":"defaults","composite_components":[{"id":"1690886321","title":"Geschenkverpackung (optional)","description":"","query_type":"product_ids","query_ids":[13154,4326],"default_option_id":"","thumbnail_id":"","thumbnail_src":"","quantity_min":1,"quantity_max":1,"priced_individually":true,"shipped_individually":false,"optional":true,"discount":"","options_style":"dropdowns","pagination_style":"classic","display_prices":"absolute","show_sorting_options":false,"show_filtering_options":false,"attribute_filter_ids":[],"select_action":"view","product_title_visible":false,"product_descr_visible":true,"product_price_visible":true,"product_thumb_visible":true,"subtotal_visible_product":false,"subtotal_visible_cart":false,"subtotal_visible_orders":false,"product_addons_visible":true},{"id":"1690886322","title":"Gru\u00dfkarte mit Mini-Bouquet (optional)","description":"","query_type":"category_ids","query_ids":[635],"default_option_id":"","thumbnail_id":"","thumbnail_src":"","quantity_min":1,"quantity_max":1,"priced_individually":true,"shipped_individually":false,"optional":true,"discount":"","options_style":"dropdowns","pagination_style":"classic","display_prices":"absolute","show_sorting_options":false,"show_filtering_options":false,"attribute_filter_ids":[],"select_action":"view","product_title_visible":false,"product_descr_visible":true,"product_price_visible":true,"product_thumb_visible":true,"subtotal_visible_product":false,"subtotal_visible_cart":false,"subtotal_visible_orders":false,"product_addons_visible":true}],"composite_scenarios":[],"exclude_global_add_ons":[],"addons":[],"acf":[],"yoast_head":"<!-- This site is optimized with the Yoast SEO plugin v26.8 - https:\/\/yoast.com\/product\/yoast-seo-wordpress\/ -->\n<title>Bruno Paillard Ros\u00e9-Champagner kaufen | FOUFOU CHAMPAGNE<\/title>\n<meta name=\"description\" content=\"Ein himmlischer Ros\u00e9-Champagner mit Leichtigkeit und Spiel. Diese traumhafte Qualit\u00e4t wurde von Fallstaff 2017 mit 92 Punkten ausgezeichnet! Hier mehr!\" \/>\n<meta name=\"robots\" content=\"index, follow, max-snippet:-1, max-image-preview:large, max-video-preview:-1\" \/>\n<link rel=\"canonical\" href=\"https:\/\/foufou-champagne.com\/de\/champagner\/bruno-paillard-rose-premiere-cuvee\/\" \/>\n<meta property=\"og:locale\" content=\"de_DE\" \/>\n<meta property=\"og:type\" content=\"article\" \/>\n<meta property=\"og:title\" content=\"Bruno Paillard Ros\u00e9-Champagner kaufen | FOUFOU CHAMPAGNE\" \/>\n<meta property=\"og:description\" content=\"Ein himmlischer Ros\u00e9-Champagner mit Leichtigkeit und Spiel. Diese traumhafte Qualit\u00e4t wurde von Fallstaff 2017 mit 92 Punkten ausgezeichnet! Hier mehr!\" \/>\n<meta property=\"og:url\" content=\"https:\/\/foufou-champagne.com\/de\/champagner\/bruno-paillard-rose-premiere-cuvee\/\" \/>\n<meta property=\"og:site_name\" content=\"foufou-champagne.com\" \/>\n<meta property=\"article:modified_time\" content=\"2026-04-16T12:52:17+00:00\" \/>\n<meta property=\"og:image\" content=\"https:\/\/foufou-champagne.com\/wp-content\/uploads\/2020\/12\/0012_Champagne-Bruno-Paillard-Rose-Premiere-Cuvee-FouFou-Champagne-Boutique.png\" \/>\n\t<meta property=\"og:image:width\" content=\"800\" \/>\n\t<meta property=\"og:image:height\" content=\"1000\" \/>\n\t<meta property=\"og:image:type\" content=\"image\/png\" \/>\n<meta name=\"twitter:card\" content=\"summary_large_image\" \/>\n<meta name=\"twitter:label1\" content=\"Gesch\u00e4tzte Lesezeit\" \/>\n\t<meta name=\"twitter:data1\" content=\"2\u00a0Minuten\" \/>\n<script type=\"application\/ld+json\" class=\"yoast-schema-graph\">{\"@context\":\"https:\/\/schema.org\",\"@graph\":[{\"@type\":\"WebPage\",\"@id\":\"https:\/\/foufou-champagne.com\/de\/champagner\/bruno-paillard-rose-premiere-cuvee\/\",\"url\":\"https:\/\/foufou-champagne.com\/de\/champagner\/bruno-paillard-rose-premiere-cuvee\/\",\"name\":\"Bruno Paillard Ros\u00e9-Champagner kaufen | FOUFOU CHAMPAGNE\",\"isPartOf\":{\"@id\":\"https:\/\/foufou-champagne.com\/de\/#website\"},\"primaryImageOfPage\":{\"@id\":\"https:\/\/foufou-champagne.com\/de\/champagner\/bruno-paillard-rose-premiere-cuvee\/#primaryimage\"},\"image\":{\"@id\":\"https:\/\/foufou-champagne.com\/de\/champagner\/bruno-paillard-rose-premiere-cuvee\/#primaryimage\"},\"thumbnailUrl\":\"https:\/\/foufou-champagne.com\/wp-content\/uploads\/2020\/12\/0012_Champagne-Bruno-Paillard-Rose-Premiere-Cuvee-FouFou-Champagne-Boutique.png\",\"datePublished\":\"2020-12-05T21:37:15+00:00\",\"dateModified\":\"2026-04-16T12:52:17+00:00\",\"description\":\"Ein himmlischer Ros\u00e9-Champagner mit Leichtigkeit und Spiel. Diese traumhafte Qualit\u00e4t wurde von Fallstaff 2017 mit 92 Punkten ausgezeichnet! Hier mehr!\",\"breadcrumb\":{\"@id\":\"https:\/\/foufou-champagne.com\/de\/champagner\/bruno-paillard-rose-premiere-cuvee\/#breadcrumb\"},\"inLanguage\":\"de\",\"potentialAction\":[{\"@type\":\"ReadAction\",\"target\":[\"https:\/\/foufou-champagne.com\/de\/champagner\/bruno-paillard-rose-premiere-cuvee\/\"]}]},{\"@type\":\"ImageObject\",\"inLanguage\":\"de\",\"@id\":\"https:\/\/foufou-champagne.com\/de\/champagner\/bruno-paillard-rose-premiere-cuvee\/#primaryimage\",\"url\":\"https:\/\/foufou-champagne.com\/wp-content\/uploads\/2020\/12\/0012_Champagne-Bruno-Paillard-Rose-Premiere-Cuvee-FouFou-Champagne-Boutique.png\",\"contentUrl\":\"https:\/\/foufou-champagne.com\/wp-content\/uploads\/2020\/12\/0012_Champagne-Bruno-Paillard-Rose-Premiere-Cuvee-FouFou-Champagne-Boutique.png\",\"width\":800,\"height\":1000},{\"@type\":\"BreadcrumbList\",\"@id\":\"https:\/\/foufou-champagne.com\/de\/champagner\/bruno-paillard-rose-premiere-cuvee\/#breadcrumb\",\"itemListElement\":[{\"@type\":\"ListItem\",\"position\":1,\"name\":\"Startseite\",\"item\":\"https:\/\/foufou-champagne.com\/de\/\"},{\"@type\":\"ListItem\",\"position\":2,\"name\":\"Shop\",\"item\":\"https:\/\/foufou-champagne.com\/de\/shop\/\"},{\"@type\":\"ListItem\",\"position\":3,\"name\":\"Bruno Paillard Ros\u00e9 Premi\u00e8re Cuv\u00e9e\"}]},{\"@type\":\"WebSite\",\"@id\":\"https:\/\/foufou-champagne.com\/de\/#website\",\"url\":\"https:\/\/foufou-champagne.com\/de\/\",\"name\":\"foufou-champagne.com\",\"description\":\"CHAMPAGNE BOUTIQUE\",\"potentialAction\":[{\"@type\":\"SearchAction\",\"target\":{\"@type\":\"EntryPoint\",\"urlTemplate\":\"https:\/\/foufou-champagne.com\/de\/?s={search_term_string}\"},\"query-input\":{\"@type\":\"PropertyValueSpecification\",\"valueRequired\":true,\"valueName\":\"search_term_string\"}}],\"inLanguage\":\"de\"}]}<\/script>\n<!-- \/ Yoast SEO plugin. -->","yoast_head_json":{"title":"Bruno Paillard Ros\u00e9-Champagner kaufen | FOUFOU CHAMPAGNE","description":"Ein himmlischer Ros\u00e9-Champagner mit Leichtigkeit und Spiel. Diese traumhafte Qualit\u00e4t wurde von Fallstaff 2017 mit 92 Punkten ausgezeichnet! Hier mehr!","robots":{"index":"index","follow":"follow","max-snippet":"max-snippet:-1","max-image-preview":"max-image-preview:large","max-video-preview":"max-video-preview:-1"},"canonical":"https:\/\/foufou-champagne.com\/de\/champagner\/bruno-paillard-rose-premiere-cuvee\/","og_locale":"de_DE","og_type":"article","og_title":"Bruno Paillard Ros\u00e9-Champagner kaufen | FOUFOU CHAMPAGNE","og_description":"Ein himmlischer Ros\u00e9-Champagner mit Leichtigkeit und Spiel. Diese traumhafte Qualit\u00e4t wurde von Fallstaff 2017 mit 92 Punkten ausgezeichnet! Hier mehr!","og_url":"https:\/\/foufou-champagne.com\/de\/champagner\/bruno-paillard-rose-premiere-cuvee\/","og_site_name":"foufou-champagne.com","article_modified_time":"2026-04-16T12:52:17+00:00","og_image":[{"width":800,"height":1000,"url":"https:\/\/foufou-champagne.com\/wp-content\/uploads\/2020\/12\/0012_Champagne-Bruno-Paillard-Rose-Premiere-Cuvee-FouFou-Champagne-Boutique.png","type":"image\/png"}],"twitter_card":"summary_large_image","twitter_misc":{"Gesch\u00e4tzte Lesezeit":"2\u00a0Minuten"},"schema":{"@context":"https:\/\/schema.org","@graph":[{"@type":"WebPage","@id":"https:\/\/foufou-champagne.com\/de\/champagner\/bruno-paillard-rose-premiere-cuvee\/","url":"https:\/\/foufou-champagne.com\/de\/champagner\/bruno-paillard-rose-premiere-cuvee\/","name":"Bruno Paillard Ros\u00e9-Champagner kaufen | FOUFOU CHAMPAGNE","isPartOf":{"@id":"https:\/\/foufou-champagne.com\/de\/#website"},"primaryImageOfPage":{"@id":"https:\/\/foufou-champagne.com\/de\/champagner\/bruno-paillard-rose-premiere-cuvee\/#primaryimage"},"image":{"@id":"https:\/\/foufou-champagne.com\/de\/champagner\/bruno-paillard-rose-premiere-cuvee\/#primaryimage"},"thumbnailUrl":"https:\/\/foufou-champagne.com\/wp-content\/uploads\/2020\/12\/0012_Champagne-Bruno-Paillard-Rose-Premiere-Cuvee-FouFou-Champagne-Boutique.png","datePublished":"2020-12-05T21:37:15+00:00","dateModified":"2026-04-16T12:52:17+00:00","description":"Ein himmlischer Ros\u00e9-Champagner mit Leichtigkeit und Spiel. Diese traumhafte Qualit\u00e4t wurde von Fallstaff 2017 mit 92 Punkten ausgezeichnet! Hier mehr!","breadcrumb":{"@id":"https:\/\/foufou-champagne.com\/de\/champagner\/bruno-paillard-rose-premiere-cuvee\/#breadcrumb"},"inLanguage":"de","potentialAction":[{"@type":"ReadAction","target":["https:\/\/foufou-champagne.com\/de\/champagner\/bruno-paillard-rose-premiere-cuvee\/"]}]},{"@type":"ImageObject","inLanguage":"de","@id":"https:\/\/foufou-champagne.com\/de\/champagner\/bruno-paillard-rose-premiere-cuvee\/#primaryimage","url":"https:\/\/foufou-champagne.com\/wp-content\/uploads\/2020\/12\/0012_Champagne-Bruno-Paillard-Rose-Premiere-Cuvee-FouFou-Champagne-Boutique.png","contentUrl":"https:\/\/foufou-champagne.com\/wp-content\/uploads\/2020\/12\/0012_Champagne-Bruno-Paillard-Rose-Premiere-Cuvee-FouFou-Champagne-Boutique.png","width":800,"height":1000},{"@type":"BreadcrumbList","@id":"https:\/\/foufou-champagne.com\/de\/champagner\/bruno-paillard-rose-premiere-cuvee\/#breadcrumb","itemListElement":[{"@type":"ListItem","position":1,"name":"Startseite","item":"https:\/\/foufou-champagne.com\/de\/"},{"@type":"ListItem","position":2,"name":"Shop","item":"https:\/\/foufou-champagne.com\/de\/shop\/"},{"@type":"ListItem","position":3,"name":"Bruno Paillard Ros\u00e9 Premi\u00e8re Cuv\u00e9e"}]},{"@type":"WebSite","@id":"https:\/\/foufou-champagne.com\/de\/#website","url":"https:\/\/foufou-champagne.com\/de\/","name":"foufou-champagne.com","description":"CHAMPAGNE BOUTIQUE","potentialAction":[{"@type":"SearchAction","target":{"@type":"EntryPoint","urlTemplate":"https:\/\/foufou-champagne.com\/de\/?s={search_term_string}"},"query-input":{"@type":"PropertyValueSpecification","valueRequired":true,"valueName":"search_term_string"}}],"inLanguage":"de"}]}},"_links":{"self":[{"href":"https:\/\/foufou-champagne.com\/de\/wp-json\/wp\/v2\/product\/3474","targetHints":{"allow":["GET"]}}],"collection":[{"href":"https:\/\/foufou-champagne.com\/de\/wp-json\/wp\/v2\/product"}],"about":[{"href":"https:\/\/foufou-champagne.com\/de\/wp-json\/wp\/v2\/types\/product"}],"replies":[{"embeddable":true,"href":"https:\/\/foufou-champagne.com\/de\/wp-json\/wp\/v2\/comments?post=3474"}],"wp:featuredmedia":[{"embeddable":true,"href":"https:\/\/foufou-champagne.com\/de\/wp-json\/wp\/v2\/media\/11685"}],"wp:attachment":[{"href":"https:\/\/foufou-champagne.com\/de\/wp-json\/wp\/v2\/media?parent=3474"}],"wp:term":[{"taxonomy":"product_brand","embeddable":true,"href":"https:\/\/foufou-champagne.com\/de\/wp-json\/wp\/v2\/product_brand?post=3474"},{"taxonomy":"product_cat","embeddable":true,"href":"https:\/\/foufou-champagne.com\/de\/wp-json\/wp\/v2\/product_cat?post=3474"},{"taxonomy":"product_tag","embeddable":true,"href":"https:\/\/foufou-champagne.com\/de\/wp-json\/wp\/v2\/product_tag?post=3474"}],"curies":[{"name":"wp","href":"https:\/\/api.w.org\/{rel}","templated":true}]}}