{"id":3692,"date":"2024-11-16T09:38:43","date_gmt":"2024-11-16T08:38:43","guid":{"rendered":"https:\/\/foufou-champagne.com\/?post_type=product&#038;p=3692"},"modified":"2025-09-26T16:54:23","modified_gmt":"2025-09-26T14:54:23","slug":"veuve-clicquot-la-grande-dame-artist-edition-2012","status":"publish","type":"product","link":"https:\/\/foufou-champagne.com\/de\/champagner\/veuve-clicquot-la-grande-dame-artist-edition-2012\/","title":{"rendered":"Veuve Clicquot La Grande Dame Artist Edition 2012"},"content":{"rendered":"<h4>Der Champagner<\/h4>\n<p><strong>La Grand Dame \u2013 dieser Champagner ist so k\u00fchn und einzigartig wie seine Namensgeberin!<\/strong><\/p>\n<p>Nach dem Tod ihres Mannes im Jahr 1805 \u00fcbernahm Barbe-Nicole Clicquot-Ponsardin die Leitung des kleinen, von ihrem Schwiegervater gegr\u00fcndeten Champagnerhauses. W\u00e4hrend zu dieser Zeit die Emanzipation der Frau und der Feminismus noch nicht mal in den Kinderschuhen steckten, schuf die \u201eWitwe Clicquot\u201c, so die wortw\u00f6rtliche \u00dcbersetzung der Champagnermarke, aus einem kleinen Familiengesch\u00e4ft ein in ganz Europa agierendes Unternehmen. Eine Erfolgsgeschichte, f\u00fcr die Madame Clicquot vor allem eines sein musste \u2013 wagemutig. Und vielleicht auch ein bisschen foufou&#8230;<\/p>\n<p>Zu Ehren dieser gro\u00dfen Dame der Champagne bringt <a href=\"https:\/\/foufou-champagne.com\/de\/produkt-kategorie\/Veuve-Clicquot-champagner\/\">Veuve Clicquot<\/a> in guten Erntejahren einen Jahrgangs-Champagner heraus, der nach ihr benannt wird: La Grande Dame.<\/p>\n<p>Der hohe Anteil an Pinot Noir (ganze 92 Prozent!) verleiht diesem Vintage-Champagner eine unglaubliche Struktur und St\u00e4rke, die von einer frischen Mineralit\u00e4t, einer zarten Textur und eleganter Komplexit\u00e4t begleitet wird.<\/p>\n<p>2012 geh\u00f6rt zu den besten Jahrg\u00e4ngen des ber\u00fchmten Champagner Hauses Veuve Clicquot. Der prestigetr\u00e4chtiger Champagner durfte ganze 10 Jahre lang in den jahrhundertealten Kellern des Hauses reifen. <span class=\"pdp-product-description-text__continued\">Ein au\u00dfergew\u00f6hnlicher Champagner, der das Potenzial hat, ein echter Klassiker zu werden.<\/span><\/p>\n<p>Also <strong>Mesdames<\/strong> et Messieurs, g\u00f6nnt euch was! <strong>Vive les femmes!<\/strong><\/p>\n<p>&nbsp;<\/p>\n<h4>Tasting Note<\/h4>\n<ul>\n<li>Im Glas funkelnd gold mit Bernsteinreflexionen.<\/li>\n<li>In der Nase ein fruchtiges Bouquet, in dem D\u00fcfte von wei\u00dfem Pfirsich und Bergamotte hervorstechen.<\/li>\n<li>Au\u00dferdem leichte Ankl\u00e4nge von Vanille.<\/li>\n<li>Am Gaumen vollmundig und kraftvoll. Der hohe Anteil an Pinot Noir sorgt f\u00fcr eine perfekte Balance zwischen Frische und Struktur.<\/li>\n<\/ul>\n<h4>Passt zu<\/h4>\n<ul>\n<li>Dieser Champagner\u00a0 ist ein perfekter Aperitif und harmoniert hervorragend mit Austern und Krustentieren.<\/li>\n<li>Er passt au\u00dferdem super zu Fisch (bspw. Seebarsch) oder Huhn.<\/li>\n<\/ul>\n<p><strong>Lagerf\u00e4higkeit<\/strong><\/p>\n<p>La Grande Dame 2008 hat ein hohes Alterungspotential. Der Champagner wird sich bis 2030 und sogar dar\u00fcber hinaus im Weinkeller gut weiterentwickeln k\u00f6nnen.<\/p>\n<h4>Das Champagnerhaus Vueve Cliquot<\/h4>\n<div class=\"row row--collapse align-left\">\n<div class=\"col col-sm-12 col-xlg-12\">\n<div class=\"cmsPlainText\">\n<div class=\"row\">\n<div class=\"col col-sm-12\">\n<div class=\"cmsPlainText__content\">\n<div class=\"cmsPlainText__split cmsPlainText__split--1\">\n<p>Veuve Clicquot ist nach\u00a0Mo\u00ebt &amp; Chandon das zweitgr\u00f6\u00dfte Champagnerhaus und geh\u00f6rt mittlerweile, ebenso wie Mo\u00ebt, zum Luxuskonzern LVMH. Anfang des 19. Jahrhunderts \u00fcbernahm die junge Witwe des Eigent\u00fcmers Fran\u00e7ois Clicquot, Nicole-Barbe Clicquot-Ponsardin, das Familiengesch\u00e4ft und baute es zu einem internationalen Unternehmen aus. Die Witwe Clicquot-Ponsardin war eine wahre Champagner Enthusiastin und pr\u00e4gend f\u00fcr die Entwicklung der Champagner-Produktion! Sie erfand den ersten Ros\u00e9 Champagner, das erste R\u00fcttelpult und auch f\u00fcr das f\u00fcr den Champagner typische Degorgieren lieferte sie ihren Beitrag.<\/p>\n<\/div>\n<\/div>\n<\/div>\n<\/div>\n<\/div>\n<\/div>\n<\/div>\n","protected":false},"excerpt":{"rendered":"<p><strong>Vive les femmes!<\/strong><br \/>\nKein anderer Champagner steht mehr f\u00fcr Emanzipation und Feminismus. So &#8220;bold&#8221; wie seine Namensgeberin mit einer einzigartigen Frische.<\/p>\n","protected":false},"featured_media":13380,"comment_status":"open","ping_status":"closed","template":"","meta":{"_acf_changed":false,"_editorskit_title_hidden":false,"_editorskit_reading_time":0,"_editorskit_is_block_options_detached":false,"_editorskit_block_options_position":"{}","_coblocks_attr":"","_coblocks_dimensions":"","_coblocks_responsive_height":"","_coblocks_accordion_ie_support":""},"product_brand":[],"product_cat":[15,141,462],"product_tag":[143,142],"class_list":{"0":"post-3692","1":"product","2":"type-product","3":"status-publish","4":"has-post-thumbnail","6":"product_cat-champagner","7":"product_cat-jahrgangschampagner","8":"product_cat-veuve-clicquot-champagner","9":"product_tag-jahrgangs-champagner","10":"product_tag-vintage-champagner","11":"product_shipping_class-standard","12":"pa_kategorie-vintage-champagner","14":"first","15":"instock","16":"taxable","17":"shipping-taxable","18":"purchasable","19":"product-type-composite"},"composite_virtual":false,"composite_layout":"single","composite_add_to_cart_form_location":"default","composite_editable_in_cart":false,"composite_sold_individually_context":"product","composite_shop_price_calc":"defaults","composite_components":[{"id":"1692207825","title":"Geschenkverpackung (optional)","description":"","query_type":"product_ids","query_ids":[13154],"default_option_id":"","thumbnail_id":"","thumbnail_src":"","quantity_min":1,"quantity_max":1,"priced_individually":true,"shipped_individually":false,"optional":true,"discount":"","options_style":"dropdowns","pagination_style":"classic","display_prices":"absolute","show_sorting_options":false,"show_filtering_options":false,"attribute_filter_ids":[],"select_action":"view","product_title_visible":false,"product_descr_visible":true,"product_price_visible":true,"product_thumb_visible":true,"subtotal_visible_product":false,"subtotal_visible_cart":false,"subtotal_visible_orders":false,"product_addons_visible":true},{"id":"1692207826","title":"Gru\u00dfkarte mit Mini-Bouquet (optional)","description":"","query_type":"category_ids","query_ids":[635],"default_option_id":"","thumbnail_id":"","thumbnail_src":"","quantity_min":1,"quantity_max":1,"priced_individually":true,"shipped_individually":false,"optional":true,"discount":"","options_style":"dropdowns","pagination_style":"classic","display_prices":"absolute","show_sorting_options":false,"show_filtering_options":false,"attribute_filter_ids":[],"select_action":"view","product_title_visible":false,"product_descr_visible":true,"product_price_visible":true,"product_thumb_visible":true,"subtotal_visible_product":false,"subtotal_visible_cart":false,"subtotal_visible_orders":false,"product_addons_visible":true}],"composite_scenarios":[],"exclude_global_add_ons":[],"addons":[],"acf":[],"yoast_head":"<!-- This site is optimized with the Yoast SEO plugin v26.8 - https:\/\/yoast.com\/product\/yoast-seo-wordpress\/ -->\n<title>Veuve Clicquot La Grande Dame Artist Edition 2012 kaufen | FOUFOU CHAMPAGNE<\/title>\n<meta name=\"description\" content=\"Ein Champagner als Hommage an Madame Clicquot \u2013 eine Vorreiterin in Sachen Feminismus und Emazipation. Unverwechselbar. Erfahre hier mehr.\" \/>\n<meta name=\"robots\" content=\"index, follow, max-snippet:-1, max-image-preview:large, max-video-preview:-1\" \/>\n<link rel=\"canonical\" href=\"https:\/\/foufou-champagne.com\/de\/champagner\/veuve-clicquot-la-grande-dame-artist-edition-2012\/\" \/>\n<meta property=\"og:locale\" content=\"de_DE\" \/>\n<meta property=\"og:type\" content=\"article\" \/>\n<meta property=\"og:title\" content=\"Veuve Clicquot La Grande Dame Artist Edition 2012 kaufen | FOUFOU CHAMPAGNE\" \/>\n<meta property=\"og:description\" content=\"Ein Champagner als Hommage an Madame Clicquot \u2013 eine Vorreiterin in Sachen Feminismus und Emazipation. Unverwechselbar. Erfahre hier mehr.\" \/>\n<meta property=\"og:url\" content=\"https:\/\/foufou-champagne.com\/de\/champagner\/veuve-clicquot-la-grande-dame-artist-edition-2012\/\" \/>\n<meta property=\"og:site_name\" content=\"foufou-champagne.com\" \/>\n<meta property=\"article:modified_time\" content=\"2025-09-26T14:54:23+00:00\" \/>\n<meta property=\"og:image\" content=\"https:\/\/foufou-champagne.com\/wp-content\/uploads\/2023\/08\/Champagne-Veuve-Cliquot-La-Grande-Dame-2012.png\" \/>\n\t<meta property=\"og:image:width\" content=\"800\" \/>\n\t<meta property=\"og:image:height\" content=\"1000\" \/>\n\t<meta property=\"og:image:type\" content=\"image\/png\" \/>\n<meta name=\"twitter:card\" content=\"summary_large_image\" \/>\n<meta name=\"twitter:label1\" content=\"Gesch\u00e4tzte Lesezeit\" \/>\n\t<meta name=\"twitter:data1\" content=\"3\u00a0Minuten\" \/>\n<script type=\"application\/ld+json\" class=\"yoast-schema-graph\">{\"@context\":\"https:\/\/schema.org\",\"@graph\":[{\"@type\":\"WebPage\",\"@id\":\"https:\/\/foufou-champagne.com\/de\/champagner\/veuve-clicquot-la-grande-dame-artist-edition-2012\/\",\"url\":\"https:\/\/foufou-champagne.com\/de\/champagner\/veuve-clicquot-la-grande-dame-artist-edition-2012\/\",\"name\":\"Veuve Clicquot La Grande Dame Artist Edition 2012 kaufen | FOUFOU CHAMPAGNE\",\"isPartOf\":{\"@id\":\"https:\/\/foufou-champagne.com\/de\/#website\"},\"primaryImageOfPage\":{\"@id\":\"https:\/\/foufou-champagne.com\/de\/champagner\/veuve-clicquot-la-grande-dame-artist-edition-2012\/#primaryimage\"},\"image\":{\"@id\":\"https:\/\/foufou-champagne.com\/de\/champagner\/veuve-clicquot-la-grande-dame-artist-edition-2012\/#primaryimage\"},\"thumbnailUrl\":\"https:\/\/foufou-champagne.com\/wp-content\/uploads\/2023\/08\/Champagne-Veuve-Cliquot-La-Grande-Dame-2012.png\",\"datePublished\":\"2024-11-16T08:38:43+00:00\",\"dateModified\":\"2025-09-26T14:54:23+00:00\",\"description\":\"Ein Champagner als Hommage an Madame Clicquot \u2013 eine Vorreiterin in Sachen Feminismus und Emazipation. Unverwechselbar. Erfahre hier mehr.\",\"breadcrumb\":{\"@id\":\"https:\/\/foufou-champagne.com\/de\/champagner\/veuve-clicquot-la-grande-dame-artist-edition-2012\/#breadcrumb\"},\"inLanguage\":\"de\",\"potentialAction\":[{\"@type\":\"ReadAction\",\"target\":[\"https:\/\/foufou-champagne.com\/de\/champagner\/veuve-clicquot-la-grande-dame-artist-edition-2012\/\"]}]},{\"@type\":\"ImageObject\",\"inLanguage\":\"de\",\"@id\":\"https:\/\/foufou-champagne.com\/de\/champagner\/veuve-clicquot-la-grande-dame-artist-edition-2012\/#primaryimage\",\"url\":\"https:\/\/foufou-champagne.com\/wp-content\/uploads\/2023\/08\/Champagne-Veuve-Cliquot-La-Grande-Dame-2012.png\",\"contentUrl\":\"https:\/\/foufou-champagne.com\/wp-content\/uploads\/2023\/08\/Champagne-Veuve-Cliquot-La-Grande-Dame-2012.png\",\"width\":800,\"height\":1000},{\"@type\":\"BreadcrumbList\",\"@id\":\"https:\/\/foufou-champagne.com\/de\/champagner\/veuve-clicquot-la-grande-dame-artist-edition-2012\/#breadcrumb\",\"itemListElement\":[{\"@type\":\"ListItem\",\"position\":1,\"name\":\"Startseite\",\"item\":\"https:\/\/foufou-champagne.com\/de\/\"},{\"@type\":\"ListItem\",\"position\":2,\"name\":\"Shop\",\"item\":\"https:\/\/foufou-champagne.com\/de\/shop\/\"},{\"@type\":\"ListItem\",\"position\":3,\"name\":\"Veuve Clicquot La Grande Dame Artist Edition 2012\"}]},{\"@type\":\"WebSite\",\"@id\":\"https:\/\/foufou-champagne.com\/de\/#website\",\"url\":\"https:\/\/foufou-champagne.com\/de\/\",\"name\":\"foufou-champagne.com\",\"description\":\"CHAMPAGNE BOUTIQUE\",\"potentialAction\":[{\"@type\":\"SearchAction\",\"target\":{\"@type\":\"EntryPoint\",\"urlTemplate\":\"https:\/\/foufou-champagne.com\/de\/?s={search_term_string}\"},\"query-input\":{\"@type\":\"PropertyValueSpecification\",\"valueRequired\":true,\"valueName\":\"search_term_string\"}}],\"inLanguage\":\"de\"}]}<\/script>\n<!-- \/ Yoast SEO plugin. -->","yoast_head_json":{"title":"Veuve Clicquot La Grande Dame Artist Edition 2012 kaufen | FOUFOU CHAMPAGNE","description":"Ein Champagner als Hommage an Madame Clicquot \u2013 eine Vorreiterin in Sachen Feminismus und Emazipation. Unverwechselbar. Erfahre hier mehr.","robots":{"index":"index","follow":"follow","max-snippet":"max-snippet:-1","max-image-preview":"max-image-preview:large","max-video-preview":"max-video-preview:-1"},"canonical":"https:\/\/foufou-champagne.com\/de\/champagner\/veuve-clicquot-la-grande-dame-artist-edition-2012\/","og_locale":"de_DE","og_type":"article","og_title":"Veuve Clicquot La Grande Dame Artist Edition 2012 kaufen | FOUFOU CHAMPAGNE","og_description":"Ein Champagner als Hommage an Madame Clicquot \u2013 eine Vorreiterin in Sachen Feminismus und Emazipation. Unverwechselbar. Erfahre hier mehr.","og_url":"https:\/\/foufou-champagne.com\/de\/champagner\/veuve-clicquot-la-grande-dame-artist-edition-2012\/","og_site_name":"foufou-champagne.com","article_modified_time":"2025-09-26T14:54:23+00:00","og_image":[{"width":800,"height":1000,"url":"https:\/\/foufou-champagne.com\/wp-content\/uploads\/2023\/08\/Champagne-Veuve-Cliquot-La-Grande-Dame-2012.png","type":"image\/png"}],"twitter_card":"summary_large_image","twitter_misc":{"Gesch\u00e4tzte Lesezeit":"3\u00a0Minuten"},"schema":{"@context":"https:\/\/schema.org","@graph":[{"@type":"WebPage","@id":"https:\/\/foufou-champagne.com\/de\/champagner\/veuve-clicquot-la-grande-dame-artist-edition-2012\/","url":"https:\/\/foufou-champagne.com\/de\/champagner\/veuve-clicquot-la-grande-dame-artist-edition-2012\/","name":"Veuve Clicquot La Grande Dame Artist Edition 2012 kaufen | FOUFOU CHAMPAGNE","isPartOf":{"@id":"https:\/\/foufou-champagne.com\/de\/#website"},"primaryImageOfPage":{"@id":"https:\/\/foufou-champagne.com\/de\/champagner\/veuve-clicquot-la-grande-dame-artist-edition-2012\/#primaryimage"},"image":{"@id":"https:\/\/foufou-champagne.com\/de\/champagner\/veuve-clicquot-la-grande-dame-artist-edition-2012\/#primaryimage"},"thumbnailUrl":"https:\/\/foufou-champagne.com\/wp-content\/uploads\/2023\/08\/Champagne-Veuve-Cliquot-La-Grande-Dame-2012.png","datePublished":"2024-11-16T08:38:43+00:00","dateModified":"2025-09-26T14:54:23+00:00","description":"Ein Champagner als Hommage an Madame Clicquot \u2013 eine Vorreiterin in Sachen Feminismus und Emazipation. Unverwechselbar. Erfahre hier mehr.","breadcrumb":{"@id":"https:\/\/foufou-champagne.com\/de\/champagner\/veuve-clicquot-la-grande-dame-artist-edition-2012\/#breadcrumb"},"inLanguage":"de","potentialAction":[{"@type":"ReadAction","target":["https:\/\/foufou-champagne.com\/de\/champagner\/veuve-clicquot-la-grande-dame-artist-edition-2012\/"]}]},{"@type":"ImageObject","inLanguage":"de","@id":"https:\/\/foufou-champagne.com\/de\/champagner\/veuve-clicquot-la-grande-dame-artist-edition-2012\/#primaryimage","url":"https:\/\/foufou-champagne.com\/wp-content\/uploads\/2023\/08\/Champagne-Veuve-Cliquot-La-Grande-Dame-2012.png","contentUrl":"https:\/\/foufou-champagne.com\/wp-content\/uploads\/2023\/08\/Champagne-Veuve-Cliquot-La-Grande-Dame-2012.png","width":800,"height":1000},{"@type":"BreadcrumbList","@id":"https:\/\/foufou-champagne.com\/de\/champagner\/veuve-clicquot-la-grande-dame-artist-edition-2012\/#breadcrumb","itemListElement":[{"@type":"ListItem","position":1,"name":"Startseite","item":"https:\/\/foufou-champagne.com\/de\/"},{"@type":"ListItem","position":2,"name":"Shop","item":"https:\/\/foufou-champagne.com\/de\/shop\/"},{"@type":"ListItem","position":3,"name":"Veuve Clicquot La Grande Dame Artist Edition 2012"}]},{"@type":"WebSite","@id":"https:\/\/foufou-champagne.com\/de\/#website","url":"https:\/\/foufou-champagne.com\/de\/","name":"foufou-champagne.com","description":"CHAMPAGNE BOUTIQUE","potentialAction":[{"@type":"SearchAction","target":{"@type":"EntryPoint","urlTemplate":"https:\/\/foufou-champagne.com\/de\/?s={search_term_string}"},"query-input":{"@type":"PropertyValueSpecification","valueRequired":true,"valueName":"search_term_string"}}],"inLanguage":"de"}]}},"_links":{"self":[{"href":"https:\/\/foufou-champagne.com\/de\/wp-json\/wp\/v2\/product\/3692","targetHints":{"allow":["GET"]}}],"collection":[{"href":"https:\/\/foufou-champagne.com\/de\/wp-json\/wp\/v2\/product"}],"about":[{"href":"https:\/\/foufou-champagne.com\/de\/wp-json\/wp\/v2\/types\/product"}],"replies":[{"embeddable":true,"href":"https:\/\/foufou-champagne.com\/de\/wp-json\/wp\/v2\/comments?post=3692"}],"wp:featuredmedia":[{"embeddable":true,"href":"https:\/\/foufou-champagne.com\/de\/wp-json\/wp\/v2\/media\/13380"}],"wp:attachment":[{"href":"https:\/\/foufou-champagne.com\/de\/wp-json\/wp\/v2\/media?parent=3692"}],"wp:term":[{"taxonomy":"product_brand","embeddable":true,"href":"https:\/\/foufou-champagne.com\/de\/wp-json\/wp\/v2\/product_brand?post=3692"},{"taxonomy":"product_cat","embeddable":true,"href":"https:\/\/foufou-champagne.com\/de\/wp-json\/wp\/v2\/product_cat?post=3692"},{"taxonomy":"product_tag","embeddable":true,"href":"https:\/\/foufou-champagne.com\/de\/wp-json\/wp\/v2\/product_tag?post=3692"}],"curies":[{"name":"wp","href":"https:\/\/api.w.org\/{rel}","templated":true}]}}