{"id":3712,"date":"2020-12-14T17:17:23","date_gmt":"2020-12-14T16:17:23","guid":{"rendered":"https:\/\/foufou-champagne.com\/?post_type=product&#038;p=3712"},"modified":"2025-12-27T20:39:19","modified_gmt":"2025-12-27T19:39:19","slug":"de-sousa-grand-cru-reserve-extra-brut-blanc-de-blanc","status":"publish","type":"product","link":"https:\/\/foufou-champagne.com\/de\/champagner\/de-sousa-grand-cru-reserve-extra-brut-blanc-de-blanc\/","title":{"rendered":"De Sousa Grand Cru R\u00e9serve Extra Brut Blanc de Blancs"},"content":{"rendered":"<h4>Der Champagner<\/h4>\n<p><a href=\"https:\/\/foufou-champagne.com\/de\/produkt-kategorie\/de-sousa-et-fils-champagner\/\" target=\"_blank\" rel=\"noopener\">De Sousas<\/a> Mission bei diesem Champagner scheint fokussierte Mineralit\u00e4t und Frische zu sein. Im Zusammenspiel mit der starken Fruchtpr\u00e4senz des reifen Chardonnay ergibt dies einen aufregenden Blanc de Blancs, der die Stimmung des Hauses und das gro\u00dfartige Terroirs einf\u00e4ngt. Reife Birnen- und Apfel-Aromen sorgen f\u00fcr die Fruchtigkeit, gut harmonisiert mit weicher S\u00e4ure und sanfter salziger Mineralit\u00e4t. De Sousas Methode, die Hefe w\u00e4hrend des Ausbaus im Fass immer wieder aufzur\u00fchren, l\u00e4sst die R\u00e9serve Brut cremig und weich werden, w\u00e4hrend die Dosage dem Finale eine honigartige Note verpasst.<\/p>\n<p>Der Brut R\u00e9serve (100% Chardonnay) ist eine Assemblage verschiedener Jahrg\u00e4nge (2 bis 3) mit mindestens 25 % Reservewein-Anteil.<\/p>\n<h4>Tasting Note<\/h4>\n<ul>\n<li>Im Glas kr\u00e4ftiges Goldgelb mit leicht gr\u00fcnen Reflexen.<\/li>\n<li>In der Nase ein klassischer und opulenter Champagner-Duft nach Zitrusfr\u00fcchten, Steinobst, Brioche und Haseln\u00fcssen. Hier muss man schon beim ersten Riecher l\u00e4cheln, weil man wei\u00df, dass man gleich etwas wirklich Tolles auf der Zunge hat.<\/li>\n<li>Am Gaumen cremig und zart mit Aromen von reifem Steinobst. Erfrischend lebendig und mineralisch.<\/li>\n<\/ul>\n<h4>Passt zu<\/h4>\n<ul>\n<li>Perfekter Apertif.<\/li>\n<li>Super Begleiter zu Meeresfr\u00fcchten und Schalentieren.<\/li>\n<li>Au\u00dferdem der passende Begleiter zu Curry-Gerichten.<\/li>\n<\/ul>\n<h4><a href=\"https:\/\/foufou-champagne.com\/de\/produkt-kategorie\/de-sousa-et-fils-champagner\/\" target=\"_blank\" rel=\"noopener\">Das Champagnerhaus De Sousa et Fils<\/a><\/h4>\n<div class=\"row row--collapse align-left\">\n<div class=\"col col-sm-12 col-xlg-12\">\n<div class=\"cmsPlainText\">\n<div class=\"row\">\n<div class=\"col col-sm-12\">\n<div class=\"cmsPlainText__content\">\n<div class=\"cmsPlainText__split cmsPlainText__split--1\">\n<p>Die Champagner von de Sousa sind bekannt und begehrt f\u00fcr ihren kristallinen und zugleich saftigen Charakter.<\/p>\n<p>Das Champagnerhaus De Sousa et Fils liegt im Herzen der C\u00f4te des Blancs. Hier liegen die ber\u00fchmtesten Weinberge der Champagne mit Trauben in Grand-Cru Qualit\u00e4t. De Sousa et Fils hat sich auf biodynamische Champagner spezialisiert. Neben der exzellenten Lage haben auch die Rebst\u00f6cke eine Besonderheit: ihr Durchschnittsalter von \u00fcber 45 Jahren ist eine absolute Ausnahme! De Sousa et Fils ist zudem f\u00fcr seine Kunst in der Champagnerproduktion bekannt. Die Trauben werden schonend gepresst, die Grundweine besonders langsam und vorsichtig ausgebaut. Alles in allem zeigt De Sousa mit seinen Champagnern die h\u00f6chste Terroirqualit\u00e4t, die in der Champagne zu finden ist.<\/p>\n<\/div>\n<\/div>\n<\/div>\n<\/div>\n<\/div>\n<\/div>\n<\/div>\n","protected":false},"excerpt":{"rendered":"<p>Ganz feine Frucht trifft auf frische Mineralit\u00e4t und spielerische S\u00e4ure. Ein Muss f\u00fcr Blanc de Blancs-Liebhaber.<\/p>\n","protected":false},"featured_media":9200,"comment_status":"open","ping_status":"closed","template":"","meta":{"_acf_changed":false,"_editorskit_title_hidden":false,"_editorskit_reading_time":0,"_editorskit_is_block_options_detached":false,"_editorskit_block_options_position":"{}","_coblocks_attr":"","_coblocks_dimensions":"","_coblocks_responsive_height":"","_coblocks_accordion_ie_support":""},"product_brand":[],"product_cat":[15,66,163,440,154],"product_tag":[167,160,164,161,210],"class_list":{"0":"post-3712","1":"product","2":"type-product","3":"status-publish","4":"has-post-thumbnail","6":"product_cat-champagner","7":"product_cat-bio-champagner","8":"product_cat-blanc-de-blancs","9":"product_cat-de-sousa-et-fils-champagner","10":"product_cat-winzerchampagner","11":"product_tag-bio-champagner","12":"product_tag-demeter-zertifiziert","13":"product_tag-extra-brut","14":"product_tag-vegetarische-gerichte","15":"product_tag-winzerchampagner","16":"product_shipping_class-standard","17":"pa_kategorie-bio-champagner","18":"pa_kategorie-blanc-de-blancs","19":"pa_kategorie-winzer-champagner","21":"first","22":"outofstock","23":"taxable","24":"shipping-taxable","25":"purchasable","26":"product-type-composite"},"composite_virtual":false,"composite_layout":"single","composite_add_to_cart_form_location":"default","composite_editable_in_cart":false,"composite_sold_individually_context":"product","composite_shop_price_calc":"defaults","composite_components":[{"id":"1692181544","title":"Geschenkverpackung (optional)","description":"","query_type":"product_ids","query_ids":[13154],"default_option_id":"","thumbnail_id":"","thumbnail_src":"","quantity_min":1,"quantity_max":1,"priced_individually":true,"shipped_individually":false,"optional":true,"discount":"","options_style":"dropdowns","pagination_style":"classic","display_prices":"absolute","show_sorting_options":false,"show_filtering_options":false,"attribute_filter_ids":[],"select_action":"view","product_title_visible":false,"product_descr_visible":true,"product_price_visible":true,"product_thumb_visible":true,"subtotal_visible_product":false,"subtotal_visible_cart":false,"subtotal_visible_orders":false,"product_addons_visible":true},{"id":"1692181545","title":"Gru\u00dfkarte mit Mini-Bouquet (optional)","description":"","query_type":"category_ids","query_ids":[635],"default_option_id":"","thumbnail_id":"","thumbnail_src":"","quantity_min":1,"quantity_max":1,"priced_individually":true,"shipped_individually":false,"optional":true,"discount":"","options_style":"dropdowns","pagination_style":"classic","display_prices":"absolute","show_sorting_options":false,"show_filtering_options":false,"attribute_filter_ids":[],"select_action":"view","product_title_visible":false,"product_descr_visible":true,"product_price_visible":true,"product_thumb_visible":true,"subtotal_visible_product":false,"subtotal_visible_cart":false,"subtotal_visible_orders":false,"product_addons_visible":true}],"composite_scenarios":[],"exclude_global_add_ons":[],"addons":[],"acf":[],"yoast_head":"<!-- This site is optimized with the Yoast SEO plugin v26.8 - https:\/\/yoast.com\/product\/yoast-seo-wordpress\/ -->\n<title>De Sousa Grand Cru R\u00e9serve Extra Brut kaufen | FOUFOU CHAMPAGNE<\/title>\n<meta name=\"description\" content=\"Feine Frucht trifft auf frische Mineralit\u00e4t und spielerische S\u00e4ure. Dieser Champagner ist ein Muss f\u00fcr\u00a0 Blanc de Blancs-Liebhaber. Hier mehr.\" \/>\n<meta name=\"robots\" content=\"index, follow, max-snippet:-1, max-image-preview:large, max-video-preview:-1\" \/>\n<link rel=\"canonical\" href=\"https:\/\/foufou-champagne.com\/de\/champagner\/de-sousa-grand-cru-reserve-extra-brut-blanc-de-blanc\/\" \/>\n<meta property=\"og:locale\" content=\"de_DE\" \/>\n<meta property=\"og:type\" content=\"article\" \/>\n<meta property=\"og:title\" content=\"De Sousa Grand Cru R\u00e9serve Extra Brut kaufen | FOUFOU CHAMPAGNE\" \/>\n<meta property=\"og:description\" content=\"Feine Frucht trifft auf frische Mineralit\u00e4t und spielerische S\u00e4ure. Dieser Champagner ist ein Muss f\u00fcr\u00a0 Blanc de Blancs-Liebhaber. Hier mehr.\" \/>\n<meta property=\"og:url\" content=\"https:\/\/foufou-champagne.com\/de\/champagner\/de-sousa-grand-cru-reserve-extra-brut-blanc-de-blanc\/\" \/>\n<meta property=\"og:site_name\" content=\"foufou-champagne.com\" \/>\n<meta property=\"article:modified_time\" content=\"2025-12-27T19:39:19+00:00\" \/>\n<meta property=\"og:image\" content=\"https:\/\/foufou-champagne.com\/wp-content\/uploads\/2020\/12\/Champagne-de-sousa-grand-cru-extra-brut-FouFou-Champagne-Boutique-3.png\" \/>\n\t<meta property=\"og:image:width\" content=\"800\" \/>\n\t<meta property=\"og:image:height\" content=\"1000\" \/>\n\t<meta property=\"og:image:type\" content=\"image\/png\" \/>\n<meta name=\"twitter:card\" content=\"summary_large_image\" \/>\n<meta name=\"twitter:label1\" content=\"Gesch\u00e4tzte Lesezeit\" \/>\n\t<meta name=\"twitter:data1\" content=\"2\u00a0Minuten\" \/>\n<script type=\"application\/ld+json\" class=\"yoast-schema-graph\">{\"@context\":\"https:\/\/schema.org\",\"@graph\":[{\"@type\":\"WebPage\",\"@id\":\"https:\/\/foufou-champagne.com\/de\/champagner\/de-sousa-grand-cru-reserve-extra-brut-blanc-de-blanc\/\",\"url\":\"https:\/\/foufou-champagne.com\/de\/champagner\/de-sousa-grand-cru-reserve-extra-brut-blanc-de-blanc\/\",\"name\":\"De Sousa Grand Cru R\u00e9serve Extra Brut kaufen | FOUFOU CHAMPAGNE\",\"isPartOf\":{\"@id\":\"https:\/\/foufou-champagne.com\/de\/#website\"},\"primaryImageOfPage\":{\"@id\":\"https:\/\/foufou-champagne.com\/de\/champagner\/de-sousa-grand-cru-reserve-extra-brut-blanc-de-blanc\/#primaryimage\"},\"image\":{\"@id\":\"https:\/\/foufou-champagne.com\/de\/champagner\/de-sousa-grand-cru-reserve-extra-brut-blanc-de-blanc\/#primaryimage\"},\"thumbnailUrl\":\"https:\/\/foufou-champagne.com\/wp-content\/uploads\/2020\/12\/Champagne-de-sousa-grand-cru-extra-brut-FouFou-Champagne-Boutique-3.png\",\"datePublished\":\"2020-12-14T16:17:23+00:00\",\"dateModified\":\"2025-12-27T19:39:19+00:00\",\"description\":\"Feine Frucht trifft auf frische Mineralit\u00e4t und spielerische S\u00e4ure. Dieser Champagner ist ein Muss f\u00fcr\u00a0 Blanc de Blancs-Liebhaber. Hier mehr.\",\"breadcrumb\":{\"@id\":\"https:\/\/foufou-champagne.com\/de\/champagner\/de-sousa-grand-cru-reserve-extra-brut-blanc-de-blanc\/#breadcrumb\"},\"inLanguage\":\"de\",\"potentialAction\":[{\"@type\":\"ReadAction\",\"target\":[\"https:\/\/foufou-champagne.com\/de\/champagner\/de-sousa-grand-cru-reserve-extra-brut-blanc-de-blanc\/\"]}]},{\"@type\":\"ImageObject\",\"inLanguage\":\"de\",\"@id\":\"https:\/\/foufou-champagne.com\/de\/champagner\/de-sousa-grand-cru-reserve-extra-brut-blanc-de-blanc\/#primaryimage\",\"url\":\"https:\/\/foufou-champagne.com\/wp-content\/uploads\/2020\/12\/Champagne-de-sousa-grand-cru-extra-brut-FouFou-Champagne-Boutique-3.png\",\"contentUrl\":\"https:\/\/foufou-champagne.com\/wp-content\/uploads\/2020\/12\/Champagne-de-sousa-grand-cru-extra-brut-FouFou-Champagne-Boutique-3.png\",\"width\":800,\"height\":1000},{\"@type\":\"BreadcrumbList\",\"@id\":\"https:\/\/foufou-champagne.com\/de\/champagner\/de-sousa-grand-cru-reserve-extra-brut-blanc-de-blanc\/#breadcrumb\",\"itemListElement\":[{\"@type\":\"ListItem\",\"position\":1,\"name\":\"Startseite\",\"item\":\"https:\/\/foufou-champagne.com\/de\/\"},{\"@type\":\"ListItem\",\"position\":2,\"name\":\"Shop\",\"item\":\"https:\/\/foufou-champagne.com\/de\/shop\/\"},{\"@type\":\"ListItem\",\"position\":3,\"name\":\"De Sousa Grand Cru R\u00e9serve Extra Brut Blanc de Blancs\"}]},{\"@type\":\"WebSite\",\"@id\":\"https:\/\/foufou-champagne.com\/de\/#website\",\"url\":\"https:\/\/foufou-champagne.com\/de\/\",\"name\":\"foufou-champagne.com\",\"description\":\"CHAMPAGNE BOUTIQUE\",\"potentialAction\":[{\"@type\":\"SearchAction\",\"target\":{\"@type\":\"EntryPoint\",\"urlTemplate\":\"https:\/\/foufou-champagne.com\/de\/?s={search_term_string}\"},\"query-input\":{\"@type\":\"PropertyValueSpecification\",\"valueRequired\":true,\"valueName\":\"search_term_string\"}}],\"inLanguage\":\"de\"}]}<\/script>\n<!-- \/ Yoast SEO plugin. -->","yoast_head_json":{"title":"De Sousa Grand Cru R\u00e9serve Extra Brut kaufen | FOUFOU CHAMPAGNE","description":"Feine Frucht trifft auf frische Mineralit\u00e4t und spielerische S\u00e4ure. Dieser Champagner ist ein Muss f\u00fcr\u00a0 Blanc de Blancs-Liebhaber. Hier mehr.","robots":{"index":"index","follow":"follow","max-snippet":"max-snippet:-1","max-image-preview":"max-image-preview:large","max-video-preview":"max-video-preview:-1"},"canonical":"https:\/\/foufou-champagne.com\/de\/champagner\/de-sousa-grand-cru-reserve-extra-brut-blanc-de-blanc\/","og_locale":"de_DE","og_type":"article","og_title":"De Sousa Grand Cru R\u00e9serve Extra Brut kaufen | FOUFOU CHAMPAGNE","og_description":"Feine Frucht trifft auf frische Mineralit\u00e4t und spielerische S\u00e4ure. Dieser Champagner ist ein Muss f\u00fcr\u00a0 Blanc de Blancs-Liebhaber. Hier mehr.","og_url":"https:\/\/foufou-champagne.com\/de\/champagner\/de-sousa-grand-cru-reserve-extra-brut-blanc-de-blanc\/","og_site_name":"foufou-champagne.com","article_modified_time":"2025-12-27T19:39:19+00:00","og_image":[{"width":800,"height":1000,"url":"https:\/\/foufou-champagne.com\/wp-content\/uploads\/2020\/12\/Champagne-de-sousa-grand-cru-extra-brut-FouFou-Champagne-Boutique-3.png","type":"image\/png"}],"twitter_card":"summary_large_image","twitter_misc":{"Gesch\u00e4tzte Lesezeit":"2\u00a0Minuten"},"schema":{"@context":"https:\/\/schema.org","@graph":[{"@type":"WebPage","@id":"https:\/\/foufou-champagne.com\/de\/champagner\/de-sousa-grand-cru-reserve-extra-brut-blanc-de-blanc\/","url":"https:\/\/foufou-champagne.com\/de\/champagner\/de-sousa-grand-cru-reserve-extra-brut-blanc-de-blanc\/","name":"De Sousa Grand Cru R\u00e9serve Extra Brut kaufen | FOUFOU CHAMPAGNE","isPartOf":{"@id":"https:\/\/foufou-champagne.com\/de\/#website"},"primaryImageOfPage":{"@id":"https:\/\/foufou-champagne.com\/de\/champagner\/de-sousa-grand-cru-reserve-extra-brut-blanc-de-blanc\/#primaryimage"},"image":{"@id":"https:\/\/foufou-champagne.com\/de\/champagner\/de-sousa-grand-cru-reserve-extra-brut-blanc-de-blanc\/#primaryimage"},"thumbnailUrl":"https:\/\/foufou-champagne.com\/wp-content\/uploads\/2020\/12\/Champagne-de-sousa-grand-cru-extra-brut-FouFou-Champagne-Boutique-3.png","datePublished":"2020-12-14T16:17:23+00:00","dateModified":"2025-12-27T19:39:19+00:00","description":"Feine Frucht trifft auf frische Mineralit\u00e4t und spielerische S\u00e4ure. Dieser Champagner ist ein Muss f\u00fcr\u00a0 Blanc de Blancs-Liebhaber. Hier mehr.","breadcrumb":{"@id":"https:\/\/foufou-champagne.com\/de\/champagner\/de-sousa-grand-cru-reserve-extra-brut-blanc-de-blanc\/#breadcrumb"},"inLanguage":"de","potentialAction":[{"@type":"ReadAction","target":["https:\/\/foufou-champagne.com\/de\/champagner\/de-sousa-grand-cru-reserve-extra-brut-blanc-de-blanc\/"]}]},{"@type":"ImageObject","inLanguage":"de","@id":"https:\/\/foufou-champagne.com\/de\/champagner\/de-sousa-grand-cru-reserve-extra-brut-blanc-de-blanc\/#primaryimage","url":"https:\/\/foufou-champagne.com\/wp-content\/uploads\/2020\/12\/Champagne-de-sousa-grand-cru-extra-brut-FouFou-Champagne-Boutique-3.png","contentUrl":"https:\/\/foufou-champagne.com\/wp-content\/uploads\/2020\/12\/Champagne-de-sousa-grand-cru-extra-brut-FouFou-Champagne-Boutique-3.png","width":800,"height":1000},{"@type":"BreadcrumbList","@id":"https:\/\/foufou-champagne.com\/de\/champagner\/de-sousa-grand-cru-reserve-extra-brut-blanc-de-blanc\/#breadcrumb","itemListElement":[{"@type":"ListItem","position":1,"name":"Startseite","item":"https:\/\/foufou-champagne.com\/de\/"},{"@type":"ListItem","position":2,"name":"Shop","item":"https:\/\/foufou-champagne.com\/de\/shop\/"},{"@type":"ListItem","position":3,"name":"De Sousa Grand Cru R\u00e9serve Extra Brut Blanc de Blancs"}]},{"@type":"WebSite","@id":"https:\/\/foufou-champagne.com\/de\/#website","url":"https:\/\/foufou-champagne.com\/de\/","name":"foufou-champagne.com","description":"CHAMPAGNE BOUTIQUE","potentialAction":[{"@type":"SearchAction","target":{"@type":"EntryPoint","urlTemplate":"https:\/\/foufou-champagne.com\/de\/?s={search_term_string}"},"query-input":{"@type":"PropertyValueSpecification","valueRequired":true,"valueName":"search_term_string"}}],"inLanguage":"de"}]}},"_links":{"self":[{"href":"https:\/\/foufou-champagne.com\/de\/wp-json\/wp\/v2\/product\/3712","targetHints":{"allow":["GET"]}}],"collection":[{"href":"https:\/\/foufou-champagne.com\/de\/wp-json\/wp\/v2\/product"}],"about":[{"href":"https:\/\/foufou-champagne.com\/de\/wp-json\/wp\/v2\/types\/product"}],"replies":[{"embeddable":true,"href":"https:\/\/foufou-champagne.com\/de\/wp-json\/wp\/v2\/comments?post=3712"}],"wp:featuredmedia":[{"embeddable":true,"href":"https:\/\/foufou-champagne.com\/de\/wp-json\/wp\/v2\/media\/9200"}],"wp:attachment":[{"href":"https:\/\/foufou-champagne.com\/de\/wp-json\/wp\/v2\/media?parent=3712"}],"wp:term":[{"taxonomy":"product_brand","embeddable":true,"href":"https:\/\/foufou-champagne.com\/de\/wp-json\/wp\/v2\/product_brand?post=3712"},{"taxonomy":"product_cat","embeddable":true,"href":"https:\/\/foufou-champagne.com\/de\/wp-json\/wp\/v2\/product_cat?post=3712"},{"taxonomy":"product_tag","embeddable":true,"href":"https:\/\/foufou-champagne.com\/de\/wp-json\/wp\/v2\/product_tag?post=3712"}],"curies":[{"name":"wp","href":"https:\/\/api.w.org\/{rel}","templated":true}]}}