{"id":3734,"date":"2023-10-21T01:22:09","date_gmt":"2023-10-20T23:22:09","guid":{"rendered":"https:\/\/foufou-champagne.com\/?post_type=product&#038;p=3734"},"modified":"2025-11-14T19:24:13","modified_gmt":"2025-11-14T18:24:13","slug":"louis-roederer-brut-premier","status":"publish","type":"product","link":"https:\/\/foufou-champagne.com\/de\/champagner\/louis-roederer-brut-premier\/","title":{"rendered":"Louis Roederer Collection 243"},"content":{"rendered":"<h4>Der Champagner<\/h4>\n<p>Beeindruckend: 93 Punkte von James Suckling, 93 Punkte beim Falstaff, 17 Punkte von Jancis Robinson, 2 Sterne im Guide Hachette! Der <a href=\"https:\/\/foufou-champagne.com\/de\/produkt-kategorie\/Louis-Roederer-champagner\/\">Louis Roederer<\/a> Brut Premier ist einer der ganz gro\u00dfen Klassiker der Champagner-Welt und \u00fcberzeugt mit seiner Best\u00e4ndigkeit, die ihn unverwechselbar macht.<\/p>\n<div class=\"content--description\">\n<div class=\"product--description\">\n<p>Die Cuv\u00e9e besteht zu 40 % aus Pinot Noir, 42% aus Chardonnay und 18% Pinot Meunier Trauben. Louis Roederer (eines der wenigen gro\u00dfen Champagnerh\u00e4user, das sich noch in Familienbesitz befindet) l\u00e4sst seinen Brut Premier mindestens drei Jahre auf der Hefe reifen. Doppelt so lange, wie es f\u00fcr den Champagner vorgeschrieben ist. Erst dann wird er degorgiert. Doch nicht nur der Reifezeit, auch die Assemblage ist au\u00dfergew\u00f6hnlich: Mindestens 10 % der Weine bestehen aus Reserveweinen, den besten Weinen eines jeden Jahrgangs. Sie werden in Holzf\u00e4ssern eingelagert und reifen zwei bis sechs Jahre, bevor sie Teil dieses einzigartigen Cuv\u00e9es werden.<\/p>\n<\/div>\n<\/div>\n<div><\/div>\n<div><em>\u00abDie Frische, Feinheit und Fr\u00f6hlichkeit des Brut Premier sind eine Einladung zum Feiern. Sein strukturiertes Ger\u00fcst, seine Reichhaltigkeit und L\u00e4nge sind absolut weinig. Er ist vollmundig, komplex, modern und kraftvoll zugleich und bleibt doch stets ein grosser Klassiker.\u00bb<\/em><\/div>\n<div>\n<p><em>Jean-Baptiste L\u00e9caillon, Kellermeister<\/em><\/p>\n<p>&nbsp;<\/p>\n<\/div>\n<h4>Tasting Note<\/h4>\n<ul>\n<li>Im Glas hellgelb mit sehr feinem, stetigem Mousseux.<\/li>\n<li>In der Nase gelbe Fr\u00fcchte, frische \u00c4pfel und Grapefruits, gepaart mit Aromen von s\u00fc\u00dflichem Brioche und Mandeln.<\/li>\n<li>Am Gaumen zeigt der Klassiker Struktur und Frische, verbunden mit einer sch\u00f6nen Fruchtf\u00fclle und Eleganz. Mit der gut eingebundenen S\u00e4ure wirkt der Champagner zu jeder Zeit lebendig und bleibt elegant mit langanhaltendem Finale.<\/li>\n<\/ul>\n<h4>Passt zu<\/h4>\n<ul>\n<li>Idealer Aperitif.<\/li>\n<li>Passt zu leichten Vorspeisen und Meeresfr\u00fcchten.<\/li>\n<li>Super Begleiter zu Fruchtdesserts.<\/li>\n<\/ul>\n<div id=\"tradepress-content\" class=\"clearfix collapse in\" aria-expanded=\"true\"><\/div>\n<div class=\"row row--collapse align-left\">\n<div class=\"col col-sm-12 col-xlg-12\">\n<div class=\"cmsPlainText\">\n<div class=\"row\">\n<div class=\"col col-sm-12\">\n<div class=\"cmsPlainText__content\">\n<div class=\"cmsPlainText__split cmsPlainText__split--1\">\n<h4>Das Champagnerhaus Louis Roederer<\/h4>\n<p>Louis Roederer ist eines der letzten gro\u00dfen Champagnerh\u00e4user in Familienbesitz. Hier steht keine gro\u00dfe Marke im Hintergrund, alle Champagner werden noch unabh\u00e4ngig und in Familientradition hergestellt. Seit mehr als 200 Jahren ist das Haus in Reims ans\u00e4ssig. 1835 erbte Louis Roederer das Haus und begann sich insbesondere mit dem Anbau der Reben und dem Zukauf weiterer Lagen zu besch\u00e4ftigen, um unabh\u00e4ngig zu werden. Zu dieser Zeit lag der Fokus der H\u00e4user eher auf dem Ankauf der Trauben, doch Roederer bewies mit der selektiven Auswahl der Reben, dass der Boden und die Lage wichtige Faktoren sind und sich so ein besonders hochwertiger Champagner kreieren l\u00e4sst. Die Aussage Louis Roederers \u201eDas Geheimnis eines gro\u00dfen Champagners sind die B\u00f6den\u201c gilt weiterhin als Maxime des Hauses. Roederer ist auch heute noch f\u00fcr seine hohe Qualit\u00e4t und seinen einzigartigen Stil, Geschmack und Charakter bekannt. Mit Fr\u00e9d\u00e9ric Rouzaud an der Spitze wird das Unternehmen nun schon in siebter Generation gef\u00fchrt und verf\u00fcgt \u00fcber 240 Hektar Reben, ausschlie\u00dflich in Grand Cru und Premier Cru Lagen an der Marne.<\/p>\n<\/div>\n<\/div>\n<\/div>\n<\/div>\n<\/div>\n<\/div>\n<\/div>\n","protected":false},"excerpt":{"rendered":"<p>Louis Roederer Brut Premier ist gepr\u00e4gt von einem modernen, kraftvollen Charakter und bleibt doch stets ein gro\u00dfer Klassiker.<\/p>\n","protected":false},"featured_media":13364,"comment_status":"open","ping_status":"closed","template":"","meta":{"_acf_changed":false,"_editorskit_title_hidden":false,"_editorskit_reading_time":0,"_editorskit_is_block_options_detached":false,"_editorskit_block_options_position":"{}","_coblocks_attr":"","_coblocks_dimensions":"","_coblocks_responsive_height":"","_coblocks_accordion_ie_support":""},"product_brand":[],"product_cat":[15,454],"product_tag":[],"class_list":{"0":"post-3734","1":"product","2":"type-product","3":"status-publish","4":"has-post-thumbnail","6":"product_cat-champagner","7":"product_cat-louis-roederer-champagner","8":"product_shipping_class-standard","10":"first","11":"outofstock","12":"taxable","13":"shipping-taxable","14":"purchasable","15":"product-type-composite"},"composite_virtual":false,"composite_layout":"single","composite_add_to_cart_form_location":"default","composite_editable_in_cart":false,"composite_sold_individually_context":"product","composite_shop_price_calc":"defaults","composite_components":[{"id":"1692204210","title":"Geschenkverpackung (optional)","description":"","query_type":"product_ids","query_ids":[13154],"default_option_id":"","thumbnail_id":"","thumbnail_src":"","quantity_min":1,"quantity_max":1,"priced_individually":true,"shipped_individually":false,"optional":true,"discount":"","options_style":"dropdowns","pagination_style":"classic","display_prices":"absolute","show_sorting_options":false,"show_filtering_options":false,"attribute_filter_ids":[],"select_action":"view","product_title_visible":false,"product_descr_visible":true,"product_price_visible":true,"product_thumb_visible":true,"subtotal_visible_product":false,"subtotal_visible_cart":false,"subtotal_visible_orders":false,"product_addons_visible":true},{"id":"1692204211","title":"Gru\u00dfkarte mit Mini-Bouquet (optional)","description":"","query_type":"category_ids","query_ids":[635],"default_option_id":"","thumbnail_id":"","thumbnail_src":"","quantity_min":1,"quantity_max":1,"priced_individually":true,"shipped_individually":false,"optional":true,"discount":"","options_style":"dropdowns","pagination_style":"classic","display_prices":"absolute","show_sorting_options":false,"show_filtering_options":false,"attribute_filter_ids":[],"select_action":"view","product_title_visible":false,"product_descr_visible":true,"product_price_visible":true,"product_thumb_visible":true,"subtotal_visible_product":false,"subtotal_visible_cart":false,"subtotal_visible_orders":false,"product_addons_visible":true}],"composite_scenarios":[],"exclude_global_add_ons":[],"addons":[],"acf":[],"yoast_head":"<!-- This site is optimized with the Yoast SEO plugin v26.8 - https:\/\/yoast.com\/product\/yoast-seo-wordpress\/ -->\n<title>Louis Roederer Brut Premier online kaufen | FOUFOU CHAMPAGNE<\/title>\n<meta name=\"description\" content=\"Louis Roederer Brut Premier ist gepr\u00e4gt von einem modernen, kraftvollen Charakter und bleibt doch stets ein gro\u00dfer KlassikerTrinkvergn\u00fcgen.\u00a0Erfahre mehr.\" \/>\n<meta name=\"robots\" content=\"index, follow, max-snippet:-1, max-image-preview:large, max-video-preview:-1\" \/>\n<link rel=\"canonical\" href=\"https:\/\/foufou-champagne.com\/de\/champagner\/louis-roederer-brut-premier\/\" \/>\n<meta property=\"og:locale\" content=\"de_DE\" \/>\n<meta property=\"og:type\" content=\"article\" \/>\n<meta property=\"og:title\" content=\"Louis Roederer Brut Premier online kaufen | FOUFOU CHAMPAGNE\" \/>\n<meta property=\"og:description\" content=\"Louis Roederer Brut Premier ist gepr\u00e4gt von einem modernen, kraftvollen Charakter und bleibt doch stets ein gro\u00dfer KlassikerTrinkvergn\u00fcgen.\u00a0Erfahre mehr.\" \/>\n<meta property=\"og:url\" content=\"https:\/\/foufou-champagne.com\/de\/champagner\/louis-roederer-brut-premier\/\" \/>\n<meta property=\"og:site_name\" content=\"foufou-champagne.com\" \/>\n<meta property=\"article:modified_time\" content=\"2025-11-14T18:24:13+00:00\" \/>\n<meta property=\"og:image\" content=\"https:\/\/foufou-champagne.com\/wp-content\/uploads\/2023\/08\/Champagne-Louis-Roederer-Collection-242.png\" \/>\n\t<meta property=\"og:image:width\" content=\"800\" \/>\n\t<meta property=\"og:image:height\" content=\"1000\" \/>\n\t<meta property=\"og:image:type\" content=\"image\/png\" \/>\n<meta name=\"twitter:card\" content=\"summary_large_image\" \/>\n<meta name=\"twitter:label1\" content=\"Gesch\u00e4tzte Lesezeit\" \/>\n\t<meta name=\"twitter:data1\" content=\"3\u00a0Minuten\" \/>\n<script type=\"application\/ld+json\" class=\"yoast-schema-graph\">{\"@context\":\"https:\/\/schema.org\",\"@graph\":[{\"@type\":\"WebPage\",\"@id\":\"https:\/\/foufou-champagne.com\/de\/champagner\/louis-roederer-brut-premier\/\",\"url\":\"https:\/\/foufou-champagne.com\/de\/champagner\/louis-roederer-brut-premier\/\",\"name\":\"Louis Roederer Brut Premier online kaufen | FOUFOU CHAMPAGNE\",\"isPartOf\":{\"@id\":\"https:\/\/foufou-champagne.com\/de\/#website\"},\"primaryImageOfPage\":{\"@id\":\"https:\/\/foufou-champagne.com\/de\/champagner\/louis-roederer-brut-premier\/#primaryimage\"},\"image\":{\"@id\":\"https:\/\/foufou-champagne.com\/de\/champagner\/louis-roederer-brut-premier\/#primaryimage\"},\"thumbnailUrl\":\"https:\/\/foufou-champagne.com\/wp-content\/uploads\/2023\/08\/Champagne-Louis-Roederer-Collection-242.png\",\"datePublished\":\"2023-10-20T23:22:09+00:00\",\"dateModified\":\"2025-11-14T18:24:13+00:00\",\"description\":\"Louis Roederer Brut Premier ist gepr\u00e4gt von einem modernen, kraftvollen Charakter und bleibt doch stets ein gro\u00dfer KlassikerTrinkvergn\u00fcgen.\u00a0Erfahre mehr.\",\"breadcrumb\":{\"@id\":\"https:\/\/foufou-champagne.com\/de\/champagner\/louis-roederer-brut-premier\/#breadcrumb\"},\"inLanguage\":\"de\",\"potentialAction\":[{\"@type\":\"ReadAction\",\"target\":[\"https:\/\/foufou-champagne.com\/de\/champagner\/louis-roederer-brut-premier\/\"]}]},{\"@type\":\"ImageObject\",\"inLanguage\":\"de\",\"@id\":\"https:\/\/foufou-champagne.com\/de\/champagner\/louis-roederer-brut-premier\/#primaryimage\",\"url\":\"https:\/\/foufou-champagne.com\/wp-content\/uploads\/2023\/08\/Champagne-Louis-Roederer-Collection-242.png\",\"contentUrl\":\"https:\/\/foufou-champagne.com\/wp-content\/uploads\/2023\/08\/Champagne-Louis-Roederer-Collection-242.png\",\"width\":800,\"height\":1000},{\"@type\":\"BreadcrumbList\",\"@id\":\"https:\/\/foufou-champagne.com\/de\/champagner\/louis-roederer-brut-premier\/#breadcrumb\",\"itemListElement\":[{\"@type\":\"ListItem\",\"position\":1,\"name\":\"Startseite\",\"item\":\"https:\/\/foufou-champagne.com\/de\/\"},{\"@type\":\"ListItem\",\"position\":2,\"name\":\"Shop\",\"item\":\"https:\/\/foufou-champagne.com\/de\/shop\/\"},{\"@type\":\"ListItem\",\"position\":3,\"name\":\"Louis Roederer Collection 243\"}]},{\"@type\":\"WebSite\",\"@id\":\"https:\/\/foufou-champagne.com\/de\/#website\",\"url\":\"https:\/\/foufou-champagne.com\/de\/\",\"name\":\"foufou-champagne.com\",\"description\":\"CHAMPAGNE BOUTIQUE\",\"potentialAction\":[{\"@type\":\"SearchAction\",\"target\":{\"@type\":\"EntryPoint\",\"urlTemplate\":\"https:\/\/foufou-champagne.com\/de\/?s={search_term_string}\"},\"query-input\":{\"@type\":\"PropertyValueSpecification\",\"valueRequired\":true,\"valueName\":\"search_term_string\"}}],\"inLanguage\":\"de\"}]}<\/script>\n<!-- \/ Yoast SEO plugin. -->","yoast_head_json":{"title":"Louis Roederer Brut Premier online kaufen | FOUFOU CHAMPAGNE","description":"Louis Roederer Brut Premier ist gepr\u00e4gt von einem modernen, kraftvollen Charakter und bleibt doch stets ein gro\u00dfer KlassikerTrinkvergn\u00fcgen.\u00a0Erfahre mehr.","robots":{"index":"index","follow":"follow","max-snippet":"max-snippet:-1","max-image-preview":"max-image-preview:large","max-video-preview":"max-video-preview:-1"},"canonical":"https:\/\/foufou-champagne.com\/de\/champagner\/louis-roederer-brut-premier\/","og_locale":"de_DE","og_type":"article","og_title":"Louis Roederer Brut Premier online kaufen | FOUFOU CHAMPAGNE","og_description":"Louis Roederer Brut Premier ist gepr\u00e4gt von einem modernen, kraftvollen Charakter und bleibt doch stets ein gro\u00dfer KlassikerTrinkvergn\u00fcgen.\u00a0Erfahre mehr.","og_url":"https:\/\/foufou-champagne.com\/de\/champagner\/louis-roederer-brut-premier\/","og_site_name":"foufou-champagne.com","article_modified_time":"2025-11-14T18:24:13+00:00","og_image":[{"width":800,"height":1000,"url":"https:\/\/foufou-champagne.com\/wp-content\/uploads\/2023\/08\/Champagne-Louis-Roederer-Collection-242.png","type":"image\/png"}],"twitter_card":"summary_large_image","twitter_misc":{"Gesch\u00e4tzte Lesezeit":"3\u00a0Minuten"},"schema":{"@context":"https:\/\/schema.org","@graph":[{"@type":"WebPage","@id":"https:\/\/foufou-champagne.com\/de\/champagner\/louis-roederer-brut-premier\/","url":"https:\/\/foufou-champagne.com\/de\/champagner\/louis-roederer-brut-premier\/","name":"Louis Roederer Brut Premier online kaufen | FOUFOU CHAMPAGNE","isPartOf":{"@id":"https:\/\/foufou-champagne.com\/de\/#website"},"primaryImageOfPage":{"@id":"https:\/\/foufou-champagne.com\/de\/champagner\/louis-roederer-brut-premier\/#primaryimage"},"image":{"@id":"https:\/\/foufou-champagne.com\/de\/champagner\/louis-roederer-brut-premier\/#primaryimage"},"thumbnailUrl":"https:\/\/foufou-champagne.com\/wp-content\/uploads\/2023\/08\/Champagne-Louis-Roederer-Collection-242.png","datePublished":"2023-10-20T23:22:09+00:00","dateModified":"2025-11-14T18:24:13+00:00","description":"Louis Roederer Brut Premier ist gepr\u00e4gt von einem modernen, kraftvollen Charakter und bleibt doch stets ein gro\u00dfer KlassikerTrinkvergn\u00fcgen.\u00a0Erfahre mehr.","breadcrumb":{"@id":"https:\/\/foufou-champagne.com\/de\/champagner\/louis-roederer-brut-premier\/#breadcrumb"},"inLanguage":"de","potentialAction":[{"@type":"ReadAction","target":["https:\/\/foufou-champagne.com\/de\/champagner\/louis-roederer-brut-premier\/"]}]},{"@type":"ImageObject","inLanguage":"de","@id":"https:\/\/foufou-champagne.com\/de\/champagner\/louis-roederer-brut-premier\/#primaryimage","url":"https:\/\/foufou-champagne.com\/wp-content\/uploads\/2023\/08\/Champagne-Louis-Roederer-Collection-242.png","contentUrl":"https:\/\/foufou-champagne.com\/wp-content\/uploads\/2023\/08\/Champagne-Louis-Roederer-Collection-242.png","width":800,"height":1000},{"@type":"BreadcrumbList","@id":"https:\/\/foufou-champagne.com\/de\/champagner\/louis-roederer-brut-premier\/#breadcrumb","itemListElement":[{"@type":"ListItem","position":1,"name":"Startseite","item":"https:\/\/foufou-champagne.com\/de\/"},{"@type":"ListItem","position":2,"name":"Shop","item":"https:\/\/foufou-champagne.com\/de\/shop\/"},{"@type":"ListItem","position":3,"name":"Louis Roederer Collection 243"}]},{"@type":"WebSite","@id":"https:\/\/foufou-champagne.com\/de\/#website","url":"https:\/\/foufou-champagne.com\/de\/","name":"foufou-champagne.com","description":"CHAMPAGNE BOUTIQUE","potentialAction":[{"@type":"SearchAction","target":{"@type":"EntryPoint","urlTemplate":"https:\/\/foufou-champagne.com\/de\/?s={search_term_string}"},"query-input":{"@type":"PropertyValueSpecification","valueRequired":true,"valueName":"search_term_string"}}],"inLanguage":"de"}]}},"_links":{"self":[{"href":"https:\/\/foufou-champagne.com\/de\/wp-json\/wp\/v2\/product\/3734","targetHints":{"allow":["GET"]}}],"collection":[{"href":"https:\/\/foufou-champagne.com\/de\/wp-json\/wp\/v2\/product"}],"about":[{"href":"https:\/\/foufou-champagne.com\/de\/wp-json\/wp\/v2\/types\/product"}],"replies":[{"embeddable":true,"href":"https:\/\/foufou-champagne.com\/de\/wp-json\/wp\/v2\/comments?post=3734"}],"wp:featuredmedia":[{"embeddable":true,"href":"https:\/\/foufou-champagne.com\/de\/wp-json\/wp\/v2\/media\/13364"}],"wp:attachment":[{"href":"https:\/\/foufou-champagne.com\/de\/wp-json\/wp\/v2\/media?parent=3734"}],"wp:term":[{"taxonomy":"product_brand","embeddable":true,"href":"https:\/\/foufou-champagne.com\/de\/wp-json\/wp\/v2\/product_brand?post=3734"},{"taxonomy":"product_cat","embeddable":true,"href":"https:\/\/foufou-champagne.com\/de\/wp-json\/wp\/v2\/product_cat?post=3734"},{"taxonomy":"product_tag","embeddable":true,"href":"https:\/\/foufou-champagne.com\/de\/wp-json\/wp\/v2\/product_tag?post=3734"}],"curies":[{"name":"wp","href":"https:\/\/api.w.org\/{rel}","templated":true}]}}