{"id":3819,"date":"2020-12-15T14:44:43","date_gmt":"2020-12-15T13:44:43","guid":{"rendered":"https:\/\/foufou-champagne.com\/?post_type=product&#038;p=3819"},"modified":"2024-02-11T15:03:52","modified_gmt":"2024-02-11T14:03:52","slug":"zalto-champagnerglas-2er","status":"publish","type":"product","link":"https:\/\/foufou-champagne.com\/de\/champagner\/zalto-champagnerglas-2er\/","title":{"rendered":"Zalto Denk&#8217;Art Champagnerglas 2er-Set"},"content":{"rendered":"<h4>Das Glas<\/h4>\n<p><strong>F\u00fcr mehr Feinheit und Noblesse!<\/strong><\/p>\n<p>Hier trifft handwerkliche Pr\u00e4zision auf Trinkgenuss. Die mundgeblasenen und bleioxidfreien Gl\u00e4ser der Zalto Denk&#8217;Art Serie werden in Handarbeit produziert und geh\u00f6ren zu unseren Lieblingsgl\u00e4sern. Ihre robuste und dennoch ausbalancierte und d\u00fcnnwandige Form machen es zum idealen Begleiter f\u00fcr Genie\u00dfer. Das Zalto Denk&#8217;Art Glas verleiht jedem Champagner ein Plus an Feinheit und Noblesse. F\u00fcr noch mehr Mineralik und Rasse im ganz besonderen Trinkmoment.<\/p>\n<p>Die Geometrie der Gl\u00e4ser ist an die Neigungswinkel der Erde angepasst. Was das bewirkt? Sollte man den alten R\u00f6mern glauben, die diese kosmischen Gegebenheiten schon damals zur Lagerung ihrer Lebensmittel nutzten, erreicht der Champagner so noch mehr Frische und Geschmack. F\u00fcr eine perfekte Entfaltung in Nase und Gaumen. Wir sind \u00fcberzeugt!<\/p>\n<h4>Die Form<\/h4>\n<ul>\n<li>Winkel von 24, 48 und 72 Grad<\/li>\n<li>H\u00f6he: 24 cm<\/li>\n<li>F\u00fcllmenge: 220 ml<\/li>\n<\/ul>\n<h4>Die Marke<\/h4>\n<p>Handwerkliche Pr\u00e4zision ist die oberste Maxime in der Glasherstellung bei Zalto. Jedes Glas wird aus ausgew\u00e4hlten Rohstoffen und in traditioneller Handwerkskunst hergestellt. Die Marke geht auf eine Venezianische Glasdynastie zur\u00fcck. Seit sechs Generationen in Waldviertel (\u00d6sterreich) ans\u00e4\u00dfig. Auch heute noch produziert Zalto auf h\u00f6chstem handwerklichen Niveau und genie\u00dft somit bei vielen Champagnerkennern h\u00f6chstes Ansehen.<\/p>\n","protected":false},"excerpt":{"rendered":"<p>Ausbalanciert, d\u00fcnnwandig und robust &#8211; mundgeblasene Champagnergl\u00e4ser f\u00fcr den perfekten Genuss.<\/p>\n","protected":false},"featured_media":10380,"comment_status":"open","ping_status":"closed","template":"","meta":{"_acf_changed":false,"_editorskit_title_hidden":false,"_editorskit_reading_time":0,"_editorskit_is_block_options_detached":false,"_editorskit_block_options_position":"{}","_coblocks_attr":"","_coblocks_dimensions":"","_coblocks_responsive_height":"","_coblocks_accordion_ie_support":""},"product_brand":[],"product_cat":[419,174],"product_tag":[],"class_list":{"0":"post-3819","1":"product","2":"type-product","3":"status-publish","4":"has-post-thumbnail","6":"product_cat-champagner-accessoires","7":"product_cat-champagnerglas","8":"product_shipping_class-standard","9":"pa_kategorie-champagner-accessoires","11":"first","12":"outofstock","13":"taxable","14":"shipping-taxable","15":"purchasable","16":"product-type-simple"},"composite_virtual":false,"composite_layout":"","composite_add_to_cart_form_location":"","composite_editable_in_cart":false,"composite_sold_individually_context":"","composite_shop_price_calc":"","composite_components":[],"composite_scenarios":[],"exclude_global_add_ons":[],"addons":[],"acf":[],"yoast_head":"<!-- This site is optimized with the Yoast SEO plugin v26.8 - https:\/\/yoast.com\/product\/yoast-seo-wordpress\/ -->\n<title>Zalto Champagnerglas kaufen | FOUFOU CHAMPAGNE BOUTIQUE<\/title>\n<meta name=\"description\" content=\"Das Champagnerglas f\u00fcr mehr Mineralik und Rasse im Trinkmoment. Zalto steht f\u00fcr h\u00f6chste Pr\u00e4zision und Handarbeit. \u00dcberzeuge dich selbst!\" \/>\n<meta name=\"robots\" content=\"index, follow, max-snippet:-1, max-image-preview:large, max-video-preview:-1\" \/>\n<link rel=\"canonical\" href=\"https:\/\/foufou-champagne.com\/de\/champagner\/zalto-champagnerglas-2er\/\" \/>\n<meta property=\"og:locale\" content=\"de_DE\" \/>\n<meta property=\"og:type\" content=\"article\" \/>\n<meta property=\"og:title\" content=\"Zalto Champagnerglas kaufen | FOUFOU CHAMPAGNE BOUTIQUE\" \/>\n<meta property=\"og:description\" content=\"Das Champagnerglas f\u00fcr mehr Mineralik und Rasse im Trinkmoment. Zalto steht f\u00fcr h\u00f6chste Pr\u00e4zision und Handarbeit. \u00dcberzeuge dich selbst!\" \/>\n<meta property=\"og:url\" content=\"https:\/\/foufou-champagne.com\/de\/champagner\/zalto-champagnerglas-2er\/\" \/>\n<meta property=\"og:site_name\" content=\"foufou-champagne.com\" \/>\n<meta property=\"article:modified_time\" content=\"2024-02-11T14:03:52+00:00\" \/>\n<meta property=\"og:image\" content=\"https:\/\/foufou-champagne.com\/wp-content\/uploads\/2020\/12\/zalto-champagnerglas-mundgeblasen-foufou-champagn5.jpg\" \/>\n\t<meta property=\"og:image:width\" content=\"1067\" \/>\n\t<meta property=\"og:image:height\" content=\"1600\" \/>\n\t<meta property=\"og:image:type\" content=\"image\/jpeg\" \/>\n<meta name=\"twitter:card\" content=\"summary_large_image\" \/>\n<script type=\"application\/ld+json\" class=\"yoast-schema-graph\">{\"@context\":\"https:\/\/schema.org\",\"@graph\":[{\"@type\":\"WebPage\",\"@id\":\"https:\/\/foufou-champagne.com\/de\/champagner\/zalto-champagnerglas-2er\/\",\"url\":\"https:\/\/foufou-champagne.com\/de\/champagner\/zalto-champagnerglas-2er\/\",\"name\":\"Zalto Champagnerglas kaufen | FOUFOU CHAMPAGNE BOUTIQUE\",\"isPartOf\":{\"@id\":\"https:\/\/foufou-champagne.com\/de\/#website\"},\"primaryImageOfPage\":{\"@id\":\"https:\/\/foufou-champagne.com\/de\/champagner\/zalto-champagnerglas-2er\/#primaryimage\"},\"image\":{\"@id\":\"https:\/\/foufou-champagne.com\/de\/champagner\/zalto-champagnerglas-2er\/#primaryimage\"},\"thumbnailUrl\":\"https:\/\/foufou-champagne.com\/wp-content\/uploads\/2020\/12\/zalto-champagnerglas-mundgeblasen-foufou-champagn5.jpg\",\"datePublished\":\"2020-12-15T13:44:43+00:00\",\"dateModified\":\"2024-02-11T14:03:52+00:00\",\"description\":\"Das Champagnerglas f\u00fcr mehr Mineralik und Rasse im Trinkmoment. Zalto steht f\u00fcr h\u00f6chste Pr\u00e4zision und Handarbeit. \u00dcberzeuge dich selbst!\",\"breadcrumb\":{\"@id\":\"https:\/\/foufou-champagne.com\/de\/champagner\/zalto-champagnerglas-2er\/#breadcrumb\"},\"inLanguage\":\"de\",\"potentialAction\":[{\"@type\":\"ReadAction\",\"target\":[\"https:\/\/foufou-champagne.com\/de\/champagner\/zalto-champagnerglas-2er\/\"]}]},{\"@type\":\"ImageObject\",\"inLanguage\":\"de\",\"@id\":\"https:\/\/foufou-champagne.com\/de\/champagner\/zalto-champagnerglas-2er\/#primaryimage\",\"url\":\"https:\/\/foufou-champagne.com\/wp-content\/uploads\/2020\/12\/zalto-champagnerglas-mundgeblasen-foufou-champagn5.jpg\",\"contentUrl\":\"https:\/\/foufou-champagne.com\/wp-content\/uploads\/2020\/12\/zalto-champagnerglas-mundgeblasen-foufou-champagn5.jpg\",\"width\":1067,\"height\":1600},{\"@type\":\"BreadcrumbList\",\"@id\":\"https:\/\/foufou-champagne.com\/de\/champagner\/zalto-champagnerglas-2er\/#breadcrumb\",\"itemListElement\":[{\"@type\":\"ListItem\",\"position\":1,\"name\":\"Startseite\",\"item\":\"https:\/\/foufou-champagne.com\/de\/\"},{\"@type\":\"ListItem\",\"position\":2,\"name\":\"Shop\",\"item\":\"https:\/\/foufou-champagne.com\/de\/shop\/\"},{\"@type\":\"ListItem\",\"position\":3,\"name\":\"Zalto Denk&#8217;Art Champagnerglas 2er-Set\"}]},{\"@type\":\"WebSite\",\"@id\":\"https:\/\/foufou-champagne.com\/de\/#website\",\"url\":\"https:\/\/foufou-champagne.com\/de\/\",\"name\":\"foufou-champagne.com\",\"description\":\"CHAMPAGNE BOUTIQUE\",\"potentialAction\":[{\"@type\":\"SearchAction\",\"target\":{\"@type\":\"EntryPoint\",\"urlTemplate\":\"https:\/\/foufou-champagne.com\/de\/?s={search_term_string}\"},\"query-input\":{\"@type\":\"PropertyValueSpecification\",\"valueRequired\":true,\"valueName\":\"search_term_string\"}}],\"inLanguage\":\"de\"}]}<\/script>\n<!-- \/ Yoast SEO plugin. -->","yoast_head_json":{"title":"Zalto Champagnerglas kaufen | FOUFOU CHAMPAGNE BOUTIQUE","description":"Das Champagnerglas f\u00fcr mehr Mineralik und Rasse im Trinkmoment. Zalto steht f\u00fcr h\u00f6chste Pr\u00e4zision und Handarbeit. \u00dcberzeuge dich selbst!","robots":{"index":"index","follow":"follow","max-snippet":"max-snippet:-1","max-image-preview":"max-image-preview:large","max-video-preview":"max-video-preview:-1"},"canonical":"https:\/\/foufou-champagne.com\/de\/champagner\/zalto-champagnerglas-2er\/","og_locale":"de_DE","og_type":"article","og_title":"Zalto Champagnerglas kaufen | FOUFOU CHAMPAGNE BOUTIQUE","og_description":"Das Champagnerglas f\u00fcr mehr Mineralik und Rasse im Trinkmoment. Zalto steht f\u00fcr h\u00f6chste Pr\u00e4zision und Handarbeit. \u00dcberzeuge dich selbst!","og_url":"https:\/\/foufou-champagne.com\/de\/champagner\/zalto-champagnerglas-2er\/","og_site_name":"foufou-champagne.com","article_modified_time":"2024-02-11T14:03:52+00:00","og_image":[{"width":1067,"height":1600,"url":"https:\/\/foufou-champagne.com\/wp-content\/uploads\/2020\/12\/zalto-champagnerglas-mundgeblasen-foufou-champagn5.jpg","type":"image\/jpeg"}],"twitter_card":"summary_large_image","schema":{"@context":"https:\/\/schema.org","@graph":[{"@type":"WebPage","@id":"https:\/\/foufou-champagne.com\/de\/champagner\/zalto-champagnerglas-2er\/","url":"https:\/\/foufou-champagne.com\/de\/champagner\/zalto-champagnerglas-2er\/","name":"Zalto Champagnerglas kaufen | FOUFOU CHAMPAGNE BOUTIQUE","isPartOf":{"@id":"https:\/\/foufou-champagne.com\/de\/#website"},"primaryImageOfPage":{"@id":"https:\/\/foufou-champagne.com\/de\/champagner\/zalto-champagnerglas-2er\/#primaryimage"},"image":{"@id":"https:\/\/foufou-champagne.com\/de\/champagner\/zalto-champagnerglas-2er\/#primaryimage"},"thumbnailUrl":"https:\/\/foufou-champagne.com\/wp-content\/uploads\/2020\/12\/zalto-champagnerglas-mundgeblasen-foufou-champagn5.jpg","datePublished":"2020-12-15T13:44:43+00:00","dateModified":"2024-02-11T14:03:52+00:00","description":"Das Champagnerglas f\u00fcr mehr Mineralik und Rasse im Trinkmoment. Zalto steht f\u00fcr h\u00f6chste Pr\u00e4zision und Handarbeit. \u00dcberzeuge dich selbst!","breadcrumb":{"@id":"https:\/\/foufou-champagne.com\/de\/champagner\/zalto-champagnerglas-2er\/#breadcrumb"},"inLanguage":"de","potentialAction":[{"@type":"ReadAction","target":["https:\/\/foufou-champagne.com\/de\/champagner\/zalto-champagnerglas-2er\/"]}]},{"@type":"ImageObject","inLanguage":"de","@id":"https:\/\/foufou-champagne.com\/de\/champagner\/zalto-champagnerglas-2er\/#primaryimage","url":"https:\/\/foufou-champagne.com\/wp-content\/uploads\/2020\/12\/zalto-champagnerglas-mundgeblasen-foufou-champagn5.jpg","contentUrl":"https:\/\/foufou-champagne.com\/wp-content\/uploads\/2020\/12\/zalto-champagnerglas-mundgeblasen-foufou-champagn5.jpg","width":1067,"height":1600},{"@type":"BreadcrumbList","@id":"https:\/\/foufou-champagne.com\/de\/champagner\/zalto-champagnerglas-2er\/#breadcrumb","itemListElement":[{"@type":"ListItem","position":1,"name":"Startseite","item":"https:\/\/foufou-champagne.com\/de\/"},{"@type":"ListItem","position":2,"name":"Shop","item":"https:\/\/foufou-champagne.com\/de\/shop\/"},{"@type":"ListItem","position":3,"name":"Zalto Denk&#8217;Art Champagnerglas 2er-Set"}]},{"@type":"WebSite","@id":"https:\/\/foufou-champagne.com\/de\/#website","url":"https:\/\/foufou-champagne.com\/de\/","name":"foufou-champagne.com","description":"CHAMPAGNE BOUTIQUE","potentialAction":[{"@type":"SearchAction","target":{"@type":"EntryPoint","urlTemplate":"https:\/\/foufou-champagne.com\/de\/?s={search_term_string}"},"query-input":{"@type":"PropertyValueSpecification","valueRequired":true,"valueName":"search_term_string"}}],"inLanguage":"de"}]}},"_links":{"self":[{"href":"https:\/\/foufou-champagne.com\/de\/wp-json\/wp\/v2\/product\/3819","targetHints":{"allow":["GET"]}}],"collection":[{"href":"https:\/\/foufou-champagne.com\/de\/wp-json\/wp\/v2\/product"}],"about":[{"href":"https:\/\/foufou-champagne.com\/de\/wp-json\/wp\/v2\/types\/product"}],"replies":[{"embeddable":true,"href":"https:\/\/foufou-champagne.com\/de\/wp-json\/wp\/v2\/comments?post=3819"}],"wp:featuredmedia":[{"embeddable":true,"href":"https:\/\/foufou-champagne.com\/de\/wp-json\/wp\/v2\/media\/10380"}],"wp:attachment":[{"href":"https:\/\/foufou-champagne.com\/de\/wp-json\/wp\/v2\/media?parent=3819"}],"wp:term":[{"taxonomy":"product_brand","embeddable":true,"href":"https:\/\/foufou-champagne.com\/de\/wp-json\/wp\/v2\/product_brand?post=3819"},{"taxonomy":"product_cat","embeddable":true,"href":"https:\/\/foufou-champagne.com\/de\/wp-json\/wp\/v2\/product_cat?post=3819"},{"taxonomy":"product_tag","embeddable":true,"href":"https:\/\/foufou-champagne.com\/de\/wp-json\/wp\/v2\/product_tag?post=3819"}],"curies":[{"name":"wp","href":"https:\/\/api.w.org\/{rel}","templated":true}]}}