{"id":3825,"date":"2020-12-15T15:47:05","date_gmt":"2020-12-15T14:47:05","guid":{"rendered":"https:\/\/foufou-champagne.com\/?post_type=product&#038;p=3825"},"modified":"2026-01-04T15:43:15","modified_gmt":"2026-01-04T14:43:15","slug":"stoelzle-champagnerglas-6er-set","status":"publish","type":"product","link":"https:\/\/foufou-champagne.com\/de\/champagner\/stoelzle-champagnerglas-6er-set\/","title":{"rendered":"St\u00f6lzle Lausitz Champagnerglas Quatrophil 6er-Set"},"content":{"rendered":"<h4>Das Glas<\/h4>\n<p><strong>&#8230; mit Profil!<\/strong><\/p>\n<p>Und mit viel Stehverm\u00f6gen im harten Alltag. Das maschinell hergestellte Quatrophil Champagnerglas ist das Pendant der mundgeblasenen Q1-Serie. Es weist keine Verbindungsnaht auf. Das macht es besonders stabil und alltagstauglich. Der elegante, lange Stiel liegt leicht in der Hand. Das Glas hat durch den zentralen Knick und die breite Taille sehr gute Proportionen, so wird der Champagner optimal bel\u00fcftet. Ein ausgewogenes, elegantes und formsch\u00f6nes Glas, das vielseitig einsetzbar ist.<\/p>\n<ul>\n<li>Durchmesser: 8,25 cm<\/li>\n<li>H\u00f6he: 26 cm<\/li>\n<li>F\u00fcllmenge: 292 ml<\/li>\n<\/ul>\n<h4>Die Marke<\/h4>\n<p>Das Geheimnis der St\u00f6lzle Gl\u00e4ser? 130 Jahre Glasmacherkunst aus Lausitzer Sand. 1889 in Wei\u00dfwasser gegr\u00fcndet, ist St\u00f6lzle heute einer der gr\u00f6\u00dften deutschen Hersteller von Kelchgl\u00e4sern. Echte Weinkenner bezeichnen St\u00f6lzle Gl\u00e4ser als idealen Lebensraum f\u00fcr jeden besonderen Tropfen. Sehen wir auch so!<\/p>\n","protected":false},"excerpt":{"rendered":"<p>Sch\u00f6nheit, Stabilit\u00e4t und Geschmack m\u00fcssen sich nicht ausschlie\u00dfen. Das ideale Glas f\u00fcr den Alltag. Im 6er-Set.<\/p>\n","protected":false},"featured_media":10360,"comment_status":"open","ping_status":"closed","template":"","meta":{"_acf_changed":false,"_editorskit_title_hidden":false,"_editorskit_reading_time":0,"_editorskit_is_block_options_detached":false,"_editorskit_block_options_position":"{}","_coblocks_attr":"","_coblocks_dimensions":"","_coblocks_responsive_height":"","_coblocks_accordion_ie_support":""},"product_brand":[],"product_cat":[419,174],"product_tag":[506,507],"class_list":{"0":"post-3825","1":"product","2":"type-product","3":"status-publish","4":"has-post-thumbnail","6":"product_cat-champagner-accessoires","7":"product_cat-champagnerglas","8":"product_tag-champagnerglas","9":"product_tag-glaeser","10":"product_shipping_class-standard","11":"pa_kategorie-champagner-accessoires","13":"first","14":"instock","15":"taxable","16":"shipping-taxable","17":"purchasable","18":"product-type-simple"},"composite_virtual":false,"composite_layout":"","composite_add_to_cart_form_location":"","composite_editable_in_cart":false,"composite_sold_individually_context":"","composite_shop_price_calc":"","composite_components":[],"composite_scenarios":[],"exclude_global_add_ons":[],"addons":[],"acf":[],"yoast_head":"<!-- This site is optimized with the Yoast SEO plugin v26.8 - https:\/\/yoast.com\/product\/yoast-seo-wordpress\/ -->\n<title>St\u00f6lzle Champagnerglas Quatrophil 6er-Set kaufen | FOUFOU CHAMPAGNE<\/title>\n<meta name=\"description\" content=\"Das Champagnerglas &quot;Quatrophil&quot; von St\u00f6lzle mit viel Stehverm\u00f6gen und kubischer Sch\u00f6nheit garantiert eine ideale Geschmacksentfaltung.\" \/>\n<meta name=\"robots\" content=\"index, follow, max-snippet:-1, max-image-preview:large, max-video-preview:-1\" \/>\n<link rel=\"canonical\" href=\"https:\/\/foufou-champagne.com\/de\/champagner\/stoelzle-champagnerglas-6er-set\/\" \/>\n<meta property=\"og:locale\" content=\"de_DE\" \/>\n<meta property=\"og:type\" content=\"article\" \/>\n<meta property=\"og:title\" content=\"St\u00f6lzle Champagnerglas Quatrophil 6er-Set kaufen | FOUFOU CHAMPAGNE\" \/>\n<meta property=\"og:description\" content=\"Das Champagnerglas &quot;Quatrophil&quot; von St\u00f6lzle mit viel Stehverm\u00f6gen und kubischer Sch\u00f6nheit garantiert eine ideale Geschmacksentfaltung.\" \/>\n<meta property=\"og:url\" content=\"https:\/\/foufou-champagne.com\/de\/champagner\/stoelzle-champagnerglas-6er-set\/\" \/>\n<meta property=\"og:site_name\" content=\"foufou-champagne.com\" \/>\n<meta property=\"article:modified_time\" content=\"2026-01-04T14:43:15+00:00\" \/>\n<meta property=\"og:image\" content=\"https:\/\/foufou-champagne.com\/wp-content\/uploads\/2020\/12\/quatrophil-champagnerglas-stoelzle-foufou-champagne2.jpg\" \/>\n\t<meta property=\"og:image:width\" content=\"1067\" \/>\n\t<meta property=\"og:image:height\" content=\"1600\" \/>\n\t<meta property=\"og:image:type\" content=\"image\/jpeg\" \/>\n<meta name=\"twitter:card\" content=\"summary_large_image\" \/>\n<meta name=\"twitter:label1\" content=\"Gesch\u00e4tzte Lesezeit\" \/>\n\t<meta name=\"twitter:data1\" content=\"1\u00a0Minute\" \/>\n<script type=\"application\/ld+json\" class=\"yoast-schema-graph\">{\"@context\":\"https:\/\/schema.org\",\"@graph\":[{\"@type\":\"WebPage\",\"@id\":\"https:\/\/foufou-champagne.com\/de\/champagner\/stoelzle-champagnerglas-6er-set\/\",\"url\":\"https:\/\/foufou-champagne.com\/de\/champagner\/stoelzle-champagnerglas-6er-set\/\",\"name\":\"St\u00f6lzle Champagnerglas Quatrophil 6er-Set kaufen | FOUFOU CHAMPAGNE\",\"isPartOf\":{\"@id\":\"https:\/\/foufou-champagne.com\/de\/#website\"},\"primaryImageOfPage\":{\"@id\":\"https:\/\/foufou-champagne.com\/de\/champagner\/stoelzle-champagnerglas-6er-set\/#primaryimage\"},\"image\":{\"@id\":\"https:\/\/foufou-champagne.com\/de\/champagner\/stoelzle-champagnerglas-6er-set\/#primaryimage\"},\"thumbnailUrl\":\"https:\/\/foufou-champagne.com\/wp-content\/uploads\/2020\/12\/quatrophil-champagnerglas-stoelzle-foufou-champagne2.jpg\",\"datePublished\":\"2020-12-15T14:47:05+00:00\",\"dateModified\":\"2026-01-04T14:43:15+00:00\",\"description\":\"Das Champagnerglas \\\"Quatrophil\\\" von St\u00f6lzle mit viel Stehverm\u00f6gen und kubischer Sch\u00f6nheit garantiert eine ideale Geschmacksentfaltung.\",\"breadcrumb\":{\"@id\":\"https:\/\/foufou-champagne.com\/de\/champagner\/stoelzle-champagnerglas-6er-set\/#breadcrumb\"},\"inLanguage\":\"de\",\"potentialAction\":[{\"@type\":\"ReadAction\",\"target\":[\"https:\/\/foufou-champagne.com\/de\/champagner\/stoelzle-champagnerglas-6er-set\/\"]}]},{\"@type\":\"ImageObject\",\"inLanguage\":\"de\",\"@id\":\"https:\/\/foufou-champagne.com\/de\/champagner\/stoelzle-champagnerglas-6er-set\/#primaryimage\",\"url\":\"https:\/\/foufou-champagne.com\/wp-content\/uploads\/2020\/12\/quatrophil-champagnerglas-stoelzle-foufou-champagne2.jpg\",\"contentUrl\":\"https:\/\/foufou-champagne.com\/wp-content\/uploads\/2020\/12\/quatrophil-champagnerglas-stoelzle-foufou-champagne2.jpg\",\"width\":1067,\"height\":1600},{\"@type\":\"BreadcrumbList\",\"@id\":\"https:\/\/foufou-champagne.com\/de\/champagner\/stoelzle-champagnerglas-6er-set\/#breadcrumb\",\"itemListElement\":[{\"@type\":\"ListItem\",\"position\":1,\"name\":\"Startseite\",\"item\":\"https:\/\/foufou-champagne.com\/de\/\"},{\"@type\":\"ListItem\",\"position\":2,\"name\":\"Shop\",\"item\":\"https:\/\/foufou-champagne.com\/de\/shop\/\"},{\"@type\":\"ListItem\",\"position\":3,\"name\":\"St\u00f6lzle Lausitz Champagnerglas Quatrophil 6er-Set\"}]},{\"@type\":\"WebSite\",\"@id\":\"https:\/\/foufou-champagne.com\/de\/#website\",\"url\":\"https:\/\/foufou-champagne.com\/de\/\",\"name\":\"foufou-champagne.com\",\"description\":\"CHAMPAGNE BOUTIQUE\",\"potentialAction\":[{\"@type\":\"SearchAction\",\"target\":{\"@type\":\"EntryPoint\",\"urlTemplate\":\"https:\/\/foufou-champagne.com\/de\/?s={search_term_string}\"},\"query-input\":{\"@type\":\"PropertyValueSpecification\",\"valueRequired\":true,\"valueName\":\"search_term_string\"}}],\"inLanguage\":\"de\"}]}<\/script>\n<!-- \/ Yoast SEO plugin. -->","yoast_head_json":{"title":"St\u00f6lzle Champagnerglas Quatrophil 6er-Set kaufen | FOUFOU CHAMPAGNE","description":"Das Champagnerglas \"Quatrophil\" von St\u00f6lzle mit viel Stehverm\u00f6gen und kubischer Sch\u00f6nheit garantiert eine ideale Geschmacksentfaltung.","robots":{"index":"index","follow":"follow","max-snippet":"max-snippet:-1","max-image-preview":"max-image-preview:large","max-video-preview":"max-video-preview:-1"},"canonical":"https:\/\/foufou-champagne.com\/de\/champagner\/stoelzle-champagnerglas-6er-set\/","og_locale":"de_DE","og_type":"article","og_title":"St\u00f6lzle Champagnerglas Quatrophil 6er-Set kaufen | FOUFOU CHAMPAGNE","og_description":"Das Champagnerglas \"Quatrophil\" von St\u00f6lzle mit viel Stehverm\u00f6gen und kubischer Sch\u00f6nheit garantiert eine ideale Geschmacksentfaltung.","og_url":"https:\/\/foufou-champagne.com\/de\/champagner\/stoelzle-champagnerglas-6er-set\/","og_site_name":"foufou-champagne.com","article_modified_time":"2026-01-04T14:43:15+00:00","og_image":[{"width":1067,"height":1600,"url":"https:\/\/foufou-champagne.com\/wp-content\/uploads\/2020\/12\/quatrophil-champagnerglas-stoelzle-foufou-champagne2.jpg","type":"image\/jpeg"}],"twitter_card":"summary_large_image","twitter_misc":{"Gesch\u00e4tzte Lesezeit":"1\u00a0Minute"},"schema":{"@context":"https:\/\/schema.org","@graph":[{"@type":"WebPage","@id":"https:\/\/foufou-champagne.com\/de\/champagner\/stoelzle-champagnerglas-6er-set\/","url":"https:\/\/foufou-champagne.com\/de\/champagner\/stoelzle-champagnerglas-6er-set\/","name":"St\u00f6lzle Champagnerglas Quatrophil 6er-Set kaufen | FOUFOU CHAMPAGNE","isPartOf":{"@id":"https:\/\/foufou-champagne.com\/de\/#website"},"primaryImageOfPage":{"@id":"https:\/\/foufou-champagne.com\/de\/champagner\/stoelzle-champagnerglas-6er-set\/#primaryimage"},"image":{"@id":"https:\/\/foufou-champagne.com\/de\/champagner\/stoelzle-champagnerglas-6er-set\/#primaryimage"},"thumbnailUrl":"https:\/\/foufou-champagne.com\/wp-content\/uploads\/2020\/12\/quatrophil-champagnerglas-stoelzle-foufou-champagne2.jpg","datePublished":"2020-12-15T14:47:05+00:00","dateModified":"2026-01-04T14:43:15+00:00","description":"Das Champagnerglas \"Quatrophil\" von St\u00f6lzle mit viel Stehverm\u00f6gen und kubischer Sch\u00f6nheit garantiert eine ideale Geschmacksentfaltung.","breadcrumb":{"@id":"https:\/\/foufou-champagne.com\/de\/champagner\/stoelzle-champagnerglas-6er-set\/#breadcrumb"},"inLanguage":"de","potentialAction":[{"@type":"ReadAction","target":["https:\/\/foufou-champagne.com\/de\/champagner\/stoelzle-champagnerglas-6er-set\/"]}]},{"@type":"ImageObject","inLanguage":"de","@id":"https:\/\/foufou-champagne.com\/de\/champagner\/stoelzle-champagnerglas-6er-set\/#primaryimage","url":"https:\/\/foufou-champagne.com\/wp-content\/uploads\/2020\/12\/quatrophil-champagnerglas-stoelzle-foufou-champagne2.jpg","contentUrl":"https:\/\/foufou-champagne.com\/wp-content\/uploads\/2020\/12\/quatrophil-champagnerglas-stoelzle-foufou-champagne2.jpg","width":1067,"height":1600},{"@type":"BreadcrumbList","@id":"https:\/\/foufou-champagne.com\/de\/champagner\/stoelzle-champagnerglas-6er-set\/#breadcrumb","itemListElement":[{"@type":"ListItem","position":1,"name":"Startseite","item":"https:\/\/foufou-champagne.com\/de\/"},{"@type":"ListItem","position":2,"name":"Shop","item":"https:\/\/foufou-champagne.com\/de\/shop\/"},{"@type":"ListItem","position":3,"name":"St\u00f6lzle Lausitz Champagnerglas Quatrophil 6er-Set"}]},{"@type":"WebSite","@id":"https:\/\/foufou-champagne.com\/de\/#website","url":"https:\/\/foufou-champagne.com\/de\/","name":"foufou-champagne.com","description":"CHAMPAGNE BOUTIQUE","potentialAction":[{"@type":"SearchAction","target":{"@type":"EntryPoint","urlTemplate":"https:\/\/foufou-champagne.com\/de\/?s={search_term_string}"},"query-input":{"@type":"PropertyValueSpecification","valueRequired":true,"valueName":"search_term_string"}}],"inLanguage":"de"}]}},"_links":{"self":[{"href":"https:\/\/foufou-champagne.com\/de\/wp-json\/wp\/v2\/product\/3825","targetHints":{"allow":["GET"]}}],"collection":[{"href":"https:\/\/foufou-champagne.com\/de\/wp-json\/wp\/v2\/product"}],"about":[{"href":"https:\/\/foufou-champagne.com\/de\/wp-json\/wp\/v2\/types\/product"}],"replies":[{"embeddable":true,"href":"https:\/\/foufou-champagne.com\/de\/wp-json\/wp\/v2\/comments?post=3825"}],"wp:featuredmedia":[{"embeddable":true,"href":"https:\/\/foufou-champagne.com\/de\/wp-json\/wp\/v2\/media\/10360"}],"wp:attachment":[{"href":"https:\/\/foufou-champagne.com\/de\/wp-json\/wp\/v2\/media?parent=3825"}],"wp:term":[{"taxonomy":"product_brand","embeddable":true,"href":"https:\/\/foufou-champagne.com\/de\/wp-json\/wp\/v2\/product_brand?post=3825"},{"taxonomy":"product_cat","embeddable":true,"href":"https:\/\/foufou-champagne.com\/de\/wp-json\/wp\/v2\/product_cat?post=3825"},{"taxonomy":"product_tag","embeddable":true,"href":"https:\/\/foufou-champagne.com\/de\/wp-json\/wp\/v2\/product_tag?post=3825"}],"curies":[{"name":"wp","href":"https:\/\/api.w.org\/{rel}","templated":true}]}}