{"id":3937,"date":"2020-12-16T13:28:23","date_gmt":"2020-12-16T12:28:23","guid":{"rendered":"https:\/\/foufou-champagne.com\/?post_type=product&#038;p=3937"},"modified":"2026-02-08T22:21:58","modified_gmt":"2026-02-08T21:21:58","slug":"larmandier-bernier-terre-de-vertus-non-dose-premier-cru","status":"publish","type":"product","link":"https:\/\/foufou-champagne.com\/de\/champagner\/larmandier-bernier-terre-de-vertus-non-dose-premier-cru\/","title":{"rendered":"Larmandier-Bernier Terre de Vertus 2016 Non Dos\u00e9 Premier Cru"},"content":{"rendered":"<h4>Der Champagner<\/h4>\n<p>Der Blanc de Blancs aus den Weinbergen &#8220;Les Barillers&#8221; und &#8220;Les Faucherets&#8221; der Premier Cru Gemeinde Vertus ist ein Champagner von allerh\u00f6chster Pr\u00e4zision. Facettenreichtum gepaart mit leichten R\u00f6staromen und gro\u00dfer Handwerkskunst.<\/p>\n<p>Nach der Pressung lagert der Wein ein Jahr auf seiner Vollhefe. Ohne Filtration, ohne Sch\u00f6nung. Ende Juli kommt die Tirage \u2013 und zwar pur, ohne Verschnitt. Keine Mischung, kein Blend, kein Kompromiss: eine einzige Parzelle, ein einziger Jahrgang (2015). Danach: mindestens f\u00fcnf Jahre sur lattes. Jede Flasche wird von Hand degorgiert \u2013 Zero Dosage. Nichts hinzugef\u00fcgt, nichts kaschiert. Einfach nur der Wein. Unverf\u00e4lscht. Echt. Ein Juwel unter den Blanc de Blancs Champagnern.<\/p>\n<h4>Tasting Note<\/h4>\n<ul>\n<li>Im Glas ein leuchtendes Strohgelb mit einer feinen Perlage und langanhaltendem Mousseux.<\/li>\n<li>In der Nase begeistert der Champagner mit leichten R\u00f6staromen und einem Duft von feinem Geb\u00e4ck. Klarheit und Linearit\u00e4t ist sein Markenzeichen. Noten von wei\u00dfem Pfirsich und Feuerstein, wei\u00dfe Bl\u00fcten machen den Champagner filigran.<\/li>\n<li>Am Gaumen entfaltet sich der Terre de Vertus sehr ausgeglichen. Zun\u00e4chst entwickelt er eine klare Mineralit\u00e4t, die den Champagner bis in die L\u00e4nge begleitet. Er zeigt ein brillantes Frucht-S\u00e4urespiel und einen eleganten Abgang. Im Verlauf bilden sich die Aromen von gelben Fr\u00fcchten und Geb\u00e4ck aus, \u00fcbernehmen jedoch nie die \u00dcberhand.<\/li>\n<\/ul>\n<h4>Passt zu<\/h4>\n<ul>\n<li>Als Begleiter zu hellem Fisch wie Steinbutt.<\/li>\n<li>Oder zu Gefl\u00fcgel und Schweinefleisch.<\/li>\n<\/ul>\n<div class=\"row row--collapse align-left\">\n<div class=\"col col-sm-12 col-xlg-12\">\n<div class=\"cmsPlainText\">\n<div class=\"row\">\n<div class=\"col col-sm-12\">\n<div class=\"cmsPlainText__content\">\n<div class=\"cmsPlainText__split cmsPlainText__split--1\">\n<h4>Das Champagnerhaus Larmandier-Bernier<\/h4>\n<p><span class=\"TextRun SCXW266697620 BCX4\" lang=\"DE-DE\" xml:lang=\"DE-DE\" data-contrast=\"auto\"><span class=\"NormalTextRun SCXW266697620 BCX4\">Die Familie <\/span><\/span><a href=\"https:\/\/foufou-champagne.com\/de\/larmandier-bernier\/\"><span class=\"TextRun SCXW266697620 BCX4\" lang=\"DE-DE\" xml:lang=\"DE-DE\" data-contrast=\"auto\"><span class=\"NormalTextRun SpellingErrorV2 SCXW266697620 BCX4\">Larmandier-Bernier<\/span><\/span><\/a><span class=\"TextRun SCXW266697620 BCX4\" lang=\"DE-DE\" xml:lang=\"DE-DE\" data-contrast=\"auto\"><span class=\"NormalTextRun SCXW266697620 BCX4\"> baut ihren Wein f\u00fcr den Champagner in der N\u00e4he der Orte <\/span><\/span><span class=\"TextRun SCXW266697620 BCX4\" lang=\"DE-DE\" xml:lang=\"DE-DE\" data-contrast=\"auto\"><span class=\"NormalTextRun SpellingErrorV2 SCXW266697620 BCX4\">Vertus<\/span><\/span><span class=\"TextRun SCXW266697620 BCX4\" lang=\"DE-DE\" xml:lang=\"DE-DE\" data-contrast=\"auto\"><span class=\"NormalTextRun SCXW266697620 BCX4\">, <\/span><\/span><span class=\"TextRun SCXW266697620 BCX4\" lang=\"DE-DE\" xml:lang=\"DE-DE\" data-contrast=\"auto\"><span class=\"NormalTextRun SpellingErrorV2 SCXW266697620 BCX4\">Cramant<\/span><\/span><span class=\"TextRun SCXW266697620 BCX4\" lang=\"DE-DE\" xml:lang=\"DE-DE\" data-contrast=\"auto\"><span class=\"NormalTextRun SCXW266697620 BCX4\">, <\/span><\/span><span class=\"TextRun SCXW266697620 BCX4\" lang=\"DE-DE\" xml:lang=\"DE-DE\" data-contrast=\"auto\"><span class=\"NormalTextRun SpellingErrorV2 SCXW266697620 BCX4\">Chouilly<\/span><\/span><span class=\"TextRun SCXW266697620 BCX4\" lang=\"DE-DE\" xml:lang=\"DE-DE\" data-contrast=\"auto\"><span class=\"NormalTextRun SCXW266697620 BCX4\">, Oger und <\/span><\/span><span class=\"TextRun SCXW266697620 BCX4\" lang=\"DE-DE\" xml:lang=\"DE-DE\" data-contrast=\"auto\"><span class=\"NormalTextRun SpellingErrorV2 SCXW266697620 BCX4\">Avize<\/span><\/span><span class=\"TextRun SCXW266697620 BCX4\" lang=\"DE-DE\" xml:lang=\"DE-DE\" data-contrast=\"auto\"><span class=\"NormalTextRun SCXW266697620 BCX4\"> an. Ihr<\/span><\/span><span class=\"TextRun SCXW266697620 BCX4\" lang=\"DE-DE\" xml:lang=\"DE-DE\" data-contrast=\"auto\"><span class=\"NormalTextRun SCXW266697620 BCX4\">e<\/span><\/span> <span class=\"TextRun SCXW266697620 BCX4\" lang=\"DE-DE\" xml:lang=\"DE-DE\" data-contrast=\"auto\"><span class=\"NormalTextRun SCXW266697620 BCX4\">Besonderheit<\/span><\/span><span class=\"TextRun SCXW266697620 BCX4\" lang=\"DE-DE\" xml:lang=\"DE-DE\" data-contrast=\"auto\"><span class=\"NormalTextRun SCXW266697620 BCX4\"> ist die spontane G\u00e4rung des Weins mit nat\u00fcrlichen Hefen. Dadurch <\/span><\/span><span class=\"TextRun SCXW266697620 BCX4\" lang=\"DE-DE\" xml:lang=\"DE-DE\" data-contrast=\"auto\"><span class=\"NormalTextRun ContextualSpellingAndGrammarErrorV2 SCXW266697620 BCX4\">hat<\/span><\/span><span class=\"TextRun SCXW266697620 BCX4\" lang=\"DE-DE\" xml:lang=\"DE-DE\" data-contrast=\"auto\"><span class=\"NormalTextRun SCXW266697620 BCX4\"> jeder Jahrgang<\/span><\/span><span class=\"TextRun SCXW266697620 BCX4\" lang=\"DE-DE\" xml:lang=\"DE-DE\" data-contrast=\"auto\"><span class=\"NormalTextRun SCXW266697620 BCX4\">, jede Lage<\/span><\/span><span class=\"TextRun SCXW266697620 BCX4\" lang=\"DE-DE\" xml:lang=\"DE-DE\" data-contrast=\"auto\"><span class=\"NormalTextRun SCXW266697620 BCX4\"> und jedes Fass seine eigene Hefe<\/span><\/span><span class=\"TextRun SCXW266697620 BCX4\" lang=\"DE-DE\" xml:lang=\"DE-DE\" data-contrast=\"auto\"><span class=\"NormalTextRun SCXW266697620 BCX4\">, was einen sehr authentischen und faszinierenden <\/span><\/span><span class=\"TextRun SCXW266697620 BCX4\" lang=\"DE-DE\" xml:lang=\"DE-DE\" data-contrast=\"auto\"><span class=\"NormalTextRun SCXW266697620 BCX4\">Champagner<\/span><\/span><span class=\"TextRun SCXW266697620 BCX4\" lang=\"DE-DE\" xml:lang=\"DE-DE\" data-contrast=\"auto\"><span class=\"NormalTextRun SCXW266697620 BCX4\"> erzeugt. Die Champagner sind zudem sehr vielf\u00e4ltig, da jede Lage einzeln ein Jahr im <\/span><\/span><span class=\"TextRun SCXW266697620 BCX4\" lang=\"DE-DE\" xml:lang=\"DE-DE\" data-contrast=\"auto\"><span class=\"NormalTextRun SCXW266697620 BCX4\">Barrique<\/span><\/span><span class=\"TextRun SCXW266697620 BCX4\" lang=\"DE-DE\" xml:lang=\"DE-DE\" data-contrast=\"auto\"><span class=\"NormalTextRun SCXW266697620 BCX4\"> oder Fuder ausgebaut werden, bevor sie mehrere Jahre reifen. Die Champagner erhalten eine geringe <\/span><\/span><span class=\"TextRun SCXW266697620 BCX4\" lang=\"DE-DE\" xml:lang=\"DE-DE\" data-contrast=\"auto\"><span class=\"NormalTextRun SCXW266697620 BCX4\">Dosage<\/span><\/span><span class=\"TextRun SCXW266697620 BCX4\" lang=\"DE-DE\" xml:lang=\"DE-DE\" data-contrast=\"auto\"><span class=\"NormalTextRun SCXW266697620 BCX4\">, zwischen 0 und 0,4 g\/l. Demnach sind Frische, Authentizit\u00e4t und pr\u00e4zise <\/span><\/span><span class=\"TextRun SCXW266697620 BCX4\" lang=\"DE-DE\" xml:lang=\"DE-DE\" data-contrast=\"auto\"><span class=\"NormalTextRun SCXW266697620 BCX4\">Mineralit\u00e4t<\/span><\/span><span class=\"TextRun SCXW266697620 BCX4\" lang=\"DE-DE\" xml:lang=\"DE-DE\" data-contrast=\"auto\"><span class=\"NormalTextRun SCXW266697620 BCX4\"> die Markenzeichen des Champagnerhauses <\/span><\/span><span class=\"TextRun SCXW266697620 BCX4\" lang=\"DE-DE\" xml:lang=\"DE-DE\" data-contrast=\"auto\"><span class=\"NormalTextRun SpellingErrorV2 SCXW266697620 BCX4\">Larmandier-Bernier<\/span><\/span><span class=\"TextRun SCXW266697620 BCX4\" lang=\"DE-DE\" xml:lang=\"DE-DE\" data-contrast=\"auto\"><span class=\"NormalTextRun SCXW266697620 BCX4\">.\u00a0<\/span><\/span><span class=\"EOP SCXW266697620 BCX4\" data-ccp-props=\"{}\">\u00a0<\/span><\/p>\n<\/div>\n<\/div>\n<\/div>\n<\/div>\n<\/div>\n<\/div>\n<\/div>\n","protected":false},"excerpt":{"rendered":"<p>Ein Blanc de Blancs Meisterwerk aus dem kleinen \u00d6rtchen Vertus. Ein Champagner von allerh\u00f6chster Pr\u00e4zision, Facettenreichtum und Handwerkskunst. Ein Champagner, der uns begeistert!<\/p>\n","protected":false},"featured_media":9953,"comment_status":"open","ping_status":"closed","template":"","meta":{"_acf_changed":false,"_editorskit_title_hidden":false,"_editorskit_reading_time":0,"_editorskit_is_block_options_detached":false,"_editorskit_block_options_position":"{}","_coblocks_attr":"","_coblocks_dimensions":"","_coblocks_responsive_height":"","_coblocks_accordion_ie_support":""},"product_brand":[],"product_cat":[15,66,163,450,154],"product_tag":[167,169],"class_list":{"0":"post-3937","1":"product","2":"type-product","3":"status-publish","4":"has-post-thumbnail","6":"product_cat-champagner","7":"product_cat-bio-champagner","8":"product_cat-blanc-de-blancs","9":"product_cat-larmandier-bernier-champagner","10":"product_cat-winzerchampagner","11":"product_tag-bio-champagner","12":"product_tag-zero-dosage","13":"product_shipping_class-standard","14":"pa_kategorie-bio-champagner","15":"pa_kategorie-blanc-de-blancs","16":"pa_kategorie-winzer-champagner","18":"first","19":"instock","20":"taxable","21":"shipping-taxable","22":"purchasable","23":"product-type-composite"},"composite_virtual":false,"composite_layout":"single","composite_add_to_cart_form_location":"default","composite_editable_in_cart":false,"composite_sold_individually_context":"product","composite_shop_price_calc":"defaults","composite_components":[{"id":"1686162360","title":"Geschenkverpackung (optional)","description":"","query_type":"product_ids","query_ids":[4402,13154],"default_option_id":"","thumbnail_id":"","thumbnail_src":"","quantity_min":1,"quantity_max":1,"priced_individually":true,"shipped_individually":false,"optional":true,"discount":"","options_style":"dropdowns","pagination_style":"classic","display_prices":"absolute","show_sorting_options":false,"show_filtering_options":false,"attribute_filter_ids":[],"select_action":"view","product_title_visible":false,"product_descr_visible":true,"product_price_visible":true,"product_thumb_visible":true,"subtotal_visible_product":false,"subtotal_visible_cart":false,"subtotal_visible_orders":false,"product_addons_visible":true},{"id":"1686162361","title":"Gru\u00dfkarte mit Mini-Bouquet (optional)","description":"","query_type":"category_ids","query_ids":[635],"default_option_id":"","thumbnail_id":"","thumbnail_src":"","quantity_min":1,"quantity_max":1,"priced_individually":true,"shipped_individually":false,"optional":true,"discount":"","options_style":"dropdowns","pagination_style":"classic","display_prices":"absolute","show_sorting_options":false,"show_filtering_options":false,"attribute_filter_ids":[],"select_action":"view","product_title_visible":false,"product_descr_visible":true,"product_price_visible":true,"product_thumb_visible":true,"subtotal_visible_product":false,"subtotal_visible_cart":false,"subtotal_visible_orders":false,"product_addons_visible":true}],"composite_scenarios":[],"exclude_global_add_ons":[],"addons":[],"acf":[],"yoast_head":"<!-- This site is optimized with the Yoast SEO plugin v26.8 - https:\/\/yoast.com\/product\/yoast-seo-wordpress\/ -->\n<title>Larmandier-Bernier Terre de Vertus Non Dos\u00e9 kaufen | FOUFOU CHAMPAGNE<\/title>\n<meta name=\"description\" content=\"Ein Blanc de Blancs Meisterwerk aus dem \u00d6rtchen Vertus. Ein Champagner von allerh\u00f6chster Pr\u00e4zision, Facettenreichtum und Handwerkskunst. Hier mehr.\" \/>\n<meta name=\"robots\" content=\"index, follow, max-snippet:-1, max-image-preview:large, max-video-preview:-1\" \/>\n<link rel=\"canonical\" href=\"https:\/\/foufou-champagne.com\/de\/champagner\/larmandier-bernier-terre-de-vertus-non-dose-premier-cru\/\" \/>\n<meta property=\"og:locale\" content=\"de_DE\" \/>\n<meta property=\"og:type\" content=\"article\" \/>\n<meta property=\"og:title\" content=\"Larmandier-Bernier Terre de Vertus Non Dos\u00e9 kaufen | FOUFOU CHAMPAGNE\" \/>\n<meta property=\"og:description\" content=\"Ein Blanc de Blancs Meisterwerk aus dem \u00d6rtchen Vertus. Ein Champagner von allerh\u00f6chster Pr\u00e4zision, Facettenreichtum und Handwerkskunst. Hier mehr.\" \/>\n<meta property=\"og:url\" content=\"https:\/\/foufou-champagne.com\/de\/champagner\/larmandier-bernier-terre-de-vertus-non-dose-premier-cru\/\" \/>\n<meta property=\"og:site_name\" content=\"foufou-champagne.com\" \/>\n<meta property=\"article:modified_time\" content=\"2026-02-08T21:21:58+00:00\" \/>\n<meta property=\"og:image\" content=\"https:\/\/foufou-champagne.com\/wp-content\/uploads\/2020\/12\/Champagne-larmandier-bernier-terre-de-vertus-non-dose-premier-cru-FouFou-Champagne-Boutique-1.png\" \/>\n\t<meta property=\"og:image:width\" content=\"800\" \/>\n\t<meta property=\"og:image:height\" content=\"1000\" \/>\n\t<meta property=\"og:image:type\" content=\"image\/png\" \/>\n<meta name=\"twitter:card\" content=\"summary_large_image\" \/>\n<meta name=\"twitter:label1\" content=\"Gesch\u00e4tzte Lesezeit\" \/>\n\t<meta name=\"twitter:data1\" content=\"2\u00a0Minuten\" \/>\n<script type=\"application\/ld+json\" class=\"yoast-schema-graph\">{\"@context\":\"https:\/\/schema.org\",\"@graph\":[{\"@type\":\"WebPage\",\"@id\":\"https:\/\/foufou-champagne.com\/de\/champagner\/larmandier-bernier-terre-de-vertus-non-dose-premier-cru\/\",\"url\":\"https:\/\/foufou-champagne.com\/de\/champagner\/larmandier-bernier-terre-de-vertus-non-dose-premier-cru\/\",\"name\":\"Larmandier-Bernier Terre de Vertus Non Dos\u00e9 kaufen | FOUFOU CHAMPAGNE\",\"isPartOf\":{\"@id\":\"https:\/\/foufou-champagne.com\/de\/#website\"},\"primaryImageOfPage\":{\"@id\":\"https:\/\/foufou-champagne.com\/de\/champagner\/larmandier-bernier-terre-de-vertus-non-dose-premier-cru\/#primaryimage\"},\"image\":{\"@id\":\"https:\/\/foufou-champagne.com\/de\/champagner\/larmandier-bernier-terre-de-vertus-non-dose-premier-cru\/#primaryimage\"},\"thumbnailUrl\":\"https:\/\/foufou-champagne.com\/wp-content\/uploads\/2020\/12\/Champagne-larmandier-bernier-terre-de-vertus-non-dose-premier-cru-FouFou-Champagne-Boutique-1.png\",\"datePublished\":\"2020-12-16T12:28:23+00:00\",\"dateModified\":\"2026-02-08T21:21:58+00:00\",\"description\":\"Ein Blanc de Blancs Meisterwerk aus dem \u00d6rtchen Vertus. Ein Champagner von allerh\u00f6chster Pr\u00e4zision, Facettenreichtum und Handwerkskunst. Hier mehr.\",\"breadcrumb\":{\"@id\":\"https:\/\/foufou-champagne.com\/de\/champagner\/larmandier-bernier-terre-de-vertus-non-dose-premier-cru\/#breadcrumb\"},\"inLanguage\":\"de\",\"potentialAction\":[{\"@type\":\"ReadAction\",\"target\":[\"https:\/\/foufou-champagne.com\/de\/champagner\/larmandier-bernier-terre-de-vertus-non-dose-premier-cru\/\"]}]},{\"@type\":\"ImageObject\",\"inLanguage\":\"de\",\"@id\":\"https:\/\/foufou-champagne.com\/de\/champagner\/larmandier-bernier-terre-de-vertus-non-dose-premier-cru\/#primaryimage\",\"url\":\"https:\/\/foufou-champagne.com\/wp-content\/uploads\/2020\/12\/Champagne-larmandier-bernier-terre-de-vertus-non-dose-premier-cru-FouFou-Champagne-Boutique-1.png\",\"contentUrl\":\"https:\/\/foufou-champagne.com\/wp-content\/uploads\/2020\/12\/Champagne-larmandier-bernier-terre-de-vertus-non-dose-premier-cru-FouFou-Champagne-Boutique-1.png\",\"width\":800,\"height\":1000},{\"@type\":\"BreadcrumbList\",\"@id\":\"https:\/\/foufou-champagne.com\/de\/champagner\/larmandier-bernier-terre-de-vertus-non-dose-premier-cru\/#breadcrumb\",\"itemListElement\":[{\"@type\":\"ListItem\",\"position\":1,\"name\":\"Startseite\",\"item\":\"https:\/\/foufou-champagne.com\/de\/\"},{\"@type\":\"ListItem\",\"position\":2,\"name\":\"Shop\",\"item\":\"https:\/\/foufou-champagne.com\/de\/shop\/\"},{\"@type\":\"ListItem\",\"position\":3,\"name\":\"Larmandier-Bernier Terre de Vertus 2016 Non Dos\u00e9 Premier Cru\"}]},{\"@type\":\"WebSite\",\"@id\":\"https:\/\/foufou-champagne.com\/de\/#website\",\"url\":\"https:\/\/foufou-champagne.com\/de\/\",\"name\":\"foufou-champagne.com\",\"description\":\"CHAMPAGNE BOUTIQUE\",\"potentialAction\":[{\"@type\":\"SearchAction\",\"target\":{\"@type\":\"EntryPoint\",\"urlTemplate\":\"https:\/\/foufou-champagne.com\/de\/?s={search_term_string}\"},\"query-input\":{\"@type\":\"PropertyValueSpecification\",\"valueRequired\":true,\"valueName\":\"search_term_string\"}}],\"inLanguage\":\"de\"}]}<\/script>\n<!-- \/ Yoast SEO plugin. -->","yoast_head_json":{"title":"Larmandier-Bernier Terre de Vertus Non Dos\u00e9 kaufen | FOUFOU CHAMPAGNE","description":"Ein Blanc de Blancs Meisterwerk aus dem \u00d6rtchen Vertus. Ein Champagner von allerh\u00f6chster Pr\u00e4zision, Facettenreichtum und Handwerkskunst. Hier mehr.","robots":{"index":"index","follow":"follow","max-snippet":"max-snippet:-1","max-image-preview":"max-image-preview:large","max-video-preview":"max-video-preview:-1"},"canonical":"https:\/\/foufou-champagne.com\/de\/champagner\/larmandier-bernier-terre-de-vertus-non-dose-premier-cru\/","og_locale":"de_DE","og_type":"article","og_title":"Larmandier-Bernier Terre de Vertus Non Dos\u00e9 kaufen | FOUFOU CHAMPAGNE","og_description":"Ein Blanc de Blancs Meisterwerk aus dem \u00d6rtchen Vertus. Ein Champagner von allerh\u00f6chster Pr\u00e4zision, Facettenreichtum und Handwerkskunst. Hier mehr.","og_url":"https:\/\/foufou-champagne.com\/de\/champagner\/larmandier-bernier-terre-de-vertus-non-dose-premier-cru\/","og_site_name":"foufou-champagne.com","article_modified_time":"2026-02-08T21:21:58+00:00","og_image":[{"width":800,"height":1000,"url":"https:\/\/foufou-champagne.com\/wp-content\/uploads\/2020\/12\/Champagne-larmandier-bernier-terre-de-vertus-non-dose-premier-cru-FouFou-Champagne-Boutique-1.png","type":"image\/png"}],"twitter_card":"summary_large_image","twitter_misc":{"Gesch\u00e4tzte Lesezeit":"2\u00a0Minuten"},"schema":{"@context":"https:\/\/schema.org","@graph":[{"@type":"WebPage","@id":"https:\/\/foufou-champagne.com\/de\/champagner\/larmandier-bernier-terre-de-vertus-non-dose-premier-cru\/","url":"https:\/\/foufou-champagne.com\/de\/champagner\/larmandier-bernier-terre-de-vertus-non-dose-premier-cru\/","name":"Larmandier-Bernier Terre de Vertus Non Dos\u00e9 kaufen | FOUFOU CHAMPAGNE","isPartOf":{"@id":"https:\/\/foufou-champagne.com\/de\/#website"},"primaryImageOfPage":{"@id":"https:\/\/foufou-champagne.com\/de\/champagner\/larmandier-bernier-terre-de-vertus-non-dose-premier-cru\/#primaryimage"},"image":{"@id":"https:\/\/foufou-champagne.com\/de\/champagner\/larmandier-bernier-terre-de-vertus-non-dose-premier-cru\/#primaryimage"},"thumbnailUrl":"https:\/\/foufou-champagne.com\/wp-content\/uploads\/2020\/12\/Champagne-larmandier-bernier-terre-de-vertus-non-dose-premier-cru-FouFou-Champagne-Boutique-1.png","datePublished":"2020-12-16T12:28:23+00:00","dateModified":"2026-02-08T21:21:58+00:00","description":"Ein Blanc de Blancs Meisterwerk aus dem \u00d6rtchen Vertus. Ein Champagner von allerh\u00f6chster Pr\u00e4zision, Facettenreichtum und Handwerkskunst. Hier mehr.","breadcrumb":{"@id":"https:\/\/foufou-champagne.com\/de\/champagner\/larmandier-bernier-terre-de-vertus-non-dose-premier-cru\/#breadcrumb"},"inLanguage":"de","potentialAction":[{"@type":"ReadAction","target":["https:\/\/foufou-champagne.com\/de\/champagner\/larmandier-bernier-terre-de-vertus-non-dose-premier-cru\/"]}]},{"@type":"ImageObject","inLanguage":"de","@id":"https:\/\/foufou-champagne.com\/de\/champagner\/larmandier-bernier-terre-de-vertus-non-dose-premier-cru\/#primaryimage","url":"https:\/\/foufou-champagne.com\/wp-content\/uploads\/2020\/12\/Champagne-larmandier-bernier-terre-de-vertus-non-dose-premier-cru-FouFou-Champagne-Boutique-1.png","contentUrl":"https:\/\/foufou-champagne.com\/wp-content\/uploads\/2020\/12\/Champagne-larmandier-bernier-terre-de-vertus-non-dose-premier-cru-FouFou-Champagne-Boutique-1.png","width":800,"height":1000},{"@type":"BreadcrumbList","@id":"https:\/\/foufou-champagne.com\/de\/champagner\/larmandier-bernier-terre-de-vertus-non-dose-premier-cru\/#breadcrumb","itemListElement":[{"@type":"ListItem","position":1,"name":"Startseite","item":"https:\/\/foufou-champagne.com\/de\/"},{"@type":"ListItem","position":2,"name":"Shop","item":"https:\/\/foufou-champagne.com\/de\/shop\/"},{"@type":"ListItem","position":3,"name":"Larmandier-Bernier Terre de Vertus 2016 Non Dos\u00e9 Premier Cru"}]},{"@type":"WebSite","@id":"https:\/\/foufou-champagne.com\/de\/#website","url":"https:\/\/foufou-champagne.com\/de\/","name":"foufou-champagne.com","description":"CHAMPAGNE BOUTIQUE","potentialAction":[{"@type":"SearchAction","target":{"@type":"EntryPoint","urlTemplate":"https:\/\/foufou-champagne.com\/de\/?s={search_term_string}"},"query-input":{"@type":"PropertyValueSpecification","valueRequired":true,"valueName":"search_term_string"}}],"inLanguage":"de"}]}},"_links":{"self":[{"href":"https:\/\/foufou-champagne.com\/de\/wp-json\/wp\/v2\/product\/3937","targetHints":{"allow":["GET"]}}],"collection":[{"href":"https:\/\/foufou-champagne.com\/de\/wp-json\/wp\/v2\/product"}],"about":[{"href":"https:\/\/foufou-champagne.com\/de\/wp-json\/wp\/v2\/types\/product"}],"replies":[{"embeddable":true,"href":"https:\/\/foufou-champagne.com\/de\/wp-json\/wp\/v2\/comments?post=3937"}],"wp:featuredmedia":[{"embeddable":true,"href":"https:\/\/foufou-champagne.com\/de\/wp-json\/wp\/v2\/media\/9953"}],"wp:attachment":[{"href":"https:\/\/foufou-champagne.com\/de\/wp-json\/wp\/v2\/media?parent=3937"}],"wp:term":[{"taxonomy":"product_brand","embeddable":true,"href":"https:\/\/foufou-champagne.com\/de\/wp-json\/wp\/v2\/product_brand?post=3937"},{"taxonomy":"product_cat","embeddable":true,"href":"https:\/\/foufou-champagne.com\/de\/wp-json\/wp\/v2\/product_cat?post=3937"},{"taxonomy":"product_tag","embeddable":true,"href":"https:\/\/foufou-champagne.com\/de\/wp-json\/wp\/v2\/product_tag?post=3937"}],"curies":[{"name":"wp","href":"https:\/\/api.w.org\/{rel}","templated":true}]}}