{"id":4326,"date":"2020-12-18T15:50:18","date_gmt":"2020-12-18T14:50:18","guid":{"rendered":"https:\/\/foufou-champagne.com\/?post_type=product&#038;p=4326"},"modified":"2026-02-11T14:27:51","modified_gmt":"2026-02-11T13:27:51","slug":"bruno-paillard-rose-premiere-cuvee-geschenk","status":"publish","type":"product","link":"https:\/\/foufou-champagne.com\/de\/champagner\/bruno-paillard-rose-premiere-cuvee-geschenk\/","title":{"rendered":"Bruno Paillard Ros\u00e9 Premi\u00e8re Cuv\u00e9e Geschenkverpackung"},"content":{"rendered":"","protected":false},"excerpt":{"rendered":"<div class=\"woocommerce-product-details__short-description\">\n<p>Original Geschenkverpackung von Bruno Paillard.<\/p>\n<div class=\"component_wrap\"><\/div>\n<\/div>\n<form class=\"cart\" action=\"https:\/\/foufou-champagne.com\/de\/champagner\/bollinger-special-cuvee-brut-geschenk\/\" enctype=\"multipart\/form-data\" method=\"post\">\n<div class=\"quantity\"><\/div>\n<\/form>\n","protected":false},"featured_media":12055,"comment_status":"open","ping_status":"closed","template":"","meta":{"_acf_changed":false,"_editorskit_title_hidden":false,"_editorskit_reading_time":0,"_editorskit_is_block_options_detached":false,"_editorskit_block_options_position":"{}","_coblocks_attr":"","_coblocks_dimensions":"","_coblocks_responsive_height":"","_coblocks_accordion_ie_support":""},"product_brand":[],"product_cat":[220],"product_tag":[91],"class_list":{"0":"post-4326","1":"product","2":"type-product","3":"status-publish","4":"has-post-thumbnail","6":"product_cat-mit-geschenkverpackung","7":"product_tag-rose-champagner","8":"product_shipping_class-standard","10":"first","11":"instock","12":"taxable","13":"shipping-taxable","14":"purchasable","15":"product-type-simple"},"composite_virtual":false,"composite_layout":"","composite_add_to_cart_form_location":"","composite_editable_in_cart":false,"composite_sold_individually_context":"","composite_shop_price_calc":"","composite_components":[],"composite_scenarios":[],"exclude_global_add_ons":[],"addons":[],"acf":[],"yoast_head":"<!-- This site is optimized with the Yoast SEO plugin v26.8 - https:\/\/yoast.com\/product\/yoast-seo-wordpress\/ -->\n<title>Bruno Paillard Ros\u00e9 Champagner Geschenkpackung | FOUFOU CHAMPAGNE<\/title>\n<meta name=\"description\" content=\"Ein himmlischer Ros\u00e9-Champagner mit Leichtigkeit und Spiel. Diese traumhafte Qualit\u00e4t wurde von Fallstaff 2017 mit 92 Punkten ausgezeichnet! Hier mehr!\" \/>\n<meta name=\"robots\" content=\"index, follow, max-snippet:-1, max-image-preview:large, max-video-preview:-1\" \/>\n<link rel=\"canonical\" href=\"https:\/\/foufou-champagne.com\/de\/champagner\/bruno-paillard-rose-premiere-cuvee-geschenk\/\" \/>\n<meta property=\"og:locale\" content=\"de_DE\" \/>\n<meta property=\"og:type\" content=\"article\" \/>\n<meta property=\"og:title\" content=\"Bruno Paillard Ros\u00e9 Champagner Geschenkpackung | FOUFOU CHAMPAGNE\" \/>\n<meta property=\"og:description\" content=\"Ein himmlischer Ros\u00e9-Champagner mit Leichtigkeit und Spiel. Diese traumhafte Qualit\u00e4t wurde von Fallstaff 2017 mit 92 Punkten ausgezeichnet! Hier mehr!\" \/>\n<meta property=\"og:url\" content=\"https:\/\/foufou-champagne.com\/de\/champagner\/bruno-paillard-rose-premiere-cuvee-geschenk\/\" \/>\n<meta property=\"og:site_name\" content=\"foufou-champagne.com\" \/>\n<meta property=\"article:modified_time\" content=\"2026-02-11T13:27:51+00:00\" \/>\n<meta property=\"og:image\" content=\"https:\/\/foufou-champagne.com\/wp-content\/uploads\/2020\/12\/2-Champagne-bruno-paillard-rose-premiere-cuvee-Geschenk-FouFou-Champagne-Boutique.jpg\" \/>\n\t<meta property=\"og:image:width\" content=\"917\" \/>\n\t<meta property=\"og:image:height\" content=\"1374\" \/>\n\t<meta property=\"og:image:type\" content=\"image\/jpeg\" \/>\n<meta name=\"twitter:card\" content=\"summary_large_image\" \/>\n<script type=\"application\/ld+json\" class=\"yoast-schema-graph\">{\"@context\":\"https:\/\/schema.org\",\"@graph\":[{\"@type\":\"WebPage\",\"@id\":\"https:\/\/foufou-champagne.com\/de\/champagner\/bruno-paillard-rose-premiere-cuvee-geschenk\/\",\"url\":\"https:\/\/foufou-champagne.com\/de\/champagner\/bruno-paillard-rose-premiere-cuvee-geschenk\/\",\"name\":\"Bruno Paillard Ros\u00e9 Champagner Geschenkpackung | FOUFOU CHAMPAGNE\",\"isPartOf\":{\"@id\":\"https:\/\/foufou-champagne.com\/de\/#website\"},\"primaryImageOfPage\":{\"@id\":\"https:\/\/foufou-champagne.com\/de\/champagner\/bruno-paillard-rose-premiere-cuvee-geschenk\/#primaryimage\"},\"image\":{\"@id\":\"https:\/\/foufou-champagne.com\/de\/champagner\/bruno-paillard-rose-premiere-cuvee-geschenk\/#primaryimage\"},\"thumbnailUrl\":\"https:\/\/foufou-champagne.com\/wp-content\/uploads\/2020\/12\/2-Champagne-bruno-paillard-rose-premiere-cuvee-Geschenk-FouFou-Champagne-Boutique.jpg\",\"datePublished\":\"2020-12-18T14:50:18+00:00\",\"dateModified\":\"2026-02-11T13:27:51+00:00\",\"description\":\"Ein himmlischer Ros\u00e9-Champagner mit Leichtigkeit und Spiel. Diese traumhafte Qualit\u00e4t wurde von Fallstaff 2017 mit 92 Punkten ausgezeichnet! Hier mehr!\",\"breadcrumb\":{\"@id\":\"https:\/\/foufou-champagne.com\/de\/champagner\/bruno-paillard-rose-premiere-cuvee-geschenk\/#breadcrumb\"},\"inLanguage\":\"de\",\"potentialAction\":[{\"@type\":\"ReadAction\",\"target\":[\"https:\/\/foufou-champagne.com\/de\/champagner\/bruno-paillard-rose-premiere-cuvee-geschenk\/\"]}]},{\"@type\":\"ImageObject\",\"inLanguage\":\"de\",\"@id\":\"https:\/\/foufou-champagne.com\/de\/champagner\/bruno-paillard-rose-premiere-cuvee-geschenk\/#primaryimage\",\"url\":\"https:\/\/foufou-champagne.com\/wp-content\/uploads\/2020\/12\/2-Champagne-bruno-paillard-rose-premiere-cuvee-Geschenk-FouFou-Champagne-Boutique.jpg\",\"contentUrl\":\"https:\/\/foufou-champagne.com\/wp-content\/uploads\/2020\/12\/2-Champagne-bruno-paillard-rose-premiere-cuvee-Geschenk-FouFou-Champagne-Boutique.jpg\",\"width\":917,\"height\":1374,\"caption\":\"Bruno Paillard Ros\u00e9 Premi\u00e8re Cuv\u00e9e als Geschenk\"},{\"@type\":\"BreadcrumbList\",\"@id\":\"https:\/\/foufou-champagne.com\/de\/champagner\/bruno-paillard-rose-premiere-cuvee-geschenk\/#breadcrumb\",\"itemListElement\":[{\"@type\":\"ListItem\",\"position\":1,\"name\":\"Startseite\",\"item\":\"https:\/\/foufou-champagne.com\/de\/\"},{\"@type\":\"ListItem\",\"position\":2,\"name\":\"Shop\",\"item\":\"https:\/\/foufou-champagne.com\/de\/shop\/\"},{\"@type\":\"ListItem\",\"position\":3,\"name\":\"Bruno Paillard Ros\u00e9 Premi\u00e8re Cuv\u00e9e Geschenkverpackung\"}]},{\"@type\":\"WebSite\",\"@id\":\"https:\/\/foufou-champagne.com\/de\/#website\",\"url\":\"https:\/\/foufou-champagne.com\/de\/\",\"name\":\"foufou-champagne.com\",\"description\":\"CHAMPAGNE BOUTIQUE\",\"potentialAction\":[{\"@type\":\"SearchAction\",\"target\":{\"@type\":\"EntryPoint\",\"urlTemplate\":\"https:\/\/foufou-champagne.com\/de\/?s={search_term_string}\"},\"query-input\":{\"@type\":\"PropertyValueSpecification\",\"valueRequired\":true,\"valueName\":\"search_term_string\"}}],\"inLanguage\":\"de\"}]}<\/script>\n<!-- \/ Yoast SEO plugin. -->","yoast_head_json":{"title":"Bruno Paillard Ros\u00e9 Champagner Geschenkpackung | FOUFOU CHAMPAGNE","description":"Ein himmlischer Ros\u00e9-Champagner mit Leichtigkeit und Spiel. Diese traumhafte Qualit\u00e4t wurde von Fallstaff 2017 mit 92 Punkten ausgezeichnet! Hier mehr!","robots":{"index":"index","follow":"follow","max-snippet":"max-snippet:-1","max-image-preview":"max-image-preview:large","max-video-preview":"max-video-preview:-1"},"canonical":"https:\/\/foufou-champagne.com\/de\/champagner\/bruno-paillard-rose-premiere-cuvee-geschenk\/","og_locale":"de_DE","og_type":"article","og_title":"Bruno Paillard Ros\u00e9 Champagner Geschenkpackung | FOUFOU CHAMPAGNE","og_description":"Ein himmlischer Ros\u00e9-Champagner mit Leichtigkeit und Spiel. Diese traumhafte Qualit\u00e4t wurde von Fallstaff 2017 mit 92 Punkten ausgezeichnet! Hier mehr!","og_url":"https:\/\/foufou-champagne.com\/de\/champagner\/bruno-paillard-rose-premiere-cuvee-geschenk\/","og_site_name":"foufou-champagne.com","article_modified_time":"2026-02-11T13:27:51+00:00","og_image":[{"width":917,"height":1374,"url":"https:\/\/foufou-champagne.com\/wp-content\/uploads\/2020\/12\/2-Champagne-bruno-paillard-rose-premiere-cuvee-Geschenk-FouFou-Champagne-Boutique.jpg","type":"image\/jpeg"}],"twitter_card":"summary_large_image","schema":{"@context":"https:\/\/schema.org","@graph":[{"@type":"WebPage","@id":"https:\/\/foufou-champagne.com\/de\/champagner\/bruno-paillard-rose-premiere-cuvee-geschenk\/","url":"https:\/\/foufou-champagne.com\/de\/champagner\/bruno-paillard-rose-premiere-cuvee-geschenk\/","name":"Bruno Paillard Ros\u00e9 Champagner Geschenkpackung | FOUFOU CHAMPAGNE","isPartOf":{"@id":"https:\/\/foufou-champagne.com\/de\/#website"},"primaryImageOfPage":{"@id":"https:\/\/foufou-champagne.com\/de\/champagner\/bruno-paillard-rose-premiere-cuvee-geschenk\/#primaryimage"},"image":{"@id":"https:\/\/foufou-champagne.com\/de\/champagner\/bruno-paillard-rose-premiere-cuvee-geschenk\/#primaryimage"},"thumbnailUrl":"https:\/\/foufou-champagne.com\/wp-content\/uploads\/2020\/12\/2-Champagne-bruno-paillard-rose-premiere-cuvee-Geschenk-FouFou-Champagne-Boutique.jpg","datePublished":"2020-12-18T14:50:18+00:00","dateModified":"2026-02-11T13:27:51+00:00","description":"Ein himmlischer Ros\u00e9-Champagner mit Leichtigkeit und Spiel. Diese traumhafte Qualit\u00e4t wurde von Fallstaff 2017 mit 92 Punkten ausgezeichnet! Hier mehr!","breadcrumb":{"@id":"https:\/\/foufou-champagne.com\/de\/champagner\/bruno-paillard-rose-premiere-cuvee-geschenk\/#breadcrumb"},"inLanguage":"de","potentialAction":[{"@type":"ReadAction","target":["https:\/\/foufou-champagne.com\/de\/champagner\/bruno-paillard-rose-premiere-cuvee-geschenk\/"]}]},{"@type":"ImageObject","inLanguage":"de","@id":"https:\/\/foufou-champagne.com\/de\/champagner\/bruno-paillard-rose-premiere-cuvee-geschenk\/#primaryimage","url":"https:\/\/foufou-champagne.com\/wp-content\/uploads\/2020\/12\/2-Champagne-bruno-paillard-rose-premiere-cuvee-Geschenk-FouFou-Champagne-Boutique.jpg","contentUrl":"https:\/\/foufou-champagne.com\/wp-content\/uploads\/2020\/12\/2-Champagne-bruno-paillard-rose-premiere-cuvee-Geschenk-FouFou-Champagne-Boutique.jpg","width":917,"height":1374,"caption":"Bruno Paillard Ros\u00e9 Premi\u00e8re Cuv\u00e9e als Geschenk"},{"@type":"BreadcrumbList","@id":"https:\/\/foufou-champagne.com\/de\/champagner\/bruno-paillard-rose-premiere-cuvee-geschenk\/#breadcrumb","itemListElement":[{"@type":"ListItem","position":1,"name":"Startseite","item":"https:\/\/foufou-champagne.com\/de\/"},{"@type":"ListItem","position":2,"name":"Shop","item":"https:\/\/foufou-champagne.com\/de\/shop\/"},{"@type":"ListItem","position":3,"name":"Bruno Paillard Ros\u00e9 Premi\u00e8re Cuv\u00e9e Geschenkverpackung"}]},{"@type":"WebSite","@id":"https:\/\/foufou-champagne.com\/de\/#website","url":"https:\/\/foufou-champagne.com\/de\/","name":"foufou-champagne.com","description":"CHAMPAGNE BOUTIQUE","potentialAction":[{"@type":"SearchAction","target":{"@type":"EntryPoint","urlTemplate":"https:\/\/foufou-champagne.com\/de\/?s={search_term_string}"},"query-input":{"@type":"PropertyValueSpecification","valueRequired":true,"valueName":"search_term_string"}}],"inLanguage":"de"}]}},"_links":{"self":[{"href":"https:\/\/foufou-champagne.com\/de\/wp-json\/wp\/v2\/product\/4326","targetHints":{"allow":["GET"]}}],"collection":[{"href":"https:\/\/foufou-champagne.com\/de\/wp-json\/wp\/v2\/product"}],"about":[{"href":"https:\/\/foufou-champagne.com\/de\/wp-json\/wp\/v2\/types\/product"}],"replies":[{"embeddable":true,"href":"https:\/\/foufou-champagne.com\/de\/wp-json\/wp\/v2\/comments?post=4326"}],"wp:featuredmedia":[{"embeddable":true,"href":"https:\/\/foufou-champagne.com\/de\/wp-json\/wp\/v2\/media\/12055"}],"wp:attachment":[{"href":"https:\/\/foufou-champagne.com\/de\/wp-json\/wp\/v2\/media?parent=4326"}],"wp:term":[{"taxonomy":"product_brand","embeddable":true,"href":"https:\/\/foufou-champagne.com\/de\/wp-json\/wp\/v2\/product_brand?post=4326"},{"taxonomy":"product_cat","embeddable":true,"href":"https:\/\/foufou-champagne.com\/de\/wp-json\/wp\/v2\/product_cat?post=4326"},{"taxonomy":"product_tag","embeddable":true,"href":"https:\/\/foufou-champagne.com\/de\/wp-json\/wp\/v2\/product_tag?post=4326"}],"curies":[{"name":"wp","href":"https:\/\/api.w.org\/{rel}","templated":true}]}}