{"id":4334,"date":"2020-12-18T16:03:29","date_gmt":"2020-12-18T15:03:29","guid":{"rendered":"https:\/\/foufou-champagne.com\/?post_type=product&#038;p=4334"},"modified":"2024-12-12T22:53:38","modified_gmt":"2024-12-12T21:53:38","slug":"bruno-paillard-premiere-cuvee-magnum","status":"publish","type":"product","link":"https:\/\/foufou-champagne.com\/de\/champagner\/bruno-paillard-premiere-cuvee-magnum\/","title":{"rendered":"Bruno Paillard Premi\u00e8re Cuv\u00e9e Magnum 1,5l"},"content":{"rendered":"<h4>Der Champagner<\/h4>\n<p>Das Flaggschiff als Magnum f\u00fcr den besonderen Anlass.<\/p>\n<p>Der Brut Premi\u00e8re Cuv\u00e9e von <a href=\"https:\/\/foufou-champagne.com\/de\/produkt-kategorie\/bruno-paillard-champagner\/\" target=\"_blank\" rel=\"noopener\">Bruno Paillard<\/a> ist das Flaggschiff des Hauses und einer unserer gro\u00dfen Lieblinge!<\/p>\n<p>Die Assemblage aus 22% Pinot Meunier, 33% Chardonnay und 45% Pinot Noir ist drei Jahre auf der Hefe gereift und hat nach dem Degorgieren eine Ruhezeit von mindestens f\u00fcnf Monaten. Mit einer sehr niedrigen Dosage (weniger als 6g\/l) erstrahlt dieser Champagner in feinster aromatischer Frische, lebendig und mineralisch. Dominiert von Frucht (rote Beeren und Zitrusfr\u00fcchte) sowie den f\u00fcr Pinot Noir typischen exotischen Geschmack &#8211; ein Genuss f\u00fcr alle Sinne.<\/p>\n<h4>Tasting Note<\/h4>\n<ul>\n<li>Im Glas: Helles Goldgelb mit Silberreflexen, feine, lebendige Perlage.<\/li>\n<li>In der Nase: Frische Zitrusd\u00fcfte (Limette und Pampelmuse), die sich mit Mandeln paaren.<\/li>\n<li>Am Gaumen \u00fcberzeugt der vollmundige Cuv\u00e9e mit dem Geschmack von Johannisbeere und schwarzen Fr\u00fcchten, Mineralit\u00e4t und einer sch\u00f6nen L\u00e4nge.<\/li>\n<\/ul>\n<h4>passt zu<\/h4>\n<ul>\n<li>Dieser Champagner ist ein ausgezeichneter Aperitif und harmoniert hervorragend mit Austern und Krustentieren.<\/li>\n<li>Er passt au\u00dferdem wunderbar zu K\u00e4se (Brie de Meaux, Camembert) und Salaten.<\/li>\n<li>Der Champagner ist au\u00dferdem ein super Begleiter f\u00fcr saftig gegartes Gefl\u00fcgel oder leicht gegrillte Artischockenherzen.<\/li>\n<\/ul>\n<p>&nbsp;<\/p>\n<h4>Das Champagnerhaus Bruno Paillard<\/h4>\n<p><strong>Reinheit, Mineralit\u00e4t, Eleganz und Komplexit\u00e4t<\/strong><\/p>\n<p><a href=\"https:\/\/foufou-champagne.com\/de\/bruno-paillard\/\">Das Champagnerhaus<\/a> wurde 1981 von seinem Namensgeber Bruno Paillard gegr\u00fcndet und ist eines der j\u00fcngsten Champagnerh\u00e4user. Der Gr\u00fcnder stammt aus einer Traubenmakler- und Winzerfamilie, die seit mehr als drei Jahrhunderten im\u00a0 Herzen der Champagne lebt und arbeitet. Seine Idee und Philosophie ist es, die Quintessenz aus den besten Crus zu extrahieren, um daraus eine Komposition, einen gro\u00dfartigen Champagner zu kreieren. Seine Champagner findet man haupts\u00e4chlich in der gehobenen Gastronomie und im Weinfachhandel.<\/p>\n","protected":false},"excerpt":{"rendered":"<p>Eine Premiere Cuv\u00e9e von h\u00f6chster Qualit\u00e4t und einer unserer Top-Favoriten! Elegant aber dabei frisch und mineralisch.<\/p>\n","protected":false},"featured_media":13899,"comment_status":"open","ping_status":"closed","template":"","meta":{"_acf_changed":false,"_editorskit_title_hidden":false,"_editorskit_reading_time":0,"_editorskit_is_block_options_detached":false,"_editorskit_block_options_position":"{}","_coblocks_attr":"","_coblocks_dimensions":"","_coblocks_responsive_height":"","_coblocks_accordion_ie_support":""},"product_brand":[],"product_cat":[15,436,595,154],"product_tag":[514,210],"class_list":{"0":"post-4334","1":"product","2":"type-product","3":"status-publish","4":"has-post-thumbnail","6":"product_cat-champagner","7":"product_cat-bruno-paillard-champagner","8":"product_cat-champagner-magnum-flaschen","9":"product_cat-winzerchampagner","10":"product_tag-magnum","11":"product_tag-winzerchampagner","12":"product_shipping_class-standard","13":"pa_kategorie-winzer-champagner","15":"first","16":"outofstock","17":"taxable","18":"shipping-taxable","19":"purchasable","20":"product-type-composite"},"composite_virtual":false,"composite_layout":"single","composite_add_to_cart_form_location":"default","composite_editable_in_cart":false,"composite_sold_individually_context":"product","composite_shop_price_calc":"defaults","composite_components":[{"id":"1730915374","title":"Geschenkverpackung (optional)","description":"","query_type":"product_ids","query_ids":[13161],"default_option_id":"","thumbnail_id":"","thumbnail_src":"","quantity_min":1,"quantity_max":1,"priced_individually":true,"shipped_individually":false,"optional":true,"discount":"","options_style":"dropdowns","pagination_style":"classic","display_prices":"absolute","show_sorting_options":false,"show_filtering_options":false,"attribute_filter_ids":[],"select_action":"view","product_title_visible":false,"product_descr_visible":true,"product_price_visible":true,"product_thumb_visible":true,"subtotal_visible_product":false,"subtotal_visible_cart":false,"subtotal_visible_orders":false,"product_addons_visible":true},{"id":"1730915689","title":"Gru\u00dfkarte mit Mini-Bouquet (optional)","description":"","query_type":"category_ids","query_ids":[635],"default_option_id":"","thumbnail_id":"","thumbnail_src":"","quantity_min":1,"quantity_max":1,"priced_individually":false,"shipped_individually":true,"optional":true,"discount":"","options_style":"dropdowns","pagination_style":"classic","display_prices":"absolute","show_sorting_options":false,"show_filtering_options":false,"attribute_filter_ids":[],"select_action":"view","product_title_visible":false,"product_descr_visible":true,"product_price_visible":true,"product_thumb_visible":true,"subtotal_visible_product":false,"subtotal_visible_cart":false,"subtotal_visible_orders":false,"product_addons_visible":true}],"composite_scenarios":[],"exclude_global_add_ons":[],"addons":[],"acf":[],"yoast_head":"<!-- This site is optimized with the Yoast SEO plugin v26.8 - https:\/\/yoast.com\/product\/yoast-seo-wordpress\/ -->\n<title>Bruno Paillard Premi\u00e8re Cuv\u00e9e Magnum 1,5l | FOUFOU CHAMPAGNE<\/title>\n<meta name=\"description\" content=\"Der Premi\u00e8re Cuv\u00e9e von Bruno Paillard ist einer unserer Lieblingschampagner. Da kommt die Magnum doch gerade recht! Hier kaufen!\" \/>\n<meta name=\"robots\" content=\"index, follow, max-snippet:-1, max-image-preview:large, max-video-preview:-1\" \/>\n<link rel=\"canonical\" href=\"https:\/\/foufou-champagne.com\/de\/champagner\/bruno-paillard-premiere-cuvee-magnum\/\" \/>\n<meta property=\"og:locale\" content=\"de_DE\" \/>\n<meta property=\"og:type\" content=\"article\" \/>\n<meta property=\"og:title\" content=\"Bruno Paillard Premi\u00e8re Cuv\u00e9e Magnum 1,5l | FOUFOU CHAMPAGNE\" \/>\n<meta property=\"og:description\" content=\"Der Premi\u00e8re Cuv\u00e9e von Bruno Paillard ist einer unserer Lieblingschampagner. Da kommt die Magnum doch gerade recht! Hier kaufen!\" \/>\n<meta property=\"og:url\" content=\"https:\/\/foufou-champagne.com\/de\/champagner\/bruno-paillard-premiere-cuvee-magnum\/\" \/>\n<meta property=\"og:site_name\" content=\"foufou-champagne.com\" \/>\n<meta property=\"article:modified_time\" content=\"2024-12-12T21:53:38+00:00\" \/>\n<meta property=\"og:image\" content=\"https:\/\/foufou-champagne.com\/wp-content\/uploads\/2020\/12\/Bruno-Paillard-Premiere-Cuvee-Magnum-Champagner-FOUFOU-CHAMPAGNE.png\" \/>\n\t<meta property=\"og:image:width\" content=\"800\" \/>\n\t<meta property=\"og:image:height\" content=\"1000\" \/>\n\t<meta property=\"og:image:type\" content=\"image\/png\" \/>\n<meta name=\"twitter:card\" content=\"summary_large_image\" \/>\n<meta name=\"twitter:label1\" content=\"Gesch\u00e4tzte Lesezeit\" \/>\n\t<meta name=\"twitter:data1\" content=\"2\u00a0Minuten\" \/>\n<script type=\"application\/ld+json\" class=\"yoast-schema-graph\">{\"@context\":\"https:\/\/schema.org\",\"@graph\":[{\"@type\":\"WebPage\",\"@id\":\"https:\/\/foufou-champagne.com\/de\/champagner\/bruno-paillard-premiere-cuvee-magnum\/\",\"url\":\"https:\/\/foufou-champagne.com\/de\/champagner\/bruno-paillard-premiere-cuvee-magnum\/\",\"name\":\"Bruno Paillard Premi\u00e8re Cuv\u00e9e Magnum 1,5l | FOUFOU CHAMPAGNE\",\"isPartOf\":{\"@id\":\"https:\/\/foufou-champagne.com\/de\/#website\"},\"primaryImageOfPage\":{\"@id\":\"https:\/\/foufou-champagne.com\/de\/champagner\/bruno-paillard-premiere-cuvee-magnum\/#primaryimage\"},\"image\":{\"@id\":\"https:\/\/foufou-champagne.com\/de\/champagner\/bruno-paillard-premiere-cuvee-magnum\/#primaryimage\"},\"thumbnailUrl\":\"https:\/\/foufou-champagne.com\/wp-content\/uploads\/2020\/12\/Bruno-Paillard-Premiere-Cuvee-Magnum-Champagner-FOUFOU-CHAMPAGNE.png\",\"datePublished\":\"2020-12-18T15:03:29+00:00\",\"dateModified\":\"2024-12-12T21:53:38+00:00\",\"description\":\"Der Premi\u00e8re Cuv\u00e9e von Bruno Paillard ist einer unserer Lieblingschampagner. Da kommt die Magnum doch gerade recht! Hier kaufen!\",\"breadcrumb\":{\"@id\":\"https:\/\/foufou-champagne.com\/de\/champagner\/bruno-paillard-premiere-cuvee-magnum\/#breadcrumb\"},\"inLanguage\":\"de\",\"potentialAction\":[{\"@type\":\"ReadAction\",\"target\":[\"https:\/\/foufou-champagne.com\/de\/champagner\/bruno-paillard-premiere-cuvee-magnum\/\"]}]},{\"@type\":\"ImageObject\",\"inLanguage\":\"de\",\"@id\":\"https:\/\/foufou-champagne.com\/de\/champagner\/bruno-paillard-premiere-cuvee-magnum\/#primaryimage\",\"url\":\"https:\/\/foufou-champagne.com\/wp-content\/uploads\/2020\/12\/Bruno-Paillard-Premiere-Cuvee-Magnum-Champagner-FOUFOU-CHAMPAGNE.png\",\"contentUrl\":\"https:\/\/foufou-champagne.com\/wp-content\/uploads\/2020\/12\/Bruno-Paillard-Premiere-Cuvee-Magnum-Champagner-FOUFOU-CHAMPAGNE.png\",\"width\":800,\"height\":1000},{\"@type\":\"BreadcrumbList\",\"@id\":\"https:\/\/foufou-champagne.com\/de\/champagner\/bruno-paillard-premiere-cuvee-magnum\/#breadcrumb\",\"itemListElement\":[{\"@type\":\"ListItem\",\"position\":1,\"name\":\"Startseite\",\"item\":\"https:\/\/foufou-champagne.com\/de\/\"},{\"@type\":\"ListItem\",\"position\":2,\"name\":\"Shop\",\"item\":\"https:\/\/foufou-champagne.com\/de\/shop\/\"},{\"@type\":\"ListItem\",\"position\":3,\"name\":\"Bruno Paillard Premi\u00e8re Cuv\u00e9e Magnum 1,5l\"}]},{\"@type\":\"WebSite\",\"@id\":\"https:\/\/foufou-champagne.com\/de\/#website\",\"url\":\"https:\/\/foufou-champagne.com\/de\/\",\"name\":\"foufou-champagne.com\",\"description\":\"CHAMPAGNE BOUTIQUE\",\"potentialAction\":[{\"@type\":\"SearchAction\",\"target\":{\"@type\":\"EntryPoint\",\"urlTemplate\":\"https:\/\/foufou-champagne.com\/de\/?s={search_term_string}\"},\"query-input\":{\"@type\":\"PropertyValueSpecification\",\"valueRequired\":true,\"valueName\":\"search_term_string\"}}],\"inLanguage\":\"de\"}]}<\/script>\n<!-- \/ Yoast SEO plugin. -->","yoast_head_json":{"title":"Bruno Paillard Premi\u00e8re Cuv\u00e9e Magnum 1,5l | FOUFOU CHAMPAGNE","description":"Der Premi\u00e8re Cuv\u00e9e von Bruno Paillard ist einer unserer Lieblingschampagner. Da kommt die Magnum doch gerade recht! Hier kaufen!","robots":{"index":"index","follow":"follow","max-snippet":"max-snippet:-1","max-image-preview":"max-image-preview:large","max-video-preview":"max-video-preview:-1"},"canonical":"https:\/\/foufou-champagne.com\/de\/champagner\/bruno-paillard-premiere-cuvee-magnum\/","og_locale":"de_DE","og_type":"article","og_title":"Bruno Paillard Premi\u00e8re Cuv\u00e9e Magnum 1,5l | FOUFOU CHAMPAGNE","og_description":"Der Premi\u00e8re Cuv\u00e9e von Bruno Paillard ist einer unserer Lieblingschampagner. Da kommt die Magnum doch gerade recht! Hier kaufen!","og_url":"https:\/\/foufou-champagne.com\/de\/champagner\/bruno-paillard-premiere-cuvee-magnum\/","og_site_name":"foufou-champagne.com","article_modified_time":"2024-12-12T21:53:38+00:00","og_image":[{"width":800,"height":1000,"url":"https:\/\/foufou-champagne.com\/wp-content\/uploads\/2020\/12\/Bruno-Paillard-Premiere-Cuvee-Magnum-Champagner-FOUFOU-CHAMPAGNE.png","type":"image\/png"}],"twitter_card":"summary_large_image","twitter_misc":{"Gesch\u00e4tzte Lesezeit":"2\u00a0Minuten"},"schema":{"@context":"https:\/\/schema.org","@graph":[{"@type":"WebPage","@id":"https:\/\/foufou-champagne.com\/de\/champagner\/bruno-paillard-premiere-cuvee-magnum\/","url":"https:\/\/foufou-champagne.com\/de\/champagner\/bruno-paillard-premiere-cuvee-magnum\/","name":"Bruno Paillard Premi\u00e8re Cuv\u00e9e Magnum 1,5l | FOUFOU CHAMPAGNE","isPartOf":{"@id":"https:\/\/foufou-champagne.com\/de\/#website"},"primaryImageOfPage":{"@id":"https:\/\/foufou-champagne.com\/de\/champagner\/bruno-paillard-premiere-cuvee-magnum\/#primaryimage"},"image":{"@id":"https:\/\/foufou-champagne.com\/de\/champagner\/bruno-paillard-premiere-cuvee-magnum\/#primaryimage"},"thumbnailUrl":"https:\/\/foufou-champagne.com\/wp-content\/uploads\/2020\/12\/Bruno-Paillard-Premiere-Cuvee-Magnum-Champagner-FOUFOU-CHAMPAGNE.png","datePublished":"2020-12-18T15:03:29+00:00","dateModified":"2024-12-12T21:53:38+00:00","description":"Der Premi\u00e8re Cuv\u00e9e von Bruno Paillard ist einer unserer Lieblingschampagner. Da kommt die Magnum doch gerade recht! Hier kaufen!","breadcrumb":{"@id":"https:\/\/foufou-champagne.com\/de\/champagner\/bruno-paillard-premiere-cuvee-magnum\/#breadcrumb"},"inLanguage":"de","potentialAction":[{"@type":"ReadAction","target":["https:\/\/foufou-champagne.com\/de\/champagner\/bruno-paillard-premiere-cuvee-magnum\/"]}]},{"@type":"ImageObject","inLanguage":"de","@id":"https:\/\/foufou-champagne.com\/de\/champagner\/bruno-paillard-premiere-cuvee-magnum\/#primaryimage","url":"https:\/\/foufou-champagne.com\/wp-content\/uploads\/2020\/12\/Bruno-Paillard-Premiere-Cuvee-Magnum-Champagner-FOUFOU-CHAMPAGNE.png","contentUrl":"https:\/\/foufou-champagne.com\/wp-content\/uploads\/2020\/12\/Bruno-Paillard-Premiere-Cuvee-Magnum-Champagner-FOUFOU-CHAMPAGNE.png","width":800,"height":1000},{"@type":"BreadcrumbList","@id":"https:\/\/foufou-champagne.com\/de\/champagner\/bruno-paillard-premiere-cuvee-magnum\/#breadcrumb","itemListElement":[{"@type":"ListItem","position":1,"name":"Startseite","item":"https:\/\/foufou-champagne.com\/de\/"},{"@type":"ListItem","position":2,"name":"Shop","item":"https:\/\/foufou-champagne.com\/de\/shop\/"},{"@type":"ListItem","position":3,"name":"Bruno Paillard Premi\u00e8re Cuv\u00e9e Magnum 1,5l"}]},{"@type":"WebSite","@id":"https:\/\/foufou-champagne.com\/de\/#website","url":"https:\/\/foufou-champagne.com\/de\/","name":"foufou-champagne.com","description":"CHAMPAGNE BOUTIQUE","potentialAction":[{"@type":"SearchAction","target":{"@type":"EntryPoint","urlTemplate":"https:\/\/foufou-champagne.com\/de\/?s={search_term_string}"},"query-input":{"@type":"PropertyValueSpecification","valueRequired":true,"valueName":"search_term_string"}}],"inLanguage":"de"}]}},"_links":{"self":[{"href":"https:\/\/foufou-champagne.com\/de\/wp-json\/wp\/v2\/product\/4334","targetHints":{"allow":["GET"]}}],"collection":[{"href":"https:\/\/foufou-champagne.com\/de\/wp-json\/wp\/v2\/product"}],"about":[{"href":"https:\/\/foufou-champagne.com\/de\/wp-json\/wp\/v2\/types\/product"}],"replies":[{"embeddable":true,"href":"https:\/\/foufou-champagne.com\/de\/wp-json\/wp\/v2\/comments?post=4334"}],"wp:featuredmedia":[{"embeddable":true,"href":"https:\/\/foufou-champagne.com\/de\/wp-json\/wp\/v2\/media\/13899"}],"wp:attachment":[{"href":"https:\/\/foufou-champagne.com\/de\/wp-json\/wp\/v2\/media?parent=4334"}],"wp:term":[{"taxonomy":"product_brand","embeddable":true,"href":"https:\/\/foufou-champagne.com\/de\/wp-json\/wp\/v2\/product_brand?post=4334"},{"taxonomy":"product_cat","embeddable":true,"href":"https:\/\/foufou-champagne.com\/de\/wp-json\/wp\/v2\/product_cat?post=4334"},{"taxonomy":"product_tag","embeddable":true,"href":"https:\/\/foufou-champagne.com\/de\/wp-json\/wp\/v2\/product_tag?post=4334"}],"curies":[{"name":"wp","href":"https:\/\/api.w.org\/{rel}","templated":true}]}}