{"id":5104,"date":"2020-12-21T12:10:35","date_gmt":"2020-12-21T11:10:35","guid":{"rendered":"https:\/\/foufou-champagne.com\/champagner\/gutscheinkarte\/"},"modified":"2022-10-17T14:28:15","modified_gmt":"2022-10-17T12:28:15","slug":"gutscheinkarte","status":"publish","type":"product","link":"https:\/\/foufou-champagne.com\/de\/champagner\/gutscheinkarte\/","title":{"rendered":"FOUFOU Geschenk-Gutscheine"},"content":{"rendered":"<h2 class=\"headline-2\">Die FOUFOU Geschenk-Gutscheine zum digitalen Versand per E-Mail oder zum Ausdrucken<\/h2>\n<p>Champagner ist doch immer eine gute Idee, oder?<\/p>\n<p>Hier gibt\u2019s deine FOUFOU-Gutscheine, das perfekte (Last-Minute) Geschenk. Und das Beste: Die Beschenkten k\u00f6nnen sich selbst aussuchen, was Ihnen schmeckt!<\/p>\n<h4>WIE ES GEHT<\/h4>\n<p>Du kannst den Gutschein direkt per Mail an deine Liebsten versenden. Falls der Gutschein zu einem sp\u00e4teren Zeitpunkt verschickt werden soll, w\u00e4hle einfach ein Versanddatum aus.<\/p>\n<p>Du m\u00f6chtest den Gutschein pers\u00f6nlich \u00fcbergeben? Kein Problem, gib einfach deine E-Mail Adresse als Empf\u00e4nger ein und drucke den Gutschein ganz bequem aus.<\/p>\n<p>&nbsp;<\/p>\n","protected":false},"excerpt":{"rendered":"<p>FOUFOU-Gutscheine ganz bequem per Mail versenden.<\/p>\n","protected":false},"featured_media":5111,"comment_status":"open","ping_status":"closed","template":"","meta":{"_acf_changed":false,"_editorskit_title_hidden":false,"_editorskit_reading_time":0,"_editorskit_is_block_options_detached":false,"_editorskit_block_options_position":"{}","_coblocks_attr":"","_coblocks_dimensions":"","_coblocks_responsive_height":"","_coblocks_accordion_ie_support":""},"product_brand":[],"product_cat":[15],"product_tag":[],"class_list":{"0":"post-5104","1":"product","2":"type-product","3":"status-publish","4":"has-post-thumbnail","6":"product_cat-champagner","7":"product_shipping_class-standard","9":"first","10":"instock","11":"purchasable","12":"product-type-pw-gift-card"},"composite_virtual":false,"composite_layout":"","composite_add_to_cart_form_location":"","composite_editable_in_cart":false,"composite_sold_individually_context":"","composite_shop_price_calc":"","composite_components":[],"composite_scenarios":[],"exclude_global_add_ons":[],"addons":[],"acf":[],"yoast_head":"<!-- This site is optimized with the Yoast SEO plugin v26.8 - https:\/\/yoast.com\/product\/yoast-seo-wordpress\/ -->\n<title>FOUFOU Geschenkgutschein | FOUFOU CHAMPAGNE BOUTIQUE<\/title>\n<meta name=\"description\" content=\"Champagner geht doch immer, oder? Das perfekte (Last-Minute) Geschenk zum selbstausdrucken oder verschicken. Hier mehr.\" \/>\n<meta name=\"robots\" content=\"index, follow, max-snippet:-1, max-image-preview:large, max-video-preview:-1\" \/>\n<link rel=\"canonical\" href=\"https:\/\/foufou-champagne.com\/de\/champagner\/gutscheinkarte\/\" \/>\n<meta property=\"og:locale\" content=\"de_DE\" \/>\n<meta property=\"og:type\" content=\"article\" \/>\n<meta property=\"og:title\" content=\"FOUFOU Geschenkgutschein | FOUFOU CHAMPAGNE BOUTIQUE\" \/>\n<meta property=\"og:description\" content=\"Champagner geht doch immer, oder? Das perfekte (Last-Minute) Geschenk zum selbstausdrucken oder verschicken. Hier mehr.\" \/>\n<meta property=\"og:url\" content=\"https:\/\/foufou-champagne.com\/de\/champagner\/gutscheinkarte\/\" \/>\n<meta property=\"og:site_name\" content=\"foufou-champagne.com\" \/>\n<meta property=\"article:modified_time\" content=\"2022-10-17T12:28:15+00:00\" \/>\n<meta property=\"og:image\" content=\"https:\/\/foufou-champagne.com\/wp-content\/uploads\/2020\/12\/FOUFOU-VERA-OFFICE-NEW.jpg\" \/>\n\t<meta property=\"og:image:width\" content=\"1500\" \/>\n\t<meta property=\"og:image:height\" content=\"1001\" \/>\n\t<meta property=\"og:image:type\" content=\"image\/jpeg\" \/>\n<meta name=\"twitter:card\" content=\"summary_large_image\" \/>\n<script type=\"application\/ld+json\" class=\"yoast-schema-graph\">{\"@context\":\"https:\/\/schema.org\",\"@graph\":[{\"@type\":\"WebPage\",\"@id\":\"https:\/\/foufou-champagne.com\/de\/champagner\/gutscheinkarte\/\",\"url\":\"https:\/\/foufou-champagne.com\/de\/champagner\/gutscheinkarte\/\",\"name\":\"FOUFOU Geschenkgutschein | FOUFOU CHAMPAGNE BOUTIQUE\",\"isPartOf\":{\"@id\":\"https:\/\/foufou-champagne.com\/de\/#website\"},\"primaryImageOfPage\":{\"@id\":\"https:\/\/foufou-champagne.com\/de\/champagner\/gutscheinkarte\/#primaryimage\"},\"image\":{\"@id\":\"https:\/\/foufou-champagne.com\/de\/champagner\/gutscheinkarte\/#primaryimage\"},\"thumbnailUrl\":\"https:\/\/foufou-champagne.com\/wp-content\/uploads\/2020\/12\/FOUFOU-VERA-OFFICE-NEW.jpg\",\"datePublished\":\"2020-12-21T11:10:35+00:00\",\"dateModified\":\"2022-10-17T12:28:15+00:00\",\"description\":\"Champagner geht doch immer, oder? Das perfekte (Last-Minute) Geschenk zum selbstausdrucken oder verschicken. Hier mehr.\",\"breadcrumb\":{\"@id\":\"https:\/\/foufou-champagne.com\/de\/champagner\/gutscheinkarte\/#breadcrumb\"},\"inLanguage\":\"de\",\"potentialAction\":[{\"@type\":\"ReadAction\",\"target\":[\"https:\/\/foufou-champagne.com\/de\/champagner\/gutscheinkarte\/\"]}]},{\"@type\":\"ImageObject\",\"inLanguage\":\"de\",\"@id\":\"https:\/\/foufou-champagne.com\/de\/champagner\/gutscheinkarte\/#primaryimage\",\"url\":\"https:\/\/foufou-champagne.com\/wp-content\/uploads\/2020\/12\/FOUFOU-VERA-OFFICE-NEW.jpg\",\"contentUrl\":\"https:\/\/foufou-champagne.com\/wp-content\/uploads\/2020\/12\/FOUFOU-VERA-OFFICE-NEW.jpg\",\"width\":1500,\"height\":1001,\"caption\":\"FOUFOU Champagner Billecart Salmon hinter R\u00fccken\"},{\"@type\":\"BreadcrumbList\",\"@id\":\"https:\/\/foufou-champagne.com\/de\/champagner\/gutscheinkarte\/#breadcrumb\",\"itemListElement\":[{\"@type\":\"ListItem\",\"position\":1,\"name\":\"Startseite\",\"item\":\"https:\/\/foufou-champagne.com\/de\/\"},{\"@type\":\"ListItem\",\"position\":2,\"name\":\"Shop\",\"item\":\"https:\/\/foufou-champagne.com\/de\/shop\/\"},{\"@type\":\"ListItem\",\"position\":3,\"name\":\"FOUFOU Geschenk-Gutscheine\"}]},{\"@type\":\"WebSite\",\"@id\":\"https:\/\/foufou-champagne.com\/de\/#website\",\"url\":\"https:\/\/foufou-champagne.com\/de\/\",\"name\":\"foufou-champagne.com\",\"description\":\"CHAMPAGNE BOUTIQUE\",\"potentialAction\":[{\"@type\":\"SearchAction\",\"target\":{\"@type\":\"EntryPoint\",\"urlTemplate\":\"https:\/\/foufou-champagne.com\/de\/?s={search_term_string}\"},\"query-input\":{\"@type\":\"PropertyValueSpecification\",\"valueRequired\":true,\"valueName\":\"search_term_string\"}}],\"inLanguage\":\"de\"}]}<\/script>\n<!-- \/ Yoast SEO plugin. -->","yoast_head_json":{"title":"FOUFOU Geschenkgutschein | FOUFOU CHAMPAGNE BOUTIQUE","description":"Champagner geht doch immer, oder? Das perfekte (Last-Minute) Geschenk zum selbstausdrucken oder verschicken. Hier mehr.","robots":{"index":"index","follow":"follow","max-snippet":"max-snippet:-1","max-image-preview":"max-image-preview:large","max-video-preview":"max-video-preview:-1"},"canonical":"https:\/\/foufou-champagne.com\/de\/champagner\/gutscheinkarte\/","og_locale":"de_DE","og_type":"article","og_title":"FOUFOU Geschenkgutschein | FOUFOU CHAMPAGNE BOUTIQUE","og_description":"Champagner geht doch immer, oder? Das perfekte (Last-Minute) Geschenk zum selbstausdrucken oder verschicken. Hier mehr.","og_url":"https:\/\/foufou-champagne.com\/de\/champagner\/gutscheinkarte\/","og_site_name":"foufou-champagne.com","article_modified_time":"2022-10-17T12:28:15+00:00","og_image":[{"width":1500,"height":1001,"url":"https:\/\/foufou-champagne.com\/wp-content\/uploads\/2020\/12\/FOUFOU-VERA-OFFICE-NEW.jpg","type":"image\/jpeg"}],"twitter_card":"summary_large_image","schema":{"@context":"https:\/\/schema.org","@graph":[{"@type":"WebPage","@id":"https:\/\/foufou-champagne.com\/de\/champagner\/gutscheinkarte\/","url":"https:\/\/foufou-champagne.com\/de\/champagner\/gutscheinkarte\/","name":"FOUFOU Geschenkgutschein | FOUFOU CHAMPAGNE BOUTIQUE","isPartOf":{"@id":"https:\/\/foufou-champagne.com\/de\/#website"},"primaryImageOfPage":{"@id":"https:\/\/foufou-champagne.com\/de\/champagner\/gutscheinkarte\/#primaryimage"},"image":{"@id":"https:\/\/foufou-champagne.com\/de\/champagner\/gutscheinkarte\/#primaryimage"},"thumbnailUrl":"https:\/\/foufou-champagne.com\/wp-content\/uploads\/2020\/12\/FOUFOU-VERA-OFFICE-NEW.jpg","datePublished":"2020-12-21T11:10:35+00:00","dateModified":"2022-10-17T12:28:15+00:00","description":"Champagner geht doch immer, oder? Das perfekte (Last-Minute) Geschenk zum selbstausdrucken oder verschicken. Hier mehr.","breadcrumb":{"@id":"https:\/\/foufou-champagne.com\/de\/champagner\/gutscheinkarte\/#breadcrumb"},"inLanguage":"de","potentialAction":[{"@type":"ReadAction","target":["https:\/\/foufou-champagne.com\/de\/champagner\/gutscheinkarte\/"]}]},{"@type":"ImageObject","inLanguage":"de","@id":"https:\/\/foufou-champagne.com\/de\/champagner\/gutscheinkarte\/#primaryimage","url":"https:\/\/foufou-champagne.com\/wp-content\/uploads\/2020\/12\/FOUFOU-VERA-OFFICE-NEW.jpg","contentUrl":"https:\/\/foufou-champagne.com\/wp-content\/uploads\/2020\/12\/FOUFOU-VERA-OFFICE-NEW.jpg","width":1500,"height":1001,"caption":"FOUFOU Champagner Billecart Salmon hinter R\u00fccken"},{"@type":"BreadcrumbList","@id":"https:\/\/foufou-champagne.com\/de\/champagner\/gutscheinkarte\/#breadcrumb","itemListElement":[{"@type":"ListItem","position":1,"name":"Startseite","item":"https:\/\/foufou-champagne.com\/de\/"},{"@type":"ListItem","position":2,"name":"Shop","item":"https:\/\/foufou-champagne.com\/de\/shop\/"},{"@type":"ListItem","position":3,"name":"FOUFOU Geschenk-Gutscheine"}]},{"@type":"WebSite","@id":"https:\/\/foufou-champagne.com\/de\/#website","url":"https:\/\/foufou-champagne.com\/de\/","name":"foufou-champagne.com","description":"CHAMPAGNE BOUTIQUE","potentialAction":[{"@type":"SearchAction","target":{"@type":"EntryPoint","urlTemplate":"https:\/\/foufou-champagne.com\/de\/?s={search_term_string}"},"query-input":{"@type":"PropertyValueSpecification","valueRequired":true,"valueName":"search_term_string"}}],"inLanguage":"de"}]}},"_links":{"self":[{"href":"https:\/\/foufou-champagne.com\/de\/wp-json\/wp\/v2\/product\/5104","targetHints":{"allow":["GET"]}}],"collection":[{"href":"https:\/\/foufou-champagne.com\/de\/wp-json\/wp\/v2\/product"}],"about":[{"href":"https:\/\/foufou-champagne.com\/de\/wp-json\/wp\/v2\/types\/product"}],"replies":[{"embeddable":true,"href":"https:\/\/foufou-champagne.com\/de\/wp-json\/wp\/v2\/comments?post=5104"}],"wp:featuredmedia":[{"embeddable":true,"href":"https:\/\/foufou-champagne.com\/de\/wp-json\/wp\/v2\/media\/5111"}],"wp:attachment":[{"href":"https:\/\/foufou-champagne.com\/de\/wp-json\/wp\/v2\/media?parent=5104"}],"wp:term":[{"taxonomy":"product_brand","embeddable":true,"href":"https:\/\/foufou-champagne.com\/de\/wp-json\/wp\/v2\/product_brand?post=5104"},{"taxonomy":"product_cat","embeddable":true,"href":"https:\/\/foufou-champagne.com\/de\/wp-json\/wp\/v2\/product_cat?post=5104"},{"taxonomy":"product_tag","embeddable":true,"href":"https:\/\/foufou-champagne.com\/de\/wp-json\/wp\/v2\/product_tag?post=5104"}],"curies":[{"name":"wp","href":"https:\/\/api.w.org\/{rel}","templated":true}]}}