{"id":5543,"date":"2020-12-29T16:18:39","date_gmt":"2020-12-29T15:18:39","guid":{"rendered":"https:\/\/foufou-champagne.com\/?post_type=product&#038;p=5543"},"modified":"2026-03-12T08:46:40","modified_gmt":"2026-03-12T07:46:40","slug":"laurent-perrier-la-cuvee-brut-magnum","status":"publish","type":"product","link":"https:\/\/foufou-champagne.com\/de\/champagner\/laurent-perrier-la-cuvee-brut-magnum\/","title":{"rendered":"Laurent-Perrier La Cuv\u00e9e Brut Magnum 1,5l"},"content":{"rendered":"<h4>Der Champagner<\/h4>\n<p>La Cuv\u00e9e Brut ist ein sehr eleganter und frischer Champagner mit fruchtigen Noten. F\u00fcr festliche Anl\u00e4sse bestens geeignet. Das Cuv\u00e9e wird aus 55 verschiedenen Grundweinen hergestellt. Er besteht zu 45% aus Chardonnay, zu 40% aus Pinot Noir und zu 15% aus Pinot Meunier.<\/p>\n<p>Die fruchtige Cuv\u00e9e wird auf der Basis von \u00fcber 55 verschiedenen Grundweinen kreiert. Jede der verwendeten Weinsorten erhielt ausgezeichnete Bewertungen. 45% Chardonnay sowie 40% Pinot Noir und 15% Pinot Meunier bilden einen Spitzen-Champagner, der mit erstaunlich frischen Noten \u00fcberzeugt. Gr\u00fcner Apfel, Mispel und Quitte formen seinen Geschmack. Noten von ger\u00f6stetem Brot und Nuancen von Bl\u00fcten sorgen f\u00fcr seinen lebhaften Charakter. Das Finish ist langanhaltend und schmackhaft. Freuen Sie sich auf einen Champagner von einnehmender Eleganz.<\/p>\n<h4>Tasting Note<\/h4>\n<ul>\n<li>Im Glas: Ein helles blasses Gelb mit feiner Mousseaux.<\/li>\n<li>In der Nase: Zitrusfr\u00fcchte, Lindenbl\u00fcten und wei\u00dfer Pfirsich.<\/li>\n<li>Am Gaumen zeigt sich der Cuv\u00e9e Brut fruchtig und sehr geschmeidig mit einem langanhaltenden Abgang.<\/li>\n<\/ul>\n<h4>passt zu<\/h4>\n<ul>\n<li>Der Champagner eignet sich hervorragend als Aperitif.<\/li>\n<li>Dieser Champagner passt hervorragend zu Gerichten mit Kalbfleisch.<\/li>\n<li>Auch super in Kombination mit Meeresfr\u00fcchten oder als Begleiter zu Fisch.<\/li>\n<\/ul>\n<p>&nbsp;<\/p>\n<h4>Das Champagnerhaus Laurent-Perrier<\/h4>\n<p><strong>Frische, Finesse und Eleganz<\/strong><\/p>\n<p>Das Champagnerhaus wurde 1812 von Andr\u00e9 Michel Pierlot gegr\u00fcndet und trug den Namen Veuve Laurent-Perrier. 1939 wird das Weingut von Marie-Louise de Nonancourt erworben, deren Sohn Bernard 1948 das Weingut \u00fcbernimmt und zu dem formt, das es heute ist. Heutzutage ist <a href=\"https:\/\/foufou-champagne.com\/de\/produkt-kategorie\/Laurent-Perrier-champagner\/\">Laurent-Perrier<\/a> das f\u00fcnftgr\u00f6\u00dfte Champagnerhaus Frankreichs im Hinblick auf das Produktionsvolumen. Die Vision des Hauses ist Herstellung eines besonders frischen und eleganten Champagners, weshalb die Champagner alle \u00fcber einen sehr hohen Anteil an Chardonnay verf\u00fcgen. Das Haus hat sich dem nachhaltigen Anbau verschrieben und verwendet nur noch nicht-invasive Chemikalien auf den Weinreben.<\/p>\n","protected":false},"excerpt":{"rendered":"<p>Ein fruchtiger Champagner mit einem stimmigen Bouquet. Und das als Magnum.<\/p>\n","protected":false},"featured_media":9154,"comment_status":"open","ping_status":"closed","template":"","meta":{"_acf_changed":false,"_editorskit_title_hidden":false,"_editorskit_reading_time":0,"_editorskit_is_block_options_detached":false,"_editorskit_block_options_position":"{}","_coblocks_attr":"","_coblocks_dimensions":"","_coblocks_responsive_height":"","_coblocks_accordion_ie_support":""},"product_brand":[],"product_cat":[15,595,452],"product_tag":[175,514],"class_list":{"0":"post-5543","1":"product","2":"type-product","3":"status-publish","4":"has-post-thumbnail","6":"product_cat-champagner","7":"product_cat-champagner-magnum-flaschen","8":"product_cat-laurent-perrier-champagner","9":"product_tag-guter-essensbegleiter","10":"product_tag-magnum","11":"product_shipping_class-standard","13":"first","14":"outofstock","15":"taxable","16":"shipping-taxable","17":"purchasable","18":"product-type-composite"},"composite_virtual":false,"composite_layout":"single","composite_add_to_cart_form_location":"default","composite_editable_in_cart":false,"composite_sold_individually_context":"product","composite_shop_price_calc":"defaults","composite_components":[{"id":"1686166702","title":"Geschenkverpackung (optional)","description":"","query_type":"product_ids","query_ids":[13161],"default_option_id":"","thumbnail_id":"","thumbnail_src":"","quantity_min":1,"quantity_max":1,"priced_individually":true,"shipped_individually":false,"optional":true,"discount":"","options_style":"dropdowns","pagination_style":"classic","display_prices":"absolute","show_sorting_options":false,"show_filtering_options":false,"attribute_filter_ids":[],"select_action":"view","product_title_visible":false,"product_descr_visible":true,"product_price_visible":true,"product_thumb_visible":true,"subtotal_visible_product":false,"subtotal_visible_cart":false,"subtotal_visible_orders":false,"product_addons_visible":true},{"id":"1686166703","title":"Gru\u00dfkarte mit Mini-Bouquet (optional)","description":"","query_type":"category_ids","query_ids":[635],"default_option_id":"","thumbnail_id":"","thumbnail_src":"","quantity_min":1,"quantity_max":1,"priced_individually":true,"shipped_individually":false,"optional":true,"discount":"","options_style":"dropdowns","pagination_style":"classic","display_prices":"absolute","show_sorting_options":false,"show_filtering_options":false,"attribute_filter_ids":[],"select_action":"view","product_title_visible":false,"product_descr_visible":true,"product_price_visible":true,"product_thumb_visible":true,"subtotal_visible_product":false,"subtotal_visible_cart":false,"subtotal_visible_orders":false,"product_addons_visible":true}],"composite_scenarios":[],"exclude_global_add_ons":[],"addons":[],"acf":[],"yoast_head":"<!-- This site is optimized with the Yoast SEO plugin v26.8 - https:\/\/yoast.com\/product\/yoast-seo-wordpress\/ -->\n<title>Laurent-Perrier La Cuv\u00e9e Magnum | FOUFOU CHAMPAGNE BOUTIQUE<\/title>\n<meta name=\"description\" content=\"Der Laurent-Perrier La Cuv\u00e9e ist ein Champagner f\u00fcr festliche Anl\u00e4sse oder auch einfach als Aperitif. Lebhaft und fruchtig. Jetzt online kaufen!\" \/>\n<meta name=\"robots\" content=\"index, follow, max-snippet:-1, max-image-preview:large, max-video-preview:-1\" \/>\n<link rel=\"canonical\" href=\"https:\/\/foufou-champagne.com\/de\/champagner\/laurent-perrier-la-cuvee-brut-magnum\/\" \/>\n<meta property=\"og:locale\" content=\"de_DE\" \/>\n<meta property=\"og:type\" content=\"article\" \/>\n<meta property=\"og:title\" content=\"Laurent-Perrier La Cuv\u00e9e Magnum | FOUFOU CHAMPAGNE BOUTIQUE\" \/>\n<meta property=\"og:description\" content=\"Der Laurent-Perrier La Cuv\u00e9e ist ein Champagner f\u00fcr festliche Anl\u00e4sse oder auch einfach als Aperitif. Lebhaft und fruchtig. Jetzt online kaufen!\" \/>\n<meta property=\"og:url\" content=\"https:\/\/foufou-champagne.com\/de\/champagner\/laurent-perrier-la-cuvee-brut-magnum\/\" \/>\n<meta property=\"og:site_name\" content=\"foufou-champagne.com\" \/>\n<meta property=\"article:modified_time\" content=\"2026-03-12T07:46:40+00:00\" \/>\n<meta property=\"og:image\" content=\"https:\/\/foufou-champagne.com\/wp-content\/uploads\/2020\/12\/Champagne-laurent-perrier-la-cuvee-brut-magnum-FouFou-Champagne-Boutique.png\" \/>\n\t<meta property=\"og:image:width\" content=\"800\" \/>\n\t<meta property=\"og:image:height\" content=\"1000\" \/>\n\t<meta property=\"og:image:type\" content=\"image\/png\" \/>\n<meta name=\"twitter:card\" content=\"summary_large_image\" \/>\n<meta name=\"twitter:label1\" content=\"Gesch\u00e4tzte Lesezeit\" \/>\n\t<meta name=\"twitter:data1\" content=\"2\u00a0Minuten\" \/>\n<script type=\"application\/ld+json\" class=\"yoast-schema-graph\">{\"@context\":\"https:\/\/schema.org\",\"@graph\":[{\"@type\":\"WebPage\",\"@id\":\"https:\/\/foufou-champagne.com\/de\/champagner\/laurent-perrier-la-cuvee-brut-magnum\/\",\"url\":\"https:\/\/foufou-champagne.com\/de\/champagner\/laurent-perrier-la-cuvee-brut-magnum\/\",\"name\":\"Laurent-Perrier La Cuv\u00e9e Magnum | FOUFOU CHAMPAGNE BOUTIQUE\",\"isPartOf\":{\"@id\":\"https:\/\/foufou-champagne.com\/de\/#website\"},\"primaryImageOfPage\":{\"@id\":\"https:\/\/foufou-champagne.com\/de\/champagner\/laurent-perrier-la-cuvee-brut-magnum\/#primaryimage\"},\"image\":{\"@id\":\"https:\/\/foufou-champagne.com\/de\/champagner\/laurent-perrier-la-cuvee-brut-magnum\/#primaryimage\"},\"thumbnailUrl\":\"https:\/\/foufou-champagne.com\/wp-content\/uploads\/2020\/12\/Champagne-laurent-perrier-la-cuvee-brut-magnum-FouFou-Champagne-Boutique.png\",\"datePublished\":\"2020-12-29T15:18:39+00:00\",\"dateModified\":\"2026-03-12T07:46:40+00:00\",\"description\":\"Der Laurent-Perrier La Cuv\u00e9e ist ein Champagner f\u00fcr festliche Anl\u00e4sse oder auch einfach als Aperitif. Lebhaft und fruchtig. Jetzt online kaufen!\",\"breadcrumb\":{\"@id\":\"https:\/\/foufou-champagne.com\/de\/champagner\/laurent-perrier-la-cuvee-brut-magnum\/#breadcrumb\"},\"inLanguage\":\"de\",\"potentialAction\":[{\"@type\":\"ReadAction\",\"target\":[\"https:\/\/foufou-champagne.com\/de\/champagner\/laurent-perrier-la-cuvee-brut-magnum\/\"]}]},{\"@type\":\"ImageObject\",\"inLanguage\":\"de\",\"@id\":\"https:\/\/foufou-champagne.com\/de\/champagner\/laurent-perrier-la-cuvee-brut-magnum\/#primaryimage\",\"url\":\"https:\/\/foufou-champagne.com\/wp-content\/uploads\/2020\/12\/Champagne-laurent-perrier-la-cuvee-brut-magnum-FouFou-Champagne-Boutique.png\",\"contentUrl\":\"https:\/\/foufou-champagne.com\/wp-content\/uploads\/2020\/12\/Champagne-laurent-perrier-la-cuvee-brut-magnum-FouFou-Champagne-Boutique.png\",\"width\":800,\"height\":1000},{\"@type\":\"BreadcrumbList\",\"@id\":\"https:\/\/foufou-champagne.com\/de\/champagner\/laurent-perrier-la-cuvee-brut-magnum\/#breadcrumb\",\"itemListElement\":[{\"@type\":\"ListItem\",\"position\":1,\"name\":\"Startseite\",\"item\":\"https:\/\/foufou-champagne.com\/de\/\"},{\"@type\":\"ListItem\",\"position\":2,\"name\":\"Shop\",\"item\":\"https:\/\/foufou-champagne.com\/de\/shop\/\"},{\"@type\":\"ListItem\",\"position\":3,\"name\":\"Laurent-Perrier La Cuv\u00e9e Brut Magnum 1,5l\"}]},{\"@type\":\"WebSite\",\"@id\":\"https:\/\/foufou-champagne.com\/de\/#website\",\"url\":\"https:\/\/foufou-champagne.com\/de\/\",\"name\":\"foufou-champagne.com\",\"description\":\"CHAMPAGNE BOUTIQUE\",\"potentialAction\":[{\"@type\":\"SearchAction\",\"target\":{\"@type\":\"EntryPoint\",\"urlTemplate\":\"https:\/\/foufou-champagne.com\/de\/?s={search_term_string}\"},\"query-input\":{\"@type\":\"PropertyValueSpecification\",\"valueRequired\":true,\"valueName\":\"search_term_string\"}}],\"inLanguage\":\"de\"}]}<\/script>\n<!-- \/ Yoast SEO plugin. -->","yoast_head_json":{"title":"Laurent-Perrier La Cuv\u00e9e Magnum | FOUFOU CHAMPAGNE BOUTIQUE","description":"Der Laurent-Perrier La Cuv\u00e9e ist ein Champagner f\u00fcr festliche Anl\u00e4sse oder auch einfach als Aperitif. Lebhaft und fruchtig. Jetzt online kaufen!","robots":{"index":"index","follow":"follow","max-snippet":"max-snippet:-1","max-image-preview":"max-image-preview:large","max-video-preview":"max-video-preview:-1"},"canonical":"https:\/\/foufou-champagne.com\/de\/champagner\/laurent-perrier-la-cuvee-brut-magnum\/","og_locale":"de_DE","og_type":"article","og_title":"Laurent-Perrier La Cuv\u00e9e Magnum | FOUFOU CHAMPAGNE BOUTIQUE","og_description":"Der Laurent-Perrier La Cuv\u00e9e ist ein Champagner f\u00fcr festliche Anl\u00e4sse oder auch einfach als Aperitif. Lebhaft und fruchtig. Jetzt online kaufen!","og_url":"https:\/\/foufou-champagne.com\/de\/champagner\/laurent-perrier-la-cuvee-brut-magnum\/","og_site_name":"foufou-champagne.com","article_modified_time":"2026-03-12T07:46:40+00:00","og_image":[{"width":800,"height":1000,"url":"https:\/\/foufou-champagne.com\/wp-content\/uploads\/2020\/12\/Champagne-laurent-perrier-la-cuvee-brut-magnum-FouFou-Champagne-Boutique.png","type":"image\/png"}],"twitter_card":"summary_large_image","twitter_misc":{"Gesch\u00e4tzte Lesezeit":"2\u00a0Minuten"},"schema":{"@context":"https:\/\/schema.org","@graph":[{"@type":"WebPage","@id":"https:\/\/foufou-champagne.com\/de\/champagner\/laurent-perrier-la-cuvee-brut-magnum\/","url":"https:\/\/foufou-champagne.com\/de\/champagner\/laurent-perrier-la-cuvee-brut-magnum\/","name":"Laurent-Perrier La Cuv\u00e9e Magnum | FOUFOU CHAMPAGNE BOUTIQUE","isPartOf":{"@id":"https:\/\/foufou-champagne.com\/de\/#website"},"primaryImageOfPage":{"@id":"https:\/\/foufou-champagne.com\/de\/champagner\/laurent-perrier-la-cuvee-brut-magnum\/#primaryimage"},"image":{"@id":"https:\/\/foufou-champagne.com\/de\/champagner\/laurent-perrier-la-cuvee-brut-magnum\/#primaryimage"},"thumbnailUrl":"https:\/\/foufou-champagne.com\/wp-content\/uploads\/2020\/12\/Champagne-laurent-perrier-la-cuvee-brut-magnum-FouFou-Champagne-Boutique.png","datePublished":"2020-12-29T15:18:39+00:00","dateModified":"2026-03-12T07:46:40+00:00","description":"Der Laurent-Perrier La Cuv\u00e9e ist ein Champagner f\u00fcr festliche Anl\u00e4sse oder auch einfach als Aperitif. Lebhaft und fruchtig. Jetzt online kaufen!","breadcrumb":{"@id":"https:\/\/foufou-champagne.com\/de\/champagner\/laurent-perrier-la-cuvee-brut-magnum\/#breadcrumb"},"inLanguage":"de","potentialAction":[{"@type":"ReadAction","target":["https:\/\/foufou-champagne.com\/de\/champagner\/laurent-perrier-la-cuvee-brut-magnum\/"]}]},{"@type":"ImageObject","inLanguage":"de","@id":"https:\/\/foufou-champagne.com\/de\/champagner\/laurent-perrier-la-cuvee-brut-magnum\/#primaryimage","url":"https:\/\/foufou-champagne.com\/wp-content\/uploads\/2020\/12\/Champagne-laurent-perrier-la-cuvee-brut-magnum-FouFou-Champagne-Boutique.png","contentUrl":"https:\/\/foufou-champagne.com\/wp-content\/uploads\/2020\/12\/Champagne-laurent-perrier-la-cuvee-brut-magnum-FouFou-Champagne-Boutique.png","width":800,"height":1000},{"@type":"BreadcrumbList","@id":"https:\/\/foufou-champagne.com\/de\/champagner\/laurent-perrier-la-cuvee-brut-magnum\/#breadcrumb","itemListElement":[{"@type":"ListItem","position":1,"name":"Startseite","item":"https:\/\/foufou-champagne.com\/de\/"},{"@type":"ListItem","position":2,"name":"Shop","item":"https:\/\/foufou-champagne.com\/de\/shop\/"},{"@type":"ListItem","position":3,"name":"Laurent-Perrier La Cuv\u00e9e Brut Magnum 1,5l"}]},{"@type":"WebSite","@id":"https:\/\/foufou-champagne.com\/de\/#website","url":"https:\/\/foufou-champagne.com\/de\/","name":"foufou-champagne.com","description":"CHAMPAGNE BOUTIQUE","potentialAction":[{"@type":"SearchAction","target":{"@type":"EntryPoint","urlTemplate":"https:\/\/foufou-champagne.com\/de\/?s={search_term_string}"},"query-input":{"@type":"PropertyValueSpecification","valueRequired":true,"valueName":"search_term_string"}}],"inLanguage":"de"}]}},"_links":{"self":[{"href":"https:\/\/foufou-champagne.com\/de\/wp-json\/wp\/v2\/product\/5543","targetHints":{"allow":["GET"]}}],"collection":[{"href":"https:\/\/foufou-champagne.com\/de\/wp-json\/wp\/v2\/product"}],"about":[{"href":"https:\/\/foufou-champagne.com\/de\/wp-json\/wp\/v2\/types\/product"}],"replies":[{"embeddable":true,"href":"https:\/\/foufou-champagne.com\/de\/wp-json\/wp\/v2\/comments?post=5543"}],"wp:featuredmedia":[{"embeddable":true,"href":"https:\/\/foufou-champagne.com\/de\/wp-json\/wp\/v2\/media\/9154"}],"wp:attachment":[{"href":"https:\/\/foufou-champagne.com\/de\/wp-json\/wp\/v2\/media?parent=5543"}],"wp:term":[{"taxonomy":"product_brand","embeddable":true,"href":"https:\/\/foufou-champagne.com\/de\/wp-json\/wp\/v2\/product_brand?post=5543"},{"taxonomy":"product_cat","embeddable":true,"href":"https:\/\/foufou-champagne.com\/de\/wp-json\/wp\/v2\/product_cat?post=5543"},{"taxonomy":"product_tag","embeddable":true,"href":"https:\/\/foufou-champagne.com\/de\/wp-json\/wp\/v2\/product_tag?post=5543"}],"curies":[{"name":"wp","href":"https:\/\/api.w.org\/{rel}","templated":true}]}}