{"id":5550,"date":"2020-12-29T17:36:08","date_gmt":"2020-12-29T16:36:08","guid":{"rendered":"https:\/\/foufou-champagne.com\/?post_type=product&#038;p=5550"},"modified":"2024-12-13T16:18:40","modified_gmt":"2024-12-13T15:18:40","slug":"drappier-carte-dor-brut-demi-0375l","status":"publish","type":"product","link":"https:\/\/foufou-champagne.com\/de\/champagner\/drappier-carte-dor-brut-demi-0375l\/","title":{"rendered":"Drappier Carte D&#8217;Or Brut Demi 0,375l"},"content":{"rendered":"<h4>Der Champagner<\/h4>\n<p>Der Carte D&#8217;Or ist ein besonders aromatischer und reichhaltiger Champagner, was sich auf die 80% Pinot Noir in seiner Herstellung zur\u00fcckf\u00fchren l\u00e4sst. Er bekommt dadurch besonders viel Struktur und eine leicht beerige Note. Das macht ihm zum perfekten Repr\u00e4sentanten des Hauses <a href=\"https:\/\/foufou-champagne.com\/de\/produkt-kategorie\/drappier-champagner\/\" target=\"_blank\" rel=\"noopener\">Drappier<\/a>.\u00a0Eine geringe Dosage rundet ein wenig die nat\u00fcrliche Frische des Chardonnays ab und verl\u00e4ngert den Geschmack dieses Champagners.<\/p>\n<p>&nbsp;<\/p>\n<h4>Tasting Note<\/h4>\n<ul>\n<li>Im Glas: Ein warmes Goldgelb mit Kupfert\u00f6nen.<\/li>\n<li>In der Nase: Ein Bouquet aus wei\u00dfen Bl\u00fcten und reifem Pfirsich.<\/li>\n<li>Am Gaumen zeigt sich der Champagner reichhaltig und komplex mit einer leichten Sch\u00e4rfe und Aromen von hellen Weinbergpfirsichen.<\/li>\n<\/ul>\n<h4>passt zu<\/h4>\n<ul>\n<li>Der Champagner eignet sich hervorragend als Aperitif.<\/li>\n<li>Dieser Champagner passt au\u00dferdem zu Meeresfr\u00fcchten, Kaviar und ger\u00e4uchertem Lachs sowie Wildlachs.<\/li>\n<\/ul>\n<p>&nbsp;<\/p>\n<h4>Das Champagnerhaus Drappier<\/h4>\n<p><strong>Nat\u00fcrlichkeit und wenig Dosage<\/strong><\/p>\n<p>Das in Familienbesitz liegende Champagnerhaus Drappier kreiert seit 1808 elegante und fruchtbetonte Champagner. 53 Hektar umfasst das Anbaugebiet von Drappier in Urville, Cote des Bar. Weitere 40 Hektar liefern Lagen in Cramant und Chouilly. Michael Drappier setzt auf Prinzipien des nachhaltigen und naturnahen Weinbaus. Champagner mit wenig Dosage und ausdrucksstarke Cuv\u00e9es sind das Aush\u00e4ngeschild von Drappier.<\/p>\n","protected":false},"excerpt":{"rendered":"<p>Ein wahrer Repr\u00e4sentant des Hauses Drappier. Aromatisch und komplex. In kleiner, feiner 0,375l Flasche.<\/p>\n","protected":false},"featured_media":9222,"comment_status":"open","ping_status":"closed","template":"","meta":{"_acf_changed":false,"_editorskit_title_hidden":false,"_editorskit_reading_time":0,"_editorskit_is_block_options_detached":false,"_editorskit_block_options_position":"{}","_coblocks_attr":"","_coblocks_dimensions":"","_coblocks_responsive_height":"","_coblocks_accordion_ie_support":""},"product_brand":[],"product_cat":[15,442],"product_tag":[599,175],"class_list":{"0":"post-5550","1":"product","2":"type-product","3":"status-publish","4":"has-post-thumbnail","6":"product_cat-champagner","7":"product_cat-drappier-champagner","8":"product_tag-0-375-liter","9":"product_tag-guter-essensbegleiter","10":"product_shipping_class-standard","12":"first","13":"outofstock","14":"taxable","15":"shipping-taxable","16":"purchasable","17":"product-type-composite"},"composite_virtual":false,"composite_layout":"single","composite_add_to_cart_form_location":"default","composite_editable_in_cart":false,"composite_sold_individually_context":"product","composite_shop_price_calc":"defaults","composite_components":[{"id":"1686184738","title":"Gru\u00dfkarte mit Mini-Bouquet (optional)","description":"","query_type":"category_ids","query_ids":[635],"default_option_id":"","thumbnail_id":"","thumbnail_src":"","quantity_min":1,"quantity_max":1,"priced_individually":true,"shipped_individually":false,"optional":true,"discount":"","options_style":"dropdowns","pagination_style":"classic","display_prices":"absolute","show_sorting_options":false,"show_filtering_options":false,"attribute_filter_ids":[],"select_action":"view","product_title_visible":false,"product_descr_visible":true,"product_price_visible":true,"product_thumb_visible":true,"subtotal_visible_product":false,"subtotal_visible_cart":false,"subtotal_visible_orders":false,"product_addons_visible":true}],"composite_scenarios":[],"exclude_global_add_ons":[],"addons":[],"acf":[],"yoast_head":"<!-- This site is optimized with the Yoast SEO plugin v26.8 - https:\/\/yoast.com\/product\/yoast-seo-wordpress\/ -->\n<title>Drappier Carte D&#039;Or Brut Demi 0,375l | FOUFOU CHAMPAGNE<\/title>\n<meta name=\"description\" content=\"Der Champagner Drappier Carte D&#039;Or ist einer der wichtigsten Repr\u00e4sentanten des Hauses. Aromatisch und mit viel Struktur. Jetzt online kaufen!\" \/>\n<meta name=\"robots\" content=\"index, follow, max-snippet:-1, max-image-preview:large, max-video-preview:-1\" \/>\n<link rel=\"canonical\" href=\"https:\/\/foufou-champagne.com\/de\/champagner\/drappier-carte-dor-brut-demi-0375l\/\" \/>\n<meta property=\"og:locale\" content=\"de_DE\" \/>\n<meta property=\"og:type\" content=\"article\" \/>\n<meta property=\"og:title\" content=\"Drappier Carte D&#039;Or Brut Demi 0,375l | FOUFOU CHAMPAGNE\" \/>\n<meta property=\"og:description\" content=\"Der Champagner Drappier Carte D&#039;Or ist einer der wichtigsten Repr\u00e4sentanten des Hauses. Aromatisch und mit viel Struktur. Jetzt online kaufen!\" \/>\n<meta property=\"og:url\" content=\"https:\/\/foufou-champagne.com\/de\/champagner\/drappier-carte-dor-brut-demi-0375l\/\" \/>\n<meta property=\"og:site_name\" content=\"foufou-champagne.com\" \/>\n<meta property=\"article:modified_time\" content=\"2024-12-13T15:18:40+00:00\" \/>\n<meta property=\"og:image\" content=\"https:\/\/foufou-champagne.com\/wp-content\/uploads\/2020\/12\/Flaschen_0016s_0001_Champagne-FouFou-Champagne-Boutique-38.png\" \/>\n\t<meta property=\"og:image:width\" content=\"800\" \/>\n\t<meta property=\"og:image:height\" content=\"1000\" \/>\n\t<meta property=\"og:image:type\" content=\"image\/png\" \/>\n<meta name=\"twitter:card\" content=\"summary_large_image\" \/>\n<meta name=\"twitter:label1\" content=\"Gesch\u00e4tzte Lesezeit\" \/>\n\t<meta name=\"twitter:data1\" content=\"2\u00a0Minuten\" \/>\n<script type=\"application\/ld+json\" class=\"yoast-schema-graph\">{\"@context\":\"https:\/\/schema.org\",\"@graph\":[{\"@type\":\"WebPage\",\"@id\":\"https:\/\/foufou-champagne.com\/de\/champagner\/drappier-carte-dor-brut-demi-0375l\/\",\"url\":\"https:\/\/foufou-champagne.com\/de\/champagner\/drappier-carte-dor-brut-demi-0375l\/\",\"name\":\"Drappier Carte D'Or Brut Demi 0,375l | FOUFOU CHAMPAGNE\",\"isPartOf\":{\"@id\":\"https:\/\/foufou-champagne.com\/de\/#website\"},\"primaryImageOfPage\":{\"@id\":\"https:\/\/foufou-champagne.com\/de\/champagner\/drappier-carte-dor-brut-demi-0375l\/#primaryimage\"},\"image\":{\"@id\":\"https:\/\/foufou-champagne.com\/de\/champagner\/drappier-carte-dor-brut-demi-0375l\/#primaryimage\"},\"thumbnailUrl\":\"https:\/\/foufou-champagne.com\/wp-content\/uploads\/2020\/12\/Flaschen_0016s_0001_Champagne-FouFou-Champagne-Boutique-38.png\",\"datePublished\":\"2020-12-29T16:36:08+00:00\",\"dateModified\":\"2024-12-13T15:18:40+00:00\",\"description\":\"Der Champagner Drappier Carte D'Or ist einer der wichtigsten Repr\u00e4sentanten des Hauses. Aromatisch und mit viel Struktur. Jetzt online kaufen!\",\"breadcrumb\":{\"@id\":\"https:\/\/foufou-champagne.com\/de\/champagner\/drappier-carte-dor-brut-demi-0375l\/#breadcrumb\"},\"inLanguage\":\"de\",\"potentialAction\":[{\"@type\":\"ReadAction\",\"target\":[\"https:\/\/foufou-champagne.com\/de\/champagner\/drappier-carte-dor-brut-demi-0375l\/\"]}]},{\"@type\":\"ImageObject\",\"inLanguage\":\"de\",\"@id\":\"https:\/\/foufou-champagne.com\/de\/champagner\/drappier-carte-dor-brut-demi-0375l\/#primaryimage\",\"url\":\"https:\/\/foufou-champagne.com\/wp-content\/uploads\/2020\/12\/Flaschen_0016s_0001_Champagne-FouFou-Champagne-Boutique-38.png\",\"contentUrl\":\"https:\/\/foufou-champagne.com\/wp-content\/uploads\/2020\/12\/Flaschen_0016s_0001_Champagne-FouFou-Champagne-Boutique-38.png\",\"width\":800,\"height\":1000},{\"@type\":\"BreadcrumbList\",\"@id\":\"https:\/\/foufou-champagne.com\/de\/champagner\/drappier-carte-dor-brut-demi-0375l\/#breadcrumb\",\"itemListElement\":[{\"@type\":\"ListItem\",\"position\":1,\"name\":\"Startseite\",\"item\":\"https:\/\/foufou-champagne.com\/de\/\"},{\"@type\":\"ListItem\",\"position\":2,\"name\":\"Shop\",\"item\":\"https:\/\/foufou-champagne.com\/de\/shop\/\"},{\"@type\":\"ListItem\",\"position\":3,\"name\":\"Drappier Carte D&#8217;Or Brut Demi 0,375l\"}]},{\"@type\":\"WebSite\",\"@id\":\"https:\/\/foufou-champagne.com\/de\/#website\",\"url\":\"https:\/\/foufou-champagne.com\/de\/\",\"name\":\"foufou-champagne.com\",\"description\":\"CHAMPAGNE BOUTIQUE\",\"potentialAction\":[{\"@type\":\"SearchAction\",\"target\":{\"@type\":\"EntryPoint\",\"urlTemplate\":\"https:\/\/foufou-champagne.com\/de\/?s={search_term_string}\"},\"query-input\":{\"@type\":\"PropertyValueSpecification\",\"valueRequired\":true,\"valueName\":\"search_term_string\"}}],\"inLanguage\":\"de\"}]}<\/script>\n<!-- \/ Yoast SEO plugin. -->","yoast_head_json":{"title":"Drappier Carte D'Or Brut Demi 0,375l | FOUFOU CHAMPAGNE","description":"Der Champagner Drappier Carte D'Or ist einer der wichtigsten Repr\u00e4sentanten des Hauses. Aromatisch und mit viel Struktur. Jetzt online kaufen!","robots":{"index":"index","follow":"follow","max-snippet":"max-snippet:-1","max-image-preview":"max-image-preview:large","max-video-preview":"max-video-preview:-1"},"canonical":"https:\/\/foufou-champagne.com\/de\/champagner\/drappier-carte-dor-brut-demi-0375l\/","og_locale":"de_DE","og_type":"article","og_title":"Drappier Carte D'Or Brut Demi 0,375l | FOUFOU CHAMPAGNE","og_description":"Der Champagner Drappier Carte D'Or ist einer der wichtigsten Repr\u00e4sentanten des Hauses. Aromatisch und mit viel Struktur. Jetzt online kaufen!","og_url":"https:\/\/foufou-champagne.com\/de\/champagner\/drappier-carte-dor-brut-demi-0375l\/","og_site_name":"foufou-champagne.com","article_modified_time":"2024-12-13T15:18:40+00:00","og_image":[{"width":800,"height":1000,"url":"https:\/\/foufou-champagne.com\/wp-content\/uploads\/2020\/12\/Flaschen_0016s_0001_Champagne-FouFou-Champagne-Boutique-38.png","type":"image\/png"}],"twitter_card":"summary_large_image","twitter_misc":{"Gesch\u00e4tzte Lesezeit":"2\u00a0Minuten"},"schema":{"@context":"https:\/\/schema.org","@graph":[{"@type":"WebPage","@id":"https:\/\/foufou-champagne.com\/de\/champagner\/drappier-carte-dor-brut-demi-0375l\/","url":"https:\/\/foufou-champagne.com\/de\/champagner\/drappier-carte-dor-brut-demi-0375l\/","name":"Drappier Carte D'Or Brut Demi 0,375l | FOUFOU CHAMPAGNE","isPartOf":{"@id":"https:\/\/foufou-champagne.com\/de\/#website"},"primaryImageOfPage":{"@id":"https:\/\/foufou-champagne.com\/de\/champagner\/drappier-carte-dor-brut-demi-0375l\/#primaryimage"},"image":{"@id":"https:\/\/foufou-champagne.com\/de\/champagner\/drappier-carte-dor-brut-demi-0375l\/#primaryimage"},"thumbnailUrl":"https:\/\/foufou-champagne.com\/wp-content\/uploads\/2020\/12\/Flaschen_0016s_0001_Champagne-FouFou-Champagne-Boutique-38.png","datePublished":"2020-12-29T16:36:08+00:00","dateModified":"2024-12-13T15:18:40+00:00","description":"Der Champagner Drappier Carte D'Or ist einer der wichtigsten Repr\u00e4sentanten des Hauses. Aromatisch und mit viel Struktur. Jetzt online kaufen!","breadcrumb":{"@id":"https:\/\/foufou-champagne.com\/de\/champagner\/drappier-carte-dor-brut-demi-0375l\/#breadcrumb"},"inLanguage":"de","potentialAction":[{"@type":"ReadAction","target":["https:\/\/foufou-champagne.com\/de\/champagner\/drappier-carte-dor-brut-demi-0375l\/"]}]},{"@type":"ImageObject","inLanguage":"de","@id":"https:\/\/foufou-champagne.com\/de\/champagner\/drappier-carte-dor-brut-demi-0375l\/#primaryimage","url":"https:\/\/foufou-champagne.com\/wp-content\/uploads\/2020\/12\/Flaschen_0016s_0001_Champagne-FouFou-Champagne-Boutique-38.png","contentUrl":"https:\/\/foufou-champagne.com\/wp-content\/uploads\/2020\/12\/Flaschen_0016s_0001_Champagne-FouFou-Champagne-Boutique-38.png","width":800,"height":1000},{"@type":"BreadcrumbList","@id":"https:\/\/foufou-champagne.com\/de\/champagner\/drappier-carte-dor-brut-demi-0375l\/#breadcrumb","itemListElement":[{"@type":"ListItem","position":1,"name":"Startseite","item":"https:\/\/foufou-champagne.com\/de\/"},{"@type":"ListItem","position":2,"name":"Shop","item":"https:\/\/foufou-champagne.com\/de\/shop\/"},{"@type":"ListItem","position":3,"name":"Drappier Carte D&#8217;Or Brut Demi 0,375l"}]},{"@type":"WebSite","@id":"https:\/\/foufou-champagne.com\/de\/#website","url":"https:\/\/foufou-champagne.com\/de\/","name":"foufou-champagne.com","description":"CHAMPAGNE BOUTIQUE","potentialAction":[{"@type":"SearchAction","target":{"@type":"EntryPoint","urlTemplate":"https:\/\/foufou-champagne.com\/de\/?s={search_term_string}"},"query-input":{"@type":"PropertyValueSpecification","valueRequired":true,"valueName":"search_term_string"}}],"inLanguage":"de"}]}},"_links":{"self":[{"href":"https:\/\/foufou-champagne.com\/de\/wp-json\/wp\/v2\/product\/5550","targetHints":{"allow":["GET"]}}],"collection":[{"href":"https:\/\/foufou-champagne.com\/de\/wp-json\/wp\/v2\/product"}],"about":[{"href":"https:\/\/foufou-champagne.com\/de\/wp-json\/wp\/v2\/types\/product"}],"replies":[{"embeddable":true,"href":"https:\/\/foufou-champagne.com\/de\/wp-json\/wp\/v2\/comments?post=5550"}],"wp:featuredmedia":[{"embeddable":true,"href":"https:\/\/foufou-champagne.com\/de\/wp-json\/wp\/v2\/media\/9222"}],"wp:attachment":[{"href":"https:\/\/foufou-champagne.com\/de\/wp-json\/wp\/v2\/media?parent=5550"}],"wp:term":[{"taxonomy":"product_brand","embeddable":true,"href":"https:\/\/foufou-champagne.com\/de\/wp-json\/wp\/v2\/product_brand?post=5550"},{"taxonomy":"product_cat","embeddable":true,"href":"https:\/\/foufou-champagne.com\/de\/wp-json\/wp\/v2\/product_cat?post=5550"},{"taxonomy":"product_tag","embeddable":true,"href":"https:\/\/foufou-champagne.com\/de\/wp-json\/wp\/v2\/product_tag?post=5550"}],"curies":[{"name":"wp","href":"https:\/\/api.w.org\/{rel}","templated":true}]}}