{"id":6086,"date":"2024-11-04T16:51:33","date_gmt":"2024-11-04T15:51:33","guid":{"rendered":"https:\/\/foufou-champagne.com\/?post_type=product&#038;p=6086"},"modified":"2026-01-04T12:07:26","modified_gmt":"2026-01-04T11:07:26","slug":"tarlant-rose-zero-brut-nature","status":"publish","type":"product","link":"https:\/\/foufou-champagne.com\/de\/champagner\/tarlant-rose-zero-brut-nature\/","title":{"rendered":"Tarlant Ros\u00e9 Zero Brut Nature"},"content":{"rendered":"<h4>Der Champagner<\/h4>\n<p><strong>Jeder Schluck macht Lust auf den n\u00e4chsten!<\/strong><\/p>\n<p>Ein explosiver und komplexer Ros\u00e9-Champagner mit nat\u00fcrlichen Aromen nach roten Fr\u00fcchten und Gew\u00fcrzen und einer unwiderstehlichen Mineralit\u00e4t.<\/p>\n<p>Bei diesem Champagner ohne Dosage wurden alle drei Rebsorten ausgewogen miteinander vereint. Die Trauben von 40 Jahre alten Reben wurden im perfekten Reifezustand gelesen. Langsame Pressung, spontane Fermentierung, keine Filtrierung. Die Basisweine dieses Cuv\u00e9es sind aus dem Jahr 2013, biodynamisch und in Eichef\u00e4ssern ausgebaut. Die Champagner lagern fast 5 Jahre in der Flasche, bevor sie, wie der Name es sagt, ohne (Zero) Dosage degorgiert werden.<\/p>\n<p>Der Ros\u00e9 Zero Brut Nature ist ein kraftvoller, konzentrierter Ros\u00e9-Champagner mit sehr nat\u00fcrlichen fruchtig-w\u00fcrzigen Aromen und einem schimmernden Abgang. Mineralisch &amp; pur. Ein absoluter Knaller.<\/p>\n<h4>Tasting Note<\/h4>\n<ul>\n<li>Im Glas kr\u00e4ftig lachsfarben mit lebhafter Perlage.<\/li>\n<li>In der Nase w\u00fcrzig, mineralisch. Nat\u00fcrliche D\u00fcfte nach roten Fr\u00fcchten, Vanille und Pfeffer<\/li>\n<li>Vollmundig am Gaumen mit saftig, reifen roten Fr\u00fcchten gepaart mit r\u00f6stigen als auch erdig, mineralischen Aromen.<\/li>\n<\/ul>\n<h4>Passt zu<\/h4>\n<ul>\n<li>Perfekter Apertif, auch in Kombination mit nicht allzu kr\u00e4ftigen K\u00e4sesorten.<\/li>\n<li>Super Begleiter zu Lachs.<\/li>\n<li>Wir fanden den Tarlant Ros\u00e9 Zero auch super zur vegetarischen Pizza \ud83d\ude42<\/li>\n<\/ul>\n<h4>Das Champagnerhaus Tarlant<\/h4>\n<div class=\"row row--collapse align-left\">\n<div class=\"col col-sm-12 col-xlg-12\">\n<div class=\"cmsPlainText\">\n<div class=\"row\">\n<div class=\"col col-sm-12\">\n<div class=\"cmsPlainText__content\">\n<div class=\"cmsPlainText__split cmsPlainText__split--1\">\n<p>Die Winzerfamilie <a href=\"https:\/\/foufou-champagne.com\/de\/tarlant\/\">Tarlant<\/a> ist eine der Gro\u00dfen auf ihrem Gebiet. Die Geschwister Benoit und Melanie Tarlant leiten das Haus jetzt schon in der 12. Generation. Jede der \u00fcber 40 einzelnen Weinbergs-Parzellen wird minuti\u00f6s und hingebungsvoll bearbeitet und einzeln gepresst. Alles geschieht rein biodynamisch und in aufwendiger Handarbeit. Die Tarlant Champagner reifen im Schnitt f\u00fcnf Jahre auf der Hefe, die Champagner der gro\u00dfen Lagen bis zu 16 Jahren. Um die Urspr\u00fcnglichkeit der Champagner aufrecht zu erhalten, wird nur eine Dosage von 0-0,6g\/l verwendet.<\/p>\n<\/div>\n<\/div>\n<\/div>\n<\/div>\n<\/div>\n<\/div>\n<\/div>\n","protected":false},"excerpt":{"rendered":"<p>Der Knaller! Wir sind ihm erlegen. Lebendig, animierend und unglaublich kraftvoll. Ein MUSS f\u00fcr alle Ros\u00e9-Fans.<\/p>\n","protected":false},"featured_media":9174,"comment_status":"open","ping_status":"closed","template":"","meta":{"_acf_changed":false,"_editorskit_title_hidden":false,"_editorskit_reading_time":0,"_editorskit_is_block_options_detached":false,"_editorskit_block_options_position":"{}","_coblocks_attr":"","_coblocks_dimensions":"","_coblocks_responsive_height":"","_coblocks_accordion_ie_support":""},"product_brand":[],"product_cat":[15,66,512,460,154],"product_tag":[167,642,91,210,169],"class_list":{"0":"post-6086","1":"product","2":"type-product","3":"status-publish","4":"has-post-thumbnail","6":"product_cat-champagner","7":"product_cat-bio-champagner","8":"product_cat-rose-champagner","9":"product_cat-tarlant-champagner","10":"product_cat-winzerchampagner","11":"product_tag-bio-champagner","12":"product_tag-brut-nature","13":"product_tag-rose-champagner","14":"product_tag-winzerchampagner","15":"product_tag-zero-dosage","16":"product_shipping_class-standard","17":"pa_kategorie-bio-champagner","18":"pa_kategorie-rose-champagner","19":"pa_kategorie-winzer-champagner","21":"first","22":"instock","23":"taxable","24":"shipping-taxable","25":"purchasable","26":"product-type-composite"},"composite_virtual":false,"composite_layout":"single","composite_add_to_cart_form_location":"default","composite_editable_in_cart":false,"composite_sold_individually_context":"product","composite_shop_price_calc":"defaults","composite_components":[{"id":"1686187512","title":"Geschenkverpackung (optional)","description":"","query_type":"product_ids","query_ids":[13154],"default_option_id":"","thumbnail_id":"","thumbnail_src":"","quantity_min":1,"quantity_max":1,"priced_individually":true,"shipped_individually":false,"optional":true,"discount":"","options_style":"dropdowns","pagination_style":"classic","display_prices":"absolute","show_sorting_options":false,"show_filtering_options":false,"attribute_filter_ids":[],"select_action":"view","product_title_visible":false,"product_descr_visible":true,"product_price_visible":true,"product_thumb_visible":true,"subtotal_visible_product":false,"subtotal_visible_cart":false,"subtotal_visible_orders":false,"product_addons_visible":true},{"id":"1686187513","title":"Gru\u00dfkarte mit Mini-Bouquet (optional)","description":"","query_type":"category_ids","query_ids":[635],"default_option_id":"","thumbnail_id":"","thumbnail_src":"","quantity_min":1,"quantity_max":1,"priced_individually":true,"shipped_individually":false,"optional":true,"discount":"","options_style":"dropdowns","pagination_style":"classic","display_prices":"absolute","show_sorting_options":false,"show_filtering_options":false,"attribute_filter_ids":[],"select_action":"view","product_title_visible":false,"product_descr_visible":true,"product_price_visible":true,"product_thumb_visible":true,"subtotal_visible_product":false,"subtotal_visible_cart":false,"subtotal_visible_orders":false,"product_addons_visible":true}],"composite_scenarios":[],"exclude_global_add_ons":[],"addons":[],"acf":[],"yoast_head":"<!-- This site is optimized with the Yoast SEO plugin v26.8 - https:\/\/yoast.com\/product\/yoast-seo-wordpress\/ -->\n<title>Tarlant Ros\u00e9 Brut online kaufen | FOUFOU CHAMPAGNE BOUTIQUE<\/title>\n<meta name=\"description\" content=\"Dieser Ros\u00e9-Champagner ist irre fruchtig und elegant. Vollgepackt von Aromen wie Erdbeere, Himbeere, Cranberry, Pomelo und\u00a0 Brioche. Wir sind verliebt! Du auch?\u00a0\" \/>\n<meta name=\"robots\" content=\"index, follow, max-snippet:-1, max-image-preview:large, max-video-preview:-1\" \/>\n<link rel=\"canonical\" href=\"https:\/\/foufou-champagne.com\/de\/champagner\/tarlant-rose-zero-brut-nature\/\" \/>\n<meta property=\"og:locale\" content=\"de_DE\" \/>\n<meta property=\"og:type\" content=\"article\" \/>\n<meta property=\"og:title\" content=\"Tarlant Ros\u00e9 Brut online kaufen | FOUFOU CHAMPAGNE BOUTIQUE\" \/>\n<meta property=\"og:description\" content=\"Dieser Ros\u00e9-Champagner ist irre fruchtig und elegant. Vollgepackt von Aromen wie Erdbeere, Himbeere, Cranberry, Pomelo und\u00a0 Brioche. Wir sind verliebt! Du auch?\u00a0\" \/>\n<meta property=\"og:url\" content=\"https:\/\/foufou-champagne.com\/de\/champagner\/tarlant-rose-zero-brut-nature\/\" \/>\n<meta property=\"og:site_name\" content=\"foufou-champagne.com\" \/>\n<meta property=\"article:modified_time\" content=\"2026-01-04T11:07:26+00:00\" \/>\n<meta property=\"og:image\" content=\"https:\/\/foufou-champagne.com\/wp-content\/uploads\/2021\/02\/Champagne-tarlant-rose-zero-brut-nature-FouFou-Champagne-Boutique.png\" \/>\n\t<meta property=\"og:image:width\" content=\"800\" \/>\n\t<meta property=\"og:image:height\" content=\"1000\" \/>\n\t<meta property=\"og:image:type\" content=\"image\/png\" \/>\n<meta name=\"twitter:card\" content=\"summary_large_image\" \/>\n<meta name=\"twitter:label1\" content=\"Gesch\u00e4tzte Lesezeit\" \/>\n\t<meta name=\"twitter:data1\" content=\"2\u00a0Minuten\" \/>\n<script type=\"application\/ld+json\" class=\"yoast-schema-graph\">{\"@context\":\"https:\/\/schema.org\",\"@graph\":[{\"@type\":\"WebPage\",\"@id\":\"https:\/\/foufou-champagne.com\/de\/champagner\/tarlant-rose-zero-brut-nature\/\",\"url\":\"https:\/\/foufou-champagne.com\/de\/champagner\/tarlant-rose-zero-brut-nature\/\",\"name\":\"Tarlant Ros\u00e9 Brut online kaufen | FOUFOU CHAMPAGNE BOUTIQUE\",\"isPartOf\":{\"@id\":\"https:\/\/foufou-champagne.com\/de\/#website\"},\"primaryImageOfPage\":{\"@id\":\"https:\/\/foufou-champagne.com\/de\/champagner\/tarlant-rose-zero-brut-nature\/#primaryimage\"},\"image\":{\"@id\":\"https:\/\/foufou-champagne.com\/de\/champagner\/tarlant-rose-zero-brut-nature\/#primaryimage\"},\"thumbnailUrl\":\"https:\/\/foufou-champagne.com\/wp-content\/uploads\/2021\/02\/Champagne-tarlant-rose-zero-brut-nature-FouFou-Champagne-Boutique.png\",\"datePublished\":\"2024-11-04T15:51:33+00:00\",\"dateModified\":\"2026-01-04T11:07:26+00:00\",\"description\":\"Dieser Ros\u00e9-Champagner ist irre fruchtig und elegant. Vollgepackt von Aromen wie Erdbeere, Himbeere, Cranberry, Pomelo und\u00a0 Brioche. Wir sind verliebt! Du auch?\u00a0\",\"breadcrumb\":{\"@id\":\"https:\/\/foufou-champagne.com\/de\/champagner\/tarlant-rose-zero-brut-nature\/#breadcrumb\"},\"inLanguage\":\"de\",\"potentialAction\":[{\"@type\":\"ReadAction\",\"target\":[\"https:\/\/foufou-champagne.com\/de\/champagner\/tarlant-rose-zero-brut-nature\/\"]}]},{\"@type\":\"ImageObject\",\"inLanguage\":\"de\",\"@id\":\"https:\/\/foufou-champagne.com\/de\/champagner\/tarlant-rose-zero-brut-nature\/#primaryimage\",\"url\":\"https:\/\/foufou-champagne.com\/wp-content\/uploads\/2021\/02\/Champagne-tarlant-rose-zero-brut-nature-FouFou-Champagne-Boutique.png\",\"contentUrl\":\"https:\/\/foufou-champagne.com\/wp-content\/uploads\/2021\/02\/Champagne-tarlant-rose-zero-brut-nature-FouFou-Champagne-Boutique.png\",\"width\":800,\"height\":1000},{\"@type\":\"BreadcrumbList\",\"@id\":\"https:\/\/foufou-champagne.com\/de\/champagner\/tarlant-rose-zero-brut-nature\/#breadcrumb\",\"itemListElement\":[{\"@type\":\"ListItem\",\"position\":1,\"name\":\"Startseite\",\"item\":\"https:\/\/foufou-champagne.com\/de\/\"},{\"@type\":\"ListItem\",\"position\":2,\"name\":\"Shop\",\"item\":\"https:\/\/foufou-champagne.com\/de\/shop\/\"},{\"@type\":\"ListItem\",\"position\":3,\"name\":\"Tarlant Ros\u00e9 Zero Brut Nature\"}]},{\"@type\":\"WebSite\",\"@id\":\"https:\/\/foufou-champagne.com\/de\/#website\",\"url\":\"https:\/\/foufou-champagne.com\/de\/\",\"name\":\"foufou-champagne.com\",\"description\":\"CHAMPAGNE BOUTIQUE\",\"potentialAction\":[{\"@type\":\"SearchAction\",\"target\":{\"@type\":\"EntryPoint\",\"urlTemplate\":\"https:\/\/foufou-champagne.com\/de\/?s={search_term_string}\"},\"query-input\":{\"@type\":\"PropertyValueSpecification\",\"valueRequired\":true,\"valueName\":\"search_term_string\"}}],\"inLanguage\":\"de\"}]}<\/script>\n<!-- \/ Yoast SEO plugin. -->","yoast_head_json":{"title":"Tarlant Ros\u00e9 Brut online kaufen | FOUFOU CHAMPAGNE BOUTIQUE","description":"Dieser Ros\u00e9-Champagner ist irre fruchtig und elegant. Vollgepackt von Aromen wie Erdbeere, Himbeere, Cranberry, Pomelo und\u00a0 Brioche. Wir sind verliebt! Du auch?\u00a0","robots":{"index":"index","follow":"follow","max-snippet":"max-snippet:-1","max-image-preview":"max-image-preview:large","max-video-preview":"max-video-preview:-1"},"canonical":"https:\/\/foufou-champagne.com\/de\/champagner\/tarlant-rose-zero-brut-nature\/","og_locale":"de_DE","og_type":"article","og_title":"Tarlant Ros\u00e9 Brut online kaufen | FOUFOU CHAMPAGNE BOUTIQUE","og_description":"Dieser Ros\u00e9-Champagner ist irre fruchtig und elegant. Vollgepackt von Aromen wie Erdbeere, Himbeere, Cranberry, Pomelo und\u00a0 Brioche. Wir sind verliebt! Du auch?\u00a0","og_url":"https:\/\/foufou-champagne.com\/de\/champagner\/tarlant-rose-zero-brut-nature\/","og_site_name":"foufou-champagne.com","article_modified_time":"2026-01-04T11:07:26+00:00","og_image":[{"width":800,"height":1000,"url":"https:\/\/foufou-champagne.com\/wp-content\/uploads\/2021\/02\/Champagne-tarlant-rose-zero-brut-nature-FouFou-Champagne-Boutique.png","type":"image\/png"}],"twitter_card":"summary_large_image","twitter_misc":{"Gesch\u00e4tzte Lesezeit":"2\u00a0Minuten"},"schema":{"@context":"https:\/\/schema.org","@graph":[{"@type":"WebPage","@id":"https:\/\/foufou-champagne.com\/de\/champagner\/tarlant-rose-zero-brut-nature\/","url":"https:\/\/foufou-champagne.com\/de\/champagner\/tarlant-rose-zero-brut-nature\/","name":"Tarlant Ros\u00e9 Brut online kaufen | FOUFOU CHAMPAGNE BOUTIQUE","isPartOf":{"@id":"https:\/\/foufou-champagne.com\/de\/#website"},"primaryImageOfPage":{"@id":"https:\/\/foufou-champagne.com\/de\/champagner\/tarlant-rose-zero-brut-nature\/#primaryimage"},"image":{"@id":"https:\/\/foufou-champagne.com\/de\/champagner\/tarlant-rose-zero-brut-nature\/#primaryimage"},"thumbnailUrl":"https:\/\/foufou-champagne.com\/wp-content\/uploads\/2021\/02\/Champagne-tarlant-rose-zero-brut-nature-FouFou-Champagne-Boutique.png","datePublished":"2024-11-04T15:51:33+00:00","dateModified":"2026-01-04T11:07:26+00:00","description":"Dieser Ros\u00e9-Champagner ist irre fruchtig und elegant. Vollgepackt von Aromen wie Erdbeere, Himbeere, Cranberry, Pomelo und\u00a0 Brioche. Wir sind verliebt! Du auch?\u00a0","breadcrumb":{"@id":"https:\/\/foufou-champagne.com\/de\/champagner\/tarlant-rose-zero-brut-nature\/#breadcrumb"},"inLanguage":"de","potentialAction":[{"@type":"ReadAction","target":["https:\/\/foufou-champagne.com\/de\/champagner\/tarlant-rose-zero-brut-nature\/"]}]},{"@type":"ImageObject","inLanguage":"de","@id":"https:\/\/foufou-champagne.com\/de\/champagner\/tarlant-rose-zero-brut-nature\/#primaryimage","url":"https:\/\/foufou-champagne.com\/wp-content\/uploads\/2021\/02\/Champagne-tarlant-rose-zero-brut-nature-FouFou-Champagne-Boutique.png","contentUrl":"https:\/\/foufou-champagne.com\/wp-content\/uploads\/2021\/02\/Champagne-tarlant-rose-zero-brut-nature-FouFou-Champagne-Boutique.png","width":800,"height":1000},{"@type":"BreadcrumbList","@id":"https:\/\/foufou-champagne.com\/de\/champagner\/tarlant-rose-zero-brut-nature\/#breadcrumb","itemListElement":[{"@type":"ListItem","position":1,"name":"Startseite","item":"https:\/\/foufou-champagne.com\/de\/"},{"@type":"ListItem","position":2,"name":"Shop","item":"https:\/\/foufou-champagne.com\/de\/shop\/"},{"@type":"ListItem","position":3,"name":"Tarlant Ros\u00e9 Zero Brut Nature"}]},{"@type":"WebSite","@id":"https:\/\/foufou-champagne.com\/de\/#website","url":"https:\/\/foufou-champagne.com\/de\/","name":"foufou-champagne.com","description":"CHAMPAGNE BOUTIQUE","potentialAction":[{"@type":"SearchAction","target":{"@type":"EntryPoint","urlTemplate":"https:\/\/foufou-champagne.com\/de\/?s={search_term_string}"},"query-input":{"@type":"PropertyValueSpecification","valueRequired":true,"valueName":"search_term_string"}}],"inLanguage":"de"}]}},"_links":{"self":[{"href":"https:\/\/foufou-champagne.com\/de\/wp-json\/wp\/v2\/product\/6086","targetHints":{"allow":["GET"]}}],"collection":[{"href":"https:\/\/foufou-champagne.com\/de\/wp-json\/wp\/v2\/product"}],"about":[{"href":"https:\/\/foufou-champagne.com\/de\/wp-json\/wp\/v2\/types\/product"}],"replies":[{"embeddable":true,"href":"https:\/\/foufou-champagne.com\/de\/wp-json\/wp\/v2\/comments?post=6086"}],"wp:featuredmedia":[{"embeddable":true,"href":"https:\/\/foufou-champagne.com\/de\/wp-json\/wp\/v2\/media\/9174"}],"wp:attachment":[{"href":"https:\/\/foufou-champagne.com\/de\/wp-json\/wp\/v2\/media?parent=6086"}],"wp:term":[{"taxonomy":"product_brand","embeddable":true,"href":"https:\/\/foufou-champagne.com\/de\/wp-json\/wp\/v2\/product_brand?post=6086"},{"taxonomy":"product_cat","embeddable":true,"href":"https:\/\/foufou-champagne.com\/de\/wp-json\/wp\/v2\/product_cat?post=6086"},{"taxonomy":"product_tag","embeddable":true,"href":"https:\/\/foufou-champagne.com\/de\/wp-json\/wp\/v2\/product_tag?post=6086"}],"curies":[{"name":"wp","href":"https:\/\/api.w.org\/{rel}","templated":true}]}}