{"id":6632,"date":"2021-08-06T18:24:32","date_gmt":"2021-08-06T16:24:32","guid":{"rendered":"https:\/\/foufou-champagne.com\/?post_type=product&#038;p=6632"},"modified":"2026-03-15T22:42:38","modified_gmt":"2026-03-15T21:42:38","slug":"jeaunaux-robin-eclats-de-meuliere-rose-edition-speciale-extra-brut","status":"publish","type":"product","link":"https:\/\/foufou-champagne.com\/de\/champagner\/jeaunaux-robin-eclats-de-meuliere-rose-edition-speciale-extra-brut\/","title":{"rendered":"Jeaunaux-Robin \u00c9clats de Meuli\u00e8re Ros\u00e9 \u00c9dition Speciale Extra Brut"},"content":{"rendered":"<h4>Der Champagner<\/h4>\n<p>Diese Sonderedition von<a href=\"https:\/\/foufou-champagne.com\/de\/produkt-kategorie\/Jeaunaux-Robin-champagner\/\"> Jeaunaux Robin<\/a> besteht aus 60 % Meunier, 30 % Pinot Noir und 10 % Chardonnay inklusive 15 % rotem Pinot Meunier C\u00f4teau Champenois, aus den Jahrg\u00e4ngen 2016 und 2017. Im Boden des \u00d6rtchens Vall\u00e9e du Petit Morin findet sich Mergel, Kreide und der typische M\u00fchlsteinkalk. Der Ausbau erfolgte zu 75% im Edelstahl und zu 15% in Holzf\u00e4ssern. Die Dosage ist mit 4,5% etwas h\u00f6her, harmoniert aber wunderbar mit der pikanten S\u00e4ure des Champagners.<\/p>\n<p>Die angenehme S\u00e4ure gepaart mit den fruchtigen Aromen machen ihn zu einem perfekten Begleiter f\u00fcr laue Sommerabende. Auch empfehlenswert als Aperitif oder zu leichteren Speisen.<br \/>\nDurch das sch\u00f6ne Etikett &#8211; auch ein bisschen foufou &#8211; macht er sich auch besonders gut auf dem Tisch.<\/p>\n<p>&nbsp;<\/p>\n<h4>Tasting Note<\/h4>\n<ul>\n<li>Im Glas: Zartes Lachsrosa, feine aber sehr aktive Perlage.<\/li>\n<li>In der Nase: Reife Erdbeere, etwas Brioche und erdige Aromen.<\/li>\n<li>Am Gaumen: Die feine, lebendige Perlage f\u00fcllt beim ersten Schluck den Mundraum vollkommen aus und wirkt sehr animierend. Wenn das Prickeln sich gelegt hat, wird der Weg frei f\u00fcr dezente Aromen von Erdbeere, etwas Holz, viel W\u00fcrze und Mineralit\u00e4t. Die pikante S\u00e4ure und die fruchtigen Aromen machen ihn zu einem perfekten Begleiter f\u00fcr laue Sommerabende. Auch empfehlenswert als Aperitif oder zu leichteren Speisen.<\/li>\n<\/ul>\n<h4>Passt zu<\/h4>\n<ul>\n<li>Aperitif &amp; Start in den Abend<\/li>\n<li>Meeresfr\u00fcchte &amp; Austern<\/li>\n<li>Salaten &amp; anderen leichten, vegetarischen Gerichten<\/li>\n<\/ul>\n<h4>Das Champagnerhaus Jeaunaux-Robin<\/h4>\n<div class=\"row row--collapse align-left\">\n<div class=\"col col-sm-12 col-xlg-12\">\n<div class=\"cmsPlainText\">\n<div class=\"row\">\n<div class=\"col col-sm-12\">\n<div class=\"cmsPlainText__content\">\n<div class=\"cmsPlainText__split cmsPlainText__split--1\">\n<p><span class=\"TextRun BCX4 SCXW243529254\" lang=\"DE-DE\" xml:lang=\"DE-DE\" data-contrast=\"auto\"><span class=\"NormalTextRun BCX4 SCXW243529254\">Das Weingut Jeaunaux-Robin wurde 1950 von den Eltern Cyril Jeaunaux&#8217; gegr\u00fcndet. Die Weinberge liegen ganz im S\u00fcden der <\/span><\/span><span class=\"TextRun BCX4 SCXW243529254\" lang=\"DE-DE\" xml:lang=\"DE-DE\" data-contrast=\"auto\"><span class=\"NormalTextRun SpellingErrorV2 BCX4 SCXW243529254\">C\u00f4te<\/span><\/span><span class=\"TextRun BCX4 SCXW243529254\" lang=\"DE-DE\" xml:lang=\"DE-DE\" data-contrast=\"auto\"><span class=\"NormalTextRun BCX4 SCXW243529254\"> des Blancs in der N\u00e4he des Ortes Talus-Saint-Prix<\/span><\/span><span class=\"TextRun BCX4 SCXW243529254\" lang=\"DE-DE\" xml:lang=\"DE-DE\" data-contrast=\"auto\"><span class=\"NormalTextRun BCX4 SCXW243529254\"> in einer sehr l\u00e4ndlichen Gegend. Abseits des Glitzers und des Luxus der Champagne. Durch umliegende H\u00fcgel weht eine k\u00fchle Brise, wodurch die Reben oft dem Sp\u00e4tfrost ausgesetzt sind. Deshalb setzt man hier auf den Pinot <\/span><\/span><span class=\"TextRun BCX4 SCXW243529254\" lang=\"DE-DE\" xml:lang=\"DE-DE\" data-contrast=\"auto\"><span class=\"NormalTextRun BCX4 SCXW243529254\">Meunier<\/span><\/span><span class=\"TextRun BCX4 SCXW243529254\" lang=\"DE-DE\" xml:lang=\"DE-DE\" data-contrast=\"auto\"><span class=\"NormalTextRun BCX4 SCXW243529254\">, welcher bestens darauf vorbereitet ist. Auch der hohe Anteil an Feuerstein garantiert eine perfekte Grundlage f\u00fcr den Anbau des Meunier. Zus\u00e4tzlich kommt ein kleiner Anteil der Trauben von der <\/span><\/span><span class=\"TextRun BCX4 SCXW243529254\" lang=\"DE-DE\" xml:lang=\"DE-DE\" data-contrast=\"auto\"><span class=\"NormalTextRun SpellingErrorV2 BCX4 SCXW243529254\">C\u00f4te<\/span><\/span><span class=\"TextRun BCX4 SCXW243529254\" lang=\"DE-DE\" xml:lang=\"DE-DE\" data-contrast=\"auto\"><span class=\"NormalTextRun BCX4 SCXW243529254\"> des Bar<\/span><\/span><span class=\"TextRun BCX4 SCXW243529254\" lang=\"DE-DE\" xml:lang=\"DE-DE\" data-contrast=\"auto\"><span class=\"NormalTextRun BCX4 SCXW243529254\">. Die Weine werden neben Edelstahlf\u00e4ssern auch in gebrauchtem Barrique<\/span><\/span><span class=\"TextRun BCX4 SCXW243529254\" lang=\"DE-DE\" xml:lang=\"DE-DE\" data-contrast=\"auto\"><span class=\"NormalTextRun BCX4 SCXW243529254\">\u00a0ausgebaut und ein biologischer S\u00e4ureabbau gr\u00f6\u00dftenteils vermieden. Somit erlangen die Champagner etwas Individuelles und Ehrliches, indem sie S\u00e4ure, <\/span><\/span><span class=\"TextRun BCX4 SCXW243529254\" lang=\"DE-DE\" xml:lang=\"DE-DE\" data-contrast=\"auto\"><span class=\"NormalTextRun BCX4 SCXW243529254\">Mineralit\u00e4t<\/span><\/span><span class=\"TextRun BCX4 SCXW243529254\" lang=\"DE-DE\" xml:lang=\"DE-DE\" data-contrast=\"auto\"><span class=\"NormalTextRun BCX4 SCXW243529254\"> und Trinkfluss kombinieren.\u00a0<\/span><\/span><\/p>\n<\/div>\n<\/div>\n<\/div>\n<\/div>\n<\/div>\n<\/div>\n<\/div>\n","protected":false},"excerpt":{"rendered":"<p>For the wild horses out there. Spritziger Ros\u00e9-Champagner mit ausgepr\u00e4gter Perlage, reifen roten Fr\u00fcchten und pikanter S\u00e4ure. Unkompliziert und gef\u00e4llig.<\/p>\n","protected":false},"featured_media":14958,"comment_status":"open","ping_status":"closed","template":"","meta":{"_acf_changed":false,"_editorskit_title_hidden":false,"_editorskit_reading_time":0,"_editorskit_is_block_options_detached":false,"_editorskit_block_options_position":"{}","_coblocks_attr":"","_coblocks_dimensions":"","_coblocks_responsive_height":"","_coblocks_accordion_ie_support":""},"product_brand":[],"product_cat":[15,66,446,512,154],"product_tag":[167,91,210],"class_list":{"0":"post-6632","1":"product","2":"type-product","3":"status-publish","4":"has-post-thumbnail","6":"product_cat-champagner","7":"product_cat-bio-champagner","8":"product_cat-jeaunaux-robin-champagner","9":"product_cat-rose-champagner","10":"product_cat-winzerchampagner","11":"product_tag-bio-champagner","12":"product_tag-rose-champagner","13":"product_tag-winzerchampagner","14":"product_shipping_class-standard","15":"pa_kategorie-bio-champagner","16":"pa_kategorie-rose-champagner","17":"pa_kategorie-winzer-champagner","19":"first","20":"instock","21":"taxable","22":"shipping-taxable","23":"purchasable","24":"product-type-composite"},"composite_virtual":false,"composite_layout":"single","composite_add_to_cart_form_location":"default","composite_editable_in_cart":false,"composite_sold_individually_context":"product","composite_shop_price_calc":"defaults","composite_components":[{"id":"1686185256","title":"Geschenkverpackung (optional)","description":"","query_type":"product_ids","query_ids":[13154],"default_option_id":"","thumbnail_id":"","thumbnail_src":"","quantity_min":1,"quantity_max":1,"priced_individually":true,"shipped_individually":false,"optional":true,"discount":"","options_style":"dropdowns","pagination_style":"classic","display_prices":"absolute","show_sorting_options":false,"show_filtering_options":false,"attribute_filter_ids":[],"select_action":"view","product_title_visible":false,"product_descr_visible":true,"product_price_visible":true,"product_thumb_visible":true,"subtotal_visible_product":false,"subtotal_visible_cart":false,"subtotal_visible_orders":false,"product_addons_visible":true},{"id":"1686185257","title":"Gru\u00dfkarte mit Mini-Bouquet (optional)","description":"","query_type":"category_ids","query_ids":[635],"default_option_id":"","thumbnail_id":"","thumbnail_src":"","quantity_min":1,"quantity_max":1,"priced_individually":true,"shipped_individually":false,"optional":true,"discount":"","options_style":"dropdowns","pagination_style":"classic","display_prices":"absolute","show_sorting_options":false,"show_filtering_options":false,"attribute_filter_ids":[],"select_action":"view","product_title_visible":false,"product_descr_visible":true,"product_price_visible":true,"product_thumb_visible":true,"subtotal_visible_product":false,"subtotal_visible_cart":false,"subtotal_visible_orders":false,"product_addons_visible":true}],"composite_scenarios":[],"exclude_global_add_ons":[],"addons":[],"acf":[],"yoast_head":"<!-- This site is optimized with the Yoast SEO plugin v26.8 - https:\/\/yoast.com\/product\/yoast-seo-wordpress\/ -->\n<title>Jeaunaux-Robin \u00c9clats de Meuli\u00e8re Ros\u00e9 \u00c9dition Speciale | FOUFOU<\/title>\n<meta name=\"description\" content=\"Spritziger Ros\u00e9-Champagner mit ausgepr\u00e4gter Perlage und sch\u00f6nen Fruchtaromen. For the wild horses out there. Hier mehr.\" \/>\n<meta name=\"robots\" content=\"index, follow, max-snippet:-1, max-image-preview:large, max-video-preview:-1\" \/>\n<link rel=\"canonical\" href=\"https:\/\/foufou-champagne.com\/de\/champagner\/jeaunaux-robin-eclats-de-meuliere-rose-edition-speciale-extra-brut\/\" \/>\n<meta property=\"og:locale\" content=\"de_DE\" \/>\n<meta property=\"og:type\" content=\"article\" \/>\n<meta property=\"og:title\" content=\"Jeaunaux-Robin \u00c9clats de Meuli\u00e8re Ros\u00e9 \u00c9dition Speciale | FOUFOU\" \/>\n<meta property=\"og:description\" content=\"Spritziger Ros\u00e9-Champagner mit ausgepr\u00e4gter Perlage und sch\u00f6nen Fruchtaromen. For the wild horses out there. Hier mehr.\" \/>\n<meta property=\"og:url\" content=\"https:\/\/foufou-champagne.com\/de\/champagner\/jeaunaux-robin-eclats-de-meuliere-rose-edition-speciale-extra-brut\/\" \/>\n<meta property=\"og:site_name\" content=\"foufou-champagne.com\" \/>\n<meta property=\"article:modified_time\" content=\"2026-03-15T21:42:38+00:00\" \/>\n<meta property=\"og:image\" content=\"https:\/\/foufou-champagne.com\/wp-content\/uploads\/2021\/03\/Champagne-2jeaunaux-robin-eclats-de-meuliere-rose-edition-speciale-FouFou-Champagne-Boutique3.png\" \/>\n\t<meta property=\"og:image:width\" content=\"800\" \/>\n\t<meta property=\"og:image:height\" content=\"1000\" \/>\n\t<meta property=\"og:image:type\" content=\"image\/png\" \/>\n<meta name=\"twitter:card\" content=\"summary_large_image\" \/>\n<meta name=\"twitter:label1\" content=\"Gesch\u00e4tzte Lesezeit\" \/>\n\t<meta name=\"twitter:data1\" content=\"3\u00a0Minuten\" \/>\n<script type=\"application\/ld+json\" class=\"yoast-schema-graph\">{\"@context\":\"https:\/\/schema.org\",\"@graph\":[{\"@type\":\"WebPage\",\"@id\":\"https:\/\/foufou-champagne.com\/de\/champagner\/jeaunaux-robin-eclats-de-meuliere-rose-edition-speciale-extra-brut\/\",\"url\":\"https:\/\/foufou-champagne.com\/de\/champagner\/jeaunaux-robin-eclats-de-meuliere-rose-edition-speciale-extra-brut\/\",\"name\":\"Jeaunaux-Robin \u00c9clats de Meuli\u00e8re Ros\u00e9 \u00c9dition Speciale | FOUFOU\",\"isPartOf\":{\"@id\":\"https:\/\/foufou-champagne.com\/de\/#website\"},\"primaryImageOfPage\":{\"@id\":\"https:\/\/foufou-champagne.com\/de\/champagner\/jeaunaux-robin-eclats-de-meuliere-rose-edition-speciale-extra-brut\/#primaryimage\"},\"image\":{\"@id\":\"https:\/\/foufou-champagne.com\/de\/champagner\/jeaunaux-robin-eclats-de-meuliere-rose-edition-speciale-extra-brut\/#primaryimage\"},\"thumbnailUrl\":\"https:\/\/foufou-champagne.com\/wp-content\/uploads\/2021\/03\/Champagne-2jeaunaux-robin-eclats-de-meuliere-rose-edition-speciale-FouFou-Champagne-Boutique3.png\",\"datePublished\":\"2021-08-06T16:24:32+00:00\",\"dateModified\":\"2026-03-15T21:42:38+00:00\",\"description\":\"Spritziger Ros\u00e9-Champagner mit ausgepr\u00e4gter Perlage und sch\u00f6nen Fruchtaromen. For the wild horses out there. Hier mehr.\",\"breadcrumb\":{\"@id\":\"https:\/\/foufou-champagne.com\/de\/champagner\/jeaunaux-robin-eclats-de-meuliere-rose-edition-speciale-extra-brut\/#breadcrumb\"},\"inLanguage\":\"de\",\"potentialAction\":[{\"@type\":\"ReadAction\",\"target\":[\"https:\/\/foufou-champagne.com\/de\/champagner\/jeaunaux-robin-eclats-de-meuliere-rose-edition-speciale-extra-brut\/\"]}]},{\"@type\":\"ImageObject\",\"inLanguage\":\"de\",\"@id\":\"https:\/\/foufou-champagne.com\/de\/champagner\/jeaunaux-robin-eclats-de-meuliere-rose-edition-speciale-extra-brut\/#primaryimage\",\"url\":\"https:\/\/foufou-champagne.com\/wp-content\/uploads\/2021\/03\/Champagne-2jeaunaux-robin-eclats-de-meuliere-rose-edition-speciale-FouFou-Champagne-Boutique3.png\",\"contentUrl\":\"https:\/\/foufou-champagne.com\/wp-content\/uploads\/2021\/03\/Champagne-2jeaunaux-robin-eclats-de-meuliere-rose-edition-speciale-FouFou-Champagne-Boutique3.png\",\"width\":800,\"height\":1000},{\"@type\":\"BreadcrumbList\",\"@id\":\"https:\/\/foufou-champagne.com\/de\/champagner\/jeaunaux-robin-eclats-de-meuliere-rose-edition-speciale-extra-brut\/#breadcrumb\",\"itemListElement\":[{\"@type\":\"ListItem\",\"position\":1,\"name\":\"Startseite\",\"item\":\"https:\/\/foufou-champagne.com\/de\/\"},{\"@type\":\"ListItem\",\"position\":2,\"name\":\"Shop\",\"item\":\"https:\/\/foufou-champagne.com\/de\/shop\/\"},{\"@type\":\"ListItem\",\"position\":3,\"name\":\"Jeaunaux-Robin \u00c9clats de Meuli\u00e8re Ros\u00e9 \u00c9dition Speciale Extra Brut\"}]},{\"@type\":\"WebSite\",\"@id\":\"https:\/\/foufou-champagne.com\/de\/#website\",\"url\":\"https:\/\/foufou-champagne.com\/de\/\",\"name\":\"foufou-champagne.com\",\"description\":\"CHAMPAGNE BOUTIQUE\",\"potentialAction\":[{\"@type\":\"SearchAction\",\"target\":{\"@type\":\"EntryPoint\",\"urlTemplate\":\"https:\/\/foufou-champagne.com\/de\/?s={search_term_string}\"},\"query-input\":{\"@type\":\"PropertyValueSpecification\",\"valueRequired\":true,\"valueName\":\"search_term_string\"}}],\"inLanguage\":\"de\"}]}<\/script>\n<!-- \/ Yoast SEO plugin. -->","yoast_head_json":{"title":"Jeaunaux-Robin \u00c9clats de Meuli\u00e8re Ros\u00e9 \u00c9dition Speciale | FOUFOU","description":"Spritziger Ros\u00e9-Champagner mit ausgepr\u00e4gter Perlage und sch\u00f6nen Fruchtaromen. For the wild horses out there. Hier mehr.","robots":{"index":"index","follow":"follow","max-snippet":"max-snippet:-1","max-image-preview":"max-image-preview:large","max-video-preview":"max-video-preview:-1"},"canonical":"https:\/\/foufou-champagne.com\/de\/champagner\/jeaunaux-robin-eclats-de-meuliere-rose-edition-speciale-extra-brut\/","og_locale":"de_DE","og_type":"article","og_title":"Jeaunaux-Robin \u00c9clats de Meuli\u00e8re Ros\u00e9 \u00c9dition Speciale | FOUFOU","og_description":"Spritziger Ros\u00e9-Champagner mit ausgepr\u00e4gter Perlage und sch\u00f6nen Fruchtaromen. For the wild horses out there. Hier mehr.","og_url":"https:\/\/foufou-champagne.com\/de\/champagner\/jeaunaux-robin-eclats-de-meuliere-rose-edition-speciale-extra-brut\/","og_site_name":"foufou-champagne.com","article_modified_time":"2026-03-15T21:42:38+00:00","og_image":[{"width":800,"height":1000,"url":"https:\/\/foufou-champagne.com\/wp-content\/uploads\/2021\/03\/Champagne-2jeaunaux-robin-eclats-de-meuliere-rose-edition-speciale-FouFou-Champagne-Boutique3.png","type":"image\/png"}],"twitter_card":"summary_large_image","twitter_misc":{"Gesch\u00e4tzte Lesezeit":"3\u00a0Minuten"},"schema":{"@context":"https:\/\/schema.org","@graph":[{"@type":"WebPage","@id":"https:\/\/foufou-champagne.com\/de\/champagner\/jeaunaux-robin-eclats-de-meuliere-rose-edition-speciale-extra-brut\/","url":"https:\/\/foufou-champagne.com\/de\/champagner\/jeaunaux-robin-eclats-de-meuliere-rose-edition-speciale-extra-brut\/","name":"Jeaunaux-Robin \u00c9clats de Meuli\u00e8re Ros\u00e9 \u00c9dition Speciale | FOUFOU","isPartOf":{"@id":"https:\/\/foufou-champagne.com\/de\/#website"},"primaryImageOfPage":{"@id":"https:\/\/foufou-champagne.com\/de\/champagner\/jeaunaux-robin-eclats-de-meuliere-rose-edition-speciale-extra-brut\/#primaryimage"},"image":{"@id":"https:\/\/foufou-champagne.com\/de\/champagner\/jeaunaux-robin-eclats-de-meuliere-rose-edition-speciale-extra-brut\/#primaryimage"},"thumbnailUrl":"https:\/\/foufou-champagne.com\/wp-content\/uploads\/2021\/03\/Champagne-2jeaunaux-robin-eclats-de-meuliere-rose-edition-speciale-FouFou-Champagne-Boutique3.png","datePublished":"2021-08-06T16:24:32+00:00","dateModified":"2026-03-15T21:42:38+00:00","description":"Spritziger Ros\u00e9-Champagner mit ausgepr\u00e4gter Perlage und sch\u00f6nen Fruchtaromen. For the wild horses out there. Hier mehr.","breadcrumb":{"@id":"https:\/\/foufou-champagne.com\/de\/champagner\/jeaunaux-robin-eclats-de-meuliere-rose-edition-speciale-extra-brut\/#breadcrumb"},"inLanguage":"de","potentialAction":[{"@type":"ReadAction","target":["https:\/\/foufou-champagne.com\/de\/champagner\/jeaunaux-robin-eclats-de-meuliere-rose-edition-speciale-extra-brut\/"]}]},{"@type":"ImageObject","inLanguage":"de","@id":"https:\/\/foufou-champagne.com\/de\/champagner\/jeaunaux-robin-eclats-de-meuliere-rose-edition-speciale-extra-brut\/#primaryimage","url":"https:\/\/foufou-champagne.com\/wp-content\/uploads\/2021\/03\/Champagne-2jeaunaux-robin-eclats-de-meuliere-rose-edition-speciale-FouFou-Champagne-Boutique3.png","contentUrl":"https:\/\/foufou-champagne.com\/wp-content\/uploads\/2021\/03\/Champagne-2jeaunaux-robin-eclats-de-meuliere-rose-edition-speciale-FouFou-Champagne-Boutique3.png","width":800,"height":1000},{"@type":"BreadcrumbList","@id":"https:\/\/foufou-champagne.com\/de\/champagner\/jeaunaux-robin-eclats-de-meuliere-rose-edition-speciale-extra-brut\/#breadcrumb","itemListElement":[{"@type":"ListItem","position":1,"name":"Startseite","item":"https:\/\/foufou-champagne.com\/de\/"},{"@type":"ListItem","position":2,"name":"Shop","item":"https:\/\/foufou-champagne.com\/de\/shop\/"},{"@type":"ListItem","position":3,"name":"Jeaunaux-Robin \u00c9clats de Meuli\u00e8re Ros\u00e9 \u00c9dition Speciale Extra Brut"}]},{"@type":"WebSite","@id":"https:\/\/foufou-champagne.com\/de\/#website","url":"https:\/\/foufou-champagne.com\/de\/","name":"foufou-champagne.com","description":"CHAMPAGNE BOUTIQUE","potentialAction":[{"@type":"SearchAction","target":{"@type":"EntryPoint","urlTemplate":"https:\/\/foufou-champagne.com\/de\/?s={search_term_string}"},"query-input":{"@type":"PropertyValueSpecification","valueRequired":true,"valueName":"search_term_string"}}],"inLanguage":"de"}]}},"_links":{"self":[{"href":"https:\/\/foufou-champagne.com\/de\/wp-json\/wp\/v2\/product\/6632","targetHints":{"allow":["GET"]}}],"collection":[{"href":"https:\/\/foufou-champagne.com\/de\/wp-json\/wp\/v2\/product"}],"about":[{"href":"https:\/\/foufou-champagne.com\/de\/wp-json\/wp\/v2\/types\/product"}],"replies":[{"embeddable":true,"href":"https:\/\/foufou-champagne.com\/de\/wp-json\/wp\/v2\/comments?post=6632"}],"wp:featuredmedia":[{"embeddable":true,"href":"https:\/\/foufou-champagne.com\/de\/wp-json\/wp\/v2\/media\/14958"}],"wp:attachment":[{"href":"https:\/\/foufou-champagne.com\/de\/wp-json\/wp\/v2\/media?parent=6632"}],"wp:term":[{"taxonomy":"product_brand","embeddable":true,"href":"https:\/\/foufou-champagne.com\/de\/wp-json\/wp\/v2\/product_brand?post=6632"},{"taxonomy":"product_cat","embeddable":true,"href":"https:\/\/foufou-champagne.com\/de\/wp-json\/wp\/v2\/product_cat?post=6632"},{"taxonomy":"product_tag","embeddable":true,"href":"https:\/\/foufou-champagne.com\/de\/wp-json\/wp\/v2\/product_tag?post=6632"}],"curies":[{"name":"wp","href":"https:\/\/api.w.org\/{rel}","templated":true}]}}